{"id":10868,"date":"2017-02-26T13:02:56","date_gmt":"2017-02-26T11:02:56","guid":{"rendered":"http:\/\/www.iobevo.com\/online\/?page_id=10868\/"},"modified":"2024-03-06T10:27:42","modified_gmt":"2024-03-06T08:27:42","slug":"io-wellness","status":"publish","type":"page","link":"https:\/\/www.iobevo.com\/online\/servizi\/io-wellness\/","title":{"rendered":"io wellness"},"content":{"rendered":"<p>Una corretta alimentazione \u00e8 uno degli strumenti fondamentali per star bene e per questo crediamo che offrire una colazione a base di bevande calde e fredde salutistiche sia un segno di attenzione all\u2019ospite.<\/p>\n<div class=\"gap\" style=\"height: 10px;\"><\/div>\n<p><span class=\"responsive\"><img fetchpriority=\"high\" decoding=\"async\" class=\"aligncenter wp-image-10869\" title=\"IO WELLNESS\" src=\"http:\/\/www.iobevo.com\/online\/wp-content\/uploads\/2017\/02\/FOTO-IO-WELLNESS-1007.jpg\" alt=\"IO WELLNESS\" width=\"600\" height=\"600\" srcset=\"https:\/\/www.iobevo.com\/online\/wp-content\/uploads\/2017\/02\/FOTO-IO-WELLNESS-1007.jpg 2048w, https:\/\/www.iobevo.com\/online\/wp-content\/uploads\/2017\/02\/FOTO-IO-WELLNESS-1007-180x180.jpg 180w, https:\/\/www.iobevo.com\/online\/wp-content\/uploads\/2017\/02\/FOTO-IO-WELLNESS-1007-300x300.jpg 300w, https:\/\/www.iobevo.com\/online\/wp-content\/uploads\/2017\/02\/FOTO-IO-WELLNESS-1007-768x768.jpg 768w, https:\/\/www.iobevo.com\/online\/wp-content\/uploads\/2017\/02\/FOTO-IO-WELLNESS-1007-1024x1024.jpg 1024w, https:\/\/www.iobevo.com\/online\/wp-content\/uploads\/2017\/02\/FOTO-IO-WELLNESS-1007-60x60.jpg 60w\" sizes=\"(max-width: 600px) 100vw, 600px\" \/><\/span><\/p>\n<div class=\"gap\" style=\"height: 10px;\"><\/div>\n<p>Abbiamo quindi studiato per voi la proposta <span class=\"mark2\">io wellness<\/span> benessere a colazione, che prevede un\u2019ampia gamma di bevande di qualit\u00e0 (latte di soia, t\u00e8 verde, bevande con aloe etc.) coerenti con i pi\u00f9 attuali e accreditati orientamenti nutrizionali, oltrech\u00e9 una specifica comunicazione al vostro ospite dei valori del benessere e della qualit\u00e0 nutrizionale.<\/p>\n<p>I prodotti sono di esclusiva origine vegetale, sono privi di lattosio, non contengono OGM e vengono leggermente dolcificati con zucchero di canna bio.<\/p>\n<div class=\"gap\" style=\"height: 30px;\"><\/div>\n","protected":false},"excerpt":{"rendered":"<p>Una corretta alimentazione \u00e8 uno degli strumenti fondamentali per star bene e per questo crediamo che offrire una colazione a base di bevande calde e fredde salutistiche sia un segno di attenzione all\u2019ospite. Abbiamo quindi studiato per voi la proposta io wellness benessere a colazione, che prevede un\u2019ampia gamma di [&hellip;]<\/p>\n","protected":false},"author":84,"featured_media":2831,"parent":28,"menu_order":0,"comment_status":"closed","ping_status":"closed","template":"","meta":{"footnotes":""},"class_list":["post-10868","page","type-page","status-publish","has-post-thumbnail","hentry"],"yoast_head":"<!-- This site is optimized with the Yoast SEO plugin v27.4 - https:\/\/yoast.com\/product\/yoast-seo-wordpress\/ -->\n<title>Benessere a colazione con io wellness, bevande salutistiche<\/title>\n<meta name=\"description\" content=\"Io wellness \u00e8 il servizio pensato per gli ospiti di alberghi e villaggi turistici per offrire una colazione a base di bevande salutistiche calde e fredde.\" \/>\n<meta name=\"robots\" content=\"index, follow, max-snippet:-1, max-image-preview:large, max-video-preview:-1\" \/>\n<link rel=\"canonical\" href=\"https:\/\/www.iobevo.com\/online\/servizi\/io-wellness\/\" \/>\n<meta property=\"og:locale\" content=\"it_IT\" \/>\n<meta property=\"og:type\" content=\"article\" \/>\n<meta property=\"og:title\" content=\"Benessere a colazione con io wellness, bevande salutistiche\" \/>\n<meta property=\"og:description\" content=\"Io wellness \u00e8 il servizio pensato per gli ospiti di alberghi e villaggi turistici per offrire una colazione a base di bevande salutistiche calde e fredde.\" \/>\n<meta property=\"og:url\" content=\"https:\/\/www.iobevo.com\/online\/servizi\/io-wellness\/\" \/>\n<meta property=\"og:site_name\" content=\"io bevo\u00ae\" \/>\n<meta property=\"article:modified_time\" content=\"2024-03-06T08:27:42+00:00\" \/>\n<meta property=\"og:image\" content=\"https:\/\/www.iobevo.com\/online\/wp-content\/uploads\/2017\/02\/FOTO-IO-WELLNESS-1007.jpg\" \/>\n\t<meta property=\"og:image:width\" content=\"2048\" \/>\n\t<meta property=\"og:image:height\" content=\"2048\" \/>\n\t<meta property=\"og:image:type\" content=\"image\/jpeg\" \/>\n<meta name=\"twitter:card\" content=\"summary_large_image\" \/>\n<meta name=\"twitter:title\" content=\"Benessere a colazione con io wellness, bevande salutistiche\" \/>\n<meta name=\"twitter:description\" content=\"Io wellness \u00e8 il servizio pensato per gli ospiti di alberghi e villaggi turistici per offrire una colazione a base di bevande salutistiche calde e fredde.\" \/>\n<meta name=\"twitter:image\" content=\"https:\/\/www.iobevo.com\/online\/wp-content\/uploads\/2017\/02\/FOTO-IO-WELLNESS-1007.jpg\" \/>\n<meta name=\"twitter:site\" content=\"@IoBevo\" \/>\n<meta name=\"twitter:label1\" content=\"Tempo di lettura stimato\" \/>\n\t<meta name=\"twitter:data1\" content=\"2 minuti\" \/>\n<script type=\"application\/ld+json\" class=\"yoast-schema-graph\">{\"@context\":\"https:\\\/\\\/schema.org\",\"@graph\":[{\"@type\":\"WebPage\",\"@id\":\"https:\\\/\\\/www.iobevo.com\\\/online\\\/servizi\\\/io-wellness\\\/\",\"url\":\"https:\\\/\\\/www.iobevo.com\\\/online\\\/servizi\\\/io-wellness\\\/\",\"name\":\"Benessere a colazione con io wellness, bevande salutistiche\",\"isPartOf\":{\"@id\":\"https:\\\/\\\/www.iobevo.com\\\/online\\\/#website\"},\"primaryImageOfPage\":{\"@id\":\"https:\\\/\\\/www.iobevo.com\\\/online\\\/servizi\\\/io-wellness\\\/#primaryimage\"},\"image\":{\"@id\":\"https:\\\/\\\/www.iobevo.com\\\/online\\\/servizi\\\/io-wellness\\\/#primaryimage\"},\"thumbnailUrl\":\"https:\\\/\\\/www.iobevo.com\\\/online\\\/wp-content\\\/uploads\\\/2014\\\/01\\\/slide-2-bg-e1400667726929.png\",\"datePublished\":\"2017-02-26T11:02:56+00:00\",\"dateModified\":\"2024-03-06T08:27:42+00:00\",\"description\":\"Io wellness \u00e8 il servizio pensato per gli ospiti di alberghi e villaggi turistici per offrire una colazione a base di bevande salutistiche calde e fredde.\",\"breadcrumb\":{\"@id\":\"https:\\\/\\\/www.iobevo.com\\\/online\\\/servizi\\\/io-wellness\\\/#breadcrumb\"},\"inLanguage\":\"it-IT\",\"potentialAction\":[{\"@type\":\"ReadAction\",\"target\":[\"https:\\\/\\\/www.iobevo.com\\\/online\\\/servizi\\\/io-wellness\\\/\"]}]},{\"@type\":\"ImageObject\",\"inLanguage\":\"it-IT\",\"@id\":\"https:\\\/\\\/www.iobevo.com\\\/online\\\/servizi\\\/io-wellness\\\/#primaryimage\",\"url\":\"https:\\\/\\\/www.iobevo.com\\\/online\\\/wp-content\\\/uploads\\\/2014\\\/01\\\/slide-2-bg-e1400667726929.png\",\"contentUrl\":\"https:\\\/\\\/www.iobevo.com\\\/online\\\/wp-content\\\/uploads\\\/2014\\\/01\\\/slide-2-bg-e1400667726929.png\",\"width\":1512,\"height\":400},{\"@type\":\"BreadcrumbList\",\"@id\":\"https:\\\/\\\/www.iobevo.com\\\/online\\\/servizi\\\/io-wellness\\\/#breadcrumb\",\"itemListElement\":[{\"@type\":\"ListItem\",\"position\":1,\"name\":\"Servizi\",\"item\":\"https:\\\/\\\/www.iobevo.com\\\/online\\\/servizi\\\/\"},{\"@type\":\"ListItem\",\"position\":2,\"name\":\"io wellness\"}]},{\"@type\":\"WebSite\",\"@id\":\"https:\\\/\\\/www.iobevo.com\\\/online\\\/#website\",\"url\":\"https:\\\/\\\/www.iobevo.com\\\/online\\\/\",\"name\":\"io bevo\u00ae\",\"description\":\"Drink Plastic free\",\"publisher\":{\"@id\":\"https:\\\/\\\/www.iobevo.com\\\/online\\\/#organization\"},\"potentialAction\":[{\"@type\":\"SearchAction\",\"target\":{\"@type\":\"EntryPoint\",\"urlTemplate\":\"https:\\\/\\\/www.iobevo.com\\\/online\\\/?s={search_term_string}\"},\"query-input\":{\"@type\":\"PropertyValueSpecification\",\"valueRequired\":true,\"valueName\":\"search_term_string\"}}],\"inLanguage\":\"it-IT\"},{\"@type\":\"Organization\",\"@id\":\"https:\\\/\\\/www.iobevo.com\\\/online\\\/#organization\",\"name\":\"General Beverage\",\"url\":\"https:\\\/\\\/www.iobevo.com\\\/online\\\/\",\"logo\":{\"@type\":\"ImageObject\",\"inLanguage\":\"it-IT\",\"@id\":\"https:\\\/\\\/www.iobevo.com\\\/online\\\/#\\\/schema\\\/logo\\\/image\\\/\",\"url\":\"https:\\\/\\\/www.iobevo.com\\\/online\\\/wp-content\\\/uploads\\\/2014\\\/01\\\/logo_gb_horizontal_grey_160x47.png\",\"contentUrl\":\"https:\\\/\\\/www.iobevo.com\\\/online\\\/wp-content\\\/uploads\\\/2014\\\/01\\\/logo_gb_horizontal_grey_160x47.png\",\"width\":160,\"height\":47,\"caption\":\"General Beverage\"},\"image\":{\"@id\":\"https:\\\/\\\/www.iobevo.com\\\/online\\\/#\\\/schema\\\/logo\\\/image\\\/\"},\"sameAs\":[\"https:\\\/\\\/x.com\\\/IoBevo\"]}]}<\/script>\n<!-- \/ Yoast SEO plugin. -->","yoast_head_json":{"title":"Benessere a colazione con io wellness, bevande salutistiche","description":"Io wellness \u00e8 il servizio pensato per gli ospiti di alberghi e villaggi turistici per offrire una colazione a base di bevande salutistiche calde e fredde.","robots":{"index":"index","follow":"follow","max-snippet":"max-snippet:-1","max-image-preview":"max-image-preview:large","max-video-preview":"max-video-preview:-1"},"canonical":"https:\/\/www.iobevo.com\/online\/servizi\/io-wellness\/","og_locale":"it_IT","og_type":"article","og_title":"Benessere a colazione con io wellness, bevande salutistiche","og_description":"Io wellness \u00e8 il servizio pensato per gli ospiti di alberghi e villaggi turistici per offrire una colazione a base di bevande salutistiche calde e fredde.","og_url":"https:\/\/www.iobevo.com\/online\/servizi\/io-wellness\/","og_site_name":"io bevo\u00ae","article_modified_time":"2024-03-06T08:27:42+00:00","og_image":[{"width":2048,"height":2048,"url":"https:\/\/www.iobevo.com\/online\/wp-content\/uploads\/2017\/02\/FOTO-IO-WELLNESS-1007.jpg","type":"image\/jpeg"}],"twitter_card":"summary_large_image","twitter_title":"Benessere a colazione con io wellness, bevande salutistiche","twitter_description":"Io wellness \u00e8 il servizio pensato per gli ospiti di alberghi e villaggi turistici per offrire una colazione a base di bevande salutistiche calde e fredde.","twitter_image":"https:\/\/www.iobevo.com\/online\/wp-content\/uploads\/2017\/02\/FOTO-IO-WELLNESS-1007.jpg","twitter_site":"@IoBevo","twitter_misc":{"Tempo di lettura stimato":"2 minuti"},"schema":{"@context":"https:\/\/schema.org","@graph":[{"@type":"WebPage","@id":"https:\/\/www.iobevo.com\/online\/servizi\/io-wellness\/","url":"https:\/\/www.iobevo.com\/online\/servizi\/io-wellness\/","name":"Benessere a colazione con io wellness, bevande salutistiche","isPartOf":{"@id":"https:\/\/www.iobevo.com\/online\/#website"},"primaryImageOfPage":{"@id":"https:\/\/www.iobevo.com\/online\/servizi\/io-wellness\/#primaryimage"},"image":{"@id":"https:\/\/www.iobevo.com\/online\/servizi\/io-wellness\/#primaryimage"},"thumbnailUrl":"https:\/\/www.iobevo.com\/online\/wp-content\/uploads\/2014\/01\/slide-2-bg-e1400667726929.png","datePublished":"2017-02-26T11:02:56+00:00","dateModified":"2024-03-06T08:27:42+00:00","description":"Io wellness \u00e8 il servizio pensato per gli ospiti di alberghi e villaggi turistici per offrire una colazione a base di bevande salutistiche calde e fredde.","breadcrumb":{"@id":"https:\/\/www.iobevo.com\/online\/servizi\/io-wellness\/#breadcrumb"},"inLanguage":"it-IT","potentialAction":[{"@type":"ReadAction","target":["https:\/\/www.iobevo.com\/online\/servizi\/io-wellness\/"]}]},{"@type":"ImageObject","inLanguage":"it-IT","@id":"https:\/\/www.iobevo.com\/online\/servizi\/io-wellness\/#primaryimage","url":"https:\/\/www.iobevo.com\/online\/wp-content\/uploads\/2014\/01\/slide-2-bg-e1400667726929.png","contentUrl":"https:\/\/www.iobevo.com\/online\/wp-content\/uploads\/2014\/01\/slide-2-bg-e1400667726929.png","width":1512,"height":400},{"@type":"BreadcrumbList","@id":"https:\/\/www.iobevo.com\/online\/servizi\/io-wellness\/#breadcrumb","itemListElement":[{"@type":"ListItem","position":1,"name":"Servizi","item":"https:\/\/www.iobevo.com\/online\/servizi\/"},{"@type":"ListItem","position":2,"name":"io wellness"}]},{"@type":"WebSite","@id":"https:\/\/www.iobevo.com\/online\/#website","url":"https:\/\/www.iobevo.com\/online\/","name":"io bevo\u00ae","description":"Drink Plastic free","publisher":{"@id":"https:\/\/www.iobevo.com\/online\/#organization"},"potentialAction":[{"@type":"SearchAction","target":{"@type":"EntryPoint","urlTemplate":"https:\/\/www.iobevo.com\/online\/?s={search_term_string}"},"query-input":{"@type":"PropertyValueSpecification","valueRequired":true,"valueName":"search_term_string"}}],"inLanguage":"it-IT"},{"@type":"Organization","@id":"https:\/\/www.iobevo.com\/online\/#organization","name":"General Beverage","url":"https:\/\/www.iobevo.com\/online\/","logo":{"@type":"ImageObject","inLanguage":"it-IT","@id":"https:\/\/www.iobevo.com\/online\/#\/schema\/logo\/image\/","url":"https:\/\/www.iobevo.com\/online\/wp-content\/uploads\/2014\/01\/logo_gb_horizontal_grey_160x47.png","contentUrl":"https:\/\/www.iobevo.com\/online\/wp-content\/uploads\/2014\/01\/logo_gb_horizontal_grey_160x47.png","width":160,"height":47,"caption":"General Beverage"},"image":{"@id":"https:\/\/www.iobevo.com\/online\/#\/schema\/logo\/image\/"},"sameAs":["https:\/\/x.com\/IoBevo"]}]}},"_links":{"self":[{"href":"https:\/\/www.iobevo.com\/online\/wp-json\/wp\/v2\/pages\/10868","targetHints":{"allow":["GET"]}}],"collection":[{"href":"https:\/\/www.iobevo.com\/online\/wp-json\/wp\/v2\/pages"}],"about":[{"href":"https:\/\/www.iobevo.com\/online\/wp-json\/wp\/v2\/types\/page"}],"author":[{"embeddable":true,"href":"https:\/\/www.iobevo.com\/online\/wp-json\/wp\/v2\/users\/84"}],"replies":[{"embeddable":true,"href":"https:\/\/www.iobevo.com\/online\/wp-json\/wp\/v2\/comments?post=10868"}],"version-history":[{"count":1,"href":"https:\/\/www.iobevo.com\/online\/wp-json\/wp\/v2\/pages\/10868\/revisions"}],"predecessor-version":[{"id":20657,"href":"https:\/\/www.iobevo.com\/online\/wp-json\/wp\/v2\/pages\/10868\/revisions\/20657"}],"up":[{"embeddable":true,"href":"https:\/\/www.iobevo.com\/online\/wp-json\/wp\/v2\/pages\/28"}],"wp:featuredmedia":[{"embeddable":true,"href":"https:\/\/www.iobevo.com\/online\/wp-json\/wp\/v2\/media\/2831"}],"wp:attachment":[{"href":"https:\/\/www.iobevo.com\/online\/wp-json\/wp\/v2\/media?parent=10868"}],"curies":[{"name":"wp","href":"https:\/\/api.w.org\/{rel}","templated":true}]}}