{"id":11040,"date":"2017-02-27T03:42:26","date_gmt":"2017-02-27T01:42:26","guid":{"rendered":"http:\/\/www.iobevo.com\/online\/?page_id=11040\/"},"modified":"2018-02-11T20:13:56","modified_gmt":"2018-02-11T18:13:56","slug":"io-jam","status":"publish","type":"page","link":"https:\/\/www.iobevo.com\/online\/servizi\/io-jam\/","title":{"rendered":"io jam\u00ae"},"content":{"rendered":"<p><span class=\"mark1\">io<\/span> <span class=\"mark2\">jam<\/span><span class=\"mark3\">\u00ae<\/span> \u00e8 il servizio di distribuzione di marmellate alla frutta, miele e crema al cioccolato, in sostituzione di confezioni monouso in plastica o vetro.<\/p>\n<p>Viene realizzato con la fornitura in comodato gratuito di appositi dispenser che, grazie alla loro modularit\u00e0, semplicit\u00e0 di utilizzo ed eleganza estetica, permettono di personalizzare il tuo buffet a seconda del contesto e delle tue esigenze.<\/p>\n<div class=\"gap\" style=\"height: 10px;\"><\/div>\n<p><img fetchpriority=\"high\" decoding=\"async\" class=\"aligncenter wp-image-10991\" src=\"http:\/\/www.iobevo.com\/online\/wp-content\/uploads\/2017\/02\/FOTO-IO-JAM-1009.jpg\" alt=\"Marmellate di frutta, miele, crema cioccolato\" width=\"600\" height=\"250\" \/><\/p>\n<div class=\"gap\" style=\"height: 10px;\"><\/div>\n<p>I principali vantaggi:<\/p>\n<ul>\n<li>qualit\u00e0 e innovazione<\/li>\n<li>assenza di spreco<\/li>\n<li>controllo dei consumi<\/li>\n<li>riduzione dell\u2019impatto ambientale<\/li>\n<\/ul>\n<div style=\"margin-top: 40px;\">\n<div class=\"gap\" style=\"height: 30px;\"><\/div>\n<div class=\"one_half\"><h3 class=\"title\"><span>Prodotti<\/span><\/h3><div class=\"latest-portfolio negative-wrap\"><div class=\"portfolio-item four columns\"><div class=\"portfolio-it\">\n\t\t\t\t  \t\t<a href=\"https:\/\/www.iobevo.com\/online\/portfolio-item\/marmellate-e-miele\/\" title=\"Marmellate e miele\"><span class=\"portfolio-pic\"><img decoding=\"async\" src=\"https:\/\/www.iobevo.com\/online\/wp-content\/uploads\/2017\/02\/FOTO-IO-JAM-1009-460x300.jpg\" \/><div class=\"portfolio-overlay\"><span class=\"overlay-link\"><\/span><\/div><\/span><\/a>\n\t\t\t\t  \t\t<a href=\"https:\/\/www.iobevo.com\/online\/portfolio-item\/marmellate-e-miele\/\" title=\"Marmellate e miele\" class=\"portfolio-title\"><h4>Marmellate e miele<\/h4><span>Marmellate di frutta, miele, crema cioccolato<\/span><\/a>\n\t\t\t\t  \t<\/div><\/div><\/div><div class=\"clear\"><\/div><\/div>\n<div class=\"one_half last\"><h3 class=\"title\"><span>Distributori<\/span><\/h3><div class=\"latest-portfolio negative-wrap\"><div class=\"portfolio-item four columns\"><div class=\"portfolio-it\">\n\t\t\t\t  \t\t<a href=\"https:\/\/www.iobevo.com\/online\/portfolio-item\/dispenser-marmellate\/\" title=\"Dispenser marmellate\"><span class=\"portfolio-pic\"><img decoding=\"async\" src=\"https:\/\/www.iobevo.com\/online\/wp-content\/uploads\/2017\/02\/marmellate_dis_big-460x300.jpg\" \/><div class=\"portfolio-overlay\"><span class=\"overlay-link\"><\/span><\/div><\/span><\/a>\n\t\t\t\t  \t\t<a href=\"https:\/\/www.iobevo.com\/online\/portfolio-item\/dispenser-marmellate\/\" title=\"Dispenser marmellate\" class=\"portfolio-title\"><h4>Dispenser marmellate<\/h4><span>Per marmellate, miele e cioccolato<\/span><\/a>\n\t\t\t\t  \t<\/div><\/div><\/div><div class=\"clear\"><\/div><\/div>\n<div class=\"clear\"><\/div>\n<\/div>\n","protected":false},"excerpt":{"rendered":"<p>io jam\u00ae \u00e8 il servizio di distribuzione di marmellate alla frutta, miele e crema al cioccolato, in sostituzione di confezioni monouso in plastica o vetro. Viene realizzato con la fornitura in comodato gratuito di appositi dispenser che, grazie alla loro modularit\u00e0, semplicit\u00e0 di utilizzo ed eleganza estetica, permettono di personalizzare [&hellip;]<\/p>\n","protected":false},"author":84,"featured_media":2831,"parent":28,"menu_order":0,"comment_status":"closed","ping_status":"closed","template":"","meta":{"footnotes":""},"class_list":["post-11040","page","type-page","status-publish","has-post-thumbnail","hentry"],"yoast_head":"<!-- This site is optimized with the Yoast SEO plugin v27.4 - https:\/\/yoast.com\/product\/yoast-seo-wordpress\/ -->\n<title>| io jam \u00e8 il servizio di distribuzione di marmellate con dispenser<\/title>\n<meta name=\"description\" content=\"io jam \u00e8 il servizio di distribuzione di marmellate, miele e crema al cioccolato con dispenser. Qualit\u00e0 e innovazione, con ridotto impatto ambientale.\" \/>\n<meta name=\"robots\" content=\"index, follow, max-snippet:-1, max-image-preview:large, max-video-preview:-1\" \/>\n<link rel=\"canonical\" href=\"https:\/\/www.iobevo.com\/online\/servizi\/io-jam\/\" \/>\n<meta property=\"og:locale\" content=\"it_IT\" \/>\n<meta property=\"og:type\" content=\"article\" \/>\n<meta property=\"og:title\" content=\"io jam \u00e8 il servizio di distribuzione di marmellate con dispenser\" \/>\n<meta property=\"og:description\" content=\"io jam \u00e8 il servizio di distribuzione di marmellate, miele e crema al cioccolato con dispenser. Qualit\u00e0 e innovazione, con ridotto impatto ambientale.\" \/>\n<meta property=\"og:url\" content=\"https:\/\/www.iobevo.com\/online\/servizi\/io-jam\/\" \/>\n<meta property=\"og:site_name\" content=\"io bevo\u00ae\" \/>\n<meta property=\"article:modified_time\" content=\"2018-02-11T18:13:56+00:00\" \/>\n<meta property=\"og:image\" content=\"https:\/\/www.iobevo.com\/online\/wp-content\/uploads\/2014\/01\/FOTO-IO-JAM-1006.jpg\" \/>\n\t<meta property=\"og:image:width\" content=\"678\" \/>\n\t<meta property=\"og:image:height\" content=\"530\" \/>\n\t<meta property=\"og:image:type\" content=\"image\/jpeg\" \/>\n<meta name=\"twitter:card\" content=\"summary_large_image\" \/>\n<meta name=\"twitter:title\" content=\"io jam \u00e8 il servizio di distribuzione di marmellate con dispenser\" \/>\n<meta name=\"twitter:description\" content=\"io jam \u00e8 il servizio di distribuzione di marmellate, miele e crema al cioccolato con dispenser. Qualit\u00e0 e innovazione, con ridotto impatto ambientale.\" \/>\n<meta name=\"twitter:image\" content=\"https:\/\/www.iobevo.com\/online\/wp-content\/uploads\/2014\/01\/FOTO-IO-JAM-1006.jpg\" \/>\n<meta name=\"twitter:site\" content=\"@IoBevo\" \/>\n<meta name=\"twitter:label1\" content=\"Tempo di lettura stimato\" \/>\n\t<meta name=\"twitter:data1\" content=\"1 minuto\" \/>\n<script type=\"application\/ld+json\" class=\"yoast-schema-graph\">{\"@context\":\"https:\\\/\\\/schema.org\",\"@graph\":[{\"@type\":\"WebPage\",\"@id\":\"https:\\\/\\\/www.iobevo.com\\\/online\\\/servizi\\\/io-jam\\\/\",\"url\":\"https:\\\/\\\/www.iobevo.com\\\/online\\\/servizi\\\/io-jam\\\/\",\"name\":\"| io jam \u00e8 il servizio di distribuzione di marmellate con dispenser\",\"isPartOf\":{\"@id\":\"https:\\\/\\\/www.iobevo.com\\\/online\\\/#website\"},\"primaryImageOfPage\":{\"@id\":\"https:\\\/\\\/www.iobevo.com\\\/online\\\/servizi\\\/io-jam\\\/#primaryimage\"},\"image\":{\"@id\":\"https:\\\/\\\/www.iobevo.com\\\/online\\\/servizi\\\/io-jam\\\/#primaryimage\"},\"thumbnailUrl\":\"https:\\\/\\\/www.iobevo.com\\\/online\\\/wp-content\\\/uploads\\\/2014\\\/01\\\/slide-2-bg-e1400667726929.png\",\"datePublished\":\"2017-02-27T01:42:26+00:00\",\"dateModified\":\"2018-02-11T18:13:56+00:00\",\"description\":\"io jam \u00e8 il servizio di distribuzione di marmellate, miele e crema al cioccolato con dispenser. Qualit\u00e0 e innovazione, con ridotto impatto ambientale.\",\"breadcrumb\":{\"@id\":\"https:\\\/\\\/www.iobevo.com\\\/online\\\/servizi\\\/io-jam\\\/#breadcrumb\"},\"inLanguage\":\"it-IT\",\"potentialAction\":[{\"@type\":\"ReadAction\",\"target\":[\"https:\\\/\\\/www.iobevo.com\\\/online\\\/servizi\\\/io-jam\\\/\"]}]},{\"@type\":\"ImageObject\",\"inLanguage\":\"it-IT\",\"@id\":\"https:\\\/\\\/www.iobevo.com\\\/online\\\/servizi\\\/io-jam\\\/#primaryimage\",\"url\":\"https:\\\/\\\/www.iobevo.com\\\/online\\\/wp-content\\\/uploads\\\/2014\\\/01\\\/slide-2-bg-e1400667726929.png\",\"contentUrl\":\"https:\\\/\\\/www.iobevo.com\\\/online\\\/wp-content\\\/uploads\\\/2014\\\/01\\\/slide-2-bg-e1400667726929.png\",\"width\":1512,\"height\":400},{\"@type\":\"BreadcrumbList\",\"@id\":\"https:\\\/\\\/www.iobevo.com\\\/online\\\/servizi\\\/io-jam\\\/#breadcrumb\",\"itemListElement\":[{\"@type\":\"ListItem\",\"position\":1,\"name\":\"Servizi\",\"item\":\"https:\\\/\\\/www.iobevo.com\\\/online\\\/servizi\\\/\"},{\"@type\":\"ListItem\",\"position\":2,\"name\":\"io jam\u00ae\"}]},{\"@type\":\"WebSite\",\"@id\":\"https:\\\/\\\/www.iobevo.com\\\/online\\\/#website\",\"url\":\"https:\\\/\\\/www.iobevo.com\\\/online\\\/\",\"name\":\"io bevo\u00ae\",\"description\":\"Drink Plastic free\",\"publisher\":{\"@id\":\"https:\\\/\\\/www.iobevo.com\\\/online\\\/#organization\"},\"potentialAction\":[{\"@type\":\"SearchAction\",\"target\":{\"@type\":\"EntryPoint\",\"urlTemplate\":\"https:\\\/\\\/www.iobevo.com\\\/online\\\/?s={search_term_string}\"},\"query-input\":{\"@type\":\"PropertyValueSpecification\",\"valueRequired\":true,\"valueName\":\"search_term_string\"}}],\"inLanguage\":\"it-IT\"},{\"@type\":\"Organization\",\"@id\":\"https:\\\/\\\/www.iobevo.com\\\/online\\\/#organization\",\"name\":\"General Beverage\",\"url\":\"https:\\\/\\\/www.iobevo.com\\\/online\\\/\",\"logo\":{\"@type\":\"ImageObject\",\"inLanguage\":\"it-IT\",\"@id\":\"https:\\\/\\\/www.iobevo.com\\\/online\\\/#\\\/schema\\\/logo\\\/image\\\/\",\"url\":\"https:\\\/\\\/www.iobevo.com\\\/online\\\/wp-content\\\/uploads\\\/2014\\\/01\\\/logo_gb_horizontal_grey_160x47.png\",\"contentUrl\":\"https:\\\/\\\/www.iobevo.com\\\/online\\\/wp-content\\\/uploads\\\/2014\\\/01\\\/logo_gb_horizontal_grey_160x47.png\",\"width\":160,\"height\":47,\"caption\":\"General Beverage\"},\"image\":{\"@id\":\"https:\\\/\\\/www.iobevo.com\\\/online\\\/#\\\/schema\\\/logo\\\/image\\\/\"},\"sameAs\":[\"https:\\\/\\\/x.com\\\/IoBevo\"]}]}<\/script>\n<!-- \/ Yoast SEO plugin. -->","yoast_head_json":{"title":"| io jam \u00e8 il servizio di distribuzione di marmellate con dispenser","description":"io jam \u00e8 il servizio di distribuzione di marmellate, miele e crema al cioccolato con dispenser. Qualit\u00e0 e innovazione, con ridotto impatto ambientale.","robots":{"index":"index","follow":"follow","max-snippet":"max-snippet:-1","max-image-preview":"max-image-preview:large","max-video-preview":"max-video-preview:-1"},"canonical":"https:\/\/www.iobevo.com\/online\/servizi\/io-jam\/","og_locale":"it_IT","og_type":"article","og_title":"io jam \u00e8 il servizio di distribuzione di marmellate con dispenser","og_description":"io jam \u00e8 il servizio di distribuzione di marmellate, miele e crema al cioccolato con dispenser. Qualit\u00e0 e innovazione, con ridotto impatto ambientale.","og_url":"https:\/\/www.iobevo.com\/online\/servizi\/io-jam\/","og_site_name":"io bevo\u00ae","article_modified_time":"2018-02-11T18:13:56+00:00","og_image":[{"width":678,"height":530,"url":"https:\/\/www.iobevo.com\/online\/wp-content\/uploads\/2014\/01\/FOTO-IO-JAM-1006.jpg","type":"image\/jpeg"}],"twitter_card":"summary_large_image","twitter_title":"io jam \u00e8 il servizio di distribuzione di marmellate con dispenser","twitter_description":"io jam \u00e8 il servizio di distribuzione di marmellate, miele e crema al cioccolato con dispenser. Qualit\u00e0 e innovazione, con ridotto impatto ambientale.","twitter_image":"https:\/\/www.iobevo.com\/online\/wp-content\/uploads\/2014\/01\/FOTO-IO-JAM-1006.jpg","twitter_site":"@IoBevo","twitter_misc":{"Tempo di lettura stimato":"1 minuto"},"schema":{"@context":"https:\/\/schema.org","@graph":[{"@type":"WebPage","@id":"https:\/\/www.iobevo.com\/online\/servizi\/io-jam\/","url":"https:\/\/www.iobevo.com\/online\/servizi\/io-jam\/","name":"| io jam \u00e8 il servizio di distribuzione di marmellate con dispenser","isPartOf":{"@id":"https:\/\/www.iobevo.com\/online\/#website"},"primaryImageOfPage":{"@id":"https:\/\/www.iobevo.com\/online\/servizi\/io-jam\/#primaryimage"},"image":{"@id":"https:\/\/www.iobevo.com\/online\/servizi\/io-jam\/#primaryimage"},"thumbnailUrl":"https:\/\/www.iobevo.com\/online\/wp-content\/uploads\/2014\/01\/slide-2-bg-e1400667726929.png","datePublished":"2017-02-27T01:42:26+00:00","dateModified":"2018-02-11T18:13:56+00:00","description":"io jam \u00e8 il servizio di distribuzione di marmellate, miele e crema al cioccolato con dispenser. Qualit\u00e0 e innovazione, con ridotto impatto ambientale.","breadcrumb":{"@id":"https:\/\/www.iobevo.com\/online\/servizi\/io-jam\/#breadcrumb"},"inLanguage":"it-IT","potentialAction":[{"@type":"ReadAction","target":["https:\/\/www.iobevo.com\/online\/servizi\/io-jam\/"]}]},{"@type":"ImageObject","inLanguage":"it-IT","@id":"https:\/\/www.iobevo.com\/online\/servizi\/io-jam\/#primaryimage","url":"https:\/\/www.iobevo.com\/online\/wp-content\/uploads\/2014\/01\/slide-2-bg-e1400667726929.png","contentUrl":"https:\/\/www.iobevo.com\/online\/wp-content\/uploads\/2014\/01\/slide-2-bg-e1400667726929.png","width":1512,"height":400},{"@type":"BreadcrumbList","@id":"https:\/\/www.iobevo.com\/online\/servizi\/io-jam\/#breadcrumb","itemListElement":[{"@type":"ListItem","position":1,"name":"Servizi","item":"https:\/\/www.iobevo.com\/online\/servizi\/"},{"@type":"ListItem","position":2,"name":"io jam\u00ae"}]},{"@type":"WebSite","@id":"https:\/\/www.iobevo.com\/online\/#website","url":"https:\/\/www.iobevo.com\/online\/","name":"io bevo\u00ae","description":"Drink Plastic free","publisher":{"@id":"https:\/\/www.iobevo.com\/online\/#organization"},"potentialAction":[{"@type":"SearchAction","target":{"@type":"EntryPoint","urlTemplate":"https:\/\/www.iobevo.com\/online\/?s={search_term_string}"},"query-input":{"@type":"PropertyValueSpecification","valueRequired":true,"valueName":"search_term_string"}}],"inLanguage":"it-IT"},{"@type":"Organization","@id":"https:\/\/www.iobevo.com\/online\/#organization","name":"General Beverage","url":"https:\/\/www.iobevo.com\/online\/","logo":{"@type":"ImageObject","inLanguage":"it-IT","@id":"https:\/\/www.iobevo.com\/online\/#\/schema\/logo\/image\/","url":"https:\/\/www.iobevo.com\/online\/wp-content\/uploads\/2014\/01\/logo_gb_horizontal_grey_160x47.png","contentUrl":"https:\/\/www.iobevo.com\/online\/wp-content\/uploads\/2014\/01\/logo_gb_horizontal_grey_160x47.png","width":160,"height":47,"caption":"General Beverage"},"image":{"@id":"https:\/\/www.iobevo.com\/online\/#\/schema\/logo\/image\/"},"sameAs":["https:\/\/x.com\/IoBevo"]}]}},"_links":{"self":[{"href":"https:\/\/www.iobevo.com\/online\/wp-json\/wp\/v2\/pages\/11040","targetHints":{"allow":["GET"]}}],"collection":[{"href":"https:\/\/www.iobevo.com\/online\/wp-json\/wp\/v2\/pages"}],"about":[{"href":"https:\/\/www.iobevo.com\/online\/wp-json\/wp\/v2\/types\/page"}],"author":[{"embeddable":true,"href":"https:\/\/www.iobevo.com\/online\/wp-json\/wp\/v2\/users\/84"}],"replies":[{"embeddable":true,"href":"https:\/\/www.iobevo.com\/online\/wp-json\/wp\/v2\/comments?post=11040"}],"version-history":[{"count":0,"href":"https:\/\/www.iobevo.com\/online\/wp-json\/wp\/v2\/pages\/11040\/revisions"}],"up":[{"embeddable":true,"href":"https:\/\/www.iobevo.com\/online\/wp-json\/wp\/v2\/pages\/28"}],"wp:featuredmedia":[{"embeddable":true,"href":"https:\/\/www.iobevo.com\/online\/wp-json\/wp\/v2\/media\/2831"}],"wp:attachment":[{"href":"https:\/\/www.iobevo.com\/online\/wp-json\/wp\/v2\/media?parent=11040"}],"curies":[{"name":"wp","href":"https:\/\/api.w.org\/{rel}","templated":true}]}}