{"id":13009,"date":"2017-02-27T03:32:00","date_gmt":"2017-02-27T01:32:00","guid":{"rendered":"https:\/\/www.iobevo.com\/online\/servicios\/io-bimbo-bimbo-drink\/"},"modified":"2017-08-02T18:09:36","modified_gmt":"2017-08-02T16:09:36","slug":"io-ninos","status":"publish","type":"page","link":"https:\/\/www.iobevo.com\/online\/servicios\/io-ninos\/?lang=es","title":{"rendered":"io Ni\u00f1os"},"content":{"rendered":"<p>La etiqueta <span class=\"mark2\">Ni\u00f1os<\/span> es dise\u00f1ada para sus m\u00e1s peque\u00f1os hu\u00e9spedes para ofrecer, de una manera divertida y sostenible, bebidas dedicados en ellos con una personalizacion dedicada.<br \/>\n<span class=\"responsive\"><img fetchpriority=\"high\" decoding=\"async\" class=\"aligncenter wp-image-11034\" title=\"io Ni\u00f1os\" src=\"http:\/\/www.iobevo.com\/online\/wp-content\/uploads\/2017\/02\/FOTO-IO-BIMBO-1008.jpg\" alt=\"io Ni\u00f1os\" width=\"600\" height=\"432\" srcset=\"https:\/\/www.iobevo.com\/online\/wp-content\/uploads\/2017\/02\/FOTO-IO-BIMBO-1008.jpg 3000w, https:\/\/www.iobevo.com\/online\/wp-content\/uploads\/2017\/02\/FOTO-IO-BIMBO-1008-300x216.jpg 300w, https:\/\/www.iobevo.com\/online\/wp-content\/uploads\/2017\/02\/FOTO-IO-BIMBO-1008-768x553.jpg 768w, https:\/\/www.iobevo.com\/online\/wp-content\/uploads\/2017\/02\/FOTO-IO-BIMBO-1008-1024x737.jpg 1024w\" sizes=\"(max-width: 600px) 100vw, 600px\" \/><\/span><\/p>\n<div class=\"one_half\">\n<h4>Caracter\u00edsticas de las bebidas:<\/h4>\n<ul>\n<li>Baja en calor\u00edas<\/li>\n<li>Endulzado con az\u00facar de ca\u00f1a bio<\/li>\n<li>Sin colorantes artificiales<\/li>\n<\/ul>\n<h4>Dispensador:<\/h4>\n<ul>\n<li>Altura adecuada<\/li>\n<li>Botones de colores y de f\u00e1cil utilizo<\/li>\n<li>Seguridad de uso<\/li>\n<li>Personalizado para ni\u00f1os<\/li>\n<\/ul>\n<\/div>\n<div class=\"one_half last\">\n<h4>Bebidas:<\/h4>\n<ul>\n<li><strong>Fresita<br \/>\n<\/strong>bebida natural a la fresa<\/li>\n<li><strong>Platanita<br \/>\n<\/strong>bebida natural al platano<\/li>\n<li><strong>Manzanita<br \/>\n<\/strong>bebida natural a la manzana<\/li>\n<li><strong>Melocotonita<br \/>\n<\/strong>bebida natural a el melocoton<\/li>\n<li><strong>Berry<br \/>\n<\/strong>bebida natural a el arandano<\/li>\n<\/ul>\n<\/div>\n<div class=\"clear\"><\/div>\n<div class=\"gap\" style=\"height: 30px;\"><\/div>\n<h3 class=\"title\"><span>Productos<\/span><\/h3><div class=\"latest-portfolio negative-wrap\"><div class=\"portfolio-item four columns\"><div class=\"portfolio-it\">\n\t\t\t\t  \t\t<a href=\"https:\/\/www.iobevo.com\/online\/portfolio-item\/bevande-calde-bimbo-drink\/\" title=\"Bevande calde Bimbo Drink\u00ae\"><span class=\"portfolio-pic\"><img decoding=\"async\" src=\"https:\/\/www.iobevo.com\/online\/wp-content\/uploads\/2017\/02\/FOTO-BEVANDE-CALDE-IO-BIMBO-1012-460x300.jpg\" \/><div class=\"portfolio-overlay\"><span class=\"overlay-link\"><\/span><\/div><\/span><\/a>\n\t\t\t\t  \t\t<a href=\"https:\/\/www.iobevo.com\/online\/portfolio-item\/bevande-calde-bimbo-drink\/\" title=\"Bevande calde Bimbo Drink\u00ae\" class=\"portfolio-title\"><h4>Bevande calde Bimbo Drink\u00ae<\/h4><span>Bevande calde per la colazione dei bambini <\/span><\/a>\n\t\t\t\t  \t<\/div><\/div><div class=\"portfolio-item four columns\"><div class=\"portfolio-it\">\n\t\t\t\t  \t\t<a href=\"https:\/\/www.iobevo.com\/online\/portfolio-item\/concentrati-bimbo-drink\/\" title=\"Concentrati Bimbo Drink\u00ae\"><span class=\"portfolio-pic\"><img decoding=\"async\" src=\"https:\/\/www.iobevo.com\/online\/wp-content\/uploads\/2017\/02\/FOTO-IO-BIMBO-1001-460x300.jpg\" \/><div class=\"portfolio-overlay\"><span class=\"overlay-link\"><\/span><\/div><\/span><\/a>\n\t\t\t\t  \t\t<a href=\"https:\/\/www.iobevo.com\/online\/portfolio-item\/concentrati-bimbo-drink\/\" title=\"Concentrati Bimbo Drink\u00ae\" class=\"portfolio-title\"><h4>Concentrati Bimbo Drink\u00ae<\/h4><span>Bevande alla frutta <\/span><\/a>\n\t\t\t\t  \t<\/div><\/div><\/div><div class=\"clear\"><\/div>\n<div class=\"gap\" style=\"height: 30px;\"><\/div>\n<h3 class=\"title\"><span>Distribuidores<\/span><\/h3><div class=\"latest-portfolio negative-wrap\"><div class=\"portfolio-item four columns\"><div class=\"portfolio-it\">\n\t\t\t\t  \t\t<a href=\"https:\/\/www.iobevo.com\/online\/portfolio-item\/new-fruttamix-bimbo-drink-fruit\/\" title=\"New Fruttamix Bimbo Drink\u00ae Fruit\"><span class=\"portfolio-pic\"><img decoding=\"async\" src=\"https:\/\/www.iobevo.com\/online\/wp-content\/uploads\/2017\/02\/NEWFRUTTAMIX-BIMBODRINK_dis.jpg\" \/><div class=\"portfolio-overlay\"><span class=\"overlay-link\"><\/span><\/div><\/span><\/a>\n\t\t\t\t  \t\t<a href=\"https:\/\/www.iobevo.com\/online\/portfolio-item\/new-fruttamix-bimbo-drink-fruit\/\" title=\"New Fruttamix Bimbo Drink\u00ae Fruit\" class=\"portfolio-title\"><h4>New Fruttamix Bimbo Drink\u00ae Fruit<\/h4><span>Distributore per bevande naturali<\/span><\/a>\n\t\t\t\t  \t<\/div><\/div><div class=\"portfolio-item four columns\"><div class=\"portfolio-it\">\n\t\t\t\t  \t\t<a href=\"https:\/\/www.iobevo.com\/online\/portfolio-item\/asia-bimbo-drink-breakfast\/\" title=\"Asia Bimbo Drink\u00ae Breakfast\"><span class=\"portfolio-pic\"><img decoding=\"async\" src=\"https:\/\/www.iobevo.com\/online\/wp-content\/uploads\/2017\/02\/ASIA-BIMBO-DRINK_dis.jpg\" \/><div class=\"portfolio-overlay\"><span class=\"overlay-link\"><\/span><\/div><\/span><\/a>\n\t\t\t\t  \t\t<a href=\"https:\/\/www.iobevo.com\/online\/portfolio-item\/asia-bimbo-drink-breakfast\/\" title=\"Asia Bimbo Drink\u00ae Breakfast\" class=\"portfolio-title\"><h4>Asia Bimbo Drink\u00ae Breakfast<\/h4><span>Distributore bevande calde Bimbo Drink<\/span><\/a>\n\t\t\t\t  \t<\/div><\/div><\/div><div class=\"clear\"><\/div>\n","protected":false},"excerpt":{"rendered":"<p>La etiqueta Ni\u00f1os es dise\u00f1ada para sus m\u00e1s peque\u00f1os hu\u00e9spedes para ofrecer, de una manera divertida y sostenible, bebidas dedicados en ellos con una personalizacion dedicada. Caracter\u00edsticas de las bebidas: Baja en calor\u00edas Endulzado con az\u00facar de ca\u00f1a bio Sin colorantes artificiales Dispensador: Altura adecuada Botones de colores y de [&hellip;]<\/p>\n","protected":false},"author":84,"featured_media":2831,"parent":6536,"menu_order":0,"comment_status":"closed","ping_status":"closed","template":"","meta":{"footnotes":""},"class_list":["post-13009","page","type-page","status-publish","has-post-thumbnail","hentry"],"yoast_head":"<!-- This site is optimized with the Yoast SEO plugin v27.6 - https:\/\/yoast.com\/product\/yoast-seo-wordpress\/ -->\n<title>Bevande dedicate ai bambini con io bimbo e bimbo drink<\/title>\n<meta name=\"description\" content=\"io bimbo e bimbo drink sono le bevande specifiche per bambini ideali per hotel, parchi giochi e in tutti gli ambienti con famiglie e bambini.\" \/>\n<meta name=\"robots\" content=\"index, follow, max-snippet:-1, max-image-preview:large, max-video-preview:-1\" \/>\n<link rel=\"canonical\" href=\"https:\/\/www.iobevo.com\/online\/servicios\/io-ninos\/?lang=es\" \/>\n<meta property=\"og:locale\" content=\"it_IT\" \/>\n<meta property=\"og:type\" content=\"article\" \/>\n<meta property=\"og:title\" content=\"Bevande dedicate ai bambini con io bimbo e bimbo drink\" \/>\n<meta property=\"og:description\" content=\"io bimbo e bimbo drink sono le bevande specifiche per bambini ideali per hotel, parchi giochi e in tutti gli ambienti con famiglie e bambini.\" \/>\n<meta property=\"og:url\" content=\"https:\/\/www.iobevo.com\/online\/servicios\/io-ninos\/?lang=es\" \/>\n<meta property=\"og:site_name\" content=\"io bevo\u00ae\" \/>\n<meta property=\"article:modified_time\" content=\"2017-08-02T16:09:36+00:00\" \/>\n<meta property=\"og:image\" content=\"https:\/\/www.iobevo.com\/online\/wp-content\/uploads\/2017\/02\/io_bimbo-compressor.jpg\" \/>\n\t<meta property=\"og:image:width\" content=\"872\" \/>\n\t<meta property=\"og:image:height\" content=\"628\" \/>\n\t<meta property=\"og:image:type\" content=\"image\/jpeg\" \/>\n<meta name=\"twitter:card\" content=\"summary_large_image\" \/>\n<meta name=\"twitter:title\" content=\"Bevande dedicate ai bambini con io bimbo e bimbo drink\" \/>\n<meta name=\"twitter:description\" content=\"io bimbo e bimbo drink sono le bevande specifiche per bambini ideali per hotel, parchi giochi e in tutti gli ambienti con famiglie e bambini.\" \/>\n<meta name=\"twitter:image\" content=\"https:\/\/www.iobevo.com\/online\/wp-content\/uploads\/2017\/02\/io_bimbo-compressor.jpg\" \/>\n<meta name=\"twitter:site\" content=\"@IoBevo\" \/>\n<meta name=\"twitter:label1\" content=\"Tempo di lettura stimato\" \/>\n\t<meta name=\"twitter:data1\" content=\"1 minuto\" \/>\n<script type=\"application\/ld+json\" class=\"yoast-schema-graph\">{\"@context\":\"https:\\\/\\\/schema.org\",\"@graph\":[{\"@type\":\"WebPage\",\"@id\":\"https:\\\/\\\/www.iobevo.com\\\/online\\\/servicios\\\/io-ninos\\\/?lang=es\",\"url\":\"https:\\\/\\\/www.iobevo.com\\\/online\\\/servicios\\\/io-ninos\\\/?lang=es\",\"name\":\"Bevande dedicate ai bambini con io bimbo e bimbo drink\",\"isPartOf\":{\"@id\":\"https:\\\/\\\/www.iobevo.com\\\/online\\\/#website\"},\"primaryImageOfPage\":{\"@id\":\"https:\\\/\\\/www.iobevo.com\\\/online\\\/servicios\\\/io-ninos\\\/?lang=es#primaryimage\"},\"image\":{\"@id\":\"https:\\\/\\\/www.iobevo.com\\\/online\\\/servicios\\\/io-ninos\\\/?lang=es#primaryimage\"},\"thumbnailUrl\":\"https:\\\/\\\/www.iobevo.com\\\/online\\\/wp-content\\\/uploads\\\/2014\\\/01\\\/slide-2-bg-e1400667726929.png\",\"datePublished\":\"2017-02-27T01:32:00+00:00\",\"dateModified\":\"2017-08-02T16:09:36+00:00\",\"description\":\"io bimbo e bimbo drink sono le bevande specifiche per bambini ideali per hotel, parchi giochi e in tutti gli ambienti con famiglie e bambini.\",\"breadcrumb\":{\"@id\":\"https:\\\/\\\/www.iobevo.com\\\/online\\\/servicios\\\/io-ninos\\\/?lang=es#breadcrumb\"},\"inLanguage\":\"it-IT\",\"potentialAction\":[{\"@type\":\"ReadAction\",\"target\":[\"https:\\\/\\\/www.iobevo.com\\\/online\\\/servicios\\\/io-ninos\\\/?lang=es\"]}]},{\"@type\":\"ImageObject\",\"inLanguage\":\"it-IT\",\"@id\":\"https:\\\/\\\/www.iobevo.com\\\/online\\\/servicios\\\/io-ninos\\\/?lang=es#primaryimage\",\"url\":\"https:\\\/\\\/www.iobevo.com\\\/online\\\/wp-content\\\/uploads\\\/2014\\\/01\\\/slide-2-bg-e1400667726929.png\",\"contentUrl\":\"https:\\\/\\\/www.iobevo.com\\\/online\\\/wp-content\\\/uploads\\\/2014\\\/01\\\/slide-2-bg-e1400667726929.png\",\"width\":1512,\"height\":400},{\"@type\":\"BreadcrumbList\",\"@id\":\"https:\\\/\\\/www.iobevo.com\\\/online\\\/servicios\\\/io-ninos\\\/?lang=es#breadcrumb\",\"itemListElement\":[{\"@type\":\"ListItem\",\"position\":1,\"name\":\"Servicios\",\"item\":\"https:\\\/\\\/www.iobevo.com\\\/online\\\/servicios\\\/?lang=es\"},{\"@type\":\"ListItem\",\"position\":2,\"name\":\"io Ni\u00f1os\"}]},{\"@type\":\"WebSite\",\"@id\":\"https:\\\/\\\/www.iobevo.com\\\/online\\\/#website\",\"url\":\"https:\\\/\\\/www.iobevo.com\\\/online\\\/\",\"name\":\"io bevo\u00ae\",\"description\":\"Drink Plastic free\",\"publisher\":{\"@id\":\"https:\\\/\\\/www.iobevo.com\\\/online\\\/#organization\"},\"potentialAction\":[{\"@type\":\"SearchAction\",\"target\":{\"@type\":\"EntryPoint\",\"urlTemplate\":\"https:\\\/\\\/www.iobevo.com\\\/online\\\/?s={search_term_string}\"},\"query-input\":{\"@type\":\"PropertyValueSpecification\",\"valueRequired\":true,\"valueName\":\"search_term_string\"}}],\"inLanguage\":\"it-IT\"},{\"@type\":\"Organization\",\"@id\":\"https:\\\/\\\/www.iobevo.com\\\/online\\\/#organization\",\"name\":\"General Beverage\",\"url\":\"https:\\\/\\\/www.iobevo.com\\\/online\\\/\",\"logo\":{\"@type\":\"ImageObject\",\"inLanguage\":\"it-IT\",\"@id\":\"https:\\\/\\\/www.iobevo.com\\\/online\\\/#\\\/schema\\\/logo\\\/image\\\/\",\"url\":\"https:\\\/\\\/www.iobevo.com\\\/online\\\/wp-content\\\/uploads\\\/2014\\\/01\\\/logo_gb_horizontal_grey_160x47.png\",\"contentUrl\":\"https:\\\/\\\/www.iobevo.com\\\/online\\\/wp-content\\\/uploads\\\/2014\\\/01\\\/logo_gb_horizontal_grey_160x47.png\",\"width\":160,\"height\":47,\"caption\":\"General Beverage\"},\"image\":{\"@id\":\"https:\\\/\\\/www.iobevo.com\\\/online\\\/#\\\/schema\\\/logo\\\/image\\\/\"},\"sameAs\":[\"https:\\\/\\\/x.com\\\/IoBevo\"]}]}<\/script>\n<!-- \/ Yoast SEO plugin. -->","yoast_head_json":{"title":"Bevande dedicate ai bambini con io bimbo e bimbo drink","description":"io bimbo e bimbo drink sono le bevande specifiche per bambini ideali per hotel, parchi giochi e in tutti gli ambienti con famiglie e bambini.","robots":{"index":"index","follow":"follow","max-snippet":"max-snippet:-1","max-image-preview":"max-image-preview:large","max-video-preview":"max-video-preview:-1"},"canonical":"https:\/\/www.iobevo.com\/online\/servicios\/io-ninos\/?lang=es","og_locale":"it_IT","og_type":"article","og_title":"Bevande dedicate ai bambini con io bimbo e bimbo drink","og_description":"io bimbo e bimbo drink sono le bevande specifiche per bambini ideali per hotel, parchi giochi e in tutti gli ambienti con famiglie e bambini.","og_url":"https:\/\/www.iobevo.com\/online\/servicios\/io-ninos\/?lang=es","og_site_name":"io bevo\u00ae","article_modified_time":"2017-08-02T16:09:36+00:00","og_image":[{"width":872,"height":628,"url":"https:\/\/www.iobevo.com\/online\/wp-content\/uploads\/2017\/02\/io_bimbo-compressor.jpg","type":"image\/jpeg"}],"twitter_card":"summary_large_image","twitter_title":"Bevande dedicate ai bambini con io bimbo e bimbo drink","twitter_description":"io bimbo e bimbo drink sono le bevande specifiche per bambini ideali per hotel, parchi giochi e in tutti gli ambienti con famiglie e bambini.","twitter_image":"https:\/\/www.iobevo.com\/online\/wp-content\/uploads\/2017\/02\/io_bimbo-compressor.jpg","twitter_site":"@IoBevo","twitter_misc":{"Tempo di lettura stimato":"1 minuto"},"schema":{"@context":"https:\/\/schema.org","@graph":[{"@type":"WebPage","@id":"https:\/\/www.iobevo.com\/online\/servicios\/io-ninos\/?lang=es","url":"https:\/\/www.iobevo.com\/online\/servicios\/io-ninos\/?lang=es","name":"Bevande dedicate ai bambini con io bimbo e bimbo drink","isPartOf":{"@id":"https:\/\/www.iobevo.com\/online\/#website"},"primaryImageOfPage":{"@id":"https:\/\/www.iobevo.com\/online\/servicios\/io-ninos\/?lang=es#primaryimage"},"image":{"@id":"https:\/\/www.iobevo.com\/online\/servicios\/io-ninos\/?lang=es#primaryimage"},"thumbnailUrl":"https:\/\/www.iobevo.com\/online\/wp-content\/uploads\/2014\/01\/slide-2-bg-e1400667726929.png","datePublished":"2017-02-27T01:32:00+00:00","dateModified":"2017-08-02T16:09:36+00:00","description":"io bimbo e bimbo drink sono le bevande specifiche per bambini ideali per hotel, parchi giochi e in tutti gli ambienti con famiglie e bambini.","breadcrumb":{"@id":"https:\/\/www.iobevo.com\/online\/servicios\/io-ninos\/?lang=es#breadcrumb"},"inLanguage":"it-IT","potentialAction":[{"@type":"ReadAction","target":["https:\/\/www.iobevo.com\/online\/servicios\/io-ninos\/?lang=es"]}]},{"@type":"ImageObject","inLanguage":"it-IT","@id":"https:\/\/www.iobevo.com\/online\/servicios\/io-ninos\/?lang=es#primaryimage","url":"https:\/\/www.iobevo.com\/online\/wp-content\/uploads\/2014\/01\/slide-2-bg-e1400667726929.png","contentUrl":"https:\/\/www.iobevo.com\/online\/wp-content\/uploads\/2014\/01\/slide-2-bg-e1400667726929.png","width":1512,"height":400},{"@type":"BreadcrumbList","@id":"https:\/\/www.iobevo.com\/online\/servicios\/io-ninos\/?lang=es#breadcrumb","itemListElement":[{"@type":"ListItem","position":1,"name":"Servicios","item":"https:\/\/www.iobevo.com\/online\/servicios\/?lang=es"},{"@type":"ListItem","position":2,"name":"io Ni\u00f1os"}]},{"@type":"WebSite","@id":"https:\/\/www.iobevo.com\/online\/#website","url":"https:\/\/www.iobevo.com\/online\/","name":"io bevo\u00ae","description":"Drink Plastic free","publisher":{"@id":"https:\/\/www.iobevo.com\/online\/#organization"},"potentialAction":[{"@type":"SearchAction","target":{"@type":"EntryPoint","urlTemplate":"https:\/\/www.iobevo.com\/online\/?s={search_term_string}"},"query-input":{"@type":"PropertyValueSpecification","valueRequired":true,"valueName":"search_term_string"}}],"inLanguage":"it-IT"},{"@type":"Organization","@id":"https:\/\/www.iobevo.com\/online\/#organization","name":"General Beverage","url":"https:\/\/www.iobevo.com\/online\/","logo":{"@type":"ImageObject","inLanguage":"it-IT","@id":"https:\/\/www.iobevo.com\/online\/#\/schema\/logo\/image\/","url":"https:\/\/www.iobevo.com\/online\/wp-content\/uploads\/2014\/01\/logo_gb_horizontal_grey_160x47.png","contentUrl":"https:\/\/www.iobevo.com\/online\/wp-content\/uploads\/2014\/01\/logo_gb_horizontal_grey_160x47.png","width":160,"height":47,"caption":"General Beverage"},"image":{"@id":"https:\/\/www.iobevo.com\/online\/#\/schema\/logo\/image\/"},"sameAs":["https:\/\/x.com\/IoBevo"]}]}},"_links":{"self":[{"href":"https:\/\/www.iobevo.com\/online\/wp-json\/wp\/v2\/pages\/13009","targetHints":{"allow":["GET"]}}],"collection":[{"href":"https:\/\/www.iobevo.com\/online\/wp-json\/wp\/v2\/pages"}],"about":[{"href":"https:\/\/www.iobevo.com\/online\/wp-json\/wp\/v2\/types\/page"}],"author":[{"embeddable":true,"href":"https:\/\/www.iobevo.com\/online\/wp-json\/wp\/v2\/users\/84"}],"replies":[{"embeddable":true,"href":"https:\/\/www.iobevo.com\/online\/wp-json\/wp\/v2\/comments?post=13009"}],"version-history":[{"count":0,"href":"https:\/\/www.iobevo.com\/online\/wp-json\/wp\/v2\/pages\/13009\/revisions"}],"up":[{"embeddable":true,"href":"https:\/\/www.iobevo.com\/online\/wp-json\/wp\/v2\/pages\/6536"}],"wp:featuredmedia":[{"embeddable":true,"href":"https:\/\/www.iobevo.com\/online\/wp-json\/wp\/v2\/media\/2831"}],"wp:attachment":[{"href":"https:\/\/www.iobevo.com\/online\/wp-json\/wp\/v2\/media?parent=13009"}],"curies":[{"name":"wp","href":"https:\/\/api.w.org\/{rel}","templated":true}]}}