{"id":13016,"date":"2017-02-27T13:16:40","date_gmt":"2017-02-27T11:16:40","guid":{"rendered":"https:\/\/www.iobevo.com\/online\/distribuidores\/new-fruttamix-bimbo-drink-fruit\/"},"modified":"2017-08-02T18:37:36","modified_gmt":"2017-08-02T16:37:36","slug":"new-fruttamix-ninos","status":"publish","type":"page","link":"https:\/\/www.iobevo.com\/online\/distribuidores\/new-fruttamix-ninos\/?lang=es","title":{"rendered":"New Fruttamix Ni\u00f1os"},"content":{"rendered":"<h3 class=\"title\"><span>Carater\u00edsticas t\u00e9cnicas<\/span><\/h3>\n<div class=\"one_half\">\n<div class=\"description clearfix style-1\">\n<p>Larghezza: <strong>400 mm<\/strong><\/p>\n<p>Profondit\u00e0: <strong>600 mm<\/strong><\/p>\n<p>Altezza: <strong>700 mm<\/strong><\/p>\n<p>Volt\/Hertz: <strong>230 V \u2013 50 Hz<\/strong><\/p>\n<p>Capacit\u00e0 max raffreddamento: <strong>30 LT \/H<\/strong><\/p>\n<p>Potenza compressore:<strong> 1\/3 HP<\/strong><\/p>\n<p>Potenza massima assorbita:<strong> 0,7 Kw<\/strong><\/p>\n<p>Numero erogatori succhi: <strong>3 succhi + 2 acque<\/strong><\/p>\n<p>Temperatura in uscita: <strong>+3\u00b0\u00b8+10\u00b0C<\/strong><\/p>\n<p>Presa elettrica: <strong>Schuko<\/strong><\/p>\n<p>Presa: <strong>acqua \u00bd \u201c<\/strong><\/p>\n<\/div>\n<\/div>\n<div class=\"one_half last\"><span class=\"responsive\"><img fetchpriority=\"high\" decoding=\"async\" class=\"aligncenter wp-image-11101\" src=\"http:\/\/www.iobevo.com\/online\/wp-content\/uploads\/2017\/02\/bimbo_drink.jpg\" alt=\"New Fruttamix Bimbo Drink\u00ae Fruit\" width=\"220\" height=\"400\" srcset=\"https:\/\/www.iobevo.com\/online\/wp-content\/uploads\/2017\/02\/bimbo_drink.jpg 275w, https:\/\/www.iobevo.com\/online\/wp-content\/uploads\/2017\/02\/bimbo_drink-165x300.jpg 165w\" sizes=\"(max-width: 220px) 100vw, 220px\" \/><\/span><\/div>\n<div class=\"clear\"><\/div>\n","protected":false},"excerpt":{"rendered":"<p>Carater\u00edsticas t\u00e9cnicas Larghezza: 400 mm Profondit\u00e0: 600 mm Altezza: 700 mm Volt\/Hertz: 230 V \u2013 50 Hz Capacit\u00e0 max raffreddamento: 30 LT \/H Potenza compressore: 1\/3 HP Potenza massima assorbita: 0,7 Kw Numero erogatori succhi: 3 succhi + 2 acque Temperatura in uscita: +3\u00b0\u00b8+10\u00b0C Presa elettrica: Schuko Presa: acqua \u00bd [&hellip;]<\/p>\n","protected":false},"author":84,"featured_media":2831,"parent":6793,"menu_order":0,"comment_status":"closed","ping_status":"closed","template":"","meta":{"footnotes":""},"class_list":["post-13016","page","type-page","status-publish","has-post-thumbnail","hentry"],"yoast_head":"<!-- This site is optimized with the Yoast SEO plugin v27.3 - https:\/\/yoast.com\/product\/yoast-seo-wordpress\/ -->\n<title>New Fruttamix Ni\u00f1os - io bevo\u00ae<\/title>\n<meta name=\"robots\" content=\"index, follow, max-snippet:-1, max-image-preview:large, max-video-preview:-1\" \/>\n<link rel=\"canonical\" href=\"https:\/\/www.iobevo.com\/online\/distribuidores\/new-fruttamix-ninos\/?lang=es\" \/>\n<meta property=\"og:locale\" content=\"it_IT\" \/>\n<meta property=\"og:type\" content=\"article\" \/>\n<meta property=\"og:title\" content=\"New Fruttamix Ni\u00f1os - io bevo\u00ae\" \/>\n<meta property=\"og:description\" content=\"Carater\u00edsticas t\u00e9cnicas Larghezza: 400 mm Profondit\u00e0: 600 mm Altezza: 700 mm Volt\/Hertz: 230 V \u2013 50 Hz Capacit\u00e0 max raffreddamento: 30 LT \/H Potenza compressore: 1\/3 HP Potenza massima assorbita: 0,7 Kw Numero erogatori succhi: 3 succhi + 2 acque Temperatura in uscita: +3\u00b0\u00b8+10\u00b0C Presa elettrica: Schuko Presa: acqua \u00bd [&hellip;]\" \/>\n<meta property=\"og:url\" content=\"https:\/\/www.iobevo.com\/online\/distribuidores\/new-fruttamix-ninos\/?lang=es\" \/>\n<meta property=\"og:site_name\" content=\"io bevo\u00ae\" \/>\n<meta property=\"article:modified_time\" content=\"2017-08-02T16:37:36+00:00\" \/>\n<meta property=\"og:image\" content=\"https:\/\/www.iobevo.com\/online\/wp-content\/uploads\/2014\/01\/slide-2-bg-e1400667726929.png\" \/>\n\t<meta property=\"og:image:width\" content=\"1512\" \/>\n\t<meta property=\"og:image:height\" content=\"400\" \/>\n\t<meta property=\"og:image:type\" content=\"image\/png\" \/>\n<meta name=\"twitter:card\" content=\"summary_large_image\" \/>\n<meta name=\"twitter:site\" content=\"@IoBevo\" \/>\n<script type=\"application\/ld+json\" class=\"yoast-schema-graph\">{\"@context\":\"https:\\\/\\\/schema.org\",\"@graph\":[{\"@type\":\"WebPage\",\"@id\":\"https:\\\/\\\/www.iobevo.com\\\/online\\\/distribuidores\\\/new-fruttamix-ninos\\\/?lang=es\",\"url\":\"https:\\\/\\\/www.iobevo.com\\\/online\\\/distribuidores\\\/new-fruttamix-ninos\\\/?lang=es\",\"name\":\"New Fruttamix Ni\u00f1os - io bevo\u00ae\",\"isPartOf\":{\"@id\":\"https:\\\/\\\/www.iobevo.com\\\/online\\\/#website\"},\"primaryImageOfPage\":{\"@id\":\"https:\\\/\\\/www.iobevo.com\\\/online\\\/distribuidores\\\/new-fruttamix-ninos\\\/?lang=es#primaryimage\"},\"image\":{\"@id\":\"https:\\\/\\\/www.iobevo.com\\\/online\\\/distribuidores\\\/new-fruttamix-ninos\\\/?lang=es#primaryimage\"},\"thumbnailUrl\":\"https:\\\/\\\/www.iobevo.com\\\/online\\\/wp-content\\\/uploads\\\/2014\\\/01\\\/slide-2-bg-e1400667726929.png\",\"datePublished\":\"2017-02-27T11:16:40+00:00\",\"dateModified\":\"2017-08-02T16:37:36+00:00\",\"breadcrumb\":{\"@id\":\"https:\\\/\\\/www.iobevo.com\\\/online\\\/distribuidores\\\/new-fruttamix-ninos\\\/?lang=es#breadcrumb\"},\"inLanguage\":\"it-IT\",\"potentialAction\":[{\"@type\":\"ReadAction\",\"target\":[\"https:\\\/\\\/www.iobevo.com\\\/online\\\/distribuidores\\\/new-fruttamix-ninos\\\/?lang=es\"]}]},{\"@type\":\"ImageObject\",\"inLanguage\":\"it-IT\",\"@id\":\"https:\\\/\\\/www.iobevo.com\\\/online\\\/distribuidores\\\/new-fruttamix-ninos\\\/?lang=es#primaryimage\",\"url\":\"https:\\\/\\\/www.iobevo.com\\\/online\\\/wp-content\\\/uploads\\\/2014\\\/01\\\/slide-2-bg-e1400667726929.png\",\"contentUrl\":\"https:\\\/\\\/www.iobevo.com\\\/online\\\/wp-content\\\/uploads\\\/2014\\\/01\\\/slide-2-bg-e1400667726929.png\",\"width\":1512,\"height\":400},{\"@type\":\"BreadcrumbList\",\"@id\":\"https:\\\/\\\/www.iobevo.com\\\/online\\\/distribuidores\\\/new-fruttamix-ninos\\\/?lang=es#breadcrumb\",\"itemListElement\":[{\"@type\":\"ListItem\",\"position\":1,\"name\":\"Distribuidores\",\"item\":\"https:\\\/\\\/www.iobevo.com\\\/online\\\/distribuidores\\\/?lang=es\"},{\"@type\":\"ListItem\",\"position\":2,\"name\":\"New Fruttamix Ni\u00f1os\"}]},{\"@type\":\"WebSite\",\"@id\":\"https:\\\/\\\/www.iobevo.com\\\/online\\\/#website\",\"url\":\"https:\\\/\\\/www.iobevo.com\\\/online\\\/\",\"name\":\"io bevo\u00ae\",\"description\":\"Drink Plastic free\",\"publisher\":{\"@id\":\"https:\\\/\\\/www.iobevo.com\\\/online\\\/#organization\"},\"potentialAction\":[{\"@type\":\"SearchAction\",\"target\":{\"@type\":\"EntryPoint\",\"urlTemplate\":\"https:\\\/\\\/www.iobevo.com\\\/online\\\/?s={search_term_string}\"},\"query-input\":{\"@type\":\"PropertyValueSpecification\",\"valueRequired\":true,\"valueName\":\"search_term_string\"}}],\"inLanguage\":\"it-IT\"},{\"@type\":\"Organization\",\"@id\":\"https:\\\/\\\/www.iobevo.com\\\/online\\\/#organization\",\"name\":\"General Beverage\",\"url\":\"https:\\\/\\\/www.iobevo.com\\\/online\\\/\",\"logo\":{\"@type\":\"ImageObject\",\"inLanguage\":\"it-IT\",\"@id\":\"https:\\\/\\\/www.iobevo.com\\\/online\\\/#\\\/schema\\\/logo\\\/image\\\/\",\"url\":\"https:\\\/\\\/www.iobevo.com\\\/online\\\/wp-content\\\/uploads\\\/2014\\\/01\\\/logo_gb_horizontal_grey_160x47.png\",\"contentUrl\":\"https:\\\/\\\/www.iobevo.com\\\/online\\\/wp-content\\\/uploads\\\/2014\\\/01\\\/logo_gb_horizontal_grey_160x47.png\",\"width\":160,\"height\":47,\"caption\":\"General Beverage\"},\"image\":{\"@id\":\"https:\\\/\\\/www.iobevo.com\\\/online\\\/#\\\/schema\\\/logo\\\/image\\\/\"},\"sameAs\":[\"https:\\\/\\\/x.com\\\/IoBevo\"]}]}<\/script>\n<!-- \/ Yoast SEO plugin. -->","yoast_head_json":{"title":"New Fruttamix Ni\u00f1os - io bevo\u00ae","robots":{"index":"index","follow":"follow","max-snippet":"max-snippet:-1","max-image-preview":"max-image-preview:large","max-video-preview":"max-video-preview:-1"},"canonical":"https:\/\/www.iobevo.com\/online\/distribuidores\/new-fruttamix-ninos\/?lang=es","og_locale":"it_IT","og_type":"article","og_title":"New Fruttamix Ni\u00f1os - io bevo\u00ae","og_description":"Carater\u00edsticas t\u00e9cnicas Larghezza: 400 mm Profondit\u00e0: 600 mm Altezza: 700 mm Volt\/Hertz: 230 V \u2013 50 Hz Capacit\u00e0 max raffreddamento: 30 LT \/H Potenza compressore: 1\/3 HP Potenza massima assorbita: 0,7 Kw Numero erogatori succhi: 3 succhi + 2 acque Temperatura in uscita: +3\u00b0\u00b8+10\u00b0C Presa elettrica: Schuko Presa: acqua \u00bd [&hellip;]","og_url":"https:\/\/www.iobevo.com\/online\/distribuidores\/new-fruttamix-ninos\/?lang=es","og_site_name":"io bevo\u00ae","article_modified_time":"2017-08-02T16:37:36+00:00","og_image":[{"width":1512,"height":400,"url":"https:\/\/www.iobevo.com\/online\/wp-content\/uploads\/2014\/01\/slide-2-bg-e1400667726929.png","type":"image\/png"}],"twitter_card":"summary_large_image","twitter_site":"@IoBevo","schema":{"@context":"https:\/\/schema.org","@graph":[{"@type":"WebPage","@id":"https:\/\/www.iobevo.com\/online\/distribuidores\/new-fruttamix-ninos\/?lang=es","url":"https:\/\/www.iobevo.com\/online\/distribuidores\/new-fruttamix-ninos\/?lang=es","name":"New Fruttamix Ni\u00f1os - io bevo\u00ae","isPartOf":{"@id":"https:\/\/www.iobevo.com\/online\/#website"},"primaryImageOfPage":{"@id":"https:\/\/www.iobevo.com\/online\/distribuidores\/new-fruttamix-ninos\/?lang=es#primaryimage"},"image":{"@id":"https:\/\/www.iobevo.com\/online\/distribuidores\/new-fruttamix-ninos\/?lang=es#primaryimage"},"thumbnailUrl":"https:\/\/www.iobevo.com\/online\/wp-content\/uploads\/2014\/01\/slide-2-bg-e1400667726929.png","datePublished":"2017-02-27T11:16:40+00:00","dateModified":"2017-08-02T16:37:36+00:00","breadcrumb":{"@id":"https:\/\/www.iobevo.com\/online\/distribuidores\/new-fruttamix-ninos\/?lang=es#breadcrumb"},"inLanguage":"it-IT","potentialAction":[{"@type":"ReadAction","target":["https:\/\/www.iobevo.com\/online\/distribuidores\/new-fruttamix-ninos\/?lang=es"]}]},{"@type":"ImageObject","inLanguage":"it-IT","@id":"https:\/\/www.iobevo.com\/online\/distribuidores\/new-fruttamix-ninos\/?lang=es#primaryimage","url":"https:\/\/www.iobevo.com\/online\/wp-content\/uploads\/2014\/01\/slide-2-bg-e1400667726929.png","contentUrl":"https:\/\/www.iobevo.com\/online\/wp-content\/uploads\/2014\/01\/slide-2-bg-e1400667726929.png","width":1512,"height":400},{"@type":"BreadcrumbList","@id":"https:\/\/www.iobevo.com\/online\/distribuidores\/new-fruttamix-ninos\/?lang=es#breadcrumb","itemListElement":[{"@type":"ListItem","position":1,"name":"Distribuidores","item":"https:\/\/www.iobevo.com\/online\/distribuidores\/?lang=es"},{"@type":"ListItem","position":2,"name":"New Fruttamix Ni\u00f1os"}]},{"@type":"WebSite","@id":"https:\/\/www.iobevo.com\/online\/#website","url":"https:\/\/www.iobevo.com\/online\/","name":"io bevo\u00ae","description":"Drink Plastic free","publisher":{"@id":"https:\/\/www.iobevo.com\/online\/#organization"},"potentialAction":[{"@type":"SearchAction","target":{"@type":"EntryPoint","urlTemplate":"https:\/\/www.iobevo.com\/online\/?s={search_term_string}"},"query-input":{"@type":"PropertyValueSpecification","valueRequired":true,"valueName":"search_term_string"}}],"inLanguage":"it-IT"},{"@type":"Organization","@id":"https:\/\/www.iobevo.com\/online\/#organization","name":"General Beverage","url":"https:\/\/www.iobevo.com\/online\/","logo":{"@type":"ImageObject","inLanguage":"it-IT","@id":"https:\/\/www.iobevo.com\/online\/#\/schema\/logo\/image\/","url":"https:\/\/www.iobevo.com\/online\/wp-content\/uploads\/2014\/01\/logo_gb_horizontal_grey_160x47.png","contentUrl":"https:\/\/www.iobevo.com\/online\/wp-content\/uploads\/2014\/01\/logo_gb_horizontal_grey_160x47.png","width":160,"height":47,"caption":"General Beverage"},"image":{"@id":"https:\/\/www.iobevo.com\/online\/#\/schema\/logo\/image\/"},"sameAs":["https:\/\/x.com\/IoBevo"]}]}},"_links":{"self":[{"href":"https:\/\/www.iobevo.com\/online\/wp-json\/wp\/v2\/pages\/13016","targetHints":{"allow":["GET"]}}],"collection":[{"href":"https:\/\/www.iobevo.com\/online\/wp-json\/wp\/v2\/pages"}],"about":[{"href":"https:\/\/www.iobevo.com\/online\/wp-json\/wp\/v2\/types\/page"}],"author":[{"embeddable":true,"href":"https:\/\/www.iobevo.com\/online\/wp-json\/wp\/v2\/users\/84"}],"replies":[{"embeddable":true,"href":"https:\/\/www.iobevo.com\/online\/wp-json\/wp\/v2\/comments?post=13016"}],"version-history":[{"count":0,"href":"https:\/\/www.iobevo.com\/online\/wp-json\/wp\/v2\/pages\/13016\/revisions"}],"up":[{"embeddable":true,"href":"https:\/\/www.iobevo.com\/online\/wp-json\/wp\/v2\/pages\/6793"}],"wp:featuredmedia":[{"embeddable":true,"href":"https:\/\/www.iobevo.com\/online\/wp-json\/wp\/v2\/media\/2831"}],"wp:attachment":[{"href":"https:\/\/www.iobevo.com\/online\/wp-json\/wp\/v2\/media?parent=13016"}],"curies":[{"name":"wp","href":"https:\/\/api.w.org\/{rel}","templated":true}]}}