{"id":13057,"date":"2017-02-26T13:02:56","date_gmt":"2017-02-26T11:02:56","guid":{"rendered":"https:\/\/www.iobevo.com\/online\/servicios\/io-wellness\/"},"modified":"2017-08-03T11:32:35","modified_gmt":"2017-08-03T09:32:35","slug":"io-wellness","status":"publish","type":"page","link":"https:\/\/www.iobevo.com\/online\/servicios\/io-wellness\/?lang=es","title":{"rendered":"io wellness"},"content":{"rendered":"<p><span class=\"responsive\"><img fetchpriority=\"high\" decoding=\"async\" class=\"alignleft size-large wp-image-10869\" src=\"http:\/\/www.iobevo.com\/online\/wp-content\/uploads\/2017\/02\/FOTO-IO-WELLNESS-1007-1024x1024.jpg\" alt=\"IO WELLNESS\" width=\"300\" height=\"300\" srcset=\"https:\/\/www.iobevo.com\/online\/wp-content\/uploads\/2017\/02\/FOTO-IO-WELLNESS-1007-1024x1024.jpg 1024w, https:\/\/www.iobevo.com\/online\/wp-content\/uploads\/2017\/02\/FOTO-IO-WELLNESS-1007-180x180.jpg 180w, https:\/\/www.iobevo.com\/online\/wp-content\/uploads\/2017\/02\/FOTO-IO-WELLNESS-1007-300x300.jpg 300w, https:\/\/www.iobevo.com\/online\/wp-content\/uploads\/2017\/02\/FOTO-IO-WELLNESS-1007-768x768.jpg 768w, https:\/\/www.iobevo.com\/online\/wp-content\/uploads\/2017\/02\/FOTO-IO-WELLNESS-1007-60x60.jpg 60w, https:\/\/www.iobevo.com\/online\/wp-content\/uploads\/2017\/02\/FOTO-IO-WELLNESS-1007.jpg 2048w\" sizes=\"(max-width: 300px) 100vw, 300px\" \/><\/span>Una nutrici\u00f3n adecuada es una de las herramientas b\u00e1sicas para estar bien. Por esto que creemos que ofrecen un desayuno salutable es un signo de atenci\u00f3n al cliente.<\/p>\n<p>Por ello, que se propone para el desayuno, una amplia gama de bebidas de calidad (leche de soja, th\u00e9 verde, bebidas con aloe, etc.) en consonancia con las directrices nutricionales m\u00e1s actuales y acreditadas, as\u00ed como una espec\u00edfica la comunicaci\u00f3n.<\/p>\n<p>Los productos son el origen vegetal y est\u00e1n libres de lactosa, no contienen OMG y est\u00e1n ligeramente edulcorado con az\u00facar de ca\u00f1a org\u00e1nica<\/p>\n<div class=\"gap\" style=\"height: 120px;\"><\/div>\n<div class=\"one_half\"><h3 class=\"title\"><span>Productos<\/span><\/h3><div class=\"latest-portfolio negative-wrap\"><div class=\"portfolio-item four columns\"><div class=\"portfolio-it\">\n\t\t\t\t  \t\t<a href=\"https:\/\/www.iobevo.com\/online\/portfolio-item\/solubili-per-bevande-calde-benessere\/\" title=\"Solubili per bevande calde\"><span class=\"portfolio-pic\"><img decoding=\"async\" src=\"https:\/\/www.iobevo.com\/online\/wp-content\/uploads\/2017\/02\/FOTO-IO-WELLNESS-1002-460x300.jpg\" \/><div class=\"portfolio-overlay\"><span class=\"overlay-link\"><\/span><\/div><\/span><\/a>\n\t\t\t\t  \t\t<a href=\"https:\/\/www.iobevo.com\/online\/portfolio-item\/solubili-per-bevande-calde-benessere\/\" title=\"Solubili per bevande calde\" class=\"portfolio-title\"><h4>Solubili per bevande calde<\/h4><span>Bevande benessere per la colazione <\/span><\/a>\n\t\t\t\t  \t<\/div><\/div><\/div><div class=\"clear\"><\/div><\/div>\n<div class=\"one_half last\"><h3 class=\"title\"><span>Distribuidores<\/span><\/h3><div class=\"latest-portfolio negative-wrap\"><div class=\"portfolio-item four columns\"><div class=\"portfolio-it\">\n\t\t\t\t  \t\t<a href=\"https:\/\/www.iobevo.com\/online\/portfolio-item\/asia-io-wellness\/\" title=\"Asia io Wellness\"><span class=\"portfolio-pic\"><img decoding=\"async\" src=\"https:\/\/www.iobevo.com\/online\/wp-content\/uploads\/2017\/02\/asia-io-welness.jpg\" \/><div class=\"portfolio-overlay\"><span class=\"overlay-link\"><\/span><\/div><\/span><\/a>\n\t\t\t\t  \t\t<a href=\"https:\/\/www.iobevo.com\/online\/portfolio-item\/asia-io-wellness\/\" title=\"Asia io Wellness\" class=\"portfolio-title\"><h4>Asia io Wellness<\/h4><span>Distributore di bevande calde<\/span><\/a>\n\t\t\t\t  \t<\/div><\/div><\/div><div class=\"clear\"><\/div><\/div>\n<div class=\"clear\"><\/div>\n","protected":false},"excerpt":{"rendered":"<p>Una nutrici\u00f3n adecuada es una de las herramientas b\u00e1sicas para estar bien. Por esto que creemos que ofrecen un desayuno salutable es un signo de atenci\u00f3n al cliente. Por ello, que se propone para el desayuno, una amplia gama de bebidas de calidad (leche de soja, th\u00e9 verde, bebidas con [&hellip;]<\/p>\n","protected":false},"author":84,"featured_media":2831,"parent":6536,"menu_order":0,"comment_status":"closed","ping_status":"closed","template":"","meta":{"footnotes":""},"class_list":["post-13057","page","type-page","status-publish","has-post-thumbnail","hentry"],"yoast_head":"<!-- This site is optimized with the Yoast SEO plugin v27.4 - https:\/\/yoast.com\/product\/yoast-seo-wordpress\/ -->\n<title>Benessere a colazione con io wellness, bevande salutistiche<\/title>\n<meta name=\"description\" content=\"Io wellness \u00e8 il servizio pensato per gli ospiti di alberghi e villaggi turistici per offrire una colazione a base di bevande salutistiche calde e fredde.\" \/>\n<meta name=\"robots\" content=\"index, follow, max-snippet:-1, max-image-preview:large, max-video-preview:-1\" \/>\n<link rel=\"canonical\" href=\"https:\/\/www.iobevo.com\/online\/servicios\/io-wellness\/?lang=es\" \/>\n<meta property=\"og:locale\" content=\"it_IT\" \/>\n<meta property=\"og:type\" content=\"article\" \/>\n<meta property=\"og:title\" content=\"Benessere a colazione con io wellness, bevande salutistiche\" \/>\n<meta property=\"og:description\" content=\"Io wellness \u00e8 il servizio pensato per gli ospiti di alberghi e villaggi turistici per offrire una colazione a base di bevande salutistiche calde e fredde.\" \/>\n<meta property=\"og:url\" content=\"https:\/\/www.iobevo.com\/online\/servicios\/io-wellness\/?lang=es\" \/>\n<meta property=\"og:site_name\" content=\"io bevo\u00ae\" \/>\n<meta property=\"article:modified_time\" content=\"2017-08-03T09:32:35+00:00\" \/>\n<meta property=\"og:image\" content=\"https:\/\/www.iobevo.com\/online\/wp-content\/uploads\/2017\/02\/FOTO-IO-WELLNESS-1007.jpg\" \/>\n\t<meta property=\"og:image:width\" content=\"2048\" \/>\n\t<meta property=\"og:image:height\" content=\"2048\" \/>\n\t<meta property=\"og:image:type\" content=\"image\/jpeg\" \/>\n<meta name=\"twitter:card\" content=\"summary_large_image\" \/>\n<meta name=\"twitter:title\" content=\"Benessere a colazione con io wellness, bevande salutistiche\" \/>\n<meta name=\"twitter:description\" content=\"Io wellness \u00e8 il servizio pensato per gli ospiti di alberghi e villaggi turistici per offrire una colazione a base di bevande salutistiche calde e fredde.\" \/>\n<meta name=\"twitter:image\" content=\"https:\/\/www.iobevo.com\/online\/wp-content\/uploads\/2017\/02\/FOTO-IO-WELLNESS-1007.jpg\" \/>\n<meta name=\"twitter:site\" content=\"@IoBevo\" \/>\n<meta name=\"twitter:label1\" content=\"Tempo di lettura stimato\" \/>\n\t<meta name=\"twitter:data1\" content=\"1 minuto\" \/>\n<script type=\"application\/ld+json\" class=\"yoast-schema-graph\">{\"@context\":\"https:\\\/\\\/schema.org\",\"@graph\":[{\"@type\":\"WebPage\",\"@id\":\"https:\\\/\\\/www.iobevo.com\\\/online\\\/servicios\\\/io-wellness\\\/?lang=es\",\"url\":\"https:\\\/\\\/www.iobevo.com\\\/online\\\/servicios\\\/io-wellness\\\/?lang=es\",\"name\":\"Benessere a colazione con io wellness, bevande salutistiche\",\"isPartOf\":{\"@id\":\"https:\\\/\\\/www.iobevo.com\\\/online\\\/#website\"},\"primaryImageOfPage\":{\"@id\":\"https:\\\/\\\/www.iobevo.com\\\/online\\\/servicios\\\/io-wellness\\\/?lang=es#primaryimage\"},\"image\":{\"@id\":\"https:\\\/\\\/www.iobevo.com\\\/online\\\/servicios\\\/io-wellness\\\/?lang=es#primaryimage\"},\"thumbnailUrl\":\"https:\\\/\\\/www.iobevo.com\\\/online\\\/wp-content\\\/uploads\\\/2014\\\/01\\\/slide-2-bg-e1400667726929.png\",\"datePublished\":\"2017-02-26T11:02:56+00:00\",\"dateModified\":\"2017-08-03T09:32:35+00:00\",\"description\":\"Io wellness \u00e8 il servizio pensato per gli ospiti di alberghi e villaggi turistici per offrire una colazione a base di bevande salutistiche calde e fredde.\",\"breadcrumb\":{\"@id\":\"https:\\\/\\\/www.iobevo.com\\\/online\\\/servicios\\\/io-wellness\\\/?lang=es#breadcrumb\"},\"inLanguage\":\"it-IT\",\"potentialAction\":[{\"@type\":\"ReadAction\",\"target\":[\"https:\\\/\\\/www.iobevo.com\\\/online\\\/servicios\\\/io-wellness\\\/?lang=es\"]}]},{\"@type\":\"ImageObject\",\"inLanguage\":\"it-IT\",\"@id\":\"https:\\\/\\\/www.iobevo.com\\\/online\\\/servicios\\\/io-wellness\\\/?lang=es#primaryimage\",\"url\":\"https:\\\/\\\/www.iobevo.com\\\/online\\\/wp-content\\\/uploads\\\/2014\\\/01\\\/slide-2-bg-e1400667726929.png\",\"contentUrl\":\"https:\\\/\\\/www.iobevo.com\\\/online\\\/wp-content\\\/uploads\\\/2014\\\/01\\\/slide-2-bg-e1400667726929.png\",\"width\":1512,\"height\":400},{\"@type\":\"BreadcrumbList\",\"@id\":\"https:\\\/\\\/www.iobevo.com\\\/online\\\/servicios\\\/io-wellness\\\/?lang=es#breadcrumb\",\"itemListElement\":[{\"@type\":\"ListItem\",\"position\":1,\"name\":\"Servicios\",\"item\":\"https:\\\/\\\/www.iobevo.com\\\/online\\\/servicios\\\/?lang=es\"},{\"@type\":\"ListItem\",\"position\":2,\"name\":\"io wellness\"}]},{\"@type\":\"WebSite\",\"@id\":\"https:\\\/\\\/www.iobevo.com\\\/online\\\/#website\",\"url\":\"https:\\\/\\\/www.iobevo.com\\\/online\\\/\",\"name\":\"io bevo\u00ae\",\"description\":\"Drink Plastic free\",\"publisher\":{\"@id\":\"https:\\\/\\\/www.iobevo.com\\\/online\\\/#organization\"},\"potentialAction\":[{\"@type\":\"SearchAction\",\"target\":{\"@type\":\"EntryPoint\",\"urlTemplate\":\"https:\\\/\\\/www.iobevo.com\\\/online\\\/?s={search_term_string}\"},\"query-input\":{\"@type\":\"PropertyValueSpecification\",\"valueRequired\":true,\"valueName\":\"search_term_string\"}}],\"inLanguage\":\"it-IT\"},{\"@type\":\"Organization\",\"@id\":\"https:\\\/\\\/www.iobevo.com\\\/online\\\/#organization\",\"name\":\"General Beverage\",\"url\":\"https:\\\/\\\/www.iobevo.com\\\/online\\\/\",\"logo\":{\"@type\":\"ImageObject\",\"inLanguage\":\"it-IT\",\"@id\":\"https:\\\/\\\/www.iobevo.com\\\/online\\\/#\\\/schema\\\/logo\\\/image\\\/\",\"url\":\"https:\\\/\\\/www.iobevo.com\\\/online\\\/wp-content\\\/uploads\\\/2014\\\/01\\\/logo_gb_horizontal_grey_160x47.png\",\"contentUrl\":\"https:\\\/\\\/www.iobevo.com\\\/online\\\/wp-content\\\/uploads\\\/2014\\\/01\\\/logo_gb_horizontal_grey_160x47.png\",\"width\":160,\"height\":47,\"caption\":\"General Beverage\"},\"image\":{\"@id\":\"https:\\\/\\\/www.iobevo.com\\\/online\\\/#\\\/schema\\\/logo\\\/image\\\/\"},\"sameAs\":[\"https:\\\/\\\/x.com\\\/IoBevo\"]}]}<\/script>\n<!-- \/ Yoast SEO plugin. -->","yoast_head_json":{"title":"Benessere a colazione con io wellness, bevande salutistiche","description":"Io wellness \u00e8 il servizio pensato per gli ospiti di alberghi e villaggi turistici per offrire una colazione a base di bevande salutistiche calde e fredde.","robots":{"index":"index","follow":"follow","max-snippet":"max-snippet:-1","max-image-preview":"max-image-preview:large","max-video-preview":"max-video-preview:-1"},"canonical":"https:\/\/www.iobevo.com\/online\/servicios\/io-wellness\/?lang=es","og_locale":"it_IT","og_type":"article","og_title":"Benessere a colazione con io wellness, bevande salutistiche","og_description":"Io wellness \u00e8 il servizio pensato per gli ospiti di alberghi e villaggi turistici per offrire una colazione a base di bevande salutistiche calde e fredde.","og_url":"https:\/\/www.iobevo.com\/online\/servicios\/io-wellness\/?lang=es","og_site_name":"io bevo\u00ae","article_modified_time":"2017-08-03T09:32:35+00:00","og_image":[{"width":2048,"height":2048,"url":"https:\/\/www.iobevo.com\/online\/wp-content\/uploads\/2017\/02\/FOTO-IO-WELLNESS-1007.jpg","type":"image\/jpeg"}],"twitter_card":"summary_large_image","twitter_title":"Benessere a colazione con io wellness, bevande salutistiche","twitter_description":"Io wellness \u00e8 il servizio pensato per gli ospiti di alberghi e villaggi turistici per offrire una colazione a base di bevande salutistiche calde e fredde.","twitter_image":"https:\/\/www.iobevo.com\/online\/wp-content\/uploads\/2017\/02\/FOTO-IO-WELLNESS-1007.jpg","twitter_site":"@IoBevo","twitter_misc":{"Tempo di lettura stimato":"1 minuto"},"schema":{"@context":"https:\/\/schema.org","@graph":[{"@type":"WebPage","@id":"https:\/\/www.iobevo.com\/online\/servicios\/io-wellness\/?lang=es","url":"https:\/\/www.iobevo.com\/online\/servicios\/io-wellness\/?lang=es","name":"Benessere a colazione con io wellness, bevande salutistiche","isPartOf":{"@id":"https:\/\/www.iobevo.com\/online\/#website"},"primaryImageOfPage":{"@id":"https:\/\/www.iobevo.com\/online\/servicios\/io-wellness\/?lang=es#primaryimage"},"image":{"@id":"https:\/\/www.iobevo.com\/online\/servicios\/io-wellness\/?lang=es#primaryimage"},"thumbnailUrl":"https:\/\/www.iobevo.com\/online\/wp-content\/uploads\/2014\/01\/slide-2-bg-e1400667726929.png","datePublished":"2017-02-26T11:02:56+00:00","dateModified":"2017-08-03T09:32:35+00:00","description":"Io wellness \u00e8 il servizio pensato per gli ospiti di alberghi e villaggi turistici per offrire una colazione a base di bevande salutistiche calde e fredde.","breadcrumb":{"@id":"https:\/\/www.iobevo.com\/online\/servicios\/io-wellness\/?lang=es#breadcrumb"},"inLanguage":"it-IT","potentialAction":[{"@type":"ReadAction","target":["https:\/\/www.iobevo.com\/online\/servicios\/io-wellness\/?lang=es"]}]},{"@type":"ImageObject","inLanguage":"it-IT","@id":"https:\/\/www.iobevo.com\/online\/servicios\/io-wellness\/?lang=es#primaryimage","url":"https:\/\/www.iobevo.com\/online\/wp-content\/uploads\/2014\/01\/slide-2-bg-e1400667726929.png","contentUrl":"https:\/\/www.iobevo.com\/online\/wp-content\/uploads\/2014\/01\/slide-2-bg-e1400667726929.png","width":1512,"height":400},{"@type":"BreadcrumbList","@id":"https:\/\/www.iobevo.com\/online\/servicios\/io-wellness\/?lang=es#breadcrumb","itemListElement":[{"@type":"ListItem","position":1,"name":"Servicios","item":"https:\/\/www.iobevo.com\/online\/servicios\/?lang=es"},{"@type":"ListItem","position":2,"name":"io wellness"}]},{"@type":"WebSite","@id":"https:\/\/www.iobevo.com\/online\/#website","url":"https:\/\/www.iobevo.com\/online\/","name":"io bevo\u00ae","description":"Drink Plastic free","publisher":{"@id":"https:\/\/www.iobevo.com\/online\/#organization"},"potentialAction":[{"@type":"SearchAction","target":{"@type":"EntryPoint","urlTemplate":"https:\/\/www.iobevo.com\/online\/?s={search_term_string}"},"query-input":{"@type":"PropertyValueSpecification","valueRequired":true,"valueName":"search_term_string"}}],"inLanguage":"it-IT"},{"@type":"Organization","@id":"https:\/\/www.iobevo.com\/online\/#organization","name":"General Beverage","url":"https:\/\/www.iobevo.com\/online\/","logo":{"@type":"ImageObject","inLanguage":"it-IT","@id":"https:\/\/www.iobevo.com\/online\/#\/schema\/logo\/image\/","url":"https:\/\/www.iobevo.com\/online\/wp-content\/uploads\/2014\/01\/logo_gb_horizontal_grey_160x47.png","contentUrl":"https:\/\/www.iobevo.com\/online\/wp-content\/uploads\/2014\/01\/logo_gb_horizontal_grey_160x47.png","width":160,"height":47,"caption":"General Beverage"},"image":{"@id":"https:\/\/www.iobevo.com\/online\/#\/schema\/logo\/image\/"},"sameAs":["https:\/\/x.com\/IoBevo"]}]}},"_links":{"self":[{"href":"https:\/\/www.iobevo.com\/online\/wp-json\/wp\/v2\/pages\/13057","targetHints":{"allow":["GET"]}}],"collection":[{"href":"https:\/\/www.iobevo.com\/online\/wp-json\/wp\/v2\/pages"}],"about":[{"href":"https:\/\/www.iobevo.com\/online\/wp-json\/wp\/v2\/types\/page"}],"author":[{"embeddable":true,"href":"https:\/\/www.iobevo.com\/online\/wp-json\/wp\/v2\/users\/84"}],"replies":[{"embeddable":true,"href":"https:\/\/www.iobevo.com\/online\/wp-json\/wp\/v2\/comments?post=13057"}],"version-history":[{"count":0,"href":"https:\/\/www.iobevo.com\/online\/wp-json\/wp\/v2\/pages\/13057\/revisions"}],"up":[{"embeddable":true,"href":"https:\/\/www.iobevo.com\/online\/wp-json\/wp\/v2\/pages\/6536"}],"wp:featuredmedia":[{"embeddable":true,"href":"https:\/\/www.iobevo.com\/online\/wp-json\/wp\/v2\/media\/2831"}],"wp:attachment":[{"href":"https:\/\/www.iobevo.com\/online\/wp-json\/wp\/v2\/media?parent=13057"}],"curies":[{"name":"wp","href":"https:\/\/api.w.org\/{rel}","templated":true}]}}