{"id":13149,"date":"2017-02-27T12:41:52","date_gmt":"2017-02-27T10:41:52","guid":{"rendered":"https:\/\/www.iobevo.com\/online\/distribuidores\/dispenser-marmellate\/"},"modified":"2017-08-03T17:31:56","modified_gmt":"2017-08-03T15:31:56","slug":"dispenser-marmeladas","status":"publish","type":"page","link":"https:\/\/www.iobevo.com\/online\/distribuidores\/dispenser-marmeladas\/?lang=es","title":{"rendered":"Dispenser marmeladas"},"content":{"rendered":"<h3 class=\"title\"><span>Carater\u00edsticas t\u00e9cnicas<\/span><\/h3>\n<div class=\"one_half\">\n<div class=\"description clearfix style-1\">\nLarghezza: mm 130<\/p>\n<p>Profondit\u00e0: mm 380<\/p>\n<p>Altezza: mm 390\n<\/p><\/div>\n<\/div>\n<div class=\"one_half last\"><span class=\"responsive\"><img fetchpriority=\"high\" decoding=\"async\" class=\"aligncenter wp-image-11081\" src=\"http:\/\/www.iobevo.com\/online\/wp-content\/uploads\/2017\/02\/FOTO-DISPENSER-IO-JAM-2001-207x300.png\" alt=\"DISPENSER MARMELLATE\" width=\"276\" height=\"400\" srcset=\"https:\/\/www.iobevo.com\/online\/wp-content\/uploads\/2017\/02\/FOTO-DISPENSER-IO-JAM-2001-207x300.png 207w, https:\/\/www.iobevo.com\/online\/wp-content\/uploads\/2017\/02\/FOTO-DISPENSER-IO-JAM-2001-768x1111.png 768w, https:\/\/www.iobevo.com\/online\/wp-content\/uploads\/2017\/02\/FOTO-DISPENSER-IO-JAM-2001-708x1024.png 708w, https:\/\/www.iobevo.com\/online\/wp-content\/uploads\/2017\/02\/FOTO-DISPENSER-IO-JAM-2001.png 1873w\" sizes=\"(max-width: 276px) 100vw, 276px\" \/><\/span><\/div>\n<div class=\"clear\"><\/div>\n","protected":false},"excerpt":{"rendered":"<p>Carater\u00edsticas t\u00e9cnicas Larghezza: mm 130 Profondit\u00e0: mm 380 Altezza: mm 390<\/p>\n","protected":false},"author":84,"featured_media":2831,"parent":6793,"menu_order":0,"comment_status":"closed","ping_status":"closed","template":"","meta":{"footnotes":""},"class_list":["post-13149","page","type-page","status-publish","has-post-thumbnail","hentry"],"yoast_head":"<!-- This site is optimized with the Yoast SEO plugin v27.3 - https:\/\/yoast.com\/product\/yoast-seo-wordpress\/ -->\n<title>Dispenser marmeladas - io bevo\u00ae<\/title>\n<meta name=\"robots\" content=\"index, follow, max-snippet:-1, max-image-preview:large, max-video-preview:-1\" \/>\n<link rel=\"canonical\" href=\"https:\/\/www.iobevo.com\/online\/distribuidores\/dispenser-marmeladas\/?lang=es\" \/>\n<meta property=\"og:locale\" content=\"it_IT\" \/>\n<meta property=\"og:type\" content=\"article\" \/>\n<meta property=\"og:title\" content=\"Dispenser marmeladas - io bevo\u00ae\" \/>\n<meta property=\"og:description\" content=\"Carater\u00edsticas t\u00e9cnicas Larghezza: mm 130 Profondit\u00e0: mm 380 Altezza: mm 390\" \/>\n<meta property=\"og:url\" content=\"https:\/\/www.iobevo.com\/online\/distribuidores\/dispenser-marmeladas\/?lang=es\" \/>\n<meta property=\"og:site_name\" content=\"io bevo\u00ae\" \/>\n<meta property=\"article:modified_time\" content=\"2017-08-03T15:31:56+00:00\" \/>\n<meta property=\"og:image\" content=\"https:\/\/www.iobevo.com\/online\/wp-content\/uploads\/2014\/01\/slide-2-bg-e1400667726929.png\" \/>\n\t<meta property=\"og:image:width\" content=\"1512\" \/>\n\t<meta property=\"og:image:height\" content=\"400\" \/>\n\t<meta property=\"og:image:type\" content=\"image\/png\" \/>\n<meta name=\"twitter:card\" content=\"summary_large_image\" \/>\n<meta name=\"twitter:site\" content=\"@IoBevo\" \/>\n<script type=\"application\/ld+json\" class=\"yoast-schema-graph\">{\"@context\":\"https:\\\/\\\/schema.org\",\"@graph\":[{\"@type\":\"WebPage\",\"@id\":\"https:\\\/\\\/www.iobevo.com\\\/online\\\/distribuidores\\\/dispenser-marmeladas\\\/?lang=es\",\"url\":\"https:\\\/\\\/www.iobevo.com\\\/online\\\/distribuidores\\\/dispenser-marmeladas\\\/?lang=es\",\"name\":\"Dispenser marmeladas - io bevo\u00ae\",\"isPartOf\":{\"@id\":\"https:\\\/\\\/www.iobevo.com\\\/online\\\/#website\"},\"primaryImageOfPage\":{\"@id\":\"https:\\\/\\\/www.iobevo.com\\\/online\\\/distribuidores\\\/dispenser-marmeladas\\\/?lang=es#primaryimage\"},\"image\":{\"@id\":\"https:\\\/\\\/www.iobevo.com\\\/online\\\/distribuidores\\\/dispenser-marmeladas\\\/?lang=es#primaryimage\"},\"thumbnailUrl\":\"https:\\\/\\\/www.iobevo.com\\\/online\\\/wp-content\\\/uploads\\\/2014\\\/01\\\/slide-2-bg-e1400667726929.png\",\"datePublished\":\"2017-02-27T10:41:52+00:00\",\"dateModified\":\"2017-08-03T15:31:56+00:00\",\"breadcrumb\":{\"@id\":\"https:\\\/\\\/www.iobevo.com\\\/online\\\/distribuidores\\\/dispenser-marmeladas\\\/?lang=es#breadcrumb\"},\"inLanguage\":\"it-IT\",\"potentialAction\":[{\"@type\":\"ReadAction\",\"target\":[\"https:\\\/\\\/www.iobevo.com\\\/online\\\/distribuidores\\\/dispenser-marmeladas\\\/?lang=es\"]}]},{\"@type\":\"ImageObject\",\"inLanguage\":\"it-IT\",\"@id\":\"https:\\\/\\\/www.iobevo.com\\\/online\\\/distribuidores\\\/dispenser-marmeladas\\\/?lang=es#primaryimage\",\"url\":\"https:\\\/\\\/www.iobevo.com\\\/online\\\/wp-content\\\/uploads\\\/2014\\\/01\\\/slide-2-bg-e1400667726929.png\",\"contentUrl\":\"https:\\\/\\\/www.iobevo.com\\\/online\\\/wp-content\\\/uploads\\\/2014\\\/01\\\/slide-2-bg-e1400667726929.png\",\"width\":1512,\"height\":400},{\"@type\":\"BreadcrumbList\",\"@id\":\"https:\\\/\\\/www.iobevo.com\\\/online\\\/distribuidores\\\/dispenser-marmeladas\\\/?lang=es#breadcrumb\",\"itemListElement\":[{\"@type\":\"ListItem\",\"position\":1,\"name\":\"Distribuidores\",\"item\":\"https:\\\/\\\/www.iobevo.com\\\/online\\\/distribuidores\\\/?lang=es\"},{\"@type\":\"ListItem\",\"position\":2,\"name\":\"Dispenser marmeladas\"}]},{\"@type\":\"WebSite\",\"@id\":\"https:\\\/\\\/www.iobevo.com\\\/online\\\/#website\",\"url\":\"https:\\\/\\\/www.iobevo.com\\\/online\\\/\",\"name\":\"io bevo\u00ae\",\"description\":\"Drink Plastic free\",\"publisher\":{\"@id\":\"https:\\\/\\\/www.iobevo.com\\\/online\\\/#organization\"},\"potentialAction\":[{\"@type\":\"SearchAction\",\"target\":{\"@type\":\"EntryPoint\",\"urlTemplate\":\"https:\\\/\\\/www.iobevo.com\\\/online\\\/?s={search_term_string}\"},\"query-input\":{\"@type\":\"PropertyValueSpecification\",\"valueRequired\":true,\"valueName\":\"search_term_string\"}}],\"inLanguage\":\"it-IT\"},{\"@type\":\"Organization\",\"@id\":\"https:\\\/\\\/www.iobevo.com\\\/online\\\/#organization\",\"name\":\"General Beverage\",\"url\":\"https:\\\/\\\/www.iobevo.com\\\/online\\\/\",\"logo\":{\"@type\":\"ImageObject\",\"inLanguage\":\"it-IT\",\"@id\":\"https:\\\/\\\/www.iobevo.com\\\/online\\\/#\\\/schema\\\/logo\\\/image\\\/\",\"url\":\"https:\\\/\\\/www.iobevo.com\\\/online\\\/wp-content\\\/uploads\\\/2014\\\/01\\\/logo_gb_horizontal_grey_160x47.png\",\"contentUrl\":\"https:\\\/\\\/www.iobevo.com\\\/online\\\/wp-content\\\/uploads\\\/2014\\\/01\\\/logo_gb_horizontal_grey_160x47.png\",\"width\":160,\"height\":47,\"caption\":\"General Beverage\"},\"image\":{\"@id\":\"https:\\\/\\\/www.iobevo.com\\\/online\\\/#\\\/schema\\\/logo\\\/image\\\/\"},\"sameAs\":[\"https:\\\/\\\/x.com\\\/IoBevo\"]}]}<\/script>\n<!-- \/ Yoast SEO plugin. -->","yoast_head_json":{"title":"Dispenser marmeladas - io bevo\u00ae","robots":{"index":"index","follow":"follow","max-snippet":"max-snippet:-1","max-image-preview":"max-image-preview:large","max-video-preview":"max-video-preview:-1"},"canonical":"https:\/\/www.iobevo.com\/online\/distribuidores\/dispenser-marmeladas\/?lang=es","og_locale":"it_IT","og_type":"article","og_title":"Dispenser marmeladas - io bevo\u00ae","og_description":"Carater\u00edsticas t\u00e9cnicas Larghezza: mm 130 Profondit\u00e0: mm 380 Altezza: mm 390","og_url":"https:\/\/www.iobevo.com\/online\/distribuidores\/dispenser-marmeladas\/?lang=es","og_site_name":"io bevo\u00ae","article_modified_time":"2017-08-03T15:31:56+00:00","og_image":[{"width":1512,"height":400,"url":"https:\/\/www.iobevo.com\/online\/wp-content\/uploads\/2014\/01\/slide-2-bg-e1400667726929.png","type":"image\/png"}],"twitter_card":"summary_large_image","twitter_site":"@IoBevo","schema":{"@context":"https:\/\/schema.org","@graph":[{"@type":"WebPage","@id":"https:\/\/www.iobevo.com\/online\/distribuidores\/dispenser-marmeladas\/?lang=es","url":"https:\/\/www.iobevo.com\/online\/distribuidores\/dispenser-marmeladas\/?lang=es","name":"Dispenser marmeladas - io bevo\u00ae","isPartOf":{"@id":"https:\/\/www.iobevo.com\/online\/#website"},"primaryImageOfPage":{"@id":"https:\/\/www.iobevo.com\/online\/distribuidores\/dispenser-marmeladas\/?lang=es#primaryimage"},"image":{"@id":"https:\/\/www.iobevo.com\/online\/distribuidores\/dispenser-marmeladas\/?lang=es#primaryimage"},"thumbnailUrl":"https:\/\/www.iobevo.com\/online\/wp-content\/uploads\/2014\/01\/slide-2-bg-e1400667726929.png","datePublished":"2017-02-27T10:41:52+00:00","dateModified":"2017-08-03T15:31:56+00:00","breadcrumb":{"@id":"https:\/\/www.iobevo.com\/online\/distribuidores\/dispenser-marmeladas\/?lang=es#breadcrumb"},"inLanguage":"it-IT","potentialAction":[{"@type":"ReadAction","target":["https:\/\/www.iobevo.com\/online\/distribuidores\/dispenser-marmeladas\/?lang=es"]}]},{"@type":"ImageObject","inLanguage":"it-IT","@id":"https:\/\/www.iobevo.com\/online\/distribuidores\/dispenser-marmeladas\/?lang=es#primaryimage","url":"https:\/\/www.iobevo.com\/online\/wp-content\/uploads\/2014\/01\/slide-2-bg-e1400667726929.png","contentUrl":"https:\/\/www.iobevo.com\/online\/wp-content\/uploads\/2014\/01\/slide-2-bg-e1400667726929.png","width":1512,"height":400},{"@type":"BreadcrumbList","@id":"https:\/\/www.iobevo.com\/online\/distribuidores\/dispenser-marmeladas\/?lang=es#breadcrumb","itemListElement":[{"@type":"ListItem","position":1,"name":"Distribuidores","item":"https:\/\/www.iobevo.com\/online\/distribuidores\/?lang=es"},{"@type":"ListItem","position":2,"name":"Dispenser marmeladas"}]},{"@type":"WebSite","@id":"https:\/\/www.iobevo.com\/online\/#website","url":"https:\/\/www.iobevo.com\/online\/","name":"io bevo\u00ae","description":"Drink Plastic free","publisher":{"@id":"https:\/\/www.iobevo.com\/online\/#organization"},"potentialAction":[{"@type":"SearchAction","target":{"@type":"EntryPoint","urlTemplate":"https:\/\/www.iobevo.com\/online\/?s={search_term_string}"},"query-input":{"@type":"PropertyValueSpecification","valueRequired":true,"valueName":"search_term_string"}}],"inLanguage":"it-IT"},{"@type":"Organization","@id":"https:\/\/www.iobevo.com\/online\/#organization","name":"General Beverage","url":"https:\/\/www.iobevo.com\/online\/","logo":{"@type":"ImageObject","inLanguage":"it-IT","@id":"https:\/\/www.iobevo.com\/online\/#\/schema\/logo\/image\/","url":"https:\/\/www.iobevo.com\/online\/wp-content\/uploads\/2014\/01\/logo_gb_horizontal_grey_160x47.png","contentUrl":"https:\/\/www.iobevo.com\/online\/wp-content\/uploads\/2014\/01\/logo_gb_horizontal_grey_160x47.png","width":160,"height":47,"caption":"General Beverage"},"image":{"@id":"https:\/\/www.iobevo.com\/online\/#\/schema\/logo\/image\/"},"sameAs":["https:\/\/x.com\/IoBevo"]}]}},"_links":{"self":[{"href":"https:\/\/www.iobevo.com\/online\/wp-json\/wp\/v2\/pages\/13149","targetHints":{"allow":["GET"]}}],"collection":[{"href":"https:\/\/www.iobevo.com\/online\/wp-json\/wp\/v2\/pages"}],"about":[{"href":"https:\/\/www.iobevo.com\/online\/wp-json\/wp\/v2\/types\/page"}],"author":[{"embeddable":true,"href":"https:\/\/www.iobevo.com\/online\/wp-json\/wp\/v2\/users\/84"}],"replies":[{"embeddable":true,"href":"https:\/\/www.iobevo.com\/online\/wp-json\/wp\/v2\/comments?post=13149"}],"version-history":[{"count":0,"href":"https:\/\/www.iobevo.com\/online\/wp-json\/wp\/v2\/pages\/13149\/revisions"}],"up":[{"embeddable":true,"href":"https:\/\/www.iobevo.com\/online\/wp-json\/wp\/v2\/pages\/6793"}],"wp:featuredmedia":[{"embeddable":true,"href":"https:\/\/www.iobevo.com\/online\/wp-json\/wp\/v2\/media\/2831"}],"wp:attachment":[{"href":"https:\/\/www.iobevo.com\/online\/wp-json\/wp\/v2\/media?parent=13149"}],"curies":[{"name":"wp","href":"https:\/\/api.w.org\/{rel}","templated":true}]}}