{"id":13159,"date":"2017-02-27T03:42:26","date_gmt":"2017-02-27T01:42:26","guid":{"rendered":"https:\/\/www.iobevo.com\/online\/servicios\/io-jam\/"},"modified":"2017-08-03T17:42:43","modified_gmt":"2017-08-03T15:42:43","slug":"io-jam","status":"publish","type":"page","link":"https:\/\/www.iobevo.com\/online\/servicios\/io-jam\/?lang=es","title":{"rendered":"io jam\u00ae"},"content":{"rendered":"<h4>MARMELADAS POR DESAYUNO CON FRUTA NATURALES<\/h4>\n<p>La distribuci\u00f3n se realiza mediante la colocaci\u00f3n de distribuidores especiales de marmeladas. El sistema de distribuci\u00f3n es formado por una bater\u00eda est\u00e1ndar de 5\/6 dispensadores , uno para sabor. En funci\u00f3n de las necesidades se proporciona en el n\u00famero de dispensadores de preparados de bater\u00edas modulares, con la posibilidad de aumentar la variedad de la propuesta. El producto , gracias a la selecci\u00f3n de materias primas naturales , se caracteriza por un alto est\u00e1ndar de calidad. Para el servicio al cliente final es una refrescante alternativa a los productos envasados tradicionales.<\/p>\n<h4><\/h4>\n<p><img fetchpriority=\"high\" decoding=\"async\" class=\"aligncenter wp-image-10991\" src=\"http:\/\/www.iobevo.com\/online\/wp-content\/uploads\/2017\/02\/FOTO-IO-JAM-1009.jpg\" alt=\"Marmellate di frutta, miele, crema cioccolato\" width=\"600\" height=\"250\" \/><\/p>\n<h4>Reducci\u00f3n de el impacto ambiental<\/h4>\n<p>El servicio , presenta aspectos y ventajas en t\u00e9rminos de reducci\u00f3n del impacto ambiental. Gracias a la distribuci\u00f3n de productos a granel en lugar de envases desechables de pl\u00e1stico o de vidrio, el servicio contribuye a evitar la producci\u00f3n de residuos. A continuaci\u00f3n se muestra un c\u00e1lculo y la comparaci\u00f3n de los productos utilizandos de una sola dosis de 28 gramos de producto y sistema Iobevo . El pron\u00f3stico se basa en un consumo anual de 400.000 dosis \u00fanicas .<\/p>\n<div style=\"margin-top: 40px;\">\n<div class=\"gap\" style=\"height: 30px;\"><\/div>\n<div class=\"one_half\"><h3 class=\"title\"><span>Productos<\/span><\/h3><div class=\"latest-portfolio negative-wrap\"><div class=\"portfolio-item four columns\"><div class=\"portfolio-it\">\n\t\t\t\t  \t\t<a href=\"https:\/\/www.iobevo.com\/online\/portfolio-item\/marmellate-e-miele\/\" title=\"Marmellate e miele\"><span class=\"portfolio-pic\"><img decoding=\"async\" src=\"https:\/\/www.iobevo.com\/online\/wp-content\/uploads\/2017\/02\/FOTO-IO-JAM-1009-460x300.jpg\" \/><div class=\"portfolio-overlay\"><span class=\"overlay-link\"><\/span><\/div><\/span><\/a>\n\t\t\t\t  \t\t<a href=\"https:\/\/www.iobevo.com\/online\/portfolio-item\/marmellate-e-miele\/\" title=\"Marmellate e miele\" class=\"portfolio-title\"><h4>Marmellate e miele<\/h4><span>Marmellate di frutta, miele, crema cioccolato<\/span><\/a>\n\t\t\t\t  \t<\/div><\/div><\/div><div class=\"clear\"><\/div><\/div>\n<div class=\"one_half last\"><h3 class=\"title\"><span>Distribuidores<\/span><\/h3><div class=\"latest-portfolio negative-wrap\"><div class=\"portfolio-item four columns\"><div class=\"portfolio-it\">\n\t\t\t\t  \t\t<a href=\"https:\/\/www.iobevo.com\/online\/portfolio-item\/dispenser-marmellate\/\" title=\"Dispenser marmellate\"><span class=\"portfolio-pic\"><img decoding=\"async\" src=\"https:\/\/www.iobevo.com\/online\/wp-content\/uploads\/2017\/02\/marmellate_dis_big-460x300.jpg\" \/><div class=\"portfolio-overlay\"><span class=\"overlay-link\"><\/span><\/div><\/span><\/a>\n\t\t\t\t  \t\t<a href=\"https:\/\/www.iobevo.com\/online\/portfolio-item\/dispenser-marmellate\/\" title=\"Dispenser marmellate\" class=\"portfolio-title\"><h4>Dispenser marmellate<\/h4><span>Per marmellate, miele e cioccolato<\/span><\/a>\n\t\t\t\t  \t<\/div><\/div><\/div><div class=\"clear\"><\/div><\/div>\n<div class=\"clear\"><\/div>\n<\/div>\n","protected":false},"excerpt":{"rendered":"<p>MARMELADAS POR DESAYUNO CON FRUTA NATURALES La distribuci\u00f3n se realiza mediante la colocaci\u00f3n de distribuidores especiales de marmeladas. El sistema de distribuci\u00f3n es formado por una bater\u00eda est\u00e1ndar de 5\/6 dispensadores , uno para sabor. En funci\u00f3n de las necesidades se proporciona en el n\u00famero de dispensadores de preparados de [&hellip;]<\/p>\n","protected":false},"author":84,"featured_media":2831,"parent":6536,"menu_order":0,"comment_status":"closed","ping_status":"closed","template":"","meta":{"footnotes":""},"class_list":["post-13159","page","type-page","status-publish","has-post-thumbnail","hentry"],"yoast_head":"<!-- This site is optimized with the Yoast SEO plugin v27.4 - https:\/\/yoast.com\/product\/yoast-seo-wordpress\/ -->\n<title>| io jam \u00e8 il servizio di distribuzione di marmellate con dispenser<\/title>\n<meta name=\"description\" content=\"io jam \u00e8 il servizio di distribuzione di marmellate, miele e crema al cioccolato con dispenser. Qualit\u00e0 e innovazione, con ridotto impatto ambientale.\" \/>\n<meta name=\"robots\" content=\"index, follow, max-snippet:-1, max-image-preview:large, max-video-preview:-1\" \/>\n<link rel=\"canonical\" href=\"https:\/\/www.iobevo.com\/online\/servicios\/io-jam\/?lang=es\" \/>\n<meta property=\"og:locale\" content=\"it_IT\" \/>\n<meta property=\"og:type\" content=\"article\" \/>\n<meta property=\"og:title\" content=\"io jam \u00e8 il servizio di distribuzione di marmellate con dispenser\" \/>\n<meta property=\"og:description\" content=\"io jam \u00e8 il servizio di distribuzione di marmellate, miele e crema al cioccolato con dispenser. Qualit\u00e0 e innovazione, con ridotto impatto ambientale.\" \/>\n<meta property=\"og:url\" content=\"https:\/\/www.iobevo.com\/online\/servicios\/io-jam\/?lang=es\" \/>\n<meta property=\"og:site_name\" content=\"io bevo\u00ae\" \/>\n<meta property=\"article:modified_time\" content=\"2017-08-03T15:42:43+00:00\" \/>\n<meta property=\"og:image\" content=\"https:\/\/www.iobevo.com\/online\/wp-content\/uploads\/2014\/01\/FOTO-IO-JAM-1006.jpg\" \/>\n\t<meta property=\"og:image:width\" content=\"678\" \/>\n\t<meta property=\"og:image:height\" content=\"530\" \/>\n\t<meta property=\"og:image:type\" content=\"image\/jpeg\" \/>\n<meta name=\"twitter:card\" content=\"summary_large_image\" \/>\n<meta name=\"twitter:title\" content=\"io jam \u00e8 il servizio di distribuzione di marmellate con dispenser\" \/>\n<meta name=\"twitter:description\" content=\"io jam \u00e8 il servizio di distribuzione di marmellate, miele e crema al cioccolato con dispenser. Qualit\u00e0 e innovazione, con ridotto impatto ambientale.\" \/>\n<meta name=\"twitter:image\" content=\"https:\/\/www.iobevo.com\/online\/wp-content\/uploads\/2014\/01\/FOTO-IO-JAM-1006.jpg\" \/>\n<meta name=\"twitter:site\" content=\"@IoBevo\" \/>\n<meta name=\"twitter:label1\" content=\"Tempo di lettura stimato\" \/>\n\t<meta name=\"twitter:data1\" content=\"1 minuto\" \/>\n<script type=\"application\/ld+json\" class=\"yoast-schema-graph\">{\"@context\":\"https:\\\/\\\/schema.org\",\"@graph\":[{\"@type\":\"WebPage\",\"@id\":\"https:\\\/\\\/www.iobevo.com\\\/online\\\/servicios\\\/io-jam\\\/?lang=es\",\"url\":\"https:\\\/\\\/www.iobevo.com\\\/online\\\/servicios\\\/io-jam\\\/?lang=es\",\"name\":\"| io jam \u00e8 il servizio di distribuzione di marmellate con dispenser\",\"isPartOf\":{\"@id\":\"https:\\\/\\\/www.iobevo.com\\\/online\\\/#website\"},\"primaryImageOfPage\":{\"@id\":\"https:\\\/\\\/www.iobevo.com\\\/online\\\/servicios\\\/io-jam\\\/?lang=es#primaryimage\"},\"image\":{\"@id\":\"https:\\\/\\\/www.iobevo.com\\\/online\\\/servicios\\\/io-jam\\\/?lang=es#primaryimage\"},\"thumbnailUrl\":\"https:\\\/\\\/www.iobevo.com\\\/online\\\/wp-content\\\/uploads\\\/2014\\\/01\\\/slide-2-bg-e1400667726929.png\",\"datePublished\":\"2017-02-27T01:42:26+00:00\",\"dateModified\":\"2017-08-03T15:42:43+00:00\",\"description\":\"io jam \u00e8 il servizio di distribuzione di marmellate, miele e crema al cioccolato con dispenser. Qualit\u00e0 e innovazione, con ridotto impatto ambientale.\",\"breadcrumb\":{\"@id\":\"https:\\\/\\\/www.iobevo.com\\\/online\\\/servicios\\\/io-jam\\\/?lang=es#breadcrumb\"},\"inLanguage\":\"it-IT\",\"potentialAction\":[{\"@type\":\"ReadAction\",\"target\":[\"https:\\\/\\\/www.iobevo.com\\\/online\\\/servicios\\\/io-jam\\\/?lang=es\"]}]},{\"@type\":\"ImageObject\",\"inLanguage\":\"it-IT\",\"@id\":\"https:\\\/\\\/www.iobevo.com\\\/online\\\/servicios\\\/io-jam\\\/?lang=es#primaryimage\",\"url\":\"https:\\\/\\\/www.iobevo.com\\\/online\\\/wp-content\\\/uploads\\\/2014\\\/01\\\/slide-2-bg-e1400667726929.png\",\"contentUrl\":\"https:\\\/\\\/www.iobevo.com\\\/online\\\/wp-content\\\/uploads\\\/2014\\\/01\\\/slide-2-bg-e1400667726929.png\",\"width\":1512,\"height\":400},{\"@type\":\"BreadcrumbList\",\"@id\":\"https:\\\/\\\/www.iobevo.com\\\/online\\\/servicios\\\/io-jam\\\/?lang=es#breadcrumb\",\"itemListElement\":[{\"@type\":\"ListItem\",\"position\":1,\"name\":\"Servicios\",\"item\":\"https:\\\/\\\/www.iobevo.com\\\/online\\\/servicios\\\/?lang=es\"},{\"@type\":\"ListItem\",\"position\":2,\"name\":\"io jam\u00ae\"}]},{\"@type\":\"WebSite\",\"@id\":\"https:\\\/\\\/www.iobevo.com\\\/online\\\/#website\",\"url\":\"https:\\\/\\\/www.iobevo.com\\\/online\\\/\",\"name\":\"io bevo\u00ae\",\"description\":\"Drink Plastic free\",\"publisher\":{\"@id\":\"https:\\\/\\\/www.iobevo.com\\\/online\\\/#organization\"},\"potentialAction\":[{\"@type\":\"SearchAction\",\"target\":{\"@type\":\"EntryPoint\",\"urlTemplate\":\"https:\\\/\\\/www.iobevo.com\\\/online\\\/?s={search_term_string}\"},\"query-input\":{\"@type\":\"PropertyValueSpecification\",\"valueRequired\":true,\"valueName\":\"search_term_string\"}}],\"inLanguage\":\"it-IT\"},{\"@type\":\"Organization\",\"@id\":\"https:\\\/\\\/www.iobevo.com\\\/online\\\/#organization\",\"name\":\"General Beverage\",\"url\":\"https:\\\/\\\/www.iobevo.com\\\/online\\\/\",\"logo\":{\"@type\":\"ImageObject\",\"inLanguage\":\"it-IT\",\"@id\":\"https:\\\/\\\/www.iobevo.com\\\/online\\\/#\\\/schema\\\/logo\\\/image\\\/\",\"url\":\"https:\\\/\\\/www.iobevo.com\\\/online\\\/wp-content\\\/uploads\\\/2014\\\/01\\\/logo_gb_horizontal_grey_160x47.png\",\"contentUrl\":\"https:\\\/\\\/www.iobevo.com\\\/online\\\/wp-content\\\/uploads\\\/2014\\\/01\\\/logo_gb_horizontal_grey_160x47.png\",\"width\":160,\"height\":47,\"caption\":\"General Beverage\"},\"image\":{\"@id\":\"https:\\\/\\\/www.iobevo.com\\\/online\\\/#\\\/schema\\\/logo\\\/image\\\/\"},\"sameAs\":[\"https:\\\/\\\/x.com\\\/IoBevo\"]}]}<\/script>\n<!-- \/ Yoast SEO plugin. -->","yoast_head_json":{"title":"| io jam \u00e8 il servizio di distribuzione di marmellate con dispenser","description":"io jam \u00e8 il servizio di distribuzione di marmellate, miele e crema al cioccolato con dispenser. Qualit\u00e0 e innovazione, con ridotto impatto ambientale.","robots":{"index":"index","follow":"follow","max-snippet":"max-snippet:-1","max-image-preview":"max-image-preview:large","max-video-preview":"max-video-preview:-1"},"canonical":"https:\/\/www.iobevo.com\/online\/servicios\/io-jam\/?lang=es","og_locale":"it_IT","og_type":"article","og_title":"io jam \u00e8 il servizio di distribuzione di marmellate con dispenser","og_description":"io jam \u00e8 il servizio di distribuzione di marmellate, miele e crema al cioccolato con dispenser. Qualit\u00e0 e innovazione, con ridotto impatto ambientale.","og_url":"https:\/\/www.iobevo.com\/online\/servicios\/io-jam\/?lang=es","og_site_name":"io bevo\u00ae","article_modified_time":"2017-08-03T15:42:43+00:00","og_image":[{"width":678,"height":530,"url":"https:\/\/www.iobevo.com\/online\/wp-content\/uploads\/2014\/01\/FOTO-IO-JAM-1006.jpg","type":"image\/jpeg"}],"twitter_card":"summary_large_image","twitter_title":"io jam \u00e8 il servizio di distribuzione di marmellate con dispenser","twitter_description":"io jam \u00e8 il servizio di distribuzione di marmellate, miele e crema al cioccolato con dispenser. Qualit\u00e0 e innovazione, con ridotto impatto ambientale.","twitter_image":"https:\/\/www.iobevo.com\/online\/wp-content\/uploads\/2014\/01\/FOTO-IO-JAM-1006.jpg","twitter_site":"@IoBevo","twitter_misc":{"Tempo di lettura stimato":"1 minuto"},"schema":{"@context":"https:\/\/schema.org","@graph":[{"@type":"WebPage","@id":"https:\/\/www.iobevo.com\/online\/servicios\/io-jam\/?lang=es","url":"https:\/\/www.iobevo.com\/online\/servicios\/io-jam\/?lang=es","name":"| io jam \u00e8 il servizio di distribuzione di marmellate con dispenser","isPartOf":{"@id":"https:\/\/www.iobevo.com\/online\/#website"},"primaryImageOfPage":{"@id":"https:\/\/www.iobevo.com\/online\/servicios\/io-jam\/?lang=es#primaryimage"},"image":{"@id":"https:\/\/www.iobevo.com\/online\/servicios\/io-jam\/?lang=es#primaryimage"},"thumbnailUrl":"https:\/\/www.iobevo.com\/online\/wp-content\/uploads\/2014\/01\/slide-2-bg-e1400667726929.png","datePublished":"2017-02-27T01:42:26+00:00","dateModified":"2017-08-03T15:42:43+00:00","description":"io jam \u00e8 il servizio di distribuzione di marmellate, miele e crema al cioccolato con dispenser. Qualit\u00e0 e innovazione, con ridotto impatto ambientale.","breadcrumb":{"@id":"https:\/\/www.iobevo.com\/online\/servicios\/io-jam\/?lang=es#breadcrumb"},"inLanguage":"it-IT","potentialAction":[{"@type":"ReadAction","target":["https:\/\/www.iobevo.com\/online\/servicios\/io-jam\/?lang=es"]}]},{"@type":"ImageObject","inLanguage":"it-IT","@id":"https:\/\/www.iobevo.com\/online\/servicios\/io-jam\/?lang=es#primaryimage","url":"https:\/\/www.iobevo.com\/online\/wp-content\/uploads\/2014\/01\/slide-2-bg-e1400667726929.png","contentUrl":"https:\/\/www.iobevo.com\/online\/wp-content\/uploads\/2014\/01\/slide-2-bg-e1400667726929.png","width":1512,"height":400},{"@type":"BreadcrumbList","@id":"https:\/\/www.iobevo.com\/online\/servicios\/io-jam\/?lang=es#breadcrumb","itemListElement":[{"@type":"ListItem","position":1,"name":"Servicios","item":"https:\/\/www.iobevo.com\/online\/servicios\/?lang=es"},{"@type":"ListItem","position":2,"name":"io jam\u00ae"}]},{"@type":"WebSite","@id":"https:\/\/www.iobevo.com\/online\/#website","url":"https:\/\/www.iobevo.com\/online\/","name":"io bevo\u00ae","description":"Drink Plastic free","publisher":{"@id":"https:\/\/www.iobevo.com\/online\/#organization"},"potentialAction":[{"@type":"SearchAction","target":{"@type":"EntryPoint","urlTemplate":"https:\/\/www.iobevo.com\/online\/?s={search_term_string}"},"query-input":{"@type":"PropertyValueSpecification","valueRequired":true,"valueName":"search_term_string"}}],"inLanguage":"it-IT"},{"@type":"Organization","@id":"https:\/\/www.iobevo.com\/online\/#organization","name":"General Beverage","url":"https:\/\/www.iobevo.com\/online\/","logo":{"@type":"ImageObject","inLanguage":"it-IT","@id":"https:\/\/www.iobevo.com\/online\/#\/schema\/logo\/image\/","url":"https:\/\/www.iobevo.com\/online\/wp-content\/uploads\/2014\/01\/logo_gb_horizontal_grey_160x47.png","contentUrl":"https:\/\/www.iobevo.com\/online\/wp-content\/uploads\/2014\/01\/logo_gb_horizontal_grey_160x47.png","width":160,"height":47,"caption":"General Beverage"},"image":{"@id":"https:\/\/www.iobevo.com\/online\/#\/schema\/logo\/image\/"},"sameAs":["https:\/\/x.com\/IoBevo"]}]}},"_links":{"self":[{"href":"https:\/\/www.iobevo.com\/online\/wp-json\/wp\/v2\/pages\/13159","targetHints":{"allow":["GET"]}}],"collection":[{"href":"https:\/\/www.iobevo.com\/online\/wp-json\/wp\/v2\/pages"}],"about":[{"href":"https:\/\/www.iobevo.com\/online\/wp-json\/wp\/v2\/types\/page"}],"author":[{"embeddable":true,"href":"https:\/\/www.iobevo.com\/online\/wp-json\/wp\/v2\/users\/84"}],"replies":[{"embeddable":true,"href":"https:\/\/www.iobevo.com\/online\/wp-json\/wp\/v2\/comments?post=13159"}],"version-history":[{"count":0,"href":"https:\/\/www.iobevo.com\/online\/wp-json\/wp\/v2\/pages\/13159\/revisions"}],"up":[{"embeddable":true,"href":"https:\/\/www.iobevo.com\/online\/wp-json\/wp\/v2\/pages\/6536"}],"wp:featuredmedia":[{"embeddable":true,"href":"https:\/\/www.iobevo.com\/online\/wp-json\/wp\/v2\/media\/2831"}],"wp:attachment":[{"href":"https:\/\/www.iobevo.com\/online\/wp-json\/wp\/v2\/media?parent=13159"}],"curies":[{"name":"wp","href":"https:\/\/api.w.org\/{rel}","templated":true}]}}