{"id":13193,"date":"2017-02-26T19:53:06","date_gmt":"2017-02-26T17:53:06","guid":{"rendered":"https:\/\/www.iobevo.com\/online\/productos\/concentrati-per-bevande-isotoniche\/"},"modified":"2017-08-03T20:30:07","modified_gmt":"2017-08-03T18:30:07","slug":"concentrati-per-bevande-isotoniche","status":"publish","type":"page","link":"https:\/\/www.iobevo.com\/online\/productos\/concentrati-per-bevande-isotoniche\/?lang=es","title":{"rendered":"Concentrados por bebidas isot\u00f3nicas"},"content":{"rendered":"<p>El servicio a trav\u00e9s de la instalaci\u00f3n de en \u00a0autoservicio prev\u00e9 la dispensaci\u00f3n de bebidas isot\u00f3nicas y otras bebidas espec\u00edficas para el sector de los deportes, a los que los clientes pueden acceder a un gimnasio usando tarjetas de muestras previamente habilitadas.<\/p>\n<p><span class=\"responsive\"><img decoding=\"async\" class=\"size-medium wp-image-10920 aligncenter\" src=\"http:\/\/www.iobevo.com\/online\/wp-content\/uploads\/2017\/02\/FOTO-CONCENTRATI-FITNESS-DRINK-1011-149x300.jpg\" alt=\"Concentrati per bevande isotoniche\" width=\"149\" height=\"300\" srcset=\"https:\/\/www.iobevo.com\/online\/wp-content\/uploads\/2017\/02\/FOTO-CONCENTRATI-FITNESS-DRINK-1011-149x300.jpg 149w, https:\/\/www.iobevo.com\/online\/wp-content\/uploads\/2017\/02\/FOTO-CONCENTRATI-FITNESS-DRINK-1011-509x1024.jpg 509w, https:\/\/www.iobevo.com\/online\/wp-content\/uploads\/2017\/02\/FOTO-CONCENTRATI-FITNESS-DRINK-1011.jpg 632w\" sizes=\"(max-width: 149px) 100vw, 149px\" \/><\/span><\/p>\n\n<table id=\"tablepress-175\" class=\"tablepress tablepress-id-175\">\n<thead>\n<tr class=\"row-1\">\n\t<th class=\"column-1\">Bebidas isot\u00f3nicas<\/th>\n<\/tr>\n<\/thead>\n<tbody class=\"row-striping row-hover\">\n<tr class=\"row-2\">\n\t<td class=\"column-1\"><\/td>\n<\/tr>\n<tr class=\"row-3\">\n\t<td class=\"column-1\">Orange Fitness <\/td>\n<\/tr>\n<tr class=\"row-4\">\n\t<td class=\"column-1\">Lemon Fitness<\/td>\n<\/tr>\n<tr class=\"row-5\">\n\t<td class=\"column-1\">Naranja Roja Fitness<\/td>\n<\/tr>\n<tr class=\"row-6\">\n\t<td class=\"column-1\">Lemon Ice Fitness<\/td>\n<\/tr>\n<tr class=\"row-7\">\n\t<td class=\"column-1\">Lima Light Fitness<\/td>\n<\/tr>\n<\/tbody>\n<\/table>\n\n<div class=\"gap\" style=\"height: 30px;\"><\/div>\n<h3 class=\"title\"><span>Servicios<\/span><\/h3><div class=\"latest-portfolio negative-wrap\"><div class=\"portfolio-item four columns\"><div class=\"portfolio-it\">\n\t\t\t\t  \t\t<a href=\"https:\/\/www.iobevo.com\/online\/portfolio-item\/io-fitness\/\" title=\"io bevo FIT\u00ae\"><span class=\"portfolio-pic\"><img decoding=\"async\" src=\"https:\/\/www.iobevo.com\/online\/wp-content\/uploads\/2018\/05\/Cover-donna-ft1-460x300.jpg\" \/><div class=\"portfolio-overlay\"><span class=\"overlay-link\"><\/span><\/div><\/span><\/a>\n\t\t\t\t  \t\t<a href=\"https:\/\/www.iobevo.com\/online\/portfolio-item\/io-fitness\/\" title=\"io bevo FIT\u00ae\" class=\"portfolio-title\"><h4>io bevo FIT\u00ae<\/h4><span>Sport e Benessere!<\/span><\/a>\n\t\t\t\t  \t<\/div><\/div><\/div><div class=\"clear\"><\/div>\n<div class=\"gap\" style=\"height: 30px;\"><\/div>\n<h3 class=\"title\"><span>Sectores del mercado<\/span><\/h3><div class=\"latest-portfolio negative-wrap\"><div class=\"portfolio-item four columns\"><div class=\"portfolio-it\">\n\t\t\t\t  \t\t<a href=\"https:\/\/www.iobevo.com\/online\/portfolio-item\/mense-scolastiche\/\" title=\"Mense scolastiche\"><span class=\"portfolio-pic\"><img decoding=\"async\" src=\"https:\/\/www.iobevo.com\/online\/wp-content\/uploads\/2014\/05\/mense_scolastiche-460x300.jpg\" \/><div class=\"portfolio-overlay\"><span class=\"overlay-link\"><\/span><\/div><\/span><\/a>\n\t\t\t\t  \t\t<a href=\"https:\/\/www.iobevo.com\/online\/portfolio-item\/mense-scolastiche\/\" title=\"Mense scolastiche\" class=\"portfolio-title\"><h4>Mense scolastiche<\/h4><span>Ristorazione sostenibile a scuola<\/span><\/a>\n\t\t\t\t  \t<\/div><\/div><div class=\"portfolio-item four columns\"><div class=\"portfolio-it\">\n\t\t\t\t  \t\t<a href=\"https:\/\/www.iobevo.com\/online\/portfolio-item\/fitness\/\" title=\"Fitness\"><span class=\"portfolio-pic\"><img decoding=\"async\" src=\"https:\/\/www.iobevo.com\/online\/wp-content\/uploads\/2014\/02\/FOTO-62-palestra-460x300.jpg\" \/><div class=\"portfolio-overlay\"><span class=\"overlay-link\"><\/span><\/div><\/span><\/a>\n\t\t\t\t  \t\t<a href=\"https:\/\/www.iobevo.com\/online\/portfolio-item\/fitness\/\" title=\"Fitness\" class=\"portfolio-title\"><h4>Fitness<\/h4><span>Bevande per palestre e sport club<\/span><\/a>\n\t\t\t\t  \t<\/div><\/div><\/div><div class=\"clear\"><\/div>\n","protected":false},"excerpt":{"rendered":"<p>El servicio a trav\u00e9s de la instalaci\u00f3n de en \u00a0autoservicio prev\u00e9 la dispensaci\u00f3n de bebidas isot\u00f3nicas y otras bebidas espec\u00edficas para el sector de los deportes, a los que los clientes pueden acceder a un gimnasio usando tarjetas de muestras previamente habilitadas.<\/p>\n","protected":false},"author":84,"featured_media":2831,"parent":6604,"menu_order":0,"comment_status":"closed","ping_status":"closed","template":"","meta":{"footnotes":""},"class_list":["post-13193","page","type-page","status-publish","has-post-thumbnail","hentry"],"yoast_head":"<!-- This site is optimized with the Yoast SEO plugin v27.4 - https:\/\/yoast.com\/product\/yoast-seo-wordpress\/ -->\n<title>Bevande isotoniche Fitness Drink. Ideali per lo sport<\/title>\n<meta name=\"description\" content=\"I concentrati Fitness Drink sono finalizzati alla distribuzione di bevande isotoniche a libero consumo, ideali per palestre, fitness club e centri sportivi.\" \/>\n<meta name=\"robots\" content=\"index, follow, max-snippet:-1, max-image-preview:large, max-video-preview:-1\" \/>\n<link rel=\"canonical\" href=\"https:\/\/www.iobevo.com\/online\/productos\/concentrati-per-bevande-isotoniche\/?lang=es\" \/>\n<meta property=\"og:locale\" content=\"it_IT\" \/>\n<meta property=\"og:type\" content=\"article\" \/>\n<meta property=\"og:title\" content=\"Bevande isotoniche Fitness Drink. Ideali per lo sport\" \/>\n<meta property=\"og:description\" content=\"I concentrati Fitness Drink sono finalizzati alla distribuzione di bevande isotoniche a libero consumo, ideali per palestre, fitness club e centri sportivi.\" \/>\n<meta property=\"og:url\" content=\"https:\/\/www.iobevo.com\/online\/productos\/concentrati-per-bevande-isotoniche\/?lang=es\" \/>\n<meta property=\"og:site_name\" content=\"io bevo\u00ae\" \/>\n<meta property=\"article:modified_time\" content=\"2017-08-03T18:30:07+00:00\" \/>\n<meta property=\"og:image\" content=\"https:\/\/www.iobevo.com\/online\/wp-content\/uploads\/2017\/02\/FOTO-CONCENTRATI-FITNESS-DRINK-1011.jpg\" \/>\n\t<meta property=\"og:image:width\" content=\"632\" \/>\n\t<meta property=\"og:image:height\" content=\"1272\" \/>\n\t<meta property=\"og:image:type\" content=\"image\/jpeg\" \/>\n<meta name=\"twitter:card\" content=\"summary_large_image\" \/>\n<meta name=\"twitter:image\" content=\"https:\/\/www.iobevo.com\/online\/wp-content\/uploads\/2017\/02\/FOTO-CONCENTRATI-FITNESS-DRINK-1011.jpg\" \/>\n<meta name=\"twitter:site\" content=\"@IoBevo\" \/>\n<script type=\"application\/ld+json\" class=\"yoast-schema-graph\">{\"@context\":\"https:\\\/\\\/schema.org\",\"@graph\":[{\"@type\":\"WebPage\",\"@id\":\"https:\\\/\\\/www.iobevo.com\\\/online\\\/productos\\\/concentrati-per-bevande-isotoniche\\\/?lang=es\",\"url\":\"https:\\\/\\\/www.iobevo.com\\\/online\\\/productos\\\/concentrati-per-bevande-isotoniche\\\/?lang=es\",\"name\":\"Bevande isotoniche Fitness Drink. Ideali per lo sport\",\"isPartOf\":{\"@id\":\"https:\\\/\\\/www.iobevo.com\\\/online\\\/#website\"},\"primaryImageOfPage\":{\"@id\":\"https:\\\/\\\/www.iobevo.com\\\/online\\\/productos\\\/concentrati-per-bevande-isotoniche\\\/?lang=es#primaryimage\"},\"image\":{\"@id\":\"https:\\\/\\\/www.iobevo.com\\\/online\\\/productos\\\/concentrati-per-bevande-isotoniche\\\/?lang=es#primaryimage\"},\"thumbnailUrl\":\"https:\\\/\\\/www.iobevo.com\\\/online\\\/wp-content\\\/uploads\\\/2014\\\/01\\\/slide-2-bg-e1400667726929.png\",\"datePublished\":\"2017-02-26T17:53:06+00:00\",\"dateModified\":\"2017-08-03T18:30:07+00:00\",\"description\":\"I concentrati Fitness Drink sono finalizzati alla distribuzione di bevande isotoniche a libero consumo, ideali per palestre, fitness club e centri sportivi.\",\"breadcrumb\":{\"@id\":\"https:\\\/\\\/www.iobevo.com\\\/online\\\/productos\\\/concentrati-per-bevande-isotoniche\\\/?lang=es#breadcrumb\"},\"inLanguage\":\"it-IT\",\"potentialAction\":[{\"@type\":\"ReadAction\",\"target\":[\"https:\\\/\\\/www.iobevo.com\\\/online\\\/productos\\\/concentrati-per-bevande-isotoniche\\\/?lang=es\"]}]},{\"@type\":\"ImageObject\",\"inLanguage\":\"it-IT\",\"@id\":\"https:\\\/\\\/www.iobevo.com\\\/online\\\/productos\\\/concentrati-per-bevande-isotoniche\\\/?lang=es#primaryimage\",\"url\":\"https:\\\/\\\/www.iobevo.com\\\/online\\\/wp-content\\\/uploads\\\/2014\\\/01\\\/slide-2-bg-e1400667726929.png\",\"contentUrl\":\"https:\\\/\\\/www.iobevo.com\\\/online\\\/wp-content\\\/uploads\\\/2014\\\/01\\\/slide-2-bg-e1400667726929.png\",\"width\":1512,\"height\":400},{\"@type\":\"BreadcrumbList\",\"@id\":\"https:\\\/\\\/www.iobevo.com\\\/online\\\/productos\\\/concentrati-per-bevande-isotoniche\\\/?lang=es#breadcrumb\",\"itemListElement\":[{\"@type\":\"ListItem\",\"position\":1,\"name\":\"Productos\",\"item\":\"https:\\\/\\\/www.iobevo.com\\\/online\\\/productos\\\/?lang=es\"},{\"@type\":\"ListItem\",\"position\":2,\"name\":\"Concentrados por bebidas isot\u00f3nicas\"}]},{\"@type\":\"WebSite\",\"@id\":\"https:\\\/\\\/www.iobevo.com\\\/online\\\/#website\",\"url\":\"https:\\\/\\\/www.iobevo.com\\\/online\\\/\",\"name\":\"io bevo\u00ae\",\"description\":\"Drink Plastic free\",\"publisher\":{\"@id\":\"https:\\\/\\\/www.iobevo.com\\\/online\\\/#organization\"},\"potentialAction\":[{\"@type\":\"SearchAction\",\"target\":{\"@type\":\"EntryPoint\",\"urlTemplate\":\"https:\\\/\\\/www.iobevo.com\\\/online\\\/?s={search_term_string}\"},\"query-input\":{\"@type\":\"PropertyValueSpecification\",\"valueRequired\":true,\"valueName\":\"search_term_string\"}}],\"inLanguage\":\"it-IT\"},{\"@type\":\"Organization\",\"@id\":\"https:\\\/\\\/www.iobevo.com\\\/online\\\/#organization\",\"name\":\"General Beverage\",\"url\":\"https:\\\/\\\/www.iobevo.com\\\/online\\\/\",\"logo\":{\"@type\":\"ImageObject\",\"inLanguage\":\"it-IT\",\"@id\":\"https:\\\/\\\/www.iobevo.com\\\/online\\\/#\\\/schema\\\/logo\\\/image\\\/\",\"url\":\"https:\\\/\\\/www.iobevo.com\\\/online\\\/wp-content\\\/uploads\\\/2014\\\/01\\\/logo_gb_horizontal_grey_160x47.png\",\"contentUrl\":\"https:\\\/\\\/www.iobevo.com\\\/online\\\/wp-content\\\/uploads\\\/2014\\\/01\\\/logo_gb_horizontal_grey_160x47.png\",\"width\":160,\"height\":47,\"caption\":\"General Beverage\"},\"image\":{\"@id\":\"https:\\\/\\\/www.iobevo.com\\\/online\\\/#\\\/schema\\\/logo\\\/image\\\/\"},\"sameAs\":[\"https:\\\/\\\/x.com\\\/IoBevo\"]}]}<\/script>\n<!-- \/ Yoast SEO plugin. -->","yoast_head_json":{"title":"Bevande isotoniche Fitness Drink. Ideali per lo sport","description":"I concentrati Fitness Drink sono finalizzati alla distribuzione di bevande isotoniche a libero consumo, ideali per palestre, fitness club e centri sportivi.","robots":{"index":"index","follow":"follow","max-snippet":"max-snippet:-1","max-image-preview":"max-image-preview:large","max-video-preview":"max-video-preview:-1"},"canonical":"https:\/\/www.iobevo.com\/online\/productos\/concentrati-per-bevande-isotoniche\/?lang=es","og_locale":"it_IT","og_type":"article","og_title":"Bevande isotoniche Fitness Drink. Ideali per lo sport","og_description":"I concentrati Fitness Drink sono finalizzati alla distribuzione di bevande isotoniche a libero consumo, ideali per palestre, fitness club e centri sportivi.","og_url":"https:\/\/www.iobevo.com\/online\/productos\/concentrati-per-bevande-isotoniche\/?lang=es","og_site_name":"io bevo\u00ae","article_modified_time":"2017-08-03T18:30:07+00:00","og_image":[{"width":632,"height":1272,"url":"https:\/\/www.iobevo.com\/online\/wp-content\/uploads\/2017\/02\/FOTO-CONCENTRATI-FITNESS-DRINK-1011.jpg","type":"image\/jpeg"}],"twitter_card":"summary_large_image","twitter_image":"https:\/\/www.iobevo.com\/online\/wp-content\/uploads\/2017\/02\/FOTO-CONCENTRATI-FITNESS-DRINK-1011.jpg","twitter_site":"@IoBevo","schema":{"@context":"https:\/\/schema.org","@graph":[{"@type":"WebPage","@id":"https:\/\/www.iobevo.com\/online\/productos\/concentrati-per-bevande-isotoniche\/?lang=es","url":"https:\/\/www.iobevo.com\/online\/productos\/concentrati-per-bevande-isotoniche\/?lang=es","name":"Bevande isotoniche Fitness Drink. Ideali per lo sport","isPartOf":{"@id":"https:\/\/www.iobevo.com\/online\/#website"},"primaryImageOfPage":{"@id":"https:\/\/www.iobevo.com\/online\/productos\/concentrati-per-bevande-isotoniche\/?lang=es#primaryimage"},"image":{"@id":"https:\/\/www.iobevo.com\/online\/productos\/concentrati-per-bevande-isotoniche\/?lang=es#primaryimage"},"thumbnailUrl":"https:\/\/www.iobevo.com\/online\/wp-content\/uploads\/2014\/01\/slide-2-bg-e1400667726929.png","datePublished":"2017-02-26T17:53:06+00:00","dateModified":"2017-08-03T18:30:07+00:00","description":"I concentrati Fitness Drink sono finalizzati alla distribuzione di bevande isotoniche a libero consumo, ideali per palestre, fitness club e centri sportivi.","breadcrumb":{"@id":"https:\/\/www.iobevo.com\/online\/productos\/concentrati-per-bevande-isotoniche\/?lang=es#breadcrumb"},"inLanguage":"it-IT","potentialAction":[{"@type":"ReadAction","target":["https:\/\/www.iobevo.com\/online\/productos\/concentrati-per-bevande-isotoniche\/?lang=es"]}]},{"@type":"ImageObject","inLanguage":"it-IT","@id":"https:\/\/www.iobevo.com\/online\/productos\/concentrati-per-bevande-isotoniche\/?lang=es#primaryimage","url":"https:\/\/www.iobevo.com\/online\/wp-content\/uploads\/2014\/01\/slide-2-bg-e1400667726929.png","contentUrl":"https:\/\/www.iobevo.com\/online\/wp-content\/uploads\/2014\/01\/slide-2-bg-e1400667726929.png","width":1512,"height":400},{"@type":"BreadcrumbList","@id":"https:\/\/www.iobevo.com\/online\/productos\/concentrati-per-bevande-isotoniche\/?lang=es#breadcrumb","itemListElement":[{"@type":"ListItem","position":1,"name":"Productos","item":"https:\/\/www.iobevo.com\/online\/productos\/?lang=es"},{"@type":"ListItem","position":2,"name":"Concentrados por bebidas isot\u00f3nicas"}]},{"@type":"WebSite","@id":"https:\/\/www.iobevo.com\/online\/#website","url":"https:\/\/www.iobevo.com\/online\/","name":"io bevo\u00ae","description":"Drink Plastic free","publisher":{"@id":"https:\/\/www.iobevo.com\/online\/#organization"},"potentialAction":[{"@type":"SearchAction","target":{"@type":"EntryPoint","urlTemplate":"https:\/\/www.iobevo.com\/online\/?s={search_term_string}"},"query-input":{"@type":"PropertyValueSpecification","valueRequired":true,"valueName":"search_term_string"}}],"inLanguage":"it-IT"},{"@type":"Organization","@id":"https:\/\/www.iobevo.com\/online\/#organization","name":"General Beverage","url":"https:\/\/www.iobevo.com\/online\/","logo":{"@type":"ImageObject","inLanguage":"it-IT","@id":"https:\/\/www.iobevo.com\/online\/#\/schema\/logo\/image\/","url":"https:\/\/www.iobevo.com\/online\/wp-content\/uploads\/2014\/01\/logo_gb_horizontal_grey_160x47.png","contentUrl":"https:\/\/www.iobevo.com\/online\/wp-content\/uploads\/2014\/01\/logo_gb_horizontal_grey_160x47.png","width":160,"height":47,"caption":"General Beverage"},"image":{"@id":"https:\/\/www.iobevo.com\/online\/#\/schema\/logo\/image\/"},"sameAs":["https:\/\/x.com\/IoBevo"]}]}},"_links":{"self":[{"href":"https:\/\/www.iobevo.com\/online\/wp-json\/wp\/v2\/pages\/13193","targetHints":{"allow":["GET"]}}],"collection":[{"href":"https:\/\/www.iobevo.com\/online\/wp-json\/wp\/v2\/pages"}],"about":[{"href":"https:\/\/www.iobevo.com\/online\/wp-json\/wp\/v2\/types\/page"}],"author":[{"embeddable":true,"href":"https:\/\/www.iobevo.com\/online\/wp-json\/wp\/v2\/users\/84"}],"replies":[{"embeddable":true,"href":"https:\/\/www.iobevo.com\/online\/wp-json\/wp\/v2\/comments?post=13193"}],"version-history":[{"count":0,"href":"https:\/\/www.iobevo.com\/online\/wp-json\/wp\/v2\/pages\/13193\/revisions"}],"up":[{"embeddable":true,"href":"https:\/\/www.iobevo.com\/online\/wp-json\/wp\/v2\/pages\/6604"}],"wp:featuredmedia":[{"embeddable":true,"href":"https:\/\/www.iobevo.com\/online\/wp-json\/wp\/v2\/media\/2831"}],"wp:attachment":[{"href":"https:\/\/www.iobevo.com\/online\/wp-json\/wp\/v2\/media?parent=13193"}],"curies":[{"name":"wp","href":"https:\/\/api.w.org\/{rel}","templated":true}]}}