{"id":15173,"date":"2018-05-21T20:52:50","date_gmt":"2018-05-21T18:52:50","guid":{"rendered":"https:\/\/www.iobevo.com\/online\/?page_id=15173"},"modified":"2018-05-21T21:54:18","modified_gmt":"2018-05-21T19:54:18","slug":"format-e-varieta-bevande-io-bevo-fit","status":"publish","type":"page","link":"https:\/\/www.iobevo.com\/online\/servizi\/io-bevo-fit\/format-e-varieta-bevande-io-bevo-fit\/","title":{"rendered":"Format e variet\u00e0 bevande io bevo FIT\u00ae"},"content":{"rendered":"<div class=\"one_half\">\n<h3>IO BEVO FIT\u00ae<br \/>\n<em>sport &amp; wellness drinks<\/em><\/h3>\n<p><img decoding=\"async\" class=\"aligncenter size-medium wp-image-15187\" src=\"https:\/\/www.iobevo.com\/online\/wp-content\/uploads\/2018\/05\/fit-woman-drinking-water-300x183.jpg\" alt=\"Io bevo FIT\u00ae\" width=\"300\" height=\"156\" \/><\/p>\n<p>Le bevande inserite in questo format base sono finalizzate ad offrire una gamma ampia e orientata ai diversi e possibili gusti degli abbonati: bevande per il reintegro dei Sali minerali, bevande naturali con stevia e aloe vera, mix di frutta e spezie, Plant water, Bevande light. In generale tutte le bevande si caratterizzano per la qualit\u00e0 degli ingredienti, il ridotto contenuto calorico, l\u2019assenza di coloranti artificiali.<\/p>\n<p>Esempio di variet\u00e0 bevande:<\/p>\n<ul>\n<li>FITNESS DRINK Orange con Sali minerali<\/li>\n<li>FITNESS DRINK Lemon con Sali minerali<\/li>\n<li>VEGAN MIX Mela arancio fico d\u2019India &amp; Zenzero<\/li>\n<li>PLANT WATER Coconut Water<\/li>\n<li>BEVI LIGHT Water Tonic<\/li>\n<li>BEVI LIGHT Cola 0<\/li>\n<li>BEVI LIGHT ACE arancia carota limone<\/li>\n<li>Acqua microfiltrata naturale refrigerata<\/li>\n<li>Acqua microfiltrata naturale a temperatura ambiente<\/li>\n<li>Acqua microfiltrata gassata<\/li>\n<\/ul>\n<\/div>\n<div class=\"one_half last\">\n<h3>BEVISANO<br \/>\n<em>bevande con aloe e stevia<\/em><\/h3>\n<p><span class=\"responsive\"><img decoding=\"async\" class=\"size-medium wp-image-14548 aligncenter\" src=\"https:\/\/www.iobevo.com\/online\/wp-content\/uploads\/2018\/01\/BEVI_SANO-300x156.jpg\" alt=\"Bevi Sano\" width=\"300\" height=\"156\" srcset=\"https:\/\/www.iobevo.com\/online\/wp-content\/uploads\/2018\/01\/BEVI_SANO-300x156.jpg 300w, https:\/\/www.iobevo.com\/online\/wp-content\/uploads\/2018\/01\/BEVI_SANO-768x400.jpg 768w, https:\/\/www.iobevo.com\/online\/wp-content\/uploads\/2018\/01\/BEVI_SANO.jpg 1000w\" sizes=\"(max-width: 300px) 100vw, 300px\" \/><\/span><\/p>\n<p>Le bevande inserite in questo format sono caratterizzate dalle propriet\u00e0 benefiche dell\u2019aloe vera e dal ridotto contenuto calorico derivante dall\u2019utilizzo della pianta della stevia rebaudiana, dolcificante naturale light.<\/p>\n<p>Esempio di variet\u00e0 bevande:<\/p>\n<ul>\n<li>Mela con aloe vera<\/li>\n<li>T\u00e8 verde con aloe vera<\/li>\n<li>Mirtillo rosso con aloe vera<\/li>\n<li>Agrumi con aloe vera<\/li>\n<li>Tea &amp; Pomegranate<\/li>\n<li>Rooibos Tea<\/li>\n<li>Baobab Water<\/li>\n<li>Acqua microfiltrata naturale refrigerata<\/li>\n<li>Acqua microfiltrata naturale a temperatura ambiente<\/li>\n<li>Acqua microfiltrata<\/li>\n<\/ul>\n<\/div>\n<div class=\"clear\"><\/div>\n<div class=\"one_half\">\n<h3><a name=\"2\"><\/a>Plant Water<br \/>\n<em>Wellness natural drink<\/em><\/h3>\n<p><span class=\"responsive\"><img decoding=\"async\" class=\"aligncenter size-medium wp-image-14590\" src=\"https:\/\/www.iobevo.com\/online\/wp-content\/uploads\/2018\/01\/PLANT_WATER-300x156.jpg\" alt=\"Format Plant Water\" width=\"300\" height=\"156\" srcset=\"https:\/\/www.iobevo.com\/online\/wp-content\/uploads\/2018\/01\/PLANT_WATER-300x156.jpg 300w, https:\/\/www.iobevo.com\/online\/wp-content\/uploads\/2018\/01\/PLANT_WATER-768x400.jpg 768w, https:\/\/www.iobevo.com\/online\/wp-content\/uploads\/2018\/01\/PLANT_WATER.jpg 1000w\" sizes=\"(max-width: 300px) 100vw, 300px\" \/><\/span><\/p>\n<p>Sono bevande naturali con aloe vera e caratterizzate dall\u2019utilizzo di estratti di piante e frutti con propriet\u00e0 benefiche, dolcificate con zucchero di canna BIO e con stevia rebaudiana, dolcificante naturale a ridotto contenuto calorico. Si tratta di una tipologia di bevande che a livello internazionale sta riscuotendo forte interesse. Possono quindi rappresentare per i vostri abbonati un\u2019interessante novit\u00e0 coerente con il tema della salute e funzionali rispetto all\u2019attivit\u00e0 sportiva.<\/p>\n<p>Esempio di variet\u00e0 bevande:<\/p>\n<ul>\n<li>Cactus Water<\/li>\n<li>Baobab Water<\/li>\n<li>Sambuco Water<\/li>\n<li>Coconut Water<\/li>\n<li>Watermelon<\/li>\n<li>Hibiscus<\/li>\n<li>Rooibos<\/li>\n<li>Acqua microfiltrata naturale refrigerata<\/li>\n<li>Acqua microfiltrata naturale a temperatura ambiente<\/li>\n<li>Acqua microfiltrata<\/li>\n<\/ul>\n<\/div>\n<div class=\"one_half last\">\n<h3>Vegan Mix<br \/>\n<em>A base di frutta e spezie<\/em><\/h3>\n<p><img loading=\"lazy\" decoding=\"async\" class=\"aligncenter size-medium wp-image-14594\" src=\"https:\/\/www.iobevo.com\/online\/wp-content\/uploads\/2018\/01\/VEGAN_MIX-300x156.jpg\" alt=\"Format Vegan Mix 3 + 1\" width=\"300\" height=\"156\" srcset=\"https:\/\/www.iobevo.com\/online\/wp-content\/uploads\/2018\/01\/VEGAN_MIX-300x156.jpg 300w, https:\/\/www.iobevo.com\/online\/wp-content\/uploads\/2018\/01\/VEGAN_MIX-768x400.jpg 768w, https:\/\/www.iobevo.com\/online\/wp-content\/uploads\/2018\/01\/VEGAN_MIX.jpg 1000w\" sizes=\"(max-width: 300px) 100vw, 300px\" \/><\/p>\n<p>Sono bevande realizzate con ingredienti naturali di qualit\u00e0, particolarmente innovative e adeguate per utenti al tema della salute. Ogni bevanda contiene il succo di tre frutti e l\u2019estratto di una spezia. L\u2019abbinamento tra frutta e spezie \u00e8 studiato sia per creare specifiche armonie nel gusto sia per esaltare le propriet\u00e0 benefiche degli ingredienti naturali.<\/p>\n<p>Esempio di variet\u00e0 bevande:<\/p>\n<ul>\n<li>VEGAN MIX 1 &#8211; Mela Arancio Fico d\u2019India &amp; Zenzero<\/li>\n<li>VEGAN MIX 2 &#8211; Anguria Mela Uva &amp; Curcuma<\/li>\n<li>VEGAN MIX 3 &#8211; Uva Mirtillo Melograno &amp; Cannella<\/li>\n<li>VEGAN MIX 4 &#8211; Limone Fico d\u2019India Arancio &amp; Zenzero<\/li>\n<li>VEGAN MIX 5 &#8211; Melograno Anguria Uva &amp; Curcuma<\/li>\n<li>VEGAN MIX 6 &#8211; Melograno Arancio Limone &amp; Zenzero<\/li>\n<li>Cactus water<\/li>\n<li>Acqua microfiltrata naturale refrigerata<\/li>\n<li>Acqua microfiltrata naturale a temperatura ambiente<\/li>\n<li>Acqua microfiltrata<\/li>\n<\/ul>\n<\/div>\n<div class=\"clear\"><\/div>\n<div class=\"one_half\">\n<h3><a name=\"3\"><\/a>SaluT\u00e8<br \/>\n<em>Bevande a base di t\u00e8 e infusi naturali<\/em><\/h3>\n<p><img loading=\"lazy\" decoding=\"async\" class=\"aligncenter size-medium wp-image-14627\" src=\"https:\/\/www.iobevo.com\/online\/wp-content\/uploads\/2018\/01\/SALUTE-300x156.jpg\" alt=\"Concentrati per bevande SALUT\u00c8\" width=\"300\" height=\"156\" srcset=\"https:\/\/www.iobevo.com\/online\/wp-content\/uploads\/2018\/01\/SALUTE-300x156.jpg 300w, https:\/\/www.iobevo.com\/online\/wp-content\/uploads\/2018\/01\/SALUTE-768x400.jpg 768w, https:\/\/www.iobevo.com\/online\/wp-content\/uploads\/2018\/01\/SALUTE.jpg 1000w\" sizes=\"(max-width: 300px) 100vw, 300px\" \/><\/p>\n<p>In tutte le tradizioni il t\u00e8 e gli infusi di erbe aiutano il nostro corpo a mantenersi in salute, a favorire la liberazione dalle tossine e a combattere l\u2019ossidazione. I nostri SaluT\u00e8 sono caratterizzati, oltre che dalla scelta di t\u00e8 ed erbe con propriet\u00e0 specifiche, dalla presenza di miele e aloe vera, che arricchiscono la loro qualit\u00e0 alimentare e nutrizionale.<\/p>\n<p>Esempio di variet\u00e0 bevande:<\/p>\n<ul>\n<li>Green tea &amp; Zenzero<\/li>\n<li>Tea &amp; Pomegranate<\/li>\n<li>Ibiscus Tea<\/li>\n<li>Tea &amp; Curcuma<\/li>\n<li>Rooibos Tea<\/li>\n<li>T\u00e8 verde e aloe vera<\/li>\n<li>Cactus Water<\/li>\n<li>Acqua microfiltrata naturale refrigerata<\/li>\n<li>Acqua microfiltrata naturale a temperatura ambiente<\/li>\n<li>Acqua microfiltrata<\/li>\n<\/ul>\n<\/div>\n<div class=\"one_half last\">\n<h3>Bevi Light<br \/>\n<em>Bevande a ridotto contenuto calorico dolcificate senza l\u2019utilizzo di zucchero saccarosio e senza aspartame<\/em><\/h3>\n<p><span class=\"responsive\"><img loading=\"lazy\" decoding=\"async\" class=\"aligncenter wp-image-4330 size-medium\" title=\"Bevande a ridotto contenuto\" src=\"https:\/\/www.iobevo.com\/online\/wp-content\/uploads\/2014\/05\/tutto-frutta-300x145.jpg\" alt=\"Bevande a ridotto contenuto\" width=\"300\" height=\"156\" \/><\/span><\/p>\n<p>Tra le bevande si possono scegliere bevande completamente prive di calorie, bevande a ridotto contenuto calorico, bevande con stevia.<\/p>\n<p>Esempio di variet\u00e0 bevande:<\/p>\n<ul>\n<li>Cola 0<\/li>\n<li>Cola Light con stevia<\/li>\n<li>T\u00e8 al limone Light<\/li>\n<li>Mela Light<\/li>\n<li>Tonica Light<\/li>\n<li>Aranciata Light<\/li>\n<li>ACE Light<\/li>\n<li>Water Lemon<\/li>\n<li>Acqua microfiltrata naturale refrigerata<\/li>\n<li>Acqua microfiltrata naturale a temperatura ambiente<\/li>\n<li>Acqua microfiltrata gassata<\/li>\n<\/ul>\n<\/div>\n<div class=\"clear\"><\/div>\n","protected":false},"excerpt":{"rendered":"<p>IO BEVO FIT\u00ae sport &amp; wellness drinks Le bevande inserite in questo format base sono finalizzate ad offrire una gamma ampia e orientata ai diversi e possibili gusti degli abbonati: bevande per il reintegro dei Sali minerali, bevande naturali con stevia e aloe vera, mix di frutta e spezie, Plant [&hellip;]<\/p>\n","protected":false},"author":84,"featured_media":15119,"parent":11048,"menu_order":0,"comment_status":"closed","ping_status":"closed","template":"","meta":{"footnotes":""},"class_list":["post-15173","page","type-page","status-publish","has-post-thumbnail","hentry"],"yoast_head":"<!-- This site is optimized with the Yoast SEO plugin v27.3 - https:\/\/yoast.com\/product\/yoast-seo-wordpress\/ -->\n<title>Format e variet\u00e0 bevande io bevo FIT\u00ae - io bevo\u00ae<\/title>\n<meta name=\"robots\" content=\"index, follow, max-snippet:-1, max-image-preview:large, max-video-preview:-1\" \/>\n<link rel=\"canonical\" href=\"https:\/\/www.iobevo.com\/online\/servizi\/io-bevo-fit\/format-e-varieta-bevande-io-bevo-fit\/\" \/>\n<meta property=\"og:locale\" content=\"it_IT\" \/>\n<meta property=\"og:type\" content=\"article\" \/>\n<meta property=\"og:title\" content=\"Format e variet\u00e0 bevande io bevo FIT\u00ae - io bevo\u00ae\" \/>\n<meta property=\"og:description\" content=\"IO BEVO FIT\u00ae sport &amp; wellness drinks Le bevande inserite in questo format base sono finalizzate ad offrire una gamma ampia e orientata ai diversi e possibili gusti degli abbonati: bevande per il reintegro dei Sali minerali, bevande naturali con stevia e aloe vera, mix di frutta e spezie, Plant [&hellip;]\" \/>\n<meta property=\"og:url\" content=\"https:\/\/www.iobevo.com\/online\/servizi\/io-bevo-fit\/format-e-varieta-bevande-io-bevo-fit\/\" \/>\n<meta property=\"og:site_name\" content=\"io bevo\u00ae\" \/>\n<meta property=\"article:modified_time\" content=\"2018-05-21T19:54:18+00:00\" \/>\n<meta property=\"og:image\" content=\"https:\/\/www.iobevo.com\/online\/wp-content\/uploads\/2018\/05\/Cover-donna-ft1-1024x724.jpg\" \/>\n\t<meta property=\"og:image:width\" content=\"1024\" \/>\n\t<meta property=\"og:image:height\" content=\"724\" \/>\n\t<meta property=\"og:image:type\" content=\"image\/jpeg\" \/>\n<meta name=\"twitter:card\" content=\"summary_large_image\" \/>\n<meta name=\"twitter:site\" content=\"@IoBevo\" \/>\n<meta name=\"twitter:label1\" content=\"Tempo di lettura stimato\" \/>\n\t<meta name=\"twitter:data1\" content=\"3 minuti\" \/>\n<script type=\"application\/ld+json\" class=\"yoast-schema-graph\">{\"@context\":\"https:\\\/\\\/schema.org\",\"@graph\":[{\"@type\":\"WebPage\",\"@id\":\"https:\\\/\\\/www.iobevo.com\\\/online\\\/servizi\\\/io-bevo-fit\\\/format-e-varieta-bevande-io-bevo-fit\\\/\",\"url\":\"https:\\\/\\\/www.iobevo.com\\\/online\\\/servizi\\\/io-bevo-fit\\\/format-e-varieta-bevande-io-bevo-fit\\\/\",\"name\":\"Format e variet\u00e0 bevande io bevo FIT\u00ae - io bevo\u00ae\",\"isPartOf\":{\"@id\":\"https:\\\/\\\/www.iobevo.com\\\/online\\\/#website\"},\"primaryImageOfPage\":{\"@id\":\"https:\\\/\\\/www.iobevo.com\\\/online\\\/servizi\\\/io-bevo-fit\\\/format-e-varieta-bevande-io-bevo-fit\\\/#primaryimage\"},\"image\":{\"@id\":\"https:\\\/\\\/www.iobevo.com\\\/online\\\/servizi\\\/io-bevo-fit\\\/format-e-varieta-bevande-io-bevo-fit\\\/#primaryimage\"},\"thumbnailUrl\":\"https:\\\/\\\/www.iobevo.com\\\/online\\\/wp-content\\\/uploads\\\/2018\\\/05\\\/Cover-donna-ft1.jpg\",\"datePublished\":\"2018-05-21T18:52:50+00:00\",\"dateModified\":\"2018-05-21T19:54:18+00:00\",\"breadcrumb\":{\"@id\":\"https:\\\/\\\/www.iobevo.com\\\/online\\\/servizi\\\/io-bevo-fit\\\/format-e-varieta-bevande-io-bevo-fit\\\/#breadcrumb\"},\"inLanguage\":\"it-IT\",\"potentialAction\":[{\"@type\":\"ReadAction\",\"target\":[\"https:\\\/\\\/www.iobevo.com\\\/online\\\/servizi\\\/io-bevo-fit\\\/format-e-varieta-bevande-io-bevo-fit\\\/\"]}]},{\"@type\":\"ImageObject\",\"inLanguage\":\"it-IT\",\"@id\":\"https:\\\/\\\/www.iobevo.com\\\/online\\\/servizi\\\/io-bevo-fit\\\/format-e-varieta-bevande-io-bevo-fit\\\/#primaryimage\",\"url\":\"https:\\\/\\\/www.iobevo.com\\\/online\\\/wp-content\\\/uploads\\\/2018\\\/05\\\/Cover-donna-ft1.jpg\",\"contentUrl\":\"https:\\\/\\\/www.iobevo.com\\\/online\\\/wp-content\\\/uploads\\\/2018\\\/05\\\/Cover-donna-ft1.jpg\",\"width\":3508,\"height\":2480,\"caption\":\"Io bevo FIT\u00ae\"},{\"@type\":\"BreadcrumbList\",\"@id\":\"https:\\\/\\\/www.iobevo.com\\\/online\\\/servizi\\\/io-bevo-fit\\\/format-e-varieta-bevande-io-bevo-fit\\\/#breadcrumb\",\"itemListElement\":[{\"@type\":\"ListItem\",\"position\":1,\"name\":\"Servizi\",\"item\":\"https:\\\/\\\/www.iobevo.com\\\/online\\\/servizi\\\/\"},{\"@type\":\"ListItem\",\"position\":2,\"name\":\"io bevo FIT\u00ae\",\"item\":\"https:\\\/\\\/www.iobevo.com\\\/online\\\/servizi\\\/io-bevo-fit\\\/\"},{\"@type\":\"ListItem\",\"position\":3,\"name\":\"Format e variet\u00e0 bevande io bevo FIT\u00ae\"}]},{\"@type\":\"WebSite\",\"@id\":\"https:\\\/\\\/www.iobevo.com\\\/online\\\/#website\",\"url\":\"https:\\\/\\\/www.iobevo.com\\\/online\\\/\",\"name\":\"io bevo\u00ae\",\"description\":\"Drink Plastic free\",\"publisher\":{\"@id\":\"https:\\\/\\\/www.iobevo.com\\\/online\\\/#organization\"},\"potentialAction\":[{\"@type\":\"SearchAction\",\"target\":{\"@type\":\"EntryPoint\",\"urlTemplate\":\"https:\\\/\\\/www.iobevo.com\\\/online\\\/?s={search_term_string}\"},\"query-input\":{\"@type\":\"PropertyValueSpecification\",\"valueRequired\":true,\"valueName\":\"search_term_string\"}}],\"inLanguage\":\"it-IT\"},{\"@type\":\"Organization\",\"@id\":\"https:\\\/\\\/www.iobevo.com\\\/online\\\/#organization\",\"name\":\"General Beverage\",\"url\":\"https:\\\/\\\/www.iobevo.com\\\/online\\\/\",\"logo\":{\"@type\":\"ImageObject\",\"inLanguage\":\"it-IT\",\"@id\":\"https:\\\/\\\/www.iobevo.com\\\/online\\\/#\\\/schema\\\/logo\\\/image\\\/\",\"url\":\"https:\\\/\\\/www.iobevo.com\\\/online\\\/wp-content\\\/uploads\\\/2014\\\/01\\\/logo_gb_horizontal_grey_160x47.png\",\"contentUrl\":\"https:\\\/\\\/www.iobevo.com\\\/online\\\/wp-content\\\/uploads\\\/2014\\\/01\\\/logo_gb_horizontal_grey_160x47.png\",\"width\":160,\"height\":47,\"caption\":\"General Beverage\"},\"image\":{\"@id\":\"https:\\\/\\\/www.iobevo.com\\\/online\\\/#\\\/schema\\\/logo\\\/image\\\/\"},\"sameAs\":[\"https:\\\/\\\/x.com\\\/IoBevo\"]}]}<\/script>\n<!-- \/ Yoast SEO plugin. -->","yoast_head_json":{"title":"Format e variet\u00e0 bevande io bevo FIT\u00ae - io bevo\u00ae","robots":{"index":"index","follow":"follow","max-snippet":"max-snippet:-1","max-image-preview":"max-image-preview:large","max-video-preview":"max-video-preview:-1"},"canonical":"https:\/\/www.iobevo.com\/online\/servizi\/io-bevo-fit\/format-e-varieta-bevande-io-bevo-fit\/","og_locale":"it_IT","og_type":"article","og_title":"Format e variet\u00e0 bevande io bevo FIT\u00ae - io bevo\u00ae","og_description":"IO BEVO FIT\u00ae sport &amp; wellness drinks Le bevande inserite in questo format base sono finalizzate ad offrire una gamma ampia e orientata ai diversi e possibili gusti degli abbonati: bevande per il reintegro dei Sali minerali, bevande naturali con stevia e aloe vera, mix di frutta e spezie, Plant [&hellip;]","og_url":"https:\/\/www.iobevo.com\/online\/servizi\/io-bevo-fit\/format-e-varieta-bevande-io-bevo-fit\/","og_site_name":"io bevo\u00ae","article_modified_time":"2018-05-21T19:54:18+00:00","og_image":[{"width":1024,"height":724,"url":"https:\/\/www.iobevo.com\/online\/wp-content\/uploads\/2018\/05\/Cover-donna-ft1-1024x724.jpg","type":"image\/jpeg"}],"twitter_card":"summary_large_image","twitter_site":"@IoBevo","twitter_misc":{"Tempo di lettura stimato":"3 minuti"},"schema":{"@context":"https:\/\/schema.org","@graph":[{"@type":"WebPage","@id":"https:\/\/www.iobevo.com\/online\/servizi\/io-bevo-fit\/format-e-varieta-bevande-io-bevo-fit\/","url":"https:\/\/www.iobevo.com\/online\/servizi\/io-bevo-fit\/format-e-varieta-bevande-io-bevo-fit\/","name":"Format e variet\u00e0 bevande io bevo FIT\u00ae - io bevo\u00ae","isPartOf":{"@id":"https:\/\/www.iobevo.com\/online\/#website"},"primaryImageOfPage":{"@id":"https:\/\/www.iobevo.com\/online\/servizi\/io-bevo-fit\/format-e-varieta-bevande-io-bevo-fit\/#primaryimage"},"image":{"@id":"https:\/\/www.iobevo.com\/online\/servizi\/io-bevo-fit\/format-e-varieta-bevande-io-bevo-fit\/#primaryimage"},"thumbnailUrl":"https:\/\/www.iobevo.com\/online\/wp-content\/uploads\/2018\/05\/Cover-donna-ft1.jpg","datePublished":"2018-05-21T18:52:50+00:00","dateModified":"2018-05-21T19:54:18+00:00","breadcrumb":{"@id":"https:\/\/www.iobevo.com\/online\/servizi\/io-bevo-fit\/format-e-varieta-bevande-io-bevo-fit\/#breadcrumb"},"inLanguage":"it-IT","potentialAction":[{"@type":"ReadAction","target":["https:\/\/www.iobevo.com\/online\/servizi\/io-bevo-fit\/format-e-varieta-bevande-io-bevo-fit\/"]}]},{"@type":"ImageObject","inLanguage":"it-IT","@id":"https:\/\/www.iobevo.com\/online\/servizi\/io-bevo-fit\/format-e-varieta-bevande-io-bevo-fit\/#primaryimage","url":"https:\/\/www.iobevo.com\/online\/wp-content\/uploads\/2018\/05\/Cover-donna-ft1.jpg","contentUrl":"https:\/\/www.iobevo.com\/online\/wp-content\/uploads\/2018\/05\/Cover-donna-ft1.jpg","width":3508,"height":2480,"caption":"Io bevo FIT\u00ae"},{"@type":"BreadcrumbList","@id":"https:\/\/www.iobevo.com\/online\/servizi\/io-bevo-fit\/format-e-varieta-bevande-io-bevo-fit\/#breadcrumb","itemListElement":[{"@type":"ListItem","position":1,"name":"Servizi","item":"https:\/\/www.iobevo.com\/online\/servizi\/"},{"@type":"ListItem","position":2,"name":"io bevo FIT\u00ae","item":"https:\/\/www.iobevo.com\/online\/servizi\/io-bevo-fit\/"},{"@type":"ListItem","position":3,"name":"Format e variet\u00e0 bevande io bevo FIT\u00ae"}]},{"@type":"WebSite","@id":"https:\/\/www.iobevo.com\/online\/#website","url":"https:\/\/www.iobevo.com\/online\/","name":"io bevo\u00ae","description":"Drink Plastic free","publisher":{"@id":"https:\/\/www.iobevo.com\/online\/#organization"},"potentialAction":[{"@type":"SearchAction","target":{"@type":"EntryPoint","urlTemplate":"https:\/\/www.iobevo.com\/online\/?s={search_term_string}"},"query-input":{"@type":"PropertyValueSpecification","valueRequired":true,"valueName":"search_term_string"}}],"inLanguage":"it-IT"},{"@type":"Organization","@id":"https:\/\/www.iobevo.com\/online\/#organization","name":"General Beverage","url":"https:\/\/www.iobevo.com\/online\/","logo":{"@type":"ImageObject","inLanguage":"it-IT","@id":"https:\/\/www.iobevo.com\/online\/#\/schema\/logo\/image\/","url":"https:\/\/www.iobevo.com\/online\/wp-content\/uploads\/2014\/01\/logo_gb_horizontal_grey_160x47.png","contentUrl":"https:\/\/www.iobevo.com\/online\/wp-content\/uploads\/2014\/01\/logo_gb_horizontal_grey_160x47.png","width":160,"height":47,"caption":"General Beverage"},"image":{"@id":"https:\/\/www.iobevo.com\/online\/#\/schema\/logo\/image\/"},"sameAs":["https:\/\/x.com\/IoBevo"]}]}},"_links":{"self":[{"href":"https:\/\/www.iobevo.com\/online\/wp-json\/wp\/v2\/pages\/15173","targetHints":{"allow":["GET"]}}],"collection":[{"href":"https:\/\/www.iobevo.com\/online\/wp-json\/wp\/v2\/pages"}],"about":[{"href":"https:\/\/www.iobevo.com\/online\/wp-json\/wp\/v2\/types\/page"}],"author":[{"embeddable":true,"href":"https:\/\/www.iobevo.com\/online\/wp-json\/wp\/v2\/users\/84"}],"replies":[{"embeddable":true,"href":"https:\/\/www.iobevo.com\/online\/wp-json\/wp\/v2\/comments?post=15173"}],"version-history":[{"count":0,"href":"https:\/\/www.iobevo.com\/online\/wp-json\/wp\/v2\/pages\/15173\/revisions"}],"up":[{"embeddable":true,"href":"https:\/\/www.iobevo.com\/online\/wp-json\/wp\/v2\/pages\/11048"}],"wp:featuredmedia":[{"embeddable":true,"href":"https:\/\/www.iobevo.com\/online\/wp-json\/wp\/v2\/media\/15119"}],"wp:attachment":[{"href":"https:\/\/www.iobevo.com\/online\/wp-json\/wp\/v2\/media?parent=15173"}],"curies":[{"name":"wp","href":"https:\/\/api.w.org\/{rel}","templated":true}]}}