{"id":22,"date":"2014-01-20T08:46:15","date_gmt":"2014-01-20T08:46:15","guid":{"rendered":"http:\/\/iobevo.com\/online\/?page_id=22"},"modified":"2024-03-27T17:57:41","modified_gmt":"2024-03-27T15:57:41","slug":"chi-siamo","status":"publish","type":"page","link":"https:\/\/www.iobevo.com\/online\/chi-siamo\/","title":{"rendered":"Chi siamo"},"content":{"rendered":"<p>General Beverage \u00e8 specializzata in soluzioni tecnico-commerciali per la distribuzione di <a title=\"Prodotti\" href=\"http:\/\/www.iobevo.com\/online\/prodotti\/\">bevande e alimenti<\/a>:<\/p>\n<ul>\n<li><u>acqua microfiltrata<\/u><\/li>\n<li>bevande fredde (<u>soft drink<\/u>, <a title=\"Concentrati per succhi di frutta Io Fresco\" href=\"http:\/\/iobevo.com\/online\/?page_id=2720\">succhi di frutta<\/a>, <a href=\"http:\/\/www.iobevo.com\/online\/prodotti\/slow-beverage\/\">bevande regionali<\/a>, <a title=\"Concentrati e solubili per bevande Fairtrade\" href=\"http:\/\/iobevo.com\/online\/?page_id=2722\">bevande equo e solidali<\/a>, <a title=\"\" href=\"https:\/\/www.iobevo.com\/online\/?page_id=3003\">bevande salutistiche<\/a>, <a title=\"\" href=\"https:\/\/www.iobevo.com\/online\/?page_id=10919\">bevande isotoniche<\/a>, <a href=\"https:\/\/www.iobevo.com\/online\/prodotti\/birra-concentrata\/\">birra concentrata<\/a>)<\/li>\n<li><u>bevande calde<\/u> (caff\u00e8, cioccolato, t\u00e8, cappuccino, bevande equo e solidali, <u>bevande alla soia<\/u>)<\/li>\n<li><a href=\"https:\/\/www.iobevo.com\/online\/servizi\/io-breakfast\/espresso\/\">caff\u00e8 espresso<\/a><\/li>\n<li><a href=\"https:\/\/www.iobevo.com\/online\/solubili-per-bevande-calde-bimbo-drink\/\">bevande calde<\/a> e <a href=\"https:\/\/www.iobevo.com\/online\/prodotti\/concentrati-per-bevande-alla-frutta-bimbo-drink\/\">fredde per bambini<\/a><\/li>\n<li><u>bevande per il settore sanitario e sociosanitario<\/u> (bevande per diabetici, <u>bevande gelificate<\/u>, <u>tisane<\/u>)<\/li>\n<li><u>zuppe di verdura per la ristorazione commerciale <\/u><\/li>\n<li><u>alimenti per il settore sanitario e sociosanitario<\/u> (passati di verdura, omogeneizzati di carne, pasta frullata, creme cereali, puree di verdure, piatti regionali e internazionali, piatti arricchiti con proteine, mousse di frutta, dessert)<\/li>\n<li><u>sorbetti di frutta e creme fredde<\/u><\/li>\n<li><a href=\"https:\/\/www.iobevo.com\/online\/prodotti\/preparati-frozen-yogurt-gelato-soft\/\">frozen yogurt e gelato soft<\/a><\/li>\n<li><a href=\"https:\/\/www.iobevo.com\/online\/prodotti\/preparato-per-crema-di-yogurt\/\">crema di yogurt<\/a><\/li>\n<li><u>marmellate, miele e creme<\/u><\/li>\n<\/ul>\n<p>Realizziamo le nostre soluzioni mediante <a title=\"Distributori\" href=\"http:\/\/iobevo.com\/online\/?page_id=136\">distributori<\/a>\u00a0semiautomatici specifici per le diverse esigenze, concessi in comodato gratuito a fronte della fornitura di concentrati liquidi, preparati in polvere e altri prodotti.<\/p>\n<p>Produciamo tutti i prodotti commercializzati e progettiamo\/assembliamo gran parte dei distributori e delle attrezzature. Verticalizzando la produzione possiamo sviluppare a pieno il nostro modello di business:<br \/>\nla realizzazione di <strong>\u201csoluzioni food and beverage\u201d <\/strong>specifiche per ogni settore di mercato, elaborate sulla base dell\u2019abbinamento di attrezzature, prodotti, comunicazione, formule commerciali.<\/p>\n<p>Questo ci consente di fornire \u201csoluzioni\u201d destinate a \u00a0diversi settori di mercato, tra i quali:<\/p>\n<ul>\n<li>la ristorazione collettiva (<u>mense aziendali<\/u>, <u>universitarie<\/u>, <u>militari<\/u>, <u>scolastiche<\/u>, <u>ospedali<\/u>, <u>case di riposo<\/u>)<\/li>\n<li>il turismo (<u>hotel, villaggi<\/u>, <u>navi da crociera<\/u>, <u>parchi giochi<\/u>)<\/li>\n<li>i locali commerciali (<u>self service<\/u>, <u>lunch bar<\/u>)<\/li>\n<li>altri settori (<u>ambienti di lavoro<\/u>, <u>sale di aspetto<\/u>, <u>palestre<\/u>, <u>negozi alimentari<\/u>)<\/li>\n<\/ul>\n<p>Attualmente inostri servizi sono utilizzati in oltre 120 \u00a0milioni pasti e 60 milioni di colazioni all\u2019anno attraverso 36.000 sistemi di distribuzione di cui gestiamo direttamente la manutenzione mediante la nostra rete di assistenza tecnica.<\/p>\n<p>La nostra attivit\u00e0 ha un forte connotato di<strong> sostenibilit\u00e0 ambientale<\/strong> grazie al quale abbiamo ottenuto <a title=\"Premi istituzionali\" href=\"http:\/\/iobevo.com\/online\/?page_id=3620\">prestigiosi riconoscimenti istituzionali<\/a>: <em>1\u00b0 Premio Toscana Ecoefficiente<\/em>, Menzione Speciale <em>Premio Impresa Ambiente<\/em>, Segnalazione <em>Premio Sviluppo sostenibile 2009<\/em>.<br \/>\nNell\u2019ambito della nostra produzione promuoviamo prodotti del <a title=\"Commercio Equo e solidale\" href=\"http:\/\/iobevo.com\/online\/?page_id=3624\">commercio equo e solidale<\/a><strong>, siamo licenziatari <\/strong>del marchio internazionale di garanzia <strong>Fairtrade<\/strong><strong><sup>\u00ae<\/sup><\/strong> e membri del consorzio <em>Fairtrade Italia<\/em>.<\/p>\n<p>Tra le collaborazioni: <em>Scuola Superiore di Studi Universitari Sant\u2019Anna di Pisa<\/em> (case study per i <em>Master Ambiente<\/em> e <em>Master Innovazione<\/em>), <em>Politecnico di Milano<\/em> (progettazione di distributori di bevande a basso impatto ambientale), <em>Universit\u00e0 Cattolica di Piacenza <\/em>(studi sull\u2019efficacia alimentare del sistema RistoSano<sup>\u00ae<\/sup>)<em>, Universit\u00e0 degli Studi di Pisa <\/em>e <em>Universit\u00e0 degli Studi di Milano<\/em> (partner per la qualit\u00e0 igienico-sanitaria e problematiche batteriologiche connesse con la microfiltrazione dell\u2019acqua).<\/p>\n<p>Siamo certificati <a href=\"https:\/\/www.iobevo.com\/online\/wp-content\/uploads\/2019\/08\/Certificato-ISO-14001_ita_18.pdf\">ISO 14001:2015<\/a>, <a href=\"https:\/\/www.iobevo.com\/online\/wp-content\/uploads\/2019\/08\/Certificato-ISO-9001-2015-ITA.pdf\">ISO 9001:2015<\/a> e <a href=\"https:\/\/www.iobevo.com\/online\/wp-content\/uploads\/2021\/04\/Certificato-ISO-45001-itaeng.pdf\">ISO 45001:2018<\/a> sia per le attivit\u00e0 di produzione alimentare che per le attivit\u00e0 di manutenzione e gestione dei sistemi di distribuzione. Siamo inoltre <a href=\"https:\/\/www.iobevo.com\/online\/wp-content\/uploads\/2019\/09\/CERT-Certificate-novembre-2016-2020-1.pdf\">certificati Fairtrade<\/a> e membri del consorzio Faitrade Italia<\/p>\n<p><a href=\"https:\/\/www.iobevo.com\/online\/wp-content\/uploads\/2019\/08\/Certificato-ISO-9001-2015-ITA.pdf\"><img decoding=\"async\" class=\"wp-image-4948\" src=\"http:\/\/www.iobevo.com\/online\/wp-content\/uploads\/2013\/01\/9001-180x180.jpg\" alt=\"9001\" width=\"100\" height=\"100\" srcset=\"https:\/\/www.iobevo.com\/online\/wp-content\/uploads\/2013\/01\/9001-180x180.jpg 180w, https:\/\/www.iobevo.com\/online\/wp-content\/uploads\/2013\/01\/9001-300x300.jpg 300w, https:\/\/www.iobevo.com\/online\/wp-content\/uploads\/2013\/01\/9001-60x60.jpg 60w, https:\/\/www.iobevo.com\/online\/wp-content\/uploads\/2013\/01\/9001.jpg 538w\" sizes=\"(max-width: 100px) 100vw, 100px\" \/><\/a> <a href=\"https:\/\/www.iobevo.com\/online\/wp-content\/uploads\/2019\/08\/Certificato-ISO-14001_ita_18.pdf\"><img decoding=\"async\" class=\"wp-image-4949\" src=\"http:\/\/www.iobevo.com\/online\/wp-content\/uploads\/2013\/01\/14001-180x180.jpg\" alt=\"14001\" width=\"100\" height=\"100\" srcset=\"https:\/\/www.iobevo.com\/online\/wp-content\/uploads\/2013\/01\/14001-180x180.jpg 180w, https:\/\/www.iobevo.com\/online\/wp-content\/uploads\/2013\/01\/14001-300x300.jpg 300w, https:\/\/www.iobevo.com\/online\/wp-content\/uploads\/2013\/01\/14001-60x60.jpg 60w, https:\/\/www.iobevo.com\/online\/wp-content\/uploads\/2013\/01\/14001.jpg 538w\" sizes=\"(max-width: 100px) 100vw, 100px\" \/><\/a> <a href=\"https:\/\/www.iobevo.com\/online\/wp-content\/uploads\/2021\/04\/Certificato-ISO-45001-itaeng.pdf\"><img decoding=\"async\" class=\"wp-image-4949\" src=\"http:\/\/www.iobevo.com\/online\/wp-content\/uploads\/2013\/01\/14001-180x180.jpg\" alt=\"14001\" width=\"100\" height=\"100\" srcset=\"https:\/\/www.iobevo.com\/online\/wp-content\/uploads\/2013\/01\/14001-180x180.jpg 180w, https:\/\/www.iobevo.com\/online\/wp-content\/uploads\/2013\/01\/14001-300x300.jpg 300w, https:\/\/www.iobevo.com\/online\/wp-content\/uploads\/2013\/01\/14001-60x60.jpg 60w, https:\/\/www.iobevo.com\/online\/wp-content\/uploads\/2013\/01\/14001.jpg 538w\" sizes=\"(max-width: 100px) 100vw, 100px\" \/><\/a> <a href=\"https:\/\/www.iobevo.com\/online\/wp-content\/uploads\/2019\/09\/CERT-Certificate-novembre-2016-2020-1.pdf\"><img decoding=\"async\" class=\"wp-image-4959\" src=\"https:\/\/www.iobevo.com\/online\/wp-content\/uploads\/2013\/01\/Fairtrade_colours_blackR1-161x180.jpg\" alt=\"Fairtrade_colours_blackR1\" width=\"90\" height=\"100\" \/><\/a><\/p>\n","protected":false},"excerpt":{"rendered":"<p>General Beverage \u00e8 specializzata in soluzioni tecnico-commerciali per la distribuzione di bevande e alimenti: acqua microfiltrata bevande fredde (soft drink, succhi di frutta, bevande regionali, bevande equo e solidali, bevande salutistiche, bevande isotoniche, birra concentrata) bevande calde (caff\u00e8, cioccolato, t\u00e8, cappuccino, bevande equo e solidali, bevande alla soia) caff\u00e8 espresso [&hellip;]<\/p>\n","protected":false},"author":84,"featured_media":2831,"parent":0,"menu_order":1,"comment_status":"open","ping_status":"closed","template":"","meta":{"footnotes":""},"class_list":["post-22","page","type-page","status-publish","has-post-thumbnail","hentry"],"yoast_head":"<!-- This site is optimized with the Yoast SEO plugin v27.5 - https:\/\/yoast.com\/product\/yoast-seo-wordpress\/ -->\n<title>Distribuzione di bevande e alimenti con dispenser self-service<\/title>\n<meta name=\"description\" content=\"General Beverage \u00e8 specializzata in soluzioni tecnico-commerciali per la distribuzione di bevande e alimenti mediante dispenser self-service.\" \/>\n<meta name=\"robots\" content=\"index, follow, max-snippet:-1, max-image-preview:large, max-video-preview:-1\" \/>\n<link rel=\"canonical\" href=\"https:\/\/www.iobevo.com\/online\/chi-siamo\/\" \/>\n<meta property=\"og:locale\" content=\"it_IT\" \/>\n<meta property=\"og:type\" content=\"article\" \/>\n<meta property=\"og:title\" content=\"Distribuzione di bevande e alimenti con dispenser self-service\" \/>\n<meta property=\"og:description\" content=\"General Beverage \u00e8 specializzata in soluzioni tecnico-commerciali per la distribuzione di bevande e alimenti mediante dispenser self-service.\" \/>\n<meta property=\"og:url\" content=\"https:\/\/www.iobevo.com\/online\/chi-siamo\/\" \/>\n<meta property=\"og:site_name\" content=\"io bevo\u00ae\" \/>\n<meta property=\"article:modified_time\" content=\"2024-03-27T15:57:41+00:00\" \/>\n<meta property=\"og:image\" content=\"https:\/\/www.iobevo.com\/online\/wp-content\/uploads\/2014\/01\/slide-2-bg-e1400667726929.png\" \/>\n\t<meta property=\"og:image:width\" content=\"1512\" \/>\n\t<meta property=\"og:image:height\" content=\"400\" \/>\n\t<meta property=\"og:image:type\" content=\"image\/png\" \/>\n<meta name=\"twitter:card\" content=\"summary_large_image\" \/>\n<meta name=\"twitter:site\" content=\"@IoBevo\" \/>\n<meta name=\"twitter:label1\" content=\"Tempo di lettura stimato\" \/>\n\t<meta name=\"twitter:data1\" content=\"4 minuti\" \/>\n<script type=\"application\/ld+json\" class=\"yoast-schema-graph\">{\"@context\":\"https:\\\/\\\/schema.org\",\"@graph\":[{\"@type\":\"WebPage\",\"@id\":\"https:\\\/\\\/www.iobevo.com\\\/online\\\/chi-siamo\\\/\",\"url\":\"https:\\\/\\\/www.iobevo.com\\\/online\\\/chi-siamo\\\/\",\"name\":\"Distribuzione di bevande e alimenti con dispenser self-service\",\"isPartOf\":{\"@id\":\"https:\\\/\\\/www.iobevo.com\\\/online\\\/#website\"},\"primaryImageOfPage\":{\"@id\":\"https:\\\/\\\/www.iobevo.com\\\/online\\\/chi-siamo\\\/#primaryimage\"},\"image\":{\"@id\":\"https:\\\/\\\/www.iobevo.com\\\/online\\\/chi-siamo\\\/#primaryimage\"},\"thumbnailUrl\":\"https:\\\/\\\/www.iobevo.com\\\/online\\\/wp-content\\\/uploads\\\/2014\\\/01\\\/slide-2-bg-e1400667726929.png\",\"datePublished\":\"2014-01-20T08:46:15+00:00\",\"dateModified\":\"2024-03-27T15:57:41+00:00\",\"description\":\"General Beverage \u00e8 specializzata in soluzioni tecnico-commerciali per la distribuzione di bevande e alimenti mediante dispenser self-service.\",\"inLanguage\":\"it-IT\",\"potentialAction\":[{\"@type\":\"ReadAction\",\"target\":[\"https:\\\/\\\/www.iobevo.com\\\/online\\\/chi-siamo\\\/\"]}]},{\"@type\":\"ImageObject\",\"inLanguage\":\"it-IT\",\"@id\":\"https:\\\/\\\/www.iobevo.com\\\/online\\\/chi-siamo\\\/#primaryimage\",\"url\":\"https:\\\/\\\/www.iobevo.com\\\/online\\\/wp-content\\\/uploads\\\/2014\\\/01\\\/slide-2-bg-e1400667726929.png\",\"contentUrl\":\"https:\\\/\\\/www.iobevo.com\\\/online\\\/wp-content\\\/uploads\\\/2014\\\/01\\\/slide-2-bg-e1400667726929.png\",\"width\":1512,\"height\":400},{\"@type\":\"WebSite\",\"@id\":\"https:\\\/\\\/www.iobevo.com\\\/online\\\/#website\",\"url\":\"https:\\\/\\\/www.iobevo.com\\\/online\\\/\",\"name\":\"io bevo\u00ae\",\"description\":\"Drink Plastic free\",\"publisher\":{\"@id\":\"https:\\\/\\\/www.iobevo.com\\\/online\\\/#organization\"},\"potentialAction\":[{\"@type\":\"SearchAction\",\"target\":{\"@type\":\"EntryPoint\",\"urlTemplate\":\"https:\\\/\\\/www.iobevo.com\\\/online\\\/?s={search_term_string}\"},\"query-input\":{\"@type\":\"PropertyValueSpecification\",\"valueRequired\":true,\"valueName\":\"search_term_string\"}}],\"inLanguage\":\"it-IT\"},{\"@type\":\"Organization\",\"@id\":\"https:\\\/\\\/www.iobevo.com\\\/online\\\/#organization\",\"name\":\"General Beverage\",\"url\":\"https:\\\/\\\/www.iobevo.com\\\/online\\\/\",\"logo\":{\"@type\":\"ImageObject\",\"inLanguage\":\"it-IT\",\"@id\":\"https:\\\/\\\/www.iobevo.com\\\/online\\\/#\\\/schema\\\/logo\\\/image\\\/\",\"url\":\"https:\\\/\\\/www.iobevo.com\\\/online\\\/wp-content\\\/uploads\\\/2014\\\/01\\\/logo_gb_horizontal_grey_160x47.png\",\"contentUrl\":\"https:\\\/\\\/www.iobevo.com\\\/online\\\/wp-content\\\/uploads\\\/2014\\\/01\\\/logo_gb_horizontal_grey_160x47.png\",\"width\":160,\"height\":47,\"caption\":\"General Beverage\"},\"image\":{\"@id\":\"https:\\\/\\\/www.iobevo.com\\\/online\\\/#\\\/schema\\\/logo\\\/image\\\/\"},\"sameAs\":[\"https:\\\/\\\/x.com\\\/IoBevo\"]}]}<\/script>\n<!-- \/ Yoast SEO plugin. -->","yoast_head_json":{"title":"Distribuzione di bevande e alimenti con dispenser self-service","description":"General Beverage \u00e8 specializzata in soluzioni tecnico-commerciali per la distribuzione di bevande e alimenti mediante dispenser self-service.","robots":{"index":"index","follow":"follow","max-snippet":"max-snippet:-1","max-image-preview":"max-image-preview:large","max-video-preview":"max-video-preview:-1"},"canonical":"https:\/\/www.iobevo.com\/online\/chi-siamo\/","og_locale":"it_IT","og_type":"article","og_title":"Distribuzione di bevande e alimenti con dispenser self-service","og_description":"General Beverage \u00e8 specializzata in soluzioni tecnico-commerciali per la distribuzione di bevande e alimenti mediante dispenser self-service.","og_url":"https:\/\/www.iobevo.com\/online\/chi-siamo\/","og_site_name":"io bevo\u00ae","article_modified_time":"2024-03-27T15:57:41+00:00","og_image":[{"width":1512,"height":400,"url":"https:\/\/www.iobevo.com\/online\/wp-content\/uploads\/2014\/01\/slide-2-bg-e1400667726929.png","type":"image\/png"}],"twitter_card":"summary_large_image","twitter_site":"@IoBevo","twitter_misc":{"Tempo di lettura stimato":"4 minuti"},"schema":{"@context":"https:\/\/schema.org","@graph":[{"@type":"WebPage","@id":"https:\/\/www.iobevo.com\/online\/chi-siamo\/","url":"https:\/\/www.iobevo.com\/online\/chi-siamo\/","name":"Distribuzione di bevande e alimenti con dispenser self-service","isPartOf":{"@id":"https:\/\/www.iobevo.com\/online\/#website"},"primaryImageOfPage":{"@id":"https:\/\/www.iobevo.com\/online\/chi-siamo\/#primaryimage"},"image":{"@id":"https:\/\/www.iobevo.com\/online\/chi-siamo\/#primaryimage"},"thumbnailUrl":"https:\/\/www.iobevo.com\/online\/wp-content\/uploads\/2014\/01\/slide-2-bg-e1400667726929.png","datePublished":"2014-01-20T08:46:15+00:00","dateModified":"2024-03-27T15:57:41+00:00","description":"General Beverage \u00e8 specializzata in soluzioni tecnico-commerciali per la distribuzione di bevande e alimenti mediante dispenser self-service.","inLanguage":"it-IT","potentialAction":[{"@type":"ReadAction","target":["https:\/\/www.iobevo.com\/online\/chi-siamo\/"]}]},{"@type":"ImageObject","inLanguage":"it-IT","@id":"https:\/\/www.iobevo.com\/online\/chi-siamo\/#primaryimage","url":"https:\/\/www.iobevo.com\/online\/wp-content\/uploads\/2014\/01\/slide-2-bg-e1400667726929.png","contentUrl":"https:\/\/www.iobevo.com\/online\/wp-content\/uploads\/2014\/01\/slide-2-bg-e1400667726929.png","width":1512,"height":400},{"@type":"WebSite","@id":"https:\/\/www.iobevo.com\/online\/#website","url":"https:\/\/www.iobevo.com\/online\/","name":"io bevo\u00ae","description":"Drink Plastic free","publisher":{"@id":"https:\/\/www.iobevo.com\/online\/#organization"},"potentialAction":[{"@type":"SearchAction","target":{"@type":"EntryPoint","urlTemplate":"https:\/\/www.iobevo.com\/online\/?s={search_term_string}"},"query-input":{"@type":"PropertyValueSpecification","valueRequired":true,"valueName":"search_term_string"}}],"inLanguage":"it-IT"},{"@type":"Organization","@id":"https:\/\/www.iobevo.com\/online\/#organization","name":"General Beverage","url":"https:\/\/www.iobevo.com\/online\/","logo":{"@type":"ImageObject","inLanguage":"it-IT","@id":"https:\/\/www.iobevo.com\/online\/#\/schema\/logo\/image\/","url":"https:\/\/www.iobevo.com\/online\/wp-content\/uploads\/2014\/01\/logo_gb_horizontal_grey_160x47.png","contentUrl":"https:\/\/www.iobevo.com\/online\/wp-content\/uploads\/2014\/01\/logo_gb_horizontal_grey_160x47.png","width":160,"height":47,"caption":"General Beverage"},"image":{"@id":"https:\/\/www.iobevo.com\/online\/#\/schema\/logo\/image\/"},"sameAs":["https:\/\/x.com\/IoBevo"]}]}},"_links":{"self":[{"href":"https:\/\/www.iobevo.com\/online\/wp-json\/wp\/v2\/pages\/22","targetHints":{"allow":["GET"]}}],"collection":[{"href":"https:\/\/www.iobevo.com\/online\/wp-json\/wp\/v2\/pages"}],"about":[{"href":"https:\/\/www.iobevo.com\/online\/wp-json\/wp\/v2\/types\/page"}],"author":[{"embeddable":true,"href":"https:\/\/www.iobevo.com\/online\/wp-json\/wp\/v2\/users\/84"}],"replies":[{"embeddable":true,"href":"https:\/\/www.iobevo.com\/online\/wp-json\/wp\/v2\/comments?post=22"}],"version-history":[{"count":3,"href":"https:\/\/www.iobevo.com\/online\/wp-json\/wp\/v2\/pages\/22\/revisions"}],"predecessor-version":[{"id":20838,"href":"https:\/\/www.iobevo.com\/online\/wp-json\/wp\/v2\/pages\/22\/revisions\/20838"}],"wp:featuredmedia":[{"embeddable":true,"href":"https:\/\/www.iobevo.com\/online\/wp-json\/wp\/v2\/media\/2831"}],"wp:attachment":[{"href":"https:\/\/www.iobevo.com\/online\/wp-json\/wp\/v2\/media?parent=22"}],"curies":[{"name":"wp","href":"https:\/\/api.w.org\/{rel}","templated":true}]}}