{"id":3425,"date":"2014-04-29T16:37:31","date_gmt":"2014-04-29T16:37:31","guid":{"rendered":"http:\/\/iobevo.com\/online\/?page_id=3425"},"modified":"2019-11-21T13:23:37","modified_gmt":"2019-11-21T11:23:37","slug":"mediterraneo","status":"publish","type":"page","link":"https:\/\/www.iobevo.com\/online\/distributori\/mediterraneo\/","title":{"rendered":"Mediterraneo"},"content":{"rendered":"<p><span class=\"responsive\"><img fetchpriority=\"high\" decoding=\"async\" class=\"alignnone size-full wp-image-3260\" src=\"http:\/\/iobevo.com\/online\/wp-content\/uploads\/2014\/04\/mediterraneo.jpg\" alt=\"mediterraneo\" width=\"700\" height=\"195\" srcset=\"https:\/\/www.iobevo.com\/online\/wp-content\/uploads\/2014\/04\/mediterraneo.jpg 700w, https:\/\/www.iobevo.com\/online\/wp-content\/uploads\/2014\/04\/mediterraneo-300x83.jpg 300w\" sizes=\"(max-width: 700px) 100vw, 700px\" \/><\/span> <strong>Mediterraneo<\/strong> \u00e8 un nuovo modello di distributore che io bevo propone per la distribuzione di bevande fredde e in particolare per il servizio <a title=\"Freebeverage\" href=\"http:\/\/iobevo.com\/online\/servizi\/freebeverage\/\"><span class=\"mark2\">freebeverage<\/span><\/a><span class=\"mark3\">\u00ae<\/span>. Pu\u00f2 distribuire fino a 6 diverse bevande e 3 acque microfiltrate, sia gassate che naturali. Pu\u00f2 essere appoggiato su banchi gi\u00e0 presenti nella struttura o su uno specifico banco di appoggio le cui dimensioni sono indicate nella scheda tecnica. I bag in box dei concentrati e il sistema di depurazione dell\u2019acqua vengono collocati nei vani presenti in prossimit\u00e0 o all\u2019interno dell\u2019apposito banco di appoggio. Si caratterizza esteticamente per una ampia luminosa frontale con messaggi di comunicazione ambientale o con altri messaggi personalizzati a seconda del format di bevande e del contesto. \u00a0Il design interno del distributore, i materiali utilizzati, le componenti per la refrigerazione, sono progettati e predisposti al fine di ridurre i consumi energetici e l\u2019impatto ambientale complessivo dell\u2019attrezzatura rispetto ad altre tipologie di distributori presenti sul mercato. <\/p>\n<div class=\"gap\" style=\"height: 30px;\"><\/div>\n<h3 class=\"title\"><span>Caratteristiche tecniche<\/span><\/h3>\n<div class=\"one_half\">\n<div class=\"description clearfix style-1\">\n<p style=\"text-align: left;\">Larghezza:\u00a0<strong>mm 500<\/strong><\/p>\n<p style=\"text-align: left;\">Profondit\u00e0:\u00a0<strong>mm 740<\/strong><\/p>\n<p style=\"text-align: left;\">Altezza:\u00a0<strong>mm 780<\/strong><\/p>\n<p style=\"text-align: left;\">Dimensione eventuale banco di appoggio:<br \/>\n<strong>L mm 780 x P mm 830 + 300 x H mm 910<\/strong><\/p>\n<p style=\"text-align: left;\">Sistema:\u00a0<strong>PostMix<\/strong><\/p>\n<p style=\"text-align: left;\">Tensione-Frequenza:\u00a0<strong>230 V &#8211; 50 Hz<\/strong><\/p>\n<p style=\"text-align: left;\">Assorbimento elettrico:\u00a0<strong>1 KW<\/strong><\/p>\n<p style=\"text-align: left;\">Capacit\u00e0 refrigerante:\u00a0<strong>500 Kcal\/h<\/strong><\/p>\n<p style=\"text-align: left;\">Temperatura uscita bevande:\u00a0<strong>da +2 a +6\u00b0C\u00a0<\/strong><\/p>\n<p style=\"text-align: left;\">Compressore:\u00a0<strong>Hp 1\/3 ASPERA<\/strong><\/p>\n<p style=\"text-align: left;\">Pompa volumetrica:\u00a0<strong>300 lt\/h<\/strong><\/p>\n<p style=\"text-align: left;\">Numero Uscite: <strong>6+3<\/strong><\/p>\n<p style=\"text-align: left;\">Banco ghiaccio:\u00a0<strong>Kg 20<\/strong><\/p>\n<p style=\"text-align: left;\">Materiale struttura interna:\u00a0<strong>Acciaio AISI 304<\/strong><\/p>\n<p style=\"text-align: left;\">Materiale pannellature:\u00a0<strong>Acciaio AISI 304\u00a0<\/strong><\/p>\n<p style=\"text-align: left;\">Presa elettrica:<br \/>\n<strong>Schuko (40 cm da base, centrale)<\/strong><\/p>\n<p style=\"text-align: left;\">Presa acqua:\u00a0<strong>\u00bd \u201c (20 cm da base, centrale)<\/strong><\/p>\n<p>Certificazione energetica: <strong>Classe A++<\/strong><\/p>\n<p>Disponibili per la consultazione i documenti che ne attestano i consumi (formato PDF):<\/p>\n<p><a href=\"https:\/\/www.iobevo.com\/online\/wp-content\/uploads\/2019\/01\/etichetta-energetiche-IO-BEVO-MED.pdf\">ETICHETTA ENERGETICA<\/a><\/p>\n<p>&nbsp;<\/p>\n<p style=\"text-align: left;\"><\/div>\n<h3 class=\"title\"><span>Caratteristiche tecniche copribombole CO2<\/span><\/h3>\n<div class=\"description clearfix style-1\">\n<p style=\"text-align: left;\">Materiale:\u00a0<strong>dibond<\/strong><\/p>\n<p style=\"text-align: left;\">Dimensioni:<br \/>\n<strong>L mm 330 x P mm 280 x H mm 1500<\/strong><\/p>\n<p style=\"text-align: center;\"><\/div>\n<\/div>\n<div class=\"one_half last\"><img decoding=\"async\" class=\"alignnone wp-image-3747\" src=\"http:\/\/iobevo.com\/online\/wp-content\/uploads\/2014\/04\/1.jpg\" alt=\"1\" width=\"239\" height=\"412\" srcset=\"https:\/\/www.iobevo.com\/online\/wp-content\/uploads\/2014\/04\/1.jpg 395w, https:\/\/www.iobevo.com\/online\/wp-content\/uploads\/2014\/04\/1-174x300.jpg 174w\" sizes=\"(max-width: 239px) 100vw, 239px\" \/><\/p>\n<p style=\"text-align: center;\"><img decoding=\"async\" class=\"alignnone size-full wp-image-3751\" src=\"http:\/\/iobevo.com\/online\/wp-content\/uploads\/2014\/04\/2.jpg\" alt=\"2\" width=\"106\" height=\"305\" srcset=\"https:\/\/www.iobevo.com\/online\/wp-content\/uploads\/2014\/04\/2.jpg 106w, https:\/\/www.iobevo.com\/online\/wp-content\/uploads\/2014\/04\/2-104x300.jpg 104w\" sizes=\"(max-width: 106px) 100vw, 106px\" \/><\/div>\n<div class=\"clear\"><\/div><\/p>\n","protected":false},"excerpt":{"rendered":"<p>Mediterraneo \u00e8 un nuovo modello di distributore che io bevo propone per la distribuzione di bevande fredde e in particolare per il servizio freebeverage\u00ae. Pu\u00f2 distribuire fino a 6 diverse bevande e 3 acque microfiltrate, sia gassate che naturali. Pu\u00f2 essere appoggiato su banchi gi\u00e0 presenti nella struttura o su [&hellip;]<\/p>\n","protected":false},"author":84,"featured_media":2831,"parent":136,"menu_order":0,"comment_status":"open","ping_status":"closed","template":"","meta":{"footnotes":""},"class_list":["post-3425","page","type-page","status-publish","has-post-thumbnail","hentry"],"yoast_head":"<!-- This site is optimized with the Yoast SEO plugin v27.5 - https:\/\/yoast.com\/product\/yoast-seo-wordpress\/ -->\n<title>Mediterraneo: distributore per bevande fredde io bevo\u00ae<\/title>\n<meta name=\"description\" content=\"Mediterraneo \u00e8 un distributore per bevande fredde io bevo\u00ae, indicato per il servizio freebeverage\u00ae, cio\u00e8 la distribuzione di bevande a libero consumo.\" \/>\n<meta name=\"robots\" content=\"index, follow, max-snippet:-1, max-image-preview:large, max-video-preview:-1\" \/>\n<link rel=\"canonical\" href=\"https:\/\/www.iobevo.com\/online\/distributori\/mediterraneo\/\" \/>\n<meta property=\"og:locale\" content=\"it_IT\" \/>\n<meta property=\"og:type\" content=\"article\" \/>\n<meta property=\"og:title\" content=\"Mediterraneo: distributore per bevande fredde io bevo\u00ae\" \/>\n<meta property=\"og:description\" content=\"Mediterraneo \u00e8 un distributore per bevande fredde io bevo\u00ae, indicato per il servizio freebeverage\u00ae, cio\u00e8 la distribuzione di bevande a libero consumo.\" \/>\n<meta property=\"og:url\" content=\"https:\/\/www.iobevo.com\/online\/distributori\/mediterraneo\/\" \/>\n<meta property=\"og:site_name\" content=\"io bevo\u00ae\" \/>\n<meta property=\"article:modified_time\" content=\"2019-11-21T11:23:37+00:00\" \/>\n<meta name=\"twitter:card\" content=\"summary_large_image\" \/>\n<meta name=\"twitter:image\" content=\"http:\/\/iobevo.com\/online\/wp-content\/uploads\/2014\/04\/1.jpg\" \/>\n<meta name=\"twitter:site\" content=\"@IoBevo\" \/>\n<meta name=\"twitter:label1\" content=\"Tempo di lettura stimato\" \/>\n\t<meta name=\"twitter:data1\" content=\"1 minuto\" \/>\n<script type=\"application\/ld+json\" class=\"yoast-schema-graph\">{\"@context\":\"https:\\\/\\\/schema.org\",\"@graph\":[{\"@type\":\"WebPage\",\"@id\":\"https:\\\/\\\/www.iobevo.com\\\/online\\\/distributori\\\/mediterraneo\\\/\",\"url\":\"https:\\\/\\\/www.iobevo.com\\\/online\\\/distributori\\\/mediterraneo\\\/\",\"name\":\"Mediterraneo: distributore per bevande fredde io bevo\u00ae\",\"isPartOf\":{\"@id\":\"https:\\\/\\\/www.iobevo.com\\\/online\\\/#website\"},\"primaryImageOfPage\":{\"@id\":\"https:\\\/\\\/www.iobevo.com\\\/online\\\/distributori\\\/mediterraneo\\\/#primaryimage\"},\"image\":{\"@id\":\"https:\\\/\\\/www.iobevo.com\\\/online\\\/distributori\\\/mediterraneo\\\/#primaryimage\"},\"thumbnailUrl\":\"https:\\\/\\\/www.iobevo.com\\\/online\\\/wp-content\\\/uploads\\\/2014\\\/01\\\/slide-2-bg-e1400667726929.png\",\"datePublished\":\"2014-04-29T16:37:31+00:00\",\"dateModified\":\"2019-11-21T11:23:37+00:00\",\"description\":\"Mediterraneo \u00e8 un distributore per bevande fredde io bevo\u00ae, indicato per il servizio freebeverage\u00ae, cio\u00e8 la distribuzione di bevande a libero consumo.\",\"breadcrumb\":{\"@id\":\"https:\\\/\\\/www.iobevo.com\\\/online\\\/distributori\\\/mediterraneo\\\/#breadcrumb\"},\"inLanguage\":\"it-IT\",\"potentialAction\":[{\"@type\":\"ReadAction\",\"target\":[\"https:\\\/\\\/www.iobevo.com\\\/online\\\/distributori\\\/mediterraneo\\\/\"]}]},{\"@type\":\"ImageObject\",\"inLanguage\":\"it-IT\",\"@id\":\"https:\\\/\\\/www.iobevo.com\\\/online\\\/distributori\\\/mediterraneo\\\/#primaryimage\",\"url\":\"https:\\\/\\\/www.iobevo.com\\\/online\\\/wp-content\\\/uploads\\\/2014\\\/01\\\/slide-2-bg-e1400667726929.png\",\"contentUrl\":\"https:\\\/\\\/www.iobevo.com\\\/online\\\/wp-content\\\/uploads\\\/2014\\\/01\\\/slide-2-bg-e1400667726929.png\",\"width\":1512,\"height\":400},{\"@type\":\"BreadcrumbList\",\"@id\":\"https:\\\/\\\/www.iobevo.com\\\/online\\\/distributori\\\/mediterraneo\\\/#breadcrumb\",\"itemListElement\":[{\"@type\":\"ListItem\",\"position\":1,\"name\":\"Distributori\",\"item\":\"https:\\\/\\\/www.iobevo.com\\\/online\\\/distributori\\\/\"},{\"@type\":\"ListItem\",\"position\":2,\"name\":\"Mediterraneo\"}]},{\"@type\":\"WebSite\",\"@id\":\"https:\\\/\\\/www.iobevo.com\\\/online\\\/#website\",\"url\":\"https:\\\/\\\/www.iobevo.com\\\/online\\\/\",\"name\":\"io bevo\u00ae\",\"description\":\"Drink Plastic free\",\"publisher\":{\"@id\":\"https:\\\/\\\/www.iobevo.com\\\/online\\\/#organization\"},\"potentialAction\":[{\"@type\":\"SearchAction\",\"target\":{\"@type\":\"EntryPoint\",\"urlTemplate\":\"https:\\\/\\\/www.iobevo.com\\\/online\\\/?s={search_term_string}\"},\"query-input\":{\"@type\":\"PropertyValueSpecification\",\"valueRequired\":true,\"valueName\":\"search_term_string\"}}],\"inLanguage\":\"it-IT\"},{\"@type\":\"Organization\",\"@id\":\"https:\\\/\\\/www.iobevo.com\\\/online\\\/#organization\",\"name\":\"General Beverage\",\"url\":\"https:\\\/\\\/www.iobevo.com\\\/online\\\/\",\"logo\":{\"@type\":\"ImageObject\",\"inLanguage\":\"it-IT\",\"@id\":\"https:\\\/\\\/www.iobevo.com\\\/online\\\/#\\\/schema\\\/logo\\\/image\\\/\",\"url\":\"https:\\\/\\\/www.iobevo.com\\\/online\\\/wp-content\\\/uploads\\\/2014\\\/01\\\/logo_gb_horizontal_grey_160x47.png\",\"contentUrl\":\"https:\\\/\\\/www.iobevo.com\\\/online\\\/wp-content\\\/uploads\\\/2014\\\/01\\\/logo_gb_horizontal_grey_160x47.png\",\"width\":160,\"height\":47,\"caption\":\"General Beverage\"},\"image\":{\"@id\":\"https:\\\/\\\/www.iobevo.com\\\/online\\\/#\\\/schema\\\/logo\\\/image\\\/\"},\"sameAs\":[\"https:\\\/\\\/x.com\\\/IoBevo\"]}]}<\/script>\n<!-- \/ Yoast SEO plugin. -->","yoast_head_json":{"title":"Mediterraneo: distributore per bevande fredde io bevo\u00ae","description":"Mediterraneo \u00e8 un distributore per bevande fredde io bevo\u00ae, indicato per il servizio freebeverage\u00ae, cio\u00e8 la distribuzione di bevande a libero consumo.","robots":{"index":"index","follow":"follow","max-snippet":"max-snippet:-1","max-image-preview":"max-image-preview:large","max-video-preview":"max-video-preview:-1"},"canonical":"https:\/\/www.iobevo.com\/online\/distributori\/mediterraneo\/","og_locale":"it_IT","og_type":"article","og_title":"Mediterraneo: distributore per bevande fredde io bevo\u00ae","og_description":"Mediterraneo \u00e8 un distributore per bevande fredde io bevo\u00ae, indicato per il servizio freebeverage\u00ae, cio\u00e8 la distribuzione di bevande a libero consumo.","og_url":"https:\/\/www.iobevo.com\/online\/distributori\/mediterraneo\/","og_site_name":"io bevo\u00ae","article_modified_time":"2019-11-21T11:23:37+00:00","twitter_card":"summary_large_image","twitter_image":"http:\/\/iobevo.com\/online\/wp-content\/uploads\/2014\/04\/1.jpg","twitter_site":"@IoBevo","twitter_misc":{"Tempo di lettura stimato":"1 minuto"},"schema":{"@context":"https:\/\/schema.org","@graph":[{"@type":"WebPage","@id":"https:\/\/www.iobevo.com\/online\/distributori\/mediterraneo\/","url":"https:\/\/www.iobevo.com\/online\/distributori\/mediterraneo\/","name":"Mediterraneo: distributore per bevande fredde io bevo\u00ae","isPartOf":{"@id":"https:\/\/www.iobevo.com\/online\/#website"},"primaryImageOfPage":{"@id":"https:\/\/www.iobevo.com\/online\/distributori\/mediterraneo\/#primaryimage"},"image":{"@id":"https:\/\/www.iobevo.com\/online\/distributori\/mediterraneo\/#primaryimage"},"thumbnailUrl":"https:\/\/www.iobevo.com\/online\/wp-content\/uploads\/2014\/01\/slide-2-bg-e1400667726929.png","datePublished":"2014-04-29T16:37:31+00:00","dateModified":"2019-11-21T11:23:37+00:00","description":"Mediterraneo \u00e8 un distributore per bevande fredde io bevo\u00ae, indicato per il servizio freebeverage\u00ae, cio\u00e8 la distribuzione di bevande a libero consumo.","breadcrumb":{"@id":"https:\/\/www.iobevo.com\/online\/distributori\/mediterraneo\/#breadcrumb"},"inLanguage":"it-IT","potentialAction":[{"@type":"ReadAction","target":["https:\/\/www.iobevo.com\/online\/distributori\/mediterraneo\/"]}]},{"@type":"ImageObject","inLanguage":"it-IT","@id":"https:\/\/www.iobevo.com\/online\/distributori\/mediterraneo\/#primaryimage","url":"https:\/\/www.iobevo.com\/online\/wp-content\/uploads\/2014\/01\/slide-2-bg-e1400667726929.png","contentUrl":"https:\/\/www.iobevo.com\/online\/wp-content\/uploads\/2014\/01\/slide-2-bg-e1400667726929.png","width":1512,"height":400},{"@type":"BreadcrumbList","@id":"https:\/\/www.iobevo.com\/online\/distributori\/mediterraneo\/#breadcrumb","itemListElement":[{"@type":"ListItem","position":1,"name":"Distributori","item":"https:\/\/www.iobevo.com\/online\/distributori\/"},{"@type":"ListItem","position":2,"name":"Mediterraneo"}]},{"@type":"WebSite","@id":"https:\/\/www.iobevo.com\/online\/#website","url":"https:\/\/www.iobevo.com\/online\/","name":"io bevo\u00ae","description":"Drink Plastic free","publisher":{"@id":"https:\/\/www.iobevo.com\/online\/#organization"},"potentialAction":[{"@type":"SearchAction","target":{"@type":"EntryPoint","urlTemplate":"https:\/\/www.iobevo.com\/online\/?s={search_term_string}"},"query-input":{"@type":"PropertyValueSpecification","valueRequired":true,"valueName":"search_term_string"}}],"inLanguage":"it-IT"},{"@type":"Organization","@id":"https:\/\/www.iobevo.com\/online\/#organization","name":"General Beverage","url":"https:\/\/www.iobevo.com\/online\/","logo":{"@type":"ImageObject","inLanguage":"it-IT","@id":"https:\/\/www.iobevo.com\/online\/#\/schema\/logo\/image\/","url":"https:\/\/www.iobevo.com\/online\/wp-content\/uploads\/2014\/01\/logo_gb_horizontal_grey_160x47.png","contentUrl":"https:\/\/www.iobevo.com\/online\/wp-content\/uploads\/2014\/01\/logo_gb_horizontal_grey_160x47.png","width":160,"height":47,"caption":"General Beverage"},"image":{"@id":"https:\/\/www.iobevo.com\/online\/#\/schema\/logo\/image\/"},"sameAs":["https:\/\/x.com\/IoBevo"]}]}},"_links":{"self":[{"href":"https:\/\/www.iobevo.com\/online\/wp-json\/wp\/v2\/pages\/3425","targetHints":{"allow":["GET"]}}],"collection":[{"href":"https:\/\/www.iobevo.com\/online\/wp-json\/wp\/v2\/pages"}],"about":[{"href":"https:\/\/www.iobevo.com\/online\/wp-json\/wp\/v2\/types\/page"}],"author":[{"embeddable":true,"href":"https:\/\/www.iobevo.com\/online\/wp-json\/wp\/v2\/users\/84"}],"replies":[{"embeddable":true,"href":"https:\/\/www.iobevo.com\/online\/wp-json\/wp\/v2\/comments?post=3425"}],"version-history":[{"count":0,"href":"https:\/\/www.iobevo.com\/online\/wp-json\/wp\/v2\/pages\/3425\/revisions"}],"up":[{"embeddable":true,"href":"https:\/\/www.iobevo.com\/online\/wp-json\/wp\/v2\/pages\/136"}],"wp:featuredmedia":[{"embeddable":true,"href":"https:\/\/www.iobevo.com\/online\/wp-json\/wp\/v2\/media\/2831"}],"wp:attachment":[{"href":"https:\/\/www.iobevo.com\/online\/wp-json\/wp\/v2\/media?parent=3425"}],"curies":[{"name":"wp","href":"https:\/\/api.w.org\/{rel}","templated":true}]}}