{"id":3435,"date":"2014-04-29T16:48:46","date_gmt":"2014-04-29T16:48:46","guid":{"rendered":"http:\/\/iobevo.com\/online\/?page_id=3435"},"modified":"2017-05-07T19:30:50","modified_gmt":"2017-05-07T17:30:50","slug":"acquajet","status":"publish","type":"page","link":"https:\/\/www.iobevo.com\/online\/distributori\/acquajet\/","title":{"rendered":"Acqua Jet"},"content":{"rendered":"<p><strong>Acqua Jet<\/strong> \u00e8 il distributore compatto che proponiamo per il <a title=\"Io Pura\" href=\"http:\/\/iobevo.com\/online\/?page_id=61\">servizio acqua microfiltrata<\/a> per contesti di piccole e medie dimensioni. La temperatura di uscita dell\u2019acqua refrigerata pu\u00f2 essere regolata a seconda delle specifiche esigenze, cos\u00ec come pu\u00f2 essere regolata la gassatura.<\/p>\n<p>Pu\u00f2 essere appoggiato su banchi gi\u00e0 presenti nella struttura o su un banco di appoggio, le cui dimensioni sono indicate nella scheda tecnica.\u00a0\u00c8\u2019 dotato di predosaggio, in modo da agevolare, da parte del personale o degli utenti finali, il riempimento e distribuzione di bicchieri, caraffe, bottiglie o altri contenitori.<\/p>\n<h3 class=\"title\"><span>Caratteristiche tecniche<\/span><\/h3>\n<div class=\"one_half\">\n<div class=\"description clearfix style-1\">\n<p style=\"text-align: left;\">Larghezza: <strong>mm 280<\/strong><\/p>\n<p style=\"text-align: left;\">Profondit\u00e0: <strong>mm 520<\/strong><\/p>\n<p style=\"text-align: left;\">Altezza mm: <strong>900<\/strong><\/p>\n<p style=\"text-align: left;\">Tensione-frequenza: <strong>220 V &#8211; 50 Hz<\/strong><\/p>\n<p style=\"text-align: left;\">Produzione oraria: <strong>30 Lt\/ora<\/strong><\/p>\n<p style=\"text-align: left;\">Potenza massima assorbita: <strong>350\u00a0watt<\/strong><\/p>\n<p style=\"text-align: left;\">Scocca: <strong>acciaio\/plastica<\/strong><\/p>\n<p style=\"text-align: left;\">Numero dosi:\u00a0<strong>2<\/strong><\/p>\n<p style=\"text-align: left;\">Temperatura:\u00a0<strong>regolabile<\/strong><\/p>\n<p style=\"text-align: left;\">Gasatura: <strong>regolabile<\/strong><\/p>\n<p style=\"text-align: left;\">Tastiera:\u00a0<strong>membrana<\/strong><\/p>\n<p style=\"text-align: left;\">Presa elettrica: <strong>Schuko<\/strong><\/p>\n<p style=\"text-align: left;\">Presa acqua: <strong>\u00bd \u201c<\/strong><\/p>\n<p style=\"text-align: left;\">Peso: <strong>Kg 20<\/strong><\/p>\n<p style=\"text-align: center;\"><\/div>\n<\/div>\n<div class=\"one_half last\"><img fetchpriority=\"high\" decoding=\"async\" class=\"aligncenter wp-image-3434\" src=\"http:\/\/iobevo.com\/online\/wp-content\/uploads\/2014\/04\/acquajet.jpg\" alt=\"acquajet\" width=\"228\" height=\"631\" srcset=\"https:\/\/www.iobevo.com\/online\/wp-content\/uploads\/2014\/04\/acquajet.jpg 272w, https:\/\/www.iobevo.com\/online\/wp-content\/uploads\/2014\/04\/acquajet-108x300.jpg 108w\" sizes=\"(max-width: 228px) 100vw, 228px\" \/><\/div>\n<div class=\"clear\"><\/div><\/p>\n","protected":false},"excerpt":{"rendered":"<p>Acqua Jet \u00e8 il distributore compatto che proponiamo per il servizio acqua microfiltrata per contesti di piccole e medie dimensioni. La temperatura di uscita dell\u2019acqua refrigerata pu\u00f2 essere regolata a seconda delle specifiche esigenze, cos\u00ec come pu\u00f2 essere regolata la gassatura. Pu\u00f2 essere appoggiato su banchi gi\u00e0 presenti nella struttura [&hellip;]<\/p>\n","protected":false},"author":84,"featured_media":2831,"parent":136,"menu_order":10,"comment_status":"open","ping_status":"closed","template":"","meta":{"footnotes":""},"class_list":["post-3435","page","type-page","status-publish","has-post-thumbnail","hentry"],"yoast_head":"<!-- This site is optimized with the Yoast SEO plugin v27.5 - https:\/\/yoast.com\/product\/yoast-seo-wordpress\/ -->\n<title>Acqua Jet: distributore di acqua microfiltrata per ufficio<\/title>\n<meta name=\"description\" content=\"Acqua Jet \u00e8 il distributore di acqua microfiltrata (refrigerata e gassata). compatto, ideale per uffici e ambienti di lavoro. Scopri il servizio io pura\u00ae.\" \/>\n<meta name=\"robots\" content=\"index, follow, max-snippet:-1, max-image-preview:large, max-video-preview:-1\" \/>\n<link rel=\"canonical\" href=\"https:\/\/www.iobevo.com\/online\/distributori\/acquajet\/\" \/>\n<meta property=\"og:locale\" content=\"it_IT\" \/>\n<meta property=\"og:type\" content=\"article\" \/>\n<meta property=\"og:title\" content=\"Acqua Jet: distributore di acqua microfiltrata per ufficio\" \/>\n<meta property=\"og:description\" content=\"Acqua Jet \u00e8 il distributore di acqua microfiltrata (refrigerata e gassata). compatto, ideale per uffici e ambienti di lavoro. Scopri il servizio io pura\u00ae.\" \/>\n<meta property=\"og:url\" content=\"https:\/\/www.iobevo.com\/online\/distributori\/acquajet\/\" \/>\n<meta property=\"og:site_name\" content=\"io bevo\u00ae\" \/>\n<meta property=\"article:modified_time\" content=\"2017-05-07T17:30:50+00:00\" \/>\n<meta name=\"twitter:card\" content=\"summary_large_image\" \/>\n<meta name=\"twitter:image\" content=\"http:\/\/iobevo.com\/online\/wp-content\/uploads\/2014\/04\/acquajet.jpg\" \/>\n<meta name=\"twitter:site\" content=\"@IoBevo\" \/>\n<meta name=\"twitter:label1\" content=\"Tempo di lettura stimato\" \/>\n\t<meta name=\"twitter:data1\" content=\"1 minuto\" \/>\n<script type=\"application\/ld+json\" class=\"yoast-schema-graph\">{\"@context\":\"https:\\\/\\\/schema.org\",\"@graph\":[{\"@type\":\"WebPage\",\"@id\":\"https:\\\/\\\/www.iobevo.com\\\/online\\\/distributori\\\/acquajet\\\/\",\"url\":\"https:\\\/\\\/www.iobevo.com\\\/online\\\/distributori\\\/acquajet\\\/\",\"name\":\"Acqua Jet: distributore di acqua microfiltrata per ufficio\",\"isPartOf\":{\"@id\":\"https:\\\/\\\/www.iobevo.com\\\/online\\\/#website\"},\"primaryImageOfPage\":{\"@id\":\"https:\\\/\\\/www.iobevo.com\\\/online\\\/distributori\\\/acquajet\\\/#primaryimage\"},\"image\":{\"@id\":\"https:\\\/\\\/www.iobevo.com\\\/online\\\/distributori\\\/acquajet\\\/#primaryimage\"},\"thumbnailUrl\":\"https:\\\/\\\/www.iobevo.com\\\/online\\\/wp-content\\\/uploads\\\/2014\\\/01\\\/slide-2-bg-e1400667726929.png\",\"datePublished\":\"2014-04-29T16:48:46+00:00\",\"dateModified\":\"2017-05-07T17:30:50+00:00\",\"description\":\"Acqua Jet \u00e8 il distributore di acqua microfiltrata (refrigerata e gassata). compatto, ideale per uffici e ambienti di lavoro. Scopri il servizio io pura\u00ae.\",\"breadcrumb\":{\"@id\":\"https:\\\/\\\/www.iobevo.com\\\/online\\\/distributori\\\/acquajet\\\/#breadcrumb\"},\"inLanguage\":\"it-IT\",\"potentialAction\":[{\"@type\":\"ReadAction\",\"target\":[\"https:\\\/\\\/www.iobevo.com\\\/online\\\/distributori\\\/acquajet\\\/\"]}]},{\"@type\":\"ImageObject\",\"inLanguage\":\"it-IT\",\"@id\":\"https:\\\/\\\/www.iobevo.com\\\/online\\\/distributori\\\/acquajet\\\/#primaryimage\",\"url\":\"https:\\\/\\\/www.iobevo.com\\\/online\\\/wp-content\\\/uploads\\\/2014\\\/01\\\/slide-2-bg-e1400667726929.png\",\"contentUrl\":\"https:\\\/\\\/www.iobevo.com\\\/online\\\/wp-content\\\/uploads\\\/2014\\\/01\\\/slide-2-bg-e1400667726929.png\",\"width\":1512,\"height\":400},{\"@type\":\"BreadcrumbList\",\"@id\":\"https:\\\/\\\/www.iobevo.com\\\/online\\\/distributori\\\/acquajet\\\/#breadcrumb\",\"itemListElement\":[{\"@type\":\"ListItem\",\"position\":1,\"name\":\"Distributori\",\"item\":\"https:\\\/\\\/www.iobevo.com\\\/online\\\/distributori\\\/\"},{\"@type\":\"ListItem\",\"position\":2,\"name\":\"Acqua Jet\"}]},{\"@type\":\"WebSite\",\"@id\":\"https:\\\/\\\/www.iobevo.com\\\/online\\\/#website\",\"url\":\"https:\\\/\\\/www.iobevo.com\\\/online\\\/\",\"name\":\"io bevo\u00ae\",\"description\":\"Drink Plastic free\",\"publisher\":{\"@id\":\"https:\\\/\\\/www.iobevo.com\\\/online\\\/#organization\"},\"potentialAction\":[{\"@type\":\"SearchAction\",\"target\":{\"@type\":\"EntryPoint\",\"urlTemplate\":\"https:\\\/\\\/www.iobevo.com\\\/online\\\/?s={search_term_string}\"},\"query-input\":{\"@type\":\"PropertyValueSpecification\",\"valueRequired\":true,\"valueName\":\"search_term_string\"}}],\"inLanguage\":\"it-IT\"},{\"@type\":\"Organization\",\"@id\":\"https:\\\/\\\/www.iobevo.com\\\/online\\\/#organization\",\"name\":\"General Beverage\",\"url\":\"https:\\\/\\\/www.iobevo.com\\\/online\\\/\",\"logo\":{\"@type\":\"ImageObject\",\"inLanguage\":\"it-IT\",\"@id\":\"https:\\\/\\\/www.iobevo.com\\\/online\\\/#\\\/schema\\\/logo\\\/image\\\/\",\"url\":\"https:\\\/\\\/www.iobevo.com\\\/online\\\/wp-content\\\/uploads\\\/2014\\\/01\\\/logo_gb_horizontal_grey_160x47.png\",\"contentUrl\":\"https:\\\/\\\/www.iobevo.com\\\/online\\\/wp-content\\\/uploads\\\/2014\\\/01\\\/logo_gb_horizontal_grey_160x47.png\",\"width\":160,\"height\":47,\"caption\":\"General Beverage\"},\"image\":{\"@id\":\"https:\\\/\\\/www.iobevo.com\\\/online\\\/#\\\/schema\\\/logo\\\/image\\\/\"},\"sameAs\":[\"https:\\\/\\\/x.com\\\/IoBevo\"]}]}<\/script>\n<!-- \/ Yoast SEO plugin. -->","yoast_head_json":{"title":"Acqua Jet: distributore di acqua microfiltrata per ufficio","description":"Acqua Jet \u00e8 il distributore di acqua microfiltrata (refrigerata e gassata). compatto, ideale per uffici e ambienti di lavoro. Scopri il servizio io pura\u00ae.","robots":{"index":"index","follow":"follow","max-snippet":"max-snippet:-1","max-image-preview":"max-image-preview:large","max-video-preview":"max-video-preview:-1"},"canonical":"https:\/\/www.iobevo.com\/online\/distributori\/acquajet\/","og_locale":"it_IT","og_type":"article","og_title":"Acqua Jet: distributore di acqua microfiltrata per ufficio","og_description":"Acqua Jet \u00e8 il distributore di acqua microfiltrata (refrigerata e gassata). compatto, ideale per uffici e ambienti di lavoro. Scopri il servizio io pura\u00ae.","og_url":"https:\/\/www.iobevo.com\/online\/distributori\/acquajet\/","og_site_name":"io bevo\u00ae","article_modified_time":"2017-05-07T17:30:50+00:00","twitter_card":"summary_large_image","twitter_image":"http:\/\/iobevo.com\/online\/wp-content\/uploads\/2014\/04\/acquajet.jpg","twitter_site":"@IoBevo","twitter_misc":{"Tempo di lettura stimato":"1 minuto"},"schema":{"@context":"https:\/\/schema.org","@graph":[{"@type":"WebPage","@id":"https:\/\/www.iobevo.com\/online\/distributori\/acquajet\/","url":"https:\/\/www.iobevo.com\/online\/distributori\/acquajet\/","name":"Acqua Jet: distributore di acqua microfiltrata per ufficio","isPartOf":{"@id":"https:\/\/www.iobevo.com\/online\/#website"},"primaryImageOfPage":{"@id":"https:\/\/www.iobevo.com\/online\/distributori\/acquajet\/#primaryimage"},"image":{"@id":"https:\/\/www.iobevo.com\/online\/distributori\/acquajet\/#primaryimage"},"thumbnailUrl":"https:\/\/www.iobevo.com\/online\/wp-content\/uploads\/2014\/01\/slide-2-bg-e1400667726929.png","datePublished":"2014-04-29T16:48:46+00:00","dateModified":"2017-05-07T17:30:50+00:00","description":"Acqua Jet \u00e8 il distributore di acqua microfiltrata (refrigerata e gassata). compatto, ideale per uffici e ambienti di lavoro. Scopri il servizio io pura\u00ae.","breadcrumb":{"@id":"https:\/\/www.iobevo.com\/online\/distributori\/acquajet\/#breadcrumb"},"inLanguage":"it-IT","potentialAction":[{"@type":"ReadAction","target":["https:\/\/www.iobevo.com\/online\/distributori\/acquajet\/"]}]},{"@type":"ImageObject","inLanguage":"it-IT","@id":"https:\/\/www.iobevo.com\/online\/distributori\/acquajet\/#primaryimage","url":"https:\/\/www.iobevo.com\/online\/wp-content\/uploads\/2014\/01\/slide-2-bg-e1400667726929.png","contentUrl":"https:\/\/www.iobevo.com\/online\/wp-content\/uploads\/2014\/01\/slide-2-bg-e1400667726929.png","width":1512,"height":400},{"@type":"BreadcrumbList","@id":"https:\/\/www.iobevo.com\/online\/distributori\/acquajet\/#breadcrumb","itemListElement":[{"@type":"ListItem","position":1,"name":"Distributori","item":"https:\/\/www.iobevo.com\/online\/distributori\/"},{"@type":"ListItem","position":2,"name":"Acqua Jet"}]},{"@type":"WebSite","@id":"https:\/\/www.iobevo.com\/online\/#website","url":"https:\/\/www.iobevo.com\/online\/","name":"io bevo\u00ae","description":"Drink Plastic free","publisher":{"@id":"https:\/\/www.iobevo.com\/online\/#organization"},"potentialAction":[{"@type":"SearchAction","target":{"@type":"EntryPoint","urlTemplate":"https:\/\/www.iobevo.com\/online\/?s={search_term_string}"},"query-input":{"@type":"PropertyValueSpecification","valueRequired":true,"valueName":"search_term_string"}}],"inLanguage":"it-IT"},{"@type":"Organization","@id":"https:\/\/www.iobevo.com\/online\/#organization","name":"General Beverage","url":"https:\/\/www.iobevo.com\/online\/","logo":{"@type":"ImageObject","inLanguage":"it-IT","@id":"https:\/\/www.iobevo.com\/online\/#\/schema\/logo\/image\/","url":"https:\/\/www.iobevo.com\/online\/wp-content\/uploads\/2014\/01\/logo_gb_horizontal_grey_160x47.png","contentUrl":"https:\/\/www.iobevo.com\/online\/wp-content\/uploads\/2014\/01\/logo_gb_horizontal_grey_160x47.png","width":160,"height":47,"caption":"General Beverage"},"image":{"@id":"https:\/\/www.iobevo.com\/online\/#\/schema\/logo\/image\/"},"sameAs":["https:\/\/x.com\/IoBevo"]}]}},"_links":{"self":[{"href":"https:\/\/www.iobevo.com\/online\/wp-json\/wp\/v2\/pages\/3435","targetHints":{"allow":["GET"]}}],"collection":[{"href":"https:\/\/www.iobevo.com\/online\/wp-json\/wp\/v2\/pages"}],"about":[{"href":"https:\/\/www.iobevo.com\/online\/wp-json\/wp\/v2\/types\/page"}],"author":[{"embeddable":true,"href":"https:\/\/www.iobevo.com\/online\/wp-json\/wp\/v2\/users\/84"}],"replies":[{"embeddable":true,"href":"https:\/\/www.iobevo.com\/online\/wp-json\/wp\/v2\/comments?post=3435"}],"version-history":[{"count":0,"href":"https:\/\/www.iobevo.com\/online\/wp-json\/wp\/v2\/pages\/3435\/revisions"}],"up":[{"embeddable":true,"href":"https:\/\/www.iobevo.com\/online\/wp-json\/wp\/v2\/pages\/136"}],"wp:featuredmedia":[{"embeddable":true,"href":"https:\/\/www.iobevo.com\/online\/wp-json\/wp\/v2\/media\/2831"}],"wp:attachment":[{"href":"https:\/\/www.iobevo.com\/online\/wp-json\/wp\/v2\/media?parent=3435"}],"curies":[{"name":"wp","href":"https:\/\/api.w.org\/{rel}","templated":true}]}}