{"id":3451,"date":"2014-04-29T17:43:59","date_gmt":"2014-04-29T17:43:59","guid":{"rendered":"http:\/\/iobevo.com\/online\/?page_id=3451"},"modified":"2019-11-21T13:24:24","modified_gmt":"2019-11-21T11:24:24","slug":"big-5-catering-buono","status":"publish","type":"page","link":"https:\/\/www.iobevo.com\/online\/distributori\/big-5-catering-buono\/","title":{"rendered":"Big 5 catering io buono\u00ae"},"content":{"rendered":"<p><strong>Big 5 catering<\/strong> <span class=\"mark2\">io buono<\/span><span class=\"mark3\">\u00ae<\/span> \u00e8 il distributore che proponiamo con fabbisogni elevati di distribuzione nelle quantit\u00e0 e nella tempistica, assicurando: velocit\u00e0 di erogazione, grande autonomia, costanza ed efficienza nella distribuzione. E\u2019 l\u2019ideale per la distribuzione delle colazioni nel <a title=\"Villaggi turistici\" href=\"http:\/\/iobevo.com\/online\/?page_id=2983\">settore turistico<\/a> in cui non sia necessaria la distribuzione di caff\u00e8 espresso.<\/p>\n<p><strong>Big 5 catering<\/strong> <span class=\"mark2\">io buono<\/span><span class=\"mark3\">\u00ae<\/span> vi d\u00e0 la possibilit\u00e0 a partire da un massimo di 6 solubili base, di avere un massimo di 12 selezioni di bevande calde. Big 5 catering io buono ha inoltre la possibilit\u00e0 di programmare un tasto per dose bricco portando le possibili selezioni a 24 totali.<\/p>\n<p>La sua installazione pu\u00f2 avvenire sia per un utilizzo self service sia in cucina per un utilizzo da parte del personale con distribuzione in bricchi e caraffe. Le bevande vengono predosate a seconda delle necessit\u00e0 e tutti i consumi vengono memorizzati in un software interno. \u00a0Pu\u00f2 essere dotato di un suo banco autonomo di appoggio oppure pu\u00f2 essere posizionato su un buffet o un banco gi\u00e0 presente presso la struttura.<\/p>\n<div class=\"gap\" style=\"height: 30px;\"><\/div>\n<h3 class=\"title\"><span>Caratteristiche tecniche<\/span><\/h3>\n<div class=\"one_half\">\n<div class=\"description clearfix style-1 or 2\">\n<p style=\"text-align: left;\">Tensione-frequenza (Volt\/Hertz):<br \/>\n<strong>230 V &#8211; 50 Hz<\/strong><\/p>\n<p style=\"text-align: left;\">Potenza: <strong>3,2\u00a0Kw<\/strong><\/p>\n<p style=\"text-align: left;\">Capacit\u00e0 caldaia: <strong>10 Lt<\/strong><\/p>\n<p style=\"text-align: left;\">Numero selezioni possibili: <b>12 x 2<\/b><\/p>\n<p style=\"text-align: left;\">Numero prodotti base: <strong>6<\/strong><\/p>\n<p style=\"text-align: left;\">Temperatura uscita bevande: <strong>70\u00b0 \/ 90\u00b0<\/strong><\/p>\n<p style=\"text-align: left;\">Presa elettrica: <strong>Schuko<\/strong><\/p>\n<p style=\"text-align: left;\">Presa acqua: <strong>\u00bd \u201c<\/strong><\/p>\n<p style=\"text-align: left;\">Peso: <strong>Kg 35<\/strong><\/p>\n<p style=\"text-align: left;\">Larghezza: <strong>mm 500<\/strong><\/p>\n<p style=\"text-align: left;\">Profondit\u00e0: <strong>mm 540<\/strong><\/p>\n<p style=\"text-align: left;\">Altezza mm: <strong>830<\/strong><\/p>\n<p>Certificazione energetica: <strong>Classe A+<\/strong><\/p>\n<p>Disponibili per la consultazione i documenti che ne attestano i consumi (formato PDF):<\/p>\n<p><a href=\"https:\/\/www.iobevo.com\/online\/wp-content\/uploads\/2019\/01\/etichetta-energetiche-IO-BEVO-BIG5.pdf\">ETICHETTA ENERGETICA<\/a><\/p>\n<p style=\"text-align: center;\"><\/div>\n<\/div>\n<div class=\"one_half last\"><span class=\"responsive\"><img fetchpriority=\"high\" decoding=\"async\" class=\"aligncenter wp-image-3271 size-full\" src=\"http:\/\/iobevo.com\/online\/wp-content\/uploads\/2014\/04\/big5-catering-iobuono.jpg\" alt=\"big5-catering-iobuono\" width=\"304\" height=\"492\" srcset=\"https:\/\/www.iobevo.com\/online\/wp-content\/uploads\/2014\/04\/big5-catering-iobuono.jpg 304w, https:\/\/www.iobevo.com\/online\/wp-content\/uploads\/2014\/04\/big5-catering-iobuono-185x300.jpg 185w\" sizes=\"(max-width: 304px) 100vw, 304px\" \/><\/span><\/div>\n<div class=\"clear\"><\/div>\n<\/p>\n<h3 class=\"title\"><span>Altre caratteristiche del distributore<\/span><\/h3>\n<h4>Risparmio energetico<\/h4>\n<p>Coerentemente con le caratteristiche di sostenibilit\u00e0 ambientale dei servizi General Beverage, i distributori utilizzati sono stati progettati e realizzati per ottenere un effettivo risparmio energetico in quanto le caldaie sono provviste di un speciale isolamento Armaflex AC, materiale altamente flessibile a cellule chiuse.<\/p>\n<h4>Descrizione Armaflex AC<\/h4>\n<ul>\n<li>Materiale isolante altamente flessibile a celle chiuse.<\/li>\n<li>Materiale Elastomero espanso a base di gomma sintetica a buona conduttivit\u00e0 termica.<\/li>\n<li>Le sue caratteristiche termiche garantiscono un eccellente isolamento ed il controllo della condensa.<\/li>\n<\/ul>\n<h4>Fattore di resistenza alla diffusione del vapore acqueo<\/h4>\n<p>\u03bc \u2265 7.000 (Certifi cato Reg.n. D3319 conforme gli Standard EN 13469 per i tubi &#8211; EN 12086 per le lastre)<\/p>\n<h4>I vantaggi<\/h4>\n<ul>\n<li>Garantisce risparmio energetico<\/li>\n<li>Efficiente barriera al vapore<\/li>\n<\/ul>\n<p>Inoltre i distributori sono dotati di un controllo temperatura caldaia programmabile a scelta secondo le esigenze specifiche di utilizzo. Pertanto l\u2019utente pu\u00f2 decidere se bloccare o abbassare la temperatura dell\u2019acqua in caldaia quando non si rende necessario l\u2019utilizzo della stessa, il tutto programmabile tramite software. Il risparmio energetico a seguito di queste caratteristiche e predisposizioni \u00e8 valutabile in circa il 30% in condizioni ambiente normali.<\/p>\n","protected":false},"excerpt":{"rendered":"<p>Big 5 catering io buono\u00ae \u00e8 il distributore che proponiamo con fabbisogni elevati di distribuzione nelle quantit\u00e0 e nella tempistica, assicurando: velocit\u00e0 di erogazione, grande autonomia, costanza ed efficienza nella distribuzione. E\u2019 l\u2019ideale per la distribuzione delle colazioni nel settore turistico in cui non sia necessaria la distribuzione di caff\u00e8 [&hellip;]<\/p>\n","protected":false},"author":84,"featured_media":2831,"parent":136,"menu_order":15,"comment_status":"open","ping_status":"closed","template":"","meta":{"footnotes":""},"class_list":["post-3451","page","type-page","status-publish","has-post-thumbnail","hentry"],"yoast_head":"<!-- This site is optimized with the Yoast SEO plugin v27.4 - https:\/\/yoast.com\/product\/yoast-seo-wordpress\/ -->\n<title>Big 5 Catering io buono: bevande calde per colazioni in hotel<\/title>\n<meta name=\"description\" content=\"Big 5 catering io buono\u00ae \u00e8 il distributore ideale per il servizio colazioni in hotel e nel settore turistico. Assicura velocit\u00e0 di erogazione ed efficienza.\" \/>\n<meta name=\"robots\" content=\"index, follow, max-snippet:-1, max-image-preview:large, max-video-preview:-1\" \/>\n<link rel=\"canonical\" href=\"https:\/\/www.iobevo.com\/online\/distributori\/big-5-catering-buono\/\" \/>\n<meta property=\"og:locale\" content=\"it_IT\" \/>\n<meta property=\"og:type\" content=\"article\" \/>\n<meta property=\"og:title\" content=\"Big 5 Catering io buono: bevande calde per colazioni in hotel\" \/>\n<meta property=\"og:description\" content=\"Big 5 catering io buono\u00ae \u00e8 il distributore ideale per il servizio colazioni in hotel e nel settore turistico. Assicura velocit\u00e0 di erogazione ed efficienza.\" \/>\n<meta property=\"og:url\" content=\"https:\/\/www.iobevo.com\/online\/distributori\/big-5-catering-buono\/\" \/>\n<meta property=\"og:site_name\" content=\"io bevo\u00ae\" \/>\n<meta property=\"article:modified_time\" content=\"2019-11-21T11:24:24+00:00\" \/>\n<meta name=\"twitter:card\" content=\"summary_large_image\" \/>\n<meta name=\"twitter:image\" content=\"http:\/\/iobevo.com\/online\/wp-content\/uploads\/2014\/04\/big5-catering-iobuono.jpg\" \/>\n<meta name=\"twitter:site\" content=\"@IoBevo\" \/>\n<meta name=\"twitter:label1\" content=\"Tempo di lettura stimato\" \/>\n\t<meta name=\"twitter:data1\" content=\"2 minuti\" \/>\n<script type=\"application\/ld+json\" class=\"yoast-schema-graph\">{\"@context\":\"https:\\\/\\\/schema.org\",\"@graph\":[{\"@type\":\"WebPage\",\"@id\":\"https:\\\/\\\/www.iobevo.com\\\/online\\\/distributori\\\/big-5-catering-buono\\\/\",\"url\":\"https:\\\/\\\/www.iobevo.com\\\/online\\\/distributori\\\/big-5-catering-buono\\\/\",\"name\":\"Big 5 Catering io buono: bevande calde per colazioni in hotel\",\"isPartOf\":{\"@id\":\"https:\\\/\\\/www.iobevo.com\\\/online\\\/#website\"},\"primaryImageOfPage\":{\"@id\":\"https:\\\/\\\/www.iobevo.com\\\/online\\\/distributori\\\/big-5-catering-buono\\\/#primaryimage\"},\"image\":{\"@id\":\"https:\\\/\\\/www.iobevo.com\\\/online\\\/distributori\\\/big-5-catering-buono\\\/#primaryimage\"},\"thumbnailUrl\":\"https:\\\/\\\/www.iobevo.com\\\/online\\\/wp-content\\\/uploads\\\/2014\\\/01\\\/slide-2-bg-e1400667726929.png\",\"datePublished\":\"2014-04-29T17:43:59+00:00\",\"dateModified\":\"2019-11-21T11:24:24+00:00\",\"description\":\"Big 5 catering io buono\u00ae \u00e8 il distributore ideale per il servizio colazioni in hotel e nel settore turistico. Assicura velocit\u00e0 di erogazione ed efficienza.\",\"breadcrumb\":{\"@id\":\"https:\\\/\\\/www.iobevo.com\\\/online\\\/distributori\\\/big-5-catering-buono\\\/#breadcrumb\"},\"inLanguage\":\"it-IT\",\"potentialAction\":[{\"@type\":\"ReadAction\",\"target\":[\"https:\\\/\\\/www.iobevo.com\\\/online\\\/distributori\\\/big-5-catering-buono\\\/\"]}]},{\"@type\":\"ImageObject\",\"inLanguage\":\"it-IT\",\"@id\":\"https:\\\/\\\/www.iobevo.com\\\/online\\\/distributori\\\/big-5-catering-buono\\\/#primaryimage\",\"url\":\"https:\\\/\\\/www.iobevo.com\\\/online\\\/wp-content\\\/uploads\\\/2014\\\/01\\\/slide-2-bg-e1400667726929.png\",\"contentUrl\":\"https:\\\/\\\/www.iobevo.com\\\/online\\\/wp-content\\\/uploads\\\/2014\\\/01\\\/slide-2-bg-e1400667726929.png\",\"width\":1512,\"height\":400},{\"@type\":\"BreadcrumbList\",\"@id\":\"https:\\\/\\\/www.iobevo.com\\\/online\\\/distributori\\\/big-5-catering-buono\\\/#breadcrumb\",\"itemListElement\":[{\"@type\":\"ListItem\",\"position\":1,\"name\":\"Distributori\",\"item\":\"https:\\\/\\\/www.iobevo.com\\\/online\\\/distributori\\\/\"},{\"@type\":\"ListItem\",\"position\":2,\"name\":\"Big 5 catering io buono\u00ae\"}]},{\"@type\":\"WebSite\",\"@id\":\"https:\\\/\\\/www.iobevo.com\\\/online\\\/#website\",\"url\":\"https:\\\/\\\/www.iobevo.com\\\/online\\\/\",\"name\":\"io bevo\u00ae\",\"description\":\"Drink Plastic free\",\"publisher\":{\"@id\":\"https:\\\/\\\/www.iobevo.com\\\/online\\\/#organization\"},\"potentialAction\":[{\"@type\":\"SearchAction\",\"target\":{\"@type\":\"EntryPoint\",\"urlTemplate\":\"https:\\\/\\\/www.iobevo.com\\\/online\\\/?s={search_term_string}\"},\"query-input\":{\"@type\":\"PropertyValueSpecification\",\"valueRequired\":true,\"valueName\":\"search_term_string\"}}],\"inLanguage\":\"it-IT\"},{\"@type\":\"Organization\",\"@id\":\"https:\\\/\\\/www.iobevo.com\\\/online\\\/#organization\",\"name\":\"General Beverage\",\"url\":\"https:\\\/\\\/www.iobevo.com\\\/online\\\/\",\"logo\":{\"@type\":\"ImageObject\",\"inLanguage\":\"it-IT\",\"@id\":\"https:\\\/\\\/www.iobevo.com\\\/online\\\/#\\\/schema\\\/logo\\\/image\\\/\",\"url\":\"https:\\\/\\\/www.iobevo.com\\\/online\\\/wp-content\\\/uploads\\\/2014\\\/01\\\/logo_gb_horizontal_grey_160x47.png\",\"contentUrl\":\"https:\\\/\\\/www.iobevo.com\\\/online\\\/wp-content\\\/uploads\\\/2014\\\/01\\\/logo_gb_horizontal_grey_160x47.png\",\"width\":160,\"height\":47,\"caption\":\"General Beverage\"},\"image\":{\"@id\":\"https:\\\/\\\/www.iobevo.com\\\/online\\\/#\\\/schema\\\/logo\\\/image\\\/\"},\"sameAs\":[\"https:\\\/\\\/x.com\\\/IoBevo\"]}]}<\/script>\n<!-- \/ Yoast SEO plugin. -->","yoast_head_json":{"title":"Big 5 Catering io buono: bevande calde per colazioni in hotel","description":"Big 5 catering io buono\u00ae \u00e8 il distributore ideale per il servizio colazioni in hotel e nel settore turistico. Assicura velocit\u00e0 di erogazione ed efficienza.","robots":{"index":"index","follow":"follow","max-snippet":"max-snippet:-1","max-image-preview":"max-image-preview:large","max-video-preview":"max-video-preview:-1"},"canonical":"https:\/\/www.iobevo.com\/online\/distributori\/big-5-catering-buono\/","og_locale":"it_IT","og_type":"article","og_title":"Big 5 Catering io buono: bevande calde per colazioni in hotel","og_description":"Big 5 catering io buono\u00ae \u00e8 il distributore ideale per il servizio colazioni in hotel e nel settore turistico. Assicura velocit\u00e0 di erogazione ed efficienza.","og_url":"https:\/\/www.iobevo.com\/online\/distributori\/big-5-catering-buono\/","og_site_name":"io bevo\u00ae","article_modified_time":"2019-11-21T11:24:24+00:00","twitter_card":"summary_large_image","twitter_image":"http:\/\/iobevo.com\/online\/wp-content\/uploads\/2014\/04\/big5-catering-iobuono.jpg","twitter_site":"@IoBevo","twitter_misc":{"Tempo di lettura stimato":"2 minuti"},"schema":{"@context":"https:\/\/schema.org","@graph":[{"@type":"WebPage","@id":"https:\/\/www.iobevo.com\/online\/distributori\/big-5-catering-buono\/","url":"https:\/\/www.iobevo.com\/online\/distributori\/big-5-catering-buono\/","name":"Big 5 Catering io buono: bevande calde per colazioni in hotel","isPartOf":{"@id":"https:\/\/www.iobevo.com\/online\/#website"},"primaryImageOfPage":{"@id":"https:\/\/www.iobevo.com\/online\/distributori\/big-5-catering-buono\/#primaryimage"},"image":{"@id":"https:\/\/www.iobevo.com\/online\/distributori\/big-5-catering-buono\/#primaryimage"},"thumbnailUrl":"https:\/\/www.iobevo.com\/online\/wp-content\/uploads\/2014\/01\/slide-2-bg-e1400667726929.png","datePublished":"2014-04-29T17:43:59+00:00","dateModified":"2019-11-21T11:24:24+00:00","description":"Big 5 catering io buono\u00ae \u00e8 il distributore ideale per il servizio colazioni in hotel e nel settore turistico. Assicura velocit\u00e0 di erogazione ed efficienza.","breadcrumb":{"@id":"https:\/\/www.iobevo.com\/online\/distributori\/big-5-catering-buono\/#breadcrumb"},"inLanguage":"it-IT","potentialAction":[{"@type":"ReadAction","target":["https:\/\/www.iobevo.com\/online\/distributori\/big-5-catering-buono\/"]}]},{"@type":"ImageObject","inLanguage":"it-IT","@id":"https:\/\/www.iobevo.com\/online\/distributori\/big-5-catering-buono\/#primaryimage","url":"https:\/\/www.iobevo.com\/online\/wp-content\/uploads\/2014\/01\/slide-2-bg-e1400667726929.png","contentUrl":"https:\/\/www.iobevo.com\/online\/wp-content\/uploads\/2014\/01\/slide-2-bg-e1400667726929.png","width":1512,"height":400},{"@type":"BreadcrumbList","@id":"https:\/\/www.iobevo.com\/online\/distributori\/big-5-catering-buono\/#breadcrumb","itemListElement":[{"@type":"ListItem","position":1,"name":"Distributori","item":"https:\/\/www.iobevo.com\/online\/distributori\/"},{"@type":"ListItem","position":2,"name":"Big 5 catering io buono\u00ae"}]},{"@type":"WebSite","@id":"https:\/\/www.iobevo.com\/online\/#website","url":"https:\/\/www.iobevo.com\/online\/","name":"io bevo\u00ae","description":"Drink Plastic free","publisher":{"@id":"https:\/\/www.iobevo.com\/online\/#organization"},"potentialAction":[{"@type":"SearchAction","target":{"@type":"EntryPoint","urlTemplate":"https:\/\/www.iobevo.com\/online\/?s={search_term_string}"},"query-input":{"@type":"PropertyValueSpecification","valueRequired":true,"valueName":"search_term_string"}}],"inLanguage":"it-IT"},{"@type":"Organization","@id":"https:\/\/www.iobevo.com\/online\/#organization","name":"General Beverage","url":"https:\/\/www.iobevo.com\/online\/","logo":{"@type":"ImageObject","inLanguage":"it-IT","@id":"https:\/\/www.iobevo.com\/online\/#\/schema\/logo\/image\/","url":"https:\/\/www.iobevo.com\/online\/wp-content\/uploads\/2014\/01\/logo_gb_horizontal_grey_160x47.png","contentUrl":"https:\/\/www.iobevo.com\/online\/wp-content\/uploads\/2014\/01\/logo_gb_horizontal_grey_160x47.png","width":160,"height":47,"caption":"General Beverage"},"image":{"@id":"https:\/\/www.iobevo.com\/online\/#\/schema\/logo\/image\/"},"sameAs":["https:\/\/x.com\/IoBevo"]}]}},"_links":{"self":[{"href":"https:\/\/www.iobevo.com\/online\/wp-json\/wp\/v2\/pages\/3451","targetHints":{"allow":["GET"]}}],"collection":[{"href":"https:\/\/www.iobevo.com\/online\/wp-json\/wp\/v2\/pages"}],"about":[{"href":"https:\/\/www.iobevo.com\/online\/wp-json\/wp\/v2\/types\/page"}],"author":[{"embeddable":true,"href":"https:\/\/www.iobevo.com\/online\/wp-json\/wp\/v2\/users\/84"}],"replies":[{"embeddable":true,"href":"https:\/\/www.iobevo.com\/online\/wp-json\/wp\/v2\/comments?post=3451"}],"version-history":[{"count":0,"href":"https:\/\/www.iobevo.com\/online\/wp-json\/wp\/v2\/pages\/3451\/revisions"}],"up":[{"embeddable":true,"href":"https:\/\/www.iobevo.com\/online\/wp-json\/wp\/v2\/pages\/136"}],"wp:featuredmedia":[{"embeddable":true,"href":"https:\/\/www.iobevo.com\/online\/wp-json\/wp\/v2\/media\/2831"}],"wp:attachment":[{"href":"https:\/\/www.iobevo.com\/online\/wp-json\/wp\/v2\/media?parent=3451"}],"curies":[{"name":"wp","href":"https:\/\/api.w.org\/{rel}","templated":true}]}}