{"id":3473,"date":"2014-04-29T18:26:35","date_gmt":"2014-04-29T18:26:35","guid":{"rendered":"http:\/\/iobevo.com\/online\/?page_id=3473"},"modified":"2017-08-10T23:54:25","modified_gmt":"2017-08-10T21:54:25","slug":"krea-io-espresso","status":"publish","type":"page","link":"https:\/\/www.iobevo.com\/online\/distributori\/krea-io-espresso\/","title":{"rendered":"Krea io espresso\u00ae"},"content":{"rendered":"<p><strong>Krea io espresso<\/strong><sup>\u00ae<\/sup> \u00e8 la soluzione ideale per la distribuzione del caff\u00e8 espresso ed altre bevande calde in vari contesti d\u2019uso, grazie alle prestazioni di alto livello in termini di capacit\u00e0 e tecnologia unite al design moderno ed elegante, arricchito da luci LED e da dettagli cromati.<\/p>\n<p>Pu\u00f2 essere dotato di un suo banchetto di appoggio oppure pu\u00f2 essere posizionato su tavoli o banchi gi\u00e0 presenti presso le strutture.\u00a0Il distributore \u00e8 il risultato di un\u2019avanzata tecnologia che permette prestazioni di livello professionale, ottima qualit\u00e0 in tazza e funzionalit\u00e0 elevata.<\/p>\n<div class=\"gap\" style=\"height: 30px;\"><\/div>\n<h3 class=\"title\"><span>Caratteristiche tecniche<\/span><\/h3>\n<div class=\"one_half\">\n<div class=\"description clearfix style-1\">\n<p style=\"text-align: left;\">Tensione-frequenza (Volt\/Hertz):<br \/>\n<strong>230 V &#8211; 50 Hz<\/strong><\/p>\n<p style=\"text-align: left;\">Potenza:\u00a0<strong>W 1,950<\/strong><\/p>\n<p style=\"text-align: left;\">Numero selezioni possibili:\u00a0<strong>10<\/strong><\/p>\n<p style=\"text-align: left;\">Numero prodotti base:<br \/>\n<strong>1 caff\u00e8 in grani + 3 solubili<\/strong><\/p>\n<p style=\"text-align: left;\">Presa elettrica: <strong>Schuko<\/strong><\/p>\n<p style=\"text-align: left;\">Attacco acqua fredda: <strong>\u00bd<\/strong><\/p>\n<p style=\"text-align: left;\">Peso: <strong>Kg 41<\/strong><\/p>\n<p style=\"text-align: left;\">Larghezza: <strong>mm 410<\/strong><\/p>\n<p style=\"text-align: left;\">Profondit\u00e0: <strong>mm 564<\/strong><\/p>\n<p style=\"text-align: left;\">Altezza mm:<br \/>\n<strong>750 (con campana caff\u00e8)<\/strong><\/p>\n<p style=\"text-align: left;\">Mobiletto appoggio:<br \/>\n<strong>H 830 x L 410 x P 490 mm<\/strong><\/p>\n<p style=\"text-align: center;\"><\/div>\n<\/div>\n<div class=\"one_half last\"><span class=\"responsive\"><img fetchpriority=\"high\" decoding=\"async\" class=\"aligncenter wp-image-3280\" src=\"http:\/\/iobevo.com\/online\/wp-content\/uploads\/2014\/04\/Krea.jpg\" alt=\"Krea\" width=\"300\" height=\"520\" \/><\/span><\/div>\n<div class=\"clear\"><\/div>\n<\/p>\n<p>&nbsp;<\/p>\n","protected":false},"excerpt":{"rendered":"<p>Krea io espresso\u00ae \u00e8 la soluzione ideale per la distribuzione del caff\u00e8 espresso ed altre bevande calde in vari contesti d\u2019uso, grazie alle prestazioni di alto livello in termini di capacit\u00e0 e tecnologia unite al design moderno ed elegante, arricchito da luci LED e da dettagli cromati. Pu\u00f2 essere dotato [&hellip;]<\/p>\n","protected":false},"author":84,"featured_media":2831,"parent":136,"menu_order":18,"comment_status":"open","ping_status":"closed","template":"","meta":{"footnotes":""},"class_list":["post-3473","page","type-page","status-publish","has-post-thumbnail","hentry"],"yoast_head":"<!-- This site is optimized with the Yoast SEO plugin v27.4 - https:\/\/yoast.com\/product\/yoast-seo-wordpress\/ -->\n<title>Krea: distribuzione self-service di caff\u00e8 espresso | io bevo\u00ae<\/title>\n<meta name=\"description\" content=\"Krea \u00e8 la macchina da caff\u00e8 automatica per la distribuzione self-service di caff\u00e8 espresso. Ideale per mense e strutture turistiche. Scopri di pi\u00f9.\" \/>\n<meta name=\"robots\" content=\"index, follow, max-snippet:-1, max-image-preview:large, max-video-preview:-1\" \/>\n<link rel=\"canonical\" href=\"https:\/\/www.iobevo.com\/online\/distributori\/krea-io-espresso\/\" \/>\n<meta property=\"og:locale\" content=\"it_IT\" \/>\n<meta property=\"og:type\" content=\"article\" \/>\n<meta property=\"og:title\" content=\"Krea: distribuzione self-service di caff\u00e8 espresso | io bevo\u00ae\" \/>\n<meta property=\"og:description\" content=\"Krea \u00e8 la macchina da caff\u00e8 automatica per la distribuzione self-service di caff\u00e8 espresso. Ideale per mense e strutture turistiche. Scopri di pi\u00f9.\" \/>\n<meta property=\"og:url\" content=\"https:\/\/www.iobevo.com\/online\/distributori\/krea-io-espresso\/\" \/>\n<meta property=\"og:site_name\" content=\"io bevo\u00ae\" \/>\n<meta property=\"article:modified_time\" content=\"2017-08-10T21:54:25+00:00\" \/>\n<meta name=\"twitter:card\" content=\"summary_large_image\" \/>\n<meta name=\"twitter:image\" content=\"http:\/\/iobevo.com\/online\/wp-content\/uploads\/2014\/04\/Krea.jpg\" \/>\n<meta name=\"twitter:site\" content=\"@IoBevo\" \/>\n<meta name=\"twitter:label1\" content=\"Tempo di lettura stimato\" \/>\n\t<meta name=\"twitter:data1\" content=\"1 minuto\" \/>\n<script type=\"application\/ld+json\" class=\"yoast-schema-graph\">{\"@context\":\"https:\\\/\\\/schema.org\",\"@graph\":[{\"@type\":\"WebPage\",\"@id\":\"https:\\\/\\\/www.iobevo.com\\\/online\\\/distributori\\\/krea-io-espresso\\\/\",\"url\":\"https:\\\/\\\/www.iobevo.com\\\/online\\\/distributori\\\/krea-io-espresso\\\/\",\"name\":\"Krea: distribuzione self-service di caff\u00e8 espresso | io bevo\u00ae\",\"isPartOf\":{\"@id\":\"https:\\\/\\\/www.iobevo.com\\\/online\\\/#website\"},\"primaryImageOfPage\":{\"@id\":\"https:\\\/\\\/www.iobevo.com\\\/online\\\/distributori\\\/krea-io-espresso\\\/#primaryimage\"},\"image\":{\"@id\":\"https:\\\/\\\/www.iobevo.com\\\/online\\\/distributori\\\/krea-io-espresso\\\/#primaryimage\"},\"thumbnailUrl\":\"https:\\\/\\\/www.iobevo.com\\\/online\\\/wp-content\\\/uploads\\\/2014\\\/01\\\/slide-2-bg-e1400667726929.png\",\"datePublished\":\"2014-04-29T18:26:35+00:00\",\"dateModified\":\"2017-08-10T21:54:25+00:00\",\"description\":\"Krea \u00e8 la macchina da caff\u00e8 automatica per la distribuzione self-service di caff\u00e8 espresso. Ideale per mense e strutture turistiche. Scopri di pi\u00f9.\",\"breadcrumb\":{\"@id\":\"https:\\\/\\\/www.iobevo.com\\\/online\\\/distributori\\\/krea-io-espresso\\\/#breadcrumb\"},\"inLanguage\":\"it-IT\",\"potentialAction\":[{\"@type\":\"ReadAction\",\"target\":[\"https:\\\/\\\/www.iobevo.com\\\/online\\\/distributori\\\/krea-io-espresso\\\/\"]}]},{\"@type\":\"ImageObject\",\"inLanguage\":\"it-IT\",\"@id\":\"https:\\\/\\\/www.iobevo.com\\\/online\\\/distributori\\\/krea-io-espresso\\\/#primaryimage\",\"url\":\"https:\\\/\\\/www.iobevo.com\\\/online\\\/wp-content\\\/uploads\\\/2014\\\/01\\\/slide-2-bg-e1400667726929.png\",\"contentUrl\":\"https:\\\/\\\/www.iobevo.com\\\/online\\\/wp-content\\\/uploads\\\/2014\\\/01\\\/slide-2-bg-e1400667726929.png\",\"width\":1512,\"height\":400},{\"@type\":\"BreadcrumbList\",\"@id\":\"https:\\\/\\\/www.iobevo.com\\\/online\\\/distributori\\\/krea-io-espresso\\\/#breadcrumb\",\"itemListElement\":[{\"@type\":\"ListItem\",\"position\":1,\"name\":\"Distributori\",\"item\":\"https:\\\/\\\/www.iobevo.com\\\/online\\\/distributori\\\/\"},{\"@type\":\"ListItem\",\"position\":2,\"name\":\"Krea io espresso\u00ae\"}]},{\"@type\":\"WebSite\",\"@id\":\"https:\\\/\\\/www.iobevo.com\\\/online\\\/#website\",\"url\":\"https:\\\/\\\/www.iobevo.com\\\/online\\\/\",\"name\":\"io bevo\u00ae\",\"description\":\"Drink Plastic free\",\"publisher\":{\"@id\":\"https:\\\/\\\/www.iobevo.com\\\/online\\\/#organization\"},\"potentialAction\":[{\"@type\":\"SearchAction\",\"target\":{\"@type\":\"EntryPoint\",\"urlTemplate\":\"https:\\\/\\\/www.iobevo.com\\\/online\\\/?s={search_term_string}\"},\"query-input\":{\"@type\":\"PropertyValueSpecification\",\"valueRequired\":true,\"valueName\":\"search_term_string\"}}],\"inLanguage\":\"it-IT\"},{\"@type\":\"Organization\",\"@id\":\"https:\\\/\\\/www.iobevo.com\\\/online\\\/#organization\",\"name\":\"General Beverage\",\"url\":\"https:\\\/\\\/www.iobevo.com\\\/online\\\/\",\"logo\":{\"@type\":\"ImageObject\",\"inLanguage\":\"it-IT\",\"@id\":\"https:\\\/\\\/www.iobevo.com\\\/online\\\/#\\\/schema\\\/logo\\\/image\\\/\",\"url\":\"https:\\\/\\\/www.iobevo.com\\\/online\\\/wp-content\\\/uploads\\\/2014\\\/01\\\/logo_gb_horizontal_grey_160x47.png\",\"contentUrl\":\"https:\\\/\\\/www.iobevo.com\\\/online\\\/wp-content\\\/uploads\\\/2014\\\/01\\\/logo_gb_horizontal_grey_160x47.png\",\"width\":160,\"height\":47,\"caption\":\"General Beverage\"},\"image\":{\"@id\":\"https:\\\/\\\/www.iobevo.com\\\/online\\\/#\\\/schema\\\/logo\\\/image\\\/\"},\"sameAs\":[\"https:\\\/\\\/x.com\\\/IoBevo\"]}]}<\/script>\n<!-- \/ Yoast SEO plugin. -->","yoast_head_json":{"title":"Krea: distribuzione self-service di caff\u00e8 espresso | io bevo\u00ae","description":"Krea \u00e8 la macchina da caff\u00e8 automatica per la distribuzione self-service di caff\u00e8 espresso. Ideale per mense e strutture turistiche. Scopri di pi\u00f9.","robots":{"index":"index","follow":"follow","max-snippet":"max-snippet:-1","max-image-preview":"max-image-preview:large","max-video-preview":"max-video-preview:-1"},"canonical":"https:\/\/www.iobevo.com\/online\/distributori\/krea-io-espresso\/","og_locale":"it_IT","og_type":"article","og_title":"Krea: distribuzione self-service di caff\u00e8 espresso | io bevo\u00ae","og_description":"Krea \u00e8 la macchina da caff\u00e8 automatica per la distribuzione self-service di caff\u00e8 espresso. Ideale per mense e strutture turistiche. Scopri di pi\u00f9.","og_url":"https:\/\/www.iobevo.com\/online\/distributori\/krea-io-espresso\/","og_site_name":"io bevo\u00ae","article_modified_time":"2017-08-10T21:54:25+00:00","twitter_card":"summary_large_image","twitter_image":"http:\/\/iobevo.com\/online\/wp-content\/uploads\/2014\/04\/Krea.jpg","twitter_site":"@IoBevo","twitter_misc":{"Tempo di lettura stimato":"1 minuto"},"schema":{"@context":"https:\/\/schema.org","@graph":[{"@type":"WebPage","@id":"https:\/\/www.iobevo.com\/online\/distributori\/krea-io-espresso\/","url":"https:\/\/www.iobevo.com\/online\/distributori\/krea-io-espresso\/","name":"Krea: distribuzione self-service di caff\u00e8 espresso | io bevo\u00ae","isPartOf":{"@id":"https:\/\/www.iobevo.com\/online\/#website"},"primaryImageOfPage":{"@id":"https:\/\/www.iobevo.com\/online\/distributori\/krea-io-espresso\/#primaryimage"},"image":{"@id":"https:\/\/www.iobevo.com\/online\/distributori\/krea-io-espresso\/#primaryimage"},"thumbnailUrl":"https:\/\/www.iobevo.com\/online\/wp-content\/uploads\/2014\/01\/slide-2-bg-e1400667726929.png","datePublished":"2014-04-29T18:26:35+00:00","dateModified":"2017-08-10T21:54:25+00:00","description":"Krea \u00e8 la macchina da caff\u00e8 automatica per la distribuzione self-service di caff\u00e8 espresso. Ideale per mense e strutture turistiche. Scopri di pi\u00f9.","breadcrumb":{"@id":"https:\/\/www.iobevo.com\/online\/distributori\/krea-io-espresso\/#breadcrumb"},"inLanguage":"it-IT","potentialAction":[{"@type":"ReadAction","target":["https:\/\/www.iobevo.com\/online\/distributori\/krea-io-espresso\/"]}]},{"@type":"ImageObject","inLanguage":"it-IT","@id":"https:\/\/www.iobevo.com\/online\/distributori\/krea-io-espresso\/#primaryimage","url":"https:\/\/www.iobevo.com\/online\/wp-content\/uploads\/2014\/01\/slide-2-bg-e1400667726929.png","contentUrl":"https:\/\/www.iobevo.com\/online\/wp-content\/uploads\/2014\/01\/slide-2-bg-e1400667726929.png","width":1512,"height":400},{"@type":"BreadcrumbList","@id":"https:\/\/www.iobevo.com\/online\/distributori\/krea-io-espresso\/#breadcrumb","itemListElement":[{"@type":"ListItem","position":1,"name":"Distributori","item":"https:\/\/www.iobevo.com\/online\/distributori\/"},{"@type":"ListItem","position":2,"name":"Krea io espresso\u00ae"}]},{"@type":"WebSite","@id":"https:\/\/www.iobevo.com\/online\/#website","url":"https:\/\/www.iobevo.com\/online\/","name":"io bevo\u00ae","description":"Drink Plastic free","publisher":{"@id":"https:\/\/www.iobevo.com\/online\/#organization"},"potentialAction":[{"@type":"SearchAction","target":{"@type":"EntryPoint","urlTemplate":"https:\/\/www.iobevo.com\/online\/?s={search_term_string}"},"query-input":{"@type":"PropertyValueSpecification","valueRequired":true,"valueName":"search_term_string"}}],"inLanguage":"it-IT"},{"@type":"Organization","@id":"https:\/\/www.iobevo.com\/online\/#organization","name":"General Beverage","url":"https:\/\/www.iobevo.com\/online\/","logo":{"@type":"ImageObject","inLanguage":"it-IT","@id":"https:\/\/www.iobevo.com\/online\/#\/schema\/logo\/image\/","url":"https:\/\/www.iobevo.com\/online\/wp-content\/uploads\/2014\/01\/logo_gb_horizontal_grey_160x47.png","contentUrl":"https:\/\/www.iobevo.com\/online\/wp-content\/uploads\/2014\/01\/logo_gb_horizontal_grey_160x47.png","width":160,"height":47,"caption":"General Beverage"},"image":{"@id":"https:\/\/www.iobevo.com\/online\/#\/schema\/logo\/image\/"},"sameAs":["https:\/\/x.com\/IoBevo"]}]}},"_links":{"self":[{"href":"https:\/\/www.iobevo.com\/online\/wp-json\/wp\/v2\/pages\/3473","targetHints":{"allow":["GET"]}}],"collection":[{"href":"https:\/\/www.iobevo.com\/online\/wp-json\/wp\/v2\/pages"}],"about":[{"href":"https:\/\/www.iobevo.com\/online\/wp-json\/wp\/v2\/types\/page"}],"author":[{"embeddable":true,"href":"https:\/\/www.iobevo.com\/online\/wp-json\/wp\/v2\/users\/84"}],"replies":[{"embeddable":true,"href":"https:\/\/www.iobevo.com\/online\/wp-json\/wp\/v2\/comments?post=3473"}],"version-history":[{"count":0,"href":"https:\/\/www.iobevo.com\/online\/wp-json\/wp\/v2\/pages\/3473\/revisions"}],"up":[{"embeddable":true,"href":"https:\/\/www.iobevo.com\/online\/wp-json\/wp\/v2\/pages\/136"}],"wp:featuredmedia":[{"embeddable":true,"href":"https:\/\/www.iobevo.com\/online\/wp-json\/wp\/v2\/media\/2831"}],"wp:attachment":[{"href":"https:\/\/www.iobevo.com\/online\/wp-json\/wp\/v2\/media?parent=3473"}],"curies":[{"name":"wp","href":"https:\/\/api.w.org\/{rel}","templated":true}]}}