{"id":3618,"date":"2014-05-05T08:31:31","date_gmt":"2014-05-05T08:31:31","guid":{"rendered":"http:\/\/iobevo.com\/online\/?page_id=3618"},"modified":"2017-05-06T18:00:48","modified_gmt":"2017-05-06T16:00:48","slug":"sviluppo-sostenibile","status":"publish","type":"page","link":"https:\/\/www.iobevo.com\/online\/bevo-per-lambiente\/sviluppo-sostenibile\/","title":{"rendered":"Sviluppo sostenibile"},"content":{"rendered":"<p><img fetchpriority=\"high\" decoding=\"async\" class=\"alignright wp-image-3679 size-medium\" src=\"http:\/\/www.iobevo.com\/online\/wp-content\/uploads\/2014\/05\/sviluppo_sostenibile-e1400767220764-300x238.jpg\" alt=\"sviluppo_sostenibile\" width=\"300\" height=\"238\" srcset=\"https:\/\/www.iobevo.com\/online\/wp-content\/uploads\/2014\/05\/sviluppo_sostenibile-e1400767220764-300x238.jpg 300w, https:\/\/www.iobevo.com\/online\/wp-content\/uploads\/2014\/05\/sviluppo_sostenibile-e1400767220764.jpg 700w\" sizes=\"(max-width: 300px) 100vw, 300px\" \/>La definizione oggi ampiamente condivisa di <strong>sviluppo sostenibile<\/strong> \u00e8 quella contenuta nel <a title=\"rapporto Brundtland\" href=\"http:\/\/it.wikipedia.org\/wiki\/Rapporto_Brundtland\" target=\"_blank\" rel=\"noopener noreferrer\">rapporto Brundtland<\/a>, elaborato nel 1987 dalla Commissione mondiale sull&#8217;ambiente e lo sviluppo e che prende il nome dall&#8217;allora premier norvegese <a title=\"Gro Harlem Brundtland\" href=\"http:\/\/it.wikipedia.org\/wiki\/Gro_Harlem_Brundtland\" target=\"_blank\" rel=\"noopener noreferrer\">Gro Harlem Brundtland<\/a>, che presiedeva tale commissione:<\/p>\n<blockquote><p>Lo sviluppo sostenibile, lungi dall\u2019essere una definitiva condizione di armonia, \u00e8 piuttosto processo di cambiamento tale per cui lo sfruttamento delle risorse, la direzione degli investimenti, l\u2019orientamento dello sviluppo tecnologico e i cambiamenti istituzionali siano resi coerenti con i bisogni futuri oltre che con gli attuali.<\/p><\/blockquote>\n<p><span class=\"responsive\"><\/span><br \/>\nNel documento viene contestualmente enfatizzata la<strong> tutela dei bisogni di tutti gli individui<\/strong>, in un&#8217;ottica di legittimit\u00e0 universale ad aspirare a migliori condizioni di vita; cos\u00ec come viene sottolineata la necessit\u00e0 e l&#8217;importanza di una maggiore partecipazione dei cittadini, per attuare un processo effettivamente democratico che contribuisca alle scelte a livello internazionale:<\/p>\n<blockquote><p>Lo sviluppo sostenibile impone di soddisfare i bisogni fondamentali di tutti e di estendere a tutti la <strong>possibilit\u00e0 di attuare le proprie aspirazioni ad una vita migliore<\/strong> (&#8230;)<br \/>\nIl soddisfacimento di bisogni essenziali esige non solo una nuova era di crescita economica per nazioni in cui la maggioranza degli abitanti siano poveri ma anche la garanzia che tali poveri abbiano la loro giusta parte delle risorse necessarie a sostenere tale crescita. Una siffatta <strong>equit\u00e0<\/strong> dovrebbe essere coadiuvata sia da sistemi politici che assicurino l\u2019effettiva partecipazione dei cittadini nel processo decisionale, sia da una maggior democrazia a livello delle scelte internazionali.<\/p><\/blockquote>\n<p>Per maggiori approfondimenti consulta:<\/p>\n<ul>\n<li><a href=\"http:\/\/iobevo.com\/online\/wp-content\/uploads\/2014\/05\/PIANO-NAZIONALE-SVILUPPO-SOSTENIBILE.pdf\" target=\"_blank\" rel=\"noopener noreferrer\">Il piano nazionale per lo sviluppo sostenibile<\/a><\/li>\n<li>Il sito <a title=\"Agenda 21\" href=\"http:\/\/www.agenda21.it\/\" target=\"_blank\" rel=\"noopener noreferrer\">Agenda21<\/a><\/li>\n<\/ul>\n","protected":false},"excerpt":{"rendered":"<p>La definizione oggi ampiamente condivisa di sviluppo sostenibile \u00e8 quella contenuta nel rapporto Brundtland, elaborato nel 1987 dalla Commissione mondiale sull&#8217;ambiente e lo sviluppo e che prende il nome dall&#8217;allora premier norvegese Gro Harlem Brundtland, che presiedeva tale commissione: Lo sviluppo sostenibile, lungi dall\u2019essere una definitiva condizione di armonia, \u00e8 [&hellip;]<\/p>\n","protected":false},"author":84,"featured_media":2831,"parent":3614,"menu_order":2,"comment_status":"open","ping_status":"closed","template":"","meta":{"footnotes":""},"class_list":["post-3618","page","type-page","status-publish","has-post-thumbnail","hentry"],"yoast_head":"<!-- This site is optimized with the Yoast SEO plugin v27.3 - https:\/\/yoast.com\/product\/yoast-seo-wordpress\/ -->\n<title>General Beverage per lo sviluppo sostenibile<\/title>\n<meta name=\"description\" content=\"I prodotti e i servizi General Beverage a favore dell&#039;ambiente e dello sviluppo sostenibile.\" \/>\n<meta name=\"robots\" content=\"index, follow, max-snippet:-1, max-image-preview:large, max-video-preview:-1\" \/>\n<link rel=\"canonical\" href=\"https:\/\/www.iobevo.com\/online\/bevo-per-lambiente\/sviluppo-sostenibile\/\" \/>\n<meta property=\"og:locale\" content=\"it_IT\" \/>\n<meta property=\"og:type\" content=\"article\" \/>\n<meta property=\"og:title\" content=\"General Beverage per lo sviluppo sostenibile\" \/>\n<meta property=\"og:description\" content=\"I prodotti e i servizi General Beverage a favore dell&#039;ambiente e dello sviluppo sostenibile.\" \/>\n<meta property=\"og:url\" content=\"https:\/\/www.iobevo.com\/online\/bevo-per-lambiente\/sviluppo-sostenibile\/\" \/>\n<meta property=\"og:site_name\" content=\"io bevo\u00ae\" \/>\n<meta property=\"article:modified_time\" content=\"2017-05-06T16:00:48+00:00\" \/>\n<meta property=\"og:image\" content=\"https:\/\/www.iobevo.com\/online\/wp-content\/uploads\/2014\/05\/sviluppo_sostenibile-e1400767220764.jpg\" \/>\n\t<meta property=\"og:image:width\" content=\"700\" \/>\n\t<meta property=\"og:image:height\" content=\"556\" \/>\n\t<meta property=\"og:image:type\" content=\"image\/jpeg\" \/>\n<meta name=\"twitter:card\" content=\"summary_large_image\" \/>\n<meta name=\"twitter:image\" content=\"http:\/\/www.iobevo.com\/online\/wp-content\/uploads\/2014\/05\/sviluppo_sostenibile-e1400767220764-300x238.jpg\" \/>\n<meta name=\"twitter:site\" content=\"@IoBevo\" \/>\n<meta name=\"twitter:label1\" content=\"Tempo di lettura stimato\" \/>\n\t<meta name=\"twitter:data1\" content=\"1 minuto\" \/>\n<script type=\"application\/ld+json\" class=\"yoast-schema-graph\">{\"@context\":\"https:\\\/\\\/schema.org\",\"@graph\":[{\"@type\":\"WebPage\",\"@id\":\"https:\\\/\\\/www.iobevo.com\\\/online\\\/bevo-per-lambiente\\\/sviluppo-sostenibile\\\/\",\"url\":\"https:\\\/\\\/www.iobevo.com\\\/online\\\/bevo-per-lambiente\\\/sviluppo-sostenibile\\\/\",\"name\":\"General Beverage per lo sviluppo sostenibile\",\"isPartOf\":{\"@id\":\"https:\\\/\\\/www.iobevo.com\\\/online\\\/#website\"},\"primaryImageOfPage\":{\"@id\":\"https:\\\/\\\/www.iobevo.com\\\/online\\\/bevo-per-lambiente\\\/sviluppo-sostenibile\\\/#primaryimage\"},\"image\":{\"@id\":\"https:\\\/\\\/www.iobevo.com\\\/online\\\/bevo-per-lambiente\\\/sviluppo-sostenibile\\\/#primaryimage\"},\"thumbnailUrl\":\"https:\\\/\\\/www.iobevo.com\\\/online\\\/wp-content\\\/uploads\\\/2014\\\/01\\\/slide-2-bg-e1400667726929.png\",\"datePublished\":\"2014-05-05T08:31:31+00:00\",\"dateModified\":\"2017-05-06T16:00:48+00:00\",\"description\":\"I prodotti e i servizi General Beverage a favore dell'ambiente e dello sviluppo sostenibile.\",\"breadcrumb\":{\"@id\":\"https:\\\/\\\/www.iobevo.com\\\/online\\\/bevo-per-lambiente\\\/sviluppo-sostenibile\\\/#breadcrumb\"},\"inLanguage\":\"it-IT\",\"potentialAction\":[{\"@type\":\"ReadAction\",\"target\":[\"https:\\\/\\\/www.iobevo.com\\\/online\\\/bevo-per-lambiente\\\/sviluppo-sostenibile\\\/\"]}]},{\"@type\":\"ImageObject\",\"inLanguage\":\"it-IT\",\"@id\":\"https:\\\/\\\/www.iobevo.com\\\/online\\\/bevo-per-lambiente\\\/sviluppo-sostenibile\\\/#primaryimage\",\"url\":\"https:\\\/\\\/www.iobevo.com\\\/online\\\/wp-content\\\/uploads\\\/2014\\\/01\\\/slide-2-bg-e1400667726929.png\",\"contentUrl\":\"https:\\\/\\\/www.iobevo.com\\\/online\\\/wp-content\\\/uploads\\\/2014\\\/01\\\/slide-2-bg-e1400667726929.png\",\"width\":1512,\"height\":400},{\"@type\":\"BreadcrumbList\",\"@id\":\"https:\\\/\\\/www.iobevo.com\\\/online\\\/bevo-per-lambiente\\\/sviluppo-sostenibile\\\/#breadcrumb\",\"itemListElement\":[{\"@type\":\"ListItem\",\"position\":1,\"name\":\"io bevo\u00ae per l&#8217;ambiente\",\"item\":\"https:\\\/\\\/www.iobevo.com\\\/online\\\/bevo-per-lambiente\\\/\"},{\"@type\":\"ListItem\",\"position\":2,\"name\":\"Sviluppo sostenibile\"}]},{\"@type\":\"WebSite\",\"@id\":\"https:\\\/\\\/www.iobevo.com\\\/online\\\/#website\",\"url\":\"https:\\\/\\\/www.iobevo.com\\\/online\\\/\",\"name\":\"io bevo\u00ae\",\"description\":\"Drink Plastic free\",\"publisher\":{\"@id\":\"https:\\\/\\\/www.iobevo.com\\\/online\\\/#organization\"},\"potentialAction\":[{\"@type\":\"SearchAction\",\"target\":{\"@type\":\"EntryPoint\",\"urlTemplate\":\"https:\\\/\\\/www.iobevo.com\\\/online\\\/?s={search_term_string}\"},\"query-input\":{\"@type\":\"PropertyValueSpecification\",\"valueRequired\":true,\"valueName\":\"search_term_string\"}}],\"inLanguage\":\"it-IT\"},{\"@type\":\"Organization\",\"@id\":\"https:\\\/\\\/www.iobevo.com\\\/online\\\/#organization\",\"name\":\"General Beverage\",\"url\":\"https:\\\/\\\/www.iobevo.com\\\/online\\\/\",\"logo\":{\"@type\":\"ImageObject\",\"inLanguage\":\"it-IT\",\"@id\":\"https:\\\/\\\/www.iobevo.com\\\/online\\\/#\\\/schema\\\/logo\\\/image\\\/\",\"url\":\"https:\\\/\\\/www.iobevo.com\\\/online\\\/wp-content\\\/uploads\\\/2014\\\/01\\\/logo_gb_horizontal_grey_160x47.png\",\"contentUrl\":\"https:\\\/\\\/www.iobevo.com\\\/online\\\/wp-content\\\/uploads\\\/2014\\\/01\\\/logo_gb_horizontal_grey_160x47.png\",\"width\":160,\"height\":47,\"caption\":\"General Beverage\"},\"image\":{\"@id\":\"https:\\\/\\\/www.iobevo.com\\\/online\\\/#\\\/schema\\\/logo\\\/image\\\/\"},\"sameAs\":[\"https:\\\/\\\/x.com\\\/IoBevo\"]}]}<\/script>\n<!-- \/ Yoast SEO plugin. -->","yoast_head_json":{"title":"General Beverage per lo sviluppo sostenibile","description":"I prodotti e i servizi General Beverage a favore dell'ambiente e dello sviluppo sostenibile.","robots":{"index":"index","follow":"follow","max-snippet":"max-snippet:-1","max-image-preview":"max-image-preview:large","max-video-preview":"max-video-preview:-1"},"canonical":"https:\/\/www.iobevo.com\/online\/bevo-per-lambiente\/sviluppo-sostenibile\/","og_locale":"it_IT","og_type":"article","og_title":"General Beverage per lo sviluppo sostenibile","og_description":"I prodotti e i servizi General Beverage a favore dell'ambiente e dello sviluppo sostenibile.","og_url":"https:\/\/www.iobevo.com\/online\/bevo-per-lambiente\/sviluppo-sostenibile\/","og_site_name":"io bevo\u00ae","article_modified_time":"2017-05-06T16:00:48+00:00","og_image":[{"width":700,"height":556,"url":"https:\/\/www.iobevo.com\/online\/wp-content\/uploads\/2014\/05\/sviluppo_sostenibile-e1400767220764.jpg","type":"image\/jpeg"}],"twitter_card":"summary_large_image","twitter_image":"http:\/\/www.iobevo.com\/online\/wp-content\/uploads\/2014\/05\/sviluppo_sostenibile-e1400767220764-300x238.jpg","twitter_site":"@IoBevo","twitter_misc":{"Tempo di lettura stimato":"1 minuto"},"schema":{"@context":"https:\/\/schema.org","@graph":[{"@type":"WebPage","@id":"https:\/\/www.iobevo.com\/online\/bevo-per-lambiente\/sviluppo-sostenibile\/","url":"https:\/\/www.iobevo.com\/online\/bevo-per-lambiente\/sviluppo-sostenibile\/","name":"General Beverage per lo sviluppo sostenibile","isPartOf":{"@id":"https:\/\/www.iobevo.com\/online\/#website"},"primaryImageOfPage":{"@id":"https:\/\/www.iobevo.com\/online\/bevo-per-lambiente\/sviluppo-sostenibile\/#primaryimage"},"image":{"@id":"https:\/\/www.iobevo.com\/online\/bevo-per-lambiente\/sviluppo-sostenibile\/#primaryimage"},"thumbnailUrl":"https:\/\/www.iobevo.com\/online\/wp-content\/uploads\/2014\/01\/slide-2-bg-e1400667726929.png","datePublished":"2014-05-05T08:31:31+00:00","dateModified":"2017-05-06T16:00:48+00:00","description":"I prodotti e i servizi General Beverage a favore dell'ambiente e dello sviluppo sostenibile.","breadcrumb":{"@id":"https:\/\/www.iobevo.com\/online\/bevo-per-lambiente\/sviluppo-sostenibile\/#breadcrumb"},"inLanguage":"it-IT","potentialAction":[{"@type":"ReadAction","target":["https:\/\/www.iobevo.com\/online\/bevo-per-lambiente\/sviluppo-sostenibile\/"]}]},{"@type":"ImageObject","inLanguage":"it-IT","@id":"https:\/\/www.iobevo.com\/online\/bevo-per-lambiente\/sviluppo-sostenibile\/#primaryimage","url":"https:\/\/www.iobevo.com\/online\/wp-content\/uploads\/2014\/01\/slide-2-bg-e1400667726929.png","contentUrl":"https:\/\/www.iobevo.com\/online\/wp-content\/uploads\/2014\/01\/slide-2-bg-e1400667726929.png","width":1512,"height":400},{"@type":"BreadcrumbList","@id":"https:\/\/www.iobevo.com\/online\/bevo-per-lambiente\/sviluppo-sostenibile\/#breadcrumb","itemListElement":[{"@type":"ListItem","position":1,"name":"io bevo\u00ae per l&#8217;ambiente","item":"https:\/\/www.iobevo.com\/online\/bevo-per-lambiente\/"},{"@type":"ListItem","position":2,"name":"Sviluppo sostenibile"}]},{"@type":"WebSite","@id":"https:\/\/www.iobevo.com\/online\/#website","url":"https:\/\/www.iobevo.com\/online\/","name":"io bevo\u00ae","description":"Drink Plastic free","publisher":{"@id":"https:\/\/www.iobevo.com\/online\/#organization"},"potentialAction":[{"@type":"SearchAction","target":{"@type":"EntryPoint","urlTemplate":"https:\/\/www.iobevo.com\/online\/?s={search_term_string}"},"query-input":{"@type":"PropertyValueSpecification","valueRequired":true,"valueName":"search_term_string"}}],"inLanguage":"it-IT"},{"@type":"Organization","@id":"https:\/\/www.iobevo.com\/online\/#organization","name":"General Beverage","url":"https:\/\/www.iobevo.com\/online\/","logo":{"@type":"ImageObject","inLanguage":"it-IT","@id":"https:\/\/www.iobevo.com\/online\/#\/schema\/logo\/image\/","url":"https:\/\/www.iobevo.com\/online\/wp-content\/uploads\/2014\/01\/logo_gb_horizontal_grey_160x47.png","contentUrl":"https:\/\/www.iobevo.com\/online\/wp-content\/uploads\/2014\/01\/logo_gb_horizontal_grey_160x47.png","width":160,"height":47,"caption":"General Beverage"},"image":{"@id":"https:\/\/www.iobevo.com\/online\/#\/schema\/logo\/image\/"},"sameAs":["https:\/\/x.com\/IoBevo"]}]}},"_links":{"self":[{"href":"https:\/\/www.iobevo.com\/online\/wp-json\/wp\/v2\/pages\/3618","targetHints":{"allow":["GET"]}}],"collection":[{"href":"https:\/\/www.iobevo.com\/online\/wp-json\/wp\/v2\/pages"}],"about":[{"href":"https:\/\/www.iobevo.com\/online\/wp-json\/wp\/v2\/types\/page"}],"author":[{"embeddable":true,"href":"https:\/\/www.iobevo.com\/online\/wp-json\/wp\/v2\/users\/84"}],"replies":[{"embeddable":true,"href":"https:\/\/www.iobevo.com\/online\/wp-json\/wp\/v2\/comments?post=3618"}],"version-history":[{"count":0,"href":"https:\/\/www.iobevo.com\/online\/wp-json\/wp\/v2\/pages\/3618\/revisions"}],"up":[{"embeddable":true,"href":"https:\/\/www.iobevo.com\/online\/wp-json\/wp\/v2\/pages\/3614"}],"wp:featuredmedia":[{"embeddable":true,"href":"https:\/\/www.iobevo.com\/online\/wp-json\/wp\/v2\/media\/2831"}],"wp:attachment":[{"href":"https:\/\/www.iobevo.com\/online\/wp-json\/wp\/v2\/media?parent=3618"}],"curies":[{"name":"wp","href":"https:\/\/api.w.org\/{rel}","templated":true}]}}