{"id":3885,"date":"2014-05-06T18:39:49","date_gmt":"2014-05-06T18:39:49","guid":{"rendered":"http:\/\/iobevo.com\/online\/?page_id=3885"},"modified":"2017-08-11T00:37:05","modified_gmt":"2017-08-10T22:37:05","slug":"korinto-fresh-brew","status":"publish","type":"page","link":"https:\/\/www.iobevo.com\/online\/distributori\/korinto-fresh-brew\/","title":{"rendered":"Korinto Fresh Brew"},"content":{"rendered":"<p><strong>Korinto Fresh Brew<\/strong> \u00e8 il distributore che proponiamo per la distribuzione di caff\u00e8 americano di qualit\u00e0.<br \/>\nIl caff\u00e8 filtrato nella sua forma pi\u00f9 semplice viene ottenuto tramite infusione a bassa pressione.\u00a0Questa tipologia di bevanda \u00e8 estremamente diffusa nei mercati Nordici (Germania, Inghilterra, Scandinavia) ed \u00e8 caratterizzata da dosi particolarmente lunghe, superiori ai 150 ml.<\/p>\n<p>Il caff\u00e8 utilizzato \u00e8 con granulometria maggiore del tipo utilizzato per l\u2019espresso e inoltre viene utilizzata una pregiata qualit\u00e0 di caff\u00e8 di tipo \u201cArabica\u201d.\u00a0Per rispondere a queste caratteristiche vengono utilizzati gruppi infusori denominati \u201cFRESH BREWER\u201d come quello utilizzato appunto nel distributore Korinto Fresh Brew.<\/p>\n<div class=\"gap\" style=\"height: 30px;\"><\/div>\n<h3 class=\"title\"><span>Caratteristiche tecniche<\/span><\/h3>\n<div class=\"one_half\">\n<div class=\"description clearfix style-1\">\n<p style=\"text-align: left;\">Tensione-frequenza (Volt\/Hertz):<br \/>\n<strong>230 V &#8211; 50 Hz<\/strong><\/p>\n<p style=\"text-align: left;\">Potenza:\u00a0<strong>W 2,85<\/strong><\/p>\n<p style=\"text-align: left;\">Numero selezioni possibili: <strong>8<\/strong><\/p>\n<p style=\"text-align: left;\">Numero prodotti base:<br \/>\n<strong>1 caff\u00e8 macinato per caff\u00e8 americano + <\/strong><br \/>\n<strong> 2 solubili <\/strong><\/p>\n<p style=\"text-align: left;\">Sistema gruppo caff\u00e8:\u00a0<strong>fresh brew<\/strong><\/p>\n<p style=\"text-align: left;\">Presa elettrica: <strong>Schuko<\/strong><\/p>\n<p style=\"text-align: left;\">Presa acqua:\u00a0<strong>\u00bd \u201c<\/strong><\/p>\n<p style=\"text-align: left;\">Peso: <strong>Kg 32<\/strong><\/p>\n<p style=\"text-align: left;\">Larghezza: <strong>mm 331<\/strong><\/p>\n<p style=\"text-align: left;\">Profondit\u00e0: <strong>mm 528<\/strong><\/p>\n<p style=\"text-align: left;\">Altezza: <strong>mm 715<\/strong><\/p>\n<p style=\"text-align: left;\">Mobiletto appoggio:<br \/>\n<strong>H 830 x L 410 x P 490 mm<\/strong><\/p>\n<p style=\"text-align: left;\"><\/div>\n<\/div>\n<div class=\"one_half last\"><span class=\"responsive\"><img fetchpriority=\"high\" decoding=\"async\" class=\"wp-image-4474 aligncenter\" src=\"https:\/\/www.iobevo.com\/online\/wp-content\/uploads\/2014\/05\/KorintoFreshbrew.jpg\" alt=\"\" width=\"400\" height=\"569\" srcset=\"https:\/\/www.iobevo.com\/online\/wp-content\/uploads\/2014\/05\/KorintoFreshbrew.jpg 1000w, https:\/\/www.iobevo.com\/online\/wp-content\/uploads\/2014\/05\/KorintoFreshbrew-210x300.jpg 210w, https:\/\/www.iobevo.com\/online\/wp-content\/uploads\/2014\/05\/KorintoFreshbrew-719x1024.jpg 719w\" sizes=\"(max-width: 400px) 100vw, 400px\" \/><\/span><\/div>\n<div class=\"clear\"><\/div><\/p>\n","protected":false},"excerpt":{"rendered":"<p>Korinto Fresh Brew \u00e8 il distributore che proponiamo per la distribuzione di caff\u00e8 americano di qualit\u00e0. Il caff\u00e8 filtrato nella sua forma pi\u00f9 semplice viene ottenuto tramite infusione a bassa pressione.\u00a0Questa tipologia di bevanda \u00e8 estremamente diffusa nei mercati Nordici (Germania, Inghilterra, Scandinavia) ed \u00e8 caratterizzata da dosi particolarmente lunghe, [&hellip;]<\/p>\n","protected":false},"author":84,"featured_media":2831,"parent":136,"menu_order":0,"comment_status":"open","ping_status":"closed","template":"","meta":{"footnotes":""},"class_list":["post-3885","page","type-page","status-publish","has-post-thumbnail","hentry"],"yoast_head":"<!-- This site is optimized with the Yoast SEO plugin v27.4 - https:\/\/yoast.com\/product\/yoast-seo-wordpress\/ -->\n<title>Korinto Fresh Brew per la preparazione di caff\u00e8 americano<\/title>\n<meta name=\"description\" content=\"Korinto Fresh Brew \u00e8 il distributore per l&#039;erogazione di caff\u00e8 americano e altre bevande calde per la colazione.\" \/>\n<meta name=\"robots\" content=\"index, follow, max-snippet:-1, max-image-preview:large, max-video-preview:-1\" \/>\n<link rel=\"canonical\" href=\"https:\/\/www.iobevo.com\/online\/distributori\/korinto-fresh-brew\/\" \/>\n<meta property=\"og:locale\" content=\"it_IT\" \/>\n<meta property=\"og:type\" content=\"article\" \/>\n<meta property=\"og:title\" content=\"Korinto Fresh Brew per la preparazione di caff\u00e8 americano\" \/>\n<meta property=\"og:description\" content=\"Korinto Fresh Brew \u00e8 il distributore per l&#039;erogazione di caff\u00e8 americano e altre bevande calde per la colazione.\" \/>\n<meta property=\"og:url\" content=\"https:\/\/www.iobevo.com\/online\/distributori\/korinto-fresh-brew\/\" \/>\n<meta property=\"og:site_name\" content=\"io bevo\u00ae\" \/>\n<meta property=\"article:modified_time\" content=\"2017-08-10T22:37:05+00:00\" \/>\n<meta name=\"twitter:card\" content=\"summary_large_image\" \/>\n<meta name=\"twitter:image\" content=\"http:\/\/iobevo.com\/online\/wp-content\/uploads\/2014\/05\/KorintoFreshbrew1.jpg\" \/>\n<meta name=\"twitter:site\" content=\"@IoBevo\" \/>\n<meta name=\"twitter:label1\" content=\"Tempo di lettura stimato\" \/>\n\t<meta name=\"twitter:data1\" content=\"1 minuto\" \/>\n<script type=\"application\/ld+json\" class=\"yoast-schema-graph\">{\"@context\":\"https:\\\/\\\/schema.org\",\"@graph\":[{\"@type\":\"WebPage\",\"@id\":\"https:\\\/\\\/www.iobevo.com\\\/online\\\/distributori\\\/korinto-fresh-brew\\\/\",\"url\":\"https:\\\/\\\/www.iobevo.com\\\/online\\\/distributori\\\/korinto-fresh-brew\\\/\",\"name\":\"Korinto Fresh Brew per la preparazione di caff\u00e8 americano\",\"isPartOf\":{\"@id\":\"https:\\\/\\\/www.iobevo.com\\\/online\\\/#website\"},\"primaryImageOfPage\":{\"@id\":\"https:\\\/\\\/www.iobevo.com\\\/online\\\/distributori\\\/korinto-fresh-brew\\\/#primaryimage\"},\"image\":{\"@id\":\"https:\\\/\\\/www.iobevo.com\\\/online\\\/distributori\\\/korinto-fresh-brew\\\/#primaryimage\"},\"thumbnailUrl\":\"https:\\\/\\\/www.iobevo.com\\\/online\\\/wp-content\\\/uploads\\\/2014\\\/01\\\/slide-2-bg-e1400667726929.png\",\"datePublished\":\"2014-05-06T18:39:49+00:00\",\"dateModified\":\"2017-08-10T22:37:05+00:00\",\"description\":\"Korinto Fresh Brew \u00e8 il distributore per l'erogazione di caff\u00e8 americano e altre bevande calde per la colazione.\",\"breadcrumb\":{\"@id\":\"https:\\\/\\\/www.iobevo.com\\\/online\\\/distributori\\\/korinto-fresh-brew\\\/#breadcrumb\"},\"inLanguage\":\"it-IT\",\"potentialAction\":[{\"@type\":\"ReadAction\",\"target\":[\"https:\\\/\\\/www.iobevo.com\\\/online\\\/distributori\\\/korinto-fresh-brew\\\/\"]}]},{\"@type\":\"ImageObject\",\"inLanguage\":\"it-IT\",\"@id\":\"https:\\\/\\\/www.iobevo.com\\\/online\\\/distributori\\\/korinto-fresh-brew\\\/#primaryimage\",\"url\":\"https:\\\/\\\/www.iobevo.com\\\/online\\\/wp-content\\\/uploads\\\/2014\\\/01\\\/slide-2-bg-e1400667726929.png\",\"contentUrl\":\"https:\\\/\\\/www.iobevo.com\\\/online\\\/wp-content\\\/uploads\\\/2014\\\/01\\\/slide-2-bg-e1400667726929.png\",\"width\":1512,\"height\":400},{\"@type\":\"BreadcrumbList\",\"@id\":\"https:\\\/\\\/www.iobevo.com\\\/online\\\/distributori\\\/korinto-fresh-brew\\\/#breadcrumb\",\"itemListElement\":[{\"@type\":\"ListItem\",\"position\":1,\"name\":\"Distributori\",\"item\":\"https:\\\/\\\/www.iobevo.com\\\/online\\\/distributori\\\/\"},{\"@type\":\"ListItem\",\"position\":2,\"name\":\"Korinto Fresh Brew\"}]},{\"@type\":\"WebSite\",\"@id\":\"https:\\\/\\\/www.iobevo.com\\\/online\\\/#website\",\"url\":\"https:\\\/\\\/www.iobevo.com\\\/online\\\/\",\"name\":\"io bevo\u00ae\",\"description\":\"Drink Plastic free\",\"publisher\":{\"@id\":\"https:\\\/\\\/www.iobevo.com\\\/online\\\/#organization\"},\"potentialAction\":[{\"@type\":\"SearchAction\",\"target\":{\"@type\":\"EntryPoint\",\"urlTemplate\":\"https:\\\/\\\/www.iobevo.com\\\/online\\\/?s={search_term_string}\"},\"query-input\":{\"@type\":\"PropertyValueSpecification\",\"valueRequired\":true,\"valueName\":\"search_term_string\"}}],\"inLanguage\":\"it-IT\"},{\"@type\":\"Organization\",\"@id\":\"https:\\\/\\\/www.iobevo.com\\\/online\\\/#organization\",\"name\":\"General Beverage\",\"url\":\"https:\\\/\\\/www.iobevo.com\\\/online\\\/\",\"logo\":{\"@type\":\"ImageObject\",\"inLanguage\":\"it-IT\",\"@id\":\"https:\\\/\\\/www.iobevo.com\\\/online\\\/#\\\/schema\\\/logo\\\/image\\\/\",\"url\":\"https:\\\/\\\/www.iobevo.com\\\/online\\\/wp-content\\\/uploads\\\/2014\\\/01\\\/logo_gb_horizontal_grey_160x47.png\",\"contentUrl\":\"https:\\\/\\\/www.iobevo.com\\\/online\\\/wp-content\\\/uploads\\\/2014\\\/01\\\/logo_gb_horizontal_grey_160x47.png\",\"width\":160,\"height\":47,\"caption\":\"General Beverage\"},\"image\":{\"@id\":\"https:\\\/\\\/www.iobevo.com\\\/online\\\/#\\\/schema\\\/logo\\\/image\\\/\"},\"sameAs\":[\"https:\\\/\\\/x.com\\\/IoBevo\"]}]}<\/script>\n<!-- \/ Yoast SEO plugin. -->","yoast_head_json":{"title":"Korinto Fresh Brew per la preparazione di caff\u00e8 americano","description":"Korinto Fresh Brew \u00e8 il distributore per l'erogazione di caff\u00e8 americano e altre bevande calde per la colazione.","robots":{"index":"index","follow":"follow","max-snippet":"max-snippet:-1","max-image-preview":"max-image-preview:large","max-video-preview":"max-video-preview:-1"},"canonical":"https:\/\/www.iobevo.com\/online\/distributori\/korinto-fresh-brew\/","og_locale":"it_IT","og_type":"article","og_title":"Korinto Fresh Brew per la preparazione di caff\u00e8 americano","og_description":"Korinto Fresh Brew \u00e8 il distributore per l'erogazione di caff\u00e8 americano e altre bevande calde per la colazione.","og_url":"https:\/\/www.iobevo.com\/online\/distributori\/korinto-fresh-brew\/","og_site_name":"io bevo\u00ae","article_modified_time":"2017-08-10T22:37:05+00:00","twitter_card":"summary_large_image","twitter_image":"http:\/\/iobevo.com\/online\/wp-content\/uploads\/2014\/05\/KorintoFreshbrew1.jpg","twitter_site":"@IoBevo","twitter_misc":{"Tempo di lettura stimato":"1 minuto"},"schema":{"@context":"https:\/\/schema.org","@graph":[{"@type":"WebPage","@id":"https:\/\/www.iobevo.com\/online\/distributori\/korinto-fresh-brew\/","url":"https:\/\/www.iobevo.com\/online\/distributori\/korinto-fresh-brew\/","name":"Korinto Fresh Brew per la preparazione di caff\u00e8 americano","isPartOf":{"@id":"https:\/\/www.iobevo.com\/online\/#website"},"primaryImageOfPage":{"@id":"https:\/\/www.iobevo.com\/online\/distributori\/korinto-fresh-brew\/#primaryimage"},"image":{"@id":"https:\/\/www.iobevo.com\/online\/distributori\/korinto-fresh-brew\/#primaryimage"},"thumbnailUrl":"https:\/\/www.iobevo.com\/online\/wp-content\/uploads\/2014\/01\/slide-2-bg-e1400667726929.png","datePublished":"2014-05-06T18:39:49+00:00","dateModified":"2017-08-10T22:37:05+00:00","description":"Korinto Fresh Brew \u00e8 il distributore per l'erogazione di caff\u00e8 americano e altre bevande calde per la colazione.","breadcrumb":{"@id":"https:\/\/www.iobevo.com\/online\/distributori\/korinto-fresh-brew\/#breadcrumb"},"inLanguage":"it-IT","potentialAction":[{"@type":"ReadAction","target":["https:\/\/www.iobevo.com\/online\/distributori\/korinto-fresh-brew\/"]}]},{"@type":"ImageObject","inLanguage":"it-IT","@id":"https:\/\/www.iobevo.com\/online\/distributori\/korinto-fresh-brew\/#primaryimage","url":"https:\/\/www.iobevo.com\/online\/wp-content\/uploads\/2014\/01\/slide-2-bg-e1400667726929.png","contentUrl":"https:\/\/www.iobevo.com\/online\/wp-content\/uploads\/2014\/01\/slide-2-bg-e1400667726929.png","width":1512,"height":400},{"@type":"BreadcrumbList","@id":"https:\/\/www.iobevo.com\/online\/distributori\/korinto-fresh-brew\/#breadcrumb","itemListElement":[{"@type":"ListItem","position":1,"name":"Distributori","item":"https:\/\/www.iobevo.com\/online\/distributori\/"},{"@type":"ListItem","position":2,"name":"Korinto Fresh Brew"}]},{"@type":"WebSite","@id":"https:\/\/www.iobevo.com\/online\/#website","url":"https:\/\/www.iobevo.com\/online\/","name":"io bevo\u00ae","description":"Drink Plastic free","publisher":{"@id":"https:\/\/www.iobevo.com\/online\/#organization"},"potentialAction":[{"@type":"SearchAction","target":{"@type":"EntryPoint","urlTemplate":"https:\/\/www.iobevo.com\/online\/?s={search_term_string}"},"query-input":{"@type":"PropertyValueSpecification","valueRequired":true,"valueName":"search_term_string"}}],"inLanguage":"it-IT"},{"@type":"Organization","@id":"https:\/\/www.iobevo.com\/online\/#organization","name":"General Beverage","url":"https:\/\/www.iobevo.com\/online\/","logo":{"@type":"ImageObject","inLanguage":"it-IT","@id":"https:\/\/www.iobevo.com\/online\/#\/schema\/logo\/image\/","url":"https:\/\/www.iobevo.com\/online\/wp-content\/uploads\/2014\/01\/logo_gb_horizontal_grey_160x47.png","contentUrl":"https:\/\/www.iobevo.com\/online\/wp-content\/uploads\/2014\/01\/logo_gb_horizontal_grey_160x47.png","width":160,"height":47,"caption":"General Beverage"},"image":{"@id":"https:\/\/www.iobevo.com\/online\/#\/schema\/logo\/image\/"},"sameAs":["https:\/\/x.com\/IoBevo"]}]}},"_links":{"self":[{"href":"https:\/\/www.iobevo.com\/online\/wp-json\/wp\/v2\/pages\/3885","targetHints":{"allow":["GET"]}}],"collection":[{"href":"https:\/\/www.iobevo.com\/online\/wp-json\/wp\/v2\/pages"}],"about":[{"href":"https:\/\/www.iobevo.com\/online\/wp-json\/wp\/v2\/types\/page"}],"author":[{"embeddable":true,"href":"https:\/\/www.iobevo.com\/online\/wp-json\/wp\/v2\/users\/84"}],"replies":[{"embeddable":true,"href":"https:\/\/www.iobevo.com\/online\/wp-json\/wp\/v2\/comments?post=3885"}],"version-history":[{"count":0,"href":"https:\/\/www.iobevo.com\/online\/wp-json\/wp\/v2\/pages\/3885\/revisions"}],"up":[{"embeddable":true,"href":"https:\/\/www.iobevo.com\/online\/wp-json\/wp\/v2\/pages\/136"}],"wp:featuredmedia":[{"embeddable":true,"href":"https:\/\/www.iobevo.com\/online\/wp-json\/wp\/v2\/media\/2831"}],"wp:attachment":[{"href":"https:\/\/www.iobevo.com\/online\/wp-json\/wp\/v2\/media?parent=3885"}],"curies":[{"name":"wp","href":"https:\/\/api.w.org\/{rel}","templated":true}]}}