{"id":4204,"date":"2014-05-09T18:37:26","date_gmt":"2014-05-09T18:37:26","guid":{"rendered":"http:\/\/iobevo.com\/online\/?page_id=4204"},"modified":"2018-02-06T18:53:25","modified_gmt":"2018-02-06T16:53:25","slug":"format-varieta-bevande","status":"publish","type":"page","link":"https:\/\/www.iobevo.com\/online\/servizi\/freebeverage\/format-varieta-bevande\/","title":{"rendered":"Format e variet\u00e0 bevande"},"content":{"rendered":"<p><span class=\"responsive\"><img fetchpriority=\"high\" decoding=\"async\" class=\"alignnone size-full wp-image-4190\" src=\"http:\/\/www.iobevo.com\/online\/wp-content\/uploads\/2014\/01\/mediterraneo_distributore.jpg\" alt=\"mediterraneo_distributore\" width=\"700\" height=\"195\" srcset=\"https:\/\/www.iobevo.com\/online\/wp-content\/uploads\/2014\/01\/mediterraneo_distributore.jpg 700w, https:\/\/www.iobevo.com\/online\/wp-content\/uploads\/2014\/01\/mediterraneo_distributore-300x83.jpg 300w\" sizes=\"(max-width: 700px) 100vw, 700px\" \/><\/span><\/p>\n<p>Tutte le bevande distribuite sono realizzate utilizzando concentrati in bag in box. Dal punto di vista organolettico e nutrizionale i prodotti corrispondono a parametri qualitativi estremamente elevati.<\/p>\n<p>Di seguito in forma schematica elenchiamo alcuni dei possibili format bevande <span class=\"mark2\">freebeverage<\/span><span class=\"mark3\">\u00ae<\/span>, cio\u00e8 le diverse tipologie di bevande con cui possono essere caratterizzati i distributori a <strong>libero consumo<\/strong>.<\/p>\n<p>Al momento della realizzazione del servizio potr\u00e0 essere scelto un solo format per tutti i distributori o potranno essere inseriti anche format diversi per ciascun distributore, al fine di assicurare una maggiore <strong>variet\u00e0 di bevande <\/strong>e rispondere in modo adeguato alle diverse esigenze, gusti e sensibilit\u00e0 dell\u2019utenza.<\/p>\n<p>Ogni distributore di bevande a libero consumo sar\u00e0 cos\u00ec caratterizzato sia per la variet\u00e0 delle bevande che per la comunicazione.<\/p>\n<p>Oltre ai format proposti, potranno essere elaborati e applicati format personalizzati, scegliendo le bevande nell\u2019ambito dell\u2019ampia gamma disponibile e caratterizzando i distributori con i propri brand e comunicazione istituzionale.<\/p>\n<div class=\"gap\" style=\"height: 20px;\"><\/div>\n<div class=\"one_half\">\n<h5 class=\"title\"><span>format Regioni d&#8217;Italia \u2013 Slow Beverage\u00ae<br \/>\n<em>bevi sano, bevi italiano<\/em><\/span><\/h5>\n<p><a href=\"http:\/\/iobevo.com\/online\/?page_id=4334\"><img decoding=\"async\" class=\"alignnone wp-image-3411 size-medium\" src=\"http:\/\/iobevo.com\/online\/wp-content\/uploads\/2014\/04\/bevande-slow-beverage-300x136.jpg\" alt=\"\" width=\"300\" height=\"136\" srcset=\"https:\/\/www.iobevo.com\/online\/wp-content\/uploads\/2014\/04\/bevande-slow-beverage-300x136.jpg 300w, https:\/\/www.iobevo.com\/online\/wp-content\/uploads\/2014\/04\/bevande-slow-beverage.jpg 400w\" sizes=\"(max-width: 300px) 100vw, 300px\" \/><\/a><\/div>\n<div class=\"one_half last\">\n<h5 class=\"title\"><span>format Fairtrade\u00ae<br \/>\n<em>Bevi Equo e Solidale<\/em><\/span><\/h5>\n<p><a href=\"http:\/\/iobevo.com\/online\/?page_id=4338\"><img decoding=\"async\" class=\"alignnone wp-image-3413 size-medium\" src=\"http:\/\/iobevo.com\/online\/wp-content\/uploads\/2014\/04\/bevande-fairtrade-300x162.jpg\" alt=\"\" width=\"300\" height=\"136\" \/><\/a><\/div>\n<div class=\"clear\"><\/div>\n<div class=\"one_half\">\n<h5 class=\"title\"><span>format Salutistico<br \/>\n<em>Bevi sano<\/em><\/span><\/h5>\n<p><a href=\"http:\/\/iobevo.com\/online\/?page_id=4341\"><img loading=\"lazy\" decoding=\"async\" class=\"alignnone wp-image-4326 size-medium\" src=\"https:\/\/www.iobevo.com\/online\/wp-content\/uploads\/2018\/01\/BEVI_SANO_small.jpg\" alt=\"\" width=\"300\" height=\"136\" \/><\/a><\/div>\n<div class=\"one_half last\">\n<h5 class=\"title\"><span>format Equo\/Slowbeverage<br \/>\n<em>Bevi regionale ed equo e solidale<\/em><\/span><\/h5>\n<p><a href=\"http:\/\/iobevo.com\/online\/?page_id=4344\"><img loading=\"lazy\" decoding=\"async\" class=\"alignnone wp-image-4327 size-medium\" src=\"http:\/\/iobevo.com\/online\/wp-content\/uploads\/2014\/05\/equo_slow-300x133.jpg\" alt=\"\" width=\"300\" height=\"136\" \/><\/a><\/div>\n<div class=\"clear\"><\/div>\n<div class=\"one_half\">\n<h5 class=\"title\"><span>format Standard<br \/>\n<em>Liberi di bere<\/em><\/span><\/h5>\n<p><a href=\"http:\/\/iobevo.com\/online\/?page_id=4347\"><img loading=\"lazy\" decoding=\"async\" class=\"alignnone wp-image-14566 size-medium\" src=\"https:\/\/www.iobevo.com\/online\/wp-content\/uploads\/2018\/01\/LIBERI_DI_BERE_small.jpg\" alt=\"\" width=\"300\" height=\"136\" \/><\/a><\/div>\n<div class=\"one_half last\">\n<h5 class=\"title\"><span>format Tutto Frutta<br \/>\n<em>bevi solo frutta<\/em><\/span><\/h5>\n<p><a href=\"http:\/\/iobevo.com\/online\/?page_id=4350\"><img loading=\"lazy\" decoding=\"async\" class=\"alignnone wp-image-4330 size-medium\" src=\"http:\/\/iobevo.com\/online\/wp-content\/uploads\/2014\/05\/tutto-frutta-300x145.jpg\" alt=\"\" width=\"300\" height=\"136\" \/><\/a><\/div>\n<div class=\"clear\"><\/div>\n<div class=\"one_half\">\n<h5 class=\"title\"><span>Format Plant Water<br \/>\n<em>Wellness natural drink<\/em><\/span><\/h5>\n<p><a href=\"http:\/\/iobevo.com\/online\/?page_id=14589\"><img loading=\"lazy\" decoding=\"async\" class=\"alignnone wp-image-14588 size-full\" src=\"https:\/\/www.iobevo.com\/online\/wp-content\/uploads\/2018\/01\/PLANT_WATER_small.jpg\" alt=\"Format Plant Water \" width=\"300\" height=\"136\" \/><\/a><\/div>\n<div class=\"one_half last\">\n<h5 class=\"title\"><span>Format Vegan Mix 3 + 1<br \/>\n<em>A base di frutta e spezie <\/em><\/span><\/h5>\n<p><a href=\"http:\/\/iobevo.com\/online\/?page_id=14593\"><img loading=\"lazy\" decoding=\"async\" class=\"alignnone wp-image-14586 size-full\" title=\"Format Vegan Mix 3 + 1 \" src=\"https:\/\/www.iobevo.com\/online\/wp-content\/uploads\/2018\/01\/VEGAN_MIX_small.jpg\" alt=\"Format Vegan Mix 3 + 1 \" width=\"300\" height=\"136\" \/><\/a><\/div>\n<div class=\"clear\"><\/div>\n<div class=\"one_half\">\n<h5 class=\"title\"><span>Format SaluT\u00e8<br \/>\n<em>Bevande a base di t\u00e8 e infusi naturali<\/em><\/span><\/h5>\n<p><a href=\"https:\/\/www.iobevo.com\/online\/?page_id=14634\"><img loading=\"lazy\" decoding=\"async\" class=\"alignnone wp-image-14587 size-full\" src=\"https:\/\/www.iobevo.com\/online\/wp-content\/uploads\/2018\/01\/SALUTE_small.jpg\" alt=\"Format SaluT\u00e8\" width=\"300\" height=\"136\" \/><\/a><\/div>\n<div class=\"one_half last\"><\/div>\n<div class=\"clear\"><\/div>\n","protected":false},"excerpt":{"rendered":"<p>Tutte le bevande distribuite sono realizzate utilizzando concentrati in bag in box. Dal punto di vista organolettico e nutrizionale i prodotti corrispondono a parametri qualitativi estremamente elevati. Di seguito in forma schematica elenchiamo alcuni dei possibili format bevande freebeverage\u00ae, cio\u00e8 le diverse tipologie di bevande con cui possono essere caratterizzati [&hellip;]<\/p>\n","protected":false},"author":84,"featured_media":2831,"parent":6562,"menu_order":0,"comment_status":"open","ping_status":"closed","template":"","meta":{"footnotes":""},"class_list":["post-4204","page","type-page","status-publish","has-post-thumbnail","hentry"],"yoast_head":"<!-- This site is optimized with the Yoast SEO plugin v27.5 - https:\/\/yoast.com\/product\/yoast-seo-wordpress\/ -->\n<title>Il format e la variet\u00e0 di bevande del servizio freebeverage\u00ae<\/title>\n<meta name=\"description\" content=\"Con il servizio freebeverage \u00e8 possibile utilizzare diversi format e variet\u00e0 di bevande. Per ogni distributore self-service pu\u00f2 essere stabilito un format.\" \/>\n<meta name=\"robots\" content=\"index, follow, max-snippet:-1, max-image-preview:large, max-video-preview:-1\" \/>\n<link rel=\"canonical\" href=\"https:\/\/www.iobevo.com\/online\/servizi\/freebeverage\/format-varieta-bevande\/\" \/>\n<meta property=\"og:locale\" content=\"it_IT\" \/>\n<meta property=\"og:type\" content=\"article\" \/>\n<meta property=\"og:title\" content=\"Il format e la variet\u00e0 di bevande del servizio freebeverage\u00ae\" \/>\n<meta property=\"og:description\" content=\"Con il servizio freebeverage \u00e8 possibile utilizzare diversi format e variet\u00e0 di bevande. Per ogni distributore self-service pu\u00f2 essere stabilito un format.\" \/>\n<meta property=\"og:url\" content=\"https:\/\/www.iobevo.com\/online\/servizi\/freebeverage\/format-varieta-bevande\/\" \/>\n<meta property=\"og:site_name\" content=\"io bevo\u00ae\" \/>\n<meta property=\"article:modified_time\" content=\"2018-02-06T16:53:25+00:00\" \/>\n<meta name=\"twitter:card\" content=\"summary_large_image\" \/>\n<meta name=\"twitter:image\" content=\"http:\/\/iobevo.com\/online\/wp-content\/uploads\/2014\/01\/mediterraneo_distributore.jpg\" \/>\n<meta name=\"twitter:site\" content=\"@IoBevo\" \/>\n<meta name=\"twitter:label1\" content=\"Tempo di lettura stimato\" \/>\n\t<meta name=\"twitter:data1\" content=\"2 minuti\" \/>\n<script type=\"application\/ld+json\" class=\"yoast-schema-graph\">{\"@context\":\"https:\\\/\\\/schema.org\",\"@graph\":[{\"@type\":\"WebPage\",\"@id\":\"https:\\\/\\\/www.iobevo.com\\\/online\\\/servizi\\\/freebeverage\\\/format-varieta-bevande\\\/\",\"url\":\"https:\\\/\\\/www.iobevo.com\\\/online\\\/servizi\\\/freebeverage\\\/format-varieta-bevande\\\/\",\"name\":\"Il format e la variet\u00e0 di bevande del servizio freebeverage\u00ae\",\"isPartOf\":{\"@id\":\"https:\\\/\\\/www.iobevo.com\\\/online\\\/#website\"},\"primaryImageOfPage\":{\"@id\":\"https:\\\/\\\/www.iobevo.com\\\/online\\\/servizi\\\/freebeverage\\\/format-varieta-bevande\\\/#primaryimage\"},\"image\":{\"@id\":\"https:\\\/\\\/www.iobevo.com\\\/online\\\/servizi\\\/freebeverage\\\/format-varieta-bevande\\\/#primaryimage\"},\"thumbnailUrl\":\"https:\\\/\\\/www.iobevo.com\\\/online\\\/wp-content\\\/uploads\\\/2014\\\/01\\\/slide-2-bg-e1400667726929.png\",\"datePublished\":\"2014-05-09T18:37:26+00:00\",\"dateModified\":\"2018-02-06T16:53:25+00:00\",\"description\":\"Con il servizio freebeverage \u00e8 possibile utilizzare diversi format e variet\u00e0 di bevande. Per ogni distributore self-service pu\u00f2 essere stabilito un format.\",\"breadcrumb\":{\"@id\":\"https:\\\/\\\/www.iobevo.com\\\/online\\\/servizi\\\/freebeverage\\\/format-varieta-bevande\\\/#breadcrumb\"},\"inLanguage\":\"it-IT\",\"potentialAction\":[{\"@type\":\"ReadAction\",\"target\":[\"https:\\\/\\\/www.iobevo.com\\\/online\\\/servizi\\\/freebeverage\\\/format-varieta-bevande\\\/\"]}]},{\"@type\":\"ImageObject\",\"inLanguage\":\"it-IT\",\"@id\":\"https:\\\/\\\/www.iobevo.com\\\/online\\\/servizi\\\/freebeverage\\\/format-varieta-bevande\\\/#primaryimage\",\"url\":\"https:\\\/\\\/www.iobevo.com\\\/online\\\/wp-content\\\/uploads\\\/2014\\\/01\\\/slide-2-bg-e1400667726929.png\",\"contentUrl\":\"https:\\\/\\\/www.iobevo.com\\\/online\\\/wp-content\\\/uploads\\\/2014\\\/01\\\/slide-2-bg-e1400667726929.png\",\"width\":1512,\"height\":400},{\"@type\":\"BreadcrumbList\",\"@id\":\"https:\\\/\\\/www.iobevo.com\\\/online\\\/servizi\\\/freebeverage\\\/format-varieta-bevande\\\/#breadcrumb\",\"itemListElement\":[{\"@type\":\"ListItem\",\"position\":1,\"name\":\"Servizi\",\"item\":\"https:\\\/\\\/www.iobevo.com\\\/online\\\/servizi\\\/\"},{\"@type\":\"ListItem\",\"position\":2,\"name\":\"freebeverage\u00ae\",\"item\":\"https:\\\/\\\/www.iobevo.com\\\/online\\\/servizi\\\/freebeverage\\\/\"},{\"@type\":\"ListItem\",\"position\":3,\"name\":\"Format e variet\u00e0 bevande\"}]},{\"@type\":\"WebSite\",\"@id\":\"https:\\\/\\\/www.iobevo.com\\\/online\\\/#website\",\"url\":\"https:\\\/\\\/www.iobevo.com\\\/online\\\/\",\"name\":\"io bevo\u00ae\",\"description\":\"Drink Plastic free\",\"publisher\":{\"@id\":\"https:\\\/\\\/www.iobevo.com\\\/online\\\/#organization\"},\"potentialAction\":[{\"@type\":\"SearchAction\",\"target\":{\"@type\":\"EntryPoint\",\"urlTemplate\":\"https:\\\/\\\/www.iobevo.com\\\/online\\\/?s={search_term_string}\"},\"query-input\":{\"@type\":\"PropertyValueSpecification\",\"valueRequired\":true,\"valueName\":\"search_term_string\"}}],\"inLanguage\":\"it-IT\"},{\"@type\":\"Organization\",\"@id\":\"https:\\\/\\\/www.iobevo.com\\\/online\\\/#organization\",\"name\":\"General Beverage\",\"url\":\"https:\\\/\\\/www.iobevo.com\\\/online\\\/\",\"logo\":{\"@type\":\"ImageObject\",\"inLanguage\":\"it-IT\",\"@id\":\"https:\\\/\\\/www.iobevo.com\\\/online\\\/#\\\/schema\\\/logo\\\/image\\\/\",\"url\":\"https:\\\/\\\/www.iobevo.com\\\/online\\\/wp-content\\\/uploads\\\/2014\\\/01\\\/logo_gb_horizontal_grey_160x47.png\",\"contentUrl\":\"https:\\\/\\\/www.iobevo.com\\\/online\\\/wp-content\\\/uploads\\\/2014\\\/01\\\/logo_gb_horizontal_grey_160x47.png\",\"width\":160,\"height\":47,\"caption\":\"General Beverage\"},\"image\":{\"@id\":\"https:\\\/\\\/www.iobevo.com\\\/online\\\/#\\\/schema\\\/logo\\\/image\\\/\"},\"sameAs\":[\"https:\\\/\\\/x.com\\\/IoBevo\"]}]}<\/script>\n<!-- \/ Yoast SEO plugin. -->","yoast_head_json":{"title":"Il format e la variet\u00e0 di bevande del servizio freebeverage\u00ae","description":"Con il servizio freebeverage \u00e8 possibile utilizzare diversi format e variet\u00e0 di bevande. Per ogni distributore self-service pu\u00f2 essere stabilito un format.","robots":{"index":"index","follow":"follow","max-snippet":"max-snippet:-1","max-image-preview":"max-image-preview:large","max-video-preview":"max-video-preview:-1"},"canonical":"https:\/\/www.iobevo.com\/online\/servizi\/freebeverage\/format-varieta-bevande\/","og_locale":"it_IT","og_type":"article","og_title":"Il format e la variet\u00e0 di bevande del servizio freebeverage\u00ae","og_description":"Con il servizio freebeverage \u00e8 possibile utilizzare diversi format e variet\u00e0 di bevande. Per ogni distributore self-service pu\u00f2 essere stabilito un format.","og_url":"https:\/\/www.iobevo.com\/online\/servizi\/freebeverage\/format-varieta-bevande\/","og_site_name":"io bevo\u00ae","article_modified_time":"2018-02-06T16:53:25+00:00","twitter_card":"summary_large_image","twitter_image":"http:\/\/iobevo.com\/online\/wp-content\/uploads\/2014\/01\/mediterraneo_distributore.jpg","twitter_site":"@IoBevo","twitter_misc":{"Tempo di lettura stimato":"2 minuti"},"schema":{"@context":"https:\/\/schema.org","@graph":[{"@type":"WebPage","@id":"https:\/\/www.iobevo.com\/online\/servizi\/freebeverage\/format-varieta-bevande\/","url":"https:\/\/www.iobevo.com\/online\/servizi\/freebeverage\/format-varieta-bevande\/","name":"Il format e la variet\u00e0 di bevande del servizio freebeverage\u00ae","isPartOf":{"@id":"https:\/\/www.iobevo.com\/online\/#website"},"primaryImageOfPage":{"@id":"https:\/\/www.iobevo.com\/online\/servizi\/freebeverage\/format-varieta-bevande\/#primaryimage"},"image":{"@id":"https:\/\/www.iobevo.com\/online\/servizi\/freebeverage\/format-varieta-bevande\/#primaryimage"},"thumbnailUrl":"https:\/\/www.iobevo.com\/online\/wp-content\/uploads\/2014\/01\/slide-2-bg-e1400667726929.png","datePublished":"2014-05-09T18:37:26+00:00","dateModified":"2018-02-06T16:53:25+00:00","description":"Con il servizio freebeverage \u00e8 possibile utilizzare diversi format e variet\u00e0 di bevande. Per ogni distributore self-service pu\u00f2 essere stabilito un format.","breadcrumb":{"@id":"https:\/\/www.iobevo.com\/online\/servizi\/freebeverage\/format-varieta-bevande\/#breadcrumb"},"inLanguage":"it-IT","potentialAction":[{"@type":"ReadAction","target":["https:\/\/www.iobevo.com\/online\/servizi\/freebeverage\/format-varieta-bevande\/"]}]},{"@type":"ImageObject","inLanguage":"it-IT","@id":"https:\/\/www.iobevo.com\/online\/servizi\/freebeverage\/format-varieta-bevande\/#primaryimage","url":"https:\/\/www.iobevo.com\/online\/wp-content\/uploads\/2014\/01\/slide-2-bg-e1400667726929.png","contentUrl":"https:\/\/www.iobevo.com\/online\/wp-content\/uploads\/2014\/01\/slide-2-bg-e1400667726929.png","width":1512,"height":400},{"@type":"BreadcrumbList","@id":"https:\/\/www.iobevo.com\/online\/servizi\/freebeverage\/format-varieta-bevande\/#breadcrumb","itemListElement":[{"@type":"ListItem","position":1,"name":"Servizi","item":"https:\/\/www.iobevo.com\/online\/servizi\/"},{"@type":"ListItem","position":2,"name":"freebeverage\u00ae","item":"https:\/\/www.iobevo.com\/online\/servizi\/freebeverage\/"},{"@type":"ListItem","position":3,"name":"Format e variet\u00e0 bevande"}]},{"@type":"WebSite","@id":"https:\/\/www.iobevo.com\/online\/#website","url":"https:\/\/www.iobevo.com\/online\/","name":"io bevo\u00ae","description":"Drink Plastic free","publisher":{"@id":"https:\/\/www.iobevo.com\/online\/#organization"},"potentialAction":[{"@type":"SearchAction","target":{"@type":"EntryPoint","urlTemplate":"https:\/\/www.iobevo.com\/online\/?s={search_term_string}"},"query-input":{"@type":"PropertyValueSpecification","valueRequired":true,"valueName":"search_term_string"}}],"inLanguage":"it-IT"},{"@type":"Organization","@id":"https:\/\/www.iobevo.com\/online\/#organization","name":"General Beverage","url":"https:\/\/www.iobevo.com\/online\/","logo":{"@type":"ImageObject","inLanguage":"it-IT","@id":"https:\/\/www.iobevo.com\/online\/#\/schema\/logo\/image\/","url":"https:\/\/www.iobevo.com\/online\/wp-content\/uploads\/2014\/01\/logo_gb_horizontal_grey_160x47.png","contentUrl":"https:\/\/www.iobevo.com\/online\/wp-content\/uploads\/2014\/01\/logo_gb_horizontal_grey_160x47.png","width":160,"height":47,"caption":"General Beverage"},"image":{"@id":"https:\/\/www.iobevo.com\/online\/#\/schema\/logo\/image\/"},"sameAs":["https:\/\/x.com\/IoBevo"]}]}},"_links":{"self":[{"href":"https:\/\/www.iobevo.com\/online\/wp-json\/wp\/v2\/pages\/4204","targetHints":{"allow":["GET"]}}],"collection":[{"href":"https:\/\/www.iobevo.com\/online\/wp-json\/wp\/v2\/pages"}],"about":[{"href":"https:\/\/www.iobevo.com\/online\/wp-json\/wp\/v2\/types\/page"}],"author":[{"embeddable":true,"href":"https:\/\/www.iobevo.com\/online\/wp-json\/wp\/v2\/users\/84"}],"replies":[{"embeddable":true,"href":"https:\/\/www.iobevo.com\/online\/wp-json\/wp\/v2\/comments?post=4204"}],"version-history":[{"count":0,"href":"https:\/\/www.iobevo.com\/online\/wp-json\/wp\/v2\/pages\/4204\/revisions"}],"up":[{"embeddable":true,"href":"https:\/\/www.iobevo.com\/online\/wp-json\/wp\/v2\/pages\/6562"}],"wp:featuredmedia":[{"embeddable":true,"href":"https:\/\/www.iobevo.com\/online\/wp-json\/wp\/v2\/media\/2831"}],"wp:attachment":[{"href":"https:\/\/www.iobevo.com\/online\/wp-json\/wp\/v2\/media?parent=4204"}],"curies":[{"name":"wp","href":"https:\/\/api.w.org\/{rel}","templated":true}]}}