{"id":4210,"date":"2014-05-09T18:47:38","date_gmt":"2014-05-09T18:47:38","guid":{"rendered":"http:\/\/iobevo.com\/online\/?page_id=4210"},"modified":"2017-05-06T17:20:45","modified_gmt":"2017-05-06T15:20:45","slug":"servizio-freebeverage-bicchiereconsumo-libero","status":"publish","type":"page","link":"https:\/\/www.iobevo.com\/online\/servizi\/freebeverage\/servizio-freebeverage-bicchiereconsumo-libero\/","title":{"rendered":"Servizio freebeverage a bicchiere\/consumo libero"},"content":{"rendered":"<p>Un&#8217;ulteriore modalit\u00e0 di applicazione del sistema <span class=\"mark2\">freebeverage<\/span><span class=\"mark3\">\u00ae<\/span> \u00e8 quella del <strong>bicchiere\/libero consumo<\/strong>, ideato e realizzato da General Beverage soprattutto per i locali in cui sia attivo, oltre alla distribuzione dei pasti self-service con consumazione al tavolo, anche un servizio bar, come presso lunch bar e pizzerie al taglio.<\/p>\n<p>General Beverage fornisce un bicchiere in materiale compostabile, caratterizzato con messaggi ambientali, a un costo fisso comprensivo di tutte le bevande a libero consumo. Il bicchiere\/consumo libero potr\u00e0 quindi essere posto in vendita a un costo che comprende la possibilit\u00e0 di riuso e prelievo illimitato di bevande.<\/p>\n<p><span class=\"responsive\"><img fetchpriority=\"high\" decoding=\"async\" class=\"aligncenter wp-image-4197 \" src=\"http:\/\/iobevo.com\/online\/wp-content\/uploads\/2014\/01\/FOTO-17C-13674240-un-bicchiere-di-succo-d-39-arancia-che-si-terra-da-una-giovane-donna-su-uno-sfondo-bianco-e1399731781735.jpg\" alt=\"servizio freebeverage consumo libero\" width=\"460\" height=\"483\" srcset=\"https:\/\/www.iobevo.com\/online\/wp-content\/uploads\/2014\/01\/FOTO-17C-13674240-un-bicchiere-di-succo-d-39-arancia-che-si-terra-da-una-giovane-donna-su-uno-sfondo-bianco-e1399731781735.jpg 698w, https:\/\/www.iobevo.com\/online\/wp-content\/uploads\/2014\/01\/FOTO-17C-13674240-un-bicchiere-di-succo-d-39-arancia-che-si-terra-da-una-giovane-donna-su-uno-sfondo-bianco-e1399731781735-286x300.jpg 286w\" sizes=\"(max-width: 460px) 100vw, 460px\" \/><\/span><\/p>\n<p>Il cliente usufruir\u00e0 del servizio a libero consumo presso le <strong>isole <span class=\"mark2\">freebeverage<\/span><\/strong><span class=\"mark3\">\u00ae<\/span>, posizionate in prossimit\u00e0 del banco bar, ma rivolte al pubblico per il prelievo self service.<\/p>\n<p>Anche in questo caso i format di bevande possono essere personalizzati a seconda dei contesti specifici e del target di clientela. Oltre che come voce di listino a s\u00e9 stante, il bicchiere consumo\/libero potr\u00e0 essere inserito all\u2019interno di men\u00f9 (ad esempio, men\u00f9 pizza, men\u00f9 panino, men\u00f9 primo, etc.).<\/p>\n<p>In tal modo il vostro locale, a fronte di un costo certo e fisso, potr\u00e0 offrire ai clienti il libero consumo, migliorando il servizio e attraendo nuove fasce di pubblico.<\/p>\n<p>Con il servizio <span class=\"mark2\">freebeverage<\/span><span class=\"mark3\">\u00ae<\/span> sar\u00e0 possibile scrivere anche all\u2019esterno del tuo locale:<\/p>\n<p><strong>ENTRA E BEVI QUANTO VUOI!<\/strong><\/p>\n","protected":false},"excerpt":{"rendered":"<p>Un&#8217;ulteriore modalit\u00e0 di applicazione del sistema freebeverage\u00ae \u00e8 quella del bicchiere\/libero consumo, ideato e realizzato da General Beverage soprattutto per i locali in cui sia attivo, oltre alla distribuzione dei pasti self-service con consumazione al tavolo, anche un servizio bar, come presso lunch bar e pizzerie al taglio. General Beverage [&hellip;]<\/p>\n","protected":false},"author":84,"featured_media":2831,"parent":6562,"menu_order":0,"comment_status":"open","ping_status":"closed","template":"","meta":{"footnotes":""},"class_list":["post-4210","page","type-page","status-publish","has-post-thumbnail","hentry"],"yoast_head":"<!-- This site is optimized with the Yoast SEO plugin v27.4 - https:\/\/yoast.com\/product\/yoast-seo-wordpress\/ -->\n<title>Freebeverage per il consumo libero e illimitato di bevande<\/title>\n<meta name=\"description\" content=\"Con il servizio Freebeverage a bicchiere libero, io bevo\u00ae offre distributori self-service in comodato gratuito per il consumo libero e illimitato di bevande\" \/>\n<meta name=\"robots\" content=\"index, follow, max-snippet:-1, max-image-preview:large, max-video-preview:-1\" \/>\n<link rel=\"canonical\" href=\"https:\/\/www.iobevo.com\/online\/servizi\/freebeverage\/servizio-freebeverage-bicchiereconsumo-libero\/\" \/>\n<meta property=\"og:locale\" content=\"it_IT\" \/>\n<meta property=\"og:type\" content=\"article\" \/>\n<meta property=\"og:title\" content=\"Freebeverage per il consumo libero e illimitato di bevande\" \/>\n<meta property=\"og:description\" content=\"Con il servizio Freebeverage a bicchiere libero, io bevo\u00ae offre distributori self-service in comodato gratuito per il consumo libero e illimitato di bevande\" \/>\n<meta property=\"og:url\" content=\"https:\/\/www.iobevo.com\/online\/servizi\/freebeverage\/servizio-freebeverage-bicchiereconsumo-libero\/\" \/>\n<meta property=\"og:site_name\" content=\"io bevo\u00ae\" \/>\n<meta property=\"article:modified_time\" content=\"2017-05-06T15:20:45+00:00\" \/>\n<meta name=\"twitter:card\" content=\"summary_large_image\" \/>\n<meta name=\"twitter:image\" content=\"http:\/\/iobevo.com\/online\/wp-content\/uploads\/2014\/01\/FOTO-17C-13674240-un-bicchiere-di-succo-d-39-arancia-che-si-terra-da-una-giovane-donna-su-uno-sfondo-bianco-e1399731781735.jpg\" \/>\n<meta name=\"twitter:site\" content=\"@IoBevo\" \/>\n<meta name=\"twitter:label1\" content=\"Tempo di lettura stimato\" \/>\n\t<meta name=\"twitter:data1\" content=\"1 minuto\" \/>\n<script type=\"application\/ld+json\" class=\"yoast-schema-graph\">{\"@context\":\"https:\\\/\\\/schema.org\",\"@graph\":[{\"@type\":\"WebPage\",\"@id\":\"https:\\\/\\\/www.iobevo.com\\\/online\\\/servizi\\\/freebeverage\\\/servizio-freebeverage-bicchiereconsumo-libero\\\/\",\"url\":\"https:\\\/\\\/www.iobevo.com\\\/online\\\/servizi\\\/freebeverage\\\/servizio-freebeverage-bicchiereconsumo-libero\\\/\",\"name\":\"Freebeverage per il consumo libero e illimitato di bevande\",\"isPartOf\":{\"@id\":\"https:\\\/\\\/www.iobevo.com\\\/online\\\/#website\"},\"primaryImageOfPage\":{\"@id\":\"https:\\\/\\\/www.iobevo.com\\\/online\\\/servizi\\\/freebeverage\\\/servizio-freebeverage-bicchiereconsumo-libero\\\/#primaryimage\"},\"image\":{\"@id\":\"https:\\\/\\\/www.iobevo.com\\\/online\\\/servizi\\\/freebeverage\\\/servizio-freebeverage-bicchiereconsumo-libero\\\/#primaryimage\"},\"thumbnailUrl\":\"https:\\\/\\\/www.iobevo.com\\\/online\\\/wp-content\\\/uploads\\\/2014\\\/01\\\/slide-2-bg-e1400667726929.png\",\"datePublished\":\"2014-05-09T18:47:38+00:00\",\"dateModified\":\"2017-05-06T15:20:45+00:00\",\"description\":\"Con il servizio Freebeverage a bicchiere libero, io bevo\u00ae offre distributori self-service in comodato gratuito per il consumo libero e illimitato di bevande\",\"breadcrumb\":{\"@id\":\"https:\\\/\\\/www.iobevo.com\\\/online\\\/servizi\\\/freebeverage\\\/servizio-freebeverage-bicchiereconsumo-libero\\\/#breadcrumb\"},\"inLanguage\":\"it-IT\",\"potentialAction\":[{\"@type\":\"ReadAction\",\"target\":[\"https:\\\/\\\/www.iobevo.com\\\/online\\\/servizi\\\/freebeverage\\\/servizio-freebeverage-bicchiereconsumo-libero\\\/\"]}]},{\"@type\":\"ImageObject\",\"inLanguage\":\"it-IT\",\"@id\":\"https:\\\/\\\/www.iobevo.com\\\/online\\\/servizi\\\/freebeverage\\\/servizio-freebeverage-bicchiereconsumo-libero\\\/#primaryimage\",\"url\":\"https:\\\/\\\/www.iobevo.com\\\/online\\\/wp-content\\\/uploads\\\/2014\\\/01\\\/slide-2-bg-e1400667726929.png\",\"contentUrl\":\"https:\\\/\\\/www.iobevo.com\\\/online\\\/wp-content\\\/uploads\\\/2014\\\/01\\\/slide-2-bg-e1400667726929.png\",\"width\":1512,\"height\":400},{\"@type\":\"BreadcrumbList\",\"@id\":\"https:\\\/\\\/www.iobevo.com\\\/online\\\/servizi\\\/freebeverage\\\/servizio-freebeverage-bicchiereconsumo-libero\\\/#breadcrumb\",\"itemListElement\":[{\"@type\":\"ListItem\",\"position\":1,\"name\":\"Servizi\",\"item\":\"https:\\\/\\\/www.iobevo.com\\\/online\\\/servizi\\\/\"},{\"@type\":\"ListItem\",\"position\":2,\"name\":\"freebeverage\u00ae\",\"item\":\"https:\\\/\\\/www.iobevo.com\\\/online\\\/servizi\\\/freebeverage\\\/\"},{\"@type\":\"ListItem\",\"position\":3,\"name\":\"Servizio freebeverage a bicchiere\\\/consumo libero\"}]},{\"@type\":\"WebSite\",\"@id\":\"https:\\\/\\\/www.iobevo.com\\\/online\\\/#website\",\"url\":\"https:\\\/\\\/www.iobevo.com\\\/online\\\/\",\"name\":\"io bevo\u00ae\",\"description\":\"Drink Plastic free\",\"publisher\":{\"@id\":\"https:\\\/\\\/www.iobevo.com\\\/online\\\/#organization\"},\"potentialAction\":[{\"@type\":\"SearchAction\",\"target\":{\"@type\":\"EntryPoint\",\"urlTemplate\":\"https:\\\/\\\/www.iobevo.com\\\/online\\\/?s={search_term_string}\"},\"query-input\":{\"@type\":\"PropertyValueSpecification\",\"valueRequired\":true,\"valueName\":\"search_term_string\"}}],\"inLanguage\":\"it-IT\"},{\"@type\":\"Organization\",\"@id\":\"https:\\\/\\\/www.iobevo.com\\\/online\\\/#organization\",\"name\":\"General Beverage\",\"url\":\"https:\\\/\\\/www.iobevo.com\\\/online\\\/\",\"logo\":{\"@type\":\"ImageObject\",\"inLanguage\":\"it-IT\",\"@id\":\"https:\\\/\\\/www.iobevo.com\\\/online\\\/#\\\/schema\\\/logo\\\/image\\\/\",\"url\":\"https:\\\/\\\/www.iobevo.com\\\/online\\\/wp-content\\\/uploads\\\/2014\\\/01\\\/logo_gb_horizontal_grey_160x47.png\",\"contentUrl\":\"https:\\\/\\\/www.iobevo.com\\\/online\\\/wp-content\\\/uploads\\\/2014\\\/01\\\/logo_gb_horizontal_grey_160x47.png\",\"width\":160,\"height\":47,\"caption\":\"General Beverage\"},\"image\":{\"@id\":\"https:\\\/\\\/www.iobevo.com\\\/online\\\/#\\\/schema\\\/logo\\\/image\\\/\"},\"sameAs\":[\"https:\\\/\\\/x.com\\\/IoBevo\"]}]}<\/script>\n<!-- \/ Yoast SEO plugin. -->","yoast_head_json":{"title":"Freebeverage per il consumo libero e illimitato di bevande","description":"Con il servizio Freebeverage a bicchiere libero, io bevo\u00ae offre distributori self-service in comodato gratuito per il consumo libero e illimitato di bevande","robots":{"index":"index","follow":"follow","max-snippet":"max-snippet:-1","max-image-preview":"max-image-preview:large","max-video-preview":"max-video-preview:-1"},"canonical":"https:\/\/www.iobevo.com\/online\/servizi\/freebeverage\/servizio-freebeverage-bicchiereconsumo-libero\/","og_locale":"it_IT","og_type":"article","og_title":"Freebeverage per il consumo libero e illimitato di bevande","og_description":"Con il servizio Freebeverage a bicchiere libero, io bevo\u00ae offre distributori self-service in comodato gratuito per il consumo libero e illimitato di bevande","og_url":"https:\/\/www.iobevo.com\/online\/servizi\/freebeverage\/servizio-freebeverage-bicchiereconsumo-libero\/","og_site_name":"io bevo\u00ae","article_modified_time":"2017-05-06T15:20:45+00:00","twitter_card":"summary_large_image","twitter_image":"http:\/\/iobevo.com\/online\/wp-content\/uploads\/2014\/01\/FOTO-17C-13674240-un-bicchiere-di-succo-d-39-arancia-che-si-terra-da-una-giovane-donna-su-uno-sfondo-bianco-e1399731781735.jpg","twitter_site":"@IoBevo","twitter_misc":{"Tempo di lettura stimato":"1 minuto"},"schema":{"@context":"https:\/\/schema.org","@graph":[{"@type":"WebPage","@id":"https:\/\/www.iobevo.com\/online\/servizi\/freebeverage\/servizio-freebeverage-bicchiereconsumo-libero\/","url":"https:\/\/www.iobevo.com\/online\/servizi\/freebeverage\/servizio-freebeverage-bicchiereconsumo-libero\/","name":"Freebeverage per il consumo libero e illimitato di bevande","isPartOf":{"@id":"https:\/\/www.iobevo.com\/online\/#website"},"primaryImageOfPage":{"@id":"https:\/\/www.iobevo.com\/online\/servizi\/freebeverage\/servizio-freebeverage-bicchiereconsumo-libero\/#primaryimage"},"image":{"@id":"https:\/\/www.iobevo.com\/online\/servizi\/freebeverage\/servizio-freebeverage-bicchiereconsumo-libero\/#primaryimage"},"thumbnailUrl":"https:\/\/www.iobevo.com\/online\/wp-content\/uploads\/2014\/01\/slide-2-bg-e1400667726929.png","datePublished":"2014-05-09T18:47:38+00:00","dateModified":"2017-05-06T15:20:45+00:00","description":"Con il servizio Freebeverage a bicchiere libero, io bevo\u00ae offre distributori self-service in comodato gratuito per il consumo libero e illimitato di bevande","breadcrumb":{"@id":"https:\/\/www.iobevo.com\/online\/servizi\/freebeverage\/servizio-freebeverage-bicchiereconsumo-libero\/#breadcrumb"},"inLanguage":"it-IT","potentialAction":[{"@type":"ReadAction","target":["https:\/\/www.iobevo.com\/online\/servizi\/freebeverage\/servizio-freebeverage-bicchiereconsumo-libero\/"]}]},{"@type":"ImageObject","inLanguage":"it-IT","@id":"https:\/\/www.iobevo.com\/online\/servizi\/freebeverage\/servizio-freebeverage-bicchiereconsumo-libero\/#primaryimage","url":"https:\/\/www.iobevo.com\/online\/wp-content\/uploads\/2014\/01\/slide-2-bg-e1400667726929.png","contentUrl":"https:\/\/www.iobevo.com\/online\/wp-content\/uploads\/2014\/01\/slide-2-bg-e1400667726929.png","width":1512,"height":400},{"@type":"BreadcrumbList","@id":"https:\/\/www.iobevo.com\/online\/servizi\/freebeverage\/servizio-freebeverage-bicchiereconsumo-libero\/#breadcrumb","itemListElement":[{"@type":"ListItem","position":1,"name":"Servizi","item":"https:\/\/www.iobevo.com\/online\/servizi\/"},{"@type":"ListItem","position":2,"name":"freebeverage\u00ae","item":"https:\/\/www.iobevo.com\/online\/servizi\/freebeverage\/"},{"@type":"ListItem","position":3,"name":"Servizio freebeverage a bicchiere\/consumo libero"}]},{"@type":"WebSite","@id":"https:\/\/www.iobevo.com\/online\/#website","url":"https:\/\/www.iobevo.com\/online\/","name":"io bevo\u00ae","description":"Drink Plastic free","publisher":{"@id":"https:\/\/www.iobevo.com\/online\/#organization"},"potentialAction":[{"@type":"SearchAction","target":{"@type":"EntryPoint","urlTemplate":"https:\/\/www.iobevo.com\/online\/?s={search_term_string}"},"query-input":{"@type":"PropertyValueSpecification","valueRequired":true,"valueName":"search_term_string"}}],"inLanguage":"it-IT"},{"@type":"Organization","@id":"https:\/\/www.iobevo.com\/online\/#organization","name":"General Beverage","url":"https:\/\/www.iobevo.com\/online\/","logo":{"@type":"ImageObject","inLanguage":"it-IT","@id":"https:\/\/www.iobevo.com\/online\/#\/schema\/logo\/image\/","url":"https:\/\/www.iobevo.com\/online\/wp-content\/uploads\/2014\/01\/logo_gb_horizontal_grey_160x47.png","contentUrl":"https:\/\/www.iobevo.com\/online\/wp-content\/uploads\/2014\/01\/logo_gb_horizontal_grey_160x47.png","width":160,"height":47,"caption":"General Beverage"},"image":{"@id":"https:\/\/www.iobevo.com\/online\/#\/schema\/logo\/image\/"},"sameAs":["https:\/\/x.com\/IoBevo"]}]}},"_links":{"self":[{"href":"https:\/\/www.iobevo.com\/online\/wp-json\/wp\/v2\/pages\/4210","targetHints":{"allow":["GET"]}}],"collection":[{"href":"https:\/\/www.iobevo.com\/online\/wp-json\/wp\/v2\/pages"}],"about":[{"href":"https:\/\/www.iobevo.com\/online\/wp-json\/wp\/v2\/types\/page"}],"author":[{"embeddable":true,"href":"https:\/\/www.iobevo.com\/online\/wp-json\/wp\/v2\/users\/84"}],"replies":[{"embeddable":true,"href":"https:\/\/www.iobevo.com\/online\/wp-json\/wp\/v2\/comments?post=4210"}],"version-history":[{"count":0,"href":"https:\/\/www.iobevo.com\/online\/wp-json\/wp\/v2\/pages\/4210\/revisions"}],"up":[{"embeddable":true,"href":"https:\/\/www.iobevo.com\/online\/wp-json\/wp\/v2\/pages\/6562"}],"wp:featuredmedia":[{"embeddable":true,"href":"https:\/\/www.iobevo.com\/online\/wp-json\/wp\/v2\/media\/2831"}],"wp:attachment":[{"href":"https:\/\/www.iobevo.com\/online\/wp-json\/wp\/v2\/media?parent=4210"}],"curies":[{"name":"wp","href":"https:\/\/api.w.org\/{rel}","templated":true}]}}