{"id":4234,"date":"2014-05-09T20:40:49","date_gmt":"2014-05-09T20:40:49","guid":{"rendered":"http:\/\/iobevo.com\/online\/?page_id=4234"},"modified":"2017-12-17T22:41:56","modified_gmt":"2017-12-17T20:41:56","slug":"ti-sana","status":"publish","type":"page","link":"https:\/\/www.iobevo.com\/online\/servizi\/io-breakfast\/ti-sana\/","title":{"rendered":"Ti Sana"},"content":{"rendered":"<h3>Tisane naturali<\/h3>\n<p><span class=\"responsive\"><img fetchpriority=\"high\" decoding=\"async\" class=\"aligncenter wp-image-4184 size-full\" title=\"Ti Sana\" src=\"https:\/\/www.iobevo.com\/online\/wp-content\/uploads\/2014\/01\/Fotolia_36464772_S.jpg\" alt=\"Ti Sana\" width=\"756\" height=\"635\" srcset=\"https:\/\/www.iobevo.com\/online\/wp-content\/uploads\/2014\/01\/Fotolia_36464772_S.jpg 756w, https:\/\/www.iobevo.com\/online\/wp-content\/uploads\/2014\/01\/Fotolia_36464772_S-300x251.jpg 300w\" sizes=\"(max-width: 756px) 100vw, 756px\" \/><\/span><\/p>\n<div class=\"gap\" style=\"height: 30px;\"><\/div>\n<p>Il servizio <span class=\"mark2\">Ti Sana<\/span>, particolarmente interessante per \u00a0<a title=\"Alberghi\" href=\"http:\/\/iobevo.com\/online\/?page_id=2634\">hotel<\/a> dotati di SPA e <a title=\"Centri benessere\" href=\"http:\/\/iobevo.com\/online\/?page_id=2989\">centri benessere<\/a>, consiste nella <strong>distribuzione di tisane<\/strong>, ottenute da <strong>estratti vegetali<\/strong> di piante officinali miscelati grazie ad appositi <u>distributori<\/u> self service. L\u2019utilizzo di materie prime di qualit\u00e0 e il procedimento di preparazione istantanea garantiscono le migliori propriet\u00e0 e le caratteristiche organolettiche delle erbe selezionate.<\/p>\n<p>Le nostre tisane sono caratterizzate dall\u2019assenza di contenuto calorico grazie all\u2019utilizzo di Stevia Rebaudiana, dolcificante naturale vegetale. Ogni tisana \u00e8 frutto della combinazione di erbe finalizzata a specifiche propriet\u00e0: depurativa, digestiva, relax, vitalit\u00e0, equilibrio. Il servizio trova applicazione in vari ambiti tra i quali: <a title=\"Centri benessere\" href=\"http:\/\/iobevo.com\/online\/?page_id=2989\">centri benessere<\/a>, <a title=\"Ambienti di lavoro\" href=\"http:\/\/iobevo.com\/online\/?page_id=2636\">uffici<\/a>, <a title=\"Alberghi\" href=\"http:\/\/iobevo.com\/online\/?page_id=2634\">alberghi<\/a> e in generale in tutti i contesti di <a title=\"Locali commerciali\" href=\"http:\/\/iobevo.com\/online\/?page_id=2649\">ristorazione<\/a> sensibile ai valori nutrizionali e salutistici.<\/p>\n<div class=\"gap\" style=\"height: 30px;\"><\/div>\n<div class=\"one_half\"><h3 class=\"title\"><span>Prodotti<\/span><\/h3><div class=\"latest-portfolio negative-wrap\"><div class=\"portfolio-item four columns\"><div class=\"portfolio-it\">\n\t\t\t\t  \t\t<a href=\"https:\/\/www.iobevo.com\/online\/portfolio-item\/tisane-ti-sana\/\" title=\"Tisane Ti Sana\"><span class=\"portfolio-pic\"><img decoding=\"async\" src=\"https:\/\/www.iobevo.com\/online\/wp-content\/uploads\/2014\/04\/tisana1-460x300.jpg\" \/><div class=\"portfolio-overlay\"><span class=\"overlay-link\"><\/span><\/div><\/span><\/a>\n\t\t\t\t  \t\t<a href=\"https:\/\/www.iobevo.com\/online\/portfolio-item\/tisane-ti-sana\/\" title=\"Tisane Ti Sana\" class=\"portfolio-title\"><h4>Tisane Ti Sana<\/h4><span>Solubili per tisane naturali<\/span><\/a>\n\t\t\t\t  \t<\/div><\/div><\/div><div class=\"clear\"><\/div><\/div>\n<div class=\"one_half last\"><h3 class=\"title\"><span>Distributori<\/span><\/h3><div class=\"latest-portfolio negative-wrap\"><div class=\"portfolio-item four columns\"><div class=\"portfolio-it\">\n\t\t\t\t  \t\t<a href=\"https:\/\/www.iobevo.com\/online\/portfolio-item\/asia-ti-sana\/\" title=\"Asia Ti Sana\"><span class=\"portfolio-pic\"><img decoding=\"async\" src=\"https:\/\/www.iobevo.com\/online\/wp-content\/uploads\/2014\/04\/asia-ti-sana.jpg\" \/><div class=\"portfolio-overlay\"><span class=\"overlay-link\"><\/span><\/div><\/span><\/a>\n\t\t\t\t  \t\t<a href=\"https:\/\/www.iobevo.com\/online\/portfolio-item\/asia-ti-sana\/\" title=\"Asia Ti Sana\" class=\"portfolio-title\"><h4>Asia Ti Sana<\/h4><span>Per tisane naturali<\/span><\/a>\n\t\t\t\t  \t<\/div><\/div><\/div><div class=\"clear\"><\/div><\/div>\n<div class=\"clear\"><\/div>\n","protected":false},"excerpt":{"rendered":"<p>Tisane naturali Il servizio Ti Sana, particolarmente interessante per \u00a0hotel dotati di SPA e centri benessere, consiste nella distribuzione di tisane, ottenute da estratti vegetali di piante officinali miscelati grazie ad appositi distributori self service. L\u2019utilizzo di materie prime di qualit\u00e0 e il procedimento di preparazione istantanea garantiscono le migliori [&hellip;]<\/p>\n","protected":false},"author":84,"featured_media":2831,"parent":43,"menu_order":0,"comment_status":"open","ping_status":"closed","template":"","meta":{"footnotes":""},"class_list":["post-4234","page","type-page","status-publish","has-post-thumbnail","hentry"],"yoast_head":"<!-- This site is optimized with the Yoast SEO plugin v27.4 - https:\/\/yoast.com\/product\/yoast-seo-wordpress\/ -->\n<title>Ti Sana | Tisane naturali in hotel e centri benessere<\/title>\n<meta name=\"description\" content=\"Ti Sana \u00e9 il servizio di distribuzione di tisane, ottenute da estratti vegetali di piante officinali, miscelati grazie ad appositi distributori self service\" \/>\n<meta name=\"robots\" content=\"index, follow, max-snippet:-1, max-image-preview:large, max-video-preview:-1\" \/>\n<link rel=\"canonical\" href=\"https:\/\/www.iobevo.com\/online\/servizi\/io-breakfast\/ti-sana\/\" \/>\n<meta property=\"og:locale\" content=\"it_IT\" \/>\n<meta property=\"og:type\" content=\"article\" \/>\n<meta property=\"og:title\" content=\"Ti Sana | Tisane naturali in hotel e centri benessere\" \/>\n<meta property=\"og:description\" content=\"Ti Sana \u00e9 il servizio di distribuzione di tisane, ottenute da estratti vegetali di piante officinali, miscelati grazie ad appositi distributori self service\" \/>\n<meta property=\"og:url\" content=\"https:\/\/www.iobevo.com\/online\/servizi\/io-breakfast\/ti-sana\/\" \/>\n<meta property=\"og:site_name\" content=\"io bevo\u00ae\" \/>\n<meta property=\"article:modified_time\" content=\"2017-12-17T20:41:56+00:00\" \/>\n<meta property=\"og:image\" content=\"https:\/\/www.iobevo.com\/online\/wp-content\/uploads\/2014\/04\/tisana1.jpg\" \/>\n\t<meta property=\"og:image:width\" content=\"700\" \/>\n\t<meta property=\"og:image:height\" content=\"306\" \/>\n\t<meta property=\"og:image:type\" content=\"image\/jpeg\" \/>\n<meta name=\"twitter:card\" content=\"summary_large_image\" \/>\n<meta name=\"twitter:image\" content=\"http:\/\/www.iobevo.com\/online\/wp-content\/uploads\/2014\/04\/tisana1-300x131.jpg\" \/>\n<meta name=\"twitter:site\" content=\"@IoBevo\" \/>\n<meta name=\"twitter:label1\" content=\"Tempo di lettura stimato\" \/>\n\t<meta name=\"twitter:data1\" content=\"1 minuto\" \/>\n<script type=\"application\/ld+json\" class=\"yoast-schema-graph\">{\"@context\":\"https:\\\/\\\/schema.org\",\"@graph\":[{\"@type\":\"WebPage\",\"@id\":\"https:\\\/\\\/www.iobevo.com\\\/online\\\/servizi\\\/io-breakfast\\\/ti-sana\\\/\",\"url\":\"https:\\\/\\\/www.iobevo.com\\\/online\\\/servizi\\\/io-breakfast\\\/ti-sana\\\/\",\"name\":\"Ti Sana | Tisane naturali in hotel e centri benessere\",\"isPartOf\":{\"@id\":\"https:\\\/\\\/www.iobevo.com\\\/online\\\/#website\"},\"primaryImageOfPage\":{\"@id\":\"https:\\\/\\\/www.iobevo.com\\\/online\\\/servizi\\\/io-breakfast\\\/ti-sana\\\/#primaryimage\"},\"image\":{\"@id\":\"https:\\\/\\\/www.iobevo.com\\\/online\\\/servizi\\\/io-breakfast\\\/ti-sana\\\/#primaryimage\"},\"thumbnailUrl\":\"https:\\\/\\\/www.iobevo.com\\\/online\\\/wp-content\\\/uploads\\\/2014\\\/01\\\/slide-2-bg-e1400667726929.png\",\"datePublished\":\"2014-05-09T20:40:49+00:00\",\"dateModified\":\"2017-12-17T20:41:56+00:00\",\"description\":\"Ti Sana \u00e9 il servizio di distribuzione di tisane, ottenute da estratti vegetali di piante officinali, miscelati grazie ad appositi distributori self service\",\"breadcrumb\":{\"@id\":\"https:\\\/\\\/www.iobevo.com\\\/online\\\/servizi\\\/io-breakfast\\\/ti-sana\\\/#breadcrumb\"},\"inLanguage\":\"it-IT\",\"potentialAction\":[{\"@type\":\"ReadAction\",\"target\":[\"https:\\\/\\\/www.iobevo.com\\\/online\\\/servizi\\\/io-breakfast\\\/ti-sana\\\/\"]}]},{\"@type\":\"ImageObject\",\"inLanguage\":\"it-IT\",\"@id\":\"https:\\\/\\\/www.iobevo.com\\\/online\\\/servizi\\\/io-breakfast\\\/ti-sana\\\/#primaryimage\",\"url\":\"https:\\\/\\\/www.iobevo.com\\\/online\\\/wp-content\\\/uploads\\\/2014\\\/01\\\/slide-2-bg-e1400667726929.png\",\"contentUrl\":\"https:\\\/\\\/www.iobevo.com\\\/online\\\/wp-content\\\/uploads\\\/2014\\\/01\\\/slide-2-bg-e1400667726929.png\",\"width\":1512,\"height\":400},{\"@type\":\"BreadcrumbList\",\"@id\":\"https:\\\/\\\/www.iobevo.com\\\/online\\\/servizi\\\/io-breakfast\\\/ti-sana\\\/#breadcrumb\",\"itemListElement\":[{\"@type\":\"ListItem\",\"position\":1,\"name\":\"Servizi\",\"item\":\"https:\\\/\\\/www.iobevo.com\\\/online\\\/servizi\\\/\"},{\"@type\":\"ListItem\",\"position\":2,\"name\":\"io breakfast\u00ae\",\"item\":\"https:\\\/\\\/www.iobevo.com\\\/online\\\/servizi\\\/io-breakfast\\\/\"},{\"@type\":\"ListItem\",\"position\":3,\"name\":\"Ti Sana\"}]},{\"@type\":\"WebSite\",\"@id\":\"https:\\\/\\\/www.iobevo.com\\\/online\\\/#website\",\"url\":\"https:\\\/\\\/www.iobevo.com\\\/online\\\/\",\"name\":\"io bevo\u00ae\",\"description\":\"Drink Plastic free\",\"publisher\":{\"@id\":\"https:\\\/\\\/www.iobevo.com\\\/online\\\/#organization\"},\"potentialAction\":[{\"@type\":\"SearchAction\",\"target\":{\"@type\":\"EntryPoint\",\"urlTemplate\":\"https:\\\/\\\/www.iobevo.com\\\/online\\\/?s={search_term_string}\"},\"query-input\":{\"@type\":\"PropertyValueSpecification\",\"valueRequired\":true,\"valueName\":\"search_term_string\"}}],\"inLanguage\":\"it-IT\"},{\"@type\":\"Organization\",\"@id\":\"https:\\\/\\\/www.iobevo.com\\\/online\\\/#organization\",\"name\":\"General Beverage\",\"url\":\"https:\\\/\\\/www.iobevo.com\\\/online\\\/\",\"logo\":{\"@type\":\"ImageObject\",\"inLanguage\":\"it-IT\",\"@id\":\"https:\\\/\\\/www.iobevo.com\\\/online\\\/#\\\/schema\\\/logo\\\/image\\\/\",\"url\":\"https:\\\/\\\/www.iobevo.com\\\/online\\\/wp-content\\\/uploads\\\/2014\\\/01\\\/logo_gb_horizontal_grey_160x47.png\",\"contentUrl\":\"https:\\\/\\\/www.iobevo.com\\\/online\\\/wp-content\\\/uploads\\\/2014\\\/01\\\/logo_gb_horizontal_grey_160x47.png\",\"width\":160,\"height\":47,\"caption\":\"General Beverage\"},\"image\":{\"@id\":\"https:\\\/\\\/www.iobevo.com\\\/online\\\/#\\\/schema\\\/logo\\\/image\\\/\"},\"sameAs\":[\"https:\\\/\\\/x.com\\\/IoBevo\"]}]}<\/script>\n<!-- \/ Yoast SEO plugin. -->","yoast_head_json":{"title":"Ti Sana | Tisane naturali in hotel e centri benessere","description":"Ti Sana \u00e9 il servizio di distribuzione di tisane, ottenute da estratti vegetali di piante officinali, miscelati grazie ad appositi distributori self service","robots":{"index":"index","follow":"follow","max-snippet":"max-snippet:-1","max-image-preview":"max-image-preview:large","max-video-preview":"max-video-preview:-1"},"canonical":"https:\/\/www.iobevo.com\/online\/servizi\/io-breakfast\/ti-sana\/","og_locale":"it_IT","og_type":"article","og_title":"Ti Sana | Tisane naturali in hotel e centri benessere","og_description":"Ti Sana \u00e9 il servizio di distribuzione di tisane, ottenute da estratti vegetali di piante officinali, miscelati grazie ad appositi distributori self service","og_url":"https:\/\/www.iobevo.com\/online\/servizi\/io-breakfast\/ti-sana\/","og_site_name":"io bevo\u00ae","article_modified_time":"2017-12-17T20:41:56+00:00","og_image":[{"width":700,"height":306,"url":"https:\/\/www.iobevo.com\/online\/wp-content\/uploads\/2014\/04\/tisana1.jpg","type":"image\/jpeg"}],"twitter_card":"summary_large_image","twitter_image":"http:\/\/www.iobevo.com\/online\/wp-content\/uploads\/2014\/04\/tisana1-300x131.jpg","twitter_site":"@IoBevo","twitter_misc":{"Tempo di lettura stimato":"1 minuto"},"schema":{"@context":"https:\/\/schema.org","@graph":[{"@type":"WebPage","@id":"https:\/\/www.iobevo.com\/online\/servizi\/io-breakfast\/ti-sana\/","url":"https:\/\/www.iobevo.com\/online\/servizi\/io-breakfast\/ti-sana\/","name":"Ti Sana | Tisane naturali in hotel e centri benessere","isPartOf":{"@id":"https:\/\/www.iobevo.com\/online\/#website"},"primaryImageOfPage":{"@id":"https:\/\/www.iobevo.com\/online\/servizi\/io-breakfast\/ti-sana\/#primaryimage"},"image":{"@id":"https:\/\/www.iobevo.com\/online\/servizi\/io-breakfast\/ti-sana\/#primaryimage"},"thumbnailUrl":"https:\/\/www.iobevo.com\/online\/wp-content\/uploads\/2014\/01\/slide-2-bg-e1400667726929.png","datePublished":"2014-05-09T20:40:49+00:00","dateModified":"2017-12-17T20:41:56+00:00","description":"Ti Sana \u00e9 il servizio di distribuzione di tisane, ottenute da estratti vegetali di piante officinali, miscelati grazie ad appositi distributori self service","breadcrumb":{"@id":"https:\/\/www.iobevo.com\/online\/servizi\/io-breakfast\/ti-sana\/#breadcrumb"},"inLanguage":"it-IT","potentialAction":[{"@type":"ReadAction","target":["https:\/\/www.iobevo.com\/online\/servizi\/io-breakfast\/ti-sana\/"]}]},{"@type":"ImageObject","inLanguage":"it-IT","@id":"https:\/\/www.iobevo.com\/online\/servizi\/io-breakfast\/ti-sana\/#primaryimage","url":"https:\/\/www.iobevo.com\/online\/wp-content\/uploads\/2014\/01\/slide-2-bg-e1400667726929.png","contentUrl":"https:\/\/www.iobevo.com\/online\/wp-content\/uploads\/2014\/01\/slide-2-bg-e1400667726929.png","width":1512,"height":400},{"@type":"BreadcrumbList","@id":"https:\/\/www.iobevo.com\/online\/servizi\/io-breakfast\/ti-sana\/#breadcrumb","itemListElement":[{"@type":"ListItem","position":1,"name":"Servizi","item":"https:\/\/www.iobevo.com\/online\/servizi\/"},{"@type":"ListItem","position":2,"name":"io breakfast\u00ae","item":"https:\/\/www.iobevo.com\/online\/servizi\/io-breakfast\/"},{"@type":"ListItem","position":3,"name":"Ti Sana"}]},{"@type":"WebSite","@id":"https:\/\/www.iobevo.com\/online\/#website","url":"https:\/\/www.iobevo.com\/online\/","name":"io bevo\u00ae","description":"Drink Plastic free","publisher":{"@id":"https:\/\/www.iobevo.com\/online\/#organization"},"potentialAction":[{"@type":"SearchAction","target":{"@type":"EntryPoint","urlTemplate":"https:\/\/www.iobevo.com\/online\/?s={search_term_string}"},"query-input":{"@type":"PropertyValueSpecification","valueRequired":true,"valueName":"search_term_string"}}],"inLanguage":"it-IT"},{"@type":"Organization","@id":"https:\/\/www.iobevo.com\/online\/#organization","name":"General Beverage","url":"https:\/\/www.iobevo.com\/online\/","logo":{"@type":"ImageObject","inLanguage":"it-IT","@id":"https:\/\/www.iobevo.com\/online\/#\/schema\/logo\/image\/","url":"https:\/\/www.iobevo.com\/online\/wp-content\/uploads\/2014\/01\/logo_gb_horizontal_grey_160x47.png","contentUrl":"https:\/\/www.iobevo.com\/online\/wp-content\/uploads\/2014\/01\/logo_gb_horizontal_grey_160x47.png","width":160,"height":47,"caption":"General Beverage"},"image":{"@id":"https:\/\/www.iobevo.com\/online\/#\/schema\/logo\/image\/"},"sameAs":["https:\/\/x.com\/IoBevo"]}]}},"_links":{"self":[{"href":"https:\/\/www.iobevo.com\/online\/wp-json\/wp\/v2\/pages\/4234","targetHints":{"allow":["GET"]}}],"collection":[{"href":"https:\/\/www.iobevo.com\/online\/wp-json\/wp\/v2\/pages"}],"about":[{"href":"https:\/\/www.iobevo.com\/online\/wp-json\/wp\/v2\/types\/page"}],"author":[{"embeddable":true,"href":"https:\/\/www.iobevo.com\/online\/wp-json\/wp\/v2\/users\/84"}],"replies":[{"embeddable":true,"href":"https:\/\/www.iobevo.com\/online\/wp-json\/wp\/v2\/comments?post=4234"}],"version-history":[{"count":0,"href":"https:\/\/www.iobevo.com\/online\/wp-json\/wp\/v2\/pages\/4234\/revisions"}],"up":[{"embeddable":true,"href":"https:\/\/www.iobevo.com\/online\/wp-json\/wp\/v2\/pages\/43"}],"wp:featuredmedia":[{"embeddable":true,"href":"https:\/\/www.iobevo.com\/online\/wp-json\/wp\/v2\/media\/2831"}],"wp:attachment":[{"href":"https:\/\/www.iobevo.com\/online\/wp-json\/wp\/v2\/media?parent=4234"}],"curies":[{"name":"wp","href":"https:\/\/api.w.org\/{rel}","templated":true}]}}