{"id":43,"date":"2014-01-20T08:59:43","date_gmt":"2014-01-20T08:59:43","guid":{"rendered":"http:\/\/iobevo.com\/online\/?page_id=43"},"modified":"2017-12-17T22:19:34","modified_gmt":"2017-12-17T20:19:34","slug":"io-breakfast","status":"publish","type":"page","link":"https:\/\/www.iobevo.com\/online\/servizi\/io-breakfast\/","title":{"rendered":"io breakfast\u00ae"},"content":{"rendered":"<div class=\"three_fourth\"><span class=\"mark1\">io<\/span> <span class=\"mark2\">breakfast<\/span><span class=\"mark3\">\u00ae<\/span> Si rivolge alla <strong>ristorazione per il settore turistico<\/strong>, diversificando le proposte, i format e i prodotti a seconda del target e della tipologia di ospitalit\u00e0. \u00c8 una soluzione globale che pu\u00f2 essere realizzata in tutto o in parte a seconda dei contesti, con la possibilit\u00e0 di fornire:\u00a0<a title=\"solubili per bevande calde per la colazione io buono\" href=\"http:\/\/iobevo.com\/online\/?portfolio=solubili-per-bevande-calde-io-buono-per-la-colazione\">bevande calde<\/a> per la colazione, <a title=\"Concentrati per succhi di frutta Io Fresco\" href=\"http:\/\/iobevo.com\/online\/?page_id=2720\">succhi di frutta<\/a>, <a title=\"Caff\u00e8 in grani e macinato\" href=\"http:\/\/iobevo.com\/online\/?page_id=3001\">caff\u00e8 espresso<\/a>, <a title=\"Fresh Brew\" href=\"http:\/\/iobevo.com\/online\/?page_id=4222\">american coffee<\/a>, <a title=\"io pura\" href=\"http:\/\/iobevo.com\/online\/?page_id=61\">acqua microfiltrata<\/a>, <a title=\"io bevo\" href=\"http:\/\/iobevo.com\/online\/?page_id=4231\">bevande analcoliche<\/a>, <strong>birra e vino, mix birra e frutta,\u00a0<\/strong><a title=\"io equo\" href=\"http:\/\/iobevo.com\/online\/?page_id=4228\">bevande per la colazione equo e solidale<\/a>, bevande Bimbo Drink per i piccoli ospiti, marmellate e miele, frozen yogurt, crema di yogurt.<\/p>\n<p>Ogni servizio prevede:\u00a0<strong>installazione dei distributori in comodato<\/strong> (manutenzione compresa),\u00a0fornitura dei preparati, eventuale personalizzazione della comunicazione.<\/p>\n<div class=\"two_third\">\nLa <strong>proposta finale chiavi in mano<\/strong> viene <strong>personalizzata <\/strong>e diversificata in base alle vostre esigenze: velocit\u00e0 nella distribuzione, soluzione self-service o con operatore, disponibilit\u00e0 del caff\u00e8 espresso, bevande all inclusive, soluzione globale per la colazione, il pasto e il bar.\n<\/div>\n<div class=\"one_third last\">\n<div style=\"border-top: 8px solid #b5e61d;\">\n<div class=\"toggle\">\n<div class=\"toggle-title \"><i class='icon-circle-arrow-right'><\/i>DOMANDE? Clicca qui<span><\/span><\/div>\n<div class=\"toggle-inner\">\n<p><p style=\"text-align: center; line-height: 22px;\">Chiamaci al numero<br \/>\n<a href=\"tel:800850900\"><span style=\"font-size: 25px;\">800850900<\/span><\/a><br \/>\no compila il form sottostante<\/p>\n<p class=\"wpcf7-contact-form-not-found\"><strong>Errore:<\/strong> Modulo di contatto non trovato.<\/p>\n<\/div>\n<\/div>\n<\/div>\n<\/div>\n<div class=\"clear\"><\/div>\n<p><span class=\"responsive\"><img fetchpriority=\"high\" decoding=\"async\" class=\"border_radius aligncenter wp-image-2510 size-full\" src=\"http:\/\/www.iobevo.com\/online\/wp-content\/uploads\/2013\/01\/portfolio_io_breakfast.jpg\" alt=\"io breakfast\u00ae\" width=\"600\" height=\"400\" srcset=\"https:\/\/www.iobevo.com\/online\/wp-content\/uploads\/2013\/01\/portfolio_io_breakfast.jpg 600w, https:\/\/www.iobevo.com\/online\/wp-content\/uploads\/2013\/01\/portfolio_io_breakfast-300x200.jpg 300w\" sizes=\"(max-width: 600px) 100vw, 600px\" \/><\/span>\n<\/div>\n<div class=\"one_fourth last\">\n<div class=\"sidebar-on-right\">\n<div id=\"sidebar\" class=\"four columns\">\n<div id=\"pagelistwidget-51\" class=\"widget smk_sidebar_24dek widget_pagelistwidget\">\n<h3 class=\"title\"><span class=\"1\">Settori di mercato<\/span><\/h3>\n<ul style=\"margin-bottom: 20px;\">\n<li><a title=\"Alberghi\" href=\"http:\/\/iobevo.com\/online\/?page_id=2634\">Alberghi<\/a><\/li>\n<li><a title=\"Villaggi turistici\" href=\"http:\/\/iobevo.com\/online\/?page_id=2983\">Villaggi turistici<\/a><\/li>\n<li><a title=\"Catering navale\" href=\"http:\/\/iobevo.com\/online\/?page_id=2986\">Catering navale<\/a><\/li>\n<\/ul>\n<\/div>\n<div id=\"pagelistwidget-51\" class=\"widget smk_sidebar_24dek widget_pagelistwidget\">\n<h3 class=\"title\"><span class=\"1\">Prodotti<\/span><\/h3>\n<ul style=\"margin-bottom: 20px;\">\n<li><a title=\"Solubili per bevande calde Io Buono Bar\" href=\"http:\/\/iobevo.com\/online\/?page_id=3013\">Bevande calde bar<\/a><\/li>\n<li><a title=\"Concentrati per succhi di frutta Io Fresco\" href=\"http:\/\/iobevo.com\/online\/?page_id=2720\">Succhi di frutta io fresco\u00ae<\/a><\/li>\n<li><a title=\"Concentrati e solubili per bevande Fairtrade\" href=\"http:\/\/iobevo.com\/online\/?page_id=2722\">Bevande Fairtrade\u00ae<\/a><\/li>\n<li><a title=\"Caff\u00e8 in grani e macinato\" href=\"http:\/\/iobevo.com\/online\/?page_id=3001\">Caff\u00e8 in grani<\/a><\/li>\n<\/ul>\n<\/div>\n<div id=\"pagelistwidget-51\" class=\"widget smk_sidebar_24dek widget_pagelistwidget\">\n<h3 class=\"title\"><span class=\"1\">Distributori<\/span><\/h3>\n<ul style=\"margin-bottom: 20px;\">\n<li><a title=\"Mediterraneo\" href=\"http:\/\/iobevo.com\/online\/?page_id=3425\">Mediterraneo<\/a><\/li>\n<li><a title=\"New fruttamix\" href=\"http:\/\/iobevo.com\/online\/?page_id=3432\">New Fruttamix<\/a><\/li>\n<li><a title=\"Big5 catering io Buono\" href=\"http:\/\/iobevo.com\/online\/?page_id=3451\">Big5 Catering io buono\u00ae<\/a><\/li>\n<li><a title=\"Korinto io espresso\" href=\"http:\/\/iobevo.com\/online\/?page_id=3471\">Korinto<\/a><\/li>\n<li><a title=\"Krea io espresso\" href=\"http:\/\/iobevo.com\/online\/?page_id=3473\">Krea<\/a><\/li>\n<li><a title=\"\" href=\"http:\/\/iobevo.com\/online\/?page_id=11097\">New Fruttamix Bimbo Drink\u00ae Fruit<\/a><\/li>\n<li><a title=\"Krea io espresso\" href=\"http:\/\/iobevo.com\/online\/?page_id=11094\">Asia Bimbo Drink\u00ae Breakfast<\/a><\/li>\n<li><a title=\"Krea io espresso\" href=\"http:\/\/iobevo.com\/online\/?page_id=11063\">YogoCrema<\/a><\/li>\n<li><a title=\"Krea io espresso\" href=\"http:\/\/iobevo.com\/online\/?page_id=11080\">Dispenser marmellate<\/a><\/li>\n<\/ul>\n<\/div>\n<\/div>\n<\/div>\n<\/div>\n<div class=\"clear\"><\/div>\n<div class=\"hr hr3\" style='margin:20px 0px 20px 0px !important;'><\/div>\n<div class=\"one_fourth\"><span class=\"mark1\">io<\/span> <span class=\"mark2\">buono<\/span><span class=\"mark3\">\u00ae<\/span><\/p>\n<div id=\"attachment_3219\" style=\"width: 190px\" class=\"wp-caption alignnone\"><a href=\"http:\/\/iobevo.com\/online\/?page_id=4215\"><img decoding=\"async\" aria-describedby=\"caption-attachment-3219\" class=\"alignnone\" src=\"http:\/\/iobevo.com\/online\/wp-content\/uploads\/2014\/04\/solubili-per-bevande-bar-150x150.jpg\" alt=\"solubili-per-bevande-iobuono-bar\" width=\"180\" height=\"180\" \/><\/a><p id=\"caption-attachment-3219\" class=\"wp-caption-text\">Bevande calde per la colazione<\/p><\/div>\n<\/div>\n<div class=\"one_fourth\"><span class=\"mark1\">io<\/span> <span class=\"mark2\">espresso<\/span><span class=\"mark3\">\u00ae<\/span><\/p>\n<div id=\"attachment_4166\" style=\"width: 190px\" class=\"wp-caption alignnone\"><a href=\"http:\/\/iobevo.com\/online\/?page_id=4219\"><img decoding=\"async\" aria-describedby=\"caption-attachment-4166\" class=\"alignnone\" src=\"http:\/\/iobevo.com\/online\/wp-content\/uploads\/2014\/01\/FOTO-21B-180x180.jpg\" alt=\"io espresso, caffe espresso\" width=\"180\" height=\"180\" \/><\/a><p id=\"caption-attachment-4166\" class=\"wp-caption-text\">Caff\u00e8 espresso<\/p><\/div>\n<\/div>\n<div class=\"one_fourth\"><span class=\"mark2\">fresh brew<\/span><\/p>\n<div id=\"attachment_4168\" style=\"width: 190px\" class=\"wp-caption alignnone\"><a href=\"http:\/\/iobevo.com\/online\/?page_id=4222\"><img loading=\"lazy\" decoding=\"async\" aria-describedby=\"caption-attachment-4168\" class=\"alignnone\" src=\"http:\/\/iobevo.com\/online\/wp-content\/uploads\/2014\/01\/FOTO-21C-180x180.jpg\" alt=\"fresh brew\" width=\"180\" height=\"180\" \/><\/a><p id=\"caption-attachment-4168\" class=\"wp-caption-text\">Il vero american coffee<\/p><\/div>\n<\/div>\n<div class=\"one_fourth last\"><span class=\"mark1\">io<\/span> <span class=\"mark2\">fresco<\/span><span class=\"mark3\">\u00ae<\/span><\/p>\n<div id=\"attachment_4175\" style=\"width: 190px\" class=\"wp-caption alignnone\"><a href=\"http:\/\/iobevo.com\/online\/?page_id=4225\"><img loading=\"lazy\" decoding=\"async\" aria-describedby=\"caption-attachment-4175\" class=\"alignnone\" src=\"http:\/\/iobevo.com\/online\/wp-content\/uploads\/2014\/01\/FOTO-21D-180x180.jpg\" alt=\"succhi di frutta\" width=\"180\" height=\"180\" \/><\/a><p id=\"caption-attachment-4175\" class=\"wp-caption-text\">Succhi di frutta<\/p><\/div>\n<\/div>\n<div class=\"clear\"><\/div>\n<div class=\"one_fourth\"><span class=\"mark1\">io<\/span> <span class=\"mark2\">pura<\/span><span class=\"mark3\">\u00ae<\/span><\/p>\n<div id=\"attachment_4178\" style=\"width: 190px\" class=\"wp-caption alignnone\"><a href=\"http:\/\/iobevo.com\/online\/?page_id=61\"><img loading=\"lazy\" decoding=\"async\" aria-describedby=\"caption-attachment-4178\" class=\"alignnone\" src=\"http:\/\/iobevo.com\/online\/wp-content\/uploads\/2014\/01\/FOTO-21E-180x180.jpg\" alt=\"io pura acqua microfiltrata\" width=\"180\" height=\"180\" \/><\/a><p id=\"caption-attachment-4178\" class=\"wp-caption-text\">Acqua microfiltrata<\/p><\/div>\n<\/div>\n<div class=\"one_fourth\"><span class=\"mark1\">io<\/span> <span class=\"mark2\">bevo<\/span><span class=\"mark3\">\u00ae<\/span><\/p>\n<div id=\"attachment_4180\" style=\"width: 190px\" class=\"wp-caption alignnone\"><a href=\"http:\/\/iobevo.com\/online\/?page_id=4231\"><img loading=\"lazy\" decoding=\"async\" aria-describedby=\"caption-attachment-4180\" class=\"alignnone\" src=\"http:\/\/iobevo.com\/online\/wp-content\/uploads\/2014\/01\/FOTO-21F-180x180.jpg\" alt=\"Bevande analcoliche\" width=\"180\" height=\"180\" \/><\/a><p id=\"caption-attachment-4180\" class=\"wp-caption-text\">Bevande analcoliche<\/p><\/div>\n<\/div>\n<div class=\"one_fourth\"><span class=\"mark1\">io<\/span>\u00a0<span class=\"mark2\">equo<\/span><\/p>\n<div id=\"attachment_4182\" style=\"width: 190px\" class=\"wp-caption alignnone\"><a href=\"http:\/\/iobevo.com\/online\/?page_id=4228\"><img loading=\"lazy\" decoding=\"async\" aria-describedby=\"caption-attachment-4182\" class=\"alignnone\" src=\"http:\/\/iobevo.com\/online\/wp-content\/uploads\/2014\/01\/FOTO-87-logo_Fairtrade_R_bianco-copia-180x180.jpg\" alt=\"La colazione equo e solidale Fairtrade\" width=\"180\" height=\"180\" \/><\/a><p id=\"caption-attachment-4182\" class=\"wp-caption-text\">La colazione equo e solidale<\/p><\/div>\n<\/div>\n<div class=\"one_fourth last\"><span class=\"mark2\">Ti Sana<\/span><\/p>\n<div id=\"attachment_4184\" style=\"width: 190px\" class=\"wp-caption alignnone\"><a href=\"http:\/\/iobevo.com\/online\/?page_id=4234\"><img loading=\"lazy\" decoding=\"async\" aria-describedby=\"caption-attachment-4184\" class=\"alignnone\" src=\"http:\/\/iobevo.com\/online\/wp-content\/uploads\/2014\/01\/Fotolia_36464772_S-180x180.jpg\" alt=\"Tisane naturali\" width=\"180\" height=\"180\" \/><\/a><p id=\"caption-attachment-4184\" class=\"wp-caption-text\">Tisane naturali<\/p><\/div>\n<\/div>\n<div class=\"clear\"><\/div>\n<div class=\"one_fourth\"><span class=\"mark1\">io<\/span> <span class=\"mark2\">bimbo<\/span><span class=\"mark3\">\u00ae<\/span> \/ <span class=\"mark2\">Drink Bimbo<\/span><span class=\"mark3\">\u00ae<\/span><\/p>\n<div id=\"attachment_10935\" style=\"width: 190px\" class=\"wp-caption alignnone\"><a href=\"http:\/\/www.iobevo.com\/online\/servizi\/io-bimbo-bimbo-drink\/\"><img loading=\"lazy\" decoding=\"async\" aria-describedby=\"caption-attachment-10935\" class=\"alignnone\" title=\"io bimbo\u00ae \/ Drink Bimbo\u00ae\" src=\"http:\/\/www.iobevo.com\/online\/wp-content\/uploads\/2017\/02\/FOTO-IO-BIMBO-1001-180x180.jpg\" alt=\"io bimbo\u00ae \/ Drink Bimbo\u00ae\" width=\"180\" height=\"180\" \/><\/a><p id=\"caption-attachment-10935\" class=\"wp-caption-text\">Bevande calde e succhi per i piccoli ospiti<\/p><\/div>\n<\/div>\n<div class=\"one_fourth\"><span class=\"mark1\">io<\/span> <span class=\"mark2\">wellness<\/span><\/p>\n<div style=\"width: 190px\" class=\"wp-caption alignnone\"><a href=\"http:\/\/www.iobevo.com\/online\/servizi\/io-wellness\/\"><img loading=\"lazy\" decoding=\"async\" class=\"alignnone\" title=\"IO WELLNESS\" src=\"http:\/\/www.iobevo.com\/online\/wp-content\/uploads\/2017\/02\/FOTO-IO-WELLNESS-1002-180x180.jpg\" alt=\"IO WELLNESS\" width=\"180\" height=\"180\" \/><\/a><p class=\"wp-caption-text\">Bevande benessere per la colazione<\/p><\/div>\n<\/div>\n<div class=\"one_fourth\"><span class=\"mark2\">Fruit &amp; Beer<\/span><\/p>\n<div style=\"width: 190px\" class=\"wp-caption alignnone\"><a href=\"http:\/\/www.iobevo.com\/online\/servizi\/fruit-beer\/\"><img loading=\"lazy\" decoding=\"async\" class=\"alignnone\" src=\"http:\/\/www.iobevo.com\/online\/wp-content\/uploads\/2017\/02\/FOTO-FRUIT-6-BEER-1003-180x180.jpg\" alt=\"\" width=\"180\" height=\"180\" \/><\/a><p class=\"wp-caption-text\">Mix birra e bevande alla frutta<\/p><\/div>\n<\/div>\n<div class=\"one_fourth last\"><span class=\"mark1\">io<\/span> <span class=\"mark2\">soft<\/span><span class=\"mark3\">\u00ae<\/span><\/p>\n<div style=\"width: 190px\" class=\"wp-caption alignnone\"><a href=\"http:\/\/www.iobevo.com\/online\/servizi\/io-soft\/\"><img loading=\"lazy\" decoding=\"async\" class=\"alignnone\" src=\"http:\/\/www.iobevo.com\/online\/wp-content\/uploads\/2014\/01\/FOTO-IO-SOFT-1004-180x180.jpg\" alt=\"io soft\u00ae\" width=\"180\" height=\"180\" \/><\/a><p class=\"wp-caption-text\">Frozen yogurt e gelato soft<\/p><\/div>\n<\/div>\n<div class=\"clear\"><\/div>\n<div class=\"one_fourth\"><span class=\"mark1\">yo<\/span> <span class=\"mark2\">go<\/span><span class=\"mark3\">\u00ae<\/span><\/p>\n<div style=\"width: 190px\" class=\"wp-caption alignnone\"><a href=\"http:\/\/www.iobevo.com\/online\/servizi\/yo-go\/\"><img loading=\"lazy\" decoding=\"async\" class=\"alignnone\" src=\"http:\/\/www.iobevo.com\/online\/wp-content\/uploads\/2017\/02\/FOTO-YO-GO-1005-180x180.jpg\" alt=\"yo go\u00ae\" width=\"180\" height=\"180\" \/><\/a><p class=\"wp-caption-text\">Crema di yogurt con dispenser<\/p><\/div>\n<\/div>\n<div class=\"one_fourth\"><span class=\"mark1\">io<\/span> <span class=\"mark2\">jam<\/span><span class=\"mark3\">\u00ae<\/span><\/p>\n<div style=\"width: 190px\" class=\"wp-caption alignnone\"><a href=\"http:\/\/www.iobevo.com\/online\/servizi\/io-jam\/\"><img loading=\"lazy\" decoding=\"async\" class=\"alignnone\" src=\"http:\/\/www.iobevo.com\/online\/wp-content\/uploads\/2014\/01\/FOTO-IO-JAM-1006-180x180.jpg\" alt=\"IO jam\" width=\"180\" height=\"180\" \/><\/a><p class=\"wp-caption-text\">Marmellate e creme con dispenser<\/p><\/div>\n<\/div>\n<div class=\"one_fourth\"><\/div>\n<div class=\"one_fourth\"><\/div>\n<div class=\"one_fourth last\"><\/div>\n<div class=\"clear\"><\/div>\n<div class=\"one_fourth last\"><\/div>\n<div class=\"clear\"><\/div>\n","protected":false},"excerpt":{"rendered":"<p>io breakfast\u00ae Si rivolge alla ristorazione per il settore turistico, diversificando le proposte, i format e i prodotti a seconda del target e della tipologia di ospitalit\u00e0. \u00c8 una soluzione globale che pu\u00f2 essere realizzata in tutto o in parte a seconda dei contesti, con la possibilit\u00e0 di fornire:\u00a0bevande calde [&hellip;]<\/p>\n","protected":false},"author":84,"featured_media":2831,"parent":28,"menu_order":2,"comment_status":"open","ping_status":"closed","template":"page-fullwidth.php","meta":{"footnotes":""},"class_list":["post-43","page","type-page","status-publish","has-post-thumbnail","hentry"],"yoast_head":"<!-- This site is optimized with the Yoast SEO plugin v27.3 - https:\/\/yoast.com\/product\/yoast-seo-wordpress\/ -->\n<title>Io Breakfast, servizi e prodotti per la colazione in hotel<\/title>\n<meta name=\"description\" content=\"io breakfast \u00e8 il servizio di distributore bevande per la colazione in hotel, villaggi vacanze e resort. Distributori in comodato d&#039;uso gratuito. Contattaci\" \/>\n<meta name=\"robots\" content=\"index, follow, max-snippet:-1, max-image-preview:large, max-video-preview:-1\" \/>\n<link rel=\"canonical\" href=\"https:\/\/www.iobevo.com\/online\/servizi\/io-breakfast\/\" \/>\n<meta property=\"og:locale\" content=\"it_IT\" \/>\n<meta property=\"og:type\" content=\"article\" \/>\n<meta property=\"og:title\" content=\"Io Breakfast, servizi e prodotti per la colazione in hotel\" \/>\n<meta property=\"og:description\" content=\"io breakfast offre macchine in comodato d&#039;uso e prodotti per la colazione in strutture turistiche (hotel, villaggi vacanze, resort). Scopri tutti i prodotti\" \/>\n<meta property=\"og:url\" content=\"https:\/\/www.iobevo.com\/online\/servizi\/io-breakfast\/\" \/>\n<meta property=\"og:site_name\" content=\"io bevo\u00ae\" \/>\n<meta property=\"article:modified_time\" content=\"2017-12-17T20:19:34+00:00\" \/>\n<meta property=\"og:image\" content=\"https:\/\/www.iobevo.com\/online\/wp-content\/uploads\/2013\/01\/portfolio_io_breakfast.jpg\" \/>\n\t<meta property=\"og:image:width\" content=\"600\" \/>\n\t<meta property=\"og:image:height\" content=\"400\" \/>\n\t<meta property=\"og:image:type\" content=\"image\/jpeg\" \/>\n<meta name=\"twitter:card\" content=\"summary_large_image\" \/>\n<meta name=\"twitter:title\" content=\"Io Breakfast, servizi e prodotti per la colazione in hotel\" \/>\n<meta name=\"twitter:description\" content=\"io breakfast offre macchine in comodato d&#039;uso e prodotti per la colazione in strutture turistiche (hotel, villaggi vacanze, resort). Scopri tutti i prodotti\" \/>\n<meta name=\"twitter:image\" content=\"https:\/\/www.iobevo.com\/online\/wp-content\/uploads\/2013\/01\/portfolio_io_breakfast.jpg\" \/>\n<meta name=\"twitter:site\" content=\"@IoBevo\" \/>\n<meta name=\"twitter:label1\" content=\"Tempo di lettura stimato\" \/>\n\t<meta name=\"twitter:data1\" content=\"3 minuti\" \/>\n<script type=\"application\/ld+json\" class=\"yoast-schema-graph\">{\"@context\":\"https:\\\/\\\/schema.org\",\"@graph\":[{\"@type\":\"WebPage\",\"@id\":\"https:\\\/\\\/www.iobevo.com\\\/online\\\/servizi\\\/io-breakfast\\\/\",\"url\":\"https:\\\/\\\/www.iobevo.com\\\/online\\\/servizi\\\/io-breakfast\\\/\",\"name\":\"Io Breakfast, servizi e prodotti per la colazione in hotel\",\"isPartOf\":{\"@id\":\"https:\\\/\\\/www.iobevo.com\\\/online\\\/#website\"},\"primaryImageOfPage\":{\"@id\":\"https:\\\/\\\/www.iobevo.com\\\/online\\\/servizi\\\/io-breakfast\\\/#primaryimage\"},\"image\":{\"@id\":\"https:\\\/\\\/www.iobevo.com\\\/online\\\/servizi\\\/io-breakfast\\\/#primaryimage\"},\"thumbnailUrl\":\"https:\\\/\\\/www.iobevo.com\\\/online\\\/wp-content\\\/uploads\\\/2014\\\/01\\\/slide-2-bg-e1400667726929.png\",\"datePublished\":\"2014-01-20T08:59:43+00:00\",\"dateModified\":\"2017-12-17T20:19:34+00:00\",\"description\":\"io breakfast \u00e8 il servizio di distributore bevande per la colazione in hotel, villaggi vacanze e resort. Distributori in comodato d'uso gratuito. Contattaci\",\"breadcrumb\":{\"@id\":\"https:\\\/\\\/www.iobevo.com\\\/online\\\/servizi\\\/io-breakfast\\\/#breadcrumb\"},\"inLanguage\":\"it-IT\",\"potentialAction\":[{\"@type\":\"ReadAction\",\"target\":[\"https:\\\/\\\/www.iobevo.com\\\/online\\\/servizi\\\/io-breakfast\\\/\"]}]},{\"@type\":\"ImageObject\",\"inLanguage\":\"it-IT\",\"@id\":\"https:\\\/\\\/www.iobevo.com\\\/online\\\/servizi\\\/io-breakfast\\\/#primaryimage\",\"url\":\"https:\\\/\\\/www.iobevo.com\\\/online\\\/wp-content\\\/uploads\\\/2014\\\/01\\\/slide-2-bg-e1400667726929.png\",\"contentUrl\":\"https:\\\/\\\/www.iobevo.com\\\/online\\\/wp-content\\\/uploads\\\/2014\\\/01\\\/slide-2-bg-e1400667726929.png\",\"width\":1512,\"height\":400},{\"@type\":\"BreadcrumbList\",\"@id\":\"https:\\\/\\\/www.iobevo.com\\\/online\\\/servizi\\\/io-breakfast\\\/#breadcrumb\",\"itemListElement\":[{\"@type\":\"ListItem\",\"position\":1,\"name\":\"Servizi\",\"item\":\"https:\\\/\\\/www.iobevo.com\\\/online\\\/servizi\\\/\"},{\"@type\":\"ListItem\",\"position\":2,\"name\":\"io breakfast\u00ae\"}]},{\"@type\":\"WebSite\",\"@id\":\"https:\\\/\\\/www.iobevo.com\\\/online\\\/#website\",\"url\":\"https:\\\/\\\/www.iobevo.com\\\/online\\\/\",\"name\":\"io bevo\u00ae\",\"description\":\"Drink Plastic free\",\"publisher\":{\"@id\":\"https:\\\/\\\/www.iobevo.com\\\/online\\\/#organization\"},\"potentialAction\":[{\"@type\":\"SearchAction\",\"target\":{\"@type\":\"EntryPoint\",\"urlTemplate\":\"https:\\\/\\\/www.iobevo.com\\\/online\\\/?s={search_term_string}\"},\"query-input\":{\"@type\":\"PropertyValueSpecification\",\"valueRequired\":true,\"valueName\":\"search_term_string\"}}],\"inLanguage\":\"it-IT\"},{\"@type\":\"Organization\",\"@id\":\"https:\\\/\\\/www.iobevo.com\\\/online\\\/#organization\",\"name\":\"General Beverage\",\"url\":\"https:\\\/\\\/www.iobevo.com\\\/online\\\/\",\"logo\":{\"@type\":\"ImageObject\",\"inLanguage\":\"it-IT\",\"@id\":\"https:\\\/\\\/www.iobevo.com\\\/online\\\/#\\\/schema\\\/logo\\\/image\\\/\",\"url\":\"https:\\\/\\\/www.iobevo.com\\\/online\\\/wp-content\\\/uploads\\\/2014\\\/01\\\/logo_gb_horizontal_grey_160x47.png\",\"contentUrl\":\"https:\\\/\\\/www.iobevo.com\\\/online\\\/wp-content\\\/uploads\\\/2014\\\/01\\\/logo_gb_horizontal_grey_160x47.png\",\"width\":160,\"height\":47,\"caption\":\"General Beverage\"},\"image\":{\"@id\":\"https:\\\/\\\/www.iobevo.com\\\/online\\\/#\\\/schema\\\/logo\\\/image\\\/\"},\"sameAs\":[\"https:\\\/\\\/x.com\\\/IoBevo\"]}]}<\/script>\n<!-- \/ Yoast SEO plugin. -->","yoast_head_json":{"title":"Io Breakfast, servizi e prodotti per la colazione in hotel","description":"io breakfast \u00e8 il servizio di distributore bevande per la colazione in hotel, villaggi vacanze e resort. Distributori in comodato d'uso gratuito. Contattaci","robots":{"index":"index","follow":"follow","max-snippet":"max-snippet:-1","max-image-preview":"max-image-preview:large","max-video-preview":"max-video-preview:-1"},"canonical":"https:\/\/www.iobevo.com\/online\/servizi\/io-breakfast\/","og_locale":"it_IT","og_type":"article","og_title":"Io Breakfast, servizi e prodotti per la colazione in hotel","og_description":"io breakfast offre macchine in comodato d'uso e prodotti per la colazione in strutture turistiche (hotel, villaggi vacanze, resort). Scopri tutti i prodotti","og_url":"https:\/\/www.iobevo.com\/online\/servizi\/io-breakfast\/","og_site_name":"io bevo\u00ae","article_modified_time":"2017-12-17T20:19:34+00:00","og_image":[{"width":600,"height":400,"url":"https:\/\/www.iobevo.com\/online\/wp-content\/uploads\/2013\/01\/portfolio_io_breakfast.jpg","type":"image\/jpeg"}],"twitter_card":"summary_large_image","twitter_title":"Io Breakfast, servizi e prodotti per la colazione in hotel","twitter_description":"io breakfast offre macchine in comodato d'uso e prodotti per la colazione in strutture turistiche (hotel, villaggi vacanze, resort). Scopri tutti i prodotti","twitter_image":"https:\/\/www.iobevo.com\/online\/wp-content\/uploads\/2013\/01\/portfolio_io_breakfast.jpg","twitter_site":"@IoBevo","twitter_misc":{"Tempo di lettura stimato":"3 minuti"},"schema":{"@context":"https:\/\/schema.org","@graph":[{"@type":"WebPage","@id":"https:\/\/www.iobevo.com\/online\/servizi\/io-breakfast\/","url":"https:\/\/www.iobevo.com\/online\/servizi\/io-breakfast\/","name":"Io Breakfast, servizi e prodotti per la colazione in hotel","isPartOf":{"@id":"https:\/\/www.iobevo.com\/online\/#website"},"primaryImageOfPage":{"@id":"https:\/\/www.iobevo.com\/online\/servizi\/io-breakfast\/#primaryimage"},"image":{"@id":"https:\/\/www.iobevo.com\/online\/servizi\/io-breakfast\/#primaryimage"},"thumbnailUrl":"https:\/\/www.iobevo.com\/online\/wp-content\/uploads\/2014\/01\/slide-2-bg-e1400667726929.png","datePublished":"2014-01-20T08:59:43+00:00","dateModified":"2017-12-17T20:19:34+00:00","description":"io breakfast \u00e8 il servizio di distributore bevande per la colazione in hotel, villaggi vacanze e resort. Distributori in comodato d'uso gratuito. Contattaci","breadcrumb":{"@id":"https:\/\/www.iobevo.com\/online\/servizi\/io-breakfast\/#breadcrumb"},"inLanguage":"it-IT","potentialAction":[{"@type":"ReadAction","target":["https:\/\/www.iobevo.com\/online\/servizi\/io-breakfast\/"]}]},{"@type":"ImageObject","inLanguage":"it-IT","@id":"https:\/\/www.iobevo.com\/online\/servizi\/io-breakfast\/#primaryimage","url":"https:\/\/www.iobevo.com\/online\/wp-content\/uploads\/2014\/01\/slide-2-bg-e1400667726929.png","contentUrl":"https:\/\/www.iobevo.com\/online\/wp-content\/uploads\/2014\/01\/slide-2-bg-e1400667726929.png","width":1512,"height":400},{"@type":"BreadcrumbList","@id":"https:\/\/www.iobevo.com\/online\/servizi\/io-breakfast\/#breadcrumb","itemListElement":[{"@type":"ListItem","position":1,"name":"Servizi","item":"https:\/\/www.iobevo.com\/online\/servizi\/"},{"@type":"ListItem","position":2,"name":"io breakfast\u00ae"}]},{"@type":"WebSite","@id":"https:\/\/www.iobevo.com\/online\/#website","url":"https:\/\/www.iobevo.com\/online\/","name":"io bevo\u00ae","description":"Drink Plastic free","publisher":{"@id":"https:\/\/www.iobevo.com\/online\/#organization"},"potentialAction":[{"@type":"SearchAction","target":{"@type":"EntryPoint","urlTemplate":"https:\/\/www.iobevo.com\/online\/?s={search_term_string}"},"query-input":{"@type":"PropertyValueSpecification","valueRequired":true,"valueName":"search_term_string"}}],"inLanguage":"it-IT"},{"@type":"Organization","@id":"https:\/\/www.iobevo.com\/online\/#organization","name":"General Beverage","url":"https:\/\/www.iobevo.com\/online\/","logo":{"@type":"ImageObject","inLanguage":"it-IT","@id":"https:\/\/www.iobevo.com\/online\/#\/schema\/logo\/image\/","url":"https:\/\/www.iobevo.com\/online\/wp-content\/uploads\/2014\/01\/logo_gb_horizontal_grey_160x47.png","contentUrl":"https:\/\/www.iobevo.com\/online\/wp-content\/uploads\/2014\/01\/logo_gb_horizontal_grey_160x47.png","width":160,"height":47,"caption":"General Beverage"},"image":{"@id":"https:\/\/www.iobevo.com\/online\/#\/schema\/logo\/image\/"},"sameAs":["https:\/\/x.com\/IoBevo"]}]}},"_links":{"self":[{"href":"https:\/\/www.iobevo.com\/online\/wp-json\/wp\/v2\/pages\/43","targetHints":{"allow":["GET"]}}],"collection":[{"href":"https:\/\/www.iobevo.com\/online\/wp-json\/wp\/v2\/pages"}],"about":[{"href":"https:\/\/www.iobevo.com\/online\/wp-json\/wp\/v2\/types\/page"}],"author":[{"embeddable":true,"href":"https:\/\/www.iobevo.com\/online\/wp-json\/wp\/v2\/users\/84"}],"replies":[{"embeddable":true,"href":"https:\/\/www.iobevo.com\/online\/wp-json\/wp\/v2\/comments?post=43"}],"version-history":[{"count":0,"href":"https:\/\/www.iobevo.com\/online\/wp-json\/wp\/v2\/pages\/43\/revisions"}],"up":[{"embeddable":true,"href":"https:\/\/www.iobevo.com\/online\/wp-json\/wp\/v2\/pages\/28"}],"wp:featuredmedia":[{"embeddable":true,"href":"https:\/\/www.iobevo.com\/online\/wp-json\/wp\/v2\/media\/2831"}],"wp:attachment":[{"href":"https:\/\/www.iobevo.com\/online\/wp-json\/wp\/v2\/media?parent=43"}],"curies":[{"name":"wp","href":"https:\/\/api.w.org\/{rel}","templated":true}]}}