{"id":47,"date":"2014-01-20T09:01:31","date_gmt":"2014-01-20T09:01:31","guid":{"rendered":"http:\/\/iobevo.com\/online\/?page_id=47"},"modified":"2017-12-17T22:54:27","modified_gmt":"2017-12-17T20:54:27","slug":"ti-sana","status":"publish","type":"page","link":"https:\/\/www.iobevo.com\/online\/servizi\/ti-sana\/","title":{"rendered":"TiSana"},"content":{"rendered":"<p>Il servizio <span class=\"mark2\">Ti Sana<\/span> consiste nella <strong>distribuzione di tisane<\/strong>, ottenute da <strong>estratti vegetali<\/strong> di piante officinali miscelati grazie ad appositi <a title=\"Asia Ti Sana\" href=\"http:\/\/iobevo.com\/online\/?page_id=3461\">distributori self service<\/a>. L\u2019utilizzo di materie prime di qualit\u00e0 e il procedimento di preparazione istantanea garantiscono le migliori propriet\u00e0 e le caratteristiche organolettiche delle erbe selezionate.<\/p>\n<p><span class=\"responsive\"><img fetchpriority=\"high\" decoding=\"async\" class=\"aligncenter wp-image-4184\" title=\"Ti Sana\" src=\"https:\/\/www.iobevo.com\/online\/wp-content\/uploads\/2014\/01\/Fotolia_36464772_S.jpg\" alt=\"Ti Sana\" width=\"700\" height=\"588\" srcset=\"https:\/\/www.iobevo.com\/online\/wp-content\/uploads\/2014\/01\/Fotolia_36464772_S.jpg 756w, https:\/\/www.iobevo.com\/online\/wp-content\/uploads\/2014\/01\/Fotolia_36464772_S-300x251.jpg 300w\" sizes=\"(max-width: 700px) 100vw, 700px\" \/><\/span><\/p>\n<p>Le nostre tisane sono caratterizzate dall\u2019assenza di contenuto calorico grazie all\u2019utilizzo di Stevia Rebaudiana, dolcificante naturale vegetale. Ogni tisana \u00e8 frutto della combinazione di erbe finalizzata a specifiche propriet\u00e0: depurativa, digestiva, relax, vitalit\u00e0, equilibrio. Il servizio trova applicazione in vari ambiti tra i quali: <a title=\"Centri benessere\" href=\"http:\/\/iobevo.com\/online\/?page_id=2989\">centri benessere<\/a>, <a title=\"Ambienti di lavoro\" href=\"http:\/\/iobevo.com\/online\/?page_id=2636\">uffici<\/a>, <a title=\"Alberghi\" href=\"http:\/\/iobevo.com\/online\/?page_id=2634\">alberghi<\/a> e in generale in tutti i contesti di ristorazione sensibile ai valori nutrizionali e salutistici.<\/p>\n<div class=\"gap\" style=\"height: 30px;\"><\/div>\n<div class=\"one_half\"><h3 class=\"title\"><span>Prodotti<\/span><\/h3><div class=\"latest-portfolio negative-wrap\"><div class=\"portfolio-item four columns\"><div class=\"portfolio-it\">\n\t\t\t\t  \t\t<a href=\"https:\/\/www.iobevo.com\/online\/portfolio-item\/tisane-ti-sana\/\" title=\"Tisane Ti Sana\"><span class=\"portfolio-pic\"><img decoding=\"async\" src=\"https:\/\/www.iobevo.com\/online\/wp-content\/uploads\/2014\/04\/tisana1-460x300.jpg\" \/><div class=\"portfolio-overlay\"><span class=\"overlay-link\"><\/span><\/div><\/span><\/a>\n\t\t\t\t  \t\t<a href=\"https:\/\/www.iobevo.com\/online\/portfolio-item\/tisane-ti-sana\/\" title=\"Tisane Ti Sana\" class=\"portfolio-title\"><h4>Tisane Ti Sana<\/h4><span>Solubili per tisane naturali<\/span><\/a>\n\t\t\t\t  \t<\/div><\/div><\/div><div class=\"clear\"><\/div><\/div>\n<div class=\"one_half last\"><h3 class=\"title\"><span>Distributori<\/span><\/h3><div class=\"latest-portfolio negative-wrap\"><div class=\"portfolio-item four columns\"><div class=\"portfolio-it\">\n\t\t\t\t  \t\t<a href=\"https:\/\/www.iobevo.com\/online\/portfolio-item\/asia-ti-sana\/\" title=\"Asia Ti Sana\"><span class=\"portfolio-pic\"><img decoding=\"async\" src=\"https:\/\/www.iobevo.com\/online\/wp-content\/uploads\/2014\/04\/asia-ti-sana.jpg\" \/><div class=\"portfolio-overlay\"><span class=\"overlay-link\"><\/span><\/div><\/span><\/a>\n\t\t\t\t  \t\t<a href=\"https:\/\/www.iobevo.com\/online\/portfolio-item\/asia-ti-sana\/\" title=\"Asia Ti Sana\" class=\"portfolio-title\"><h4>Asia Ti Sana<\/h4><span>Per tisane naturali<\/span><\/a>\n\t\t\t\t  \t<\/div><\/div><\/div><div class=\"clear\"><\/div><\/div>\n<div class=\"clear\"><\/div>\n","protected":false},"excerpt":{"rendered":"<p>Il servizio Ti Sana consiste nella distribuzione di tisane, ottenute da estratti vegetali di piante officinali miscelati grazie ad appositi distributori self service. L\u2019utilizzo di materie prime di qualit\u00e0 e il procedimento di preparazione istantanea garantiscono le migliori propriet\u00e0 e le caratteristiche organolettiche delle erbe selezionate. Le nostre tisane sono [&hellip;]<\/p>\n","protected":false},"author":84,"featured_media":2831,"parent":28,"menu_order":6,"comment_status":"open","ping_status":"closed","template":"","meta":{"footnotes":""},"class_list":["post-47","page","type-page","status-publish","has-post-thumbnail","hentry"],"yoast_head":"<!-- This site is optimized with the Yoast SEO plugin v27.6 - https:\/\/yoast.com\/product\/yoast-seo-wordpress\/ -->\n<title>| ti sana: distribuzione di tisane per centri benessere e ristoranti<\/title>\n<meta name=\"description\" content=\"ti sana \u00e8 il servizio per la distribuzione di tisane naturali con distributori self service. Utilizziamo Stevia Rebaudiana, dolcificante naturale vegetale.\" \/>\n<meta name=\"robots\" content=\"index, follow, max-snippet:-1, max-image-preview:large, max-video-preview:-1\" \/>\n<link rel=\"canonical\" href=\"https:\/\/www.iobevo.com\/online\/servizi\/ti-sana\/\" \/>\n<meta property=\"og:locale\" content=\"it_IT\" \/>\n<meta property=\"og:type\" content=\"article\" \/>\n<meta property=\"og:title\" content=\"ti sana: distribuzione di tisane per centri benessere e ristoranti\" \/>\n<meta property=\"og:description\" content=\"ti sana \u00e8 il servizio per la distribuzione di tisane naturali con distributori self service. Utilizziamo Stevia Rebaudiana, dolcificante naturale vegetale.\" \/>\n<meta property=\"og:url\" content=\"https:\/\/www.iobevo.com\/online\/servizi\/ti-sana\/\" \/>\n<meta property=\"og:site_name\" content=\"io bevo\u00ae\" \/>\n<meta property=\"article:modified_time\" content=\"2017-12-17T20:54:27+00:00\" \/>\n<meta property=\"og:image\" content=\"https:\/\/www.iobevo.com\/online\/wp-content\/uploads\/2014\/01\/tisana.jpg\" \/>\n\t<meta property=\"og:image:width\" content=\"700\" \/>\n\t<meta property=\"og:image:height\" content=\"306\" \/>\n\t<meta property=\"og:image:type\" content=\"image\/jpeg\" \/>\n<meta name=\"twitter:card\" content=\"summary_large_image\" \/>\n<meta name=\"twitter:title\" content=\"ti sana: distribuzione di tisane per centri benessere e ristoranti\" \/>\n<meta name=\"twitter:description\" content=\"ti sana \u00e8 il servizio per la distribuzione di tisane naturali con distributori self service. Utilizziamo Stevia Rebaudiana, dolcificante naturale vegetale.\" \/>\n<meta name=\"twitter:image\" content=\"https:\/\/www.iobevo.com\/online\/wp-content\/uploads\/2014\/01\/tisana.jpg\" \/>\n<meta name=\"twitter:site\" content=\"@IoBevo\" \/>\n<meta name=\"twitter:label1\" content=\"Tempo di lettura stimato\" \/>\n\t<meta name=\"twitter:data1\" content=\"1 minuto\" \/>\n<script type=\"application\/ld+json\" class=\"yoast-schema-graph\">{\"@context\":\"https:\\\/\\\/schema.org\",\"@graph\":[{\"@type\":\"WebPage\",\"@id\":\"https:\\\/\\\/www.iobevo.com\\\/online\\\/servizi\\\/ti-sana\\\/\",\"url\":\"https:\\\/\\\/www.iobevo.com\\\/online\\\/servizi\\\/ti-sana\\\/\",\"name\":\"| ti sana: distribuzione di tisane per centri benessere e ristoranti\",\"isPartOf\":{\"@id\":\"https:\\\/\\\/www.iobevo.com\\\/online\\\/#website\"},\"primaryImageOfPage\":{\"@id\":\"https:\\\/\\\/www.iobevo.com\\\/online\\\/servizi\\\/ti-sana\\\/#primaryimage\"},\"image\":{\"@id\":\"https:\\\/\\\/www.iobevo.com\\\/online\\\/servizi\\\/ti-sana\\\/#primaryimage\"},\"thumbnailUrl\":\"https:\\\/\\\/www.iobevo.com\\\/online\\\/wp-content\\\/uploads\\\/2014\\\/01\\\/slide-2-bg-e1400667726929.png\",\"datePublished\":\"2014-01-20T09:01:31+00:00\",\"dateModified\":\"2017-12-17T20:54:27+00:00\",\"description\":\"ti sana \u00e8 il servizio per la distribuzione di tisane naturali con distributori self service. Utilizziamo Stevia Rebaudiana, dolcificante naturale vegetale.\",\"breadcrumb\":{\"@id\":\"https:\\\/\\\/www.iobevo.com\\\/online\\\/servizi\\\/ti-sana\\\/#breadcrumb\"},\"inLanguage\":\"it-IT\",\"potentialAction\":[{\"@type\":\"ReadAction\",\"target\":[\"https:\\\/\\\/www.iobevo.com\\\/online\\\/servizi\\\/ti-sana\\\/\"]}]},{\"@type\":\"ImageObject\",\"inLanguage\":\"it-IT\",\"@id\":\"https:\\\/\\\/www.iobevo.com\\\/online\\\/servizi\\\/ti-sana\\\/#primaryimage\",\"url\":\"https:\\\/\\\/www.iobevo.com\\\/online\\\/wp-content\\\/uploads\\\/2014\\\/01\\\/slide-2-bg-e1400667726929.png\",\"contentUrl\":\"https:\\\/\\\/www.iobevo.com\\\/online\\\/wp-content\\\/uploads\\\/2014\\\/01\\\/slide-2-bg-e1400667726929.png\",\"width\":1512,\"height\":400},{\"@type\":\"BreadcrumbList\",\"@id\":\"https:\\\/\\\/www.iobevo.com\\\/online\\\/servizi\\\/ti-sana\\\/#breadcrumb\",\"itemListElement\":[{\"@type\":\"ListItem\",\"position\":1,\"name\":\"Servizi\",\"item\":\"https:\\\/\\\/www.iobevo.com\\\/online\\\/servizi\\\/\"},{\"@type\":\"ListItem\",\"position\":2,\"name\":\"TiSana\"}]},{\"@type\":\"WebSite\",\"@id\":\"https:\\\/\\\/www.iobevo.com\\\/online\\\/#website\",\"url\":\"https:\\\/\\\/www.iobevo.com\\\/online\\\/\",\"name\":\"io bevo\u00ae\",\"description\":\"Drink Plastic free\",\"publisher\":{\"@id\":\"https:\\\/\\\/www.iobevo.com\\\/online\\\/#organization\"},\"potentialAction\":[{\"@type\":\"SearchAction\",\"target\":{\"@type\":\"EntryPoint\",\"urlTemplate\":\"https:\\\/\\\/www.iobevo.com\\\/online\\\/?s={search_term_string}\"},\"query-input\":{\"@type\":\"PropertyValueSpecification\",\"valueRequired\":true,\"valueName\":\"search_term_string\"}}],\"inLanguage\":\"it-IT\"},{\"@type\":\"Organization\",\"@id\":\"https:\\\/\\\/www.iobevo.com\\\/online\\\/#organization\",\"name\":\"General Beverage\",\"url\":\"https:\\\/\\\/www.iobevo.com\\\/online\\\/\",\"logo\":{\"@type\":\"ImageObject\",\"inLanguage\":\"it-IT\",\"@id\":\"https:\\\/\\\/www.iobevo.com\\\/online\\\/#\\\/schema\\\/logo\\\/image\\\/\",\"url\":\"https:\\\/\\\/www.iobevo.com\\\/online\\\/wp-content\\\/uploads\\\/2014\\\/01\\\/logo_gb_horizontal_grey_160x47.png\",\"contentUrl\":\"https:\\\/\\\/www.iobevo.com\\\/online\\\/wp-content\\\/uploads\\\/2014\\\/01\\\/logo_gb_horizontal_grey_160x47.png\",\"width\":160,\"height\":47,\"caption\":\"General Beverage\"},\"image\":{\"@id\":\"https:\\\/\\\/www.iobevo.com\\\/online\\\/#\\\/schema\\\/logo\\\/image\\\/\"},\"sameAs\":[\"https:\\\/\\\/x.com\\\/IoBevo\"]}]}<\/script>\n<!-- \/ Yoast SEO plugin. -->","yoast_head_json":{"title":"| ti sana: distribuzione di tisane per centri benessere e ristoranti","description":"ti sana \u00e8 il servizio per la distribuzione di tisane naturali con distributori self service. Utilizziamo Stevia Rebaudiana, dolcificante naturale vegetale.","robots":{"index":"index","follow":"follow","max-snippet":"max-snippet:-1","max-image-preview":"max-image-preview:large","max-video-preview":"max-video-preview:-1"},"canonical":"https:\/\/www.iobevo.com\/online\/servizi\/ti-sana\/","og_locale":"it_IT","og_type":"article","og_title":"ti sana: distribuzione di tisane per centri benessere e ristoranti","og_description":"ti sana \u00e8 il servizio per la distribuzione di tisane naturali con distributori self service. Utilizziamo Stevia Rebaudiana, dolcificante naturale vegetale.","og_url":"https:\/\/www.iobevo.com\/online\/servizi\/ti-sana\/","og_site_name":"io bevo\u00ae","article_modified_time":"2017-12-17T20:54:27+00:00","og_image":[{"width":700,"height":306,"url":"https:\/\/www.iobevo.com\/online\/wp-content\/uploads\/2014\/01\/tisana.jpg","type":"image\/jpeg"}],"twitter_card":"summary_large_image","twitter_title":"ti sana: distribuzione di tisane per centri benessere e ristoranti","twitter_description":"ti sana \u00e8 il servizio per la distribuzione di tisane naturali con distributori self service. Utilizziamo Stevia Rebaudiana, dolcificante naturale vegetale.","twitter_image":"https:\/\/www.iobevo.com\/online\/wp-content\/uploads\/2014\/01\/tisana.jpg","twitter_site":"@IoBevo","twitter_misc":{"Tempo di lettura stimato":"1 minuto"},"schema":{"@context":"https:\/\/schema.org","@graph":[{"@type":"WebPage","@id":"https:\/\/www.iobevo.com\/online\/servizi\/ti-sana\/","url":"https:\/\/www.iobevo.com\/online\/servizi\/ti-sana\/","name":"| ti sana: distribuzione di tisane per centri benessere e ristoranti","isPartOf":{"@id":"https:\/\/www.iobevo.com\/online\/#website"},"primaryImageOfPage":{"@id":"https:\/\/www.iobevo.com\/online\/servizi\/ti-sana\/#primaryimage"},"image":{"@id":"https:\/\/www.iobevo.com\/online\/servizi\/ti-sana\/#primaryimage"},"thumbnailUrl":"https:\/\/www.iobevo.com\/online\/wp-content\/uploads\/2014\/01\/slide-2-bg-e1400667726929.png","datePublished":"2014-01-20T09:01:31+00:00","dateModified":"2017-12-17T20:54:27+00:00","description":"ti sana \u00e8 il servizio per la distribuzione di tisane naturali con distributori self service. Utilizziamo Stevia Rebaudiana, dolcificante naturale vegetale.","breadcrumb":{"@id":"https:\/\/www.iobevo.com\/online\/servizi\/ti-sana\/#breadcrumb"},"inLanguage":"it-IT","potentialAction":[{"@type":"ReadAction","target":["https:\/\/www.iobevo.com\/online\/servizi\/ti-sana\/"]}]},{"@type":"ImageObject","inLanguage":"it-IT","@id":"https:\/\/www.iobevo.com\/online\/servizi\/ti-sana\/#primaryimage","url":"https:\/\/www.iobevo.com\/online\/wp-content\/uploads\/2014\/01\/slide-2-bg-e1400667726929.png","contentUrl":"https:\/\/www.iobevo.com\/online\/wp-content\/uploads\/2014\/01\/slide-2-bg-e1400667726929.png","width":1512,"height":400},{"@type":"BreadcrumbList","@id":"https:\/\/www.iobevo.com\/online\/servizi\/ti-sana\/#breadcrumb","itemListElement":[{"@type":"ListItem","position":1,"name":"Servizi","item":"https:\/\/www.iobevo.com\/online\/servizi\/"},{"@type":"ListItem","position":2,"name":"TiSana"}]},{"@type":"WebSite","@id":"https:\/\/www.iobevo.com\/online\/#website","url":"https:\/\/www.iobevo.com\/online\/","name":"io bevo\u00ae","description":"Drink Plastic free","publisher":{"@id":"https:\/\/www.iobevo.com\/online\/#organization"},"potentialAction":[{"@type":"SearchAction","target":{"@type":"EntryPoint","urlTemplate":"https:\/\/www.iobevo.com\/online\/?s={search_term_string}"},"query-input":{"@type":"PropertyValueSpecification","valueRequired":true,"valueName":"search_term_string"}}],"inLanguage":"it-IT"},{"@type":"Organization","@id":"https:\/\/www.iobevo.com\/online\/#organization","name":"General Beverage","url":"https:\/\/www.iobevo.com\/online\/","logo":{"@type":"ImageObject","inLanguage":"it-IT","@id":"https:\/\/www.iobevo.com\/online\/#\/schema\/logo\/image\/","url":"https:\/\/www.iobevo.com\/online\/wp-content\/uploads\/2014\/01\/logo_gb_horizontal_grey_160x47.png","contentUrl":"https:\/\/www.iobevo.com\/online\/wp-content\/uploads\/2014\/01\/logo_gb_horizontal_grey_160x47.png","width":160,"height":47,"caption":"General Beverage"},"image":{"@id":"https:\/\/www.iobevo.com\/online\/#\/schema\/logo\/image\/"},"sameAs":["https:\/\/x.com\/IoBevo"]}]}},"_links":{"self":[{"href":"https:\/\/www.iobevo.com\/online\/wp-json\/wp\/v2\/pages\/47","targetHints":{"allow":["GET"]}}],"collection":[{"href":"https:\/\/www.iobevo.com\/online\/wp-json\/wp\/v2\/pages"}],"about":[{"href":"https:\/\/www.iobevo.com\/online\/wp-json\/wp\/v2\/types\/page"}],"author":[{"embeddable":true,"href":"https:\/\/www.iobevo.com\/online\/wp-json\/wp\/v2\/users\/84"}],"replies":[{"embeddable":true,"href":"https:\/\/www.iobevo.com\/online\/wp-json\/wp\/v2\/comments?post=47"}],"version-history":[{"count":0,"href":"https:\/\/www.iobevo.com\/online\/wp-json\/wp\/v2\/pages\/47\/revisions"}],"up":[{"embeddable":true,"href":"https:\/\/www.iobevo.com\/online\/wp-json\/wp\/v2\/pages\/28"}],"wp:featuredmedia":[{"embeddable":true,"href":"https:\/\/www.iobevo.com\/online\/wp-json\/wp\/v2\/media\/2831"}],"wp:attachment":[{"href":"https:\/\/www.iobevo.com\/online\/wp-json\/wp\/v2\/media?parent=47"}],"curies":[{"name":"wp","href":"https:\/\/api.w.org\/{rel}","templated":true}]}}