{"id":55,"date":"2014-01-20T09:04:07","date_gmt":"2014-01-20T09:04:07","guid":{"rendered":"http:\/\/iobevo.com\/online\/?page_id=55"},"modified":"2017-04-08T19:37:29","modified_gmt":"2017-04-08T17:37:29","slug":"trolley-bar","status":"publish","type":"page","link":"https:\/\/www.iobevo.com\/online\/servizi\/trolley-bar\/","title":{"rendered":"Trolley Bar"},"content":{"rendered":"<p><span class=\"responsive\"><img decoding=\"async\" class=\"alignleft size-full wp-image-3405\" src=\"http:\/\/www.iobevo.com\/online\/wp-content\/uploads\/2014\/02\/servizio-trolley-bar-e1398764411143.jpg\" alt=\"servizio-trolley-bar\" width=\"300\" height=\"123\" \/><\/span>Il servizio consiste nella fornitura in comodato e manutenzione gratuita del <a title=\"Drink Trolley\" href=\"http:\/\/iobevo.com\/online\/?page_id=3481\">Trolley Drink<\/a>, un particolare carrello portavivande su ruote, di piccole dimensioni e di agevole utilizzo, da noi ideato e progettato, che permette la distribuzione di bevande sfuse fredde e calde, tra cui: <a title=\"Concentrati per bevande io bevo\" href=\"http:\/\/iobevo.com\/online\/?page_id=2715\">soft drink<\/a>, bevande naturali e <a title=\"Concentrati per succhi di frutta Io Fresco\" href=\"http:\/\/iobevo.com\/online\/?page_id=2720\">succhi di frutta<\/a>, acqua naturale e gassata, bevande calde da solubile (t\u00e8, cioccolato, cappuccino, caff\u00e8 americano), caff\u00e8 espresso. \u00a0Il Trolley utilizza concentrati in bag in box, solubili per bevande calde e capsule per caff\u00e8 espresso.<\/p>\n<p>Una componente del nostro servizio \u00e8 rappresentata dalla personalizzazione del Trolley mediante immagini dei prodotti distribuiti e una specifica comunicazione realizzata secondo i brand o gli obiettivi comunicazionali dei nostri clienti.<\/p>\n<p>Un progetto gi\u00e0 realizzato col Trolley Drink ha visto la personalizzazione del servizio con bevande regionali tipiche del territorio italiano e con bevande equo e solidali, evocando, grazie alla scelta dei prodotti e della comunicazione, il senso del viaggio, tra tipicit\u00e0 e identit\u00e0 dei territori e apertura al mondo e alle sue diversit\u00e0.<\/p>\n<p>Il servizio si rivolge al <strong>catering aereo, <\/strong>al <strong>catering ferroviario, <\/strong>al <strong>banqueting<\/strong> e a tutti i contesti in cui sia interessante proporre un sistema mobile di distribuzione bevande, finalizzato a migliorare la qualit\u00e0 del servizio e a permettere l\u2019eliminazione di bottiglie e lattine.<\/p>\n<div style=\"margin-top: 40px;\"><\/div>\n<div class=\"one_half\"><h3 class=\"title\"><span>Prodotti<\/span><\/h3><div class=\"latest-portfolio negative-wrap\"><div class=\"portfolio-item four columns\"><div class=\"portfolio-it\">\n\t\t\t\t  \t\t<a href=\"https:\/\/www.iobevo.com\/online\/portfolio-item\/concetrati-per-drink-trolley\/\" title=\"Bevande Drink Trolley\"><span class=\"portfolio-pic\"><img decoding=\"async\" src=\"https:\/\/www.iobevo.com\/online\/wp-content\/uploads\/2014\/04\/concentrati-per-bevande-tro-460x300.jpg\" \/><div class=\"portfolio-overlay\"><span class=\"overlay-link\"><\/span><\/div><\/span><\/a>\n\t\t\t\t  \t\t<a href=\"https:\/\/www.iobevo.com\/online\/portfolio-item\/concetrati-per-drink-trolley\/\" title=\"Bevande Drink Trolley\" class=\"portfolio-title\"><h4>Bevande Drink Trolley<\/h4><span>Concentrati per Drink Trolley<\/span><\/a>\n\t\t\t\t  \t<\/div><\/div><\/div><div class=\"clear\"><\/div><\/div>\n<div class=\"one_half last\"><h3 class=\"title\"><span>Distributori<\/span><\/h3><div class=\"latest-portfolio negative-wrap\"><div class=\"portfolio-item four columns\"><div class=\"portfolio-it\">\n\t\t\t\t  \t\t<a href=\"https:\/\/www.iobevo.com\/online\/portfolio-item\/drink-trolley\/\" title=\"Drink Trolley\"><span class=\"portfolio-pic\"><img decoding=\"async\" src=\"https:\/\/www.iobevo.com\/online\/wp-content\/uploads\/2014\/04\/servizio-trolley-bar1-e1399396448640-288x300.jpg\" \/><div class=\"portfolio-overlay\"><span class=\"overlay-link\"><\/span><\/div><\/span><\/a>\n\t\t\t\t  \t\t<a href=\"https:\/\/www.iobevo.com\/online\/portfolio-item\/drink-trolley\/\" title=\"Drink Trolley\" class=\"portfolio-title\"><h4>Drink Trolley<\/h4><span>Per servizio trolley bar<\/span><\/a>\n\t\t\t\t  \t<\/div><\/div><\/div><div class=\"clear\"><\/div><\/div>\n<div class=\"clear\"><\/div>\n","protected":false},"excerpt":{"rendered":"<p>Il servizio consiste nella fornitura in comodato e manutenzione gratuita del Trolley Drink, un particolare carrello portavivande su ruote, di piccole dimensioni e di agevole utilizzo, da noi ideato e progettato, che permette la distribuzione di bevande sfuse fredde e calde, tra cui: soft drink, bevande naturali e succhi di [&hellip;]<\/p>\n","protected":false},"author":84,"featured_media":2831,"parent":28,"menu_order":7,"comment_status":"open","ping_status":"closed","template":"","meta":{"footnotes":""},"class_list":["post-55","page","type-page","status-publish","has-post-thumbnail","hentry"],"yoast_head":"<!-- This site is optimized with the Yoast SEO plugin v27.6 - https:\/\/yoast.com\/product\/yoast-seo-wordpress\/ -->\n<title>| Catering aereo e ferroviaro mediante il sistema trolley bar<\/title>\n<meta name=\"description\" content=\"Il trolley bar \u00e8 la soluzione ideale per la ristorazione in movimento: sistema mobile di distribuzione bevande ed eliminazione di bottiglie e lattine.\" \/>\n<meta name=\"robots\" content=\"index, follow, max-snippet:-1, max-image-preview:large, max-video-preview:-1\" \/>\n<link rel=\"canonical\" href=\"https:\/\/www.iobevo.com\/online\/servizi\/trolley-bar\/\" \/>\n<meta property=\"og:locale\" content=\"it_IT\" \/>\n<meta property=\"og:type\" content=\"article\" \/>\n<meta property=\"og:title\" content=\"Catering aereo e ferroviaro mediante il sistema trolley bar\" \/>\n<meta property=\"og:description\" content=\"Il trolley bar \u00e8 la soluzione ideale per la ristorazione in movimento: sistema mobile di distribuzione bevande ed eliminazione di bottiglie e lattine.\" \/>\n<meta property=\"og:url\" content=\"https:\/\/www.iobevo.com\/online\/servizi\/trolley-bar\/\" \/>\n<meta property=\"og:site_name\" content=\"io bevo\u00ae\" \/>\n<meta property=\"article:modified_time\" content=\"2017-04-08T17:37:29+00:00\" \/>\n<meta property=\"og:image\" content=\"https:\/\/www.iobevo.com\/online\/wp-content\/uploads\/2014\/04\/concentrati-per-bevande-tro.jpg\" \/>\n\t<meta property=\"og:image:width\" content=\"700\" \/>\n\t<meta property=\"og:image:height\" content=\"580\" \/>\n\t<meta property=\"og:image:type\" content=\"image\/jpeg\" \/>\n<meta name=\"twitter:card\" content=\"summary_large_image\" \/>\n<meta name=\"twitter:title\" content=\"Catering aereo e ferroviaro mediante il sistema trolley bar\" \/>\n<meta name=\"twitter:description\" content=\"Il trolley bar \u00e8 la soluzione ideale per la ristorazione in movimento: sistema mobile di distribuzione bevande ed eliminazione di bottiglie e lattine.\" \/>\n<meta name=\"twitter:site\" content=\"@IoBevo\" \/>\n<meta name=\"twitter:label1\" content=\"Tempo di lettura stimato\" \/>\n\t<meta name=\"twitter:data1\" content=\"1 minuto\" \/>\n<script type=\"application\/ld+json\" class=\"yoast-schema-graph\">{\"@context\":\"https:\\\/\\\/schema.org\",\"@graph\":[{\"@type\":\"WebPage\",\"@id\":\"https:\\\/\\\/www.iobevo.com\\\/online\\\/servizi\\\/trolley-bar\\\/\",\"url\":\"https:\\\/\\\/www.iobevo.com\\\/online\\\/servizi\\\/trolley-bar\\\/\",\"name\":\"| Catering aereo e ferroviaro mediante il sistema trolley bar\",\"isPartOf\":{\"@id\":\"https:\\\/\\\/www.iobevo.com\\\/online\\\/#website\"},\"primaryImageOfPage\":{\"@id\":\"https:\\\/\\\/www.iobevo.com\\\/online\\\/servizi\\\/trolley-bar\\\/#primaryimage\"},\"image\":{\"@id\":\"https:\\\/\\\/www.iobevo.com\\\/online\\\/servizi\\\/trolley-bar\\\/#primaryimage\"},\"thumbnailUrl\":\"https:\\\/\\\/www.iobevo.com\\\/online\\\/wp-content\\\/uploads\\\/2014\\\/01\\\/slide-2-bg-e1400667726929.png\",\"datePublished\":\"2014-01-20T09:04:07+00:00\",\"dateModified\":\"2017-04-08T17:37:29+00:00\",\"description\":\"Il trolley bar \u00e8 la soluzione ideale per la ristorazione in movimento: sistema mobile di distribuzione bevande ed eliminazione di bottiglie e lattine.\",\"breadcrumb\":{\"@id\":\"https:\\\/\\\/www.iobevo.com\\\/online\\\/servizi\\\/trolley-bar\\\/#breadcrumb\"},\"inLanguage\":\"it-IT\",\"potentialAction\":[{\"@type\":\"ReadAction\",\"target\":[\"https:\\\/\\\/www.iobevo.com\\\/online\\\/servizi\\\/trolley-bar\\\/\"]}]},{\"@type\":\"ImageObject\",\"inLanguage\":\"it-IT\",\"@id\":\"https:\\\/\\\/www.iobevo.com\\\/online\\\/servizi\\\/trolley-bar\\\/#primaryimage\",\"url\":\"https:\\\/\\\/www.iobevo.com\\\/online\\\/wp-content\\\/uploads\\\/2014\\\/01\\\/slide-2-bg-e1400667726929.png\",\"contentUrl\":\"https:\\\/\\\/www.iobevo.com\\\/online\\\/wp-content\\\/uploads\\\/2014\\\/01\\\/slide-2-bg-e1400667726929.png\",\"width\":1512,\"height\":400},{\"@type\":\"BreadcrumbList\",\"@id\":\"https:\\\/\\\/www.iobevo.com\\\/online\\\/servizi\\\/trolley-bar\\\/#breadcrumb\",\"itemListElement\":[{\"@type\":\"ListItem\",\"position\":1,\"name\":\"Servizi\",\"item\":\"https:\\\/\\\/www.iobevo.com\\\/online\\\/servizi\\\/\"},{\"@type\":\"ListItem\",\"position\":2,\"name\":\"Trolley Bar\"}]},{\"@type\":\"WebSite\",\"@id\":\"https:\\\/\\\/www.iobevo.com\\\/online\\\/#website\",\"url\":\"https:\\\/\\\/www.iobevo.com\\\/online\\\/\",\"name\":\"io bevo\u00ae\",\"description\":\"Drink Plastic free\",\"publisher\":{\"@id\":\"https:\\\/\\\/www.iobevo.com\\\/online\\\/#organization\"},\"potentialAction\":[{\"@type\":\"SearchAction\",\"target\":{\"@type\":\"EntryPoint\",\"urlTemplate\":\"https:\\\/\\\/www.iobevo.com\\\/online\\\/?s={search_term_string}\"},\"query-input\":{\"@type\":\"PropertyValueSpecification\",\"valueRequired\":true,\"valueName\":\"search_term_string\"}}],\"inLanguage\":\"it-IT\"},{\"@type\":\"Organization\",\"@id\":\"https:\\\/\\\/www.iobevo.com\\\/online\\\/#organization\",\"name\":\"General Beverage\",\"url\":\"https:\\\/\\\/www.iobevo.com\\\/online\\\/\",\"logo\":{\"@type\":\"ImageObject\",\"inLanguage\":\"it-IT\",\"@id\":\"https:\\\/\\\/www.iobevo.com\\\/online\\\/#\\\/schema\\\/logo\\\/image\\\/\",\"url\":\"https:\\\/\\\/www.iobevo.com\\\/online\\\/wp-content\\\/uploads\\\/2014\\\/01\\\/logo_gb_horizontal_grey_160x47.png\",\"contentUrl\":\"https:\\\/\\\/www.iobevo.com\\\/online\\\/wp-content\\\/uploads\\\/2014\\\/01\\\/logo_gb_horizontal_grey_160x47.png\",\"width\":160,\"height\":47,\"caption\":\"General Beverage\"},\"image\":{\"@id\":\"https:\\\/\\\/www.iobevo.com\\\/online\\\/#\\\/schema\\\/logo\\\/image\\\/\"},\"sameAs\":[\"https:\\\/\\\/x.com\\\/IoBevo\"]}]}<\/script>\n<!-- \/ Yoast SEO plugin. -->","yoast_head_json":{"title":"| Catering aereo e ferroviaro mediante il sistema trolley bar","description":"Il trolley bar \u00e8 la soluzione ideale per la ristorazione in movimento: sistema mobile di distribuzione bevande ed eliminazione di bottiglie e lattine.","robots":{"index":"index","follow":"follow","max-snippet":"max-snippet:-1","max-image-preview":"max-image-preview:large","max-video-preview":"max-video-preview:-1"},"canonical":"https:\/\/www.iobevo.com\/online\/servizi\/trolley-bar\/","og_locale":"it_IT","og_type":"article","og_title":"Catering aereo e ferroviaro mediante il sistema trolley bar","og_description":"Il trolley bar \u00e8 la soluzione ideale per la ristorazione in movimento: sistema mobile di distribuzione bevande ed eliminazione di bottiglie e lattine.","og_url":"https:\/\/www.iobevo.com\/online\/servizi\/trolley-bar\/","og_site_name":"io bevo\u00ae","article_modified_time":"2017-04-08T17:37:29+00:00","og_image":[{"width":700,"height":580,"url":"https:\/\/www.iobevo.com\/online\/wp-content\/uploads\/2014\/04\/concentrati-per-bevande-tro.jpg","type":"image\/jpeg"}],"twitter_card":"summary_large_image","twitter_title":"Catering aereo e ferroviaro mediante il sistema trolley bar","twitter_description":"Il trolley bar \u00e8 la soluzione ideale per la ristorazione in movimento: sistema mobile di distribuzione bevande ed eliminazione di bottiglie e lattine.","twitter_site":"@IoBevo","twitter_misc":{"Tempo di lettura stimato":"1 minuto"},"schema":{"@context":"https:\/\/schema.org","@graph":[{"@type":"WebPage","@id":"https:\/\/www.iobevo.com\/online\/servizi\/trolley-bar\/","url":"https:\/\/www.iobevo.com\/online\/servizi\/trolley-bar\/","name":"| Catering aereo e ferroviaro mediante il sistema trolley bar","isPartOf":{"@id":"https:\/\/www.iobevo.com\/online\/#website"},"primaryImageOfPage":{"@id":"https:\/\/www.iobevo.com\/online\/servizi\/trolley-bar\/#primaryimage"},"image":{"@id":"https:\/\/www.iobevo.com\/online\/servizi\/trolley-bar\/#primaryimage"},"thumbnailUrl":"https:\/\/www.iobevo.com\/online\/wp-content\/uploads\/2014\/01\/slide-2-bg-e1400667726929.png","datePublished":"2014-01-20T09:04:07+00:00","dateModified":"2017-04-08T17:37:29+00:00","description":"Il trolley bar \u00e8 la soluzione ideale per la ristorazione in movimento: sistema mobile di distribuzione bevande ed eliminazione di bottiglie e lattine.","breadcrumb":{"@id":"https:\/\/www.iobevo.com\/online\/servizi\/trolley-bar\/#breadcrumb"},"inLanguage":"it-IT","potentialAction":[{"@type":"ReadAction","target":["https:\/\/www.iobevo.com\/online\/servizi\/trolley-bar\/"]}]},{"@type":"ImageObject","inLanguage":"it-IT","@id":"https:\/\/www.iobevo.com\/online\/servizi\/trolley-bar\/#primaryimage","url":"https:\/\/www.iobevo.com\/online\/wp-content\/uploads\/2014\/01\/slide-2-bg-e1400667726929.png","contentUrl":"https:\/\/www.iobevo.com\/online\/wp-content\/uploads\/2014\/01\/slide-2-bg-e1400667726929.png","width":1512,"height":400},{"@type":"BreadcrumbList","@id":"https:\/\/www.iobevo.com\/online\/servizi\/trolley-bar\/#breadcrumb","itemListElement":[{"@type":"ListItem","position":1,"name":"Servizi","item":"https:\/\/www.iobevo.com\/online\/servizi\/"},{"@type":"ListItem","position":2,"name":"Trolley Bar"}]},{"@type":"WebSite","@id":"https:\/\/www.iobevo.com\/online\/#website","url":"https:\/\/www.iobevo.com\/online\/","name":"io bevo\u00ae","description":"Drink Plastic free","publisher":{"@id":"https:\/\/www.iobevo.com\/online\/#organization"},"potentialAction":[{"@type":"SearchAction","target":{"@type":"EntryPoint","urlTemplate":"https:\/\/www.iobevo.com\/online\/?s={search_term_string}"},"query-input":{"@type":"PropertyValueSpecification","valueRequired":true,"valueName":"search_term_string"}}],"inLanguage":"it-IT"},{"@type":"Organization","@id":"https:\/\/www.iobevo.com\/online\/#organization","name":"General Beverage","url":"https:\/\/www.iobevo.com\/online\/","logo":{"@type":"ImageObject","inLanguage":"it-IT","@id":"https:\/\/www.iobevo.com\/online\/#\/schema\/logo\/image\/","url":"https:\/\/www.iobevo.com\/online\/wp-content\/uploads\/2014\/01\/logo_gb_horizontal_grey_160x47.png","contentUrl":"https:\/\/www.iobevo.com\/online\/wp-content\/uploads\/2014\/01\/logo_gb_horizontal_grey_160x47.png","width":160,"height":47,"caption":"General Beverage"},"image":{"@id":"https:\/\/www.iobevo.com\/online\/#\/schema\/logo\/image\/"},"sameAs":["https:\/\/x.com\/IoBevo"]}]}},"_links":{"self":[{"href":"https:\/\/www.iobevo.com\/online\/wp-json\/wp\/v2\/pages\/55","targetHints":{"allow":["GET"]}}],"collection":[{"href":"https:\/\/www.iobevo.com\/online\/wp-json\/wp\/v2\/pages"}],"about":[{"href":"https:\/\/www.iobevo.com\/online\/wp-json\/wp\/v2\/types\/page"}],"author":[{"embeddable":true,"href":"https:\/\/www.iobevo.com\/online\/wp-json\/wp\/v2\/users\/84"}],"replies":[{"embeddable":true,"href":"https:\/\/www.iobevo.com\/online\/wp-json\/wp\/v2\/comments?post=55"}],"version-history":[{"count":0,"href":"https:\/\/www.iobevo.com\/online\/wp-json\/wp\/v2\/pages\/55\/revisions"}],"up":[{"embeddable":true,"href":"https:\/\/www.iobevo.com\/online\/wp-json\/wp\/v2\/pages\/28"}],"wp:featuredmedia":[{"embeddable":true,"href":"https:\/\/www.iobevo.com\/online\/wp-json\/wp\/v2\/media\/2831"}],"wp:attachment":[{"href":"https:\/\/www.iobevo.com\/online\/wp-json\/wp\/v2\/media?parent=55"}],"curies":[{"name":"wp","href":"https:\/\/api.w.org\/{rel}","templated":true}]}}