{"id":6095,"date":"2014-07-07T15:05:21","date_gmt":"2014-07-07T15:05:21","guid":{"rendered":"http:\/\/www.iobevo.com\/online\/?page_id=6095"},"modified":"2014-09-05T17:24:59","modified_gmt":"2014-09-05T17:24:59","slug":"objectifs","status":"publish","type":"page","link":"https:\/\/www.iobevo.com\/online\/qui-sommes-nous\/objectifs\/?lang=fr","title":{"rendered":"Objectifs"},"content":{"rendered":"<p><span class=\"responsive\"><img fetchpriority=\"high\" decoding=\"async\" class=\"alignright wp-image-3148\" src=\"http:\/\/www.iobevo.com\/online\/wp-content\/uploads\/2014\/01\/obiettivi-e1400766606650-300x153.jpg\" alt=\"obiettivi\" width=\"350\" height=\"179\" srcset=\"https:\/\/www.iobevo.com\/online\/wp-content\/uploads\/2014\/01\/obiettivi-e1400766606650-300x153.jpg 300w, https:\/\/www.iobevo.com\/online\/wp-content\/uploads\/2014\/01\/obiettivi-e1400766606650.jpg 700w\" sizes=\"(max-width: 350px) 100vw, 350px\" \/><\/span><\/p>\n<p>Nos objectifs:<\/p>\n<ul>\n<li><strong>D\u00e9velopper<\/strong> les services actuels en rapport avec leur potentiel<\/li>\n<li><strong>Concevoir<\/strong> de nouveaux services sur la base des nouvelles exigences du march\u00e9<\/li>\n<li><strong>Personnaliser<\/strong> les solutions de mani\u00e8re constante<\/li>\n<li><strong>Maintenir vives les valeurs<\/strong> par rapport au d\u00e9veloppement de l\u2019entreprise.<\/li>\n<\/ul>\n","protected":false},"excerpt":{"rendered":"<p>Nos objectifs: D\u00e9velopper les services actuels en rapport avec leur potentiel Concevoir de nouveaux services sur la base des nouvelles exigences du march\u00e9 Personnaliser les solutions de mani\u00e8re constante Maintenir vives les valeurs par rapport au d\u00e9veloppement de l\u2019entreprise.<\/p>\n","protected":false},"author":58,"featured_media":2831,"parent":6090,"menu_order":1,"comment_status":"open","ping_status":"closed","template":"","meta":{"footnotes":""},"class_list":["post-6095","page","type-page","status-publish","has-post-thumbnail","hentry"],"yoast_head":"<!-- This site is optimized with the Yoast SEO plugin v27.3 - https:\/\/yoast.com\/product\/yoast-seo-wordpress\/ -->\n<title>Objectifs - io bevo\u00ae<\/title>\n<meta name=\"robots\" content=\"index, follow, max-snippet:-1, max-image-preview:large, max-video-preview:-1\" \/>\n<link rel=\"canonical\" href=\"https:\/\/www.iobevo.com\/online\/qui-sommes-nous\/objectifs\/?lang=fr\" \/>\n<meta property=\"og:locale\" content=\"it_IT\" \/>\n<meta property=\"og:type\" content=\"article\" \/>\n<meta property=\"og:title\" content=\"Objectifs - io bevo\u00ae\" \/>\n<meta property=\"og:description\" content=\"Nos objectifs: D\u00e9velopper les services actuels en rapport avec leur potentiel Concevoir de nouveaux services sur la base des nouvelles exigences du march\u00e9 Personnaliser les solutions de mani\u00e8re constante Maintenir vives les valeurs par rapport au d\u00e9veloppement de l\u2019entreprise.\" \/>\n<meta property=\"og:url\" content=\"https:\/\/www.iobevo.com\/online\/qui-sommes-nous\/objectifs\/?lang=fr\" \/>\n<meta property=\"og:site_name\" content=\"io bevo\u00ae\" \/>\n<meta property=\"article:modified_time\" content=\"2014-09-05T17:24:59+00:00\" \/>\n<meta property=\"og:image\" content=\"https:\/\/www.iobevo.com\/online\/wp-content\/uploads\/2014\/01\/slide-2-bg-e1400667726929.png\" \/>\n\t<meta property=\"og:image:width\" content=\"1512\" \/>\n\t<meta property=\"og:image:height\" content=\"400\" \/>\n\t<meta property=\"og:image:type\" content=\"image\/png\" \/>\n<meta name=\"twitter:card\" content=\"summary_large_image\" \/>\n<meta name=\"twitter:site\" content=\"@IoBevo\" \/>\n<script type=\"application\/ld+json\" class=\"yoast-schema-graph\">{\"@context\":\"https:\\\/\\\/schema.org\",\"@graph\":[{\"@type\":\"WebPage\",\"@id\":\"https:\\\/\\\/www.iobevo.com\\\/online\\\/qui-sommes-nous\\\/objectifs\\\/?lang=fr\",\"url\":\"https:\\\/\\\/www.iobevo.com\\\/online\\\/qui-sommes-nous\\\/objectifs\\\/?lang=fr\",\"name\":\"Objectifs - io bevo\u00ae\",\"isPartOf\":{\"@id\":\"https:\\\/\\\/www.iobevo.com\\\/online\\\/#website\"},\"primaryImageOfPage\":{\"@id\":\"https:\\\/\\\/www.iobevo.com\\\/online\\\/qui-sommes-nous\\\/objectifs\\\/?lang=fr#primaryimage\"},\"image\":{\"@id\":\"https:\\\/\\\/www.iobevo.com\\\/online\\\/qui-sommes-nous\\\/objectifs\\\/?lang=fr#primaryimage\"},\"thumbnailUrl\":\"https:\\\/\\\/www.iobevo.com\\\/online\\\/wp-content\\\/uploads\\\/2014\\\/01\\\/slide-2-bg-e1400667726929.png\",\"datePublished\":\"2014-07-07T15:05:21+00:00\",\"dateModified\":\"2014-09-05T17:24:59+00:00\",\"breadcrumb\":{\"@id\":\"https:\\\/\\\/www.iobevo.com\\\/online\\\/qui-sommes-nous\\\/objectifs\\\/?lang=fr#breadcrumb\"},\"inLanguage\":\"it-IT\",\"potentialAction\":[{\"@type\":\"ReadAction\",\"target\":[\"https:\\\/\\\/www.iobevo.com\\\/online\\\/qui-sommes-nous\\\/objectifs\\\/?lang=fr\"]}]},{\"@type\":\"ImageObject\",\"inLanguage\":\"it-IT\",\"@id\":\"https:\\\/\\\/www.iobevo.com\\\/online\\\/qui-sommes-nous\\\/objectifs\\\/?lang=fr#primaryimage\",\"url\":\"https:\\\/\\\/www.iobevo.com\\\/online\\\/wp-content\\\/uploads\\\/2014\\\/01\\\/slide-2-bg-e1400667726929.png\",\"contentUrl\":\"https:\\\/\\\/www.iobevo.com\\\/online\\\/wp-content\\\/uploads\\\/2014\\\/01\\\/slide-2-bg-e1400667726929.png\",\"width\":1512,\"height\":400},{\"@type\":\"BreadcrumbList\",\"@id\":\"https:\\\/\\\/www.iobevo.com\\\/online\\\/qui-sommes-nous\\\/objectifs\\\/?lang=fr#breadcrumb\",\"itemListElement\":[{\"@type\":\"ListItem\",\"position\":1,\"name\":\"Qui sommes-nous?\",\"item\":\"https:\\\/\\\/www.iobevo.com\\\/online\\\/qui-sommes-nous\\\/?lang=fr\"},{\"@type\":\"ListItem\",\"position\":2,\"name\":\"Objectifs\"}]},{\"@type\":\"WebSite\",\"@id\":\"https:\\\/\\\/www.iobevo.com\\\/online\\\/#website\",\"url\":\"https:\\\/\\\/www.iobevo.com\\\/online\\\/\",\"name\":\"io bevo\u00ae\",\"description\":\"Drink Plastic free\",\"publisher\":{\"@id\":\"https:\\\/\\\/www.iobevo.com\\\/online\\\/#organization\"},\"potentialAction\":[{\"@type\":\"SearchAction\",\"target\":{\"@type\":\"EntryPoint\",\"urlTemplate\":\"https:\\\/\\\/www.iobevo.com\\\/online\\\/?s={search_term_string}\"},\"query-input\":{\"@type\":\"PropertyValueSpecification\",\"valueRequired\":true,\"valueName\":\"search_term_string\"}}],\"inLanguage\":\"it-IT\"},{\"@type\":\"Organization\",\"@id\":\"https:\\\/\\\/www.iobevo.com\\\/online\\\/#organization\",\"name\":\"General Beverage\",\"url\":\"https:\\\/\\\/www.iobevo.com\\\/online\\\/\",\"logo\":{\"@type\":\"ImageObject\",\"inLanguage\":\"it-IT\",\"@id\":\"https:\\\/\\\/www.iobevo.com\\\/online\\\/#\\\/schema\\\/logo\\\/image\\\/\",\"url\":\"https:\\\/\\\/www.iobevo.com\\\/online\\\/wp-content\\\/uploads\\\/2014\\\/01\\\/logo_gb_horizontal_grey_160x47.png\",\"contentUrl\":\"https:\\\/\\\/www.iobevo.com\\\/online\\\/wp-content\\\/uploads\\\/2014\\\/01\\\/logo_gb_horizontal_grey_160x47.png\",\"width\":160,\"height\":47,\"caption\":\"General Beverage\"},\"image\":{\"@id\":\"https:\\\/\\\/www.iobevo.com\\\/online\\\/#\\\/schema\\\/logo\\\/image\\\/\"},\"sameAs\":[\"https:\\\/\\\/x.com\\\/IoBevo\"]}]}<\/script>\n<!-- \/ Yoast SEO plugin. -->","yoast_head_json":{"title":"Objectifs - io bevo\u00ae","robots":{"index":"index","follow":"follow","max-snippet":"max-snippet:-1","max-image-preview":"max-image-preview:large","max-video-preview":"max-video-preview:-1"},"canonical":"https:\/\/www.iobevo.com\/online\/qui-sommes-nous\/objectifs\/?lang=fr","og_locale":"it_IT","og_type":"article","og_title":"Objectifs - io bevo\u00ae","og_description":"Nos objectifs: D\u00e9velopper les services actuels en rapport avec leur potentiel Concevoir de nouveaux services sur la base des nouvelles exigences du march\u00e9 Personnaliser les solutions de mani\u00e8re constante Maintenir vives les valeurs par rapport au d\u00e9veloppement de l\u2019entreprise.","og_url":"https:\/\/www.iobevo.com\/online\/qui-sommes-nous\/objectifs\/?lang=fr","og_site_name":"io bevo\u00ae","article_modified_time":"2014-09-05T17:24:59+00:00","og_image":[{"width":1512,"height":400,"url":"https:\/\/www.iobevo.com\/online\/wp-content\/uploads\/2014\/01\/slide-2-bg-e1400667726929.png","type":"image\/png"}],"twitter_card":"summary_large_image","twitter_site":"@IoBevo","schema":{"@context":"https:\/\/schema.org","@graph":[{"@type":"WebPage","@id":"https:\/\/www.iobevo.com\/online\/qui-sommes-nous\/objectifs\/?lang=fr","url":"https:\/\/www.iobevo.com\/online\/qui-sommes-nous\/objectifs\/?lang=fr","name":"Objectifs - io bevo\u00ae","isPartOf":{"@id":"https:\/\/www.iobevo.com\/online\/#website"},"primaryImageOfPage":{"@id":"https:\/\/www.iobevo.com\/online\/qui-sommes-nous\/objectifs\/?lang=fr#primaryimage"},"image":{"@id":"https:\/\/www.iobevo.com\/online\/qui-sommes-nous\/objectifs\/?lang=fr#primaryimage"},"thumbnailUrl":"https:\/\/www.iobevo.com\/online\/wp-content\/uploads\/2014\/01\/slide-2-bg-e1400667726929.png","datePublished":"2014-07-07T15:05:21+00:00","dateModified":"2014-09-05T17:24:59+00:00","breadcrumb":{"@id":"https:\/\/www.iobevo.com\/online\/qui-sommes-nous\/objectifs\/?lang=fr#breadcrumb"},"inLanguage":"it-IT","potentialAction":[{"@type":"ReadAction","target":["https:\/\/www.iobevo.com\/online\/qui-sommes-nous\/objectifs\/?lang=fr"]}]},{"@type":"ImageObject","inLanguage":"it-IT","@id":"https:\/\/www.iobevo.com\/online\/qui-sommes-nous\/objectifs\/?lang=fr#primaryimage","url":"https:\/\/www.iobevo.com\/online\/wp-content\/uploads\/2014\/01\/slide-2-bg-e1400667726929.png","contentUrl":"https:\/\/www.iobevo.com\/online\/wp-content\/uploads\/2014\/01\/slide-2-bg-e1400667726929.png","width":1512,"height":400},{"@type":"BreadcrumbList","@id":"https:\/\/www.iobevo.com\/online\/qui-sommes-nous\/objectifs\/?lang=fr#breadcrumb","itemListElement":[{"@type":"ListItem","position":1,"name":"Qui sommes-nous?","item":"https:\/\/www.iobevo.com\/online\/qui-sommes-nous\/?lang=fr"},{"@type":"ListItem","position":2,"name":"Objectifs"}]},{"@type":"WebSite","@id":"https:\/\/www.iobevo.com\/online\/#website","url":"https:\/\/www.iobevo.com\/online\/","name":"io bevo\u00ae","description":"Drink Plastic free","publisher":{"@id":"https:\/\/www.iobevo.com\/online\/#organization"},"potentialAction":[{"@type":"SearchAction","target":{"@type":"EntryPoint","urlTemplate":"https:\/\/www.iobevo.com\/online\/?s={search_term_string}"},"query-input":{"@type":"PropertyValueSpecification","valueRequired":true,"valueName":"search_term_string"}}],"inLanguage":"it-IT"},{"@type":"Organization","@id":"https:\/\/www.iobevo.com\/online\/#organization","name":"General Beverage","url":"https:\/\/www.iobevo.com\/online\/","logo":{"@type":"ImageObject","inLanguage":"it-IT","@id":"https:\/\/www.iobevo.com\/online\/#\/schema\/logo\/image\/","url":"https:\/\/www.iobevo.com\/online\/wp-content\/uploads\/2014\/01\/logo_gb_horizontal_grey_160x47.png","contentUrl":"https:\/\/www.iobevo.com\/online\/wp-content\/uploads\/2014\/01\/logo_gb_horizontal_grey_160x47.png","width":160,"height":47,"caption":"General Beverage"},"image":{"@id":"https:\/\/www.iobevo.com\/online\/#\/schema\/logo\/image\/"},"sameAs":["https:\/\/x.com\/IoBevo"]}]}},"_links":{"self":[{"href":"https:\/\/www.iobevo.com\/online\/wp-json\/wp\/v2\/pages\/6095","targetHints":{"allow":["GET"]}}],"collection":[{"href":"https:\/\/www.iobevo.com\/online\/wp-json\/wp\/v2\/pages"}],"about":[{"href":"https:\/\/www.iobevo.com\/online\/wp-json\/wp\/v2\/types\/page"}],"author":[{"embeddable":true,"href":"https:\/\/www.iobevo.com\/online\/wp-json\/wp\/v2\/users\/58"}],"replies":[{"embeddable":true,"href":"https:\/\/www.iobevo.com\/online\/wp-json\/wp\/v2\/comments?post=6095"}],"version-history":[{"count":0,"href":"https:\/\/www.iobevo.com\/online\/wp-json\/wp\/v2\/pages\/6095\/revisions"}],"up":[{"embeddable":true,"href":"https:\/\/www.iobevo.com\/online\/wp-json\/wp\/v2\/pages\/6090"}],"wp:featuredmedia":[{"embeddable":true,"href":"https:\/\/www.iobevo.com\/online\/wp-json\/wp\/v2\/media\/2831"}],"wp:attachment":[{"href":"https:\/\/www.iobevo.com\/online\/wp-json\/wp\/v2\/media?parent=6095"}],"curies":[{"name":"wp","href":"https:\/\/api.w.org\/{rel}","templated":true}]}}