{"id":6098,"date":"2014-07-07T15:06:37","date_gmt":"2014-07-07T15:06:37","guid":{"rendered":"http:\/\/www.iobevo.com\/online\/?page_id=6098"},"modified":"2014-09-05T17:23:41","modified_gmt":"2014-09-05T17:23:41","slug":"valeurs","status":"publish","type":"page","link":"https:\/\/www.iobevo.com\/online\/qui-sommes-nous\/valeurs\/?lang=fr","title":{"rendered":"Valeurs"},"content":{"rendered":"<p><span class=\"responsive\"><img fetchpriority=\"high\" decoding=\"async\" class=\"alignright wp-image-3151\" src=\"http:\/\/www.iobevo.com\/online\/wp-content\/uploads\/2014\/04\/valori-e1400766245397-300x207.jpg\" alt=\"valori\" width=\"350\" height=\"242\" srcset=\"https:\/\/www.iobevo.com\/online\/wp-content\/uploads\/2014\/04\/valori-e1400766245397-300x207.jpg 300w, https:\/\/www.iobevo.com\/online\/wp-content\/uploads\/2014\/04\/valori-e1400766245397.jpg 700w\" sizes=\"(max-width: 350px) 100vw, 350px\" \/><\/span><\/p>\n<p>Les valeurs fondamentales auxquelles nous croyons sont:<\/p>\n<ul>\n<li>La valeur \u00e9conomique est le r\u00e9sultat de l&#8217;<strong>engagement<\/strong>, de la <strong>cr\u00e9ativit\u00e9<\/strong>, de l\u2019<strong>attention aux d\u00e9tails<\/strong>, de l&#8217;<strong>efficacit\u00e9<\/strong>, et de la <strong>passion<\/strong>.<\/li>\n<li>La production de valeur ne peut pas \u00eatre s\u00e9par\u00e9e de l&#8217;<strong>attention \u00e0 accorder \u00e0 l&#8217;homme et \u00e0 l&#8217;environnement<\/strong>: ECOnomie et ECOlogie ont la m\u00eame origine \u00e9tymologique et un horizon commun.<\/li>\n<li>Il ne peut y avoir de d\u00e9veloppement sans <strong>tradition<\/strong>.<\/li>\n<li>La promotion d&#8217;un produit ou d&#8217;un service doit \u00eatre coh\u00e9rente avec sa <strong>qualit\u00e9<\/strong>.<\/li>\n<li>La n\u00e9cessit\u00e9 de r\u00e9duire les co\u00fbts et d\u2019\u00eatre <strong>durable pour l&#8217;environnement et pour la communaut\u00e9<\/strong> est un stimulant pour l&#8217;am\u00e9lioration et la croissance.<\/li>\n<\/ul>\n","protected":false},"excerpt":{"rendered":"<p>Les valeurs fondamentales auxquelles nous croyons sont: La valeur \u00e9conomique est le r\u00e9sultat de l&#8217;engagement, de la cr\u00e9ativit\u00e9, de l\u2019attention aux d\u00e9tails, de l&#8217;efficacit\u00e9, et de la passion. La production de valeur ne peut pas \u00eatre s\u00e9par\u00e9e de l&#8217;attention \u00e0 accorder \u00e0 l&#8217;homme et \u00e0 l&#8217;environnement: ECOnomie et ECOlogie ont [&hellip;]<\/p>\n","protected":false},"author":58,"featured_media":2831,"parent":6090,"menu_order":3,"comment_status":"open","ping_status":"closed","template":"","meta":{"footnotes":""},"class_list":["post-6098","page","type-page","status-publish","has-post-thumbnail","hentry"],"yoast_head":"<!-- This site is optimized with the Yoast SEO plugin v27.4 - https:\/\/yoast.com\/product\/yoast-seo-wordpress\/ -->\n<title>Valeurs - io bevo\u00ae<\/title>\n<meta name=\"robots\" content=\"index, follow, max-snippet:-1, max-image-preview:large, max-video-preview:-1\" \/>\n<link rel=\"canonical\" href=\"https:\/\/www.iobevo.com\/online\/qui-sommes-nous\/valeurs\/?lang=fr\" \/>\n<meta property=\"og:locale\" content=\"it_IT\" \/>\n<meta property=\"og:type\" content=\"article\" \/>\n<meta property=\"og:title\" content=\"Valeurs - io bevo\u00ae\" \/>\n<meta property=\"og:description\" content=\"Les valeurs fondamentales auxquelles nous croyons sont: La valeur \u00e9conomique est le r\u00e9sultat de l&#8217;engagement, de la cr\u00e9ativit\u00e9, de l\u2019attention aux d\u00e9tails, de l&#8217;efficacit\u00e9, et de la passion. La production de valeur ne peut pas \u00eatre s\u00e9par\u00e9e de l&#8217;attention \u00e0 accorder \u00e0 l&#8217;homme et \u00e0 l&#8217;environnement: ECOnomie et ECOlogie ont [&hellip;]\" \/>\n<meta property=\"og:url\" content=\"https:\/\/www.iobevo.com\/online\/qui-sommes-nous\/valeurs\/?lang=fr\" \/>\n<meta property=\"og:site_name\" content=\"io bevo\u00ae\" \/>\n<meta property=\"article:modified_time\" content=\"2014-09-05T17:23:41+00:00\" \/>\n<meta property=\"og:image\" content=\"https:\/\/www.iobevo.com\/online\/wp-content\/uploads\/2014\/01\/slide-2-bg-e1400667726929.png\" \/>\n\t<meta property=\"og:image:width\" content=\"1512\" \/>\n\t<meta property=\"og:image:height\" content=\"400\" \/>\n\t<meta property=\"og:image:type\" content=\"image\/png\" \/>\n<meta name=\"twitter:card\" content=\"summary_large_image\" \/>\n<meta name=\"twitter:site\" content=\"@IoBevo\" \/>\n<meta name=\"twitter:label1\" content=\"Tempo di lettura stimato\" \/>\n\t<meta name=\"twitter:data1\" content=\"1 minuto\" \/>\n<script type=\"application\/ld+json\" class=\"yoast-schema-graph\">{\"@context\":\"https:\\\/\\\/schema.org\",\"@graph\":[{\"@type\":\"WebPage\",\"@id\":\"https:\\\/\\\/www.iobevo.com\\\/online\\\/qui-sommes-nous\\\/valeurs\\\/?lang=fr\",\"url\":\"https:\\\/\\\/www.iobevo.com\\\/online\\\/qui-sommes-nous\\\/valeurs\\\/?lang=fr\",\"name\":\"Valeurs - io bevo\u00ae\",\"isPartOf\":{\"@id\":\"https:\\\/\\\/www.iobevo.com\\\/online\\\/#website\"},\"primaryImageOfPage\":{\"@id\":\"https:\\\/\\\/www.iobevo.com\\\/online\\\/qui-sommes-nous\\\/valeurs\\\/?lang=fr#primaryimage\"},\"image\":{\"@id\":\"https:\\\/\\\/www.iobevo.com\\\/online\\\/qui-sommes-nous\\\/valeurs\\\/?lang=fr#primaryimage\"},\"thumbnailUrl\":\"https:\\\/\\\/www.iobevo.com\\\/online\\\/wp-content\\\/uploads\\\/2014\\\/01\\\/slide-2-bg-e1400667726929.png\",\"datePublished\":\"2014-07-07T15:06:37+00:00\",\"dateModified\":\"2014-09-05T17:23:41+00:00\",\"breadcrumb\":{\"@id\":\"https:\\\/\\\/www.iobevo.com\\\/online\\\/qui-sommes-nous\\\/valeurs\\\/?lang=fr#breadcrumb\"},\"inLanguage\":\"it-IT\",\"potentialAction\":[{\"@type\":\"ReadAction\",\"target\":[\"https:\\\/\\\/www.iobevo.com\\\/online\\\/qui-sommes-nous\\\/valeurs\\\/?lang=fr\"]}]},{\"@type\":\"ImageObject\",\"inLanguage\":\"it-IT\",\"@id\":\"https:\\\/\\\/www.iobevo.com\\\/online\\\/qui-sommes-nous\\\/valeurs\\\/?lang=fr#primaryimage\",\"url\":\"https:\\\/\\\/www.iobevo.com\\\/online\\\/wp-content\\\/uploads\\\/2014\\\/01\\\/slide-2-bg-e1400667726929.png\",\"contentUrl\":\"https:\\\/\\\/www.iobevo.com\\\/online\\\/wp-content\\\/uploads\\\/2014\\\/01\\\/slide-2-bg-e1400667726929.png\",\"width\":1512,\"height\":400},{\"@type\":\"BreadcrumbList\",\"@id\":\"https:\\\/\\\/www.iobevo.com\\\/online\\\/qui-sommes-nous\\\/valeurs\\\/?lang=fr#breadcrumb\",\"itemListElement\":[{\"@type\":\"ListItem\",\"position\":1,\"name\":\"Qui sommes-nous?\",\"item\":\"https:\\\/\\\/www.iobevo.com\\\/online\\\/qui-sommes-nous\\\/?lang=fr\"},{\"@type\":\"ListItem\",\"position\":2,\"name\":\"Valeurs\"}]},{\"@type\":\"WebSite\",\"@id\":\"https:\\\/\\\/www.iobevo.com\\\/online\\\/#website\",\"url\":\"https:\\\/\\\/www.iobevo.com\\\/online\\\/\",\"name\":\"io bevo\u00ae\",\"description\":\"Drink Plastic free\",\"publisher\":{\"@id\":\"https:\\\/\\\/www.iobevo.com\\\/online\\\/#organization\"},\"potentialAction\":[{\"@type\":\"SearchAction\",\"target\":{\"@type\":\"EntryPoint\",\"urlTemplate\":\"https:\\\/\\\/www.iobevo.com\\\/online\\\/?s={search_term_string}\"},\"query-input\":{\"@type\":\"PropertyValueSpecification\",\"valueRequired\":true,\"valueName\":\"search_term_string\"}}],\"inLanguage\":\"it-IT\"},{\"@type\":\"Organization\",\"@id\":\"https:\\\/\\\/www.iobevo.com\\\/online\\\/#organization\",\"name\":\"General Beverage\",\"url\":\"https:\\\/\\\/www.iobevo.com\\\/online\\\/\",\"logo\":{\"@type\":\"ImageObject\",\"inLanguage\":\"it-IT\",\"@id\":\"https:\\\/\\\/www.iobevo.com\\\/online\\\/#\\\/schema\\\/logo\\\/image\\\/\",\"url\":\"https:\\\/\\\/www.iobevo.com\\\/online\\\/wp-content\\\/uploads\\\/2014\\\/01\\\/logo_gb_horizontal_grey_160x47.png\",\"contentUrl\":\"https:\\\/\\\/www.iobevo.com\\\/online\\\/wp-content\\\/uploads\\\/2014\\\/01\\\/logo_gb_horizontal_grey_160x47.png\",\"width\":160,\"height\":47,\"caption\":\"General Beverage\"},\"image\":{\"@id\":\"https:\\\/\\\/www.iobevo.com\\\/online\\\/#\\\/schema\\\/logo\\\/image\\\/\"},\"sameAs\":[\"https:\\\/\\\/x.com\\\/IoBevo\"]}]}<\/script>\n<!-- \/ Yoast SEO plugin. -->","yoast_head_json":{"title":"Valeurs - io bevo\u00ae","robots":{"index":"index","follow":"follow","max-snippet":"max-snippet:-1","max-image-preview":"max-image-preview:large","max-video-preview":"max-video-preview:-1"},"canonical":"https:\/\/www.iobevo.com\/online\/qui-sommes-nous\/valeurs\/?lang=fr","og_locale":"it_IT","og_type":"article","og_title":"Valeurs - io bevo\u00ae","og_description":"Les valeurs fondamentales auxquelles nous croyons sont: La valeur \u00e9conomique est le r\u00e9sultat de l&#8217;engagement, de la cr\u00e9ativit\u00e9, de l\u2019attention aux d\u00e9tails, de l&#8217;efficacit\u00e9, et de la passion. La production de valeur ne peut pas \u00eatre s\u00e9par\u00e9e de l&#8217;attention \u00e0 accorder \u00e0 l&#8217;homme et \u00e0 l&#8217;environnement: ECOnomie et ECOlogie ont [&hellip;]","og_url":"https:\/\/www.iobevo.com\/online\/qui-sommes-nous\/valeurs\/?lang=fr","og_site_name":"io bevo\u00ae","article_modified_time":"2014-09-05T17:23:41+00:00","og_image":[{"width":1512,"height":400,"url":"https:\/\/www.iobevo.com\/online\/wp-content\/uploads\/2014\/01\/slide-2-bg-e1400667726929.png","type":"image\/png"}],"twitter_card":"summary_large_image","twitter_site":"@IoBevo","twitter_misc":{"Tempo di lettura stimato":"1 minuto"},"schema":{"@context":"https:\/\/schema.org","@graph":[{"@type":"WebPage","@id":"https:\/\/www.iobevo.com\/online\/qui-sommes-nous\/valeurs\/?lang=fr","url":"https:\/\/www.iobevo.com\/online\/qui-sommes-nous\/valeurs\/?lang=fr","name":"Valeurs - io bevo\u00ae","isPartOf":{"@id":"https:\/\/www.iobevo.com\/online\/#website"},"primaryImageOfPage":{"@id":"https:\/\/www.iobevo.com\/online\/qui-sommes-nous\/valeurs\/?lang=fr#primaryimage"},"image":{"@id":"https:\/\/www.iobevo.com\/online\/qui-sommes-nous\/valeurs\/?lang=fr#primaryimage"},"thumbnailUrl":"https:\/\/www.iobevo.com\/online\/wp-content\/uploads\/2014\/01\/slide-2-bg-e1400667726929.png","datePublished":"2014-07-07T15:06:37+00:00","dateModified":"2014-09-05T17:23:41+00:00","breadcrumb":{"@id":"https:\/\/www.iobevo.com\/online\/qui-sommes-nous\/valeurs\/?lang=fr#breadcrumb"},"inLanguage":"it-IT","potentialAction":[{"@type":"ReadAction","target":["https:\/\/www.iobevo.com\/online\/qui-sommes-nous\/valeurs\/?lang=fr"]}]},{"@type":"ImageObject","inLanguage":"it-IT","@id":"https:\/\/www.iobevo.com\/online\/qui-sommes-nous\/valeurs\/?lang=fr#primaryimage","url":"https:\/\/www.iobevo.com\/online\/wp-content\/uploads\/2014\/01\/slide-2-bg-e1400667726929.png","contentUrl":"https:\/\/www.iobevo.com\/online\/wp-content\/uploads\/2014\/01\/slide-2-bg-e1400667726929.png","width":1512,"height":400},{"@type":"BreadcrumbList","@id":"https:\/\/www.iobevo.com\/online\/qui-sommes-nous\/valeurs\/?lang=fr#breadcrumb","itemListElement":[{"@type":"ListItem","position":1,"name":"Qui sommes-nous?","item":"https:\/\/www.iobevo.com\/online\/qui-sommes-nous\/?lang=fr"},{"@type":"ListItem","position":2,"name":"Valeurs"}]},{"@type":"WebSite","@id":"https:\/\/www.iobevo.com\/online\/#website","url":"https:\/\/www.iobevo.com\/online\/","name":"io bevo\u00ae","description":"Drink Plastic free","publisher":{"@id":"https:\/\/www.iobevo.com\/online\/#organization"},"potentialAction":[{"@type":"SearchAction","target":{"@type":"EntryPoint","urlTemplate":"https:\/\/www.iobevo.com\/online\/?s={search_term_string}"},"query-input":{"@type":"PropertyValueSpecification","valueRequired":true,"valueName":"search_term_string"}}],"inLanguage":"it-IT"},{"@type":"Organization","@id":"https:\/\/www.iobevo.com\/online\/#organization","name":"General Beverage","url":"https:\/\/www.iobevo.com\/online\/","logo":{"@type":"ImageObject","inLanguage":"it-IT","@id":"https:\/\/www.iobevo.com\/online\/#\/schema\/logo\/image\/","url":"https:\/\/www.iobevo.com\/online\/wp-content\/uploads\/2014\/01\/logo_gb_horizontal_grey_160x47.png","contentUrl":"https:\/\/www.iobevo.com\/online\/wp-content\/uploads\/2014\/01\/logo_gb_horizontal_grey_160x47.png","width":160,"height":47,"caption":"General Beverage"},"image":{"@id":"https:\/\/www.iobevo.com\/online\/#\/schema\/logo\/image\/"},"sameAs":["https:\/\/x.com\/IoBevo"]}]}},"_links":{"self":[{"href":"https:\/\/www.iobevo.com\/online\/wp-json\/wp\/v2\/pages\/6098","targetHints":{"allow":["GET"]}}],"collection":[{"href":"https:\/\/www.iobevo.com\/online\/wp-json\/wp\/v2\/pages"}],"about":[{"href":"https:\/\/www.iobevo.com\/online\/wp-json\/wp\/v2\/types\/page"}],"author":[{"embeddable":true,"href":"https:\/\/www.iobevo.com\/online\/wp-json\/wp\/v2\/users\/58"}],"replies":[{"embeddable":true,"href":"https:\/\/www.iobevo.com\/online\/wp-json\/wp\/v2\/comments?post=6098"}],"version-history":[{"count":0,"href":"https:\/\/www.iobevo.com\/online\/wp-json\/wp\/v2\/pages\/6098\/revisions"}],"up":[{"embeddable":true,"href":"https:\/\/www.iobevo.com\/online\/wp-json\/wp\/v2\/pages\/6090"}],"wp:featuredmedia":[{"embeddable":true,"href":"https:\/\/www.iobevo.com\/online\/wp-json\/wp\/v2\/media\/2831"}],"wp:attachment":[{"href":"https:\/\/www.iobevo.com\/online\/wp-json\/wp\/v2\/media?parent=6098"}],"curies":[{"name":"wp","href":"https:\/\/api.w.org\/{rel}","templated":true}]}}