{"id":6100,"date":"2014-07-07T15:10:51","date_gmt":"2014-07-07T15:10:51","guid":{"rendered":"http:\/\/www.iobevo.com\/online\/?page_id=6100"},"modified":"2014-09-05T17:29:03","modified_gmt":"2014-09-05T17:29:03","slug":"bevo-pour-lenvironnement","status":"publish","type":"page","link":"https:\/\/www.iobevo.com\/online\/bevo-pour-lenvironnement\/?lang=fr","title":{"rendered":"io bevo pour l&#8217;environnement"},"content":{"rendered":"<p><img fetchpriority=\"high\" decoding=\"async\" class=\"alignright wp-image-3159 size-full\" src=\"http:\/\/www.iobevo.com\/online\/wp-content\/uploads\/2014\/01\/ambiente-e1400766809257.jpg\" alt=\"ambiente\" width=\"220\" height=\"257\" \/><\/p>\n<p>Tous les produits et services General Beverage ont une connotation environnementale: la soci\u00e9t\u00e9 s\u2019engage sur le plan op\u00e9rationnel \u00e0 soutenir, promouvoir et participer \u00e0 des initiatives, projets et strat\u00e9gies visant \u00e0 la <strong>durabilit\u00e9 environnementale et sociale<\/strong>.<\/p>\n<p>Gr\u00e2ce \u00e0 un tel engagement et aux r\u00e9sultats obtenus sur le plan de l\u2019environnement, il a re\u00e7u d\u2019importants prix et reconnaissances institutionnelles.<\/p>\n","protected":false},"excerpt":{"rendered":"<p>Tous les produits et services General Beverage ont une connotation environnementale: la soci\u00e9t\u00e9 s\u2019engage sur le plan op\u00e9rationnel \u00e0 soutenir, promouvoir et participer \u00e0 des initiatives, projets et strat\u00e9gies visant \u00e0 la durabilit\u00e9 environnementale et sociale. Gr\u00e2ce \u00e0 un tel engagement et aux r\u00e9sultats obtenus sur le plan de l\u2019environnement, [&hellip;]<\/p>\n","protected":false},"author":58,"featured_media":20846,"parent":0,"menu_order":2,"comment_status":"open","ping_status":"closed","template":"","meta":{"footnotes":""},"class_list":["post-6100","page","type-page","status-publish","has-post-thumbnail","hentry"],"yoast_head":"<!-- This site is optimized with the Yoast SEO plugin v27.4 - https:\/\/yoast.com\/product\/yoast-seo-wordpress\/ -->\n<title>io bevo pour l&#039;environnement - io bevo\u00ae<\/title>\n<meta name=\"robots\" content=\"index, follow, max-snippet:-1, max-image-preview:large, max-video-preview:-1\" \/>\n<link rel=\"canonical\" href=\"https:\/\/www.iobevo.com\/online\/bevo-pour-lenvironnement\/?lang=fr\" \/>\n<meta property=\"og:locale\" content=\"it_IT\" \/>\n<meta property=\"og:type\" content=\"article\" \/>\n<meta property=\"og:title\" content=\"io bevo pour l&#039;environnement - io bevo\u00ae\" \/>\n<meta property=\"og:description\" content=\"Tous les produits et services General Beverage ont une connotation environnementale: la soci\u00e9t\u00e9 s\u2019engage sur le plan op\u00e9rationnel \u00e0 soutenir, promouvoir et participer \u00e0 des initiatives, projets et strat\u00e9gies visant \u00e0 la durabilit\u00e9 environnementale et sociale. Gr\u00e2ce \u00e0 un tel engagement et aux r\u00e9sultats obtenus sur le plan de l\u2019environnement, [&hellip;]\" \/>\n<meta property=\"og:url\" content=\"https:\/\/www.iobevo.com\/online\/bevo-pour-lenvironnement\/?lang=fr\" \/>\n<meta property=\"og:site_name\" content=\"io bevo\u00ae\" \/>\n<meta property=\"article:modified_time\" content=\"2014-09-05T17:29:03+00:00\" \/>\n<meta property=\"og:image\" content=\"http:\/\/www.iobevo.com\/online\/wp-content\/uploads\/2014\/01\/ambiente-e1400766809257.jpg\" \/>\n<meta name=\"twitter:card\" content=\"summary_large_image\" \/>\n<meta name=\"twitter:site\" content=\"@IoBevo\" \/>\n<script type=\"application\/ld+json\" class=\"yoast-schema-graph\">{\"@context\":\"https:\\\/\\\/schema.org\",\"@graph\":[{\"@type\":\"WebPage\",\"@id\":\"https:\\\/\\\/www.iobevo.com\\\/online\\\/bevo-pour-lenvironnement\\\/?lang=fr\",\"url\":\"https:\\\/\\\/www.iobevo.com\\\/online\\\/bevo-pour-lenvironnement\\\/?lang=fr\",\"name\":\"io bevo pour l'environnement - io bevo\u00ae\",\"isPartOf\":{\"@id\":\"https:\\\/\\\/www.iobevo.com\\\/online\\\/#website\"},\"primaryImageOfPage\":{\"@id\":\"https:\\\/\\\/www.iobevo.com\\\/online\\\/bevo-pour-lenvironnement\\\/?lang=fr#primaryimage\"},\"image\":{\"@id\":\"https:\\\/\\\/www.iobevo.com\\\/online\\\/bevo-pour-lenvironnement\\\/?lang=fr#primaryimage\"},\"thumbnailUrl\":\"https:\\\/\\\/www.iobevo.com\\\/online\\\/wp-content\\\/uploads\\\/2014\\\/01\\\/slide-2-bg-e1400667726929.png\",\"datePublished\":\"2014-07-07T15:10:51+00:00\",\"dateModified\":\"2014-09-05T17:29:03+00:00\",\"inLanguage\":\"it-IT\",\"potentialAction\":[{\"@type\":\"ReadAction\",\"target\":[\"https:\\\/\\\/www.iobevo.com\\\/online\\\/bevo-pour-lenvironnement\\\/?lang=fr\"]}]},{\"@type\":\"ImageObject\",\"inLanguage\":\"it-IT\",\"@id\":\"https:\\\/\\\/www.iobevo.com\\\/online\\\/bevo-pour-lenvironnement\\\/?lang=fr#primaryimage\",\"url\":\"https:\\\/\\\/www.iobevo.com\\\/online\\\/wp-content\\\/uploads\\\/2014\\\/01\\\/slide-2-bg-e1400667726929.png\",\"contentUrl\":\"https:\\\/\\\/www.iobevo.com\\\/online\\\/wp-content\\\/uploads\\\/2014\\\/01\\\/slide-2-bg-e1400667726929.png\",\"width\":1512,\"height\":400},{\"@type\":\"WebSite\",\"@id\":\"https:\\\/\\\/www.iobevo.com\\\/online\\\/#website\",\"url\":\"https:\\\/\\\/www.iobevo.com\\\/online\\\/\",\"name\":\"io bevo\u00ae\",\"description\":\"Drink Plastic free\",\"publisher\":{\"@id\":\"https:\\\/\\\/www.iobevo.com\\\/online\\\/#organization\"},\"potentialAction\":[{\"@type\":\"SearchAction\",\"target\":{\"@type\":\"EntryPoint\",\"urlTemplate\":\"https:\\\/\\\/www.iobevo.com\\\/online\\\/?s={search_term_string}\"},\"query-input\":{\"@type\":\"PropertyValueSpecification\",\"valueRequired\":true,\"valueName\":\"search_term_string\"}}],\"inLanguage\":\"it-IT\"},{\"@type\":\"Organization\",\"@id\":\"https:\\\/\\\/www.iobevo.com\\\/online\\\/#organization\",\"name\":\"General Beverage\",\"url\":\"https:\\\/\\\/www.iobevo.com\\\/online\\\/\",\"logo\":{\"@type\":\"ImageObject\",\"inLanguage\":\"it-IT\",\"@id\":\"https:\\\/\\\/www.iobevo.com\\\/online\\\/#\\\/schema\\\/logo\\\/image\\\/\",\"url\":\"https:\\\/\\\/www.iobevo.com\\\/online\\\/wp-content\\\/uploads\\\/2014\\\/01\\\/logo_gb_horizontal_grey_160x47.png\",\"contentUrl\":\"https:\\\/\\\/www.iobevo.com\\\/online\\\/wp-content\\\/uploads\\\/2014\\\/01\\\/logo_gb_horizontal_grey_160x47.png\",\"width\":160,\"height\":47,\"caption\":\"General Beverage\"},\"image\":{\"@id\":\"https:\\\/\\\/www.iobevo.com\\\/online\\\/#\\\/schema\\\/logo\\\/image\\\/\"},\"sameAs\":[\"https:\\\/\\\/x.com\\\/IoBevo\"]}]}<\/script>\n<!-- \/ Yoast SEO plugin. -->","yoast_head_json":{"title":"io bevo pour l'environnement - io bevo\u00ae","robots":{"index":"index","follow":"follow","max-snippet":"max-snippet:-1","max-image-preview":"max-image-preview:large","max-video-preview":"max-video-preview:-1"},"canonical":"https:\/\/www.iobevo.com\/online\/bevo-pour-lenvironnement\/?lang=fr","og_locale":"it_IT","og_type":"article","og_title":"io bevo pour l'environnement - io bevo\u00ae","og_description":"Tous les produits et services General Beverage ont une connotation environnementale: la soci\u00e9t\u00e9 s\u2019engage sur le plan op\u00e9rationnel \u00e0 soutenir, promouvoir et participer \u00e0 des initiatives, projets et strat\u00e9gies visant \u00e0 la durabilit\u00e9 environnementale et sociale. Gr\u00e2ce \u00e0 un tel engagement et aux r\u00e9sultats obtenus sur le plan de l\u2019environnement, [&hellip;]","og_url":"https:\/\/www.iobevo.com\/online\/bevo-pour-lenvironnement\/?lang=fr","og_site_name":"io bevo\u00ae","article_modified_time":"2014-09-05T17:29:03+00:00","og_image":[{"url":"http:\/\/www.iobevo.com\/online\/wp-content\/uploads\/2014\/01\/ambiente-e1400766809257.jpg","type":"","width":"","height":""}],"twitter_card":"summary_large_image","twitter_site":"@IoBevo","schema":{"@context":"https:\/\/schema.org","@graph":[{"@type":"WebPage","@id":"https:\/\/www.iobevo.com\/online\/bevo-pour-lenvironnement\/?lang=fr","url":"https:\/\/www.iobevo.com\/online\/bevo-pour-lenvironnement\/?lang=fr","name":"io bevo pour l'environnement - io bevo\u00ae","isPartOf":{"@id":"https:\/\/www.iobevo.com\/online\/#website"},"primaryImageOfPage":{"@id":"https:\/\/www.iobevo.com\/online\/bevo-pour-lenvironnement\/?lang=fr#primaryimage"},"image":{"@id":"https:\/\/www.iobevo.com\/online\/bevo-pour-lenvironnement\/?lang=fr#primaryimage"},"thumbnailUrl":"https:\/\/www.iobevo.com\/online\/wp-content\/uploads\/2014\/01\/slide-2-bg-e1400667726929.png","datePublished":"2014-07-07T15:10:51+00:00","dateModified":"2014-09-05T17:29:03+00:00","inLanguage":"it-IT","potentialAction":[{"@type":"ReadAction","target":["https:\/\/www.iobevo.com\/online\/bevo-pour-lenvironnement\/?lang=fr"]}]},{"@type":"ImageObject","inLanguage":"it-IT","@id":"https:\/\/www.iobevo.com\/online\/bevo-pour-lenvironnement\/?lang=fr#primaryimage","url":"https:\/\/www.iobevo.com\/online\/wp-content\/uploads\/2014\/01\/slide-2-bg-e1400667726929.png","contentUrl":"https:\/\/www.iobevo.com\/online\/wp-content\/uploads\/2014\/01\/slide-2-bg-e1400667726929.png","width":1512,"height":400},{"@type":"WebSite","@id":"https:\/\/www.iobevo.com\/online\/#website","url":"https:\/\/www.iobevo.com\/online\/","name":"io bevo\u00ae","description":"Drink Plastic free","publisher":{"@id":"https:\/\/www.iobevo.com\/online\/#organization"},"potentialAction":[{"@type":"SearchAction","target":{"@type":"EntryPoint","urlTemplate":"https:\/\/www.iobevo.com\/online\/?s={search_term_string}"},"query-input":{"@type":"PropertyValueSpecification","valueRequired":true,"valueName":"search_term_string"}}],"inLanguage":"it-IT"},{"@type":"Organization","@id":"https:\/\/www.iobevo.com\/online\/#organization","name":"General Beverage","url":"https:\/\/www.iobevo.com\/online\/","logo":{"@type":"ImageObject","inLanguage":"it-IT","@id":"https:\/\/www.iobevo.com\/online\/#\/schema\/logo\/image\/","url":"https:\/\/www.iobevo.com\/online\/wp-content\/uploads\/2014\/01\/logo_gb_horizontal_grey_160x47.png","contentUrl":"https:\/\/www.iobevo.com\/online\/wp-content\/uploads\/2014\/01\/logo_gb_horizontal_grey_160x47.png","width":160,"height":47,"caption":"General Beverage"},"image":{"@id":"https:\/\/www.iobevo.com\/online\/#\/schema\/logo\/image\/"},"sameAs":["https:\/\/x.com\/IoBevo"]}]}},"_links":{"self":[{"href":"https:\/\/www.iobevo.com\/online\/wp-json\/wp\/v2\/pages\/6100","targetHints":{"allow":["GET"]}}],"collection":[{"href":"https:\/\/www.iobevo.com\/online\/wp-json\/wp\/v2\/pages"}],"about":[{"href":"https:\/\/www.iobevo.com\/online\/wp-json\/wp\/v2\/types\/page"}],"author":[{"embeddable":true,"href":"https:\/\/www.iobevo.com\/online\/wp-json\/wp\/v2\/users\/58"}],"replies":[{"embeddable":true,"href":"https:\/\/www.iobevo.com\/online\/wp-json\/wp\/v2\/comments?post=6100"}],"version-history":[{"count":0,"href":"https:\/\/www.iobevo.com\/online\/wp-json\/wp\/v2\/pages\/6100\/revisions"}],"wp:featuredmedia":[{"embeddable":true,"href":"https:\/\/www.iobevo.com\/online\/wp-json\/wp\/v2\/media\/20846"}],"wp:attachment":[{"href":"https:\/\/www.iobevo.com\/online\/wp-json\/wp\/v2\/media?parent=6100"}],"curies":[{"name":"wp","href":"https:\/\/api.w.org\/{rel}","templated":true}]}}