{"id":6102,"date":"2014-07-07T15:12:18","date_gmt":"2014-07-07T15:12:18","guid":{"rendered":"http:\/\/www.iobevo.com\/online\/?page_id=6102"},"modified":"2014-09-05T17:43:56","modified_gmt":"2014-09-05T17:43:56","slug":"commerce-equitable-et-solidaire","status":"publish","type":"page","link":"https:\/\/www.iobevo.com\/online\/bevo-pour-lenvironnement\/commerce-equitable-et-solidaire\/?lang=fr","title":{"rendered":"Commerce \u00e9quitable et solidaire"},"content":{"rendered":"<p><span class=\"responsive\"><\/p>\n<p><img fetchpriority=\"high\" decoding=\"async\" class=\"alignright wp-image-3697 size-medium\" src=\"http:\/\/www.iobevo.com\/online\/wp-content\/uploads\/2014\/05\/lavoratore-faitrade-e1400767487949-300x177.jpg\" alt=\"lavoratore-faitrade\" width=\"300\" height=\"177\" srcset=\"https:\/\/www.iobevo.com\/online\/wp-content\/uploads\/2014\/05\/lavoratore-faitrade-e1400767487949-300x177.jpg 300w, https:\/\/www.iobevo.com\/online\/wp-content\/uploads\/2014\/05\/lavoratore-faitrade-e1400767487949.jpg 700w\" sizes=\"(max-width: 300px) 100vw, 300px\" \/><\/span><\/p>\n<p>General Beverage est titulaire d&#8217;une licence internationale de garantie du commerce \u00e9quitable et solidaire de <a title=\"Fairtrade\" href=\"http:\/\/www.fairtrade.net\/\" target=\"_blank\">Fairtrade<\/a> et est membre du consortium <a title=\"Fairtrade Italia\" href=\"http:\/\/www.fairtradeitalia.it\/\" target=\"_blank\">Fairtrade Italie<\/a>.<\/p>\n<p>Les boissons \u00e9quitables et solidaires qu\u2019il produit et commercialise, sont garanties par Fairtrade et fabriqu\u00e9es \u00e0 partir de mati\u00e8res premi\u00e8res achet\u00e9es aupr\u00e8s de producteurs d\u2019Afrique, d\u2019Asie et d\u2019Am\u00e9rique Latine, selon les r\u00e8gles du commerce \u00e9quitable et solidaire qui pr\u00e9voient, entre autres: reconnaissance d&#8217;un prix qui couvre non seulement les co\u00fbts de production et les salaires des travailleurs, mais qui offre aussi une marge pour investir dans des projets sociaux et de sant\u00e9, rapports commerciaux stables, partenariat avec des organismes qui ont peu de possibilit\u00e9 d\u2019acc\u00e8s aux march\u00e9s.<\/p>\n<p>Le commerce \u00e9quitable et solidaire est une fa\u00e7on simple et concr\u00e8te pour d\u00e9finir un rapport plus juste avec les producteurs de l&#8217;h\u00e9misph\u00e8re sud du monde et r\u00e9duire l&#8217;exploitation de la main d\u2019\u0153uvre.<\/p>\n<p><a href=\"http:\/\/www.fairtradeitalia.it\/\"><img decoding=\"async\" class=\"img {border:0;} alignnone wp-image-4959\" src=\"http:\/\/www.iobevo.com\/online\/wp-content\/uploads\/2013\/01\/Fairtrade_colours_blackR1-161x180.jpg\" alt=\"Fairtrade_colours_blackR1\" width=\"118\" height=\"140\" \/><\/a><\/p>\n<p>&nbsp;<\/p>\n","protected":false},"excerpt":{"rendered":"<p>General Beverage est titulaire d&#8217;une licence internationale de garantie du commerce \u00e9quitable et solidaire de Fairtrade et est membre du consortium Fairtrade Italie. Les boissons \u00e9quitables et solidaires qu\u2019il produit et commercialise, sont garanties par Fairtrade et fabriqu\u00e9es \u00e0 partir de mati\u00e8res premi\u00e8res achet\u00e9es aupr\u00e8s de producteurs d\u2019Afrique, d\u2019Asie et [&hellip;]<\/p>\n","protected":false},"author":58,"featured_media":2831,"parent":6100,"menu_order":0,"comment_status":"open","ping_status":"closed","template":"","meta":{"footnotes":""},"class_list":["post-6102","page","type-page","status-publish","has-post-thumbnail","hentry"],"yoast_head":"<!-- This site is optimized with the Yoast SEO plugin v27.5 - https:\/\/yoast.com\/product\/yoast-seo-wordpress\/ -->\n<title>Commerce \u00e9quitable et solidaire - io bevo\u00ae<\/title>\n<meta name=\"robots\" content=\"index, follow, max-snippet:-1, max-image-preview:large, max-video-preview:-1\" \/>\n<link rel=\"canonical\" href=\"https:\/\/www.iobevo.com\/online\/bevo-pour-lenvironnement\/commerce-equitable-et-solidaire\/?lang=fr\" \/>\n<meta property=\"og:locale\" content=\"it_IT\" \/>\n<meta property=\"og:type\" content=\"article\" \/>\n<meta property=\"og:title\" content=\"Commerce \u00e9quitable et solidaire - io bevo\u00ae\" \/>\n<meta property=\"og:description\" content=\"General Beverage est titulaire d&#8217;une licence internationale de garantie du commerce \u00e9quitable et solidaire de Fairtrade et est membre du consortium Fairtrade Italie. Les boissons \u00e9quitables et solidaires qu\u2019il produit et commercialise, sont garanties par Fairtrade et fabriqu\u00e9es \u00e0 partir de mati\u00e8res premi\u00e8res achet\u00e9es aupr\u00e8s de producteurs d\u2019Afrique, d\u2019Asie et [&hellip;]\" \/>\n<meta property=\"og:url\" content=\"https:\/\/www.iobevo.com\/online\/bevo-pour-lenvironnement\/commerce-equitable-et-solidaire\/?lang=fr\" \/>\n<meta property=\"og:site_name\" content=\"io bevo\u00ae\" \/>\n<meta property=\"article:modified_time\" content=\"2014-09-05T17:43:56+00:00\" \/>\n<meta property=\"og:image\" content=\"https:\/\/www.iobevo.com\/online\/wp-content\/uploads\/2014\/01\/slide-2-bg-e1400667726929.png\" \/>\n\t<meta property=\"og:image:width\" content=\"1512\" \/>\n\t<meta property=\"og:image:height\" content=\"400\" \/>\n\t<meta property=\"og:image:type\" content=\"image\/png\" \/>\n<meta name=\"twitter:card\" content=\"summary_large_image\" \/>\n<meta name=\"twitter:site\" content=\"@IoBevo\" \/>\n<meta name=\"twitter:label1\" content=\"Tempo di lettura stimato\" \/>\n\t<meta name=\"twitter:data1\" content=\"1 minuto\" \/>\n<script type=\"application\/ld+json\" class=\"yoast-schema-graph\">{\"@context\":\"https:\\\/\\\/schema.org\",\"@graph\":[{\"@type\":\"WebPage\",\"@id\":\"https:\\\/\\\/www.iobevo.com\\\/online\\\/bevo-pour-lenvironnement\\\/commerce-equitable-et-solidaire\\\/?lang=fr\",\"url\":\"https:\\\/\\\/www.iobevo.com\\\/online\\\/bevo-pour-lenvironnement\\\/commerce-equitable-et-solidaire\\\/?lang=fr\",\"name\":\"Commerce \u00e9quitable et solidaire - io bevo\u00ae\",\"isPartOf\":{\"@id\":\"https:\\\/\\\/www.iobevo.com\\\/online\\\/#website\"},\"primaryImageOfPage\":{\"@id\":\"https:\\\/\\\/www.iobevo.com\\\/online\\\/bevo-pour-lenvironnement\\\/commerce-equitable-et-solidaire\\\/?lang=fr#primaryimage\"},\"image\":{\"@id\":\"https:\\\/\\\/www.iobevo.com\\\/online\\\/bevo-pour-lenvironnement\\\/commerce-equitable-et-solidaire\\\/?lang=fr#primaryimage\"},\"thumbnailUrl\":\"https:\\\/\\\/www.iobevo.com\\\/online\\\/wp-content\\\/uploads\\\/2014\\\/01\\\/slide-2-bg-e1400667726929.png\",\"datePublished\":\"2014-07-07T15:12:18+00:00\",\"dateModified\":\"2014-09-05T17:43:56+00:00\",\"breadcrumb\":{\"@id\":\"https:\\\/\\\/www.iobevo.com\\\/online\\\/bevo-pour-lenvironnement\\\/commerce-equitable-et-solidaire\\\/?lang=fr#breadcrumb\"},\"inLanguage\":\"it-IT\",\"potentialAction\":[{\"@type\":\"ReadAction\",\"target\":[\"https:\\\/\\\/www.iobevo.com\\\/online\\\/bevo-pour-lenvironnement\\\/commerce-equitable-et-solidaire\\\/?lang=fr\"]}]},{\"@type\":\"ImageObject\",\"inLanguage\":\"it-IT\",\"@id\":\"https:\\\/\\\/www.iobevo.com\\\/online\\\/bevo-pour-lenvironnement\\\/commerce-equitable-et-solidaire\\\/?lang=fr#primaryimage\",\"url\":\"https:\\\/\\\/www.iobevo.com\\\/online\\\/wp-content\\\/uploads\\\/2014\\\/01\\\/slide-2-bg-e1400667726929.png\",\"contentUrl\":\"https:\\\/\\\/www.iobevo.com\\\/online\\\/wp-content\\\/uploads\\\/2014\\\/01\\\/slide-2-bg-e1400667726929.png\",\"width\":1512,\"height\":400},{\"@type\":\"BreadcrumbList\",\"@id\":\"https:\\\/\\\/www.iobevo.com\\\/online\\\/bevo-pour-lenvironnement\\\/commerce-equitable-et-solidaire\\\/?lang=fr#breadcrumb\",\"itemListElement\":[{\"@type\":\"ListItem\",\"position\":1,\"name\":\"io bevo pour l&rsquo;environnement\",\"item\":\"https:\\\/\\\/www.iobevo.com\\\/online\\\/bevo-pour-lenvironnement\\\/?lang=fr\"},{\"@type\":\"ListItem\",\"position\":2,\"name\":\"Commerce \u00e9quitable et solidaire\"}]},{\"@type\":\"WebSite\",\"@id\":\"https:\\\/\\\/www.iobevo.com\\\/online\\\/#website\",\"url\":\"https:\\\/\\\/www.iobevo.com\\\/online\\\/\",\"name\":\"io bevo\u00ae\",\"description\":\"Drink Plastic free\",\"publisher\":{\"@id\":\"https:\\\/\\\/www.iobevo.com\\\/online\\\/#organization\"},\"potentialAction\":[{\"@type\":\"SearchAction\",\"target\":{\"@type\":\"EntryPoint\",\"urlTemplate\":\"https:\\\/\\\/www.iobevo.com\\\/online\\\/?s={search_term_string}\"},\"query-input\":{\"@type\":\"PropertyValueSpecification\",\"valueRequired\":true,\"valueName\":\"search_term_string\"}}],\"inLanguage\":\"it-IT\"},{\"@type\":\"Organization\",\"@id\":\"https:\\\/\\\/www.iobevo.com\\\/online\\\/#organization\",\"name\":\"General Beverage\",\"url\":\"https:\\\/\\\/www.iobevo.com\\\/online\\\/\",\"logo\":{\"@type\":\"ImageObject\",\"inLanguage\":\"it-IT\",\"@id\":\"https:\\\/\\\/www.iobevo.com\\\/online\\\/#\\\/schema\\\/logo\\\/image\\\/\",\"url\":\"https:\\\/\\\/www.iobevo.com\\\/online\\\/wp-content\\\/uploads\\\/2014\\\/01\\\/logo_gb_horizontal_grey_160x47.png\",\"contentUrl\":\"https:\\\/\\\/www.iobevo.com\\\/online\\\/wp-content\\\/uploads\\\/2014\\\/01\\\/logo_gb_horizontal_grey_160x47.png\",\"width\":160,\"height\":47,\"caption\":\"General Beverage\"},\"image\":{\"@id\":\"https:\\\/\\\/www.iobevo.com\\\/online\\\/#\\\/schema\\\/logo\\\/image\\\/\"},\"sameAs\":[\"https:\\\/\\\/x.com\\\/IoBevo\"]}]}<\/script>\n<!-- \/ Yoast SEO plugin. -->","yoast_head_json":{"title":"Commerce \u00e9quitable et solidaire - io bevo\u00ae","robots":{"index":"index","follow":"follow","max-snippet":"max-snippet:-1","max-image-preview":"max-image-preview:large","max-video-preview":"max-video-preview:-1"},"canonical":"https:\/\/www.iobevo.com\/online\/bevo-pour-lenvironnement\/commerce-equitable-et-solidaire\/?lang=fr","og_locale":"it_IT","og_type":"article","og_title":"Commerce \u00e9quitable et solidaire - io bevo\u00ae","og_description":"General Beverage est titulaire d&#8217;une licence internationale de garantie du commerce \u00e9quitable et solidaire de Fairtrade et est membre du consortium Fairtrade Italie. Les boissons \u00e9quitables et solidaires qu\u2019il produit et commercialise, sont garanties par Fairtrade et fabriqu\u00e9es \u00e0 partir de mati\u00e8res premi\u00e8res achet\u00e9es aupr\u00e8s de producteurs d\u2019Afrique, d\u2019Asie et [&hellip;]","og_url":"https:\/\/www.iobevo.com\/online\/bevo-pour-lenvironnement\/commerce-equitable-et-solidaire\/?lang=fr","og_site_name":"io bevo\u00ae","article_modified_time":"2014-09-05T17:43:56+00:00","og_image":[{"width":1512,"height":400,"url":"https:\/\/www.iobevo.com\/online\/wp-content\/uploads\/2014\/01\/slide-2-bg-e1400667726929.png","type":"image\/png"}],"twitter_card":"summary_large_image","twitter_site":"@IoBevo","twitter_misc":{"Tempo di lettura stimato":"1 minuto"},"schema":{"@context":"https:\/\/schema.org","@graph":[{"@type":"WebPage","@id":"https:\/\/www.iobevo.com\/online\/bevo-pour-lenvironnement\/commerce-equitable-et-solidaire\/?lang=fr","url":"https:\/\/www.iobevo.com\/online\/bevo-pour-lenvironnement\/commerce-equitable-et-solidaire\/?lang=fr","name":"Commerce \u00e9quitable et solidaire - io bevo\u00ae","isPartOf":{"@id":"https:\/\/www.iobevo.com\/online\/#website"},"primaryImageOfPage":{"@id":"https:\/\/www.iobevo.com\/online\/bevo-pour-lenvironnement\/commerce-equitable-et-solidaire\/?lang=fr#primaryimage"},"image":{"@id":"https:\/\/www.iobevo.com\/online\/bevo-pour-lenvironnement\/commerce-equitable-et-solidaire\/?lang=fr#primaryimage"},"thumbnailUrl":"https:\/\/www.iobevo.com\/online\/wp-content\/uploads\/2014\/01\/slide-2-bg-e1400667726929.png","datePublished":"2014-07-07T15:12:18+00:00","dateModified":"2014-09-05T17:43:56+00:00","breadcrumb":{"@id":"https:\/\/www.iobevo.com\/online\/bevo-pour-lenvironnement\/commerce-equitable-et-solidaire\/?lang=fr#breadcrumb"},"inLanguage":"it-IT","potentialAction":[{"@type":"ReadAction","target":["https:\/\/www.iobevo.com\/online\/bevo-pour-lenvironnement\/commerce-equitable-et-solidaire\/?lang=fr"]}]},{"@type":"ImageObject","inLanguage":"it-IT","@id":"https:\/\/www.iobevo.com\/online\/bevo-pour-lenvironnement\/commerce-equitable-et-solidaire\/?lang=fr#primaryimage","url":"https:\/\/www.iobevo.com\/online\/wp-content\/uploads\/2014\/01\/slide-2-bg-e1400667726929.png","contentUrl":"https:\/\/www.iobevo.com\/online\/wp-content\/uploads\/2014\/01\/slide-2-bg-e1400667726929.png","width":1512,"height":400},{"@type":"BreadcrumbList","@id":"https:\/\/www.iobevo.com\/online\/bevo-pour-lenvironnement\/commerce-equitable-et-solidaire\/?lang=fr#breadcrumb","itemListElement":[{"@type":"ListItem","position":1,"name":"io bevo pour l&rsquo;environnement","item":"https:\/\/www.iobevo.com\/online\/bevo-pour-lenvironnement\/?lang=fr"},{"@type":"ListItem","position":2,"name":"Commerce \u00e9quitable et solidaire"}]},{"@type":"WebSite","@id":"https:\/\/www.iobevo.com\/online\/#website","url":"https:\/\/www.iobevo.com\/online\/","name":"io bevo\u00ae","description":"Drink Plastic free","publisher":{"@id":"https:\/\/www.iobevo.com\/online\/#organization"},"potentialAction":[{"@type":"SearchAction","target":{"@type":"EntryPoint","urlTemplate":"https:\/\/www.iobevo.com\/online\/?s={search_term_string}"},"query-input":{"@type":"PropertyValueSpecification","valueRequired":true,"valueName":"search_term_string"}}],"inLanguage":"it-IT"},{"@type":"Organization","@id":"https:\/\/www.iobevo.com\/online\/#organization","name":"General Beverage","url":"https:\/\/www.iobevo.com\/online\/","logo":{"@type":"ImageObject","inLanguage":"it-IT","@id":"https:\/\/www.iobevo.com\/online\/#\/schema\/logo\/image\/","url":"https:\/\/www.iobevo.com\/online\/wp-content\/uploads\/2014\/01\/logo_gb_horizontal_grey_160x47.png","contentUrl":"https:\/\/www.iobevo.com\/online\/wp-content\/uploads\/2014\/01\/logo_gb_horizontal_grey_160x47.png","width":160,"height":47,"caption":"General Beverage"},"image":{"@id":"https:\/\/www.iobevo.com\/online\/#\/schema\/logo\/image\/"},"sameAs":["https:\/\/x.com\/IoBevo"]}]}},"_links":{"self":[{"href":"https:\/\/www.iobevo.com\/online\/wp-json\/wp\/v2\/pages\/6102","targetHints":{"allow":["GET"]}}],"collection":[{"href":"https:\/\/www.iobevo.com\/online\/wp-json\/wp\/v2\/pages"}],"about":[{"href":"https:\/\/www.iobevo.com\/online\/wp-json\/wp\/v2\/types\/page"}],"author":[{"embeddable":true,"href":"https:\/\/www.iobevo.com\/online\/wp-json\/wp\/v2\/users\/58"}],"replies":[{"embeddable":true,"href":"https:\/\/www.iobevo.com\/online\/wp-json\/wp\/v2\/comments?post=6102"}],"version-history":[{"count":0,"href":"https:\/\/www.iobevo.com\/online\/wp-json\/wp\/v2\/pages\/6102\/revisions"}],"up":[{"embeddable":true,"href":"https:\/\/www.iobevo.com\/online\/wp-json\/wp\/v2\/pages\/6100"}],"wp:featuredmedia":[{"embeddable":true,"href":"https:\/\/www.iobevo.com\/online\/wp-json\/wp\/v2\/media\/2831"}],"wp:attachment":[{"href":"https:\/\/www.iobevo.com\/online\/wp-json\/wp\/v2\/media?parent=6102"}],"curies":[{"name":"wp","href":"https:\/\/api.w.org\/{rel}","templated":true}]}}