{"id":6106,"date":"2014-07-07T15:15:13","date_gmt":"2014-07-07T15:15:13","guid":{"rendered":"http:\/\/www.iobevo.com\/online\/?page_id=6106"},"modified":"2014-09-05T17:34:07","modified_gmt":"2014-09-05T17:34:07","slug":"developpement-durable","status":"publish","type":"page","link":"https:\/\/www.iobevo.com\/online\/bevo-pour-lenvironnement\/developpement-durable\/?lang=fr","title":{"rendered":"D\u00e9veloppement durable"},"content":{"rendered":"<p><img fetchpriority=\"high\" decoding=\"async\" class=\"alignright wp-image-3679 size-medium\" src=\"http:\/\/www.iobevo.com\/online\/wp-content\/uploads\/2014\/05\/sviluppo_sostenibile-e1400767220764-300x238.jpg\" alt=\"sviluppo_sostenibile\" width=\"300\" height=\"238\" srcset=\"https:\/\/www.iobevo.com\/online\/wp-content\/uploads\/2014\/05\/sviluppo_sostenibile-e1400767220764-300x238.jpg 300w, https:\/\/www.iobevo.com\/online\/wp-content\/uploads\/2014\/05\/sviluppo_sostenibile-e1400767220764.jpg 700w\" sizes=\"(max-width: 300px) 100vw, 300px\" \/>La d\u00e9finition g\u00e9n\u00e9ralement admise de <strong>d\u00e9veloppement durable<\/strong> aujourd&#8217;hui est celle contenue dans le rapport Brundtland, pr\u00e9par\u00e9 en 1987 par la Commission mondiale sur l&#8217;environnement et le d\u00e9veloppement et qui prend le nom du Premier Ministre norv\u00e9gien Gro Harlem Brundtland, qui a pr\u00e9sid\u00e9 cette comit\u00e9:<\/p>\n<blockquote><p>Le d\u00e9veloppement durable, loin d&#8217;\u00eatre une condition d\u00e9finitive d&#8217;harmonie, est plut\u00f4t le processus de changement dans lequel l&#8217;exploitation des ressources, la direction des investissements, l&#8217;orientation du d\u00e9veloppement technologique et les transformations institutionnelles sont conformes aux besoins futurs ainsi qu\u2019\u00e0 ceux d\u2019aujourd\u2019hui<\/p><\/blockquote>\n<p><span class=\"responsive\"><\/span><br \/>\nLe document a en m\u00eame temps soulign\u00e9 la n\u00e9cessit\u00e9 de<strong> tutelle des besoins de tous les individus<\/strong>, dans une optique de l\u00e9gitimit\u00e9 universelle \u00e0 aspirer \u00e0 de meilleures conditions de vie; ainsi comme il est soulign\u00e9 la n\u00e9cessit\u00e9 et l&#8217;importance d&#8217;une plus grande participation des citoyens dans le but de mettre en \u0153uvre efficacement un processus d\u00e9mocratique qui contribue \u00e0 des choix au niveau international:<\/p>\n<blockquote><p>Le d\u00e9veloppement durable exige de satisfaire les besoins fondamentaux de tous et d\u2019\u00e9tendre \u00e0 tous la <strong>possibilit\u00e9 de r\u00e9aliser ses propres aspirations \u00e0 une vie meilleure<\/strong> (&#8230;) La satisfaction des besoins essentiels exige non seulement une nouvelle \u00e8re de croissance \u00e9conomique pour les pays o\u00f9 la plupart des gens sont pauvres, mais aussi la garantie que ces pauvres aient leur juste part des ressources n\u00e9cessaires pour soutenir cette croissance. Cette <strong>\u00e9quit\u00e9<\/strong> serait facilit\u00e9e soit par les syst\u00e8mes politiques qui assurent la participation effective des citoyens \u00e0 la prise de d\u00e9cision, soit par une plus grande d\u00e9mocratie au niveau des choix internationaux.<\/p><\/blockquote>\n<ul>\n<li><a href=\"http:\/\/iobevo.com\/online\/wp-content\/uploads\/2014\/05\/PIANO-NAZIONALE-SVILUPPO-SOSTENIBILE.pdf\" target=\"_blank\">Il piano nazionale per lo sviluppo sostenibile<\/a><\/li>\n<li><a title=\"Agenda 21\" href=\"http:\/\/www.agenda21.it\/\" target=\"_blank\">Agenda21<\/a><\/li>\n<\/ul>\n","protected":false},"excerpt":{"rendered":"<p>La d\u00e9finition g\u00e9n\u00e9ralement admise de d\u00e9veloppement durable aujourd&#8217;hui est celle contenue dans le rapport Brundtland, pr\u00e9par\u00e9 en 1987 par la Commission mondiale sur l&#8217;environnement et le d\u00e9veloppement et qui prend le nom du Premier Ministre norv\u00e9gien Gro Harlem Brundtland, qui a pr\u00e9sid\u00e9 cette comit\u00e9: Le d\u00e9veloppement durable, loin d&#8217;\u00eatre une [&hellip;]<\/p>\n","protected":false},"author":58,"featured_media":2831,"parent":6100,"menu_order":2,"comment_status":"open","ping_status":"closed","template":"","meta":{"footnotes":""},"class_list":["post-6106","page","type-page","status-publish","has-post-thumbnail","hentry"],"yoast_head":"<!-- This site is optimized with the Yoast SEO plugin v27.4 - https:\/\/yoast.com\/product\/yoast-seo-wordpress\/ -->\n<title>D\u00e9veloppement durable - io bevo\u00ae<\/title>\n<meta name=\"robots\" content=\"index, follow, max-snippet:-1, max-image-preview:large, max-video-preview:-1\" \/>\n<link rel=\"canonical\" href=\"https:\/\/www.iobevo.com\/online\/bevo-pour-lenvironnement\/developpement-durable\/?lang=fr\" \/>\n<meta property=\"og:locale\" content=\"it_IT\" \/>\n<meta property=\"og:type\" content=\"article\" \/>\n<meta property=\"og:title\" content=\"D\u00e9veloppement durable - io bevo\u00ae\" \/>\n<meta property=\"og:description\" content=\"La d\u00e9finition g\u00e9n\u00e9ralement admise de d\u00e9veloppement durable aujourd&#8217;hui est celle contenue dans le rapport Brundtland, pr\u00e9par\u00e9 en 1987 par la Commission mondiale sur l&#8217;environnement et le d\u00e9veloppement et qui prend le nom du Premier Ministre norv\u00e9gien Gro Harlem Brundtland, qui a pr\u00e9sid\u00e9 cette comit\u00e9: Le d\u00e9veloppement durable, loin d&#8217;\u00eatre une [&hellip;]\" \/>\n<meta property=\"og:url\" content=\"https:\/\/www.iobevo.com\/online\/bevo-pour-lenvironnement\/developpement-durable\/?lang=fr\" \/>\n<meta property=\"og:site_name\" content=\"io bevo\u00ae\" \/>\n<meta property=\"article:modified_time\" content=\"2014-09-05T17:34:07+00:00\" \/>\n<meta property=\"og:image\" content=\"https:\/\/www.iobevo.com\/online\/wp-content\/uploads\/2014\/01\/slide-2-bg-e1400667726929.png\" \/>\n\t<meta property=\"og:image:width\" content=\"1512\" \/>\n\t<meta property=\"og:image:height\" content=\"400\" \/>\n\t<meta property=\"og:image:type\" content=\"image\/png\" \/>\n<meta name=\"twitter:card\" content=\"summary_large_image\" \/>\n<meta name=\"twitter:site\" content=\"@IoBevo\" \/>\n<meta name=\"twitter:label1\" content=\"Tempo di lettura stimato\" \/>\n\t<meta name=\"twitter:data1\" content=\"1 minuto\" \/>\n<script type=\"application\/ld+json\" class=\"yoast-schema-graph\">{\"@context\":\"https:\\\/\\\/schema.org\",\"@graph\":[{\"@type\":\"WebPage\",\"@id\":\"https:\\\/\\\/www.iobevo.com\\\/online\\\/bevo-pour-lenvironnement\\\/developpement-durable\\\/?lang=fr\",\"url\":\"https:\\\/\\\/www.iobevo.com\\\/online\\\/bevo-pour-lenvironnement\\\/developpement-durable\\\/?lang=fr\",\"name\":\"D\u00e9veloppement durable - io bevo\u00ae\",\"isPartOf\":{\"@id\":\"https:\\\/\\\/www.iobevo.com\\\/online\\\/#website\"},\"primaryImageOfPage\":{\"@id\":\"https:\\\/\\\/www.iobevo.com\\\/online\\\/bevo-pour-lenvironnement\\\/developpement-durable\\\/?lang=fr#primaryimage\"},\"image\":{\"@id\":\"https:\\\/\\\/www.iobevo.com\\\/online\\\/bevo-pour-lenvironnement\\\/developpement-durable\\\/?lang=fr#primaryimage\"},\"thumbnailUrl\":\"https:\\\/\\\/www.iobevo.com\\\/online\\\/wp-content\\\/uploads\\\/2014\\\/01\\\/slide-2-bg-e1400667726929.png\",\"datePublished\":\"2014-07-07T15:15:13+00:00\",\"dateModified\":\"2014-09-05T17:34:07+00:00\",\"breadcrumb\":{\"@id\":\"https:\\\/\\\/www.iobevo.com\\\/online\\\/bevo-pour-lenvironnement\\\/developpement-durable\\\/?lang=fr#breadcrumb\"},\"inLanguage\":\"it-IT\",\"potentialAction\":[{\"@type\":\"ReadAction\",\"target\":[\"https:\\\/\\\/www.iobevo.com\\\/online\\\/bevo-pour-lenvironnement\\\/developpement-durable\\\/?lang=fr\"]}]},{\"@type\":\"ImageObject\",\"inLanguage\":\"it-IT\",\"@id\":\"https:\\\/\\\/www.iobevo.com\\\/online\\\/bevo-pour-lenvironnement\\\/developpement-durable\\\/?lang=fr#primaryimage\",\"url\":\"https:\\\/\\\/www.iobevo.com\\\/online\\\/wp-content\\\/uploads\\\/2014\\\/01\\\/slide-2-bg-e1400667726929.png\",\"contentUrl\":\"https:\\\/\\\/www.iobevo.com\\\/online\\\/wp-content\\\/uploads\\\/2014\\\/01\\\/slide-2-bg-e1400667726929.png\",\"width\":1512,\"height\":400},{\"@type\":\"BreadcrumbList\",\"@id\":\"https:\\\/\\\/www.iobevo.com\\\/online\\\/bevo-pour-lenvironnement\\\/developpement-durable\\\/?lang=fr#breadcrumb\",\"itemListElement\":[{\"@type\":\"ListItem\",\"position\":1,\"name\":\"io bevo pour l&rsquo;environnement\",\"item\":\"https:\\\/\\\/www.iobevo.com\\\/online\\\/bevo-pour-lenvironnement\\\/?lang=fr\"},{\"@type\":\"ListItem\",\"position\":2,\"name\":\"D\u00e9veloppement durable\"}]},{\"@type\":\"WebSite\",\"@id\":\"https:\\\/\\\/www.iobevo.com\\\/online\\\/#website\",\"url\":\"https:\\\/\\\/www.iobevo.com\\\/online\\\/\",\"name\":\"io bevo\u00ae\",\"description\":\"Drink Plastic free\",\"publisher\":{\"@id\":\"https:\\\/\\\/www.iobevo.com\\\/online\\\/#organization\"},\"potentialAction\":[{\"@type\":\"SearchAction\",\"target\":{\"@type\":\"EntryPoint\",\"urlTemplate\":\"https:\\\/\\\/www.iobevo.com\\\/online\\\/?s={search_term_string}\"},\"query-input\":{\"@type\":\"PropertyValueSpecification\",\"valueRequired\":true,\"valueName\":\"search_term_string\"}}],\"inLanguage\":\"it-IT\"},{\"@type\":\"Organization\",\"@id\":\"https:\\\/\\\/www.iobevo.com\\\/online\\\/#organization\",\"name\":\"General Beverage\",\"url\":\"https:\\\/\\\/www.iobevo.com\\\/online\\\/\",\"logo\":{\"@type\":\"ImageObject\",\"inLanguage\":\"it-IT\",\"@id\":\"https:\\\/\\\/www.iobevo.com\\\/online\\\/#\\\/schema\\\/logo\\\/image\\\/\",\"url\":\"https:\\\/\\\/www.iobevo.com\\\/online\\\/wp-content\\\/uploads\\\/2014\\\/01\\\/logo_gb_horizontal_grey_160x47.png\",\"contentUrl\":\"https:\\\/\\\/www.iobevo.com\\\/online\\\/wp-content\\\/uploads\\\/2014\\\/01\\\/logo_gb_horizontal_grey_160x47.png\",\"width\":160,\"height\":47,\"caption\":\"General Beverage\"},\"image\":{\"@id\":\"https:\\\/\\\/www.iobevo.com\\\/online\\\/#\\\/schema\\\/logo\\\/image\\\/\"},\"sameAs\":[\"https:\\\/\\\/x.com\\\/IoBevo\"]}]}<\/script>\n<!-- \/ Yoast SEO plugin. -->","yoast_head_json":{"title":"D\u00e9veloppement durable - io bevo\u00ae","robots":{"index":"index","follow":"follow","max-snippet":"max-snippet:-1","max-image-preview":"max-image-preview:large","max-video-preview":"max-video-preview:-1"},"canonical":"https:\/\/www.iobevo.com\/online\/bevo-pour-lenvironnement\/developpement-durable\/?lang=fr","og_locale":"it_IT","og_type":"article","og_title":"D\u00e9veloppement durable - io bevo\u00ae","og_description":"La d\u00e9finition g\u00e9n\u00e9ralement admise de d\u00e9veloppement durable aujourd&#8217;hui est celle contenue dans le rapport Brundtland, pr\u00e9par\u00e9 en 1987 par la Commission mondiale sur l&#8217;environnement et le d\u00e9veloppement et qui prend le nom du Premier Ministre norv\u00e9gien Gro Harlem Brundtland, qui a pr\u00e9sid\u00e9 cette comit\u00e9: Le d\u00e9veloppement durable, loin d&#8217;\u00eatre une [&hellip;]","og_url":"https:\/\/www.iobevo.com\/online\/bevo-pour-lenvironnement\/developpement-durable\/?lang=fr","og_site_name":"io bevo\u00ae","article_modified_time":"2014-09-05T17:34:07+00:00","og_image":[{"width":1512,"height":400,"url":"https:\/\/www.iobevo.com\/online\/wp-content\/uploads\/2014\/01\/slide-2-bg-e1400667726929.png","type":"image\/png"}],"twitter_card":"summary_large_image","twitter_site":"@IoBevo","twitter_misc":{"Tempo di lettura stimato":"1 minuto"},"schema":{"@context":"https:\/\/schema.org","@graph":[{"@type":"WebPage","@id":"https:\/\/www.iobevo.com\/online\/bevo-pour-lenvironnement\/developpement-durable\/?lang=fr","url":"https:\/\/www.iobevo.com\/online\/bevo-pour-lenvironnement\/developpement-durable\/?lang=fr","name":"D\u00e9veloppement durable - io bevo\u00ae","isPartOf":{"@id":"https:\/\/www.iobevo.com\/online\/#website"},"primaryImageOfPage":{"@id":"https:\/\/www.iobevo.com\/online\/bevo-pour-lenvironnement\/developpement-durable\/?lang=fr#primaryimage"},"image":{"@id":"https:\/\/www.iobevo.com\/online\/bevo-pour-lenvironnement\/developpement-durable\/?lang=fr#primaryimage"},"thumbnailUrl":"https:\/\/www.iobevo.com\/online\/wp-content\/uploads\/2014\/01\/slide-2-bg-e1400667726929.png","datePublished":"2014-07-07T15:15:13+00:00","dateModified":"2014-09-05T17:34:07+00:00","breadcrumb":{"@id":"https:\/\/www.iobevo.com\/online\/bevo-pour-lenvironnement\/developpement-durable\/?lang=fr#breadcrumb"},"inLanguage":"it-IT","potentialAction":[{"@type":"ReadAction","target":["https:\/\/www.iobevo.com\/online\/bevo-pour-lenvironnement\/developpement-durable\/?lang=fr"]}]},{"@type":"ImageObject","inLanguage":"it-IT","@id":"https:\/\/www.iobevo.com\/online\/bevo-pour-lenvironnement\/developpement-durable\/?lang=fr#primaryimage","url":"https:\/\/www.iobevo.com\/online\/wp-content\/uploads\/2014\/01\/slide-2-bg-e1400667726929.png","contentUrl":"https:\/\/www.iobevo.com\/online\/wp-content\/uploads\/2014\/01\/slide-2-bg-e1400667726929.png","width":1512,"height":400},{"@type":"BreadcrumbList","@id":"https:\/\/www.iobevo.com\/online\/bevo-pour-lenvironnement\/developpement-durable\/?lang=fr#breadcrumb","itemListElement":[{"@type":"ListItem","position":1,"name":"io bevo pour l&rsquo;environnement","item":"https:\/\/www.iobevo.com\/online\/bevo-pour-lenvironnement\/?lang=fr"},{"@type":"ListItem","position":2,"name":"D\u00e9veloppement durable"}]},{"@type":"WebSite","@id":"https:\/\/www.iobevo.com\/online\/#website","url":"https:\/\/www.iobevo.com\/online\/","name":"io bevo\u00ae","description":"Drink Plastic free","publisher":{"@id":"https:\/\/www.iobevo.com\/online\/#organization"},"potentialAction":[{"@type":"SearchAction","target":{"@type":"EntryPoint","urlTemplate":"https:\/\/www.iobevo.com\/online\/?s={search_term_string}"},"query-input":{"@type":"PropertyValueSpecification","valueRequired":true,"valueName":"search_term_string"}}],"inLanguage":"it-IT"},{"@type":"Organization","@id":"https:\/\/www.iobevo.com\/online\/#organization","name":"General Beverage","url":"https:\/\/www.iobevo.com\/online\/","logo":{"@type":"ImageObject","inLanguage":"it-IT","@id":"https:\/\/www.iobevo.com\/online\/#\/schema\/logo\/image\/","url":"https:\/\/www.iobevo.com\/online\/wp-content\/uploads\/2014\/01\/logo_gb_horizontal_grey_160x47.png","contentUrl":"https:\/\/www.iobevo.com\/online\/wp-content\/uploads\/2014\/01\/logo_gb_horizontal_grey_160x47.png","width":160,"height":47,"caption":"General Beverage"},"image":{"@id":"https:\/\/www.iobevo.com\/online\/#\/schema\/logo\/image\/"},"sameAs":["https:\/\/x.com\/IoBevo"]}]}},"_links":{"self":[{"href":"https:\/\/www.iobevo.com\/online\/wp-json\/wp\/v2\/pages\/6106","targetHints":{"allow":["GET"]}}],"collection":[{"href":"https:\/\/www.iobevo.com\/online\/wp-json\/wp\/v2\/pages"}],"about":[{"href":"https:\/\/www.iobevo.com\/online\/wp-json\/wp\/v2\/types\/page"}],"author":[{"embeddable":true,"href":"https:\/\/www.iobevo.com\/online\/wp-json\/wp\/v2\/users\/58"}],"replies":[{"embeddable":true,"href":"https:\/\/www.iobevo.com\/online\/wp-json\/wp\/v2\/comments?post=6106"}],"version-history":[{"count":0,"href":"https:\/\/www.iobevo.com\/online\/wp-json\/wp\/v2\/pages\/6106\/revisions"}],"up":[{"embeddable":true,"href":"https:\/\/www.iobevo.com\/online\/wp-json\/wp\/v2\/pages\/6100"}],"wp:featuredmedia":[{"embeddable":true,"href":"https:\/\/www.iobevo.com\/online\/wp-json\/wp\/v2\/media\/2831"}],"wp:attachment":[{"href":"https:\/\/www.iobevo.com\/online\/wp-json\/wp\/v2\/media?parent=6106"}],"curies":[{"name":"wp","href":"https:\/\/api.w.org\/{rel}","templated":true}]}}