{"id":6128,"date":"2014-07-07T15:38:52","date_gmt":"2014-07-07T15:38:52","guid":{"rendered":"http:\/\/www.iobevo.com\/online\/?page_id=6128"},"modified":"2017-07-24T17:50:33","modified_gmt":"2017-07-24T15:50:33","slug":"fresh-brew","status":"publish","type":"page","link":"https:\/\/www.iobevo.com\/online\/services\/io-breakfast\/fresh-brew\/?lang=fr","title":{"rendered":"Fresh brew"},"content":{"rendered":"<p><span class=\"responsive\"><img fetchpriority=\"high\" decoding=\"async\" class=\"alignleft size-medium wp-image-3204\" src=\"http:\/\/www.iobevo.com\/online\/wp-content\/uploads\/2014\/04\/caffe-in-grani-300x200.jpg\" alt=\"caffe-in-grani\" width=\"300\" height=\"200\" srcset=\"https:\/\/www.iobevo.com\/online\/wp-content\/uploads\/2014\/04\/caffe-in-grani-300x200.jpg 300w, https:\/\/www.iobevo.com\/online\/wp-content\/uploads\/2014\/04\/caffe-in-grani.jpg 700w\" sizes=\"(max-width: 300px) 100vw, 300px\" \/><\/span><\/p>\n<h5>Le vrai caf\u00e9 am\u00e9ricain<\/h5>\n<p>Le caf\u00e9 filtr\u00e9, dans sa forme la plus simple, est obtenu par infusion \u00e0 basse pression. Cette typologie de boisson \u00a0est tr\u00e8s r\u00e9pandue dans les march\u00e9s nordiques (Allemagne, Angleterre, Scandinavie) et se caract\u00e9rise par des doses particuli\u00e8rement longues de caf\u00e9, plus de 150 ml. Le caf\u00e9 utilis\u00e9 a une granulom\u00e9trie sup\u00e9rieure \u00e0 celle du caf\u00e9 utilis\u00e9 pour le caf\u00e9 expresso. En outre, on utilise \u00a0\u00a0un caf\u00e9 de grande qualit\u00e9 du type <em>Arabica<\/em>.<\/p>\n<p>Pour r\u00e9pondre \u00e0 ces caract\u00e9ristiques, nous proposons \u00a0donc l&#8217;utilisation d&#8217;un \u00e9quipement sp\u00e9cifique caract\u00e9ris\u00e9 par des groupes d\u2019infuseurs appel\u00e9s \u00a0<a title=\"Korinto fresh brew\" href=\"http:\/\/www.iobevo.com\/online\/fr\/distributeurs\/korinto-freshbrew\/\">FreshBrewer<\/a>.<\/p>\n<div class=\"gap\" style=\"height: 30px;\"><\/div>\n<div class=\"one_half\"><h3 class=\"title\"><span>Produits<\/span><\/h3><div class=\"latest-portfolio negative-wrap\"><div class=\"portfolio-item four columns\"><div class=\"portfolio-it\">\n\t\t\t\t  \t\t<a href=\"https:\/\/www.iobevo.com\/online\/portfolio-item\/caffe-grani\/\" title=\"Caff\u00e8 in grani\"><span class=\"portfolio-pic\"><img decoding=\"async\" src=\"https:\/\/www.iobevo.com\/online\/wp-content\/uploads\/2014\/04\/caffe_in_grani-460x300.jpg\" \/><div class=\"portfolio-overlay\"><span class=\"overlay-link\"><\/span><\/div><\/span><\/a>\n\t\t\t\t  \t\t<a href=\"https:\/\/www.iobevo.com\/online\/portfolio-item\/caffe-grani\/\" title=\"Caff\u00e8 in grani\" class=\"portfolio-title\"><h4>Caff\u00e8 in grani<\/h4><span>Caff\u00e8 in grani e macinato<\/span><\/a>\n\t\t\t\t  \t<\/div><\/div><\/div><div class=\"clear\"><\/div><\/div>\n<div class=\"one_half last\"><h3 class=\"title\"><span>Distributeurs<\/span><\/h3><div class=\"latest-portfolio negative-wrap\"><div class=\"portfolio-item four columns\"><div class=\"portfolio-it\">\n\t\t\t\t  \t\t<a href=\"https:\/\/www.iobevo.com\/online\/portfolio-item\/korinto-fresh-brew\/\" title=\"Korinto Fresh Brew\"><span class=\"portfolio-pic\"><img decoding=\"async\" src=\"https:\/\/www.iobevo.com\/online\/wp-content\/uploads\/2014\/05\/KorintoFreshbrew1-e1400774149664-460x300.jpg\" \/><div class=\"portfolio-overlay\"><span class=\"overlay-link\"><\/span><\/div><\/span><\/a>\n\t\t\t\t  \t\t<a href=\"https:\/\/www.iobevo.com\/online\/portfolio-item\/korinto-fresh-brew\/\" title=\"Korinto Fresh Brew\" class=\"portfolio-title\"><h4>Korinto Fresh Brew<\/h4><span>Per caff\u00e8 americano<\/span><\/a>\n\t\t\t\t  \t<\/div><\/div><\/div><div class=\"clear\"><\/div><\/div>\n<div class=\"clear\"><\/div>\n","protected":false},"excerpt":{"rendered":"<p>Le vrai caf\u00e9 am\u00e9ricain Le caf\u00e9 filtr\u00e9, dans sa forme la plus simple, est obtenu par infusion \u00e0 basse pression. Cette typologie de boisson \u00a0est tr\u00e8s r\u00e9pandue dans les march\u00e9s nordiques (Allemagne, Angleterre, Scandinavie) et se caract\u00e9rise par des doses particuli\u00e8rement longues de caf\u00e9, plus de 150 ml. Le caf\u00e9 [&hellip;]<\/p>\n","protected":false},"author":58,"featured_media":2831,"parent":6116,"menu_order":0,"comment_status":"open","ping_status":"closed","template":"","meta":{"footnotes":""},"class_list":["post-6128","page","type-page","status-publish","has-post-thumbnail","hentry"],"yoast_head":"<!-- This site is optimized with the Yoast SEO plugin v27.4 - https:\/\/yoast.com\/product\/yoast-seo-wordpress\/ -->\n<title>Fresh brew - io bevo\u00ae<\/title>\n<meta name=\"robots\" content=\"index, follow, max-snippet:-1, max-image-preview:large, max-video-preview:-1\" \/>\n<link rel=\"canonical\" href=\"https:\/\/www.iobevo.com\/online\/services\/io-breakfast\/fresh-brew\/?lang=fr\" \/>\n<meta property=\"og:locale\" content=\"it_IT\" \/>\n<meta property=\"og:type\" content=\"article\" \/>\n<meta property=\"og:title\" content=\"Fresh brew - io bevo\u00ae\" \/>\n<meta property=\"og:description\" content=\"Le vrai caf\u00e9 am\u00e9ricain Le caf\u00e9 filtr\u00e9, dans sa forme la plus simple, est obtenu par infusion \u00e0 basse pression. Cette typologie de boisson \u00a0est tr\u00e8s r\u00e9pandue dans les march\u00e9s nordiques (Allemagne, Angleterre, Scandinavie) et se caract\u00e9rise par des doses particuli\u00e8rement longues de caf\u00e9, plus de 150 ml. Le caf\u00e9 [&hellip;]\" \/>\n<meta property=\"og:url\" content=\"https:\/\/www.iobevo.com\/online\/services\/io-breakfast\/fresh-brew\/?lang=fr\" \/>\n<meta property=\"og:site_name\" content=\"io bevo\u00ae\" \/>\n<meta property=\"article:modified_time\" content=\"2017-07-24T15:50:33+00:00\" \/>\n<meta property=\"og:image\" content=\"https:\/\/www.iobevo.com\/online\/wp-content\/uploads\/2014\/01\/slide-2-bg-e1400667726929.png\" \/>\n\t<meta property=\"og:image:width\" content=\"1512\" \/>\n\t<meta property=\"og:image:height\" content=\"400\" \/>\n\t<meta property=\"og:image:type\" content=\"image\/png\" \/>\n<meta name=\"twitter:card\" content=\"summary_large_image\" \/>\n<meta name=\"twitter:site\" content=\"@IoBevo\" \/>\n<meta name=\"twitter:label1\" content=\"Tempo di lettura stimato\" \/>\n\t<meta name=\"twitter:data1\" content=\"1 minuto\" \/>\n<script type=\"application\/ld+json\" class=\"yoast-schema-graph\">{\"@context\":\"https:\\\/\\\/schema.org\",\"@graph\":[{\"@type\":\"WebPage\",\"@id\":\"https:\\\/\\\/www.iobevo.com\\\/online\\\/services\\\/io-breakfast\\\/fresh-brew\\\/?lang=fr\",\"url\":\"https:\\\/\\\/www.iobevo.com\\\/online\\\/services\\\/io-breakfast\\\/fresh-brew\\\/?lang=fr\",\"name\":\"Fresh brew - io bevo\u00ae\",\"isPartOf\":{\"@id\":\"https:\\\/\\\/www.iobevo.com\\\/online\\\/#website\"},\"primaryImageOfPage\":{\"@id\":\"https:\\\/\\\/www.iobevo.com\\\/online\\\/services\\\/io-breakfast\\\/fresh-brew\\\/?lang=fr#primaryimage\"},\"image\":{\"@id\":\"https:\\\/\\\/www.iobevo.com\\\/online\\\/services\\\/io-breakfast\\\/fresh-brew\\\/?lang=fr#primaryimage\"},\"thumbnailUrl\":\"https:\\\/\\\/www.iobevo.com\\\/online\\\/wp-content\\\/uploads\\\/2014\\\/01\\\/slide-2-bg-e1400667726929.png\",\"datePublished\":\"2014-07-07T15:38:52+00:00\",\"dateModified\":\"2017-07-24T15:50:33+00:00\",\"breadcrumb\":{\"@id\":\"https:\\\/\\\/www.iobevo.com\\\/online\\\/services\\\/io-breakfast\\\/fresh-brew\\\/?lang=fr#breadcrumb\"},\"inLanguage\":\"it-IT\",\"potentialAction\":[{\"@type\":\"ReadAction\",\"target\":[\"https:\\\/\\\/www.iobevo.com\\\/online\\\/services\\\/io-breakfast\\\/fresh-brew\\\/?lang=fr\"]}]},{\"@type\":\"ImageObject\",\"inLanguage\":\"it-IT\",\"@id\":\"https:\\\/\\\/www.iobevo.com\\\/online\\\/services\\\/io-breakfast\\\/fresh-brew\\\/?lang=fr#primaryimage\",\"url\":\"https:\\\/\\\/www.iobevo.com\\\/online\\\/wp-content\\\/uploads\\\/2014\\\/01\\\/slide-2-bg-e1400667726929.png\",\"contentUrl\":\"https:\\\/\\\/www.iobevo.com\\\/online\\\/wp-content\\\/uploads\\\/2014\\\/01\\\/slide-2-bg-e1400667726929.png\",\"width\":1512,\"height\":400},{\"@type\":\"BreadcrumbList\",\"@id\":\"https:\\\/\\\/www.iobevo.com\\\/online\\\/services\\\/io-breakfast\\\/fresh-brew\\\/?lang=fr#breadcrumb\",\"itemListElement\":[{\"@type\":\"ListItem\",\"position\":1,\"name\":\"Services\",\"item\":\"https:\\\/\\\/www.iobevo.com\\\/online\\\/services\\\/?lang=fr\"},{\"@type\":\"ListItem\",\"position\":2,\"name\":\"io breakfast\u00ae\",\"item\":\"https:\\\/\\\/www.iobevo.com\\\/online\\\/services\\\/io-breakfast\\\/?lang=fr\"},{\"@type\":\"ListItem\",\"position\":3,\"name\":\"Fresh brew\"}]},{\"@type\":\"WebSite\",\"@id\":\"https:\\\/\\\/www.iobevo.com\\\/online\\\/#website\",\"url\":\"https:\\\/\\\/www.iobevo.com\\\/online\\\/\",\"name\":\"io bevo\u00ae\",\"description\":\"Drink Plastic free\",\"publisher\":{\"@id\":\"https:\\\/\\\/www.iobevo.com\\\/online\\\/#organization\"},\"potentialAction\":[{\"@type\":\"SearchAction\",\"target\":{\"@type\":\"EntryPoint\",\"urlTemplate\":\"https:\\\/\\\/www.iobevo.com\\\/online\\\/?s={search_term_string}\"},\"query-input\":{\"@type\":\"PropertyValueSpecification\",\"valueRequired\":true,\"valueName\":\"search_term_string\"}}],\"inLanguage\":\"it-IT\"},{\"@type\":\"Organization\",\"@id\":\"https:\\\/\\\/www.iobevo.com\\\/online\\\/#organization\",\"name\":\"General Beverage\",\"url\":\"https:\\\/\\\/www.iobevo.com\\\/online\\\/\",\"logo\":{\"@type\":\"ImageObject\",\"inLanguage\":\"it-IT\",\"@id\":\"https:\\\/\\\/www.iobevo.com\\\/online\\\/#\\\/schema\\\/logo\\\/image\\\/\",\"url\":\"https:\\\/\\\/www.iobevo.com\\\/online\\\/wp-content\\\/uploads\\\/2014\\\/01\\\/logo_gb_horizontal_grey_160x47.png\",\"contentUrl\":\"https:\\\/\\\/www.iobevo.com\\\/online\\\/wp-content\\\/uploads\\\/2014\\\/01\\\/logo_gb_horizontal_grey_160x47.png\",\"width\":160,\"height\":47,\"caption\":\"General Beverage\"},\"image\":{\"@id\":\"https:\\\/\\\/www.iobevo.com\\\/online\\\/#\\\/schema\\\/logo\\\/image\\\/\"},\"sameAs\":[\"https:\\\/\\\/x.com\\\/IoBevo\"]}]}<\/script>\n<!-- \/ Yoast SEO plugin. -->","yoast_head_json":{"title":"Fresh brew - io bevo\u00ae","robots":{"index":"index","follow":"follow","max-snippet":"max-snippet:-1","max-image-preview":"max-image-preview:large","max-video-preview":"max-video-preview:-1"},"canonical":"https:\/\/www.iobevo.com\/online\/services\/io-breakfast\/fresh-brew\/?lang=fr","og_locale":"it_IT","og_type":"article","og_title":"Fresh brew - io bevo\u00ae","og_description":"Le vrai caf\u00e9 am\u00e9ricain Le caf\u00e9 filtr\u00e9, dans sa forme la plus simple, est obtenu par infusion \u00e0 basse pression. Cette typologie de boisson \u00a0est tr\u00e8s r\u00e9pandue dans les march\u00e9s nordiques (Allemagne, Angleterre, Scandinavie) et se caract\u00e9rise par des doses particuli\u00e8rement longues de caf\u00e9, plus de 150 ml. Le caf\u00e9 [&hellip;]","og_url":"https:\/\/www.iobevo.com\/online\/services\/io-breakfast\/fresh-brew\/?lang=fr","og_site_name":"io bevo\u00ae","article_modified_time":"2017-07-24T15:50:33+00:00","og_image":[{"width":1512,"height":400,"url":"https:\/\/www.iobevo.com\/online\/wp-content\/uploads\/2014\/01\/slide-2-bg-e1400667726929.png","type":"image\/png"}],"twitter_card":"summary_large_image","twitter_site":"@IoBevo","twitter_misc":{"Tempo di lettura stimato":"1 minuto"},"schema":{"@context":"https:\/\/schema.org","@graph":[{"@type":"WebPage","@id":"https:\/\/www.iobevo.com\/online\/services\/io-breakfast\/fresh-brew\/?lang=fr","url":"https:\/\/www.iobevo.com\/online\/services\/io-breakfast\/fresh-brew\/?lang=fr","name":"Fresh brew - io bevo\u00ae","isPartOf":{"@id":"https:\/\/www.iobevo.com\/online\/#website"},"primaryImageOfPage":{"@id":"https:\/\/www.iobevo.com\/online\/services\/io-breakfast\/fresh-brew\/?lang=fr#primaryimage"},"image":{"@id":"https:\/\/www.iobevo.com\/online\/services\/io-breakfast\/fresh-brew\/?lang=fr#primaryimage"},"thumbnailUrl":"https:\/\/www.iobevo.com\/online\/wp-content\/uploads\/2014\/01\/slide-2-bg-e1400667726929.png","datePublished":"2014-07-07T15:38:52+00:00","dateModified":"2017-07-24T15:50:33+00:00","breadcrumb":{"@id":"https:\/\/www.iobevo.com\/online\/services\/io-breakfast\/fresh-brew\/?lang=fr#breadcrumb"},"inLanguage":"it-IT","potentialAction":[{"@type":"ReadAction","target":["https:\/\/www.iobevo.com\/online\/services\/io-breakfast\/fresh-brew\/?lang=fr"]}]},{"@type":"ImageObject","inLanguage":"it-IT","@id":"https:\/\/www.iobevo.com\/online\/services\/io-breakfast\/fresh-brew\/?lang=fr#primaryimage","url":"https:\/\/www.iobevo.com\/online\/wp-content\/uploads\/2014\/01\/slide-2-bg-e1400667726929.png","contentUrl":"https:\/\/www.iobevo.com\/online\/wp-content\/uploads\/2014\/01\/slide-2-bg-e1400667726929.png","width":1512,"height":400},{"@type":"BreadcrumbList","@id":"https:\/\/www.iobevo.com\/online\/services\/io-breakfast\/fresh-brew\/?lang=fr#breadcrumb","itemListElement":[{"@type":"ListItem","position":1,"name":"Services","item":"https:\/\/www.iobevo.com\/online\/services\/?lang=fr"},{"@type":"ListItem","position":2,"name":"io breakfast\u00ae","item":"https:\/\/www.iobevo.com\/online\/services\/io-breakfast\/?lang=fr"},{"@type":"ListItem","position":3,"name":"Fresh brew"}]},{"@type":"WebSite","@id":"https:\/\/www.iobevo.com\/online\/#website","url":"https:\/\/www.iobevo.com\/online\/","name":"io bevo\u00ae","description":"Drink Plastic free","publisher":{"@id":"https:\/\/www.iobevo.com\/online\/#organization"},"potentialAction":[{"@type":"SearchAction","target":{"@type":"EntryPoint","urlTemplate":"https:\/\/www.iobevo.com\/online\/?s={search_term_string}"},"query-input":{"@type":"PropertyValueSpecification","valueRequired":true,"valueName":"search_term_string"}}],"inLanguage":"it-IT"},{"@type":"Organization","@id":"https:\/\/www.iobevo.com\/online\/#organization","name":"General Beverage","url":"https:\/\/www.iobevo.com\/online\/","logo":{"@type":"ImageObject","inLanguage":"it-IT","@id":"https:\/\/www.iobevo.com\/online\/#\/schema\/logo\/image\/","url":"https:\/\/www.iobevo.com\/online\/wp-content\/uploads\/2014\/01\/logo_gb_horizontal_grey_160x47.png","contentUrl":"https:\/\/www.iobevo.com\/online\/wp-content\/uploads\/2014\/01\/logo_gb_horizontal_grey_160x47.png","width":160,"height":47,"caption":"General Beverage"},"image":{"@id":"https:\/\/www.iobevo.com\/online\/#\/schema\/logo\/image\/"},"sameAs":["https:\/\/x.com\/IoBevo"]}]}},"_links":{"self":[{"href":"https:\/\/www.iobevo.com\/online\/wp-json\/wp\/v2\/pages\/6128","targetHints":{"allow":["GET"]}}],"collection":[{"href":"https:\/\/www.iobevo.com\/online\/wp-json\/wp\/v2\/pages"}],"about":[{"href":"https:\/\/www.iobevo.com\/online\/wp-json\/wp\/v2\/types\/page"}],"author":[{"embeddable":true,"href":"https:\/\/www.iobevo.com\/online\/wp-json\/wp\/v2\/users\/58"}],"replies":[{"embeddable":true,"href":"https:\/\/www.iobevo.com\/online\/wp-json\/wp\/v2\/comments?post=6128"}],"version-history":[{"count":0,"href":"https:\/\/www.iobevo.com\/online\/wp-json\/wp\/v2\/pages\/6128\/revisions"}],"up":[{"embeddable":true,"href":"https:\/\/www.iobevo.com\/online\/wp-json\/wp\/v2\/pages\/6116"}],"wp:featuredmedia":[{"embeddable":true,"href":"https:\/\/www.iobevo.com\/online\/wp-json\/wp\/v2\/media\/2831"}],"wp:attachment":[{"href":"https:\/\/www.iobevo.com\/online\/wp-json\/wp\/v2\/media?parent=6128"}],"curies":[{"name":"wp","href":"https:\/\/api.w.org\/{rel}","templated":true}]}}