{"id":6136,"date":"2014-07-07T15:42:38","date_gmt":"2014-07-07T15:42:38","guid":{"rendered":"http:\/\/www.iobevo.com\/online\/?page_id=6136"},"modified":"2017-07-24T23:09:23","modified_gmt":"2017-07-24T21:09:23","slug":"freecoffee","status":"publish","type":"page","link":"https:\/\/www.iobevo.com\/online\/services\/freecoffee\/?lang=fr","title":{"rendered":"freecoffee\u00ae"},"content":{"rendered":"<h5><span class=\"responsive\"><img decoding=\"async\" class=\"alignleft wp-image-3177 size-medium\" src=\"http:\/\/www.iobevo.com\/online\/wp-content\/uploads\/2014\/01\/servizio-freecoffee-300x157.jpg\" alt=\"servizio-freecoffee\" width=\"300\" height=\"157\" srcset=\"https:\/\/www.iobevo.com\/online\/wp-content\/uploads\/2014\/01\/servizio-freecoffee-300x157.jpg 300w, https:\/\/www.iobevo.com\/online\/wp-content\/uploads\/2014\/01\/servizio-freecoffee.jpg 700w\" sizes=\"(max-width: 300px) 100vw, 300px\" \/><\/span>Caf\u00e9 expresso self-service<\/h5>\n<p>Le service consiste en la distribution self- service et en la <strong>libre consommation \u00e0 co\u00fbt fixe de caf\u00e9 expresso<\/strong>, de caf\u00e9 expresso <span class=\"mark2\">Fairtrade<\/span><span class=\"mark3\">\u00ae<\/span> et de <strong>caf\u00e9 am\u00e9ricain<\/strong>.<\/p>\n<p>Il est r\u00e9alis\u00e9 gr\u00e2ce \u00e0 la mise en place de coffee-corners et \u00e0 l&#8217;utilisation de distributeurs appropri\u00e9s de caf\u00e9 expresso qui, \u00e0 partir du caf\u00e9 en grains, permettent la distribution self-service.<\/p>\n<p>Le service permet ainsi de go\u00fbter, dans des espaces d\u00e9di\u00e9s \u00e0 cela au sein de la cantine de l\u2019entreprise, et dans une ambiance conviviale, un tr\u00e8s bon caf\u00e9 expresso traditionnel, fra\u00eechement pr\u00e9par\u00e9.<\/p>\n<p><span class=\"mark2\">freecoffee<span class=\"mark3\">\u00ae<\/span><\/span>\u00a0repr\u00e9sente la solution id\u00e9ale du point de vue logistique et qualitatif pour offrir le caf\u00e9 expresso aux grandes communaut\u00e9s au moment du repas, en combinant la modalit\u00e9 self-service avec la qualit\u00e9 d&#8217;un vrai caf\u00e9 expresso.<\/p>\n<div class=\"gap\" style=\"height: 30px;\"><\/div>\n<h3 class=\"title\"><span>Distributeurs<\/span><\/h3><div class=\"latest-portfolio negative-wrap\"><div class=\"portfolio-item four columns\"><div class=\"portfolio-it\">\n\t\t\t\t  \t\t<a href=\"https:\/\/www.iobevo.com\/online\/portfolio-item\/korinto-io-espresso\/\" title=\"Korinto io espresso\u00ae\"><span class=\"portfolio-pic\"><img decoding=\"async\" src=\"https:\/\/www.iobevo.com\/online\/wp-content\/uploads\/2014\/04\/Korinto-460x300.jpg\" \/><div class=\"portfolio-overlay\"><span class=\"overlay-link\"><\/span><\/div><\/span><\/a>\n\t\t\t\t  \t\t<a href=\"https:\/\/www.iobevo.com\/online\/portfolio-item\/korinto-io-espresso\/\" title=\"Korinto io espresso\u00ae\" class=\"portfolio-title\"><h4>Korinto io espresso\u00ae<\/h4><span>Per caff\u00e8 io espresso e 2 solubili <\/span><\/a>\n\t\t\t\t  \t<\/div><\/div><div class=\"portfolio-item four columns\"><div class=\"portfolio-it\">\n\t\t\t\t  \t\t<a href=\"https:\/\/www.iobevo.com\/online\/portfolio-item\/krea-io-espresso\/\" title=\"Krea io espresso\u00ae\"><span class=\"portfolio-pic\"><img decoding=\"async\" src=\"https:\/\/www.iobevo.com\/online\/wp-content\/uploads\/2014\/04\/krea_small.jpg\" \/><div class=\"portfolio-overlay\"><span class=\"overlay-link\"><\/span><\/div><\/span><\/a>\n\t\t\t\t  \t\t<a href=\"https:\/\/www.iobevo.com\/online\/portfolio-item\/krea-io-espresso\/\" title=\"Krea io espresso\u00ae\" class=\"portfolio-title\"><h4>Krea io espresso\u00ae<\/h4><span>Per caff\u00e8 io espresso e 3 solubili <\/span><\/a>\n\t\t\t\t  \t<\/div><\/div><\/div><div class=\"clear\"><\/div>\n","protected":false},"excerpt":{"rendered":"<p>Caf\u00e9 expresso self-service Le service consiste en la distribution self- service et en la libre consommation \u00e0 co\u00fbt fixe de caf\u00e9 expresso, de caf\u00e9 expresso Fairtrade\u00ae et de caf\u00e9 am\u00e9ricain. Il est r\u00e9alis\u00e9 gr\u00e2ce \u00e0 la mise en place de coffee-corners et \u00e0 l&#8217;utilisation de distributeurs appropri\u00e9s de caf\u00e9 expresso [&hellip;]<\/p>\n","protected":false},"author":58,"featured_media":2831,"parent":6112,"menu_order":3,"comment_status":"open","ping_status":"closed","template":"","meta":{"footnotes":""},"class_list":["post-6136","page","type-page","status-publish","has-post-thumbnail","hentry"],"yoast_head":"<!-- This site is optimized with the Yoast SEO plugin v27.5 - https:\/\/yoast.com\/product\/yoast-seo-wordpress\/ -->\n<title>freecoffee\u00ae - io bevo\u00ae<\/title>\n<meta name=\"robots\" content=\"index, follow, max-snippet:-1, max-image-preview:large, max-video-preview:-1\" \/>\n<link rel=\"canonical\" href=\"https:\/\/www.iobevo.com\/online\/services\/freecoffee\/?lang=fr\" \/>\n<meta property=\"og:locale\" content=\"it_IT\" \/>\n<meta property=\"og:type\" content=\"article\" \/>\n<meta property=\"og:title\" content=\"freecoffee\u00ae - io bevo\u00ae\" \/>\n<meta property=\"og:description\" content=\"Caf\u00e9 expresso self-service Le service consiste en la distribution self- service et en la libre consommation \u00e0 co\u00fbt fixe de caf\u00e9 expresso, de caf\u00e9 expresso Fairtrade\u00ae et de caf\u00e9 am\u00e9ricain. Il est r\u00e9alis\u00e9 gr\u00e2ce \u00e0 la mise en place de coffee-corners et \u00e0 l&#8217;utilisation de distributeurs appropri\u00e9s de caf\u00e9 expresso [&hellip;]\" \/>\n<meta property=\"og:url\" content=\"https:\/\/www.iobevo.com\/online\/services\/freecoffee\/?lang=fr\" \/>\n<meta property=\"og:site_name\" content=\"io bevo\u00ae\" \/>\n<meta property=\"article:modified_time\" content=\"2017-07-24T21:09:23+00:00\" \/>\n<meta property=\"og:image\" content=\"https:\/\/www.iobevo.com\/online\/wp-content\/uploads\/2014\/01\/slide-2-bg-e1400667726929.png\" \/>\n\t<meta property=\"og:image:width\" content=\"1512\" \/>\n\t<meta property=\"og:image:height\" content=\"400\" \/>\n\t<meta property=\"og:image:type\" content=\"image\/png\" \/>\n<meta name=\"twitter:card\" content=\"summary_large_image\" \/>\n<meta name=\"twitter:site\" content=\"@IoBevo\" \/>\n<meta name=\"twitter:label1\" content=\"Tempo di lettura stimato\" \/>\n\t<meta name=\"twitter:data1\" content=\"1 minuto\" \/>\n<script type=\"application\/ld+json\" class=\"yoast-schema-graph\">{\"@context\":\"https:\\\/\\\/schema.org\",\"@graph\":[{\"@type\":\"WebPage\",\"@id\":\"https:\\\/\\\/www.iobevo.com\\\/online\\\/services\\\/freecoffee\\\/?lang=fr\",\"url\":\"https:\\\/\\\/www.iobevo.com\\\/online\\\/services\\\/freecoffee\\\/?lang=fr\",\"name\":\"freecoffee\u00ae - io bevo\u00ae\",\"isPartOf\":{\"@id\":\"https:\\\/\\\/www.iobevo.com\\\/online\\\/#website\"},\"primaryImageOfPage\":{\"@id\":\"https:\\\/\\\/www.iobevo.com\\\/online\\\/services\\\/freecoffee\\\/?lang=fr#primaryimage\"},\"image\":{\"@id\":\"https:\\\/\\\/www.iobevo.com\\\/online\\\/services\\\/freecoffee\\\/?lang=fr#primaryimage\"},\"thumbnailUrl\":\"https:\\\/\\\/www.iobevo.com\\\/online\\\/wp-content\\\/uploads\\\/2014\\\/01\\\/slide-2-bg-e1400667726929.png\",\"datePublished\":\"2014-07-07T15:42:38+00:00\",\"dateModified\":\"2017-07-24T21:09:23+00:00\",\"breadcrumb\":{\"@id\":\"https:\\\/\\\/www.iobevo.com\\\/online\\\/services\\\/freecoffee\\\/?lang=fr#breadcrumb\"},\"inLanguage\":\"it-IT\",\"potentialAction\":[{\"@type\":\"ReadAction\",\"target\":[\"https:\\\/\\\/www.iobevo.com\\\/online\\\/services\\\/freecoffee\\\/?lang=fr\"]}]},{\"@type\":\"ImageObject\",\"inLanguage\":\"it-IT\",\"@id\":\"https:\\\/\\\/www.iobevo.com\\\/online\\\/services\\\/freecoffee\\\/?lang=fr#primaryimage\",\"url\":\"https:\\\/\\\/www.iobevo.com\\\/online\\\/wp-content\\\/uploads\\\/2014\\\/01\\\/slide-2-bg-e1400667726929.png\",\"contentUrl\":\"https:\\\/\\\/www.iobevo.com\\\/online\\\/wp-content\\\/uploads\\\/2014\\\/01\\\/slide-2-bg-e1400667726929.png\",\"width\":1512,\"height\":400},{\"@type\":\"BreadcrumbList\",\"@id\":\"https:\\\/\\\/www.iobevo.com\\\/online\\\/services\\\/freecoffee\\\/?lang=fr#breadcrumb\",\"itemListElement\":[{\"@type\":\"ListItem\",\"position\":1,\"name\":\"Services\",\"item\":\"https:\\\/\\\/www.iobevo.com\\\/online\\\/services\\\/?lang=fr\"},{\"@type\":\"ListItem\",\"position\":2,\"name\":\"freecoffee\u00ae\"}]},{\"@type\":\"WebSite\",\"@id\":\"https:\\\/\\\/www.iobevo.com\\\/online\\\/#website\",\"url\":\"https:\\\/\\\/www.iobevo.com\\\/online\\\/\",\"name\":\"io bevo\u00ae\",\"description\":\"Drink Plastic free\",\"publisher\":{\"@id\":\"https:\\\/\\\/www.iobevo.com\\\/online\\\/#organization\"},\"potentialAction\":[{\"@type\":\"SearchAction\",\"target\":{\"@type\":\"EntryPoint\",\"urlTemplate\":\"https:\\\/\\\/www.iobevo.com\\\/online\\\/?s={search_term_string}\"},\"query-input\":{\"@type\":\"PropertyValueSpecification\",\"valueRequired\":true,\"valueName\":\"search_term_string\"}}],\"inLanguage\":\"it-IT\"},{\"@type\":\"Organization\",\"@id\":\"https:\\\/\\\/www.iobevo.com\\\/online\\\/#organization\",\"name\":\"General Beverage\",\"url\":\"https:\\\/\\\/www.iobevo.com\\\/online\\\/\",\"logo\":{\"@type\":\"ImageObject\",\"inLanguage\":\"it-IT\",\"@id\":\"https:\\\/\\\/www.iobevo.com\\\/online\\\/#\\\/schema\\\/logo\\\/image\\\/\",\"url\":\"https:\\\/\\\/www.iobevo.com\\\/online\\\/wp-content\\\/uploads\\\/2014\\\/01\\\/logo_gb_horizontal_grey_160x47.png\",\"contentUrl\":\"https:\\\/\\\/www.iobevo.com\\\/online\\\/wp-content\\\/uploads\\\/2014\\\/01\\\/logo_gb_horizontal_grey_160x47.png\",\"width\":160,\"height\":47,\"caption\":\"General Beverage\"},\"image\":{\"@id\":\"https:\\\/\\\/www.iobevo.com\\\/online\\\/#\\\/schema\\\/logo\\\/image\\\/\"},\"sameAs\":[\"https:\\\/\\\/x.com\\\/IoBevo\"]}]}<\/script>\n<!-- \/ Yoast SEO plugin. -->","yoast_head_json":{"title":"freecoffee\u00ae - io bevo\u00ae","robots":{"index":"index","follow":"follow","max-snippet":"max-snippet:-1","max-image-preview":"max-image-preview:large","max-video-preview":"max-video-preview:-1"},"canonical":"https:\/\/www.iobevo.com\/online\/services\/freecoffee\/?lang=fr","og_locale":"it_IT","og_type":"article","og_title":"freecoffee\u00ae - io bevo\u00ae","og_description":"Caf\u00e9 expresso self-service Le service consiste en la distribution self- service et en la libre consommation \u00e0 co\u00fbt fixe de caf\u00e9 expresso, de caf\u00e9 expresso Fairtrade\u00ae et de caf\u00e9 am\u00e9ricain. Il est r\u00e9alis\u00e9 gr\u00e2ce \u00e0 la mise en place de coffee-corners et \u00e0 l&#8217;utilisation de distributeurs appropri\u00e9s de caf\u00e9 expresso [&hellip;]","og_url":"https:\/\/www.iobevo.com\/online\/services\/freecoffee\/?lang=fr","og_site_name":"io bevo\u00ae","article_modified_time":"2017-07-24T21:09:23+00:00","og_image":[{"width":1512,"height":400,"url":"https:\/\/www.iobevo.com\/online\/wp-content\/uploads\/2014\/01\/slide-2-bg-e1400667726929.png","type":"image\/png"}],"twitter_card":"summary_large_image","twitter_site":"@IoBevo","twitter_misc":{"Tempo di lettura stimato":"1 minuto"},"schema":{"@context":"https:\/\/schema.org","@graph":[{"@type":"WebPage","@id":"https:\/\/www.iobevo.com\/online\/services\/freecoffee\/?lang=fr","url":"https:\/\/www.iobevo.com\/online\/services\/freecoffee\/?lang=fr","name":"freecoffee\u00ae - io bevo\u00ae","isPartOf":{"@id":"https:\/\/www.iobevo.com\/online\/#website"},"primaryImageOfPage":{"@id":"https:\/\/www.iobevo.com\/online\/services\/freecoffee\/?lang=fr#primaryimage"},"image":{"@id":"https:\/\/www.iobevo.com\/online\/services\/freecoffee\/?lang=fr#primaryimage"},"thumbnailUrl":"https:\/\/www.iobevo.com\/online\/wp-content\/uploads\/2014\/01\/slide-2-bg-e1400667726929.png","datePublished":"2014-07-07T15:42:38+00:00","dateModified":"2017-07-24T21:09:23+00:00","breadcrumb":{"@id":"https:\/\/www.iobevo.com\/online\/services\/freecoffee\/?lang=fr#breadcrumb"},"inLanguage":"it-IT","potentialAction":[{"@type":"ReadAction","target":["https:\/\/www.iobevo.com\/online\/services\/freecoffee\/?lang=fr"]}]},{"@type":"ImageObject","inLanguage":"it-IT","@id":"https:\/\/www.iobevo.com\/online\/services\/freecoffee\/?lang=fr#primaryimage","url":"https:\/\/www.iobevo.com\/online\/wp-content\/uploads\/2014\/01\/slide-2-bg-e1400667726929.png","contentUrl":"https:\/\/www.iobevo.com\/online\/wp-content\/uploads\/2014\/01\/slide-2-bg-e1400667726929.png","width":1512,"height":400},{"@type":"BreadcrumbList","@id":"https:\/\/www.iobevo.com\/online\/services\/freecoffee\/?lang=fr#breadcrumb","itemListElement":[{"@type":"ListItem","position":1,"name":"Services","item":"https:\/\/www.iobevo.com\/online\/services\/?lang=fr"},{"@type":"ListItem","position":2,"name":"freecoffee\u00ae"}]},{"@type":"WebSite","@id":"https:\/\/www.iobevo.com\/online\/#website","url":"https:\/\/www.iobevo.com\/online\/","name":"io bevo\u00ae","description":"Drink Plastic free","publisher":{"@id":"https:\/\/www.iobevo.com\/online\/#organization"},"potentialAction":[{"@type":"SearchAction","target":{"@type":"EntryPoint","urlTemplate":"https:\/\/www.iobevo.com\/online\/?s={search_term_string}"},"query-input":{"@type":"PropertyValueSpecification","valueRequired":true,"valueName":"search_term_string"}}],"inLanguage":"it-IT"},{"@type":"Organization","@id":"https:\/\/www.iobevo.com\/online\/#organization","name":"General Beverage","url":"https:\/\/www.iobevo.com\/online\/","logo":{"@type":"ImageObject","inLanguage":"it-IT","@id":"https:\/\/www.iobevo.com\/online\/#\/schema\/logo\/image\/","url":"https:\/\/www.iobevo.com\/online\/wp-content\/uploads\/2014\/01\/logo_gb_horizontal_grey_160x47.png","contentUrl":"https:\/\/www.iobevo.com\/online\/wp-content\/uploads\/2014\/01\/logo_gb_horizontal_grey_160x47.png","width":160,"height":47,"caption":"General Beverage"},"image":{"@id":"https:\/\/www.iobevo.com\/online\/#\/schema\/logo\/image\/"},"sameAs":["https:\/\/x.com\/IoBevo"]}]}},"_links":{"self":[{"href":"https:\/\/www.iobevo.com\/online\/wp-json\/wp\/v2\/pages\/6136","targetHints":{"allow":["GET"]}}],"collection":[{"href":"https:\/\/www.iobevo.com\/online\/wp-json\/wp\/v2\/pages"}],"about":[{"href":"https:\/\/www.iobevo.com\/online\/wp-json\/wp\/v2\/types\/page"}],"author":[{"embeddable":true,"href":"https:\/\/www.iobevo.com\/online\/wp-json\/wp\/v2\/users\/58"}],"replies":[{"embeddable":true,"href":"https:\/\/www.iobevo.com\/online\/wp-json\/wp\/v2\/comments?post=6136"}],"version-history":[{"count":0,"href":"https:\/\/www.iobevo.com\/online\/wp-json\/wp\/v2\/pages\/6136\/revisions"}],"up":[{"embeddable":true,"href":"https:\/\/www.iobevo.com\/online\/wp-json\/wp\/v2\/pages\/6112"}],"wp:featuredmedia":[{"embeddable":true,"href":"https:\/\/www.iobevo.com\/online\/wp-json\/wp\/v2\/media\/2831"}],"wp:attachment":[{"href":"https:\/\/www.iobevo.com\/online\/wp-json\/wp\/v2\/media?parent=6136"}],"curies":[{"name":"wp","href":"https:\/\/api.w.org\/{rel}","templated":true}]}}