{"id":6143,"date":"2014-07-07T15:47:19","date_gmt":"2014-07-07T15:47:19","guid":{"rendered":"http:\/\/www.iobevo.com\/online\/?page_id=6143"},"modified":"2017-07-24T15:44:41","modified_gmt":"2017-07-24T13:44:41","slug":"service-freebeverage-verrelibre-consommation","status":"publish","type":"page","link":"https:\/\/www.iobevo.com\/online\/services\/freebeverage\/service-freebeverage-verrelibre-consommation\/?lang=fr","title":{"rendered":"Service Freebeverage\u00ae: verre \/ libre consommation"},"content":{"rendered":"<p><span class=\"responsive\"><img fetchpriority=\"high\" decoding=\"async\" class=\"alignright wp-image-4197\" title=\"Service Freebeverage\u00ae: verre \/ libre consommation\" src=\"http:\/\/iobevo.com\/online\/wp-content\/uploads\/2014\/01\/FOTO-17C-13674240-un-bicchiere-di-succo-d-39-arancia-che-si-terra-da-una-giovane-donna-su-uno-sfondo-bianco-e1399731781735.jpg\" alt=\"Service Freebeverage\u00ae: verre \/ libre consommation\" width=\"400\" height=\"419\" srcset=\"https:\/\/www.iobevo.com\/online\/wp-content\/uploads\/2014\/01\/FOTO-17C-13674240-un-bicchiere-di-succo-d-39-arancia-che-si-terra-da-una-giovane-donna-su-uno-sfondo-bianco-e1399731781735.jpg 698w, https:\/\/www.iobevo.com\/online\/wp-content\/uploads\/2014\/01\/FOTO-17C-13674240-un-bicchiere-di-succo-d-39-arancia-che-si-terra-da-una-giovane-donna-su-uno-sfondo-bianco-e1399731781735-286x300.jpg 286w\" sizes=\"(max-width: 400px) 100vw, 400px\" \/><\/span><\/p>\n<p>Un autre mode d&#8217;application du syst\u00e8me <span class=\"mark2\">freebeverage<\/span><span class=\"mark3\">\u00ae<\/span> est celui du \u00ab\u00a0<strong>verre de consommation libre\u00a0\u00bb<\/strong>, con\u00e7u et r\u00e9alis\u00e9 par\u00a0 General Beverage en particulier pour les locaux dans lesquels, en plus de la distribution de repas en self-service avec consommation \u00a0\u00e0\u00a0 table, il existe aussi un service bar, type lunch bar ou un service de \u00a0pizza \u00e0 la tranche.<\/p>\n<p>Dans ce cas, General Beverage fournit un verre \u00a0en mat\u00e9riel\u00a0 utilisable pour le compostage, caract\u00e9ris\u00e9 par des messages sur l&#8217;environnement, \u00e0 un co\u00fbt fixe comprenant \u00a0toutes les boissons \u00e0 consommation libre. \u00a0<strong>Le verre de consommation libre\u00a0<\/strong>\u00a0\u00a0 peut alors \u00eatre vendu \u00e0 un prix qui inclut la possibilit\u00e9 de\u00a0 r\u00e9utilisation et de pr\u00e9l\u00e8vement de\u00a0 boissons \u00e0 volont\u00e9.<\/p>\n<p>Le client b\u00e9n\u00e9ficiera du service de libre consommation dans \u00a0les <strong>\u00eeles <span class=\"mark2\">freebeverage<\/span><\/strong><span class=\"mark3\">\u00ae<\/span>, install\u00e9es pr\u00e8s du bar, mais destin\u00e9es au public pour le self-service. Cette m\u00e9thode de pr\u00e9l\u00e8vement self- service a \u00e9t\u00e9 r\u00e9alis\u00e9e dans les locaux Ikea.<\/p>\n<p>Dans ce cas \u00e9galement, les formats de boissons peuvent \u00eatre personnalis\u00e9s en fonction des contextes sp\u00e9cifiques et des clients. Naturellement, en plus d\u2019\u00eatre en soi un \u00e9l\u00e9ment de la liste des choix, le syst\u00e8me verre\/consommation libre peut \u00eatre ins\u00e9r\u00e9 \u00e0 l&#8217;int\u00e9rieur des menus (par exemple menu pizza, menu\u00a0 sandwiches, \u00a0menu entr\u00e9es, etc.).<\/p>\n<p>De cette fa\u00e7on, votre local, contre un prix s\u00fbr et fixe,\u00a0 pourra offrir aux clients une libre consommation, en am\u00e9liorant ainsi le service et en attirant \u00a0de \u00a0nouvelles cat\u00e9gories de client\u00e8le.<br \/>\nAvec le service <span class=\"mark2\">freebeverage<\/span><span class=\"mark3\">\u00ae<\/span>, vous pourrez \u00e9crire \u00e0 l&#8217;ext\u00e9rieur de \u00a0votre local.<\/p>\n<p><strong>ENTRE ET BOIS AUTANT\u00a0 QUE TU VEUX !<\/strong><\/p>\n","protected":false},"excerpt":{"rendered":"<p>Un autre mode d&#8217;application du syst\u00e8me freebeverage\u00ae est celui du \u00ab\u00a0verre de consommation libre\u00a0\u00bb, con\u00e7u et r\u00e9alis\u00e9 par\u00a0 General Beverage en particulier pour les locaux dans lesquels, en plus de la distribution de repas en self-service avec consommation \u00a0\u00e0\u00a0 table, il existe aussi un service bar, type lunch bar ou [&hellip;]<\/p>\n","protected":false},"author":58,"featured_media":2831,"parent":6141,"menu_order":0,"comment_status":"open","ping_status":"closed","template":"","meta":{"footnotes":""},"class_list":["post-6143","page","type-page","status-publish","has-post-thumbnail","hentry"],"yoast_head":"<!-- This site is optimized with the Yoast SEO plugin v27.4 - https:\/\/yoast.com\/product\/yoast-seo-wordpress\/ -->\n<title>Service Freebeverage\u00ae: verre \/ libre consommation - io bevo\u00ae<\/title>\n<meta name=\"robots\" content=\"index, follow, max-snippet:-1, max-image-preview:large, max-video-preview:-1\" \/>\n<link rel=\"canonical\" href=\"https:\/\/www.iobevo.com\/online\/services\/freebeverage\/service-freebeverage-verrelibre-consommation\/?lang=fr\" \/>\n<meta property=\"og:locale\" content=\"it_IT\" \/>\n<meta property=\"og:type\" content=\"article\" \/>\n<meta property=\"og:title\" content=\"Service Freebeverage\u00ae: verre \/ libre consommation - io bevo\u00ae\" \/>\n<meta property=\"og:description\" content=\"Un autre mode d&#8217;application du syst\u00e8me freebeverage\u00ae est celui du \u00ab\u00a0verre de consommation libre\u00a0\u00bb, con\u00e7u et r\u00e9alis\u00e9 par\u00a0 General Beverage en particulier pour les locaux dans lesquels, en plus de la distribution de repas en self-service avec consommation \u00a0\u00e0\u00a0 table, il existe aussi un service bar, type lunch bar ou [&hellip;]\" \/>\n<meta property=\"og:url\" content=\"https:\/\/www.iobevo.com\/online\/services\/freebeverage\/service-freebeverage-verrelibre-consommation\/?lang=fr\" \/>\n<meta property=\"og:site_name\" content=\"io bevo\u00ae\" \/>\n<meta property=\"article:modified_time\" content=\"2017-07-24T13:44:41+00:00\" \/>\n<meta property=\"og:image\" content=\"https:\/\/www.iobevo.com\/online\/wp-content\/uploads\/2014\/01\/slide-2-bg-e1400667726929.png\" \/>\n\t<meta property=\"og:image:width\" content=\"1512\" \/>\n\t<meta property=\"og:image:height\" content=\"400\" \/>\n\t<meta property=\"og:image:type\" content=\"image\/png\" \/>\n<meta name=\"twitter:card\" content=\"summary_large_image\" \/>\n<meta name=\"twitter:site\" content=\"@IoBevo\" \/>\n<meta name=\"twitter:label1\" content=\"Tempo di lettura stimato\" \/>\n\t<meta name=\"twitter:data1\" content=\"1 minuto\" \/>\n<script type=\"application\/ld+json\" class=\"yoast-schema-graph\">{\"@context\":\"https:\\\/\\\/schema.org\",\"@graph\":[{\"@type\":\"WebPage\",\"@id\":\"https:\\\/\\\/www.iobevo.com\\\/online\\\/services\\\/freebeverage\\\/service-freebeverage-verrelibre-consommation\\\/?lang=fr\",\"url\":\"https:\\\/\\\/www.iobevo.com\\\/online\\\/services\\\/freebeverage\\\/service-freebeverage-verrelibre-consommation\\\/?lang=fr\",\"name\":\"Service Freebeverage\u00ae: verre \\\/ libre consommation - io bevo\u00ae\",\"isPartOf\":{\"@id\":\"https:\\\/\\\/www.iobevo.com\\\/online\\\/#website\"},\"primaryImageOfPage\":{\"@id\":\"https:\\\/\\\/www.iobevo.com\\\/online\\\/services\\\/freebeverage\\\/service-freebeverage-verrelibre-consommation\\\/?lang=fr#primaryimage\"},\"image\":{\"@id\":\"https:\\\/\\\/www.iobevo.com\\\/online\\\/services\\\/freebeverage\\\/service-freebeverage-verrelibre-consommation\\\/?lang=fr#primaryimage\"},\"thumbnailUrl\":\"https:\\\/\\\/www.iobevo.com\\\/online\\\/wp-content\\\/uploads\\\/2014\\\/01\\\/slide-2-bg-e1400667726929.png\",\"datePublished\":\"2014-07-07T15:47:19+00:00\",\"dateModified\":\"2017-07-24T13:44:41+00:00\",\"breadcrumb\":{\"@id\":\"https:\\\/\\\/www.iobevo.com\\\/online\\\/services\\\/freebeverage\\\/service-freebeverage-verrelibre-consommation\\\/?lang=fr#breadcrumb\"},\"inLanguage\":\"it-IT\",\"potentialAction\":[{\"@type\":\"ReadAction\",\"target\":[\"https:\\\/\\\/www.iobevo.com\\\/online\\\/services\\\/freebeverage\\\/service-freebeverage-verrelibre-consommation\\\/?lang=fr\"]}]},{\"@type\":\"ImageObject\",\"inLanguage\":\"it-IT\",\"@id\":\"https:\\\/\\\/www.iobevo.com\\\/online\\\/services\\\/freebeverage\\\/service-freebeverage-verrelibre-consommation\\\/?lang=fr#primaryimage\",\"url\":\"https:\\\/\\\/www.iobevo.com\\\/online\\\/wp-content\\\/uploads\\\/2014\\\/01\\\/slide-2-bg-e1400667726929.png\",\"contentUrl\":\"https:\\\/\\\/www.iobevo.com\\\/online\\\/wp-content\\\/uploads\\\/2014\\\/01\\\/slide-2-bg-e1400667726929.png\",\"width\":1512,\"height\":400},{\"@type\":\"BreadcrumbList\",\"@id\":\"https:\\\/\\\/www.iobevo.com\\\/online\\\/services\\\/freebeverage\\\/service-freebeverage-verrelibre-consommation\\\/?lang=fr#breadcrumb\",\"itemListElement\":[{\"@type\":\"ListItem\",\"position\":1,\"name\":\"Services\",\"item\":\"https:\\\/\\\/www.iobevo.com\\\/online\\\/services\\\/?lang=fr\"},{\"@type\":\"ListItem\",\"position\":2,\"name\":\"freebeverage\u00ae\",\"item\":\"https:\\\/\\\/www.iobevo.com\\\/online\\\/services\\\/freebeverage\\\/?lang=fr\"},{\"@type\":\"ListItem\",\"position\":3,\"name\":\"Service Freebeverage\u00ae: verre \\\/ libre consommation\"}]},{\"@type\":\"WebSite\",\"@id\":\"https:\\\/\\\/www.iobevo.com\\\/online\\\/#website\",\"url\":\"https:\\\/\\\/www.iobevo.com\\\/online\\\/\",\"name\":\"io bevo\u00ae\",\"description\":\"Drink Plastic free\",\"publisher\":{\"@id\":\"https:\\\/\\\/www.iobevo.com\\\/online\\\/#organization\"},\"potentialAction\":[{\"@type\":\"SearchAction\",\"target\":{\"@type\":\"EntryPoint\",\"urlTemplate\":\"https:\\\/\\\/www.iobevo.com\\\/online\\\/?s={search_term_string}\"},\"query-input\":{\"@type\":\"PropertyValueSpecification\",\"valueRequired\":true,\"valueName\":\"search_term_string\"}}],\"inLanguage\":\"it-IT\"},{\"@type\":\"Organization\",\"@id\":\"https:\\\/\\\/www.iobevo.com\\\/online\\\/#organization\",\"name\":\"General Beverage\",\"url\":\"https:\\\/\\\/www.iobevo.com\\\/online\\\/\",\"logo\":{\"@type\":\"ImageObject\",\"inLanguage\":\"it-IT\",\"@id\":\"https:\\\/\\\/www.iobevo.com\\\/online\\\/#\\\/schema\\\/logo\\\/image\\\/\",\"url\":\"https:\\\/\\\/www.iobevo.com\\\/online\\\/wp-content\\\/uploads\\\/2014\\\/01\\\/logo_gb_horizontal_grey_160x47.png\",\"contentUrl\":\"https:\\\/\\\/www.iobevo.com\\\/online\\\/wp-content\\\/uploads\\\/2014\\\/01\\\/logo_gb_horizontal_grey_160x47.png\",\"width\":160,\"height\":47,\"caption\":\"General Beverage\"},\"image\":{\"@id\":\"https:\\\/\\\/www.iobevo.com\\\/online\\\/#\\\/schema\\\/logo\\\/image\\\/\"},\"sameAs\":[\"https:\\\/\\\/x.com\\\/IoBevo\"]}]}<\/script>\n<!-- \/ Yoast SEO plugin. -->","yoast_head_json":{"title":"Service Freebeverage\u00ae: verre \/ libre consommation - io bevo\u00ae","robots":{"index":"index","follow":"follow","max-snippet":"max-snippet:-1","max-image-preview":"max-image-preview:large","max-video-preview":"max-video-preview:-1"},"canonical":"https:\/\/www.iobevo.com\/online\/services\/freebeverage\/service-freebeverage-verrelibre-consommation\/?lang=fr","og_locale":"it_IT","og_type":"article","og_title":"Service Freebeverage\u00ae: verre \/ libre consommation - io bevo\u00ae","og_description":"Un autre mode d&#8217;application du syst\u00e8me freebeverage\u00ae est celui du \u00ab\u00a0verre de consommation libre\u00a0\u00bb, con\u00e7u et r\u00e9alis\u00e9 par\u00a0 General Beverage en particulier pour les locaux dans lesquels, en plus de la distribution de repas en self-service avec consommation \u00a0\u00e0\u00a0 table, il existe aussi un service bar, type lunch bar ou [&hellip;]","og_url":"https:\/\/www.iobevo.com\/online\/services\/freebeverage\/service-freebeverage-verrelibre-consommation\/?lang=fr","og_site_name":"io bevo\u00ae","article_modified_time":"2017-07-24T13:44:41+00:00","og_image":[{"width":1512,"height":400,"url":"https:\/\/www.iobevo.com\/online\/wp-content\/uploads\/2014\/01\/slide-2-bg-e1400667726929.png","type":"image\/png"}],"twitter_card":"summary_large_image","twitter_site":"@IoBevo","twitter_misc":{"Tempo di lettura stimato":"1 minuto"},"schema":{"@context":"https:\/\/schema.org","@graph":[{"@type":"WebPage","@id":"https:\/\/www.iobevo.com\/online\/services\/freebeverage\/service-freebeverage-verrelibre-consommation\/?lang=fr","url":"https:\/\/www.iobevo.com\/online\/services\/freebeverage\/service-freebeverage-verrelibre-consommation\/?lang=fr","name":"Service Freebeverage\u00ae: verre \/ libre consommation - io bevo\u00ae","isPartOf":{"@id":"https:\/\/www.iobevo.com\/online\/#website"},"primaryImageOfPage":{"@id":"https:\/\/www.iobevo.com\/online\/services\/freebeverage\/service-freebeverage-verrelibre-consommation\/?lang=fr#primaryimage"},"image":{"@id":"https:\/\/www.iobevo.com\/online\/services\/freebeverage\/service-freebeverage-verrelibre-consommation\/?lang=fr#primaryimage"},"thumbnailUrl":"https:\/\/www.iobevo.com\/online\/wp-content\/uploads\/2014\/01\/slide-2-bg-e1400667726929.png","datePublished":"2014-07-07T15:47:19+00:00","dateModified":"2017-07-24T13:44:41+00:00","breadcrumb":{"@id":"https:\/\/www.iobevo.com\/online\/services\/freebeverage\/service-freebeverage-verrelibre-consommation\/?lang=fr#breadcrumb"},"inLanguage":"it-IT","potentialAction":[{"@type":"ReadAction","target":["https:\/\/www.iobevo.com\/online\/services\/freebeverage\/service-freebeverage-verrelibre-consommation\/?lang=fr"]}]},{"@type":"ImageObject","inLanguage":"it-IT","@id":"https:\/\/www.iobevo.com\/online\/services\/freebeverage\/service-freebeverage-verrelibre-consommation\/?lang=fr#primaryimage","url":"https:\/\/www.iobevo.com\/online\/wp-content\/uploads\/2014\/01\/slide-2-bg-e1400667726929.png","contentUrl":"https:\/\/www.iobevo.com\/online\/wp-content\/uploads\/2014\/01\/slide-2-bg-e1400667726929.png","width":1512,"height":400},{"@type":"BreadcrumbList","@id":"https:\/\/www.iobevo.com\/online\/services\/freebeverage\/service-freebeverage-verrelibre-consommation\/?lang=fr#breadcrumb","itemListElement":[{"@type":"ListItem","position":1,"name":"Services","item":"https:\/\/www.iobevo.com\/online\/services\/?lang=fr"},{"@type":"ListItem","position":2,"name":"freebeverage\u00ae","item":"https:\/\/www.iobevo.com\/online\/services\/freebeverage\/?lang=fr"},{"@type":"ListItem","position":3,"name":"Service Freebeverage\u00ae: verre \/ libre consommation"}]},{"@type":"WebSite","@id":"https:\/\/www.iobevo.com\/online\/#website","url":"https:\/\/www.iobevo.com\/online\/","name":"io bevo\u00ae","description":"Drink Plastic free","publisher":{"@id":"https:\/\/www.iobevo.com\/online\/#organization"},"potentialAction":[{"@type":"SearchAction","target":{"@type":"EntryPoint","urlTemplate":"https:\/\/www.iobevo.com\/online\/?s={search_term_string}"},"query-input":{"@type":"PropertyValueSpecification","valueRequired":true,"valueName":"search_term_string"}}],"inLanguage":"it-IT"},{"@type":"Organization","@id":"https:\/\/www.iobevo.com\/online\/#organization","name":"General Beverage","url":"https:\/\/www.iobevo.com\/online\/","logo":{"@type":"ImageObject","inLanguage":"it-IT","@id":"https:\/\/www.iobevo.com\/online\/#\/schema\/logo\/image\/","url":"https:\/\/www.iobevo.com\/online\/wp-content\/uploads\/2014\/01\/logo_gb_horizontal_grey_160x47.png","contentUrl":"https:\/\/www.iobevo.com\/online\/wp-content\/uploads\/2014\/01\/logo_gb_horizontal_grey_160x47.png","width":160,"height":47,"caption":"General Beverage"},"image":{"@id":"https:\/\/www.iobevo.com\/online\/#\/schema\/logo\/image\/"},"sameAs":["https:\/\/x.com\/IoBevo"]}]}},"_links":{"self":[{"href":"https:\/\/www.iobevo.com\/online\/wp-json\/wp\/v2\/pages\/6143","targetHints":{"allow":["GET"]}}],"collection":[{"href":"https:\/\/www.iobevo.com\/online\/wp-json\/wp\/v2\/pages"}],"about":[{"href":"https:\/\/www.iobevo.com\/online\/wp-json\/wp\/v2\/types\/page"}],"author":[{"embeddable":true,"href":"https:\/\/www.iobevo.com\/online\/wp-json\/wp\/v2\/users\/58"}],"replies":[{"embeddable":true,"href":"https:\/\/www.iobevo.com\/online\/wp-json\/wp\/v2\/comments?post=6143"}],"version-history":[{"count":0,"href":"https:\/\/www.iobevo.com\/online\/wp-json\/wp\/v2\/pages\/6143\/revisions"}],"up":[{"embeddable":true,"href":"https:\/\/www.iobevo.com\/online\/wp-json\/wp\/v2\/pages\/6141"}],"wp:featuredmedia":[{"embeddable":true,"href":"https:\/\/www.iobevo.com\/online\/wp-json\/wp\/v2\/media\/2831"}],"wp:attachment":[{"href":"https:\/\/www.iobevo.com\/online\/wp-json\/wp\/v2\/media?parent=6143"}],"curies":[{"name":"wp","href":"https:\/\/api.w.org\/{rel}","templated":true}]}}