{"id":6145,"date":"2014-07-07T15:48:38","date_gmt":"2014-07-07T15:48:38","guid":{"rendered":"http:\/\/www.iobevo.com\/online\/?page_id=6145"},"modified":"2017-07-24T15:44:29","modified_gmt":"2017-07-24T13:44:29","slug":"avantages-et-resultats-ambientaux","status":"publish","type":"page","link":"https:\/\/www.iobevo.com\/online\/services\/freebeverage\/avantages-et-resultats-ambientaux\/?lang=fr","title":{"rendered":"Avantages et r\u00e9sultats ambientaux"},"content":{"rendered":"<p><span class=\"responsive\"><img fetchpriority=\"high\" decoding=\"async\" class=\"alignnone size-full wp-image-4194\" src=\"http:\/\/iobevo.com\/online\/wp-content\/uploads\/2014\/01\/risultati-ambientali.jpg\" alt=\"risultati-ambientali\" width=\"700\" height=\"298\" srcset=\"https:\/\/www.iobevo.com\/online\/wp-content\/uploads\/2014\/01\/risultati-ambientali.jpg 700w, https:\/\/www.iobevo.com\/online\/wp-content\/uploads\/2014\/01\/risultati-ambientali-300x127.jpg 300w\" sizes=\"(max-width: 700px) 100vw, 700px\" \/><\/span><\/p>\n<p>Gr\u00e2ce \u00e0 l&#8217;utilisation d&#8217;eau micro filtr\u00e9e et de concentr\u00e9s post-m\u00e9lange, le service\u00a0<span class=\"mark2\">freebeverage<\/span><span class=\"mark3\">\u00ae<\/span>, a une forte connotation de protection de l&#8217;environnement, car il permet une r\u00e9duction de <strong>99% des d\u00e9chets d&#8217;emballage<\/strong> par rapport \u00e0 la consommation d&#8217;eau et de boissons mises dans des bouteilles en PET et dans des canettes, et une r\u00e9duction de <strong>96% des marchandises transport\u00e9es<\/strong>.<\/p>\n<p>Gr\u00e2ce \u00e0 l&#8217;application de ce service sur plus de 90 millions de repas, l\u2019impact sur l\u2019environnement en 2015 est \u00e9valu\u00e9 \u00e0:<\/p>\n<ul>\n<li>3.700 tonnes de d\u00e9chets d&#8217;emballages<\/li>\n<li>138.000 tonnes de marchandises transport\u00e9es<\/li>\n<li>6.100 tonnes de CO2<\/li>\n<li>4.700 tonnes de p\u00e9trole.<\/li>\n<\/ul>\n<p>Ces r\u00e9sultats sont importants, mais le potentiel est beaucoup plus important, compte tenu du fait que les d\u00e9chets d&#8217;emballages r\u00e9sultant uniquement de l&#8217;embouteillage de l&#8217;eau en Italie, font plus de 400.000 tonnes de PET par an, provoquant l&#8217;utilisation de 665.000 tonnes de p\u00e9trole, l&#8217;\u00e9mission de 900.000 tonnes de CO2 et le transport de 13 millions de tonnes de fret.<\/p>\n<p>D\u2019autres valeurs ajout\u00e9es du service\u00a0<span class=\"mark2\">freebeverage<\/span><span class=\"mark3\">\u00ae<\/span>\u00a0du point de vue \u00e9cologique, ce sont les caract\u00e9ristiques techniques sp\u00e9cifiques des distributeurs utilis\u00e9s, qui permettent une <strong>r\u00e9duction de la consommation d&#8217;\u00e9nergie<\/strong> par rapport aux m\u00e9thodes alternatives de rafra\u00eechissement des boissons.<\/p>\n<p>Pour ces raisons, le service de\u00a0<span class=\"mark2\">freebeverage<\/span><span class=\"mark3\">\u00ae<\/span>\u00a0est utilis\u00e9 par les grandes entreprises priv\u00e9es sensibles aux politiques environnementales et par la majorit\u00e9 des services publics, dans le respect des lois et r\u00e8glements relatifs aux\u00a0<a title=\"GPP green public procurement\" href=\"http:\/\/iobevo.com\/online\/?page_id=3616\"><strong>March\u00e9s Publiques Ecologiques (GPP)<\/strong><\/a>\u00a0dans la restauration collective et en particulier des\u00a0<a href=\"http:\/\/iobevo.com\/online\/wp-content\/uploads\/2014\/05\/CAM-MINISTERO-AMBIENTE-CRITERI-AMBIENTALI-MINIMI-DELLA-RISTORAZIONE.pdf\">Crit\u00e8res environnementaux minimaux <\/a>\u00a0pour l&#8217;attribution du service de restauration approuv\u00e9s le 25 Juillet 2011 par le Minist\u00e8re de l&#8217;Environnement.<\/p>\n","protected":false},"excerpt":{"rendered":"<p>Gr\u00e2ce \u00e0 l&#8217;utilisation d&#8217;eau micro filtr\u00e9e et de concentr\u00e9s post-m\u00e9lange, le service\u00a0freebeverage\u00ae, a une forte connotation de protection de l&#8217;environnement, car il permet une r\u00e9duction de 99% des d\u00e9chets d&#8217;emballage par rapport \u00e0 la consommation d&#8217;eau et de boissons mises dans des bouteilles en PET et dans des canettes, et [&hellip;]<\/p>\n","protected":false},"author":58,"featured_media":2831,"parent":6141,"menu_order":0,"comment_status":"open","ping_status":"closed","template":"","meta":{"footnotes":""},"class_list":["post-6145","page","type-page","status-publish","has-post-thumbnail","hentry"],"yoast_head":"<!-- This site is optimized with the Yoast SEO plugin v27.5 - https:\/\/yoast.com\/product\/yoast-seo-wordpress\/ -->\n<title>Avantages et r\u00e9sultats ambientaux - io bevo\u00ae<\/title>\n<meta name=\"robots\" content=\"index, follow, max-snippet:-1, max-image-preview:large, max-video-preview:-1\" \/>\n<link rel=\"canonical\" href=\"https:\/\/www.iobevo.com\/online\/services\/freebeverage\/avantages-et-resultats-ambientaux\/?lang=fr\" \/>\n<meta property=\"og:locale\" content=\"it_IT\" \/>\n<meta property=\"og:type\" content=\"article\" \/>\n<meta property=\"og:title\" content=\"Avantages et r\u00e9sultats ambientaux - io bevo\u00ae\" \/>\n<meta property=\"og:description\" content=\"Gr\u00e2ce \u00e0 l&#8217;utilisation d&#8217;eau micro filtr\u00e9e et de concentr\u00e9s post-m\u00e9lange, le service\u00a0freebeverage\u00ae, a une forte connotation de protection de l&#8217;environnement, car il permet une r\u00e9duction de 99% des d\u00e9chets d&#8217;emballage par rapport \u00e0 la consommation d&#8217;eau et de boissons mises dans des bouteilles en PET et dans des canettes, et [&hellip;]\" \/>\n<meta property=\"og:url\" content=\"https:\/\/www.iobevo.com\/online\/services\/freebeverage\/avantages-et-resultats-ambientaux\/?lang=fr\" \/>\n<meta property=\"og:site_name\" content=\"io bevo\u00ae\" \/>\n<meta property=\"article:modified_time\" content=\"2017-07-24T13:44:29+00:00\" \/>\n<meta property=\"og:image\" content=\"https:\/\/www.iobevo.com\/online\/wp-content\/uploads\/2014\/01\/slide-2-bg-e1400667726929.png\" \/>\n\t<meta property=\"og:image:width\" content=\"1512\" \/>\n\t<meta property=\"og:image:height\" content=\"400\" \/>\n\t<meta property=\"og:image:type\" content=\"image\/png\" \/>\n<meta name=\"twitter:card\" content=\"summary_large_image\" \/>\n<meta name=\"twitter:site\" content=\"@IoBevo\" \/>\n<meta name=\"twitter:label1\" content=\"Tempo di lettura stimato\" \/>\n\t<meta name=\"twitter:data1\" content=\"1 minuto\" \/>\n<script type=\"application\/ld+json\" class=\"yoast-schema-graph\">{\"@context\":\"https:\\\/\\\/schema.org\",\"@graph\":[{\"@type\":\"WebPage\",\"@id\":\"https:\\\/\\\/www.iobevo.com\\\/online\\\/services\\\/freebeverage\\\/avantages-et-resultats-ambientaux\\\/?lang=fr\",\"url\":\"https:\\\/\\\/www.iobevo.com\\\/online\\\/services\\\/freebeverage\\\/avantages-et-resultats-ambientaux\\\/?lang=fr\",\"name\":\"Avantages et r\u00e9sultats ambientaux - io bevo\u00ae\",\"isPartOf\":{\"@id\":\"https:\\\/\\\/www.iobevo.com\\\/online\\\/#website\"},\"primaryImageOfPage\":{\"@id\":\"https:\\\/\\\/www.iobevo.com\\\/online\\\/services\\\/freebeverage\\\/avantages-et-resultats-ambientaux\\\/?lang=fr#primaryimage\"},\"image\":{\"@id\":\"https:\\\/\\\/www.iobevo.com\\\/online\\\/services\\\/freebeverage\\\/avantages-et-resultats-ambientaux\\\/?lang=fr#primaryimage\"},\"thumbnailUrl\":\"https:\\\/\\\/www.iobevo.com\\\/online\\\/wp-content\\\/uploads\\\/2014\\\/01\\\/slide-2-bg-e1400667726929.png\",\"datePublished\":\"2014-07-07T15:48:38+00:00\",\"dateModified\":\"2017-07-24T13:44:29+00:00\",\"breadcrumb\":{\"@id\":\"https:\\\/\\\/www.iobevo.com\\\/online\\\/services\\\/freebeverage\\\/avantages-et-resultats-ambientaux\\\/?lang=fr#breadcrumb\"},\"inLanguage\":\"it-IT\",\"potentialAction\":[{\"@type\":\"ReadAction\",\"target\":[\"https:\\\/\\\/www.iobevo.com\\\/online\\\/services\\\/freebeverage\\\/avantages-et-resultats-ambientaux\\\/?lang=fr\"]}]},{\"@type\":\"ImageObject\",\"inLanguage\":\"it-IT\",\"@id\":\"https:\\\/\\\/www.iobevo.com\\\/online\\\/services\\\/freebeverage\\\/avantages-et-resultats-ambientaux\\\/?lang=fr#primaryimage\",\"url\":\"https:\\\/\\\/www.iobevo.com\\\/online\\\/wp-content\\\/uploads\\\/2014\\\/01\\\/slide-2-bg-e1400667726929.png\",\"contentUrl\":\"https:\\\/\\\/www.iobevo.com\\\/online\\\/wp-content\\\/uploads\\\/2014\\\/01\\\/slide-2-bg-e1400667726929.png\",\"width\":1512,\"height\":400},{\"@type\":\"BreadcrumbList\",\"@id\":\"https:\\\/\\\/www.iobevo.com\\\/online\\\/services\\\/freebeverage\\\/avantages-et-resultats-ambientaux\\\/?lang=fr#breadcrumb\",\"itemListElement\":[{\"@type\":\"ListItem\",\"position\":1,\"name\":\"Services\",\"item\":\"https:\\\/\\\/www.iobevo.com\\\/online\\\/services\\\/?lang=fr\"},{\"@type\":\"ListItem\",\"position\":2,\"name\":\"freebeverage\u00ae\",\"item\":\"https:\\\/\\\/www.iobevo.com\\\/online\\\/services\\\/freebeverage\\\/?lang=fr\"},{\"@type\":\"ListItem\",\"position\":3,\"name\":\"Avantages et r\u00e9sultats ambientaux\"}]},{\"@type\":\"WebSite\",\"@id\":\"https:\\\/\\\/www.iobevo.com\\\/online\\\/#website\",\"url\":\"https:\\\/\\\/www.iobevo.com\\\/online\\\/\",\"name\":\"io bevo\u00ae\",\"description\":\"Drink Plastic free\",\"publisher\":{\"@id\":\"https:\\\/\\\/www.iobevo.com\\\/online\\\/#organization\"},\"potentialAction\":[{\"@type\":\"SearchAction\",\"target\":{\"@type\":\"EntryPoint\",\"urlTemplate\":\"https:\\\/\\\/www.iobevo.com\\\/online\\\/?s={search_term_string}\"},\"query-input\":{\"@type\":\"PropertyValueSpecification\",\"valueRequired\":true,\"valueName\":\"search_term_string\"}}],\"inLanguage\":\"it-IT\"},{\"@type\":\"Organization\",\"@id\":\"https:\\\/\\\/www.iobevo.com\\\/online\\\/#organization\",\"name\":\"General Beverage\",\"url\":\"https:\\\/\\\/www.iobevo.com\\\/online\\\/\",\"logo\":{\"@type\":\"ImageObject\",\"inLanguage\":\"it-IT\",\"@id\":\"https:\\\/\\\/www.iobevo.com\\\/online\\\/#\\\/schema\\\/logo\\\/image\\\/\",\"url\":\"https:\\\/\\\/www.iobevo.com\\\/online\\\/wp-content\\\/uploads\\\/2014\\\/01\\\/logo_gb_horizontal_grey_160x47.png\",\"contentUrl\":\"https:\\\/\\\/www.iobevo.com\\\/online\\\/wp-content\\\/uploads\\\/2014\\\/01\\\/logo_gb_horizontal_grey_160x47.png\",\"width\":160,\"height\":47,\"caption\":\"General Beverage\"},\"image\":{\"@id\":\"https:\\\/\\\/www.iobevo.com\\\/online\\\/#\\\/schema\\\/logo\\\/image\\\/\"},\"sameAs\":[\"https:\\\/\\\/x.com\\\/IoBevo\"]}]}<\/script>\n<!-- \/ Yoast SEO plugin. -->","yoast_head_json":{"title":"Avantages et r\u00e9sultats ambientaux - io bevo\u00ae","robots":{"index":"index","follow":"follow","max-snippet":"max-snippet:-1","max-image-preview":"max-image-preview:large","max-video-preview":"max-video-preview:-1"},"canonical":"https:\/\/www.iobevo.com\/online\/services\/freebeverage\/avantages-et-resultats-ambientaux\/?lang=fr","og_locale":"it_IT","og_type":"article","og_title":"Avantages et r\u00e9sultats ambientaux - io bevo\u00ae","og_description":"Gr\u00e2ce \u00e0 l&#8217;utilisation d&#8217;eau micro filtr\u00e9e et de concentr\u00e9s post-m\u00e9lange, le service\u00a0freebeverage\u00ae, a une forte connotation de protection de l&#8217;environnement, car il permet une r\u00e9duction de 99% des d\u00e9chets d&#8217;emballage par rapport \u00e0 la consommation d&#8217;eau et de boissons mises dans des bouteilles en PET et dans des canettes, et [&hellip;]","og_url":"https:\/\/www.iobevo.com\/online\/services\/freebeverage\/avantages-et-resultats-ambientaux\/?lang=fr","og_site_name":"io bevo\u00ae","article_modified_time":"2017-07-24T13:44:29+00:00","og_image":[{"width":1512,"height":400,"url":"https:\/\/www.iobevo.com\/online\/wp-content\/uploads\/2014\/01\/slide-2-bg-e1400667726929.png","type":"image\/png"}],"twitter_card":"summary_large_image","twitter_site":"@IoBevo","twitter_misc":{"Tempo di lettura stimato":"1 minuto"},"schema":{"@context":"https:\/\/schema.org","@graph":[{"@type":"WebPage","@id":"https:\/\/www.iobevo.com\/online\/services\/freebeverage\/avantages-et-resultats-ambientaux\/?lang=fr","url":"https:\/\/www.iobevo.com\/online\/services\/freebeverage\/avantages-et-resultats-ambientaux\/?lang=fr","name":"Avantages et r\u00e9sultats ambientaux - io bevo\u00ae","isPartOf":{"@id":"https:\/\/www.iobevo.com\/online\/#website"},"primaryImageOfPage":{"@id":"https:\/\/www.iobevo.com\/online\/services\/freebeverage\/avantages-et-resultats-ambientaux\/?lang=fr#primaryimage"},"image":{"@id":"https:\/\/www.iobevo.com\/online\/services\/freebeverage\/avantages-et-resultats-ambientaux\/?lang=fr#primaryimage"},"thumbnailUrl":"https:\/\/www.iobevo.com\/online\/wp-content\/uploads\/2014\/01\/slide-2-bg-e1400667726929.png","datePublished":"2014-07-07T15:48:38+00:00","dateModified":"2017-07-24T13:44:29+00:00","breadcrumb":{"@id":"https:\/\/www.iobevo.com\/online\/services\/freebeverage\/avantages-et-resultats-ambientaux\/?lang=fr#breadcrumb"},"inLanguage":"it-IT","potentialAction":[{"@type":"ReadAction","target":["https:\/\/www.iobevo.com\/online\/services\/freebeverage\/avantages-et-resultats-ambientaux\/?lang=fr"]}]},{"@type":"ImageObject","inLanguage":"it-IT","@id":"https:\/\/www.iobevo.com\/online\/services\/freebeverage\/avantages-et-resultats-ambientaux\/?lang=fr#primaryimage","url":"https:\/\/www.iobevo.com\/online\/wp-content\/uploads\/2014\/01\/slide-2-bg-e1400667726929.png","contentUrl":"https:\/\/www.iobevo.com\/online\/wp-content\/uploads\/2014\/01\/slide-2-bg-e1400667726929.png","width":1512,"height":400},{"@type":"BreadcrumbList","@id":"https:\/\/www.iobevo.com\/online\/services\/freebeverage\/avantages-et-resultats-ambientaux\/?lang=fr#breadcrumb","itemListElement":[{"@type":"ListItem","position":1,"name":"Services","item":"https:\/\/www.iobevo.com\/online\/services\/?lang=fr"},{"@type":"ListItem","position":2,"name":"freebeverage\u00ae","item":"https:\/\/www.iobevo.com\/online\/services\/freebeverage\/?lang=fr"},{"@type":"ListItem","position":3,"name":"Avantages et r\u00e9sultats ambientaux"}]},{"@type":"WebSite","@id":"https:\/\/www.iobevo.com\/online\/#website","url":"https:\/\/www.iobevo.com\/online\/","name":"io bevo\u00ae","description":"Drink Plastic free","publisher":{"@id":"https:\/\/www.iobevo.com\/online\/#organization"},"potentialAction":[{"@type":"SearchAction","target":{"@type":"EntryPoint","urlTemplate":"https:\/\/www.iobevo.com\/online\/?s={search_term_string}"},"query-input":{"@type":"PropertyValueSpecification","valueRequired":true,"valueName":"search_term_string"}}],"inLanguage":"it-IT"},{"@type":"Organization","@id":"https:\/\/www.iobevo.com\/online\/#organization","name":"General Beverage","url":"https:\/\/www.iobevo.com\/online\/","logo":{"@type":"ImageObject","inLanguage":"it-IT","@id":"https:\/\/www.iobevo.com\/online\/#\/schema\/logo\/image\/","url":"https:\/\/www.iobevo.com\/online\/wp-content\/uploads\/2014\/01\/logo_gb_horizontal_grey_160x47.png","contentUrl":"https:\/\/www.iobevo.com\/online\/wp-content\/uploads\/2014\/01\/logo_gb_horizontal_grey_160x47.png","width":160,"height":47,"caption":"General Beverage"},"image":{"@id":"https:\/\/www.iobevo.com\/online\/#\/schema\/logo\/image\/"},"sameAs":["https:\/\/x.com\/IoBevo"]}]}},"_links":{"self":[{"href":"https:\/\/www.iobevo.com\/online\/wp-json\/wp\/v2\/pages\/6145","targetHints":{"allow":["GET"]}}],"collection":[{"href":"https:\/\/www.iobevo.com\/online\/wp-json\/wp\/v2\/pages"}],"about":[{"href":"https:\/\/www.iobevo.com\/online\/wp-json\/wp\/v2\/types\/page"}],"author":[{"embeddable":true,"href":"https:\/\/www.iobevo.com\/online\/wp-json\/wp\/v2\/users\/58"}],"replies":[{"embeddable":true,"href":"https:\/\/www.iobevo.com\/online\/wp-json\/wp\/v2\/comments?post=6145"}],"version-history":[{"count":0,"href":"https:\/\/www.iobevo.com\/online\/wp-json\/wp\/v2\/pages\/6145\/revisions"}],"up":[{"embeddable":true,"href":"https:\/\/www.iobevo.com\/online\/wp-json\/wp\/v2\/pages\/6141"}],"wp:featuredmedia":[{"embeddable":true,"href":"https:\/\/www.iobevo.com\/online\/wp-json\/wp\/v2\/media\/2831"}],"wp:attachment":[{"href":"https:\/\/www.iobevo.com\/online\/wp-json\/wp\/v2\/media?parent=6145"}],"curies":[{"name":"wp","href":"https:\/\/api.w.org\/{rel}","templated":true}]}}