{"id":6147,"date":"2014-07-07T15:50:04","date_gmt":"2014-07-07T15:50:04","guid":{"rendered":"http:\/\/www.iobevo.com\/online\/?page_id=6147"},"modified":"2018-01-29T21:20:19","modified_gmt":"2018-01-29T19:20:19","slug":"format-et-variete-des-boissons","status":"publish","type":"page","link":"https:\/\/www.iobevo.com\/online\/services\/freebeverage\/format-et-variete-des-boissons\/?lang=fr","title":{"rendered":"Format et vari\u00e9t\u00e9 des boissons"},"content":{"rendered":"<p><span class=\"responsive\"><img fetchpriority=\"high\" decoding=\"async\" class=\"alignnone size-full wp-image-4190\" src=\"http:\/\/iobevo.com\/online\/wp-content\/uploads\/2014\/01\/mediterraneo_distributore.jpg\" alt=\"mediterraneo_distributore\" width=\"700\" height=\"195\" srcset=\"https:\/\/www.iobevo.com\/online\/wp-content\/uploads\/2014\/01\/mediterraneo_distributore.jpg 700w, https:\/\/www.iobevo.com\/online\/wp-content\/uploads\/2014\/01\/mediterraneo_distributore-300x83.jpg 300w\" sizes=\"(max-width: 700px) 100vw, 700px\" \/><\/span><\/p>\n<p>Toutes les boissons sont r\u00e9alis\u00e9es en utilisant des concentr\u00e9s en sachets. Du point de vue organoleptique et nutritionnel, les produits correspondent \u00e0 des param\u00e8tres de qualit\u00e9 extr\u00eamement \u00e9lev\u00e9e.<\/p>\n<p>Ci-dessous et de mani\u00e8re sch\u00e9matique, nous citons quelques formats de boissons\u00a0<span class=\"mark2\">freebeverage<\/span><span class=\"mark3\">\u00ae<\/span>, c&#8217;est \u00e0 dire les diff\u00e9rentes typologies de boissons qui caract\u00e9risent les distributeurs \u00e0 <strong>libre consommation<\/strong>.<\/p>\n<p>Au moment de la mise en \u0153uvre de la prestation, on pourra choisir un seul format pour tous les distributeurs ou ins\u00e9rer divers formats pour chaque distributeur, afin d&#8217;assurer une plus <strong>grande vari\u00e9t\u00e9 de boissons<\/strong> et r\u00e9pondre ainsi, de mani\u00e8re ad\u00e9quate, aux diff\u00e9rentes exigences, aux diff\u00e9rents go\u00fbts et sensibilit\u00e9s des usagers.<\/p>\n<p>Chaque distributeur de boissons \u00e0 libre consommation sera donc sp\u00e9cialis\u00e9 soit par la vari\u00e9t\u00e9 des boissons soit par la <strong>personnalisation de la communication<\/strong>.<\/p>\n<p>En plus des formats propos\u00e9s, des solutions personnalis\u00e9es peuvent \u00eatre con\u00e7ues et mises en \u0153uvre en choisissant les boissons dans le cadre du large \u00e9ventail disponible et en sp\u00e9cialisant les distributeurs avec marque et communication propres \u00e0 l&#8217;entreprise.<\/p>\n<div class=\"gap\" style=\"height: 20px;\"><\/div>\n<div class=\"one_half\">\n<h5 class=\"title\"><span>Format r\u00e9gions d&#8217;Italie \u2013 Slow Beverage\u00ae<br \/>\n<em>Boire sain, boire italien<\/em><\/span><\/h5>\n<p><a href=\"http:\/\/iobevo.com\/online\/?page_id=6160\"><img decoding=\"async\" class=\"alignnone wp-image-3411 size-medium\" src=\"http:\/\/iobevo.com\/online\/wp-content\/uploads\/2014\/04\/bevande-slow-beverage-300x136.jpg\" alt=\"\" width=\"300\" height=\"136\" srcset=\"https:\/\/www.iobevo.com\/online\/wp-content\/uploads\/2014\/04\/bevande-slow-beverage-300x136.jpg 300w, https:\/\/www.iobevo.com\/online\/wp-content\/uploads\/2014\/04\/bevande-slow-beverage.jpg 400w\" sizes=\"(max-width: 300px) 100vw, 300px\" \/><\/a><\/div>\n<div class=\"one_half last\">\n<h5 class=\"title\"><span>format Fairtrade\u00ae<br \/>\n<em>Boire equitable et solidaire<\/em><\/span><\/h5>\n<p><a href=\"http:\/\/iobevo.com\/online\/?page_id=6158\"><img decoding=\"async\" class=\"alignnone wp-image-3413 size-medium\" src=\"http:\/\/iobevo.com\/online\/wp-content\/uploads\/2014\/04\/bevande-fairtrade-300x162.jpg\" alt=\"\" width=\"300\" height=\"136\" \/><\/a><\/div>\n<div class=\"clear\"><\/div>\n<div class=\"one_half\">\n<h5 class=\"title\"><span>Format sant\u00e9<br \/>\n<em>Bevi sano<\/em><\/span><\/h5>\n<p><a href=\"http:\/\/iobevo.com\/online\/?page_id=6156\"><img loading=\"lazy\" decoding=\"async\" class=\"alignnone wp-image-14557 size-medium\" src=\"https:\/\/www.iobevo.com\/online\/wp-content\/uploads\/2018\/01\/BEVI_SANO_small.jpg\" alt=\"\" width=\"300\" height=\"136\" \/><\/a><\/div>\n<div class=\"one_half last\">\n<h5 class=\"title\"><span>Format Equitable\/Slowbeverage<br \/>\n<em>Boire r\u00e9gional et \u00e9quitable et solidaire<\/em><\/span><\/h5>\n<p><a href=\"http:\/\/iobevo.com\/online\/?page_id=6154\"><img loading=\"lazy\" decoding=\"async\" class=\"alignnone wp-image-4327 size-medium\" src=\"http:\/\/iobevo.com\/online\/wp-content\/uploads\/2014\/05\/equo_slow-300x133.jpg\" alt=\"\" width=\"300\" height=\"136\" \/><\/a><\/div>\n<div class=\"clear\"><\/div>\n<div class=\"one_half\">\n<h5 class=\"title\"><span>format Standard<br \/>\n<em>Boire en toute libert\u00e9<\/em><\/span><\/h5>\n<p><a href=\"http:\/\/iobevo.com\/online\/?page_id=6152\"><img loading=\"lazy\" decoding=\"async\" class=\"alignnone wp-image-14566 size-medium\" src=\"https:\/\/www.iobevo.com\/online\/wp-content\/uploads\/2018\/01\/LIBERI_DI_BERE_small.jpg\" alt=\"\" width=\"300\" height=\"136\" \/><\/a><\/div>\n<div class=\"one_half last\">\n<h5 class=\"title\"><span>format Tutto Frutta<br \/>\n<em>ne boire que des fruits<\/em><\/span><\/h5>\n<p><a href=\"http:\/\/iobevo.com\/online\/?page_id=6150\"><img loading=\"lazy\" decoding=\"async\" class=\"alignnone wp-image-4330 size-medium\" src=\"http:\/\/iobevo.com\/online\/wp-content\/uploads\/2014\/05\/tutto-frutta-300x145.jpg\" alt=\"\" width=\"300\" height=\"136\" \/><\/a><\/div>\n<div class=\"clear\"><\/div>\n","protected":false},"excerpt":{"rendered":"<p>Toutes les boissons sont r\u00e9alis\u00e9es en utilisant des concentr\u00e9s en sachets. Du point de vue organoleptique et nutritionnel, les produits correspondent \u00e0 des param\u00e8tres de qualit\u00e9 extr\u00eamement \u00e9lev\u00e9e. Ci-dessous et de mani\u00e8re sch\u00e9matique, nous citons quelques formats de boissons\u00a0freebeverage\u00ae, c&#8217;est \u00e0 dire les diff\u00e9rentes typologies de boissons qui caract\u00e9risent les [&hellip;]<\/p>\n","protected":false},"author":58,"featured_media":2831,"parent":6141,"menu_order":0,"comment_status":"open","ping_status":"closed","template":"","meta":{"footnotes":""},"class_list":["post-6147","page","type-page","status-publish","has-post-thumbnail","hentry"],"yoast_head":"<!-- This site is optimized with the Yoast SEO plugin v27.5 - https:\/\/yoast.com\/product\/yoast-seo-wordpress\/ -->\n<title>Format et vari\u00e9t\u00e9 des boissons - io bevo\u00ae<\/title>\n<meta name=\"robots\" content=\"index, follow, max-snippet:-1, max-image-preview:large, max-video-preview:-1\" \/>\n<link rel=\"canonical\" href=\"https:\/\/www.iobevo.com\/online\/services\/freebeverage\/format-et-variete-des-boissons\/?lang=fr\" \/>\n<meta property=\"og:locale\" content=\"it_IT\" \/>\n<meta property=\"og:type\" content=\"article\" \/>\n<meta property=\"og:title\" content=\"Format et vari\u00e9t\u00e9 des boissons - io bevo\u00ae\" \/>\n<meta property=\"og:description\" content=\"Toutes les boissons sont r\u00e9alis\u00e9es en utilisant des concentr\u00e9s en sachets. Du point de vue organoleptique et nutritionnel, les produits correspondent \u00e0 des param\u00e8tres de qualit\u00e9 extr\u00eamement \u00e9lev\u00e9e. Ci-dessous et de mani\u00e8re sch\u00e9matique, nous citons quelques formats de boissons\u00a0freebeverage\u00ae, c&#8217;est \u00e0 dire les diff\u00e9rentes typologies de boissons qui caract\u00e9risent les [&hellip;]\" \/>\n<meta property=\"og:url\" content=\"https:\/\/www.iobevo.com\/online\/services\/freebeverage\/format-et-variete-des-boissons\/?lang=fr\" \/>\n<meta property=\"og:site_name\" content=\"io bevo\u00ae\" \/>\n<meta property=\"article:modified_time\" content=\"2018-01-29T19:20:19+00:00\" \/>\n<meta property=\"og:image\" content=\"https:\/\/www.iobevo.com\/online\/wp-content\/uploads\/2014\/01\/slide-2-bg-e1400667726929.png\" \/>\n\t<meta property=\"og:image:width\" content=\"1512\" \/>\n\t<meta property=\"og:image:height\" content=\"400\" \/>\n\t<meta property=\"og:image:type\" content=\"image\/png\" \/>\n<meta name=\"twitter:card\" content=\"summary_large_image\" \/>\n<meta name=\"twitter:site\" content=\"@IoBevo\" \/>\n<meta name=\"twitter:label1\" content=\"Tempo di lettura stimato\" \/>\n\t<meta name=\"twitter:data1\" content=\"1 minuto\" \/>\n<script type=\"application\/ld+json\" class=\"yoast-schema-graph\">{\"@context\":\"https:\\\/\\\/schema.org\",\"@graph\":[{\"@type\":\"WebPage\",\"@id\":\"https:\\\/\\\/www.iobevo.com\\\/online\\\/services\\\/freebeverage\\\/format-et-variete-des-boissons\\\/?lang=fr\",\"url\":\"https:\\\/\\\/www.iobevo.com\\\/online\\\/services\\\/freebeverage\\\/format-et-variete-des-boissons\\\/?lang=fr\",\"name\":\"Format et vari\u00e9t\u00e9 des boissons - io bevo\u00ae\",\"isPartOf\":{\"@id\":\"https:\\\/\\\/www.iobevo.com\\\/online\\\/#website\"},\"primaryImageOfPage\":{\"@id\":\"https:\\\/\\\/www.iobevo.com\\\/online\\\/services\\\/freebeverage\\\/format-et-variete-des-boissons\\\/?lang=fr#primaryimage\"},\"image\":{\"@id\":\"https:\\\/\\\/www.iobevo.com\\\/online\\\/services\\\/freebeverage\\\/format-et-variete-des-boissons\\\/?lang=fr#primaryimage\"},\"thumbnailUrl\":\"https:\\\/\\\/www.iobevo.com\\\/online\\\/wp-content\\\/uploads\\\/2014\\\/01\\\/slide-2-bg-e1400667726929.png\",\"datePublished\":\"2014-07-07T15:50:04+00:00\",\"dateModified\":\"2018-01-29T19:20:19+00:00\",\"breadcrumb\":{\"@id\":\"https:\\\/\\\/www.iobevo.com\\\/online\\\/services\\\/freebeverage\\\/format-et-variete-des-boissons\\\/?lang=fr#breadcrumb\"},\"inLanguage\":\"it-IT\",\"potentialAction\":[{\"@type\":\"ReadAction\",\"target\":[\"https:\\\/\\\/www.iobevo.com\\\/online\\\/services\\\/freebeverage\\\/format-et-variete-des-boissons\\\/?lang=fr\"]}]},{\"@type\":\"ImageObject\",\"inLanguage\":\"it-IT\",\"@id\":\"https:\\\/\\\/www.iobevo.com\\\/online\\\/services\\\/freebeverage\\\/format-et-variete-des-boissons\\\/?lang=fr#primaryimage\",\"url\":\"https:\\\/\\\/www.iobevo.com\\\/online\\\/wp-content\\\/uploads\\\/2014\\\/01\\\/slide-2-bg-e1400667726929.png\",\"contentUrl\":\"https:\\\/\\\/www.iobevo.com\\\/online\\\/wp-content\\\/uploads\\\/2014\\\/01\\\/slide-2-bg-e1400667726929.png\",\"width\":1512,\"height\":400},{\"@type\":\"BreadcrumbList\",\"@id\":\"https:\\\/\\\/www.iobevo.com\\\/online\\\/services\\\/freebeverage\\\/format-et-variete-des-boissons\\\/?lang=fr#breadcrumb\",\"itemListElement\":[{\"@type\":\"ListItem\",\"position\":1,\"name\":\"Services\",\"item\":\"https:\\\/\\\/www.iobevo.com\\\/online\\\/services\\\/?lang=fr\"},{\"@type\":\"ListItem\",\"position\":2,\"name\":\"freebeverage\u00ae\",\"item\":\"https:\\\/\\\/www.iobevo.com\\\/online\\\/services\\\/freebeverage\\\/?lang=fr\"},{\"@type\":\"ListItem\",\"position\":3,\"name\":\"Format et vari\u00e9t\u00e9 des boissons\"}]},{\"@type\":\"WebSite\",\"@id\":\"https:\\\/\\\/www.iobevo.com\\\/online\\\/#website\",\"url\":\"https:\\\/\\\/www.iobevo.com\\\/online\\\/\",\"name\":\"io bevo\u00ae\",\"description\":\"Drink Plastic free\",\"publisher\":{\"@id\":\"https:\\\/\\\/www.iobevo.com\\\/online\\\/#organization\"},\"potentialAction\":[{\"@type\":\"SearchAction\",\"target\":{\"@type\":\"EntryPoint\",\"urlTemplate\":\"https:\\\/\\\/www.iobevo.com\\\/online\\\/?s={search_term_string}\"},\"query-input\":{\"@type\":\"PropertyValueSpecification\",\"valueRequired\":true,\"valueName\":\"search_term_string\"}}],\"inLanguage\":\"it-IT\"},{\"@type\":\"Organization\",\"@id\":\"https:\\\/\\\/www.iobevo.com\\\/online\\\/#organization\",\"name\":\"General Beverage\",\"url\":\"https:\\\/\\\/www.iobevo.com\\\/online\\\/\",\"logo\":{\"@type\":\"ImageObject\",\"inLanguage\":\"it-IT\",\"@id\":\"https:\\\/\\\/www.iobevo.com\\\/online\\\/#\\\/schema\\\/logo\\\/image\\\/\",\"url\":\"https:\\\/\\\/www.iobevo.com\\\/online\\\/wp-content\\\/uploads\\\/2014\\\/01\\\/logo_gb_horizontal_grey_160x47.png\",\"contentUrl\":\"https:\\\/\\\/www.iobevo.com\\\/online\\\/wp-content\\\/uploads\\\/2014\\\/01\\\/logo_gb_horizontal_grey_160x47.png\",\"width\":160,\"height\":47,\"caption\":\"General Beverage\"},\"image\":{\"@id\":\"https:\\\/\\\/www.iobevo.com\\\/online\\\/#\\\/schema\\\/logo\\\/image\\\/\"},\"sameAs\":[\"https:\\\/\\\/x.com\\\/IoBevo\"]}]}<\/script>\n<!-- \/ Yoast SEO plugin. -->","yoast_head_json":{"title":"Format et vari\u00e9t\u00e9 des boissons - io bevo\u00ae","robots":{"index":"index","follow":"follow","max-snippet":"max-snippet:-1","max-image-preview":"max-image-preview:large","max-video-preview":"max-video-preview:-1"},"canonical":"https:\/\/www.iobevo.com\/online\/services\/freebeverage\/format-et-variete-des-boissons\/?lang=fr","og_locale":"it_IT","og_type":"article","og_title":"Format et vari\u00e9t\u00e9 des boissons - io bevo\u00ae","og_description":"Toutes les boissons sont r\u00e9alis\u00e9es en utilisant des concentr\u00e9s en sachets. Du point de vue organoleptique et nutritionnel, les produits correspondent \u00e0 des param\u00e8tres de qualit\u00e9 extr\u00eamement \u00e9lev\u00e9e. Ci-dessous et de mani\u00e8re sch\u00e9matique, nous citons quelques formats de boissons\u00a0freebeverage\u00ae, c&#8217;est \u00e0 dire les diff\u00e9rentes typologies de boissons qui caract\u00e9risent les [&hellip;]","og_url":"https:\/\/www.iobevo.com\/online\/services\/freebeverage\/format-et-variete-des-boissons\/?lang=fr","og_site_name":"io bevo\u00ae","article_modified_time":"2018-01-29T19:20:19+00:00","og_image":[{"width":1512,"height":400,"url":"https:\/\/www.iobevo.com\/online\/wp-content\/uploads\/2014\/01\/slide-2-bg-e1400667726929.png","type":"image\/png"}],"twitter_card":"summary_large_image","twitter_site":"@IoBevo","twitter_misc":{"Tempo di lettura stimato":"1 minuto"},"schema":{"@context":"https:\/\/schema.org","@graph":[{"@type":"WebPage","@id":"https:\/\/www.iobevo.com\/online\/services\/freebeverage\/format-et-variete-des-boissons\/?lang=fr","url":"https:\/\/www.iobevo.com\/online\/services\/freebeverage\/format-et-variete-des-boissons\/?lang=fr","name":"Format et vari\u00e9t\u00e9 des boissons - io bevo\u00ae","isPartOf":{"@id":"https:\/\/www.iobevo.com\/online\/#website"},"primaryImageOfPage":{"@id":"https:\/\/www.iobevo.com\/online\/services\/freebeverage\/format-et-variete-des-boissons\/?lang=fr#primaryimage"},"image":{"@id":"https:\/\/www.iobevo.com\/online\/services\/freebeverage\/format-et-variete-des-boissons\/?lang=fr#primaryimage"},"thumbnailUrl":"https:\/\/www.iobevo.com\/online\/wp-content\/uploads\/2014\/01\/slide-2-bg-e1400667726929.png","datePublished":"2014-07-07T15:50:04+00:00","dateModified":"2018-01-29T19:20:19+00:00","breadcrumb":{"@id":"https:\/\/www.iobevo.com\/online\/services\/freebeverage\/format-et-variete-des-boissons\/?lang=fr#breadcrumb"},"inLanguage":"it-IT","potentialAction":[{"@type":"ReadAction","target":["https:\/\/www.iobevo.com\/online\/services\/freebeverage\/format-et-variete-des-boissons\/?lang=fr"]}]},{"@type":"ImageObject","inLanguage":"it-IT","@id":"https:\/\/www.iobevo.com\/online\/services\/freebeverage\/format-et-variete-des-boissons\/?lang=fr#primaryimage","url":"https:\/\/www.iobevo.com\/online\/wp-content\/uploads\/2014\/01\/slide-2-bg-e1400667726929.png","contentUrl":"https:\/\/www.iobevo.com\/online\/wp-content\/uploads\/2014\/01\/slide-2-bg-e1400667726929.png","width":1512,"height":400},{"@type":"BreadcrumbList","@id":"https:\/\/www.iobevo.com\/online\/services\/freebeverage\/format-et-variete-des-boissons\/?lang=fr#breadcrumb","itemListElement":[{"@type":"ListItem","position":1,"name":"Services","item":"https:\/\/www.iobevo.com\/online\/services\/?lang=fr"},{"@type":"ListItem","position":2,"name":"freebeverage\u00ae","item":"https:\/\/www.iobevo.com\/online\/services\/freebeverage\/?lang=fr"},{"@type":"ListItem","position":3,"name":"Format et vari\u00e9t\u00e9 des boissons"}]},{"@type":"WebSite","@id":"https:\/\/www.iobevo.com\/online\/#website","url":"https:\/\/www.iobevo.com\/online\/","name":"io bevo\u00ae","description":"Drink Plastic free","publisher":{"@id":"https:\/\/www.iobevo.com\/online\/#organization"},"potentialAction":[{"@type":"SearchAction","target":{"@type":"EntryPoint","urlTemplate":"https:\/\/www.iobevo.com\/online\/?s={search_term_string}"},"query-input":{"@type":"PropertyValueSpecification","valueRequired":true,"valueName":"search_term_string"}}],"inLanguage":"it-IT"},{"@type":"Organization","@id":"https:\/\/www.iobevo.com\/online\/#organization","name":"General Beverage","url":"https:\/\/www.iobevo.com\/online\/","logo":{"@type":"ImageObject","inLanguage":"it-IT","@id":"https:\/\/www.iobevo.com\/online\/#\/schema\/logo\/image\/","url":"https:\/\/www.iobevo.com\/online\/wp-content\/uploads\/2014\/01\/logo_gb_horizontal_grey_160x47.png","contentUrl":"https:\/\/www.iobevo.com\/online\/wp-content\/uploads\/2014\/01\/logo_gb_horizontal_grey_160x47.png","width":160,"height":47,"caption":"General Beverage"},"image":{"@id":"https:\/\/www.iobevo.com\/online\/#\/schema\/logo\/image\/"},"sameAs":["https:\/\/x.com\/IoBevo"]}]}},"_links":{"self":[{"href":"https:\/\/www.iobevo.com\/online\/wp-json\/wp\/v2\/pages\/6147","targetHints":{"allow":["GET"]}}],"collection":[{"href":"https:\/\/www.iobevo.com\/online\/wp-json\/wp\/v2\/pages"}],"about":[{"href":"https:\/\/www.iobevo.com\/online\/wp-json\/wp\/v2\/types\/page"}],"author":[{"embeddable":true,"href":"https:\/\/www.iobevo.com\/online\/wp-json\/wp\/v2\/users\/58"}],"replies":[{"embeddable":true,"href":"https:\/\/www.iobevo.com\/online\/wp-json\/wp\/v2\/comments?post=6147"}],"version-history":[{"count":0,"href":"https:\/\/www.iobevo.com\/online\/wp-json\/wp\/v2\/pages\/6147\/revisions"}],"up":[{"embeddable":true,"href":"https:\/\/www.iobevo.com\/online\/wp-json\/wp\/v2\/pages\/6141"}],"wp:featuredmedia":[{"embeddable":true,"href":"https:\/\/www.iobevo.com\/online\/wp-json\/wp\/v2\/media\/2831"}],"wp:attachment":[{"href":"https:\/\/www.iobevo.com\/online\/wp-json\/wp\/v2\/media?parent=6147"}],"curies":[{"name":"wp","href":"https:\/\/api.w.org\/{rel}","templated":true}]}}