{"id":6154,"date":"2014-07-07T15:58:50","date_gmt":"2014-07-07T15:58:50","guid":{"rendered":"http:\/\/www.iobevo.com\/online\/?page_id=6154"},"modified":"2017-07-24T15:06:57","modified_gmt":"2017-07-24T13:06:57","slug":"format-equitableslowbeverage","status":"publish","type":"page","link":"https:\/\/www.iobevo.com\/online\/services\/freebeverage\/format-et-variete-des-boissons\/format-equitableslowbeverage\/?lang=fr","title":{"rendered":"Format Equitable\/Slowbeverage"},"content":{"rendered":"<h5><span class=\"responsive\"><img fetchpriority=\"high\" decoding=\"async\" class=\"alignleft wp-image-4327\" src=\"http:\/\/iobevo.com\/online\/wp-content\/uploads\/2014\/05\/equo_slow.jpg\" alt=\"equo_slow\" width=\"350\" height=\"156\" srcset=\"https:\/\/www.iobevo.com\/online\/wp-content\/uploads\/2014\/05\/equo_slow.jpg 700w, https:\/\/www.iobevo.com\/online\/wp-content\/uploads\/2014\/05\/equo_slow-300x133.jpg 300w\" sizes=\"(max-width: 350px) 100vw, 350px\" \/><\/span>Boire r\u00e9gional, \u00e9quitable et solidaire<\/h5>\n<p>Cette combinaison de <a title=\"Boissons Slow Beverage\" href=\"https:\/\/www.iobevo.com\/online\/?page_id=6212\">boissons r\u00e9gionales<\/a>, <a title=\"Boissons \u00e9quitables et solidaires\" href=\"https:\/\/www.iobevo.com\/online\/?page_id=6214\">\u00e9quitables et solidaires<\/a>\u00a0offre une gamme tr\u00e8s diversifi\u00e9e, en mettant en \u00e9vidence le lien entre les valeurs de d\u00e9veloppement durable du territoire et le soutien au commerce \u00e9quitable.<\/p>\n<p>Elle repr\u00e9sente une proposition originale et id\u00e9ale dans les contextes sensibles \u00e0 cette question du <strong>d\u00e9veloppement durable<\/strong>.<\/p>\n<p>Voici un exemple de format Equo-Slow:<\/p>\n<ul>\n<li>Equo Cola<\/li>\n<li>Equo ACE orange carotte-citron<\/li>\n<li>Jus d\u2019orange jus de Syracuse<\/li>\n<li>Pomme avec jus de pommes du Trentin<\/li>\n<li>Eau naturelle micro filtr\u00e9e et glac\u00e9e<\/li>\n<li>Eau gazeuse micro filtr\u00e9e<\/li>\n<li>Eau naturelle micro filtr\u00e9e \u00e0 temp\u00e9rature ambiante.<\/li>\n<\/ul>\n","protected":false},"excerpt":{"rendered":"<p>Boire r\u00e9gional, \u00e9quitable et solidaire Cette combinaison de boissons r\u00e9gionales, \u00e9quitables et solidaires\u00a0offre une gamme tr\u00e8s diversifi\u00e9e, en mettant en \u00e9vidence le lien entre les valeurs de d\u00e9veloppement durable du territoire et le soutien au commerce \u00e9quitable. Elle repr\u00e9sente une proposition originale et id\u00e9ale dans les contextes sensibles \u00e0 cette [&hellip;]<\/p>\n","protected":false},"author":58,"featured_media":2831,"parent":6147,"menu_order":0,"comment_status":"open","ping_status":"closed","template":"","meta":{"footnotes":""},"class_list":["post-6154","page","type-page","status-publish","has-post-thumbnail","hentry"],"yoast_head":"<!-- This site is optimized with the Yoast SEO plugin v27.5 - https:\/\/yoast.com\/product\/yoast-seo-wordpress\/ -->\n<title>Format Equitable\/Slowbeverage - io bevo\u00ae<\/title>\n<meta name=\"robots\" content=\"index, follow, max-snippet:-1, max-image-preview:large, max-video-preview:-1\" \/>\n<link rel=\"canonical\" href=\"https:\/\/www.iobevo.com\/online\/services\/freebeverage\/format-et-variete-des-boissons\/format-equitableslowbeverage\/?lang=fr\" \/>\n<meta property=\"og:locale\" content=\"it_IT\" \/>\n<meta property=\"og:type\" content=\"article\" \/>\n<meta property=\"og:title\" content=\"Format Equitable\/Slowbeverage - io bevo\u00ae\" \/>\n<meta property=\"og:description\" content=\"Boire r\u00e9gional, \u00e9quitable et solidaire Cette combinaison de boissons r\u00e9gionales, \u00e9quitables et solidaires\u00a0offre une gamme tr\u00e8s diversifi\u00e9e, en mettant en \u00e9vidence le lien entre les valeurs de d\u00e9veloppement durable du territoire et le soutien au commerce \u00e9quitable. Elle repr\u00e9sente une proposition originale et id\u00e9ale dans les contextes sensibles \u00e0 cette [&hellip;]\" \/>\n<meta property=\"og:url\" content=\"https:\/\/www.iobevo.com\/online\/services\/freebeverage\/format-et-variete-des-boissons\/format-equitableslowbeverage\/?lang=fr\" \/>\n<meta property=\"og:site_name\" content=\"io bevo\u00ae\" \/>\n<meta property=\"article:modified_time\" content=\"2017-07-24T13:06:57+00:00\" \/>\n<meta property=\"og:image\" content=\"https:\/\/www.iobevo.com\/online\/wp-content\/uploads\/2014\/01\/slide-2-bg-e1400667726929.png\" \/>\n\t<meta property=\"og:image:width\" content=\"1512\" \/>\n\t<meta property=\"og:image:height\" content=\"400\" \/>\n\t<meta property=\"og:image:type\" content=\"image\/png\" \/>\n<meta name=\"twitter:card\" content=\"summary_large_image\" \/>\n<meta name=\"twitter:site\" content=\"@IoBevo\" \/>\n<meta name=\"twitter:label1\" content=\"Tempo di lettura stimato\" \/>\n\t<meta name=\"twitter:data1\" content=\"1 minuto\" \/>\n<script type=\"application\/ld+json\" class=\"yoast-schema-graph\">{\"@context\":\"https:\\\/\\\/schema.org\",\"@graph\":[{\"@type\":\"WebPage\",\"@id\":\"https:\\\/\\\/www.iobevo.com\\\/online\\\/services\\\/freebeverage\\\/format-et-variete-des-boissons\\\/format-equitableslowbeverage\\\/?lang=fr\",\"url\":\"https:\\\/\\\/www.iobevo.com\\\/online\\\/services\\\/freebeverage\\\/format-et-variete-des-boissons\\\/format-equitableslowbeverage\\\/?lang=fr\",\"name\":\"Format Equitable\\\/Slowbeverage - io bevo\u00ae\",\"isPartOf\":{\"@id\":\"https:\\\/\\\/www.iobevo.com\\\/online\\\/#website\"},\"primaryImageOfPage\":{\"@id\":\"https:\\\/\\\/www.iobevo.com\\\/online\\\/services\\\/freebeverage\\\/format-et-variete-des-boissons\\\/format-equitableslowbeverage\\\/?lang=fr#primaryimage\"},\"image\":{\"@id\":\"https:\\\/\\\/www.iobevo.com\\\/online\\\/services\\\/freebeverage\\\/format-et-variete-des-boissons\\\/format-equitableslowbeverage\\\/?lang=fr#primaryimage\"},\"thumbnailUrl\":\"https:\\\/\\\/www.iobevo.com\\\/online\\\/wp-content\\\/uploads\\\/2014\\\/01\\\/slide-2-bg-e1400667726929.png\",\"datePublished\":\"2014-07-07T15:58:50+00:00\",\"dateModified\":\"2017-07-24T13:06:57+00:00\",\"breadcrumb\":{\"@id\":\"https:\\\/\\\/www.iobevo.com\\\/online\\\/services\\\/freebeverage\\\/format-et-variete-des-boissons\\\/format-equitableslowbeverage\\\/?lang=fr#breadcrumb\"},\"inLanguage\":\"it-IT\",\"potentialAction\":[{\"@type\":\"ReadAction\",\"target\":[\"https:\\\/\\\/www.iobevo.com\\\/online\\\/services\\\/freebeverage\\\/format-et-variete-des-boissons\\\/format-equitableslowbeverage\\\/?lang=fr\"]}]},{\"@type\":\"ImageObject\",\"inLanguage\":\"it-IT\",\"@id\":\"https:\\\/\\\/www.iobevo.com\\\/online\\\/services\\\/freebeverage\\\/format-et-variete-des-boissons\\\/format-equitableslowbeverage\\\/?lang=fr#primaryimage\",\"url\":\"https:\\\/\\\/www.iobevo.com\\\/online\\\/wp-content\\\/uploads\\\/2014\\\/01\\\/slide-2-bg-e1400667726929.png\",\"contentUrl\":\"https:\\\/\\\/www.iobevo.com\\\/online\\\/wp-content\\\/uploads\\\/2014\\\/01\\\/slide-2-bg-e1400667726929.png\",\"width\":1512,\"height\":400},{\"@type\":\"BreadcrumbList\",\"@id\":\"https:\\\/\\\/www.iobevo.com\\\/online\\\/services\\\/freebeverage\\\/format-et-variete-des-boissons\\\/format-equitableslowbeverage\\\/?lang=fr#breadcrumb\",\"itemListElement\":[{\"@type\":\"ListItem\",\"position\":1,\"name\":\"Services\",\"item\":\"https:\\\/\\\/www.iobevo.com\\\/online\\\/services\\\/?lang=fr\"},{\"@type\":\"ListItem\",\"position\":2,\"name\":\"freebeverage\u00ae\",\"item\":\"https:\\\/\\\/www.iobevo.com\\\/online\\\/services\\\/freebeverage\\\/?lang=fr\"},{\"@type\":\"ListItem\",\"position\":3,\"name\":\"Format et vari\u00e9t\u00e9 des boissons\",\"item\":\"https:\\\/\\\/www.iobevo.com\\\/online\\\/services\\\/freebeverage\\\/format-et-variete-des-boissons\\\/?lang=fr\"},{\"@type\":\"ListItem\",\"position\":4,\"name\":\"Format Equitable\\\/Slowbeverage\"}]},{\"@type\":\"WebSite\",\"@id\":\"https:\\\/\\\/www.iobevo.com\\\/online\\\/#website\",\"url\":\"https:\\\/\\\/www.iobevo.com\\\/online\\\/\",\"name\":\"io bevo\u00ae\",\"description\":\"Drink Plastic free\",\"publisher\":{\"@id\":\"https:\\\/\\\/www.iobevo.com\\\/online\\\/#organization\"},\"potentialAction\":[{\"@type\":\"SearchAction\",\"target\":{\"@type\":\"EntryPoint\",\"urlTemplate\":\"https:\\\/\\\/www.iobevo.com\\\/online\\\/?s={search_term_string}\"},\"query-input\":{\"@type\":\"PropertyValueSpecification\",\"valueRequired\":true,\"valueName\":\"search_term_string\"}}],\"inLanguage\":\"it-IT\"},{\"@type\":\"Organization\",\"@id\":\"https:\\\/\\\/www.iobevo.com\\\/online\\\/#organization\",\"name\":\"General Beverage\",\"url\":\"https:\\\/\\\/www.iobevo.com\\\/online\\\/\",\"logo\":{\"@type\":\"ImageObject\",\"inLanguage\":\"it-IT\",\"@id\":\"https:\\\/\\\/www.iobevo.com\\\/online\\\/#\\\/schema\\\/logo\\\/image\\\/\",\"url\":\"https:\\\/\\\/www.iobevo.com\\\/online\\\/wp-content\\\/uploads\\\/2014\\\/01\\\/logo_gb_horizontal_grey_160x47.png\",\"contentUrl\":\"https:\\\/\\\/www.iobevo.com\\\/online\\\/wp-content\\\/uploads\\\/2014\\\/01\\\/logo_gb_horizontal_grey_160x47.png\",\"width\":160,\"height\":47,\"caption\":\"General Beverage\"},\"image\":{\"@id\":\"https:\\\/\\\/www.iobevo.com\\\/online\\\/#\\\/schema\\\/logo\\\/image\\\/\"},\"sameAs\":[\"https:\\\/\\\/x.com\\\/IoBevo\"]}]}<\/script>\n<!-- \/ Yoast SEO plugin. -->","yoast_head_json":{"title":"Format Equitable\/Slowbeverage - io bevo\u00ae","robots":{"index":"index","follow":"follow","max-snippet":"max-snippet:-1","max-image-preview":"max-image-preview:large","max-video-preview":"max-video-preview:-1"},"canonical":"https:\/\/www.iobevo.com\/online\/services\/freebeverage\/format-et-variete-des-boissons\/format-equitableslowbeverage\/?lang=fr","og_locale":"it_IT","og_type":"article","og_title":"Format Equitable\/Slowbeverage - io bevo\u00ae","og_description":"Boire r\u00e9gional, \u00e9quitable et solidaire Cette combinaison de boissons r\u00e9gionales, \u00e9quitables et solidaires\u00a0offre une gamme tr\u00e8s diversifi\u00e9e, en mettant en \u00e9vidence le lien entre les valeurs de d\u00e9veloppement durable du territoire et le soutien au commerce \u00e9quitable. Elle repr\u00e9sente une proposition originale et id\u00e9ale dans les contextes sensibles \u00e0 cette [&hellip;]","og_url":"https:\/\/www.iobevo.com\/online\/services\/freebeverage\/format-et-variete-des-boissons\/format-equitableslowbeverage\/?lang=fr","og_site_name":"io bevo\u00ae","article_modified_time":"2017-07-24T13:06:57+00:00","og_image":[{"width":1512,"height":400,"url":"https:\/\/www.iobevo.com\/online\/wp-content\/uploads\/2014\/01\/slide-2-bg-e1400667726929.png","type":"image\/png"}],"twitter_card":"summary_large_image","twitter_site":"@IoBevo","twitter_misc":{"Tempo di lettura stimato":"1 minuto"},"schema":{"@context":"https:\/\/schema.org","@graph":[{"@type":"WebPage","@id":"https:\/\/www.iobevo.com\/online\/services\/freebeverage\/format-et-variete-des-boissons\/format-equitableslowbeverage\/?lang=fr","url":"https:\/\/www.iobevo.com\/online\/services\/freebeverage\/format-et-variete-des-boissons\/format-equitableslowbeverage\/?lang=fr","name":"Format Equitable\/Slowbeverage - io bevo\u00ae","isPartOf":{"@id":"https:\/\/www.iobevo.com\/online\/#website"},"primaryImageOfPage":{"@id":"https:\/\/www.iobevo.com\/online\/services\/freebeverage\/format-et-variete-des-boissons\/format-equitableslowbeverage\/?lang=fr#primaryimage"},"image":{"@id":"https:\/\/www.iobevo.com\/online\/services\/freebeverage\/format-et-variete-des-boissons\/format-equitableslowbeverage\/?lang=fr#primaryimage"},"thumbnailUrl":"https:\/\/www.iobevo.com\/online\/wp-content\/uploads\/2014\/01\/slide-2-bg-e1400667726929.png","datePublished":"2014-07-07T15:58:50+00:00","dateModified":"2017-07-24T13:06:57+00:00","breadcrumb":{"@id":"https:\/\/www.iobevo.com\/online\/services\/freebeverage\/format-et-variete-des-boissons\/format-equitableslowbeverage\/?lang=fr#breadcrumb"},"inLanguage":"it-IT","potentialAction":[{"@type":"ReadAction","target":["https:\/\/www.iobevo.com\/online\/services\/freebeverage\/format-et-variete-des-boissons\/format-equitableslowbeverage\/?lang=fr"]}]},{"@type":"ImageObject","inLanguage":"it-IT","@id":"https:\/\/www.iobevo.com\/online\/services\/freebeverage\/format-et-variete-des-boissons\/format-equitableslowbeverage\/?lang=fr#primaryimage","url":"https:\/\/www.iobevo.com\/online\/wp-content\/uploads\/2014\/01\/slide-2-bg-e1400667726929.png","contentUrl":"https:\/\/www.iobevo.com\/online\/wp-content\/uploads\/2014\/01\/slide-2-bg-e1400667726929.png","width":1512,"height":400},{"@type":"BreadcrumbList","@id":"https:\/\/www.iobevo.com\/online\/services\/freebeverage\/format-et-variete-des-boissons\/format-equitableslowbeverage\/?lang=fr#breadcrumb","itemListElement":[{"@type":"ListItem","position":1,"name":"Services","item":"https:\/\/www.iobevo.com\/online\/services\/?lang=fr"},{"@type":"ListItem","position":2,"name":"freebeverage\u00ae","item":"https:\/\/www.iobevo.com\/online\/services\/freebeverage\/?lang=fr"},{"@type":"ListItem","position":3,"name":"Format et vari\u00e9t\u00e9 des boissons","item":"https:\/\/www.iobevo.com\/online\/services\/freebeverage\/format-et-variete-des-boissons\/?lang=fr"},{"@type":"ListItem","position":4,"name":"Format Equitable\/Slowbeverage"}]},{"@type":"WebSite","@id":"https:\/\/www.iobevo.com\/online\/#website","url":"https:\/\/www.iobevo.com\/online\/","name":"io bevo\u00ae","description":"Drink Plastic free","publisher":{"@id":"https:\/\/www.iobevo.com\/online\/#organization"},"potentialAction":[{"@type":"SearchAction","target":{"@type":"EntryPoint","urlTemplate":"https:\/\/www.iobevo.com\/online\/?s={search_term_string}"},"query-input":{"@type":"PropertyValueSpecification","valueRequired":true,"valueName":"search_term_string"}}],"inLanguage":"it-IT"},{"@type":"Organization","@id":"https:\/\/www.iobevo.com\/online\/#organization","name":"General Beverage","url":"https:\/\/www.iobevo.com\/online\/","logo":{"@type":"ImageObject","inLanguage":"it-IT","@id":"https:\/\/www.iobevo.com\/online\/#\/schema\/logo\/image\/","url":"https:\/\/www.iobevo.com\/online\/wp-content\/uploads\/2014\/01\/logo_gb_horizontal_grey_160x47.png","contentUrl":"https:\/\/www.iobevo.com\/online\/wp-content\/uploads\/2014\/01\/logo_gb_horizontal_grey_160x47.png","width":160,"height":47,"caption":"General Beverage"},"image":{"@id":"https:\/\/www.iobevo.com\/online\/#\/schema\/logo\/image\/"},"sameAs":["https:\/\/x.com\/IoBevo"]}]}},"_links":{"self":[{"href":"https:\/\/www.iobevo.com\/online\/wp-json\/wp\/v2\/pages\/6154","targetHints":{"allow":["GET"]}}],"collection":[{"href":"https:\/\/www.iobevo.com\/online\/wp-json\/wp\/v2\/pages"}],"about":[{"href":"https:\/\/www.iobevo.com\/online\/wp-json\/wp\/v2\/types\/page"}],"author":[{"embeddable":true,"href":"https:\/\/www.iobevo.com\/online\/wp-json\/wp\/v2\/users\/58"}],"replies":[{"embeddable":true,"href":"https:\/\/www.iobevo.com\/online\/wp-json\/wp\/v2\/comments?post=6154"}],"version-history":[{"count":0,"href":"https:\/\/www.iobevo.com\/online\/wp-json\/wp\/v2\/pages\/6154\/revisions"}],"up":[{"embeddable":true,"href":"https:\/\/www.iobevo.com\/online\/wp-json\/wp\/v2\/pages\/6147"}],"wp:featuredmedia":[{"embeddable":true,"href":"https:\/\/www.iobevo.com\/online\/wp-json\/wp\/v2\/media\/2831"}],"wp:attachment":[{"href":"https:\/\/www.iobevo.com\/online\/wp-json\/wp\/v2\/media?parent=6154"}],"curies":[{"name":"wp","href":"https:\/\/api.w.org\/{rel}","templated":true}]}}