{"id":6156,"date":"2014-07-07T16:00:32","date_gmt":"2014-07-07T16:00:32","guid":{"rendered":"http:\/\/www.iobevo.com\/online\/?page_id=6156"},"modified":"2018-01-29T21:21:58","modified_gmt":"2018-01-29T19:21:58","slug":"format-sante-bevi-sano","status":"publish","type":"page","link":"https:\/\/www.iobevo.com\/online\/services\/freebeverage\/format-et-variete-des-boissons\/format-sante-bevi-sano\/?lang=fr","title":{"rendered":"Format sant\u00e9"},"content":{"rendered":"<h5>Bevi sano<\/h5>\n<p><span class=\"responsive\"><img fetchpriority=\"high\" decoding=\"async\" class=\"aligncenter wp-image-14548\" title=\"Format sant\u00e9\" src=\"https:\/\/www.iobevo.com\/online\/wp-content\/uploads\/2018\/01\/BEVI_SANO.jpg\" alt=\"Format sant\u00e9\" width=\"800\" height=\"417\" srcset=\"https:\/\/www.iobevo.com\/online\/wp-content\/uploads\/2018\/01\/BEVI_SANO.jpg 1000w, https:\/\/www.iobevo.com\/online\/wp-content\/uploads\/2018\/01\/BEVI_SANO-300x156.jpg 300w, https:\/\/www.iobevo.com\/online\/wp-content\/uploads\/2018\/01\/BEVI_SANO-768x400.jpg 768w\" sizes=\"(max-width: 800px) 100vw, 800px\" \/><\/span><\/p>\n<div class=\"gap\" style=\"height: 20px;\"><\/div>\n<p><a title=\"Boissons BeviSano\" href=\"https:\/\/www.iobevo.com\/online\/?page_id=6226\">Les boissons class\u00e9es dans ce format<\/a> sont caract\u00e9ris\u00e9es par un pourcentage tr\u00e8s r\u00e9duit en calories, d\u00e9rivant de l&#8217;utilisation de la plante <strong>Stevia Rebaudiana<\/strong> et des propri\u00e9t\u00e9s b\u00e9n\u00e9fiques de l&#8217;<strong>Aloe vera<\/strong>.<\/p>\n<p>Elles peuvent \u00eatre ins\u00e9r\u00e9es dans un format sant\u00e9 sp\u00e9cifique ou dans d&#8217;autres formats.<\/p>\n<div class=\"gap\" style=\"height: 20px;\"><\/div>\n<p>Voici un exemple de format BeviSano:<\/p>\n<ul>\n<li>Pomme avec aloe vera<\/li>\n<li>Th\u00e9 vert avec aloe vera<\/li>\n<li>Myrtille rouge avec aloe vera<\/li>\n<li>Agrumes avec aloe vera<\/li>\n<li>Eau naturelle micro filtr\u00e9e glac\u00e9e<\/li>\n<li>Eau gazeuse micro filtr\u00e9e<\/li>\n<li>Eau naturelle micro filtr\u00e9e \u00e0 temp\u00e9rature ambiante.<\/li>\n<\/ul>\n","protected":false},"excerpt":{"rendered":"<p>Bevi sano Les boissons class\u00e9es dans ce format sont caract\u00e9ris\u00e9es par un pourcentage tr\u00e8s r\u00e9duit en calories, d\u00e9rivant de l&#8217;utilisation de la plante Stevia Rebaudiana et des propri\u00e9t\u00e9s b\u00e9n\u00e9fiques de l&#8217;Aloe vera. Elles peuvent \u00eatre ins\u00e9r\u00e9es dans un format sant\u00e9 sp\u00e9cifique ou dans d&#8217;autres formats. Voici un exemple de format [&hellip;]<\/p>\n","protected":false},"author":58,"featured_media":2831,"parent":6147,"menu_order":0,"comment_status":"open","ping_status":"closed","template":"","meta":{"footnotes":""},"class_list":["post-6156","page","type-page","status-publish","has-post-thumbnail","hentry"],"yoast_head":"<!-- This site is optimized with the Yoast SEO plugin v27.5 - https:\/\/yoast.com\/product\/yoast-seo-wordpress\/ -->\n<title>Format sant\u00e9 - io bevo\u00ae<\/title>\n<meta name=\"robots\" content=\"index, follow, max-snippet:-1, max-image-preview:large, max-video-preview:-1\" \/>\n<link rel=\"canonical\" href=\"https:\/\/www.iobevo.com\/online\/services\/freebeverage\/format-et-variete-des-boissons\/format-sante-bevi-sano\/?lang=fr\" \/>\n<meta property=\"og:locale\" content=\"it_IT\" \/>\n<meta property=\"og:type\" content=\"article\" \/>\n<meta property=\"og:title\" content=\"Format sant\u00e9 - io bevo\u00ae\" \/>\n<meta property=\"og:description\" content=\"Bevi sano Les boissons class\u00e9es dans ce format sont caract\u00e9ris\u00e9es par un pourcentage tr\u00e8s r\u00e9duit en calories, d\u00e9rivant de l&#8217;utilisation de la plante Stevia Rebaudiana et des propri\u00e9t\u00e9s b\u00e9n\u00e9fiques de l&#8217;Aloe vera. Elles peuvent \u00eatre ins\u00e9r\u00e9es dans un format sant\u00e9 sp\u00e9cifique ou dans d&#8217;autres formats. Voici un exemple de format [&hellip;]\" \/>\n<meta property=\"og:url\" content=\"https:\/\/www.iobevo.com\/online\/services\/freebeverage\/format-et-variete-des-boissons\/format-sante-bevi-sano\/?lang=fr\" \/>\n<meta property=\"og:site_name\" content=\"io bevo\u00ae\" \/>\n<meta property=\"article:modified_time\" content=\"2018-01-29T19:21:58+00:00\" \/>\n<meta property=\"og:image\" content=\"https:\/\/www.iobevo.com\/online\/wp-content\/uploads\/2014\/01\/slide-2-bg-e1400667726929.png\" \/>\n\t<meta property=\"og:image:width\" content=\"1512\" \/>\n\t<meta property=\"og:image:height\" content=\"400\" \/>\n\t<meta property=\"og:image:type\" content=\"image\/png\" \/>\n<meta name=\"twitter:card\" content=\"summary_large_image\" \/>\n<meta name=\"twitter:site\" content=\"@IoBevo\" \/>\n<meta name=\"twitter:label1\" content=\"Tempo di lettura stimato\" \/>\n\t<meta name=\"twitter:data1\" content=\"1 minuto\" \/>\n<script type=\"application\/ld+json\" class=\"yoast-schema-graph\">{\"@context\":\"https:\\\/\\\/schema.org\",\"@graph\":[{\"@type\":\"WebPage\",\"@id\":\"https:\\\/\\\/www.iobevo.com\\\/online\\\/services\\\/freebeverage\\\/format-et-variete-des-boissons\\\/format-sante-bevi-sano\\\/?lang=fr\",\"url\":\"https:\\\/\\\/www.iobevo.com\\\/online\\\/services\\\/freebeverage\\\/format-et-variete-des-boissons\\\/format-sante-bevi-sano\\\/?lang=fr\",\"name\":\"Format sant\u00e9 - io bevo\u00ae\",\"isPartOf\":{\"@id\":\"https:\\\/\\\/www.iobevo.com\\\/online\\\/#website\"},\"primaryImageOfPage\":{\"@id\":\"https:\\\/\\\/www.iobevo.com\\\/online\\\/services\\\/freebeverage\\\/format-et-variete-des-boissons\\\/format-sante-bevi-sano\\\/?lang=fr#primaryimage\"},\"image\":{\"@id\":\"https:\\\/\\\/www.iobevo.com\\\/online\\\/services\\\/freebeverage\\\/format-et-variete-des-boissons\\\/format-sante-bevi-sano\\\/?lang=fr#primaryimage\"},\"thumbnailUrl\":\"https:\\\/\\\/www.iobevo.com\\\/online\\\/wp-content\\\/uploads\\\/2014\\\/01\\\/slide-2-bg-e1400667726929.png\",\"datePublished\":\"2014-07-07T16:00:32+00:00\",\"dateModified\":\"2018-01-29T19:21:58+00:00\",\"breadcrumb\":{\"@id\":\"https:\\\/\\\/www.iobevo.com\\\/online\\\/services\\\/freebeverage\\\/format-et-variete-des-boissons\\\/format-sante-bevi-sano\\\/?lang=fr#breadcrumb\"},\"inLanguage\":\"it-IT\",\"potentialAction\":[{\"@type\":\"ReadAction\",\"target\":[\"https:\\\/\\\/www.iobevo.com\\\/online\\\/services\\\/freebeverage\\\/format-et-variete-des-boissons\\\/format-sante-bevi-sano\\\/?lang=fr\"]}]},{\"@type\":\"ImageObject\",\"inLanguage\":\"it-IT\",\"@id\":\"https:\\\/\\\/www.iobevo.com\\\/online\\\/services\\\/freebeverage\\\/format-et-variete-des-boissons\\\/format-sante-bevi-sano\\\/?lang=fr#primaryimage\",\"url\":\"https:\\\/\\\/www.iobevo.com\\\/online\\\/wp-content\\\/uploads\\\/2014\\\/01\\\/slide-2-bg-e1400667726929.png\",\"contentUrl\":\"https:\\\/\\\/www.iobevo.com\\\/online\\\/wp-content\\\/uploads\\\/2014\\\/01\\\/slide-2-bg-e1400667726929.png\",\"width\":1512,\"height\":400},{\"@type\":\"BreadcrumbList\",\"@id\":\"https:\\\/\\\/www.iobevo.com\\\/online\\\/services\\\/freebeverage\\\/format-et-variete-des-boissons\\\/format-sante-bevi-sano\\\/?lang=fr#breadcrumb\",\"itemListElement\":[{\"@type\":\"ListItem\",\"position\":1,\"name\":\"Services\",\"item\":\"https:\\\/\\\/www.iobevo.com\\\/online\\\/services\\\/?lang=fr\"},{\"@type\":\"ListItem\",\"position\":2,\"name\":\"freebeverage\u00ae\",\"item\":\"https:\\\/\\\/www.iobevo.com\\\/online\\\/services\\\/freebeverage\\\/?lang=fr\"},{\"@type\":\"ListItem\",\"position\":3,\"name\":\"Format et vari\u00e9t\u00e9 des boissons\",\"item\":\"https:\\\/\\\/www.iobevo.com\\\/online\\\/services\\\/freebeverage\\\/format-et-variete-des-boissons\\\/?lang=fr\"},{\"@type\":\"ListItem\",\"position\":4,\"name\":\"Format sant\u00e9\"}]},{\"@type\":\"WebSite\",\"@id\":\"https:\\\/\\\/www.iobevo.com\\\/online\\\/#website\",\"url\":\"https:\\\/\\\/www.iobevo.com\\\/online\\\/\",\"name\":\"io bevo\u00ae\",\"description\":\"Drink Plastic free\",\"publisher\":{\"@id\":\"https:\\\/\\\/www.iobevo.com\\\/online\\\/#organization\"},\"potentialAction\":[{\"@type\":\"SearchAction\",\"target\":{\"@type\":\"EntryPoint\",\"urlTemplate\":\"https:\\\/\\\/www.iobevo.com\\\/online\\\/?s={search_term_string}\"},\"query-input\":{\"@type\":\"PropertyValueSpecification\",\"valueRequired\":true,\"valueName\":\"search_term_string\"}}],\"inLanguage\":\"it-IT\"},{\"@type\":\"Organization\",\"@id\":\"https:\\\/\\\/www.iobevo.com\\\/online\\\/#organization\",\"name\":\"General Beverage\",\"url\":\"https:\\\/\\\/www.iobevo.com\\\/online\\\/\",\"logo\":{\"@type\":\"ImageObject\",\"inLanguage\":\"it-IT\",\"@id\":\"https:\\\/\\\/www.iobevo.com\\\/online\\\/#\\\/schema\\\/logo\\\/image\\\/\",\"url\":\"https:\\\/\\\/www.iobevo.com\\\/online\\\/wp-content\\\/uploads\\\/2014\\\/01\\\/logo_gb_horizontal_grey_160x47.png\",\"contentUrl\":\"https:\\\/\\\/www.iobevo.com\\\/online\\\/wp-content\\\/uploads\\\/2014\\\/01\\\/logo_gb_horizontal_grey_160x47.png\",\"width\":160,\"height\":47,\"caption\":\"General Beverage\"},\"image\":{\"@id\":\"https:\\\/\\\/www.iobevo.com\\\/online\\\/#\\\/schema\\\/logo\\\/image\\\/\"},\"sameAs\":[\"https:\\\/\\\/x.com\\\/IoBevo\"]}]}<\/script>\n<!-- \/ Yoast SEO plugin. -->","yoast_head_json":{"title":"Format sant\u00e9 - io bevo\u00ae","robots":{"index":"index","follow":"follow","max-snippet":"max-snippet:-1","max-image-preview":"max-image-preview:large","max-video-preview":"max-video-preview:-1"},"canonical":"https:\/\/www.iobevo.com\/online\/services\/freebeverage\/format-et-variete-des-boissons\/format-sante-bevi-sano\/?lang=fr","og_locale":"it_IT","og_type":"article","og_title":"Format sant\u00e9 - io bevo\u00ae","og_description":"Bevi sano Les boissons class\u00e9es dans ce format sont caract\u00e9ris\u00e9es par un pourcentage tr\u00e8s r\u00e9duit en calories, d\u00e9rivant de l&#8217;utilisation de la plante Stevia Rebaudiana et des propri\u00e9t\u00e9s b\u00e9n\u00e9fiques de l&#8217;Aloe vera. Elles peuvent \u00eatre ins\u00e9r\u00e9es dans un format sant\u00e9 sp\u00e9cifique ou dans d&#8217;autres formats. Voici un exemple de format [&hellip;]","og_url":"https:\/\/www.iobevo.com\/online\/services\/freebeverage\/format-et-variete-des-boissons\/format-sante-bevi-sano\/?lang=fr","og_site_name":"io bevo\u00ae","article_modified_time":"2018-01-29T19:21:58+00:00","og_image":[{"width":1512,"height":400,"url":"https:\/\/www.iobevo.com\/online\/wp-content\/uploads\/2014\/01\/slide-2-bg-e1400667726929.png","type":"image\/png"}],"twitter_card":"summary_large_image","twitter_site":"@IoBevo","twitter_misc":{"Tempo di lettura stimato":"1 minuto"},"schema":{"@context":"https:\/\/schema.org","@graph":[{"@type":"WebPage","@id":"https:\/\/www.iobevo.com\/online\/services\/freebeverage\/format-et-variete-des-boissons\/format-sante-bevi-sano\/?lang=fr","url":"https:\/\/www.iobevo.com\/online\/services\/freebeverage\/format-et-variete-des-boissons\/format-sante-bevi-sano\/?lang=fr","name":"Format sant\u00e9 - io bevo\u00ae","isPartOf":{"@id":"https:\/\/www.iobevo.com\/online\/#website"},"primaryImageOfPage":{"@id":"https:\/\/www.iobevo.com\/online\/services\/freebeverage\/format-et-variete-des-boissons\/format-sante-bevi-sano\/?lang=fr#primaryimage"},"image":{"@id":"https:\/\/www.iobevo.com\/online\/services\/freebeverage\/format-et-variete-des-boissons\/format-sante-bevi-sano\/?lang=fr#primaryimage"},"thumbnailUrl":"https:\/\/www.iobevo.com\/online\/wp-content\/uploads\/2014\/01\/slide-2-bg-e1400667726929.png","datePublished":"2014-07-07T16:00:32+00:00","dateModified":"2018-01-29T19:21:58+00:00","breadcrumb":{"@id":"https:\/\/www.iobevo.com\/online\/services\/freebeverage\/format-et-variete-des-boissons\/format-sante-bevi-sano\/?lang=fr#breadcrumb"},"inLanguage":"it-IT","potentialAction":[{"@type":"ReadAction","target":["https:\/\/www.iobevo.com\/online\/services\/freebeverage\/format-et-variete-des-boissons\/format-sante-bevi-sano\/?lang=fr"]}]},{"@type":"ImageObject","inLanguage":"it-IT","@id":"https:\/\/www.iobevo.com\/online\/services\/freebeverage\/format-et-variete-des-boissons\/format-sante-bevi-sano\/?lang=fr#primaryimage","url":"https:\/\/www.iobevo.com\/online\/wp-content\/uploads\/2014\/01\/slide-2-bg-e1400667726929.png","contentUrl":"https:\/\/www.iobevo.com\/online\/wp-content\/uploads\/2014\/01\/slide-2-bg-e1400667726929.png","width":1512,"height":400},{"@type":"BreadcrumbList","@id":"https:\/\/www.iobevo.com\/online\/services\/freebeverage\/format-et-variete-des-boissons\/format-sante-bevi-sano\/?lang=fr#breadcrumb","itemListElement":[{"@type":"ListItem","position":1,"name":"Services","item":"https:\/\/www.iobevo.com\/online\/services\/?lang=fr"},{"@type":"ListItem","position":2,"name":"freebeverage\u00ae","item":"https:\/\/www.iobevo.com\/online\/services\/freebeverage\/?lang=fr"},{"@type":"ListItem","position":3,"name":"Format et vari\u00e9t\u00e9 des boissons","item":"https:\/\/www.iobevo.com\/online\/services\/freebeverage\/format-et-variete-des-boissons\/?lang=fr"},{"@type":"ListItem","position":4,"name":"Format sant\u00e9"}]},{"@type":"WebSite","@id":"https:\/\/www.iobevo.com\/online\/#website","url":"https:\/\/www.iobevo.com\/online\/","name":"io bevo\u00ae","description":"Drink Plastic free","publisher":{"@id":"https:\/\/www.iobevo.com\/online\/#organization"},"potentialAction":[{"@type":"SearchAction","target":{"@type":"EntryPoint","urlTemplate":"https:\/\/www.iobevo.com\/online\/?s={search_term_string}"},"query-input":{"@type":"PropertyValueSpecification","valueRequired":true,"valueName":"search_term_string"}}],"inLanguage":"it-IT"},{"@type":"Organization","@id":"https:\/\/www.iobevo.com\/online\/#organization","name":"General Beverage","url":"https:\/\/www.iobevo.com\/online\/","logo":{"@type":"ImageObject","inLanguage":"it-IT","@id":"https:\/\/www.iobevo.com\/online\/#\/schema\/logo\/image\/","url":"https:\/\/www.iobevo.com\/online\/wp-content\/uploads\/2014\/01\/logo_gb_horizontal_grey_160x47.png","contentUrl":"https:\/\/www.iobevo.com\/online\/wp-content\/uploads\/2014\/01\/logo_gb_horizontal_grey_160x47.png","width":160,"height":47,"caption":"General Beverage"},"image":{"@id":"https:\/\/www.iobevo.com\/online\/#\/schema\/logo\/image\/"},"sameAs":["https:\/\/x.com\/IoBevo"]}]}},"_links":{"self":[{"href":"https:\/\/www.iobevo.com\/online\/wp-json\/wp\/v2\/pages\/6156","targetHints":{"allow":["GET"]}}],"collection":[{"href":"https:\/\/www.iobevo.com\/online\/wp-json\/wp\/v2\/pages"}],"about":[{"href":"https:\/\/www.iobevo.com\/online\/wp-json\/wp\/v2\/types\/page"}],"author":[{"embeddable":true,"href":"https:\/\/www.iobevo.com\/online\/wp-json\/wp\/v2\/users\/58"}],"replies":[{"embeddable":true,"href":"https:\/\/www.iobevo.com\/online\/wp-json\/wp\/v2\/comments?post=6156"}],"version-history":[{"count":0,"href":"https:\/\/www.iobevo.com\/online\/wp-json\/wp\/v2\/pages\/6156\/revisions"}],"up":[{"embeddable":true,"href":"https:\/\/www.iobevo.com\/online\/wp-json\/wp\/v2\/pages\/6147"}],"wp:featuredmedia":[{"embeddable":true,"href":"https:\/\/www.iobevo.com\/online\/wp-json\/wp\/v2\/media\/2831"}],"wp:attachment":[{"href":"https:\/\/www.iobevo.com\/online\/wp-json\/wp\/v2\/media?parent=6156"}],"curies":[{"name":"wp","href":"https:\/\/api.w.org\/{rel}","templated":true}]}}