{"id":6158,"date":"2014-07-07T16:01:59","date_gmt":"2014-07-07T16:01:59","guid":{"rendered":"http:\/\/www.iobevo.com\/online\/?page_id=6158"},"modified":"2017-07-16T22:42:43","modified_gmt":"2017-07-16T20:42:43","slug":"format-fairtrade-boire-equitable-et-solidaire","status":"publish","type":"page","link":"https:\/\/www.iobevo.com\/online\/services\/freebeverage\/format-et-variete-des-boissons\/format-fairtrade-boire-equitable-et-solidaire\/?lang=fr","title":{"rendered":"Format Fairtrade"},"content":{"rendered":"<p><span class=\"responsive\"><img fetchpriority=\"high\" decoding=\"async\" class=\"alignleft wp-image-3206\" src=\"http:\/\/iobevo.com\/online\/wp-content\/uploads\/2014\/04\/concentrati-per-bevande-fai.jpg\" alt=\"concentrati-per-bevande-fairtrade\" width=\"350\" height=\"189\" srcset=\"https:\/\/www.iobevo.com\/online\/wp-content\/uploads\/2014\/04\/concentrati-per-bevande-fai.jpg 700w, https:\/\/www.iobevo.com\/online\/wp-content\/uploads\/2014\/04\/concentrati-per-bevande-fai-300x162.jpg 300w, https:\/\/www.iobevo.com\/online\/wp-content\/uploads\/2014\/04\/concentrati-per-bevande-fai-460x250.jpg 460w\" sizes=\"(max-width: 350px) 100vw, 350px\" \/><\/span><\/p>\n<h5>Buvez \u00e9quitable et solidaire<\/h5>\n<p>Dans ce format sont inclues des <a title=\"Boissons \u00e9quitables et solidaires\" href=\"http:\/\/www.iobevo.com\/online\/fr\/produits\/boissons-equitables-et-solidaires\/\">boissons \u00e9quitables et solidaires<\/a> certifi\u00e9es <span class=\"mark2\">Fairtrade<\/span><span class=\"mark3\">\u00ae<\/span>, fabriqu\u00e9es avec des mati\u00e8res premi\u00e8res \u00e9quitables et solidaires et garanties par FAIRTRADE, marque de garantie pour le Commerce Equitable et Solidaire.<\/p>\n<p>Ils repr\u00e9sentent un format int\u00e9ressant pour tous les usagers sensibles aux principes du commerce \u00e9quitable et solidaire.<\/p>\n<div class=\"gap\" style=\"height: 20px;\"><\/div>\n<p>Voici un exemple de format <span class=\"mark2\">Fairtrade<\/span><span class=\"mark3\">\u00ae<\/span>:<\/p>\n<ul>\n<li>Equo Cola<\/li>\n<li>Equo chinotto<\/li>\n<li>Equo th\u00e9 au citron<\/li>\n<li>Equo ACE<\/li>\n<li>Eau naturelle micro filtr\u00e9e et glac\u00e9e<\/li>\n<li>Eau gazeuse micro filtr\u00e9e<\/li>\n<li>Eau naturelle micro filtr\u00e9e et \u00e0 temp\u00e9rature ambiante.<\/li>\n<\/ul>\n","protected":false},"excerpt":{"rendered":"<p>Buvez \u00e9quitable et solidaire Dans ce format sont inclues des boissons \u00e9quitables et solidaires certifi\u00e9es Fairtrade\u00ae, fabriqu\u00e9es avec des mati\u00e8res premi\u00e8res \u00e9quitables et solidaires et garanties par FAIRTRADE, marque de garantie pour le Commerce Equitable et Solidaire. Ils repr\u00e9sentent un format int\u00e9ressant pour tous les usagers sensibles aux principes du [&hellip;]<\/p>\n","protected":false},"author":58,"featured_media":2831,"parent":6147,"menu_order":0,"comment_status":"open","ping_status":"closed","template":"","meta":{"footnotes":""},"class_list":["post-6158","page","type-page","status-publish","has-post-thumbnail","hentry"],"yoast_head":"<!-- This site is optimized with the Yoast SEO plugin v27.5 - https:\/\/yoast.com\/product\/yoast-seo-wordpress\/ -->\n<title>Format Fairtrade - io bevo\u00ae<\/title>\n<meta name=\"robots\" content=\"index, follow, max-snippet:-1, max-image-preview:large, max-video-preview:-1\" \/>\n<link rel=\"canonical\" href=\"https:\/\/www.iobevo.com\/online\/services\/freebeverage\/format-et-variete-des-boissons\/format-fairtrade-boire-equitable-et-solidaire\/?lang=fr\" \/>\n<meta property=\"og:locale\" content=\"it_IT\" \/>\n<meta property=\"og:type\" content=\"article\" \/>\n<meta property=\"og:title\" content=\"Format Fairtrade - io bevo\u00ae\" \/>\n<meta property=\"og:description\" content=\"Buvez \u00e9quitable et solidaire Dans ce format sont inclues des boissons \u00e9quitables et solidaires certifi\u00e9es Fairtrade\u00ae, fabriqu\u00e9es avec des mati\u00e8res premi\u00e8res \u00e9quitables et solidaires et garanties par FAIRTRADE, marque de garantie pour le Commerce Equitable et Solidaire. Ils repr\u00e9sentent un format int\u00e9ressant pour tous les usagers sensibles aux principes du [&hellip;]\" \/>\n<meta property=\"og:url\" content=\"https:\/\/www.iobevo.com\/online\/services\/freebeverage\/format-et-variete-des-boissons\/format-fairtrade-boire-equitable-et-solidaire\/?lang=fr\" \/>\n<meta property=\"og:site_name\" content=\"io bevo\u00ae\" \/>\n<meta property=\"article:modified_time\" content=\"2017-07-16T20:42:43+00:00\" \/>\n<meta property=\"og:image\" content=\"https:\/\/www.iobevo.com\/online\/wp-content\/uploads\/2014\/01\/slide-2-bg-e1400667726929.png\" \/>\n\t<meta property=\"og:image:width\" content=\"1512\" \/>\n\t<meta property=\"og:image:height\" content=\"400\" \/>\n\t<meta property=\"og:image:type\" content=\"image\/png\" \/>\n<meta name=\"twitter:card\" content=\"summary_large_image\" \/>\n<meta name=\"twitter:site\" content=\"@IoBevo\" \/>\n<meta name=\"twitter:label1\" content=\"Tempo di lettura stimato\" \/>\n\t<meta name=\"twitter:data1\" content=\"1 minuto\" \/>\n<script type=\"application\/ld+json\" class=\"yoast-schema-graph\">{\"@context\":\"https:\\\/\\\/schema.org\",\"@graph\":[{\"@type\":\"WebPage\",\"@id\":\"https:\\\/\\\/www.iobevo.com\\\/online\\\/services\\\/freebeverage\\\/format-et-variete-des-boissons\\\/format-fairtrade-boire-equitable-et-solidaire\\\/?lang=fr\",\"url\":\"https:\\\/\\\/www.iobevo.com\\\/online\\\/services\\\/freebeverage\\\/format-et-variete-des-boissons\\\/format-fairtrade-boire-equitable-et-solidaire\\\/?lang=fr\",\"name\":\"Format Fairtrade - io bevo\u00ae\",\"isPartOf\":{\"@id\":\"https:\\\/\\\/www.iobevo.com\\\/online\\\/#website\"},\"primaryImageOfPage\":{\"@id\":\"https:\\\/\\\/www.iobevo.com\\\/online\\\/services\\\/freebeverage\\\/format-et-variete-des-boissons\\\/format-fairtrade-boire-equitable-et-solidaire\\\/?lang=fr#primaryimage\"},\"image\":{\"@id\":\"https:\\\/\\\/www.iobevo.com\\\/online\\\/services\\\/freebeverage\\\/format-et-variete-des-boissons\\\/format-fairtrade-boire-equitable-et-solidaire\\\/?lang=fr#primaryimage\"},\"thumbnailUrl\":\"https:\\\/\\\/www.iobevo.com\\\/online\\\/wp-content\\\/uploads\\\/2014\\\/01\\\/slide-2-bg-e1400667726929.png\",\"datePublished\":\"2014-07-07T16:01:59+00:00\",\"dateModified\":\"2017-07-16T20:42:43+00:00\",\"breadcrumb\":{\"@id\":\"https:\\\/\\\/www.iobevo.com\\\/online\\\/services\\\/freebeverage\\\/format-et-variete-des-boissons\\\/format-fairtrade-boire-equitable-et-solidaire\\\/?lang=fr#breadcrumb\"},\"inLanguage\":\"it-IT\",\"potentialAction\":[{\"@type\":\"ReadAction\",\"target\":[\"https:\\\/\\\/www.iobevo.com\\\/online\\\/services\\\/freebeverage\\\/format-et-variete-des-boissons\\\/format-fairtrade-boire-equitable-et-solidaire\\\/?lang=fr\"]}]},{\"@type\":\"ImageObject\",\"inLanguage\":\"it-IT\",\"@id\":\"https:\\\/\\\/www.iobevo.com\\\/online\\\/services\\\/freebeverage\\\/format-et-variete-des-boissons\\\/format-fairtrade-boire-equitable-et-solidaire\\\/?lang=fr#primaryimage\",\"url\":\"https:\\\/\\\/www.iobevo.com\\\/online\\\/wp-content\\\/uploads\\\/2014\\\/01\\\/slide-2-bg-e1400667726929.png\",\"contentUrl\":\"https:\\\/\\\/www.iobevo.com\\\/online\\\/wp-content\\\/uploads\\\/2014\\\/01\\\/slide-2-bg-e1400667726929.png\",\"width\":1512,\"height\":400},{\"@type\":\"BreadcrumbList\",\"@id\":\"https:\\\/\\\/www.iobevo.com\\\/online\\\/services\\\/freebeverage\\\/format-et-variete-des-boissons\\\/format-fairtrade-boire-equitable-et-solidaire\\\/?lang=fr#breadcrumb\",\"itemListElement\":[{\"@type\":\"ListItem\",\"position\":1,\"name\":\"Services\",\"item\":\"https:\\\/\\\/www.iobevo.com\\\/online\\\/services\\\/?lang=fr\"},{\"@type\":\"ListItem\",\"position\":2,\"name\":\"freebeverage\u00ae\",\"item\":\"https:\\\/\\\/www.iobevo.com\\\/online\\\/services\\\/freebeverage\\\/?lang=fr\"},{\"@type\":\"ListItem\",\"position\":3,\"name\":\"Format et vari\u00e9t\u00e9 des boissons\",\"item\":\"https:\\\/\\\/www.iobevo.com\\\/online\\\/services\\\/freebeverage\\\/format-et-variete-des-boissons\\\/?lang=fr\"},{\"@type\":\"ListItem\",\"position\":4,\"name\":\"Format Fairtrade\"}]},{\"@type\":\"WebSite\",\"@id\":\"https:\\\/\\\/www.iobevo.com\\\/online\\\/#website\",\"url\":\"https:\\\/\\\/www.iobevo.com\\\/online\\\/\",\"name\":\"io bevo\u00ae\",\"description\":\"Drink Plastic free\",\"publisher\":{\"@id\":\"https:\\\/\\\/www.iobevo.com\\\/online\\\/#organization\"},\"potentialAction\":[{\"@type\":\"SearchAction\",\"target\":{\"@type\":\"EntryPoint\",\"urlTemplate\":\"https:\\\/\\\/www.iobevo.com\\\/online\\\/?s={search_term_string}\"},\"query-input\":{\"@type\":\"PropertyValueSpecification\",\"valueRequired\":true,\"valueName\":\"search_term_string\"}}],\"inLanguage\":\"it-IT\"},{\"@type\":\"Organization\",\"@id\":\"https:\\\/\\\/www.iobevo.com\\\/online\\\/#organization\",\"name\":\"General Beverage\",\"url\":\"https:\\\/\\\/www.iobevo.com\\\/online\\\/\",\"logo\":{\"@type\":\"ImageObject\",\"inLanguage\":\"it-IT\",\"@id\":\"https:\\\/\\\/www.iobevo.com\\\/online\\\/#\\\/schema\\\/logo\\\/image\\\/\",\"url\":\"https:\\\/\\\/www.iobevo.com\\\/online\\\/wp-content\\\/uploads\\\/2014\\\/01\\\/logo_gb_horizontal_grey_160x47.png\",\"contentUrl\":\"https:\\\/\\\/www.iobevo.com\\\/online\\\/wp-content\\\/uploads\\\/2014\\\/01\\\/logo_gb_horizontal_grey_160x47.png\",\"width\":160,\"height\":47,\"caption\":\"General Beverage\"},\"image\":{\"@id\":\"https:\\\/\\\/www.iobevo.com\\\/online\\\/#\\\/schema\\\/logo\\\/image\\\/\"},\"sameAs\":[\"https:\\\/\\\/x.com\\\/IoBevo\"]}]}<\/script>\n<!-- \/ Yoast SEO plugin. -->","yoast_head_json":{"title":"Format Fairtrade - io bevo\u00ae","robots":{"index":"index","follow":"follow","max-snippet":"max-snippet:-1","max-image-preview":"max-image-preview:large","max-video-preview":"max-video-preview:-1"},"canonical":"https:\/\/www.iobevo.com\/online\/services\/freebeverage\/format-et-variete-des-boissons\/format-fairtrade-boire-equitable-et-solidaire\/?lang=fr","og_locale":"it_IT","og_type":"article","og_title":"Format Fairtrade - io bevo\u00ae","og_description":"Buvez \u00e9quitable et solidaire Dans ce format sont inclues des boissons \u00e9quitables et solidaires certifi\u00e9es Fairtrade\u00ae, fabriqu\u00e9es avec des mati\u00e8res premi\u00e8res \u00e9quitables et solidaires et garanties par FAIRTRADE, marque de garantie pour le Commerce Equitable et Solidaire. Ils repr\u00e9sentent un format int\u00e9ressant pour tous les usagers sensibles aux principes du [&hellip;]","og_url":"https:\/\/www.iobevo.com\/online\/services\/freebeverage\/format-et-variete-des-boissons\/format-fairtrade-boire-equitable-et-solidaire\/?lang=fr","og_site_name":"io bevo\u00ae","article_modified_time":"2017-07-16T20:42:43+00:00","og_image":[{"width":1512,"height":400,"url":"https:\/\/www.iobevo.com\/online\/wp-content\/uploads\/2014\/01\/slide-2-bg-e1400667726929.png","type":"image\/png"}],"twitter_card":"summary_large_image","twitter_site":"@IoBevo","twitter_misc":{"Tempo di lettura stimato":"1 minuto"},"schema":{"@context":"https:\/\/schema.org","@graph":[{"@type":"WebPage","@id":"https:\/\/www.iobevo.com\/online\/services\/freebeverage\/format-et-variete-des-boissons\/format-fairtrade-boire-equitable-et-solidaire\/?lang=fr","url":"https:\/\/www.iobevo.com\/online\/services\/freebeverage\/format-et-variete-des-boissons\/format-fairtrade-boire-equitable-et-solidaire\/?lang=fr","name":"Format Fairtrade - io bevo\u00ae","isPartOf":{"@id":"https:\/\/www.iobevo.com\/online\/#website"},"primaryImageOfPage":{"@id":"https:\/\/www.iobevo.com\/online\/services\/freebeverage\/format-et-variete-des-boissons\/format-fairtrade-boire-equitable-et-solidaire\/?lang=fr#primaryimage"},"image":{"@id":"https:\/\/www.iobevo.com\/online\/services\/freebeverage\/format-et-variete-des-boissons\/format-fairtrade-boire-equitable-et-solidaire\/?lang=fr#primaryimage"},"thumbnailUrl":"https:\/\/www.iobevo.com\/online\/wp-content\/uploads\/2014\/01\/slide-2-bg-e1400667726929.png","datePublished":"2014-07-07T16:01:59+00:00","dateModified":"2017-07-16T20:42:43+00:00","breadcrumb":{"@id":"https:\/\/www.iobevo.com\/online\/services\/freebeverage\/format-et-variete-des-boissons\/format-fairtrade-boire-equitable-et-solidaire\/?lang=fr#breadcrumb"},"inLanguage":"it-IT","potentialAction":[{"@type":"ReadAction","target":["https:\/\/www.iobevo.com\/online\/services\/freebeverage\/format-et-variete-des-boissons\/format-fairtrade-boire-equitable-et-solidaire\/?lang=fr"]}]},{"@type":"ImageObject","inLanguage":"it-IT","@id":"https:\/\/www.iobevo.com\/online\/services\/freebeverage\/format-et-variete-des-boissons\/format-fairtrade-boire-equitable-et-solidaire\/?lang=fr#primaryimage","url":"https:\/\/www.iobevo.com\/online\/wp-content\/uploads\/2014\/01\/slide-2-bg-e1400667726929.png","contentUrl":"https:\/\/www.iobevo.com\/online\/wp-content\/uploads\/2014\/01\/slide-2-bg-e1400667726929.png","width":1512,"height":400},{"@type":"BreadcrumbList","@id":"https:\/\/www.iobevo.com\/online\/services\/freebeverage\/format-et-variete-des-boissons\/format-fairtrade-boire-equitable-et-solidaire\/?lang=fr#breadcrumb","itemListElement":[{"@type":"ListItem","position":1,"name":"Services","item":"https:\/\/www.iobevo.com\/online\/services\/?lang=fr"},{"@type":"ListItem","position":2,"name":"freebeverage\u00ae","item":"https:\/\/www.iobevo.com\/online\/services\/freebeverage\/?lang=fr"},{"@type":"ListItem","position":3,"name":"Format et vari\u00e9t\u00e9 des boissons","item":"https:\/\/www.iobevo.com\/online\/services\/freebeverage\/format-et-variete-des-boissons\/?lang=fr"},{"@type":"ListItem","position":4,"name":"Format Fairtrade"}]},{"@type":"WebSite","@id":"https:\/\/www.iobevo.com\/online\/#website","url":"https:\/\/www.iobevo.com\/online\/","name":"io bevo\u00ae","description":"Drink Plastic free","publisher":{"@id":"https:\/\/www.iobevo.com\/online\/#organization"},"potentialAction":[{"@type":"SearchAction","target":{"@type":"EntryPoint","urlTemplate":"https:\/\/www.iobevo.com\/online\/?s={search_term_string}"},"query-input":{"@type":"PropertyValueSpecification","valueRequired":true,"valueName":"search_term_string"}}],"inLanguage":"it-IT"},{"@type":"Organization","@id":"https:\/\/www.iobevo.com\/online\/#organization","name":"General Beverage","url":"https:\/\/www.iobevo.com\/online\/","logo":{"@type":"ImageObject","inLanguage":"it-IT","@id":"https:\/\/www.iobevo.com\/online\/#\/schema\/logo\/image\/","url":"https:\/\/www.iobevo.com\/online\/wp-content\/uploads\/2014\/01\/logo_gb_horizontal_grey_160x47.png","contentUrl":"https:\/\/www.iobevo.com\/online\/wp-content\/uploads\/2014\/01\/logo_gb_horizontal_grey_160x47.png","width":160,"height":47,"caption":"General Beverage"},"image":{"@id":"https:\/\/www.iobevo.com\/online\/#\/schema\/logo\/image\/"},"sameAs":["https:\/\/x.com\/IoBevo"]}]}},"_links":{"self":[{"href":"https:\/\/www.iobevo.com\/online\/wp-json\/wp\/v2\/pages\/6158","targetHints":{"allow":["GET"]}}],"collection":[{"href":"https:\/\/www.iobevo.com\/online\/wp-json\/wp\/v2\/pages"}],"about":[{"href":"https:\/\/www.iobevo.com\/online\/wp-json\/wp\/v2\/types\/page"}],"author":[{"embeddable":true,"href":"https:\/\/www.iobevo.com\/online\/wp-json\/wp\/v2\/users\/58"}],"replies":[{"embeddable":true,"href":"https:\/\/www.iobevo.com\/online\/wp-json\/wp\/v2\/comments?post=6158"}],"version-history":[{"count":0,"href":"https:\/\/www.iobevo.com\/online\/wp-json\/wp\/v2\/pages\/6158\/revisions"}],"up":[{"embeddable":true,"href":"https:\/\/www.iobevo.com\/online\/wp-json\/wp\/v2\/pages\/6147"}],"wp:featuredmedia":[{"embeddable":true,"href":"https:\/\/www.iobevo.com\/online\/wp-json\/wp\/v2\/media\/2831"}],"wp:attachment":[{"href":"https:\/\/www.iobevo.com\/online\/wp-json\/wp\/v2\/media?parent=6158"}],"curies":[{"name":"wp","href":"https:\/\/api.w.org\/{rel}","templated":true}]}}