{"id":6177,"date":"2014-07-07T16:18:13","date_gmt":"2014-07-07T16:18:13","guid":{"rendered":"http:\/\/www.iobevo.com\/online\/?page_id=6177"},"modified":"2017-07-24T22:27:43","modified_gmt":"2017-07-24T20:27:43","slug":"io-pura","status":"publish","type":"page","link":"https:\/\/www.iobevo.com\/online\/services\/io-breakfast\/io-pura\/?lang=fr","title":{"rendered":"io pura\u00ae"},"content":{"rendered":"<p><span class=\"responsive\"><img decoding=\"async\" class=\"alignleft wp-image-3179 size-medium\" src=\"http:\/\/www.iobevo.com\/online\/wp-content\/uploads\/2014\/01\/servizio-io-pura-300x132.jpg\" alt=\"servizio-io-pura\" width=\"300\" height=\"132\" srcset=\"https:\/\/www.iobevo.com\/online\/wp-content\/uploads\/2014\/01\/servizio-io-pura-300x132.jpg 300w, https:\/\/www.iobevo.com\/online\/wp-content\/uploads\/2014\/01\/servizio-io-pura.jpg 700w\" sizes=\"(max-width: 300px) 100vw, 300px\" \/><\/span><\/p>\n<p>Dans le domaine du traitement et de la distribution de l&#8217;eau, nous avons d\u00e9velopp\u00e9 une vaste exp\u00e9rience, tant d&#8217;un point de vue technique que normatif. Avec l&#8217;objectif d&#8217;une am\u00e9lioration continue, nous collaborons avec les universit\u00e9s et les instituts de recherche, afin de garantir le respect des normes et la qualit\u00e9 de l&#8217;eau trait\u00e9e.<\/p>\n<p>Toutes les proc\u00e9dures de traitement, contr\u00f4le, remplacement de filtres, analyses, assainissement, sont effectu\u00e9es dans le respect des normes en vigueur \u00a0(D.M. 25\/2012 e D.lgs. 31\/2001); elles sont certifi\u00e9es ISO et sont recueillies dans un Manuel sp\u00e9cifique, \u00a0plac\u00e9 \u00a0sur nos \u00e9quipements avec les registres de contr\u00f4le et d&#8217;autres documents techniques. En plus de la microfiltration \u00e0 0,5 microns pour l&#8217;\u00e9limination des suspensions, des odeurs et des saveurs, nous r\u00e9alisons, dans des contextes sp\u00e9cifiques, la r\u00e9duction de l&#8217;arsenic, gr\u00e2ce \u00e0 l&#8217;utilisation de syst\u00e8mes appropri\u00e9s et certifi\u00e9s.<\/p>\n<p>Les avantages:<\/p>\n<ul>\n<li>\u00e9limination de 100% des d\u00e9chets d&#8217;emballages<\/li>\n<li>\u00e9limination de 100% du transport de l&#8217;eau<\/li>\n<li>respect des crit\u00e8res environnementaux de la restauration<\/li>\n<li>r\u00e9duction du co\u00fbt par rapport \u00e0 l&#8217;eau en bouteille<\/li>\n<li>\u00e9limination des frais de logistique<\/li>\n<\/ul>\n<div class=\"gap\" style=\"height: 30px;\"><\/div>\n<h3 class=\"title\"><span>Distributeurs<\/span><\/h3><div class=\"latest-portfolio negative-wrap\"><div class=\"portfolio-item four columns\"><div class=\"portfolio-it\">\n\t\t\t\t  \t\t<a href=\"https:\/\/www.iobevo.com\/online\/portfolio-item\/acquajet\/\" title=\"Acquajet\"><span class=\"portfolio-pic\"><img decoding=\"async\" src=\"https:\/\/www.iobevo.com\/online\/wp-content\/uploads\/2014\/04\/acquajet2.jpg\" \/><div class=\"portfolio-overlay\"><span class=\"overlay-link\"><\/span><\/div><\/span><\/a>\n\t\t\t\t  \t\t<a href=\"https:\/\/www.iobevo.com\/online\/portfolio-item\/acquajet\/\" title=\"Acquajet\" class=\"portfolio-title\"><h4>Acquajet<\/h4><span>Per acqua microfiltrata<\/span><\/a>\n\t\t\t\t  \t<\/div><\/div><div class=\"portfolio-item four columns\"><div class=\"portfolio-it\">\n\t\t\t\t  \t\t<a href=\"https:\/\/www.iobevo.com\/online\/portfolio-item\/luna\/\" title=\"Luna\"><span class=\"portfolio-pic\"><img decoding=\"async\" src=\"https:\/\/www.iobevo.com\/online\/wp-content\/uploads\/2014\/05\/Luna-e1400774823495-417x300.png\" \/><div class=\"portfolio-overlay\"><span class=\"overlay-link\"><\/span><\/div><\/span><\/a>\n\t\t\t\t  \t\t<a href=\"https:\/\/www.iobevo.com\/online\/portfolio-item\/luna\/\" title=\"Luna\" class=\"portfolio-title\"><h4>Luna<\/h4><span>Per acqua microfiltrata<\/span><\/a>\n\t\t\t\t  \t<\/div><\/div><div class=\"portfolio-item four columns\"><div class=\"portfolio-it\">\n\t\t\t\t  \t\t<a href=\"https:\/\/www.iobevo.com\/online\/portfolio-item\/danubio\/\" title=\"Danubio\"><span class=\"portfolio-pic\"><img decoding=\"async\" src=\"https:\/\/www.iobevo.com\/online\/wp-content\/uploads\/2014\/04\/danubio_dis.jpg\" \/><div class=\"portfolio-overlay\"><span class=\"overlay-link\"><\/span><\/div><\/span><\/a>\n\t\t\t\t  \t\t<a href=\"https:\/\/www.iobevo.com\/online\/portfolio-item\/danubio\/\" title=\"Danubio\" class=\"portfolio-title\"><h4>Danubio<\/h4><span>Per acqua microfiltrata<\/span><\/a>\n\t\t\t\t  \t<\/div><\/div><\/div><div class=\"clear\"><\/div>\n","protected":false},"excerpt":{"rendered":"<p>Dans le domaine du traitement et de la distribution de l&#8217;eau, nous avons d\u00e9velopp\u00e9 une vaste exp\u00e9rience, tant d&#8217;un point de vue technique que normatif. Avec l&#8217;objectif d&#8217;une am\u00e9lioration continue, nous collaborons avec les universit\u00e9s et les instituts de recherche, afin de garantir le respect des normes et la qualit\u00e9 [&hellip;]<\/p>\n","protected":false},"author":58,"featured_media":2831,"parent":6116,"menu_order":12,"comment_status":"open","ping_status":"closed","template":"","meta":{"footnotes":""},"class_list":["post-6177","page","type-page","status-publish","has-post-thumbnail","hentry"],"yoast_head":"<!-- This site is optimized with the Yoast SEO plugin v27.4 - https:\/\/yoast.com\/product\/yoast-seo-wordpress\/ -->\n<title>io pura\u00ae - io bevo\u00ae<\/title>\n<meta name=\"robots\" content=\"index, follow, max-snippet:-1, max-image-preview:large, max-video-preview:-1\" \/>\n<link rel=\"canonical\" href=\"https:\/\/www.iobevo.com\/online\/services\/io-breakfast\/io-pura\/?lang=fr\" \/>\n<meta property=\"og:locale\" content=\"it_IT\" \/>\n<meta property=\"og:type\" content=\"article\" \/>\n<meta property=\"og:title\" content=\"io pura\u00ae - io bevo\u00ae\" \/>\n<meta property=\"og:description\" content=\"Dans le domaine du traitement et de la distribution de l&#8217;eau, nous avons d\u00e9velopp\u00e9 une vaste exp\u00e9rience, tant d&#8217;un point de vue technique que normatif. Avec l&#8217;objectif d&#8217;une am\u00e9lioration continue, nous collaborons avec les universit\u00e9s et les instituts de recherche, afin de garantir le respect des normes et la qualit\u00e9 [&hellip;]\" \/>\n<meta property=\"og:url\" content=\"https:\/\/www.iobevo.com\/online\/services\/io-breakfast\/io-pura\/?lang=fr\" \/>\n<meta property=\"og:site_name\" content=\"io bevo\u00ae\" \/>\n<meta property=\"article:modified_time\" content=\"2017-07-24T20:27:43+00:00\" \/>\n<meta property=\"og:image\" content=\"https:\/\/www.iobevo.com\/online\/wp-content\/uploads\/2014\/01\/slide-2-bg-e1400667726929.png\" \/>\n\t<meta property=\"og:image:width\" content=\"1512\" \/>\n\t<meta property=\"og:image:height\" content=\"400\" \/>\n\t<meta property=\"og:image:type\" content=\"image\/png\" \/>\n<meta name=\"twitter:card\" content=\"summary_large_image\" \/>\n<meta name=\"twitter:site\" content=\"@IoBevo\" \/>\n<meta name=\"twitter:label1\" content=\"Tempo di lettura stimato\" \/>\n\t<meta name=\"twitter:data1\" content=\"1 minuto\" \/>\n<script type=\"application\/ld+json\" class=\"yoast-schema-graph\">{\"@context\":\"https:\\\/\\\/schema.org\",\"@graph\":[{\"@type\":\"WebPage\",\"@id\":\"https:\\\/\\\/www.iobevo.com\\\/online\\\/services\\\/io-breakfast\\\/io-pura\\\/?lang=fr\",\"url\":\"https:\\\/\\\/www.iobevo.com\\\/online\\\/services\\\/io-breakfast\\\/io-pura\\\/?lang=fr\",\"name\":\"io pura\u00ae - io bevo\u00ae\",\"isPartOf\":{\"@id\":\"https:\\\/\\\/www.iobevo.com\\\/online\\\/#website\"},\"primaryImageOfPage\":{\"@id\":\"https:\\\/\\\/www.iobevo.com\\\/online\\\/services\\\/io-breakfast\\\/io-pura\\\/?lang=fr#primaryimage\"},\"image\":{\"@id\":\"https:\\\/\\\/www.iobevo.com\\\/online\\\/services\\\/io-breakfast\\\/io-pura\\\/?lang=fr#primaryimage\"},\"thumbnailUrl\":\"https:\\\/\\\/www.iobevo.com\\\/online\\\/wp-content\\\/uploads\\\/2014\\\/01\\\/slide-2-bg-e1400667726929.png\",\"datePublished\":\"2014-07-07T16:18:13+00:00\",\"dateModified\":\"2017-07-24T20:27:43+00:00\",\"breadcrumb\":{\"@id\":\"https:\\\/\\\/www.iobevo.com\\\/online\\\/services\\\/io-breakfast\\\/io-pura\\\/?lang=fr#breadcrumb\"},\"inLanguage\":\"it-IT\",\"potentialAction\":[{\"@type\":\"ReadAction\",\"target\":[\"https:\\\/\\\/www.iobevo.com\\\/online\\\/services\\\/io-breakfast\\\/io-pura\\\/?lang=fr\"]}]},{\"@type\":\"ImageObject\",\"inLanguage\":\"it-IT\",\"@id\":\"https:\\\/\\\/www.iobevo.com\\\/online\\\/services\\\/io-breakfast\\\/io-pura\\\/?lang=fr#primaryimage\",\"url\":\"https:\\\/\\\/www.iobevo.com\\\/online\\\/wp-content\\\/uploads\\\/2014\\\/01\\\/slide-2-bg-e1400667726929.png\",\"contentUrl\":\"https:\\\/\\\/www.iobevo.com\\\/online\\\/wp-content\\\/uploads\\\/2014\\\/01\\\/slide-2-bg-e1400667726929.png\",\"width\":1512,\"height\":400},{\"@type\":\"BreadcrumbList\",\"@id\":\"https:\\\/\\\/www.iobevo.com\\\/online\\\/services\\\/io-breakfast\\\/io-pura\\\/?lang=fr#breadcrumb\",\"itemListElement\":[{\"@type\":\"ListItem\",\"position\":1,\"name\":\"Services\",\"item\":\"https:\\\/\\\/www.iobevo.com\\\/online\\\/services\\\/?lang=fr\"},{\"@type\":\"ListItem\",\"position\":2,\"name\":\"io breakfast\u00ae\",\"item\":\"https:\\\/\\\/www.iobevo.com\\\/online\\\/services\\\/io-breakfast\\\/?lang=fr\"},{\"@type\":\"ListItem\",\"position\":3,\"name\":\"io pura\u00ae\"}]},{\"@type\":\"WebSite\",\"@id\":\"https:\\\/\\\/www.iobevo.com\\\/online\\\/#website\",\"url\":\"https:\\\/\\\/www.iobevo.com\\\/online\\\/\",\"name\":\"io bevo\u00ae\",\"description\":\"Drink Plastic free\",\"publisher\":{\"@id\":\"https:\\\/\\\/www.iobevo.com\\\/online\\\/#organization\"},\"potentialAction\":[{\"@type\":\"SearchAction\",\"target\":{\"@type\":\"EntryPoint\",\"urlTemplate\":\"https:\\\/\\\/www.iobevo.com\\\/online\\\/?s={search_term_string}\"},\"query-input\":{\"@type\":\"PropertyValueSpecification\",\"valueRequired\":true,\"valueName\":\"search_term_string\"}}],\"inLanguage\":\"it-IT\"},{\"@type\":\"Organization\",\"@id\":\"https:\\\/\\\/www.iobevo.com\\\/online\\\/#organization\",\"name\":\"General Beverage\",\"url\":\"https:\\\/\\\/www.iobevo.com\\\/online\\\/\",\"logo\":{\"@type\":\"ImageObject\",\"inLanguage\":\"it-IT\",\"@id\":\"https:\\\/\\\/www.iobevo.com\\\/online\\\/#\\\/schema\\\/logo\\\/image\\\/\",\"url\":\"https:\\\/\\\/www.iobevo.com\\\/online\\\/wp-content\\\/uploads\\\/2014\\\/01\\\/logo_gb_horizontal_grey_160x47.png\",\"contentUrl\":\"https:\\\/\\\/www.iobevo.com\\\/online\\\/wp-content\\\/uploads\\\/2014\\\/01\\\/logo_gb_horizontal_grey_160x47.png\",\"width\":160,\"height\":47,\"caption\":\"General Beverage\"},\"image\":{\"@id\":\"https:\\\/\\\/www.iobevo.com\\\/online\\\/#\\\/schema\\\/logo\\\/image\\\/\"},\"sameAs\":[\"https:\\\/\\\/x.com\\\/IoBevo\"]}]}<\/script>\n<!-- \/ Yoast SEO plugin. -->","yoast_head_json":{"title":"io pura\u00ae - io bevo\u00ae","robots":{"index":"index","follow":"follow","max-snippet":"max-snippet:-1","max-image-preview":"max-image-preview:large","max-video-preview":"max-video-preview:-1"},"canonical":"https:\/\/www.iobevo.com\/online\/services\/io-breakfast\/io-pura\/?lang=fr","og_locale":"it_IT","og_type":"article","og_title":"io pura\u00ae - io bevo\u00ae","og_description":"Dans le domaine du traitement et de la distribution de l&#8217;eau, nous avons d\u00e9velopp\u00e9 une vaste exp\u00e9rience, tant d&#8217;un point de vue technique que normatif. Avec l&#8217;objectif d&#8217;une am\u00e9lioration continue, nous collaborons avec les universit\u00e9s et les instituts de recherche, afin de garantir le respect des normes et la qualit\u00e9 [&hellip;]","og_url":"https:\/\/www.iobevo.com\/online\/services\/io-breakfast\/io-pura\/?lang=fr","og_site_name":"io bevo\u00ae","article_modified_time":"2017-07-24T20:27:43+00:00","og_image":[{"width":1512,"height":400,"url":"https:\/\/www.iobevo.com\/online\/wp-content\/uploads\/2014\/01\/slide-2-bg-e1400667726929.png","type":"image\/png"}],"twitter_card":"summary_large_image","twitter_site":"@IoBevo","twitter_misc":{"Tempo di lettura stimato":"1 minuto"},"schema":{"@context":"https:\/\/schema.org","@graph":[{"@type":"WebPage","@id":"https:\/\/www.iobevo.com\/online\/services\/io-breakfast\/io-pura\/?lang=fr","url":"https:\/\/www.iobevo.com\/online\/services\/io-breakfast\/io-pura\/?lang=fr","name":"io pura\u00ae - io bevo\u00ae","isPartOf":{"@id":"https:\/\/www.iobevo.com\/online\/#website"},"primaryImageOfPage":{"@id":"https:\/\/www.iobevo.com\/online\/services\/io-breakfast\/io-pura\/?lang=fr#primaryimage"},"image":{"@id":"https:\/\/www.iobevo.com\/online\/services\/io-breakfast\/io-pura\/?lang=fr#primaryimage"},"thumbnailUrl":"https:\/\/www.iobevo.com\/online\/wp-content\/uploads\/2014\/01\/slide-2-bg-e1400667726929.png","datePublished":"2014-07-07T16:18:13+00:00","dateModified":"2017-07-24T20:27:43+00:00","breadcrumb":{"@id":"https:\/\/www.iobevo.com\/online\/services\/io-breakfast\/io-pura\/?lang=fr#breadcrumb"},"inLanguage":"it-IT","potentialAction":[{"@type":"ReadAction","target":["https:\/\/www.iobevo.com\/online\/services\/io-breakfast\/io-pura\/?lang=fr"]}]},{"@type":"ImageObject","inLanguage":"it-IT","@id":"https:\/\/www.iobevo.com\/online\/services\/io-breakfast\/io-pura\/?lang=fr#primaryimage","url":"https:\/\/www.iobevo.com\/online\/wp-content\/uploads\/2014\/01\/slide-2-bg-e1400667726929.png","contentUrl":"https:\/\/www.iobevo.com\/online\/wp-content\/uploads\/2014\/01\/slide-2-bg-e1400667726929.png","width":1512,"height":400},{"@type":"BreadcrumbList","@id":"https:\/\/www.iobevo.com\/online\/services\/io-breakfast\/io-pura\/?lang=fr#breadcrumb","itemListElement":[{"@type":"ListItem","position":1,"name":"Services","item":"https:\/\/www.iobevo.com\/online\/services\/?lang=fr"},{"@type":"ListItem","position":2,"name":"io breakfast\u00ae","item":"https:\/\/www.iobevo.com\/online\/services\/io-breakfast\/?lang=fr"},{"@type":"ListItem","position":3,"name":"io pura\u00ae"}]},{"@type":"WebSite","@id":"https:\/\/www.iobevo.com\/online\/#website","url":"https:\/\/www.iobevo.com\/online\/","name":"io bevo\u00ae","description":"Drink Plastic free","publisher":{"@id":"https:\/\/www.iobevo.com\/online\/#organization"},"potentialAction":[{"@type":"SearchAction","target":{"@type":"EntryPoint","urlTemplate":"https:\/\/www.iobevo.com\/online\/?s={search_term_string}"},"query-input":{"@type":"PropertyValueSpecification","valueRequired":true,"valueName":"search_term_string"}}],"inLanguage":"it-IT"},{"@type":"Organization","@id":"https:\/\/www.iobevo.com\/online\/#organization","name":"General Beverage","url":"https:\/\/www.iobevo.com\/online\/","logo":{"@type":"ImageObject","inLanguage":"it-IT","@id":"https:\/\/www.iobevo.com\/online\/#\/schema\/logo\/image\/","url":"https:\/\/www.iobevo.com\/online\/wp-content\/uploads\/2014\/01\/logo_gb_horizontal_grey_160x47.png","contentUrl":"https:\/\/www.iobevo.com\/online\/wp-content\/uploads\/2014\/01\/logo_gb_horizontal_grey_160x47.png","width":160,"height":47,"caption":"General Beverage"},"image":{"@id":"https:\/\/www.iobevo.com\/online\/#\/schema\/logo\/image\/"},"sameAs":["https:\/\/x.com\/IoBevo"]}]}},"_links":{"self":[{"href":"https:\/\/www.iobevo.com\/online\/wp-json\/wp\/v2\/pages\/6177","targetHints":{"allow":["GET"]}}],"collection":[{"href":"https:\/\/www.iobevo.com\/online\/wp-json\/wp\/v2\/pages"}],"about":[{"href":"https:\/\/www.iobevo.com\/online\/wp-json\/wp\/v2\/types\/page"}],"author":[{"embeddable":true,"href":"https:\/\/www.iobevo.com\/online\/wp-json\/wp\/v2\/users\/58"}],"replies":[{"embeddable":true,"href":"https:\/\/www.iobevo.com\/online\/wp-json\/wp\/v2\/comments?post=6177"}],"version-history":[{"count":0,"href":"https:\/\/www.iobevo.com\/online\/wp-json\/wp\/v2\/pages\/6177\/revisions"}],"up":[{"embeddable":true,"href":"https:\/\/www.iobevo.com\/online\/wp-json\/wp\/v2\/pages\/6116"}],"wp:featuredmedia":[{"embeddable":true,"href":"https:\/\/www.iobevo.com\/online\/wp-json\/wp\/v2\/media\/2831"}],"wp:attachment":[{"href":"https:\/\/www.iobevo.com\/online\/wp-json\/wp\/v2\/media?parent=6177"}],"curies":[{"name":"wp","href":"https:\/\/api.w.org\/{rel}","templated":true}]}}