{"id":6179,"date":"2014-07-07T16:20:39","date_gmt":"2014-07-07T16:20:39","guid":{"rendered":"http:\/\/www.iobevo.com\/online\/?page_id=6179"},"modified":"2014-07-24T10:30:24","modified_gmt":"2014-07-24T10:30:24","slug":"bureau","status":"publish","type":"page","link":"https:\/\/www.iobevo.com\/online\/services\/bureau\/?lang=fr","title":{"rendered":"Bureau"},"content":{"rendered":"<p><span class=\"responsive\"><img fetchpriority=\"high\" decoding=\"async\" class=\"alignleft wp-image-3164 size-medium\" src=\"http:\/\/www.iobevo.com\/online\/wp-content\/uploads\/2014\/01\/office_bar-300x193.jpg\" alt=\"office_bar\" width=\"300\" height=\"193\" srcset=\"https:\/\/www.iobevo.com\/online\/wp-content\/uploads\/2014\/01\/office_bar-300x193.jpg 300w, https:\/\/www.iobevo.com\/online\/wp-content\/uploads\/2014\/01\/office_bar.jpg 700w\" sizes=\"(max-width: 300px) 100vw, 300px\" \/><\/span><\/p>\n<p>Le service consiste en la distribution de caf\u00e9 expresso, eau micro filtr\u00e9e et autres boissons sur les lieux de travail, \u00e0 la place des refroidisseurs d\u2019eau, des capsules de caf\u00e9, du vending et d\u2019autres solutions \u00e0 fort impact environnemental.<\/p>\n<p>Il est destin\u00e9 aux bureaux, usines et autres lieux de travail, comme une solution durable soit du point de vue de l&#8217;environnement que du point de vue commerciale, en r\u00e9duisant les co\u00fbts et en am\u00e9liorant la vari\u00e9t\u00e9 et la qualit\u00e9 des produits.<\/p>\n<p>Apr\u00e8s avoir analys\u00e9 les besoins sp\u00e9cifiques de l\u2019entreprise ou de la communaut\u00e9 de travail, nous proposons des solutions compl\u00e8tes \u00e0 co\u00fbt variable sur la base des consommations, ou \u00e0 co\u00fbt fixe par personne, ou selon un forfait annuel ind\u00e9pendamment de la consommation des produits pris individuellement.<\/p>\n<p>C\u2019est la solution id\u00e9ale pour offrir \u00e0 ses employ\u00e9s un avantage utile et agr\u00e9able, \u00e0 des co\u00fbts s\u00fbrs, avec une qualit\u00e9 constante, et un faible impact sur l&#8217;environnement. Parmi les offres \u00e0 co\u00fbt fixe que nous proposons, donnons quelques exemples ci-dessous:<\/p>\n<ul>\n<li>eau micro filtr\u00e9e + caf\u00e9 expresso<\/li>\n<li>eau micro filtr\u00e9e + caf\u00e9 expresso + boissons chaudes (th\u00e9, tisane, cappuccino, etc.)<\/li>\n<li>eau micro filtr\u00e9e + caf\u00e9 expresso + boissons chaudes + boissons gazeuses et jus de fruits.<\/li>\n<\/ul>\n<div class=\"hr hr3\" style='margin:40px 0px 40px 0px !important;'><\/div>\n<h3 class=\"title\"><span>Produits<\/span><\/h3><div class=\"latest-portfolio negative-wrap\"><div class=\"portfolio-item four columns\"><div class=\"portfolio-it\">\n\t\t\t\t  \t\t<a href=\"https:\/\/www.iobevo.com\/online\/portfolio-item\/concentrati-per-succhi-di-frutta-io-fresco\/\" title=\"Succhi di frutta io fresco\u00ae\"><span class=\"portfolio-pic\"><img decoding=\"async\" src=\"https:\/\/www.iobevo.com\/online\/wp-content\/uploads\/2014\/04\/succhi-io-fresco-440x300.jpg\" \/><div class=\"portfolio-overlay\"><span class=\"overlay-link\"><\/span><\/div><\/span><\/a>\n\t\t\t\t  \t\t<a href=\"https:\/\/www.iobevo.com\/online\/portfolio-item\/concentrati-per-succhi-di-frutta-io-fresco\/\" title=\"Succhi di frutta io fresco\u00ae\" class=\"portfolio-title\"><h4>Succhi di frutta io fresco\u00ae<\/h4><span>Concentrati per bevande alla frutta<\/span><\/a>\n\t\t\t\t  \t<\/div><\/div><div class=\"portfolio-item four columns\"><div class=\"portfolio-it\">\n\t\t\t\t  \t\t<a href=\"https:\/\/www.iobevo.com\/online\/portfolio-item\/tisane-ti-sana\/\" title=\"Tisane Ti Sana\"><span class=\"portfolio-pic\"><img decoding=\"async\" src=\"https:\/\/www.iobevo.com\/online\/wp-content\/uploads\/2014\/04\/tisana1-460x300.jpg\" \/><div class=\"portfolio-overlay\"><span class=\"overlay-link\"><\/span><\/div><\/span><\/a>\n\t\t\t\t  \t\t<a href=\"https:\/\/www.iobevo.com\/online\/portfolio-item\/tisane-ti-sana\/\" title=\"Tisane Ti Sana\" class=\"portfolio-title\"><h4>Tisane Ti Sana<\/h4><span>Solubili per tisane naturali<\/span><\/a>\n\t\t\t\t  \t<\/div><\/div><div class=\"portfolio-item four columns\"><div class=\"portfolio-it\">\n\t\t\t\t  \t\t<a href=\"https:\/\/www.iobevo.com\/online\/portfolio-item\/capsule-espresso\/\" title=\"Capsule espresso\"><span class=\"portfolio-pic\"><img decoding=\"async\" src=\"https:\/\/www.iobevo.com\/online\/wp-content\/uploads\/2014\/04\/tazze_icon.jpg\" \/><div class=\"portfolio-overlay\"><span class=\"overlay-link\"><\/span><\/div><\/span><\/a>\n\t\t\t\t  \t\t<a href=\"https:\/\/www.iobevo.com\/online\/portfolio-item\/capsule-espresso\/\" title=\"Capsule espresso\" class=\"portfolio-title\"><h4>Capsule espresso<\/h4><span>Capsule per caff\u00e8 e altre bevande<\/span><\/a>\n\t\t\t\t  \t<\/div><\/div><\/div><div class=\"clear\"><\/div>\n<div class=\"hr hr3\" style='margin:40px 0px 40px 0px !important;'><\/div>\n<h3 class=\"title\"><span>Distributeurs<\/span><\/h3><div class=\"latest-portfolio negative-wrap\"><div class=\"portfolio-item four columns\"><div class=\"portfolio-it\">\n\t\t\t\t  \t\t<a href=\"https:\/\/www.iobevo.com\/online\/portfolio-item\/new-frutta-mix\/\" title=\"New fruttamix\"><span class=\"portfolio-pic\"><img decoding=\"async\" src=\"https:\/\/www.iobevo.com\/online\/wp-content\/uploads\/2014\/04\/new_fruttamix.jpg\" \/><div class=\"portfolio-overlay\"><span class=\"overlay-link\"><\/span><\/div><\/span><\/a>\n\t\t\t\t  \t\t<a href=\"https:\/\/www.iobevo.com\/online\/portfolio-item\/new-frutta-mix\/\" title=\"New fruttamix\" class=\"portfolio-title\"><h4>New fruttamix<\/h4><span>Per succhi di frutta<\/span><\/a>\n\t\t\t\t  \t<\/div><\/div><div class=\"portfolio-item four columns\"><div class=\"portfolio-it\">\n\t\t\t\t  \t\t<a href=\"https:\/\/www.iobevo.com\/online\/portfolio-item\/acquajet\/\" title=\"Acquajet\"><span class=\"portfolio-pic\"><img decoding=\"async\" src=\"https:\/\/www.iobevo.com\/online\/wp-content\/uploads\/2014\/04\/acquajet2.jpg\" \/><div class=\"portfolio-overlay\"><span class=\"overlay-link\"><\/span><\/div><\/span><\/a>\n\t\t\t\t  \t\t<a href=\"https:\/\/www.iobevo.com\/online\/portfolio-item\/acquajet\/\" title=\"Acquajet\" class=\"portfolio-title\"><h4>Acquajet<\/h4><span>Per acqua microfiltrata<\/span><\/a>\n\t\t\t\t  \t<\/div><\/div><div class=\"portfolio-item four columns\"><div class=\"portfolio-it\">\n\t\t\t\t  \t\t<a href=\"https:\/\/www.iobevo.com\/online\/portfolio-item\/asia-ti-sana\/\" title=\"Asia Ti Sana\"><span class=\"portfolio-pic\"><img decoding=\"async\" src=\"https:\/\/www.iobevo.com\/online\/wp-content\/uploads\/2014\/04\/asia-ti-sana.jpg\" \/><div class=\"portfolio-overlay\"><span class=\"overlay-link\"><\/span><\/div><\/span><\/a>\n\t\t\t\t  \t\t<a href=\"https:\/\/www.iobevo.com\/online\/portfolio-item\/asia-ti-sana\/\" title=\"Asia Ti Sana\" class=\"portfolio-title\"><h4>Asia Ti Sana<\/h4><span>Per tisane naturali<\/span><\/a>\n\t\t\t\t  \t<\/div><\/div><div class=\"portfolio-item four columns\"><div class=\"portfolio-it\">\n\t\t\t\t  \t\t<a href=\"https:\/\/www.iobevo.com\/online\/portfolio-item\/korinto-io-espresso\/\" title=\"Korinto io espresso\u00ae\"><span class=\"portfolio-pic\"><img decoding=\"async\" src=\"https:\/\/www.iobevo.com\/online\/wp-content\/uploads\/2014\/04\/Korinto-460x300.jpg\" \/><div class=\"portfolio-overlay\"><span class=\"overlay-link\"><\/span><\/div><\/span><\/a>\n\t\t\t\t  \t\t<a href=\"https:\/\/www.iobevo.com\/online\/portfolio-item\/korinto-io-espresso\/\" title=\"Korinto io espresso\u00ae\" class=\"portfolio-title\"><h4>Korinto io espresso\u00ae<\/h4><span>Per caff\u00e8 io espresso e 2 solubili <\/span><\/a>\n\t\t\t\t  \t<\/div><\/div><div class=\"portfolio-item four columns\"><div class=\"portfolio-it\">\n\t\t\t\t  \t\t<a href=\"https:\/\/www.iobevo.com\/online\/portfolio-item\/io-espresso-capsule\/\" title=\"io espresso\u00ae capsule\"><span class=\"portfolio-pic\"><img decoding=\"async\" src=\"https:\/\/www.iobevo.com\/online\/wp-content\/uploads\/2014\/04\/capsy_distibutore.jpg\" \/><div class=\"portfolio-overlay\"><span class=\"overlay-link\"><\/span><\/div><\/span><\/a>\n\t\t\t\t  \t\t<a href=\"https:\/\/www.iobevo.com\/online\/portfolio-item\/io-espresso-capsule\/\" title=\"io espresso\u00ae capsule\" class=\"portfolio-title\"><h4>io espresso\u00ae capsule<\/h4><span>Distributore caff\u00e8 espresso <\/span><\/a>\n\t\t\t\t  \t<\/div><\/div><\/div><div class=\"clear\"><\/div>\n","protected":false},"excerpt":{"rendered":"<p>Le service consiste en la distribution de caf\u00e9 expresso, eau micro filtr\u00e9e et autres boissons sur les lieux de travail, \u00e0 la place des refroidisseurs d\u2019eau, des capsules de caf\u00e9, du vending et d\u2019autres solutions \u00e0 fort impact environnemental. Il est destin\u00e9 aux bureaux, usines et autres lieux de travail, [&hellip;]<\/p>\n","protected":false},"author":58,"featured_media":2831,"parent":6112,"menu_order":13,"comment_status":"open","ping_status":"open","template":"","meta":{"footnotes":""},"class_list":["post-6179","page","type-page","status-publish","has-post-thumbnail","hentry"],"yoast_head":"<!-- This site is optimized with the Yoast SEO plugin v27.5 - https:\/\/yoast.com\/product\/yoast-seo-wordpress\/ -->\n<title>Bureau - io bevo\u00ae<\/title>\n<meta name=\"robots\" content=\"index, follow, max-snippet:-1, max-image-preview:large, max-video-preview:-1\" \/>\n<link rel=\"canonical\" href=\"https:\/\/www.iobevo.com\/online\/services\/bureau\/?lang=fr\" \/>\n<meta property=\"og:locale\" content=\"it_IT\" \/>\n<meta property=\"og:type\" content=\"article\" \/>\n<meta property=\"og:title\" content=\"Bureau - io bevo\u00ae\" \/>\n<meta property=\"og:description\" content=\"Le service consiste en la distribution de caf\u00e9 expresso, eau micro filtr\u00e9e et autres boissons sur les lieux de travail, \u00e0 la place des refroidisseurs d\u2019eau, des capsules de caf\u00e9, du vending et d\u2019autres solutions \u00e0 fort impact environnemental. Il est destin\u00e9 aux bureaux, usines et autres lieux de travail, [&hellip;]\" \/>\n<meta property=\"og:url\" content=\"https:\/\/www.iobevo.com\/online\/services\/bureau\/?lang=fr\" \/>\n<meta property=\"og:site_name\" content=\"io bevo\u00ae\" \/>\n<meta property=\"article:modified_time\" content=\"2014-07-24T10:30:24+00:00\" \/>\n<meta property=\"og:image\" content=\"https:\/\/www.iobevo.com\/online\/wp-content\/uploads\/2014\/01\/slide-2-bg-e1400667726929.png\" \/>\n\t<meta property=\"og:image:width\" content=\"1512\" \/>\n\t<meta property=\"og:image:height\" content=\"400\" \/>\n\t<meta property=\"og:image:type\" content=\"image\/png\" \/>\n<meta name=\"twitter:card\" content=\"summary_large_image\" \/>\n<meta name=\"twitter:site\" content=\"@IoBevo\" \/>\n<meta name=\"twitter:label1\" content=\"Tempo di lettura stimato\" \/>\n\t<meta name=\"twitter:data1\" content=\"1 minuto\" \/>\n<script type=\"application\/ld+json\" class=\"yoast-schema-graph\">{\"@context\":\"https:\\\/\\\/schema.org\",\"@graph\":[{\"@type\":\"WebPage\",\"@id\":\"https:\\\/\\\/www.iobevo.com\\\/online\\\/services\\\/bureau\\\/?lang=fr\",\"url\":\"https:\\\/\\\/www.iobevo.com\\\/online\\\/services\\\/bureau\\\/?lang=fr\",\"name\":\"Bureau - io bevo\u00ae\",\"isPartOf\":{\"@id\":\"https:\\\/\\\/www.iobevo.com\\\/online\\\/#website\"},\"primaryImageOfPage\":{\"@id\":\"https:\\\/\\\/www.iobevo.com\\\/online\\\/services\\\/bureau\\\/?lang=fr#primaryimage\"},\"image\":{\"@id\":\"https:\\\/\\\/www.iobevo.com\\\/online\\\/services\\\/bureau\\\/?lang=fr#primaryimage\"},\"thumbnailUrl\":\"https:\\\/\\\/www.iobevo.com\\\/online\\\/wp-content\\\/uploads\\\/2014\\\/01\\\/slide-2-bg-e1400667726929.png\",\"datePublished\":\"2014-07-07T16:20:39+00:00\",\"dateModified\":\"2014-07-24T10:30:24+00:00\",\"breadcrumb\":{\"@id\":\"https:\\\/\\\/www.iobevo.com\\\/online\\\/services\\\/bureau\\\/?lang=fr#breadcrumb\"},\"inLanguage\":\"it-IT\",\"potentialAction\":[{\"@type\":\"ReadAction\",\"target\":[\"https:\\\/\\\/www.iobevo.com\\\/online\\\/services\\\/bureau\\\/?lang=fr\"]}]},{\"@type\":\"ImageObject\",\"inLanguage\":\"it-IT\",\"@id\":\"https:\\\/\\\/www.iobevo.com\\\/online\\\/services\\\/bureau\\\/?lang=fr#primaryimage\",\"url\":\"https:\\\/\\\/www.iobevo.com\\\/online\\\/wp-content\\\/uploads\\\/2014\\\/01\\\/slide-2-bg-e1400667726929.png\",\"contentUrl\":\"https:\\\/\\\/www.iobevo.com\\\/online\\\/wp-content\\\/uploads\\\/2014\\\/01\\\/slide-2-bg-e1400667726929.png\",\"width\":1512,\"height\":400},{\"@type\":\"BreadcrumbList\",\"@id\":\"https:\\\/\\\/www.iobevo.com\\\/online\\\/services\\\/bureau\\\/?lang=fr#breadcrumb\",\"itemListElement\":[{\"@type\":\"ListItem\",\"position\":1,\"name\":\"Services\",\"item\":\"https:\\\/\\\/www.iobevo.com\\\/online\\\/services\\\/?lang=fr\"},{\"@type\":\"ListItem\",\"position\":2,\"name\":\"Bureau\"}]},{\"@type\":\"WebSite\",\"@id\":\"https:\\\/\\\/www.iobevo.com\\\/online\\\/#website\",\"url\":\"https:\\\/\\\/www.iobevo.com\\\/online\\\/\",\"name\":\"io bevo\u00ae\",\"description\":\"Drink Plastic free\",\"publisher\":{\"@id\":\"https:\\\/\\\/www.iobevo.com\\\/online\\\/#organization\"},\"potentialAction\":[{\"@type\":\"SearchAction\",\"target\":{\"@type\":\"EntryPoint\",\"urlTemplate\":\"https:\\\/\\\/www.iobevo.com\\\/online\\\/?s={search_term_string}\"},\"query-input\":{\"@type\":\"PropertyValueSpecification\",\"valueRequired\":true,\"valueName\":\"search_term_string\"}}],\"inLanguage\":\"it-IT\"},{\"@type\":\"Organization\",\"@id\":\"https:\\\/\\\/www.iobevo.com\\\/online\\\/#organization\",\"name\":\"General Beverage\",\"url\":\"https:\\\/\\\/www.iobevo.com\\\/online\\\/\",\"logo\":{\"@type\":\"ImageObject\",\"inLanguage\":\"it-IT\",\"@id\":\"https:\\\/\\\/www.iobevo.com\\\/online\\\/#\\\/schema\\\/logo\\\/image\\\/\",\"url\":\"https:\\\/\\\/www.iobevo.com\\\/online\\\/wp-content\\\/uploads\\\/2014\\\/01\\\/logo_gb_horizontal_grey_160x47.png\",\"contentUrl\":\"https:\\\/\\\/www.iobevo.com\\\/online\\\/wp-content\\\/uploads\\\/2014\\\/01\\\/logo_gb_horizontal_grey_160x47.png\",\"width\":160,\"height\":47,\"caption\":\"General Beverage\"},\"image\":{\"@id\":\"https:\\\/\\\/www.iobevo.com\\\/online\\\/#\\\/schema\\\/logo\\\/image\\\/\"},\"sameAs\":[\"https:\\\/\\\/x.com\\\/IoBevo\"]}]}<\/script>\n<!-- \/ Yoast SEO plugin. -->","yoast_head_json":{"title":"Bureau - io bevo\u00ae","robots":{"index":"index","follow":"follow","max-snippet":"max-snippet:-1","max-image-preview":"max-image-preview:large","max-video-preview":"max-video-preview:-1"},"canonical":"https:\/\/www.iobevo.com\/online\/services\/bureau\/?lang=fr","og_locale":"it_IT","og_type":"article","og_title":"Bureau - io bevo\u00ae","og_description":"Le service consiste en la distribution de caf\u00e9 expresso, eau micro filtr\u00e9e et autres boissons sur les lieux de travail, \u00e0 la place des refroidisseurs d\u2019eau, des capsules de caf\u00e9, du vending et d\u2019autres solutions \u00e0 fort impact environnemental. Il est destin\u00e9 aux bureaux, usines et autres lieux de travail, [&hellip;]","og_url":"https:\/\/www.iobevo.com\/online\/services\/bureau\/?lang=fr","og_site_name":"io bevo\u00ae","article_modified_time":"2014-07-24T10:30:24+00:00","og_image":[{"width":1512,"height":400,"url":"https:\/\/www.iobevo.com\/online\/wp-content\/uploads\/2014\/01\/slide-2-bg-e1400667726929.png","type":"image\/png"}],"twitter_card":"summary_large_image","twitter_site":"@IoBevo","twitter_misc":{"Tempo di lettura stimato":"1 minuto"},"schema":{"@context":"https:\/\/schema.org","@graph":[{"@type":"WebPage","@id":"https:\/\/www.iobevo.com\/online\/services\/bureau\/?lang=fr","url":"https:\/\/www.iobevo.com\/online\/services\/bureau\/?lang=fr","name":"Bureau - io bevo\u00ae","isPartOf":{"@id":"https:\/\/www.iobevo.com\/online\/#website"},"primaryImageOfPage":{"@id":"https:\/\/www.iobevo.com\/online\/services\/bureau\/?lang=fr#primaryimage"},"image":{"@id":"https:\/\/www.iobevo.com\/online\/services\/bureau\/?lang=fr#primaryimage"},"thumbnailUrl":"https:\/\/www.iobevo.com\/online\/wp-content\/uploads\/2014\/01\/slide-2-bg-e1400667726929.png","datePublished":"2014-07-07T16:20:39+00:00","dateModified":"2014-07-24T10:30:24+00:00","breadcrumb":{"@id":"https:\/\/www.iobevo.com\/online\/services\/bureau\/?lang=fr#breadcrumb"},"inLanguage":"it-IT","potentialAction":[{"@type":"ReadAction","target":["https:\/\/www.iobevo.com\/online\/services\/bureau\/?lang=fr"]}]},{"@type":"ImageObject","inLanguage":"it-IT","@id":"https:\/\/www.iobevo.com\/online\/services\/bureau\/?lang=fr#primaryimage","url":"https:\/\/www.iobevo.com\/online\/wp-content\/uploads\/2014\/01\/slide-2-bg-e1400667726929.png","contentUrl":"https:\/\/www.iobevo.com\/online\/wp-content\/uploads\/2014\/01\/slide-2-bg-e1400667726929.png","width":1512,"height":400},{"@type":"BreadcrumbList","@id":"https:\/\/www.iobevo.com\/online\/services\/bureau\/?lang=fr#breadcrumb","itemListElement":[{"@type":"ListItem","position":1,"name":"Services","item":"https:\/\/www.iobevo.com\/online\/services\/?lang=fr"},{"@type":"ListItem","position":2,"name":"Bureau"}]},{"@type":"WebSite","@id":"https:\/\/www.iobevo.com\/online\/#website","url":"https:\/\/www.iobevo.com\/online\/","name":"io bevo\u00ae","description":"Drink Plastic free","publisher":{"@id":"https:\/\/www.iobevo.com\/online\/#organization"},"potentialAction":[{"@type":"SearchAction","target":{"@type":"EntryPoint","urlTemplate":"https:\/\/www.iobevo.com\/online\/?s={search_term_string}"},"query-input":{"@type":"PropertyValueSpecification","valueRequired":true,"valueName":"search_term_string"}}],"inLanguage":"it-IT"},{"@type":"Organization","@id":"https:\/\/www.iobevo.com\/online\/#organization","name":"General Beverage","url":"https:\/\/www.iobevo.com\/online\/","logo":{"@type":"ImageObject","inLanguage":"it-IT","@id":"https:\/\/www.iobevo.com\/online\/#\/schema\/logo\/image\/","url":"https:\/\/www.iobevo.com\/online\/wp-content\/uploads\/2014\/01\/logo_gb_horizontal_grey_160x47.png","contentUrl":"https:\/\/www.iobevo.com\/online\/wp-content\/uploads\/2014\/01\/logo_gb_horizontal_grey_160x47.png","width":160,"height":47,"caption":"General Beverage"},"image":{"@id":"https:\/\/www.iobevo.com\/online\/#\/schema\/logo\/image\/"},"sameAs":["https:\/\/x.com\/IoBevo"]}]}},"_links":{"self":[{"href":"https:\/\/www.iobevo.com\/online\/wp-json\/wp\/v2\/pages\/6179","targetHints":{"allow":["GET"]}}],"collection":[{"href":"https:\/\/www.iobevo.com\/online\/wp-json\/wp\/v2\/pages"}],"about":[{"href":"https:\/\/www.iobevo.com\/online\/wp-json\/wp\/v2\/types\/page"}],"author":[{"embeddable":true,"href":"https:\/\/www.iobevo.com\/online\/wp-json\/wp\/v2\/users\/58"}],"replies":[{"embeddable":true,"href":"https:\/\/www.iobevo.com\/online\/wp-json\/wp\/v2\/comments?post=6179"}],"version-history":[{"count":0,"href":"https:\/\/www.iobevo.com\/online\/wp-json\/wp\/v2\/pages\/6179\/revisions"}],"up":[{"embeddable":true,"href":"https:\/\/www.iobevo.com\/online\/wp-json\/wp\/v2\/pages\/6112"}],"wp:featuredmedia":[{"embeddable":true,"href":"https:\/\/www.iobevo.com\/online\/wp-json\/wp\/v2\/media\/2831"}],"wp:attachment":[{"href":"https:\/\/www.iobevo.com\/online\/wp-json\/wp\/v2\/media?parent=6179"}],"curies":[{"name":"wp","href":"https:\/\/api.w.org\/{rel}","templated":true}]}}