{"id":6187,"date":"2014-07-07T16:27:10","date_gmt":"2014-07-07T16:27:10","guid":{"rendered":"http:\/\/www.iobevo.com\/online\/?page_id=6187"},"modified":"2017-07-25T18:37:09","modified_gmt":"2017-07-25T16:37:09","slug":"boissons-chaudes-sano","status":"publish","type":"page","link":"https:\/\/www.iobevo.com\/online\/produits\/boissons-chaudes-sano\/?lang=fr","title":{"rendered":"Boissons chaudes io sano\u00ae"},"content":{"rendered":"<h4>Solubles pour boissons chaudes <u>io sano<\/u><sup>\u00ae<\/sup><\/h4>\n<p>Les solubles pour boissons chaudes <span class=\"mark1\">io<\/span> <span class=\"mark2\">sano<\/span><span class=\"mark3\">\u00ae<\/span> sont con\u00e7us et fabriqu\u00e9s pour r\u00e9pondre de mani\u00e8re ad\u00e9quate aux exigences de l\u2019alimentation dans le secteur m\u00e9dical et sont utilis\u00e9s \u00e0 l\u2019aide de nos <a title=\"Big 5 catering Bevo Sano\" href=\"http:\/\/www.iobevo.com\/online\/fr\/distributeurs\/big-5-catering-bevo-sano\/\">distributeurs sp\u00e9cifiques<\/a>.<\/p>\n<p>Pour de plus amples informations consultez le site <a title=\"io sano\" href=\"http:\/\/www.iosano.com\" target=\"_blank\" rel=\"noopener noreferrer\"><span class=\"mark1\">io<\/span> <span class=\"mark2\">sano<\/span><\/a><span class=\"mark3\">\u00ae<\/span>.<\/p>\n<p><span class=\"responsive\"><img fetchpriority=\"high\" decoding=\"async\" class=\"aligncenter wp-image-3222\" src=\"http:\/\/iobevo.com\/online\/wp-content\/uploads\/2014\/04\/solubili-per-bevande-iosano.jpg\" alt=\"solubili-per-bevande-iosano\" width=\"450\" height=\"300\" srcset=\"https:\/\/www.iobevo.com\/online\/wp-content\/uploads\/2014\/04\/solubili-per-bevande-iosano.jpg 700w, https:\/\/www.iobevo.com\/online\/wp-content\/uploads\/2014\/04\/solubili-per-bevande-iosano-300x200.jpg 300w\" sizes=\"(max-width: 450px) 100vw, 450px\" \/><\/span><\/p>\n<div class=\"gap\" style=\"height: 30px;\"><\/div>\n<h3 class=\"title\"><span>Secteurs du march\u00e9<\/span><\/h3><div class=\"latest-portfolio negative-wrap\"><div class=\"portfolio-item four columns\"><div class=\"portfolio-it\">\n\t\t\t\t  \t\t<a href=\"https:\/\/www.iobevo.com\/online\/portfolio-item\/ospedali\/\" title=\"Ospedali\"><span class=\"portfolio-pic\"><img decoding=\"async\" src=\"https:\/\/www.iobevo.com\/online\/wp-content\/uploads\/2014\/02\/FOTO-52-settore-ospedali-460x300.jpg\" \/><div class=\"portfolio-overlay\"><span class=\"overlay-link\"><\/span><\/div><\/span><\/a>\n\t\t\t\t  \t\t<a href=\"https:\/\/www.iobevo.com\/online\/portfolio-item\/ospedali\/\" title=\"Ospedali\" class=\"portfolio-title\"><h4>Ospedali<\/h4><span>Ristorazione settore sanitario<\/span><\/a>\n\t\t\t\t  \t<\/div><\/div><div class=\"portfolio-item four columns\"><div class=\"portfolio-it\">\n\t\t\t\t  \t\t<a href=\"https:\/\/www.iobevo.com\/online\/portfolio-item\/case-di-riposo\/\" title=\"Case di Riposo\"><span class=\"portfolio-pic\"><img decoding=\"async\" src=\"https:\/\/www.iobevo.com\/online\/wp-content\/uploads\/2014\/04\/FOTO-51-settore-case-di-riposo-460x300.jpg\" \/><div class=\"portfolio-overlay\"><span class=\"overlay-link\"><\/span><\/div><\/span><\/a>\n\t\t\t\t  \t\t<a href=\"https:\/\/www.iobevo.com\/online\/portfolio-item\/case-di-riposo\/\" title=\"Case di Riposo\" class=\"portfolio-title\"><h4>Case di Riposo<\/h4><span>Ristorazione per la terza et\u00e0<\/span><\/a>\n\t\t\t\t  \t<\/div><\/div><\/div><div class=\"clear\"><\/div>\n","protected":false},"excerpt":{"rendered":"<p>Solubles pour boissons chaudes io sano\u00ae Les solubles pour boissons chaudes io sano\u00ae sont con\u00e7us et fabriqu\u00e9s pour r\u00e9pondre de mani\u00e8re ad\u00e9quate aux exigences de l\u2019alimentation dans le secteur m\u00e9dical et sont utilis\u00e9s \u00e0 l\u2019aide de nos distributeurs sp\u00e9cifiques. Pour de plus amples informations consultez le site io sano\u00ae.<\/p>\n","protected":false},"author":58,"featured_media":2831,"parent":6183,"menu_order":1,"comment_status":"open","ping_status":"closed","template":"","meta":{"footnotes":""},"class_list":["post-6187","page","type-page","status-publish","has-post-thumbnail","hentry"],"yoast_head":"<!-- This site is optimized with the Yoast SEO plugin v27.4 - https:\/\/yoast.com\/product\/yoast-seo-wordpress\/ -->\n<title>Boissons chaudes io sano\u00ae - io bevo\u00ae<\/title>\n<meta name=\"robots\" content=\"index, follow, max-snippet:-1, max-image-preview:large, max-video-preview:-1\" \/>\n<link rel=\"canonical\" href=\"https:\/\/www.iobevo.com\/online\/produits\/boissons-chaudes-sano\/?lang=fr\" \/>\n<meta property=\"og:locale\" content=\"it_IT\" \/>\n<meta property=\"og:type\" content=\"article\" \/>\n<meta property=\"og:title\" content=\"Boissons chaudes io sano\u00ae - io bevo\u00ae\" \/>\n<meta property=\"og:description\" content=\"Solubles pour boissons chaudes io sano\u00ae Les solubles pour boissons chaudes io sano\u00ae sont con\u00e7us et fabriqu\u00e9s pour r\u00e9pondre de mani\u00e8re ad\u00e9quate aux exigences de l\u2019alimentation dans le secteur m\u00e9dical et sont utilis\u00e9s \u00e0 l\u2019aide de nos distributeurs sp\u00e9cifiques. Pour de plus amples informations consultez le site io sano\u00ae.\" \/>\n<meta property=\"og:url\" content=\"https:\/\/www.iobevo.com\/online\/produits\/boissons-chaudes-sano\/?lang=fr\" \/>\n<meta property=\"og:site_name\" content=\"io bevo\u00ae\" \/>\n<meta property=\"article:modified_time\" content=\"2017-07-25T16:37:09+00:00\" \/>\n<meta property=\"og:image\" content=\"https:\/\/www.iobevo.com\/online\/wp-content\/uploads\/2014\/01\/slide-2-bg-e1400667726929.png\" \/>\n\t<meta property=\"og:image:width\" content=\"1512\" \/>\n\t<meta property=\"og:image:height\" content=\"400\" \/>\n\t<meta property=\"og:image:type\" content=\"image\/png\" \/>\n<meta name=\"twitter:card\" content=\"summary_large_image\" \/>\n<meta name=\"twitter:site\" content=\"@IoBevo\" \/>\n<script type=\"application\/ld+json\" class=\"yoast-schema-graph\">{\"@context\":\"https:\\\/\\\/schema.org\",\"@graph\":[{\"@type\":\"WebPage\",\"@id\":\"https:\\\/\\\/www.iobevo.com\\\/online\\\/produits\\\/boissons-chaudes-sano\\\/?lang=fr\",\"url\":\"https:\\\/\\\/www.iobevo.com\\\/online\\\/produits\\\/boissons-chaudes-sano\\\/?lang=fr\",\"name\":\"Boissons chaudes io sano\u00ae - io bevo\u00ae\",\"isPartOf\":{\"@id\":\"https:\\\/\\\/www.iobevo.com\\\/online\\\/#website\"},\"primaryImageOfPage\":{\"@id\":\"https:\\\/\\\/www.iobevo.com\\\/online\\\/produits\\\/boissons-chaudes-sano\\\/?lang=fr#primaryimage\"},\"image\":{\"@id\":\"https:\\\/\\\/www.iobevo.com\\\/online\\\/produits\\\/boissons-chaudes-sano\\\/?lang=fr#primaryimage\"},\"thumbnailUrl\":\"https:\\\/\\\/www.iobevo.com\\\/online\\\/wp-content\\\/uploads\\\/2014\\\/01\\\/slide-2-bg-e1400667726929.png\",\"datePublished\":\"2014-07-07T16:27:10+00:00\",\"dateModified\":\"2017-07-25T16:37:09+00:00\",\"breadcrumb\":{\"@id\":\"https:\\\/\\\/www.iobevo.com\\\/online\\\/produits\\\/boissons-chaudes-sano\\\/?lang=fr#breadcrumb\"},\"inLanguage\":\"it-IT\",\"potentialAction\":[{\"@type\":\"ReadAction\",\"target\":[\"https:\\\/\\\/www.iobevo.com\\\/online\\\/produits\\\/boissons-chaudes-sano\\\/?lang=fr\"]}]},{\"@type\":\"ImageObject\",\"inLanguage\":\"it-IT\",\"@id\":\"https:\\\/\\\/www.iobevo.com\\\/online\\\/produits\\\/boissons-chaudes-sano\\\/?lang=fr#primaryimage\",\"url\":\"https:\\\/\\\/www.iobevo.com\\\/online\\\/wp-content\\\/uploads\\\/2014\\\/01\\\/slide-2-bg-e1400667726929.png\",\"contentUrl\":\"https:\\\/\\\/www.iobevo.com\\\/online\\\/wp-content\\\/uploads\\\/2014\\\/01\\\/slide-2-bg-e1400667726929.png\",\"width\":1512,\"height\":400},{\"@type\":\"BreadcrumbList\",\"@id\":\"https:\\\/\\\/www.iobevo.com\\\/online\\\/produits\\\/boissons-chaudes-sano\\\/?lang=fr#breadcrumb\",\"itemListElement\":[{\"@type\":\"ListItem\",\"position\":1,\"name\":\"Produits\",\"item\":\"https:\\\/\\\/www.iobevo.com\\\/online\\\/produits\\\/?lang=fr\"},{\"@type\":\"ListItem\",\"position\":2,\"name\":\"Boissons chaudes io sano\u00ae\"}]},{\"@type\":\"WebSite\",\"@id\":\"https:\\\/\\\/www.iobevo.com\\\/online\\\/#website\",\"url\":\"https:\\\/\\\/www.iobevo.com\\\/online\\\/\",\"name\":\"io bevo\u00ae\",\"description\":\"Drink Plastic free\",\"publisher\":{\"@id\":\"https:\\\/\\\/www.iobevo.com\\\/online\\\/#organization\"},\"potentialAction\":[{\"@type\":\"SearchAction\",\"target\":{\"@type\":\"EntryPoint\",\"urlTemplate\":\"https:\\\/\\\/www.iobevo.com\\\/online\\\/?s={search_term_string}\"},\"query-input\":{\"@type\":\"PropertyValueSpecification\",\"valueRequired\":true,\"valueName\":\"search_term_string\"}}],\"inLanguage\":\"it-IT\"},{\"@type\":\"Organization\",\"@id\":\"https:\\\/\\\/www.iobevo.com\\\/online\\\/#organization\",\"name\":\"General Beverage\",\"url\":\"https:\\\/\\\/www.iobevo.com\\\/online\\\/\",\"logo\":{\"@type\":\"ImageObject\",\"inLanguage\":\"it-IT\",\"@id\":\"https:\\\/\\\/www.iobevo.com\\\/online\\\/#\\\/schema\\\/logo\\\/image\\\/\",\"url\":\"https:\\\/\\\/www.iobevo.com\\\/online\\\/wp-content\\\/uploads\\\/2014\\\/01\\\/logo_gb_horizontal_grey_160x47.png\",\"contentUrl\":\"https:\\\/\\\/www.iobevo.com\\\/online\\\/wp-content\\\/uploads\\\/2014\\\/01\\\/logo_gb_horizontal_grey_160x47.png\",\"width\":160,\"height\":47,\"caption\":\"General Beverage\"},\"image\":{\"@id\":\"https:\\\/\\\/www.iobevo.com\\\/online\\\/#\\\/schema\\\/logo\\\/image\\\/\"},\"sameAs\":[\"https:\\\/\\\/x.com\\\/IoBevo\"]}]}<\/script>\n<!-- \/ Yoast SEO plugin. -->","yoast_head_json":{"title":"Boissons chaudes io sano\u00ae - io bevo\u00ae","robots":{"index":"index","follow":"follow","max-snippet":"max-snippet:-1","max-image-preview":"max-image-preview:large","max-video-preview":"max-video-preview:-1"},"canonical":"https:\/\/www.iobevo.com\/online\/produits\/boissons-chaudes-sano\/?lang=fr","og_locale":"it_IT","og_type":"article","og_title":"Boissons chaudes io sano\u00ae - io bevo\u00ae","og_description":"Solubles pour boissons chaudes io sano\u00ae Les solubles pour boissons chaudes io sano\u00ae sont con\u00e7us et fabriqu\u00e9s pour r\u00e9pondre de mani\u00e8re ad\u00e9quate aux exigences de l\u2019alimentation dans le secteur m\u00e9dical et sont utilis\u00e9s \u00e0 l\u2019aide de nos distributeurs sp\u00e9cifiques. Pour de plus amples informations consultez le site io sano\u00ae.","og_url":"https:\/\/www.iobevo.com\/online\/produits\/boissons-chaudes-sano\/?lang=fr","og_site_name":"io bevo\u00ae","article_modified_time":"2017-07-25T16:37:09+00:00","og_image":[{"width":1512,"height":400,"url":"https:\/\/www.iobevo.com\/online\/wp-content\/uploads\/2014\/01\/slide-2-bg-e1400667726929.png","type":"image\/png"}],"twitter_card":"summary_large_image","twitter_site":"@IoBevo","schema":{"@context":"https:\/\/schema.org","@graph":[{"@type":"WebPage","@id":"https:\/\/www.iobevo.com\/online\/produits\/boissons-chaudes-sano\/?lang=fr","url":"https:\/\/www.iobevo.com\/online\/produits\/boissons-chaudes-sano\/?lang=fr","name":"Boissons chaudes io sano\u00ae - io bevo\u00ae","isPartOf":{"@id":"https:\/\/www.iobevo.com\/online\/#website"},"primaryImageOfPage":{"@id":"https:\/\/www.iobevo.com\/online\/produits\/boissons-chaudes-sano\/?lang=fr#primaryimage"},"image":{"@id":"https:\/\/www.iobevo.com\/online\/produits\/boissons-chaudes-sano\/?lang=fr#primaryimage"},"thumbnailUrl":"https:\/\/www.iobevo.com\/online\/wp-content\/uploads\/2014\/01\/slide-2-bg-e1400667726929.png","datePublished":"2014-07-07T16:27:10+00:00","dateModified":"2017-07-25T16:37:09+00:00","breadcrumb":{"@id":"https:\/\/www.iobevo.com\/online\/produits\/boissons-chaudes-sano\/?lang=fr#breadcrumb"},"inLanguage":"it-IT","potentialAction":[{"@type":"ReadAction","target":["https:\/\/www.iobevo.com\/online\/produits\/boissons-chaudes-sano\/?lang=fr"]}]},{"@type":"ImageObject","inLanguage":"it-IT","@id":"https:\/\/www.iobevo.com\/online\/produits\/boissons-chaudes-sano\/?lang=fr#primaryimage","url":"https:\/\/www.iobevo.com\/online\/wp-content\/uploads\/2014\/01\/slide-2-bg-e1400667726929.png","contentUrl":"https:\/\/www.iobevo.com\/online\/wp-content\/uploads\/2014\/01\/slide-2-bg-e1400667726929.png","width":1512,"height":400},{"@type":"BreadcrumbList","@id":"https:\/\/www.iobevo.com\/online\/produits\/boissons-chaudes-sano\/?lang=fr#breadcrumb","itemListElement":[{"@type":"ListItem","position":1,"name":"Produits","item":"https:\/\/www.iobevo.com\/online\/produits\/?lang=fr"},{"@type":"ListItem","position":2,"name":"Boissons chaudes io sano\u00ae"}]},{"@type":"WebSite","@id":"https:\/\/www.iobevo.com\/online\/#website","url":"https:\/\/www.iobevo.com\/online\/","name":"io bevo\u00ae","description":"Drink Plastic free","publisher":{"@id":"https:\/\/www.iobevo.com\/online\/#organization"},"potentialAction":[{"@type":"SearchAction","target":{"@type":"EntryPoint","urlTemplate":"https:\/\/www.iobevo.com\/online\/?s={search_term_string}"},"query-input":{"@type":"PropertyValueSpecification","valueRequired":true,"valueName":"search_term_string"}}],"inLanguage":"it-IT"},{"@type":"Organization","@id":"https:\/\/www.iobevo.com\/online\/#organization","name":"General Beverage","url":"https:\/\/www.iobevo.com\/online\/","logo":{"@type":"ImageObject","inLanguage":"it-IT","@id":"https:\/\/www.iobevo.com\/online\/#\/schema\/logo\/image\/","url":"https:\/\/www.iobevo.com\/online\/wp-content\/uploads\/2014\/01\/logo_gb_horizontal_grey_160x47.png","contentUrl":"https:\/\/www.iobevo.com\/online\/wp-content\/uploads\/2014\/01\/logo_gb_horizontal_grey_160x47.png","width":160,"height":47,"caption":"General Beverage"},"image":{"@id":"https:\/\/www.iobevo.com\/online\/#\/schema\/logo\/image\/"},"sameAs":["https:\/\/x.com\/IoBevo"]}]}},"_links":{"self":[{"href":"https:\/\/www.iobevo.com\/online\/wp-json\/wp\/v2\/pages\/6187","targetHints":{"allow":["GET"]}}],"collection":[{"href":"https:\/\/www.iobevo.com\/online\/wp-json\/wp\/v2\/pages"}],"about":[{"href":"https:\/\/www.iobevo.com\/online\/wp-json\/wp\/v2\/types\/page"}],"author":[{"embeddable":true,"href":"https:\/\/www.iobevo.com\/online\/wp-json\/wp\/v2\/users\/58"}],"replies":[{"embeddable":true,"href":"https:\/\/www.iobevo.com\/online\/wp-json\/wp\/v2\/comments?post=6187"}],"version-history":[{"count":0,"href":"https:\/\/www.iobevo.com\/online\/wp-json\/wp\/v2\/pages\/6187\/revisions"}],"up":[{"embeddable":true,"href":"https:\/\/www.iobevo.com\/online\/wp-json\/wp\/v2\/pages\/6183"}],"wp:featuredmedia":[{"embeddable":true,"href":"https:\/\/www.iobevo.com\/online\/wp-json\/wp\/v2\/media\/2831"}],"wp:attachment":[{"href":"https:\/\/www.iobevo.com\/online\/wp-json\/wp\/v2\/media?parent=6187"}],"curies":[{"name":"wp","href":"https:\/\/api.w.org\/{rel}","templated":true}]}}