{"id":6189,"date":"2014-07-07T16:29:31","date_gmt":"2014-07-07T16:29:31","guid":{"rendered":"http:\/\/www.iobevo.com\/online\/?page_id=6189"},"modified":"2017-07-26T10:37:13","modified_gmt":"2017-07-26T08:37:13","slug":"fruits-io-sano","status":"publish","type":"page","link":"https:\/\/www.iobevo.com\/online\/produits\/fruits-io-sano\/?lang=fr","title":{"rendered":"Fruits io sano\u00ae"},"content":{"rendered":"<h4>Mousses de fruits<\/h4>\n<p>Nos mousses, pr\u00e9par\u00e9es avec des ingr\u00e9dients de qualit\u00e9 et dans une gamme tr\u00e8s large, peuvent \u00eatre utilis\u00e9es dans diff\u00e9rents domaines:<\/p>\n<ul>\n<li>\u00a0m\u00e9dical, voir le service <a href=\"http:\/\/www.iosano.com\" target=\"_blank\" rel=\"noopener noreferrer\"><span class=\"mark1\">io<\/span> <span class=\"mark2\">sano<\/span><\/a><span class=\"mark3\">\u00ae<\/span><\/li>\n<li>\u00a0commercial, comme une alternative aux desserts traditionnels<\/li>\n<li>\u00a0restauration collective.<\/li>\n<\/ul>\n<p><span class=\"responsive\"><img fetchpriority=\"high\" decoding=\"async\" class=\"aligncenter wp-image-3213 size-full\" src=\"https:\/\/www.iobevo.com\/online\/wp-content\/uploads\/2014\/04\/mousse-di-frutta-e1399632815769.jpg\" alt=\"mousse-di-frutta\" width=\"698\" height=\"498\" srcset=\"https:\/\/www.iobevo.com\/online\/wp-content\/uploads\/2014\/04\/mousse-di-frutta-e1399632815769.jpg 698w, https:\/\/www.iobevo.com\/online\/wp-content\/uploads\/2014\/04\/mousse-di-frutta-e1399632815769-300x214.jpg 300w\" sizes=\"(max-width: 698px) 100vw, 698px\" \/><\/span><\/p>\n\n<table id=\"tablepress-90\" class=\"tablepress tablepress-id-90\">\n<thead>\n<tr class=\"row-1\">\n\t<th class=\"column-1\">MOUSSES DE FRUITS<\/th><th class=\"column-2\">Poids du sachet en gr.<\/th>\n<\/tr>\n<\/thead>\n<tbody class=\"row-striping row-hover\">\n<tr class=\"row-2\">\n\t<td class=\"column-1\"><\/td><td class=\"column-2\"><\/td>\n<\/tr>\n<tr class=\"row-3\">\n\t<td class=\"column-1\">Mousse banane fructose<\/td><td class=\"column-2\">1000<\/td>\n<\/tr>\n<tr class=\"row-4\">\n\t<td class=\"column-1\">Mousse pomme fructose<\/td><td class=\"column-2\">1000<\/td>\n<\/tr>\n<tr class=\"row-5\">\n\t<td class=\"column-1\">Mousse pomme-prune avec fibres<\/td><td class=\"column-2\">1000<\/td>\n<\/tr>\n<tr class=\"row-6\">\n\t<td class=\"column-1\">Mousse 5 fruits fructose<\/td><td class=\"column-2\">1000<\/td>\n<\/tr>\n<tr class=\"row-7\">\n\t<td class=\"column-1\">Mousse fruits rouge<\/td><td class=\"column-2\">1000<\/td>\n<\/tr>\n<tr class=\"row-8\">\n\t<td class=\"column-1\">Mousse abricot<\/td><td class=\"column-2\">1000<\/td>\n<\/tr>\n<tr class=\"row-9\">\n\t<td class=\"column-1\">Mousse de pomme et p\u00eache<\/td><td class=\"column-2\">1000<\/td>\n<\/tr>\n<\/tbody>\n<\/table>\n\n<div class=\"gap\" style=\"height: 30px;\"><\/div>\n<h3 class=\"title\"><span>Secteurs du march\u00e9<\/span><\/h3><div class=\"latest-portfolio negative-wrap\"><div class=\"portfolio-item four columns\"><div class=\"portfolio-it\">\n\t\t\t\t  \t\t<a href=\"https:\/\/www.iobevo.com\/online\/portfolio-item\/mense-aziendali\/\" title=\"Mense aziendali\"><span class=\"portfolio-pic\"><img decoding=\"async\" src=\"https:\/\/www.iobevo.com\/online\/wp-content\/uploads\/2014\/02\/FOTO-48-mense-aziendali-13687094_l-460x300.jpg\" \/><div class=\"portfolio-overlay\"><span class=\"overlay-link\"><\/span><\/div><\/span><\/a>\n\t\t\t\t  \t\t<a href=\"https:\/\/www.iobevo.com\/online\/portfolio-item\/mense-aziendali\/\" title=\"Mense aziendali\" class=\"portfolio-title\"><h4>Mense aziendali<\/h4><span>Ristorazione sostenibile<\/span><\/a>\n\t\t\t\t  \t<\/div><\/div><div class=\"portfolio-item four columns\"><div class=\"portfolio-it\">\n\t\t\t\t  \t\t<a href=\"https:\/\/www.iobevo.com\/online\/portfolio-item\/mense-scolastiche\/\" title=\"Mense scolastiche\"><span class=\"portfolio-pic\"><img decoding=\"async\" src=\"https:\/\/www.iobevo.com\/online\/wp-content\/uploads\/2014\/05\/mense_scolastiche-460x300.jpg\" \/><div class=\"portfolio-overlay\"><span class=\"overlay-link\"><\/span><\/div><\/span><\/a>\n\t\t\t\t  \t\t<a href=\"https:\/\/www.iobevo.com\/online\/portfolio-item\/mense-scolastiche\/\" title=\"Mense scolastiche\" class=\"portfolio-title\"><h4>Mense scolastiche<\/h4><span>Ristorazione sostenibile a scuola<\/span><\/a>\n\t\t\t\t  \t<\/div><\/div><div class=\"portfolio-item four columns\"><div class=\"portfolio-it\">\n\t\t\t\t  \t\t<a href=\"https:\/\/www.iobevo.com\/online\/portfolio-item\/locali-commerciali\/\" title=\"Locali commerciali\"><span class=\"portfolio-pic\"><img decoding=\"async\" src=\"https:\/\/www.iobevo.com\/online\/wp-content\/uploads\/2014\/02\/FOTO-57-lunch-bar-460x300.jpg\" \/><div class=\"portfolio-overlay\"><span class=\"overlay-link\"><\/span><\/div><\/span><\/a>\n\t\t\t\t  \t\t<a href=\"https:\/\/www.iobevo.com\/online\/portfolio-item\/locali-commerciali\/\" title=\"Locali commerciali\" class=\"portfolio-title\"><h4>Locali commerciali<\/h4><span>Servizi per bar, ristoranti e pizzerie<\/span><\/a>\n\t\t\t\t  \t<\/div><\/div><\/div><div class=\"clear\"><\/div>\n","protected":false},"excerpt":{"rendered":"<p>Mousses de fruits Nos mousses, pr\u00e9par\u00e9es avec des ingr\u00e9dients de qualit\u00e9 et dans une gamme tr\u00e8s large, peuvent \u00eatre utilis\u00e9es dans diff\u00e9rents domaines: \u00a0m\u00e9dical, voir le service io sano\u00ae \u00a0commercial, comme une alternative aux desserts traditionnels \u00a0restauration collective.<\/p>\n","protected":false},"author":58,"featured_media":2831,"parent":6183,"menu_order":2,"comment_status":"open","ping_status":"closed","template":"","meta":{"footnotes":""},"class_list":["post-6189","page","type-page","status-publish","has-post-thumbnail","hentry"],"yoast_head":"<!-- This site is optimized with the Yoast SEO plugin v27.5 - https:\/\/yoast.com\/product\/yoast-seo-wordpress\/ -->\n<title>Fruits io sano\u00ae - io bevo\u00ae<\/title>\n<meta name=\"robots\" content=\"index, follow, max-snippet:-1, max-image-preview:large, max-video-preview:-1\" \/>\n<link rel=\"canonical\" href=\"https:\/\/www.iobevo.com\/online\/produits\/fruits-io-sano\/?lang=fr\" \/>\n<meta property=\"og:locale\" content=\"it_IT\" \/>\n<meta property=\"og:type\" content=\"article\" \/>\n<meta property=\"og:title\" content=\"Fruits io sano\u00ae - io bevo\u00ae\" \/>\n<meta property=\"og:description\" content=\"Mousses de fruits Nos mousses, pr\u00e9par\u00e9es avec des ingr\u00e9dients de qualit\u00e9 et dans une gamme tr\u00e8s large, peuvent \u00eatre utilis\u00e9es dans diff\u00e9rents domaines: \u00a0m\u00e9dical, voir le service io sano\u00ae \u00a0commercial, comme une alternative aux desserts traditionnels \u00a0restauration collective.\" \/>\n<meta property=\"og:url\" content=\"https:\/\/www.iobevo.com\/online\/produits\/fruits-io-sano\/?lang=fr\" \/>\n<meta property=\"og:site_name\" content=\"io bevo\u00ae\" \/>\n<meta property=\"article:modified_time\" content=\"2017-07-26T08:37:13+00:00\" \/>\n<meta property=\"og:image\" content=\"https:\/\/www.iobevo.com\/online\/wp-content\/uploads\/2014\/01\/slide-2-bg-e1400667726929.png\" \/>\n\t<meta property=\"og:image:width\" content=\"1512\" \/>\n\t<meta property=\"og:image:height\" content=\"400\" \/>\n\t<meta property=\"og:image:type\" content=\"image\/png\" \/>\n<meta name=\"twitter:card\" content=\"summary_large_image\" \/>\n<meta name=\"twitter:site\" content=\"@IoBevo\" \/>\n<script type=\"application\/ld+json\" class=\"yoast-schema-graph\">{\"@context\":\"https:\\\/\\\/schema.org\",\"@graph\":[{\"@type\":\"WebPage\",\"@id\":\"https:\\\/\\\/www.iobevo.com\\\/online\\\/produits\\\/fruits-io-sano\\\/?lang=fr\",\"url\":\"https:\\\/\\\/www.iobevo.com\\\/online\\\/produits\\\/fruits-io-sano\\\/?lang=fr\",\"name\":\"Fruits io sano\u00ae - io bevo\u00ae\",\"isPartOf\":{\"@id\":\"https:\\\/\\\/www.iobevo.com\\\/online\\\/#website\"},\"primaryImageOfPage\":{\"@id\":\"https:\\\/\\\/www.iobevo.com\\\/online\\\/produits\\\/fruits-io-sano\\\/?lang=fr#primaryimage\"},\"image\":{\"@id\":\"https:\\\/\\\/www.iobevo.com\\\/online\\\/produits\\\/fruits-io-sano\\\/?lang=fr#primaryimage\"},\"thumbnailUrl\":\"https:\\\/\\\/www.iobevo.com\\\/online\\\/wp-content\\\/uploads\\\/2014\\\/01\\\/slide-2-bg-e1400667726929.png\",\"datePublished\":\"2014-07-07T16:29:31+00:00\",\"dateModified\":\"2017-07-26T08:37:13+00:00\",\"breadcrumb\":{\"@id\":\"https:\\\/\\\/www.iobevo.com\\\/online\\\/produits\\\/fruits-io-sano\\\/?lang=fr#breadcrumb\"},\"inLanguage\":\"it-IT\",\"potentialAction\":[{\"@type\":\"ReadAction\",\"target\":[\"https:\\\/\\\/www.iobevo.com\\\/online\\\/produits\\\/fruits-io-sano\\\/?lang=fr\"]}]},{\"@type\":\"ImageObject\",\"inLanguage\":\"it-IT\",\"@id\":\"https:\\\/\\\/www.iobevo.com\\\/online\\\/produits\\\/fruits-io-sano\\\/?lang=fr#primaryimage\",\"url\":\"https:\\\/\\\/www.iobevo.com\\\/online\\\/wp-content\\\/uploads\\\/2014\\\/01\\\/slide-2-bg-e1400667726929.png\",\"contentUrl\":\"https:\\\/\\\/www.iobevo.com\\\/online\\\/wp-content\\\/uploads\\\/2014\\\/01\\\/slide-2-bg-e1400667726929.png\",\"width\":1512,\"height\":400},{\"@type\":\"BreadcrumbList\",\"@id\":\"https:\\\/\\\/www.iobevo.com\\\/online\\\/produits\\\/fruits-io-sano\\\/?lang=fr#breadcrumb\",\"itemListElement\":[{\"@type\":\"ListItem\",\"position\":1,\"name\":\"Produits\",\"item\":\"https:\\\/\\\/www.iobevo.com\\\/online\\\/produits\\\/?lang=fr\"},{\"@type\":\"ListItem\",\"position\":2,\"name\":\"Fruits io sano\u00ae\"}]},{\"@type\":\"WebSite\",\"@id\":\"https:\\\/\\\/www.iobevo.com\\\/online\\\/#website\",\"url\":\"https:\\\/\\\/www.iobevo.com\\\/online\\\/\",\"name\":\"io bevo\u00ae\",\"description\":\"Drink Plastic free\",\"publisher\":{\"@id\":\"https:\\\/\\\/www.iobevo.com\\\/online\\\/#organization\"},\"potentialAction\":[{\"@type\":\"SearchAction\",\"target\":{\"@type\":\"EntryPoint\",\"urlTemplate\":\"https:\\\/\\\/www.iobevo.com\\\/online\\\/?s={search_term_string}\"},\"query-input\":{\"@type\":\"PropertyValueSpecification\",\"valueRequired\":true,\"valueName\":\"search_term_string\"}}],\"inLanguage\":\"it-IT\"},{\"@type\":\"Organization\",\"@id\":\"https:\\\/\\\/www.iobevo.com\\\/online\\\/#organization\",\"name\":\"General Beverage\",\"url\":\"https:\\\/\\\/www.iobevo.com\\\/online\\\/\",\"logo\":{\"@type\":\"ImageObject\",\"inLanguage\":\"it-IT\",\"@id\":\"https:\\\/\\\/www.iobevo.com\\\/online\\\/#\\\/schema\\\/logo\\\/image\\\/\",\"url\":\"https:\\\/\\\/www.iobevo.com\\\/online\\\/wp-content\\\/uploads\\\/2014\\\/01\\\/logo_gb_horizontal_grey_160x47.png\",\"contentUrl\":\"https:\\\/\\\/www.iobevo.com\\\/online\\\/wp-content\\\/uploads\\\/2014\\\/01\\\/logo_gb_horizontal_grey_160x47.png\",\"width\":160,\"height\":47,\"caption\":\"General Beverage\"},\"image\":{\"@id\":\"https:\\\/\\\/www.iobevo.com\\\/online\\\/#\\\/schema\\\/logo\\\/image\\\/\"},\"sameAs\":[\"https:\\\/\\\/x.com\\\/IoBevo\"]}]}<\/script>\n<!-- \/ Yoast SEO plugin. -->","yoast_head_json":{"title":"Fruits io sano\u00ae - io bevo\u00ae","robots":{"index":"index","follow":"follow","max-snippet":"max-snippet:-1","max-image-preview":"max-image-preview:large","max-video-preview":"max-video-preview:-1"},"canonical":"https:\/\/www.iobevo.com\/online\/produits\/fruits-io-sano\/?lang=fr","og_locale":"it_IT","og_type":"article","og_title":"Fruits io sano\u00ae - io bevo\u00ae","og_description":"Mousses de fruits Nos mousses, pr\u00e9par\u00e9es avec des ingr\u00e9dients de qualit\u00e9 et dans une gamme tr\u00e8s large, peuvent \u00eatre utilis\u00e9es dans diff\u00e9rents domaines: \u00a0m\u00e9dical, voir le service io sano\u00ae \u00a0commercial, comme une alternative aux desserts traditionnels \u00a0restauration collective.","og_url":"https:\/\/www.iobevo.com\/online\/produits\/fruits-io-sano\/?lang=fr","og_site_name":"io bevo\u00ae","article_modified_time":"2017-07-26T08:37:13+00:00","og_image":[{"width":1512,"height":400,"url":"https:\/\/www.iobevo.com\/online\/wp-content\/uploads\/2014\/01\/slide-2-bg-e1400667726929.png","type":"image\/png"}],"twitter_card":"summary_large_image","twitter_site":"@IoBevo","schema":{"@context":"https:\/\/schema.org","@graph":[{"@type":"WebPage","@id":"https:\/\/www.iobevo.com\/online\/produits\/fruits-io-sano\/?lang=fr","url":"https:\/\/www.iobevo.com\/online\/produits\/fruits-io-sano\/?lang=fr","name":"Fruits io sano\u00ae - io bevo\u00ae","isPartOf":{"@id":"https:\/\/www.iobevo.com\/online\/#website"},"primaryImageOfPage":{"@id":"https:\/\/www.iobevo.com\/online\/produits\/fruits-io-sano\/?lang=fr#primaryimage"},"image":{"@id":"https:\/\/www.iobevo.com\/online\/produits\/fruits-io-sano\/?lang=fr#primaryimage"},"thumbnailUrl":"https:\/\/www.iobevo.com\/online\/wp-content\/uploads\/2014\/01\/slide-2-bg-e1400667726929.png","datePublished":"2014-07-07T16:29:31+00:00","dateModified":"2017-07-26T08:37:13+00:00","breadcrumb":{"@id":"https:\/\/www.iobevo.com\/online\/produits\/fruits-io-sano\/?lang=fr#breadcrumb"},"inLanguage":"it-IT","potentialAction":[{"@type":"ReadAction","target":["https:\/\/www.iobevo.com\/online\/produits\/fruits-io-sano\/?lang=fr"]}]},{"@type":"ImageObject","inLanguage":"it-IT","@id":"https:\/\/www.iobevo.com\/online\/produits\/fruits-io-sano\/?lang=fr#primaryimage","url":"https:\/\/www.iobevo.com\/online\/wp-content\/uploads\/2014\/01\/slide-2-bg-e1400667726929.png","contentUrl":"https:\/\/www.iobevo.com\/online\/wp-content\/uploads\/2014\/01\/slide-2-bg-e1400667726929.png","width":1512,"height":400},{"@type":"BreadcrumbList","@id":"https:\/\/www.iobevo.com\/online\/produits\/fruits-io-sano\/?lang=fr#breadcrumb","itemListElement":[{"@type":"ListItem","position":1,"name":"Produits","item":"https:\/\/www.iobevo.com\/online\/produits\/?lang=fr"},{"@type":"ListItem","position":2,"name":"Fruits io sano\u00ae"}]},{"@type":"WebSite","@id":"https:\/\/www.iobevo.com\/online\/#website","url":"https:\/\/www.iobevo.com\/online\/","name":"io bevo\u00ae","description":"Drink Plastic free","publisher":{"@id":"https:\/\/www.iobevo.com\/online\/#organization"},"potentialAction":[{"@type":"SearchAction","target":{"@type":"EntryPoint","urlTemplate":"https:\/\/www.iobevo.com\/online\/?s={search_term_string}"},"query-input":{"@type":"PropertyValueSpecification","valueRequired":true,"valueName":"search_term_string"}}],"inLanguage":"it-IT"},{"@type":"Organization","@id":"https:\/\/www.iobevo.com\/online\/#organization","name":"General Beverage","url":"https:\/\/www.iobevo.com\/online\/","logo":{"@type":"ImageObject","inLanguage":"it-IT","@id":"https:\/\/www.iobevo.com\/online\/#\/schema\/logo\/image\/","url":"https:\/\/www.iobevo.com\/online\/wp-content\/uploads\/2014\/01\/logo_gb_horizontal_grey_160x47.png","contentUrl":"https:\/\/www.iobevo.com\/online\/wp-content\/uploads\/2014\/01\/logo_gb_horizontal_grey_160x47.png","width":160,"height":47,"caption":"General Beverage"},"image":{"@id":"https:\/\/www.iobevo.com\/online\/#\/schema\/logo\/image\/"},"sameAs":["https:\/\/x.com\/IoBevo"]}]}},"_links":{"self":[{"href":"https:\/\/www.iobevo.com\/online\/wp-json\/wp\/v2\/pages\/6189","targetHints":{"allow":["GET"]}}],"collection":[{"href":"https:\/\/www.iobevo.com\/online\/wp-json\/wp\/v2\/pages"}],"about":[{"href":"https:\/\/www.iobevo.com\/online\/wp-json\/wp\/v2\/types\/page"}],"author":[{"embeddable":true,"href":"https:\/\/www.iobevo.com\/online\/wp-json\/wp\/v2\/users\/58"}],"replies":[{"embeddable":true,"href":"https:\/\/www.iobevo.com\/online\/wp-json\/wp\/v2\/comments?post=6189"}],"version-history":[{"count":0,"href":"https:\/\/www.iobevo.com\/online\/wp-json\/wp\/v2\/pages\/6189\/revisions"}],"up":[{"embeddable":true,"href":"https:\/\/www.iobevo.com\/online\/wp-json\/wp\/v2\/pages\/6183"}],"wp:featuredmedia":[{"embeddable":true,"href":"https:\/\/www.iobevo.com\/online\/wp-json\/wp\/v2\/media\/2831"}],"wp:attachment":[{"href":"https:\/\/www.iobevo.com\/online\/wp-json\/wp\/v2\/media?parent=6189"}],"curies":[{"name":"wp","href":"https:\/\/api.w.org\/{rel}","templated":true}]}}