{"id":6193,"date":"2014-07-07T16:34:17","date_gmt":"2014-07-07T16:34:17","guid":{"rendered":"http:\/\/www.iobevo.com\/online\/?page_id=6193"},"modified":"2017-07-25T09:55:19","modified_gmt":"2017-07-25T07:55:19","slug":"concentres-pour-boissons-bevo","status":"publish","type":"page","link":"https:\/\/www.iobevo.com\/online\/produits\/concentres-pour-boissons-bevo\/?lang=fr","title":{"rendered":"Concentr\u00e9s pour boissons Io bevo\u00ae"},"content":{"rendered":"<p>Les concentr\u00e9s pour boissons gazeuses et naturelles <span class=\"mark1\">io<\/span> <span class=\"mark2\">bevo<\/span><span class=\"mark3\">\u00ae<\/span> sont produits \u00e0 partir de mati\u00e8res premi\u00e8res de qualit\u00e9.<\/p>\n<p>La dilution du concentr\u00e9 avec de l&#8217;eau trait\u00e9e s&#8217;effectue selon diff\u00e9rents modalit\u00e9s de dosage et en fonction de la typologie du produit.<\/p>\n<p>Nous pouvons, \u00e0 la demande, d\u2019une part produire des concentr\u00e9s de nouveaux types de boissons et d\u2019autre part personnaliser marques et communication de ceux inclus dans la gamme actuelle.<\/p>\n<p>Ces concentr\u00e9s sont confectionn\u00e9s en bag de 5.10 et 20 litres.<\/p>\n<p style=\"text-align: center;\"><span class=\"responsive\"><img fetchpriority=\"high\" decoding=\"async\" class=\"aligncenter border_radius\" src=\"http:\/\/iobevo.com\/online\/wp-content\/uploads\/2014\/04\/concentrati-per-bevande-io-.jpg\" alt=\"concentrati-per-bevande-io-bevo\" width=\"420\" height=\"463\" \/><\/span><\/p>\n\n<table id=\"tablepress-62\" class=\"tablepress tablepress-id-62\">\n<thead>\n<tr class=\"row-1\">\n\t<th class=\"column-1\">CONCENTRE\u0301S POUR BOISSONS IO BEVO\u00ae<\/th>\n<\/tr>\n<\/thead>\n<tbody class=\"row-striping row-hover\">\n<tr class=\"row-2\">\n\t<td class=\"column-1\"><\/td>\n<\/tr>\n<tr class=\"row-3\">\n\t<td class=\"column-1\">Orangeade <\/td>\n<\/tr>\n<tr class=\"row-4\">\n\t<td class=\"column-1\">Orangeade light <\/td>\n<\/tr>\n<tr class=\"row-5\">\n\t<td class=\"column-1\">Orangeade d\u2019oranges sanguines<\/td>\n<\/tr>\n<tr class=\"row-6\">\n\t<td class=\"column-1\">Orangeade d\u2019oranges sanguines  light<\/td>\n<\/tr>\n<tr class=\"row-7\">\n\t<td class=\"column-1\">Cola light<\/td>\n<\/tr>\n<tr class=\"row-8\">\n\t<td class=\"column-1\">Cola &amp; Cola (avec fructose)<\/td>\n<\/tr>\n<tr class=\"row-9\">\n\t<td class=\"column-1\">Cola 0<\/td>\n<\/tr>\n<tr class=\"row-10\">\n\t<td class=\"column-1\">Cola &amp; Cola villages<\/td>\n<\/tr>\n<tr class=\"row-11\">\n\t<td class=\"column-1\">Cola &amp; Cola <\/td>\n<\/tr>\n<tr class=\"row-12\">\n\t<td class=\"column-1\">Th\u00e9 au citron<\/td>\n<\/tr>\n<tr class=\"row-13\">\n\t<td class=\"column-1\">Th\u00e9 \u00e0 la p\u00eache <\/td>\n<\/tr>\n<tr class=\"row-14\">\n\t<td class=\"column-1\">Th\u00e9 au citron light<\/td>\n<\/tr>\n<tr class=\"row-15\">\n\t<td class=\"column-1\">Th\u00e9 \u00e0 la p\u00eache light <\/td>\n<\/tr>\n<tr class=\"row-16\">\n\t<td class=\"column-1\">Eau gazeuse<\/td>\n<\/tr>\n<tr class=\"row-17\">\n\t<td class=\"column-1\">Eau gazeuse light<\/td>\n<\/tr>\n<tr class=\"row-18\">\n\t<td class=\"column-1\">Mousse blonde<\/td>\n<\/tr>\n<tr class=\"row-19\">\n\t<td class=\"column-1\">Limonade<\/td>\n<\/tr>\n<tr class=\"row-20\">\n\t<td class=\"column-1\">Eau tonique<\/td>\n<\/tr>\n<tr class=\"row-21\">\n\t<td class=\"column-1\">Eau tonique light <\/td>\n<\/tr>\n<tr class=\"row-22\">\n\t<td class=\"column-1\">Water Lime<\/td>\n<\/tr>\n<tr class=\"row-23\">\n\t<td class=\"column-1\">Bitter rouge<\/td>\n<\/tr>\n<tr class=\"row-24\">\n\t<td class=\"column-1\">Boisson-bi\u00e8re \u00e0 0 degr\u00e9<\/td>\n<\/tr>\n<tr class=\"row-25\">\n\t<td class=\"column-1\">Eau de c\u00e9drat<\/td>\n<\/tr>\n<tr class=\"row-26\">\n\t<td class=\"column-1\">Chinotto<\/td>\n<\/tr>\n<\/tbody>\n<\/table>\n\n","protected":false},"excerpt":{"rendered":"<p>Les concentr\u00e9s pour boissons gazeuses et naturelles io bevo\u00ae sont produits \u00e0 partir de mati\u00e8res premi\u00e8res de qualit\u00e9. La dilution du concentr\u00e9 avec de l&#8217;eau trait\u00e9e s&#8217;effectue selon diff\u00e9rents modalit\u00e9s de dosage et en fonction de la typologie du produit. Nous pouvons, \u00e0 la demande, d\u2019une part produire des concentr\u00e9s [&hellip;]<\/p>\n","protected":false},"author":58,"featured_media":2831,"parent":6183,"menu_order":4,"comment_status":"open","ping_status":"closed","template":"","meta":{"footnotes":""},"class_list":["post-6193","page","type-page","status-publish","has-post-thumbnail","hentry"],"yoast_head":"<!-- This site is optimized with the Yoast SEO plugin v27.4 - https:\/\/yoast.com\/product\/yoast-seo-wordpress\/ -->\n<title>Concentr\u00e9s pour boissons Io bevo\u00ae - io bevo\u00ae<\/title>\n<meta name=\"robots\" content=\"index, follow, max-snippet:-1, max-image-preview:large, max-video-preview:-1\" \/>\n<link rel=\"canonical\" href=\"https:\/\/www.iobevo.com\/online\/produits\/concentres-pour-boissons-bevo\/?lang=fr\" \/>\n<meta property=\"og:locale\" content=\"it_IT\" \/>\n<meta property=\"og:type\" content=\"article\" \/>\n<meta property=\"og:title\" content=\"Concentr\u00e9s pour boissons Io bevo\u00ae - io bevo\u00ae\" \/>\n<meta property=\"og:description\" content=\"Les concentr\u00e9s pour boissons gazeuses et naturelles io bevo\u00ae sont produits \u00e0 partir de mati\u00e8res premi\u00e8res de qualit\u00e9. La dilution du concentr\u00e9 avec de l&#8217;eau trait\u00e9e s&#8217;effectue selon diff\u00e9rents modalit\u00e9s de dosage et en fonction de la typologie du produit. Nous pouvons, \u00e0 la demande, d\u2019une part produire des concentr\u00e9s [&hellip;]\" \/>\n<meta property=\"og:url\" content=\"https:\/\/www.iobevo.com\/online\/produits\/concentres-pour-boissons-bevo\/?lang=fr\" \/>\n<meta property=\"og:site_name\" content=\"io bevo\u00ae\" \/>\n<meta property=\"article:modified_time\" content=\"2017-07-25T07:55:19+00:00\" \/>\n<meta property=\"og:image\" content=\"https:\/\/www.iobevo.com\/online\/wp-content\/uploads\/2014\/01\/slide-2-bg-e1400667726929.png\" \/>\n\t<meta property=\"og:image:width\" content=\"1512\" \/>\n\t<meta property=\"og:image:height\" content=\"400\" \/>\n\t<meta property=\"og:image:type\" content=\"image\/png\" \/>\n<meta name=\"twitter:card\" content=\"summary_large_image\" \/>\n<meta name=\"twitter:site\" content=\"@IoBevo\" \/>\n<script type=\"application\/ld+json\" class=\"yoast-schema-graph\">{\"@context\":\"https:\\\/\\\/schema.org\",\"@graph\":[{\"@type\":\"WebPage\",\"@id\":\"https:\\\/\\\/www.iobevo.com\\\/online\\\/produits\\\/concentres-pour-boissons-bevo\\\/?lang=fr\",\"url\":\"https:\\\/\\\/www.iobevo.com\\\/online\\\/produits\\\/concentres-pour-boissons-bevo\\\/?lang=fr\",\"name\":\"Concentr\u00e9s pour boissons Io bevo\u00ae - io bevo\u00ae\",\"isPartOf\":{\"@id\":\"https:\\\/\\\/www.iobevo.com\\\/online\\\/#website\"},\"primaryImageOfPage\":{\"@id\":\"https:\\\/\\\/www.iobevo.com\\\/online\\\/produits\\\/concentres-pour-boissons-bevo\\\/?lang=fr#primaryimage\"},\"image\":{\"@id\":\"https:\\\/\\\/www.iobevo.com\\\/online\\\/produits\\\/concentres-pour-boissons-bevo\\\/?lang=fr#primaryimage\"},\"thumbnailUrl\":\"https:\\\/\\\/www.iobevo.com\\\/online\\\/wp-content\\\/uploads\\\/2014\\\/01\\\/slide-2-bg-e1400667726929.png\",\"datePublished\":\"2014-07-07T16:34:17+00:00\",\"dateModified\":\"2017-07-25T07:55:19+00:00\",\"breadcrumb\":{\"@id\":\"https:\\\/\\\/www.iobevo.com\\\/online\\\/produits\\\/concentres-pour-boissons-bevo\\\/?lang=fr#breadcrumb\"},\"inLanguage\":\"it-IT\",\"potentialAction\":[{\"@type\":\"ReadAction\",\"target\":[\"https:\\\/\\\/www.iobevo.com\\\/online\\\/produits\\\/concentres-pour-boissons-bevo\\\/?lang=fr\"]}]},{\"@type\":\"ImageObject\",\"inLanguage\":\"it-IT\",\"@id\":\"https:\\\/\\\/www.iobevo.com\\\/online\\\/produits\\\/concentres-pour-boissons-bevo\\\/?lang=fr#primaryimage\",\"url\":\"https:\\\/\\\/www.iobevo.com\\\/online\\\/wp-content\\\/uploads\\\/2014\\\/01\\\/slide-2-bg-e1400667726929.png\",\"contentUrl\":\"https:\\\/\\\/www.iobevo.com\\\/online\\\/wp-content\\\/uploads\\\/2014\\\/01\\\/slide-2-bg-e1400667726929.png\",\"width\":1512,\"height\":400},{\"@type\":\"BreadcrumbList\",\"@id\":\"https:\\\/\\\/www.iobevo.com\\\/online\\\/produits\\\/concentres-pour-boissons-bevo\\\/?lang=fr#breadcrumb\",\"itemListElement\":[{\"@type\":\"ListItem\",\"position\":1,\"name\":\"Produits\",\"item\":\"https:\\\/\\\/www.iobevo.com\\\/online\\\/produits\\\/?lang=fr\"},{\"@type\":\"ListItem\",\"position\":2,\"name\":\"Concentr\u00e9s pour boissons Io bevo\u00ae\"}]},{\"@type\":\"WebSite\",\"@id\":\"https:\\\/\\\/www.iobevo.com\\\/online\\\/#website\",\"url\":\"https:\\\/\\\/www.iobevo.com\\\/online\\\/\",\"name\":\"io bevo\u00ae\",\"description\":\"Drink Plastic free\",\"publisher\":{\"@id\":\"https:\\\/\\\/www.iobevo.com\\\/online\\\/#organization\"},\"potentialAction\":[{\"@type\":\"SearchAction\",\"target\":{\"@type\":\"EntryPoint\",\"urlTemplate\":\"https:\\\/\\\/www.iobevo.com\\\/online\\\/?s={search_term_string}\"},\"query-input\":{\"@type\":\"PropertyValueSpecification\",\"valueRequired\":true,\"valueName\":\"search_term_string\"}}],\"inLanguage\":\"it-IT\"},{\"@type\":\"Organization\",\"@id\":\"https:\\\/\\\/www.iobevo.com\\\/online\\\/#organization\",\"name\":\"General Beverage\",\"url\":\"https:\\\/\\\/www.iobevo.com\\\/online\\\/\",\"logo\":{\"@type\":\"ImageObject\",\"inLanguage\":\"it-IT\",\"@id\":\"https:\\\/\\\/www.iobevo.com\\\/online\\\/#\\\/schema\\\/logo\\\/image\\\/\",\"url\":\"https:\\\/\\\/www.iobevo.com\\\/online\\\/wp-content\\\/uploads\\\/2014\\\/01\\\/logo_gb_horizontal_grey_160x47.png\",\"contentUrl\":\"https:\\\/\\\/www.iobevo.com\\\/online\\\/wp-content\\\/uploads\\\/2014\\\/01\\\/logo_gb_horizontal_grey_160x47.png\",\"width\":160,\"height\":47,\"caption\":\"General Beverage\"},\"image\":{\"@id\":\"https:\\\/\\\/www.iobevo.com\\\/online\\\/#\\\/schema\\\/logo\\\/image\\\/\"},\"sameAs\":[\"https:\\\/\\\/x.com\\\/IoBevo\"]}]}<\/script>\n<!-- \/ Yoast SEO plugin. -->","yoast_head_json":{"title":"Concentr\u00e9s pour boissons Io bevo\u00ae - io bevo\u00ae","robots":{"index":"index","follow":"follow","max-snippet":"max-snippet:-1","max-image-preview":"max-image-preview:large","max-video-preview":"max-video-preview:-1"},"canonical":"https:\/\/www.iobevo.com\/online\/produits\/concentres-pour-boissons-bevo\/?lang=fr","og_locale":"it_IT","og_type":"article","og_title":"Concentr\u00e9s pour boissons Io bevo\u00ae - io bevo\u00ae","og_description":"Les concentr\u00e9s pour boissons gazeuses et naturelles io bevo\u00ae sont produits \u00e0 partir de mati\u00e8res premi\u00e8res de qualit\u00e9. La dilution du concentr\u00e9 avec de l&#8217;eau trait\u00e9e s&#8217;effectue selon diff\u00e9rents modalit\u00e9s de dosage et en fonction de la typologie du produit. Nous pouvons, \u00e0 la demande, d\u2019une part produire des concentr\u00e9s [&hellip;]","og_url":"https:\/\/www.iobevo.com\/online\/produits\/concentres-pour-boissons-bevo\/?lang=fr","og_site_name":"io bevo\u00ae","article_modified_time":"2017-07-25T07:55:19+00:00","og_image":[{"width":1512,"height":400,"url":"https:\/\/www.iobevo.com\/online\/wp-content\/uploads\/2014\/01\/slide-2-bg-e1400667726929.png","type":"image\/png"}],"twitter_card":"summary_large_image","twitter_site":"@IoBevo","schema":{"@context":"https:\/\/schema.org","@graph":[{"@type":"WebPage","@id":"https:\/\/www.iobevo.com\/online\/produits\/concentres-pour-boissons-bevo\/?lang=fr","url":"https:\/\/www.iobevo.com\/online\/produits\/concentres-pour-boissons-bevo\/?lang=fr","name":"Concentr\u00e9s pour boissons Io bevo\u00ae - io bevo\u00ae","isPartOf":{"@id":"https:\/\/www.iobevo.com\/online\/#website"},"primaryImageOfPage":{"@id":"https:\/\/www.iobevo.com\/online\/produits\/concentres-pour-boissons-bevo\/?lang=fr#primaryimage"},"image":{"@id":"https:\/\/www.iobevo.com\/online\/produits\/concentres-pour-boissons-bevo\/?lang=fr#primaryimage"},"thumbnailUrl":"https:\/\/www.iobevo.com\/online\/wp-content\/uploads\/2014\/01\/slide-2-bg-e1400667726929.png","datePublished":"2014-07-07T16:34:17+00:00","dateModified":"2017-07-25T07:55:19+00:00","breadcrumb":{"@id":"https:\/\/www.iobevo.com\/online\/produits\/concentres-pour-boissons-bevo\/?lang=fr#breadcrumb"},"inLanguage":"it-IT","potentialAction":[{"@type":"ReadAction","target":["https:\/\/www.iobevo.com\/online\/produits\/concentres-pour-boissons-bevo\/?lang=fr"]}]},{"@type":"ImageObject","inLanguage":"it-IT","@id":"https:\/\/www.iobevo.com\/online\/produits\/concentres-pour-boissons-bevo\/?lang=fr#primaryimage","url":"https:\/\/www.iobevo.com\/online\/wp-content\/uploads\/2014\/01\/slide-2-bg-e1400667726929.png","contentUrl":"https:\/\/www.iobevo.com\/online\/wp-content\/uploads\/2014\/01\/slide-2-bg-e1400667726929.png","width":1512,"height":400},{"@type":"BreadcrumbList","@id":"https:\/\/www.iobevo.com\/online\/produits\/concentres-pour-boissons-bevo\/?lang=fr#breadcrumb","itemListElement":[{"@type":"ListItem","position":1,"name":"Produits","item":"https:\/\/www.iobevo.com\/online\/produits\/?lang=fr"},{"@type":"ListItem","position":2,"name":"Concentr\u00e9s pour boissons Io bevo\u00ae"}]},{"@type":"WebSite","@id":"https:\/\/www.iobevo.com\/online\/#website","url":"https:\/\/www.iobevo.com\/online\/","name":"io bevo\u00ae","description":"Drink Plastic free","publisher":{"@id":"https:\/\/www.iobevo.com\/online\/#organization"},"potentialAction":[{"@type":"SearchAction","target":{"@type":"EntryPoint","urlTemplate":"https:\/\/www.iobevo.com\/online\/?s={search_term_string}"},"query-input":{"@type":"PropertyValueSpecification","valueRequired":true,"valueName":"search_term_string"}}],"inLanguage":"it-IT"},{"@type":"Organization","@id":"https:\/\/www.iobevo.com\/online\/#organization","name":"General Beverage","url":"https:\/\/www.iobevo.com\/online\/","logo":{"@type":"ImageObject","inLanguage":"it-IT","@id":"https:\/\/www.iobevo.com\/online\/#\/schema\/logo\/image\/","url":"https:\/\/www.iobevo.com\/online\/wp-content\/uploads\/2014\/01\/logo_gb_horizontal_grey_160x47.png","contentUrl":"https:\/\/www.iobevo.com\/online\/wp-content\/uploads\/2014\/01\/logo_gb_horizontal_grey_160x47.png","width":160,"height":47,"caption":"General Beverage"},"image":{"@id":"https:\/\/www.iobevo.com\/online\/#\/schema\/logo\/image\/"},"sameAs":["https:\/\/x.com\/IoBevo"]}]}},"_links":{"self":[{"href":"https:\/\/www.iobevo.com\/online\/wp-json\/wp\/v2\/pages\/6193","targetHints":{"allow":["GET"]}}],"collection":[{"href":"https:\/\/www.iobevo.com\/online\/wp-json\/wp\/v2\/pages"}],"about":[{"href":"https:\/\/www.iobevo.com\/online\/wp-json\/wp\/v2\/types\/page"}],"author":[{"embeddable":true,"href":"https:\/\/www.iobevo.com\/online\/wp-json\/wp\/v2\/users\/58"}],"replies":[{"embeddable":true,"href":"https:\/\/www.iobevo.com\/online\/wp-json\/wp\/v2\/comments?post=6193"}],"version-history":[{"count":0,"href":"https:\/\/www.iobevo.com\/online\/wp-json\/wp\/v2\/pages\/6193\/revisions"}],"up":[{"embeddable":true,"href":"https:\/\/www.iobevo.com\/online\/wp-json\/wp\/v2\/pages\/6183"}],"wp:featuredmedia":[{"embeddable":true,"href":"https:\/\/www.iobevo.com\/online\/wp-json\/wp\/v2\/media\/2831"}],"wp:attachment":[{"href":"https:\/\/www.iobevo.com\/online\/wp-json\/wp\/v2\/media?parent=6193"}],"curies":[{"name":"wp","href":"https:\/\/api.w.org\/{rel}","templated":true}]}}