{"id":6204,"date":"2014-07-07T16:47:32","date_gmt":"2014-07-07T16:47:32","guid":{"rendered":"http:\/\/www.iobevo.com\/online\/?page_id=6204"},"modified":"2017-07-25T18:54:17","modified_gmt":"2017-07-25T16:54:17","slug":"solubles-pour-boissons-froides","status":"publish","type":"page","link":"https:\/\/www.iobevo.com\/online\/produits\/solubles-pour-boissons-froides\/?lang=fr","title":{"rendered":"Solubles pour boissons froides"},"content":{"rendered":"<p>Les solubles pour boissons froides sont utilis\u00e9s dans divers domaines, soit par des distributeurs, soit par m\u00e9lange manuel.<\/p>\n<p>Ils peuvent \u00eatre utilis\u00e9s en particulier dans le secteur m\u00e9dical gr\u00e2ce \u00e0 des distributeurs de boissons chaudes \/ froides <em>Tout en un<\/em>, ou \u00e0 travers des distributeurs sp\u00e9cifiques.<\/p>\n<p><span class=\"responsive\"><img fetchpriority=\"high\" decoding=\"async\" class=\"aligncenter wp-image-3215\" src=\"http:\/\/iobevo.com\/online\/wp-content\/uploads\/2014\/04\/preparati-per-bevande-fredd.jpg\" alt=\"preparati-per-bevande-fredde\" width=\"450\" height=\"447\" srcset=\"https:\/\/www.iobevo.com\/online\/wp-content\/uploads\/2014\/04\/preparati-per-bevande-fredd.jpg 700w, https:\/\/www.iobevo.com\/online\/wp-content\/uploads\/2014\/04\/preparati-per-bevande-fredd-150x150.jpg 150w, https:\/\/www.iobevo.com\/online\/wp-content\/uploads\/2014\/04\/preparati-per-bevande-fredd-300x298.jpg 300w, https:\/\/www.iobevo.com\/online\/wp-content\/uploads\/2014\/04\/preparati-per-bevande-fredd-60x60.jpg 60w\" sizes=\"(max-width: 450px) 100vw, 450px\" \/><\/span><\/p>\n\n<table id=\"tablepress-75\" class=\"tablepress tablepress-id-75\">\n<thead>\n<tr class=\"row-1\">\n\t<th class=\"column-1\">SOLUBLES POUR  BOISSONS FROIDES <\/th><th class=\"column-2\">Poids du sachet en gr.<\/th>\n<\/tr>\n<\/thead>\n<tbody class=\"row-striping row-hover\">\n<tr class=\"row-2\">\n\t<td class=\"column-1\"><\/td><td class=\"column-2\"><\/td>\n<\/tr>\n<tr class=\"row-3\">\n\t<td class=\"column-1\">Boisson Orange soluble <\/td><td class=\"column-2\">2000<\/td>\n<\/tr>\n<tr class=\"row-4\">\n\t<td class=\"column-1\">Boisson Menthe soluble<\/td><td class=\"column-2\">2000<\/td>\n<\/tr>\n<tr class=\"row-5\">\n\t<td class=\"column-1\">Orange sanguine soluble<\/td><td class=\"column-2\"> 500<\/td>\n<\/tr>\n<\/tbody>\n<\/table>\n\n","protected":false},"excerpt":{"rendered":"<p>Les solubles pour boissons froides sont utilis\u00e9s dans divers domaines, soit par des distributeurs, soit par m\u00e9lange manuel. Ils peuvent \u00eatre utilis\u00e9s en particulier dans le secteur m\u00e9dical gr\u00e2ce \u00e0 des distributeurs de boissons chaudes \/ froides Tout en un, ou \u00e0 travers des distributeurs sp\u00e9cifiques.<\/p>\n","protected":false},"author":58,"featured_media":2831,"parent":6183,"menu_order":7,"comment_status":"open","ping_status":"closed","template":"","meta":{"footnotes":""},"class_list":["post-6204","page","type-page","status-publish","has-post-thumbnail","hentry"],"yoast_head":"<!-- This site is optimized with the Yoast SEO plugin v27.4 - https:\/\/yoast.com\/product\/yoast-seo-wordpress\/ -->\n<title>Solubles pour boissons froides - io bevo\u00ae<\/title>\n<meta name=\"robots\" content=\"index, follow, max-snippet:-1, max-image-preview:large, max-video-preview:-1\" \/>\n<link rel=\"canonical\" href=\"https:\/\/www.iobevo.com\/online\/produits\/solubles-pour-boissons-froides\/?lang=fr\" \/>\n<meta property=\"og:locale\" content=\"it_IT\" \/>\n<meta property=\"og:type\" content=\"article\" \/>\n<meta property=\"og:title\" content=\"Solubles pour boissons froides - io bevo\u00ae\" \/>\n<meta property=\"og:description\" content=\"Les solubles pour boissons froides sont utilis\u00e9s dans divers domaines, soit par des distributeurs, soit par m\u00e9lange manuel. Ils peuvent \u00eatre utilis\u00e9s en particulier dans le secteur m\u00e9dical gr\u00e2ce \u00e0 des distributeurs de boissons chaudes \/ froides Tout en un, ou \u00e0 travers des distributeurs sp\u00e9cifiques.\" \/>\n<meta property=\"og:url\" content=\"https:\/\/www.iobevo.com\/online\/produits\/solubles-pour-boissons-froides\/?lang=fr\" \/>\n<meta property=\"og:site_name\" content=\"io bevo\u00ae\" \/>\n<meta property=\"article:modified_time\" content=\"2017-07-25T16:54:17+00:00\" \/>\n<meta property=\"og:image\" content=\"https:\/\/www.iobevo.com\/online\/wp-content\/uploads\/2014\/01\/slide-2-bg-e1400667726929.png\" \/>\n\t<meta property=\"og:image:width\" content=\"1512\" \/>\n\t<meta property=\"og:image:height\" content=\"400\" \/>\n\t<meta property=\"og:image:type\" content=\"image\/png\" \/>\n<meta name=\"twitter:card\" content=\"summary_large_image\" \/>\n<meta name=\"twitter:site\" content=\"@IoBevo\" \/>\n<script type=\"application\/ld+json\" class=\"yoast-schema-graph\">{\"@context\":\"https:\\\/\\\/schema.org\",\"@graph\":[{\"@type\":\"WebPage\",\"@id\":\"https:\\\/\\\/www.iobevo.com\\\/online\\\/produits\\\/solubles-pour-boissons-froides\\\/?lang=fr\",\"url\":\"https:\\\/\\\/www.iobevo.com\\\/online\\\/produits\\\/solubles-pour-boissons-froides\\\/?lang=fr\",\"name\":\"Solubles pour boissons froides - io bevo\u00ae\",\"isPartOf\":{\"@id\":\"https:\\\/\\\/www.iobevo.com\\\/online\\\/#website\"},\"primaryImageOfPage\":{\"@id\":\"https:\\\/\\\/www.iobevo.com\\\/online\\\/produits\\\/solubles-pour-boissons-froides\\\/?lang=fr#primaryimage\"},\"image\":{\"@id\":\"https:\\\/\\\/www.iobevo.com\\\/online\\\/produits\\\/solubles-pour-boissons-froides\\\/?lang=fr#primaryimage\"},\"thumbnailUrl\":\"https:\\\/\\\/www.iobevo.com\\\/online\\\/wp-content\\\/uploads\\\/2014\\\/01\\\/slide-2-bg-e1400667726929.png\",\"datePublished\":\"2014-07-07T16:47:32+00:00\",\"dateModified\":\"2017-07-25T16:54:17+00:00\",\"breadcrumb\":{\"@id\":\"https:\\\/\\\/www.iobevo.com\\\/online\\\/produits\\\/solubles-pour-boissons-froides\\\/?lang=fr#breadcrumb\"},\"inLanguage\":\"it-IT\",\"potentialAction\":[{\"@type\":\"ReadAction\",\"target\":[\"https:\\\/\\\/www.iobevo.com\\\/online\\\/produits\\\/solubles-pour-boissons-froides\\\/?lang=fr\"]}]},{\"@type\":\"ImageObject\",\"inLanguage\":\"it-IT\",\"@id\":\"https:\\\/\\\/www.iobevo.com\\\/online\\\/produits\\\/solubles-pour-boissons-froides\\\/?lang=fr#primaryimage\",\"url\":\"https:\\\/\\\/www.iobevo.com\\\/online\\\/wp-content\\\/uploads\\\/2014\\\/01\\\/slide-2-bg-e1400667726929.png\",\"contentUrl\":\"https:\\\/\\\/www.iobevo.com\\\/online\\\/wp-content\\\/uploads\\\/2014\\\/01\\\/slide-2-bg-e1400667726929.png\",\"width\":1512,\"height\":400},{\"@type\":\"BreadcrumbList\",\"@id\":\"https:\\\/\\\/www.iobevo.com\\\/online\\\/produits\\\/solubles-pour-boissons-froides\\\/?lang=fr#breadcrumb\",\"itemListElement\":[{\"@type\":\"ListItem\",\"position\":1,\"name\":\"Produits\",\"item\":\"https:\\\/\\\/www.iobevo.com\\\/online\\\/produits\\\/?lang=fr\"},{\"@type\":\"ListItem\",\"position\":2,\"name\":\"Solubles pour boissons froides\"}]},{\"@type\":\"WebSite\",\"@id\":\"https:\\\/\\\/www.iobevo.com\\\/online\\\/#website\",\"url\":\"https:\\\/\\\/www.iobevo.com\\\/online\\\/\",\"name\":\"io bevo\u00ae\",\"description\":\"Drink Plastic free\",\"publisher\":{\"@id\":\"https:\\\/\\\/www.iobevo.com\\\/online\\\/#organization\"},\"potentialAction\":[{\"@type\":\"SearchAction\",\"target\":{\"@type\":\"EntryPoint\",\"urlTemplate\":\"https:\\\/\\\/www.iobevo.com\\\/online\\\/?s={search_term_string}\"},\"query-input\":{\"@type\":\"PropertyValueSpecification\",\"valueRequired\":true,\"valueName\":\"search_term_string\"}}],\"inLanguage\":\"it-IT\"},{\"@type\":\"Organization\",\"@id\":\"https:\\\/\\\/www.iobevo.com\\\/online\\\/#organization\",\"name\":\"General Beverage\",\"url\":\"https:\\\/\\\/www.iobevo.com\\\/online\\\/\",\"logo\":{\"@type\":\"ImageObject\",\"inLanguage\":\"it-IT\",\"@id\":\"https:\\\/\\\/www.iobevo.com\\\/online\\\/#\\\/schema\\\/logo\\\/image\\\/\",\"url\":\"https:\\\/\\\/www.iobevo.com\\\/online\\\/wp-content\\\/uploads\\\/2014\\\/01\\\/logo_gb_horizontal_grey_160x47.png\",\"contentUrl\":\"https:\\\/\\\/www.iobevo.com\\\/online\\\/wp-content\\\/uploads\\\/2014\\\/01\\\/logo_gb_horizontal_grey_160x47.png\",\"width\":160,\"height\":47,\"caption\":\"General Beverage\"},\"image\":{\"@id\":\"https:\\\/\\\/www.iobevo.com\\\/online\\\/#\\\/schema\\\/logo\\\/image\\\/\"},\"sameAs\":[\"https:\\\/\\\/x.com\\\/IoBevo\"]}]}<\/script>\n<!-- \/ Yoast SEO plugin. -->","yoast_head_json":{"title":"Solubles pour boissons froides - io bevo\u00ae","robots":{"index":"index","follow":"follow","max-snippet":"max-snippet:-1","max-image-preview":"max-image-preview:large","max-video-preview":"max-video-preview:-1"},"canonical":"https:\/\/www.iobevo.com\/online\/produits\/solubles-pour-boissons-froides\/?lang=fr","og_locale":"it_IT","og_type":"article","og_title":"Solubles pour boissons froides - io bevo\u00ae","og_description":"Les solubles pour boissons froides sont utilis\u00e9s dans divers domaines, soit par des distributeurs, soit par m\u00e9lange manuel. Ils peuvent \u00eatre utilis\u00e9s en particulier dans le secteur m\u00e9dical gr\u00e2ce \u00e0 des distributeurs de boissons chaudes \/ froides Tout en un, ou \u00e0 travers des distributeurs sp\u00e9cifiques.","og_url":"https:\/\/www.iobevo.com\/online\/produits\/solubles-pour-boissons-froides\/?lang=fr","og_site_name":"io bevo\u00ae","article_modified_time":"2017-07-25T16:54:17+00:00","og_image":[{"width":1512,"height":400,"url":"https:\/\/www.iobevo.com\/online\/wp-content\/uploads\/2014\/01\/slide-2-bg-e1400667726929.png","type":"image\/png"}],"twitter_card":"summary_large_image","twitter_site":"@IoBevo","schema":{"@context":"https:\/\/schema.org","@graph":[{"@type":"WebPage","@id":"https:\/\/www.iobevo.com\/online\/produits\/solubles-pour-boissons-froides\/?lang=fr","url":"https:\/\/www.iobevo.com\/online\/produits\/solubles-pour-boissons-froides\/?lang=fr","name":"Solubles pour boissons froides - io bevo\u00ae","isPartOf":{"@id":"https:\/\/www.iobevo.com\/online\/#website"},"primaryImageOfPage":{"@id":"https:\/\/www.iobevo.com\/online\/produits\/solubles-pour-boissons-froides\/?lang=fr#primaryimage"},"image":{"@id":"https:\/\/www.iobevo.com\/online\/produits\/solubles-pour-boissons-froides\/?lang=fr#primaryimage"},"thumbnailUrl":"https:\/\/www.iobevo.com\/online\/wp-content\/uploads\/2014\/01\/slide-2-bg-e1400667726929.png","datePublished":"2014-07-07T16:47:32+00:00","dateModified":"2017-07-25T16:54:17+00:00","breadcrumb":{"@id":"https:\/\/www.iobevo.com\/online\/produits\/solubles-pour-boissons-froides\/?lang=fr#breadcrumb"},"inLanguage":"it-IT","potentialAction":[{"@type":"ReadAction","target":["https:\/\/www.iobevo.com\/online\/produits\/solubles-pour-boissons-froides\/?lang=fr"]}]},{"@type":"ImageObject","inLanguage":"it-IT","@id":"https:\/\/www.iobevo.com\/online\/produits\/solubles-pour-boissons-froides\/?lang=fr#primaryimage","url":"https:\/\/www.iobevo.com\/online\/wp-content\/uploads\/2014\/01\/slide-2-bg-e1400667726929.png","contentUrl":"https:\/\/www.iobevo.com\/online\/wp-content\/uploads\/2014\/01\/slide-2-bg-e1400667726929.png","width":1512,"height":400},{"@type":"BreadcrumbList","@id":"https:\/\/www.iobevo.com\/online\/produits\/solubles-pour-boissons-froides\/?lang=fr#breadcrumb","itemListElement":[{"@type":"ListItem","position":1,"name":"Produits","item":"https:\/\/www.iobevo.com\/online\/produits\/?lang=fr"},{"@type":"ListItem","position":2,"name":"Solubles pour boissons froides"}]},{"@type":"WebSite","@id":"https:\/\/www.iobevo.com\/online\/#website","url":"https:\/\/www.iobevo.com\/online\/","name":"io bevo\u00ae","description":"Drink Plastic free","publisher":{"@id":"https:\/\/www.iobevo.com\/online\/#organization"},"potentialAction":[{"@type":"SearchAction","target":{"@type":"EntryPoint","urlTemplate":"https:\/\/www.iobevo.com\/online\/?s={search_term_string}"},"query-input":{"@type":"PropertyValueSpecification","valueRequired":true,"valueName":"search_term_string"}}],"inLanguage":"it-IT"},{"@type":"Organization","@id":"https:\/\/www.iobevo.com\/online\/#organization","name":"General Beverage","url":"https:\/\/www.iobevo.com\/online\/","logo":{"@type":"ImageObject","inLanguage":"it-IT","@id":"https:\/\/www.iobevo.com\/online\/#\/schema\/logo\/image\/","url":"https:\/\/www.iobevo.com\/online\/wp-content\/uploads\/2014\/01\/logo_gb_horizontal_grey_160x47.png","contentUrl":"https:\/\/www.iobevo.com\/online\/wp-content\/uploads\/2014\/01\/logo_gb_horizontal_grey_160x47.png","width":160,"height":47,"caption":"General Beverage"},"image":{"@id":"https:\/\/www.iobevo.com\/online\/#\/schema\/logo\/image\/"},"sameAs":["https:\/\/x.com\/IoBevo"]}]}},"_links":{"self":[{"href":"https:\/\/www.iobevo.com\/online\/wp-json\/wp\/v2\/pages\/6204","targetHints":{"allow":["GET"]}}],"collection":[{"href":"https:\/\/www.iobevo.com\/online\/wp-json\/wp\/v2\/pages"}],"about":[{"href":"https:\/\/www.iobevo.com\/online\/wp-json\/wp\/v2\/types\/page"}],"author":[{"embeddable":true,"href":"https:\/\/www.iobevo.com\/online\/wp-json\/wp\/v2\/users\/58"}],"replies":[{"embeddable":true,"href":"https:\/\/www.iobevo.com\/online\/wp-json\/wp\/v2\/comments?post=6204"}],"version-history":[{"count":0,"href":"https:\/\/www.iobevo.com\/online\/wp-json\/wp\/v2\/pages\/6204\/revisions"}],"up":[{"embeddable":true,"href":"https:\/\/www.iobevo.com\/online\/wp-json\/wp\/v2\/pages\/6183"}],"wp:featuredmedia":[{"embeddable":true,"href":"https:\/\/www.iobevo.com\/online\/wp-json\/wp\/v2\/media\/2831"}],"wp:attachment":[{"href":"https:\/\/www.iobevo.com\/online\/wp-json\/wp\/v2\/media?parent=6204"}],"curies":[{"name":"wp","href":"https:\/\/api.w.org\/{rel}","templated":true}]}}