{"id":6207,"date":"2014-07-07T16:49:26","date_gmt":"2014-07-07T16:49:26","guid":{"rendered":"http:\/\/www.iobevo.com\/online\/?page_id=6207"},"modified":"2017-12-17T21:57:08","modified_gmt":"2017-12-17T19:57:08","slug":"tisanes-ti-sana","status":"publish","type":"page","link":"https:\/\/www.iobevo.com\/online\/produits\/tisanes-ti-sana\/?lang=fr","title":{"rendered":"Tisanes Ti Sana"},"content":{"rendered":"<p>Nos tisanes sont caract\u00e9ris\u00e9es par la combinaison d&#8217;ingr\u00e9dients naturels extraits de plantes m\u00e9dicales, harmonis\u00e9es afin de valoriser les propri\u00e9t\u00e9s b\u00e9n\u00e9fiques et les caract\u00e9ristiques naturelles.<\/p>\n<p>Elles se retrouvent aussi bien dans une gamme non sucr\u00e9e que dans une gamme l\u00e9g\u00e8rement sucr\u00e9e avec de l\u2019extrait de <strong>Stevia Rebaudiana<\/strong>. Parmi les tisanes, soulignons: la <strong>tisane relax<\/strong> (aub\u00e9pine et camomille), la <strong>tisane \u00e9quilibre<\/strong> (th\u00e9 vert et alo\u00e9 vera), la <strong>tisane vitalit\u00e9<\/strong> (Rhodiola et ginseng), la <strong>tisane digestive<\/strong> (r\u00e9glisse et menthe), la <strong>tisane d\u00e9purative<\/strong> (fenouil et sambuca).<\/p>\n<p>Nos tisanes, distribu\u00e9s par des <a title=\"Asia Ti Sana\" href=\"http:\/\/www.iobevo.com\/online\/fr\/distributeurs\/asia-ti-sana\/\">distributeurs appropri\u00e9s <span class=\"mark2\">Ti Sana<\/span><\/a>, peuvent \u00eatre utilis\u00e9s dans le secteur de la sant\u00e9 dans le cadre du service <span class=\"mark1\">io<\/span> <span class=\"mark2\">sano<\/span><span class=\"mark3\">\u00ae<\/span> ou distribu\u00e9es dans d&#8217;autres contextes (centres de bien-\u00eatre, SPA, h\u00f4tels, cantines), comme format caract\u00e9ris\u00e9 par la notion de <strong>bien-\u00eatre<\/strong>.<\/p>\n<p><span class=\"responsive\"><img fetchpriority=\"high\" decoding=\"async\" class=\"aligncenter wp-image-14176\" title=\"Tisanes Ti Sana\" src=\"https:\/\/www.iobevo.com\/online\/wp-content\/uploads\/2017\/12\/tisane_tisana.jpg\" alt=\"Tisanes Ti Sana\" width=\"700\" height=\"450\" srcset=\"https:\/\/www.iobevo.com\/online\/wp-content\/uploads\/2017\/12\/tisane_tisana.jpg 1400w, https:\/\/www.iobevo.com\/online\/wp-content\/uploads\/2017\/12\/tisane_tisana-300x193.jpg 300w, https:\/\/www.iobevo.com\/online\/wp-content\/uploads\/2017\/12\/tisane_tisana-768x494.jpg 768w, https:\/\/www.iobevo.com\/online\/wp-content\/uploads\/2017\/12\/tisane_tisana-1024x658.jpg 1024w\" sizes=\"(max-width: 700px) 100vw, 700px\" \/><\/span><\/p>\n\n<table id=\"tablepress-53\" class=\"tablepress tablepress-id-53\">\n<thead>\n<tr class=\"row-1\">\n\t<th class=\"column-1\">TISANES TI SANA<\/th><th class=\"column-2\">Poids du sachet en gr.<\/th>\n<\/tr>\n<\/thead>\n<tbody class=\"row-striping row-hover\">\n<tr class=\"row-2\">\n\t<td class=\"column-1\"><\/td><td class=\"column-2\"><\/td>\n<\/tr>\n<tr class=\"row-3\">\n\t<td class=\"column-1\">Tisane d\u00e9purative **<\/td><td class=\"column-2\">1000<\/td>\n<\/tr>\n<tr class=\"row-4\">\n\t<td class=\"column-1\">Tisane digestive **<\/td><td class=\"column-2\">1000<\/td>\n<\/tr>\n<tr class=\"row-5\">\n\t<td class=\"column-1\">Tisane relax **<\/td><td class=\"column-2\">1000<\/td>\n<\/tr>\n<tr class=\"row-6\">\n\t<td class=\"column-1\">Tisane vitalit\u00e9 **<\/td><td class=\"column-2\">1000<\/td>\n<\/tr>\n<tr class=\"row-7\">\n\t<td class=\"column-1\">Tisane \u00e9quilibre **<\/td><td class=\"column-2\">1000<\/td>\n<\/tr>\n<tr class=\"row-8\">\n\t<td class=\"column-1\">Tisane laxative **<\/td><td class=\"column-2\">1000<\/td>\n<\/tr>\n<tr class=\"row-9\">\n\t<td class=\"column-1\">Tisane d\u00e9purative am\u00e8re **<\/td><td class=\"column-2\">1000<\/td>\n<\/tr>\n<tr class=\"row-10\">\n\t<td class=\"column-1\">Tisane digestive am\u00e8re **<\/td><td class=\"column-2\">1000<\/td>\n<\/tr>\n<tr class=\"row-11\">\n\t<td class=\"column-1\">Tisane relax am\u00e8re **<\/td><td class=\"column-2\">1000<\/td>\n<\/tr>\n<tr class=\"row-12\">\n\t<td class=\"column-1\">Tisane vitalit\u00e9 am\u00e8re **<\/td><td class=\"column-2\">1000<\/td>\n<\/tr>\n<tr class=\"row-13\">\n\t<td class=\"column-1\">Tisane \u00e9quilibre am\u00e8re **<\/td><td class=\"column-2\">1000<\/td>\n<\/tr>\n<tr class=\"row-14\">\n\t<td class=\"column-1\">Tisane laxative am\u00e8re **<\/td><td class=\"column-2\">1000<\/td>\n<\/tr>\n<tr class=\"row-15\">\n\t<td class=\"column-1\">Tisane aux fruits de bois avec  fructose<\/td><td class=\"column-2\">1000<\/td>\n<\/tr>\n<tr class=\"row-16\">\n\t<td class=\"column-1\">Tisane karkad\u00e8<\/td><td class=\"column-2\">1000<\/td>\n<\/tr>\n<tr class=\"row-17\">\n\t<td class=\"column-1\">Tisane aub\u00e9pine F33 *<\/td><td class=\"column-2\">1000<\/td>\n<\/tr>\n<tr class=\"row-18\">\n\t<td class=\"column-1\">Tisane fenouil F33 *<\/td><td class=\"column-2\">1000<\/td>\n<\/tr>\n<tr class=\"row-19\">\n\t<td class=\"column-1\">Tisane fruits de bois F33 *<\/td><td class=\"column-2\">1000<\/td>\n<\/tr>\n<tr class=\"row-20\">\n\t<td class=\"column-1\">Tisane fraise F33 *<\/td><td class=\"column-2\">1000<\/td>\n<\/tr>\n<\/tbody>\n<\/table>\n\n<div class=\"gap\" style=\"height: 30px;\"><\/div>\n<h3 class=\"title\"><span>Services<\/span><\/h3><div class=\"latest-portfolio negative-wrap\"><div class=\"portfolio-item four columns\"><div class=\"portfolio-it\">\n\t\t\t\t  \t\t<a href=\"https:\/\/www.iobevo.com\/online\/portfolio-item\/io-breakfast\/\" title=\"io breakfast\u00ae\"><span class=\"portfolio-pic\"><img decoding=\"async\" src=\"https:\/\/www.iobevo.com\/online\/wp-content\/uploads\/2013\/01\/portfolio_io_breakfast-460x300.jpg\" \/><div class=\"portfolio-overlay\"><span class=\"overlay-link\"><\/span><\/div><\/span><\/a>\n\t\t\t\t  \t\t<a href=\"https:\/\/www.iobevo.com\/online\/portfolio-item\/io-breakfast\/\" title=\"io breakfast\u00ae\" class=\"portfolio-title\"><h4>io breakfast\u00ae<\/h4><span>Servizi di qualit\u00e0 per la colazione<\/span><\/a>\n\t\t\t\t  \t<\/div><\/div><div class=\"portfolio-item four columns\"><div class=\"portfolio-it\">\n\t\t\t\t  \t\t<a href=\"https:\/\/www.iobevo.com\/online\/portfolio-item\/tisana-service\/\" title=\"Ti Sana\"><span class=\"portfolio-pic\"><img decoding=\"async\" src=\"https:\/\/www.iobevo.com\/online\/wp-content\/uploads\/2014\/01\/Fotolia_36464772_S-460x300.jpg\" \/><div class=\"portfolio-overlay\"><span class=\"overlay-link\"><\/span><\/div><\/span><\/a>\n\t\t\t\t  \t\t<a href=\"https:\/\/www.iobevo.com\/online\/portfolio-item\/tisana-service\/\" title=\"Ti Sana\" class=\"portfolio-title\"><h4>Ti Sana<\/h4><span>Distribuzione tisane naturali<\/span><\/a>\n\t\t\t\t  \t<\/div><\/div><\/div><div class=\"clear\"><\/div>\n<div class=\"gap\" style=\"height: 30px;\"><\/div>\n<h3 class=\"title\"><span>Secteurs du march\u00e9<\/span><\/h3><div class=\"latest-portfolio negative-wrap\"><div class=\"portfolio-item four columns\"><div class=\"portfolio-it\">\n\t\t\t\t  \t\t<a href=\"https:\/\/www.iobevo.com\/online\/portfolio-item\/mense-aziendali\/\" title=\"Mense aziendali\"><span class=\"portfolio-pic\"><img decoding=\"async\" src=\"https:\/\/www.iobevo.com\/online\/wp-content\/uploads\/2014\/02\/FOTO-48-mense-aziendali-13687094_l-460x300.jpg\" \/><div class=\"portfolio-overlay\"><span class=\"overlay-link\"><\/span><\/div><\/span><\/a>\n\t\t\t\t  \t\t<a href=\"https:\/\/www.iobevo.com\/online\/portfolio-item\/mense-aziendali\/\" title=\"Mense aziendali\" class=\"portfolio-title\"><h4>Mense aziendali<\/h4><span>Ristorazione sostenibile<\/span><\/a>\n\t\t\t\t  \t<\/div><\/div><div class=\"portfolio-item four columns\"><div class=\"portfolio-it\">\n\t\t\t\t  \t\t<a href=\"https:\/\/www.iobevo.com\/online\/portfolio-item\/mense-universitarie\/\" title=\"Mense universitarie\"><span class=\"portfolio-pic\"><img decoding=\"async\" src=\"https:\/\/www.iobevo.com\/online\/wp-content\/uploads\/2014\/02\/FOTO-49-mense-universitarie-3481295-amico-a-mensa-o-di-caffetteria-460x300.jpg\" \/><div class=\"portfolio-overlay\"><span class=\"overlay-link\"><\/span><\/div><\/span><\/a>\n\t\t\t\t  \t\t<a href=\"https:\/\/www.iobevo.com\/online\/portfolio-item\/mense-universitarie\/\" title=\"Mense universitarie\" class=\"portfolio-title\"><h4>Mense universitarie<\/h4><span>Ristoranti di universit\u00e0 e campus<\/span><\/a>\n\t\t\t\t  \t<\/div><\/div><div class=\"portfolio-item four columns\"><div class=\"portfolio-it\">\n\t\t\t\t  \t\t<a href=\"https:\/\/www.iobevo.com\/online\/portfolio-item\/alberghi\/\" title=\"Alberghi\"><span class=\"portfolio-pic\"><img decoding=\"async\" src=\"https:\/\/www.iobevo.com\/online\/wp-content\/uploads\/2014\/02\/turismo-460x300.jpg\" \/><div class=\"portfolio-overlay\"><span class=\"overlay-link\"><\/span><\/div><\/span><\/a>\n\t\t\t\t  \t\t<a href=\"https:\/\/www.iobevo.com\/online\/portfolio-item\/alberghi\/\" title=\"Alberghi\" class=\"portfolio-title\"><h4>Alberghi<\/h4><span>Ristorazione per hotel e alberghi<\/span><\/a>\n\t\t\t\t  \t<\/div><\/div><div class=\"portfolio-item four columns\"><div class=\"portfolio-it\">\n\t\t\t\t  \t\t<a href=\"https:\/\/www.iobevo.com\/online\/portfolio-item\/centri-benessere\/\" title=\"Centri benessere\"><span class=\"portfolio-pic\"><img decoding=\"async\" src=\"https:\/\/www.iobevo.com\/online\/wp-content\/uploads\/2014\/04\/FOTO-63-460x300.jpg\" \/><div class=\"portfolio-overlay\"><span class=\"overlay-link\"><\/span><\/div><\/span><\/a>\n\t\t\t\t  \t\t<a href=\"https:\/\/www.iobevo.com\/online\/portfolio-item\/centri-benessere\/\" title=\"Centri benessere\" class=\"portfolio-title\"><h4>Centri benessere<\/h4><span>Servizi per spa e wellness center<\/span><\/a>\n\t\t\t\t  \t<\/div><\/div><div class=\"portfolio-item four columns\"><div class=\"portfolio-it\">\n\t\t\t\t  \t\t<a href=\"https:\/\/www.iobevo.com\/online\/portfolio-item\/fitness\/\" title=\"Fitness\"><span class=\"portfolio-pic\"><img decoding=\"async\" src=\"https:\/\/www.iobevo.com\/online\/wp-content\/uploads\/2014\/02\/FOTO-62-palestra-460x300.jpg\" \/><div class=\"portfolio-overlay\"><span class=\"overlay-link\"><\/span><\/div><\/span><\/a>\n\t\t\t\t  \t\t<a href=\"https:\/\/www.iobevo.com\/online\/portfolio-item\/fitness\/\" title=\"Fitness\" class=\"portfolio-title\"><h4>Fitness<\/h4><span>Bevande per palestre e sport club<\/span><\/a>\n\t\t\t\t  \t<\/div><\/div><div class=\"portfolio-item four columns\"><div class=\"portfolio-it\">\n\t\t\t\t  \t\t<a href=\"https:\/\/www.iobevo.com\/online\/portfolio-item\/sale-di-aspetto-e-sale-gioco\/\" title=\"Sale di aspetto e sale gioco\"><span class=\"portfolio-pic\"><img decoding=\"async\" src=\"https:\/\/www.iobevo.com\/online\/wp-content\/uploads\/2014\/02\/FOTO-64-sala-di-aspetto-460x300.jpg\" \/><div class=\"portfolio-overlay\"><span class=\"overlay-link\"><\/span><\/div><\/span><\/a>\n\t\t\t\t  \t\t<a href=\"https:\/\/www.iobevo.com\/online\/portfolio-item\/sale-di-aspetto-e-sale-gioco\/\" title=\"Sale di aspetto e sale gioco\" class=\"portfolio-title\"><h4>Sale di aspetto e sale gioco<\/h4><span>Servizi a libero consumo<\/span><\/a>\n\t\t\t\t  \t<\/div><\/div><\/div><div class=\"clear\"><\/div>\n","protected":false},"excerpt":{"rendered":"<p>Nos tisanes sont caract\u00e9ris\u00e9es par la combinaison d&#8217;ingr\u00e9dients naturels extraits de plantes m\u00e9dicales, harmonis\u00e9es afin de valoriser les propri\u00e9t\u00e9s b\u00e9n\u00e9fiques et les caract\u00e9ristiques naturelles. Elles se retrouvent aussi bien dans une gamme non sucr\u00e9e que dans une gamme l\u00e9g\u00e8rement sucr\u00e9e avec de l\u2019extrait de Stevia Rebaudiana. Parmi les tisanes, soulignons: [&hellip;]<\/p>\n","protected":false},"author":58,"featured_media":2831,"parent":6183,"menu_order":8,"comment_status":"open","ping_status":"closed","template":"","meta":{"footnotes":""},"class_list":["post-6207","page","type-page","status-publish","has-post-thumbnail","hentry"],"yoast_head":"<!-- This site is optimized with the Yoast SEO plugin v27.4 - https:\/\/yoast.com\/product\/yoast-seo-wordpress\/ -->\n<title>Tisanes Ti Sana - io bevo\u00ae<\/title>\n<meta name=\"robots\" content=\"index, follow, max-snippet:-1, max-image-preview:large, max-video-preview:-1\" \/>\n<link rel=\"canonical\" href=\"https:\/\/www.iobevo.com\/online\/produits\/tisanes-ti-sana\/?lang=fr\" \/>\n<meta property=\"og:locale\" content=\"it_IT\" \/>\n<meta property=\"og:type\" content=\"article\" \/>\n<meta property=\"og:title\" content=\"Tisanes Ti Sana - io bevo\u00ae\" \/>\n<meta property=\"og:description\" content=\"Nos tisanes sont caract\u00e9ris\u00e9es par la combinaison d&#8217;ingr\u00e9dients naturels extraits de plantes m\u00e9dicales, harmonis\u00e9es afin de valoriser les propri\u00e9t\u00e9s b\u00e9n\u00e9fiques et les caract\u00e9ristiques naturelles. Elles se retrouvent aussi bien dans une gamme non sucr\u00e9e que dans une gamme l\u00e9g\u00e8rement sucr\u00e9e avec de l\u2019extrait de Stevia Rebaudiana. Parmi les tisanes, soulignons: [&hellip;]\" \/>\n<meta property=\"og:url\" content=\"https:\/\/www.iobevo.com\/online\/produits\/tisanes-ti-sana\/?lang=fr\" \/>\n<meta property=\"og:site_name\" content=\"io bevo\u00ae\" \/>\n<meta property=\"article:modified_time\" content=\"2017-12-17T19:57:08+00:00\" \/>\n<meta property=\"og:image\" content=\"https:\/\/www.iobevo.com\/online\/wp-content\/uploads\/2014\/01\/slide-2-bg-e1400667726929.png\" \/>\n\t<meta property=\"og:image:width\" content=\"1512\" \/>\n\t<meta property=\"og:image:height\" content=\"400\" \/>\n\t<meta property=\"og:image:type\" content=\"image\/png\" \/>\n<meta name=\"twitter:card\" content=\"summary_large_image\" \/>\n<meta name=\"twitter:site\" content=\"@IoBevo\" \/>\n<meta name=\"twitter:label1\" content=\"Tempo di lettura stimato\" \/>\n\t<meta name=\"twitter:data1\" content=\"1 minuto\" \/>\n<script type=\"application\/ld+json\" class=\"yoast-schema-graph\">{\"@context\":\"https:\\\/\\\/schema.org\",\"@graph\":[{\"@type\":\"WebPage\",\"@id\":\"https:\\\/\\\/www.iobevo.com\\\/online\\\/produits\\\/tisanes-ti-sana\\\/?lang=fr\",\"url\":\"https:\\\/\\\/www.iobevo.com\\\/online\\\/produits\\\/tisanes-ti-sana\\\/?lang=fr\",\"name\":\"Tisanes Ti Sana - io bevo\u00ae\",\"isPartOf\":{\"@id\":\"https:\\\/\\\/www.iobevo.com\\\/online\\\/#website\"},\"primaryImageOfPage\":{\"@id\":\"https:\\\/\\\/www.iobevo.com\\\/online\\\/produits\\\/tisanes-ti-sana\\\/?lang=fr#primaryimage\"},\"image\":{\"@id\":\"https:\\\/\\\/www.iobevo.com\\\/online\\\/produits\\\/tisanes-ti-sana\\\/?lang=fr#primaryimage\"},\"thumbnailUrl\":\"https:\\\/\\\/www.iobevo.com\\\/online\\\/wp-content\\\/uploads\\\/2014\\\/01\\\/slide-2-bg-e1400667726929.png\",\"datePublished\":\"2014-07-07T16:49:26+00:00\",\"dateModified\":\"2017-12-17T19:57:08+00:00\",\"breadcrumb\":{\"@id\":\"https:\\\/\\\/www.iobevo.com\\\/online\\\/produits\\\/tisanes-ti-sana\\\/?lang=fr#breadcrumb\"},\"inLanguage\":\"it-IT\",\"potentialAction\":[{\"@type\":\"ReadAction\",\"target\":[\"https:\\\/\\\/www.iobevo.com\\\/online\\\/produits\\\/tisanes-ti-sana\\\/?lang=fr\"]}]},{\"@type\":\"ImageObject\",\"inLanguage\":\"it-IT\",\"@id\":\"https:\\\/\\\/www.iobevo.com\\\/online\\\/produits\\\/tisanes-ti-sana\\\/?lang=fr#primaryimage\",\"url\":\"https:\\\/\\\/www.iobevo.com\\\/online\\\/wp-content\\\/uploads\\\/2014\\\/01\\\/slide-2-bg-e1400667726929.png\",\"contentUrl\":\"https:\\\/\\\/www.iobevo.com\\\/online\\\/wp-content\\\/uploads\\\/2014\\\/01\\\/slide-2-bg-e1400667726929.png\",\"width\":1512,\"height\":400},{\"@type\":\"BreadcrumbList\",\"@id\":\"https:\\\/\\\/www.iobevo.com\\\/online\\\/produits\\\/tisanes-ti-sana\\\/?lang=fr#breadcrumb\",\"itemListElement\":[{\"@type\":\"ListItem\",\"position\":1,\"name\":\"Produits\",\"item\":\"https:\\\/\\\/www.iobevo.com\\\/online\\\/produits\\\/?lang=fr\"},{\"@type\":\"ListItem\",\"position\":2,\"name\":\"Tisanes Ti Sana\"}]},{\"@type\":\"WebSite\",\"@id\":\"https:\\\/\\\/www.iobevo.com\\\/online\\\/#website\",\"url\":\"https:\\\/\\\/www.iobevo.com\\\/online\\\/\",\"name\":\"io bevo\u00ae\",\"description\":\"Drink Plastic free\",\"publisher\":{\"@id\":\"https:\\\/\\\/www.iobevo.com\\\/online\\\/#organization\"},\"potentialAction\":[{\"@type\":\"SearchAction\",\"target\":{\"@type\":\"EntryPoint\",\"urlTemplate\":\"https:\\\/\\\/www.iobevo.com\\\/online\\\/?s={search_term_string}\"},\"query-input\":{\"@type\":\"PropertyValueSpecification\",\"valueRequired\":true,\"valueName\":\"search_term_string\"}}],\"inLanguage\":\"it-IT\"},{\"@type\":\"Organization\",\"@id\":\"https:\\\/\\\/www.iobevo.com\\\/online\\\/#organization\",\"name\":\"General Beverage\",\"url\":\"https:\\\/\\\/www.iobevo.com\\\/online\\\/\",\"logo\":{\"@type\":\"ImageObject\",\"inLanguage\":\"it-IT\",\"@id\":\"https:\\\/\\\/www.iobevo.com\\\/online\\\/#\\\/schema\\\/logo\\\/image\\\/\",\"url\":\"https:\\\/\\\/www.iobevo.com\\\/online\\\/wp-content\\\/uploads\\\/2014\\\/01\\\/logo_gb_horizontal_grey_160x47.png\",\"contentUrl\":\"https:\\\/\\\/www.iobevo.com\\\/online\\\/wp-content\\\/uploads\\\/2014\\\/01\\\/logo_gb_horizontal_grey_160x47.png\",\"width\":160,\"height\":47,\"caption\":\"General Beverage\"},\"image\":{\"@id\":\"https:\\\/\\\/www.iobevo.com\\\/online\\\/#\\\/schema\\\/logo\\\/image\\\/\"},\"sameAs\":[\"https:\\\/\\\/x.com\\\/IoBevo\"]}]}<\/script>\n<!-- \/ Yoast SEO plugin. -->","yoast_head_json":{"title":"Tisanes Ti Sana - io bevo\u00ae","robots":{"index":"index","follow":"follow","max-snippet":"max-snippet:-1","max-image-preview":"max-image-preview:large","max-video-preview":"max-video-preview:-1"},"canonical":"https:\/\/www.iobevo.com\/online\/produits\/tisanes-ti-sana\/?lang=fr","og_locale":"it_IT","og_type":"article","og_title":"Tisanes Ti Sana - io bevo\u00ae","og_description":"Nos tisanes sont caract\u00e9ris\u00e9es par la combinaison d&#8217;ingr\u00e9dients naturels extraits de plantes m\u00e9dicales, harmonis\u00e9es afin de valoriser les propri\u00e9t\u00e9s b\u00e9n\u00e9fiques et les caract\u00e9ristiques naturelles. Elles se retrouvent aussi bien dans une gamme non sucr\u00e9e que dans une gamme l\u00e9g\u00e8rement sucr\u00e9e avec de l\u2019extrait de Stevia Rebaudiana. Parmi les tisanes, soulignons: [&hellip;]","og_url":"https:\/\/www.iobevo.com\/online\/produits\/tisanes-ti-sana\/?lang=fr","og_site_name":"io bevo\u00ae","article_modified_time":"2017-12-17T19:57:08+00:00","og_image":[{"width":1512,"height":400,"url":"https:\/\/www.iobevo.com\/online\/wp-content\/uploads\/2014\/01\/slide-2-bg-e1400667726929.png","type":"image\/png"}],"twitter_card":"summary_large_image","twitter_site":"@IoBevo","twitter_misc":{"Tempo di lettura stimato":"1 minuto"},"schema":{"@context":"https:\/\/schema.org","@graph":[{"@type":"WebPage","@id":"https:\/\/www.iobevo.com\/online\/produits\/tisanes-ti-sana\/?lang=fr","url":"https:\/\/www.iobevo.com\/online\/produits\/tisanes-ti-sana\/?lang=fr","name":"Tisanes Ti Sana - io bevo\u00ae","isPartOf":{"@id":"https:\/\/www.iobevo.com\/online\/#website"},"primaryImageOfPage":{"@id":"https:\/\/www.iobevo.com\/online\/produits\/tisanes-ti-sana\/?lang=fr#primaryimage"},"image":{"@id":"https:\/\/www.iobevo.com\/online\/produits\/tisanes-ti-sana\/?lang=fr#primaryimage"},"thumbnailUrl":"https:\/\/www.iobevo.com\/online\/wp-content\/uploads\/2014\/01\/slide-2-bg-e1400667726929.png","datePublished":"2014-07-07T16:49:26+00:00","dateModified":"2017-12-17T19:57:08+00:00","breadcrumb":{"@id":"https:\/\/www.iobevo.com\/online\/produits\/tisanes-ti-sana\/?lang=fr#breadcrumb"},"inLanguage":"it-IT","potentialAction":[{"@type":"ReadAction","target":["https:\/\/www.iobevo.com\/online\/produits\/tisanes-ti-sana\/?lang=fr"]}]},{"@type":"ImageObject","inLanguage":"it-IT","@id":"https:\/\/www.iobevo.com\/online\/produits\/tisanes-ti-sana\/?lang=fr#primaryimage","url":"https:\/\/www.iobevo.com\/online\/wp-content\/uploads\/2014\/01\/slide-2-bg-e1400667726929.png","contentUrl":"https:\/\/www.iobevo.com\/online\/wp-content\/uploads\/2014\/01\/slide-2-bg-e1400667726929.png","width":1512,"height":400},{"@type":"BreadcrumbList","@id":"https:\/\/www.iobevo.com\/online\/produits\/tisanes-ti-sana\/?lang=fr#breadcrumb","itemListElement":[{"@type":"ListItem","position":1,"name":"Produits","item":"https:\/\/www.iobevo.com\/online\/produits\/?lang=fr"},{"@type":"ListItem","position":2,"name":"Tisanes Ti Sana"}]},{"@type":"WebSite","@id":"https:\/\/www.iobevo.com\/online\/#website","url":"https:\/\/www.iobevo.com\/online\/","name":"io bevo\u00ae","description":"Drink Plastic free","publisher":{"@id":"https:\/\/www.iobevo.com\/online\/#organization"},"potentialAction":[{"@type":"SearchAction","target":{"@type":"EntryPoint","urlTemplate":"https:\/\/www.iobevo.com\/online\/?s={search_term_string}"},"query-input":{"@type":"PropertyValueSpecification","valueRequired":true,"valueName":"search_term_string"}}],"inLanguage":"it-IT"},{"@type":"Organization","@id":"https:\/\/www.iobevo.com\/online\/#organization","name":"General Beverage","url":"https:\/\/www.iobevo.com\/online\/","logo":{"@type":"ImageObject","inLanguage":"it-IT","@id":"https:\/\/www.iobevo.com\/online\/#\/schema\/logo\/image\/","url":"https:\/\/www.iobevo.com\/online\/wp-content\/uploads\/2014\/01\/logo_gb_horizontal_grey_160x47.png","contentUrl":"https:\/\/www.iobevo.com\/online\/wp-content\/uploads\/2014\/01\/logo_gb_horizontal_grey_160x47.png","width":160,"height":47,"caption":"General Beverage"},"image":{"@id":"https:\/\/www.iobevo.com\/online\/#\/schema\/logo\/image\/"},"sameAs":["https:\/\/x.com\/IoBevo"]}]}},"_links":{"self":[{"href":"https:\/\/www.iobevo.com\/online\/wp-json\/wp\/v2\/pages\/6207","targetHints":{"allow":["GET"]}}],"collection":[{"href":"https:\/\/www.iobevo.com\/online\/wp-json\/wp\/v2\/pages"}],"about":[{"href":"https:\/\/www.iobevo.com\/online\/wp-json\/wp\/v2\/types\/page"}],"author":[{"embeddable":true,"href":"https:\/\/www.iobevo.com\/online\/wp-json\/wp\/v2\/users\/58"}],"replies":[{"embeddable":true,"href":"https:\/\/www.iobevo.com\/online\/wp-json\/wp\/v2\/comments?post=6207"}],"version-history":[{"count":0,"href":"https:\/\/www.iobevo.com\/online\/wp-json\/wp\/v2\/pages\/6207\/revisions"}],"up":[{"embeddable":true,"href":"https:\/\/www.iobevo.com\/online\/wp-json\/wp\/v2\/pages\/6183"}],"wp:featuredmedia":[{"embeddable":true,"href":"https:\/\/www.iobevo.com\/online\/wp-json\/wp\/v2\/media\/2831"}],"wp:attachment":[{"href":"https:\/\/www.iobevo.com\/online\/wp-json\/wp\/v2\/media?parent=6207"}],"curies":[{"name":"wp","href":"https:\/\/api.w.org\/{rel}","templated":true}]}}