{"id":6209,"date":"2014-07-07T16:50:26","date_gmt":"2014-07-07T16:50:26","guid":{"rendered":"http:\/\/www.iobevo.com\/online\/?page_id=6209"},"modified":"2017-07-25T18:15:39","modified_gmt":"2017-07-25T16:15:39","slug":"boissons-io-buono","status":"publish","type":"page","link":"https:\/\/www.iobevo.com\/online\/produits\/boissons-io-buono\/?lang=fr","title":{"rendered":"Boissons io buono\u00ae"},"content":{"rendered":"<h4>Solubles pour boissons chaudes pour le petit d\u00e9jeuner io buono\u00ae<\/h4>\n<p>Les solubles pour boissons pour le petit d\u00e9jeuner <span class=\"mark1\">io<\/span> <span class=\"mark2\">buono<\/span><span class=\"mark3\">\u00ae<\/span>, r\u00e9alis\u00e9s avec des mati\u00e8res premi\u00e8res de qualit\u00e9, r\u00e9pondent \u00e0 des exigences diff\u00e9rentes et sont divis\u00e9s en une large gamme de boissons traditionnelles, boissons light et boissons innovatrices. Ils sont utilis\u00e9s en particulier par les \u00e9quipements <span class=\"mark1\">io<\/span> <span class=\"mark2\">buono<\/span><span class=\"mark3\">\u00ae<\/span> mais peuvent aussi \u00eatre distribu\u00e9s par diff\u00e9rentes typologies de distributeurs semi-automatiques et vending.<\/p>\n<p>Ils assurent la meilleure combinaison entre la qualit\u00e9 du produit et la rapidit\u00e9 de livraison. Vous trouverez dans la liste les typologies et les formats des solubles et leurs rendements respectifs en terme de boisson finie.<\/p>\n<p><span class=\"responsive\"><img fetchpriority=\"high\" decoding=\"async\" class=\"aligncenter wp-image-3220\" src=\"http:\/\/iobevo.com\/online\/wp-content\/uploads\/2014\/04\/solubili-per-bevande-calde-.jpg\" alt=\"solubili-per-bevande-calde-iobuono\" width=\"450\" height=\"279\" srcset=\"https:\/\/www.iobevo.com\/online\/wp-content\/uploads\/2014\/04\/solubili-per-bevande-calde-.jpg 700w, https:\/\/www.iobevo.com\/online\/wp-content\/uploads\/2014\/04\/solubili-per-bevande-calde--300x186.jpg 300w\" sizes=\"(max-width: 450px) 100vw, 450px\" \/><\/span><\/p>\n\n<table id=\"tablepress-65\" class=\"tablepress tablepress-id-65\">\n<thead>\n<tr class=\"row-1\">\n\t<th class=\"column-1\">SOLUBLES POUR BOISSONS CHAUDES POUR LE PETIT DEJEUNER IO BUONO\u00ae<\/th><th class=\"column-2\">Poids du sachet en gr.<\/th>\n<\/tr>\n<\/thead>\n<tbody class=\"row-striping row-hover\">\n<tr class=\"row-2\">\n\t<td class=\"column-1\"><\/td><td class=\"column-2\"><\/td>\n<\/tr>\n<tr class=\"row-3\">\n\t<td class=\"column-1\">Buoncaff\u00e8 qualit\u00e9 gold <\/td><td class=\"column-2\">900<\/td>\n<\/tr>\n<tr class=\"row-4\">\n\t<td class=\"column-1\">Buoncaff\u00e8 qualit\u00e9 rouge d\u00e9caf\u00e9in\u00e9<\/td><td class=\"column-2\">1000<\/td>\n<\/tr>\n<tr class=\"row-5\">\n\t<td class=\"column-1\">Buoncaff\u00e8 qualit\u00e9 rouge<\/td><td class=\"column-2\">1000<\/td>\n<\/tr>\n<tr class=\"row-6\">\n\t<td class=\"column-1\">Lait \u00e9cr\u00e9m\u00e9<\/td><td class=\"column-2\">1000<\/td>\n<\/tr>\n<tr class=\"row-7\">\n\t<td class=\"column-1\">Cioccogi\u00f2 \u2013 chocolat sucr\u00e9<\/td><td class=\"column-2\">1000<\/td>\n<\/tr>\n<tr class=\"row-8\">\n\t<td class=\"column-1\">Bonciocc \u2013 chocolat en tasse sucr\u00e9<\/td><td class=\"column-2\">1000<\/td>\n<\/tr>\n<tr class=\"row-9\">\n\t<td class=\"column-1\">Equo Ciok \u2013 chocolat en tasse Fairtrade<\/td><td class=\"column-2\">500<\/td>\n<\/tr>\n<tr class=\"row-10\">\n\t<td class=\"column-1\">Chocolat light <\/td><td class=\"column-2\">1000<\/td>\n<\/tr>\n<tr class=\"row-11\">\n\t<td class=\"column-1\">Th\u00e9 au citron sucr\u00e9<\/td><td class=\"column-2\">3000<\/td>\n<\/tr>\n<tr class=\"row-12\">\n\t<td class=\"column-1\">Th\u00e9 au citron \u00e9quitable et solidaire Fairtrade<\/td><td class=\"column-2\">3000<\/td>\n<\/tr>\n<tr class=\"row-13\">\n\t<td class=\"column-1\">Bonth\u00e9 d\u00e9th\u00e9in\u00e9 au citron light 33 <\/td><td class=\"column-2\">2000<\/td>\n<\/tr>\n<tr class=\"row-14\">\n\t<td class=\"column-1\">Bonth\u00e9 Nature<\/td><td class=\"column-2\">1000<\/td>\n<\/tr>\n<tr class=\"row-15\">\n\t<td class=\"column-1\">Bonth\u00e9 au citron light 33<\/td><td class=\"column-2\">2000<\/td>\n<\/tr>\n<tr class=\"row-16\">\n\t<td class=\"column-1\">Fruttoth\u00e9 \u2013 th\u00e9 au citron \u00e9dulcor\u00e9  fructose<\/td><td class=\"column-2\">1000<\/td>\n<\/tr>\n<tr class=\"row-17\">\n\t<td class=\"column-1\">Orzobuono (Orge bon) <\/td><td class=\"column-2\">800<\/td>\n<\/tr>\n<tr class=\"row-18\">\n\t<td class=\"column-1\">Camomille sucr\u00e9e<\/td><td class=\"column-2\">2000<\/td>\n<\/tr>\n<tr class=\"row-19\">\n\t<td class=\"column-1\">Buoncaff\u00e8 ginseng 20<\/td><td class=\"column-2\">500<\/td>\n<\/tr>\n<tr class=\"row-20\">\n\t<td class=\"column-1\">Lait entier<\/td><td class=\"column-2\">1000<\/td>\n<\/tr>\n<tr class=\"row-21\">\n\t<td class=\"column-1\">Lait partiellement \u00e9cr\u00e9m\u00e9<\/td><td class=\"column-2\">1000<\/td>\n<\/tr>\n<tr class=\"row-22\">\n\t<td class=\"column-1\">Pr\u00e9par\u00e9 pour boisson blanche<\/td><td class=\"column-2\">1000<\/td>\n<\/tr>\n<\/tbody>\n<\/table>\n\n<div class=\"gap\" style=\"height: 30px;\"><\/div>\n<h3 class=\"title\"><span>Services<\/span><\/h3><div class=\"latest-portfolio negative-wrap\"><div class=\"portfolio-item four columns\"><div class=\"portfolio-it\">\n\t\t\t\t  \t\t<a href=\"https:\/\/www.iobevo.com\/online\/portfolio-item\/io-breakfast\/\" title=\"io breakfast\u00ae\"><span class=\"portfolio-pic\"><img decoding=\"async\" src=\"https:\/\/www.iobevo.com\/online\/wp-content\/uploads\/2013\/01\/portfolio_io_breakfast-460x300.jpg\" \/><div class=\"portfolio-overlay\"><span class=\"overlay-link\"><\/span><\/div><\/span><\/a>\n\t\t\t\t  \t\t<a href=\"https:\/\/www.iobevo.com\/online\/portfolio-item\/io-breakfast\/\" title=\"io breakfast\u00ae\" class=\"portfolio-title\"><h4>io breakfast\u00ae<\/h4><span>Servizi di qualit\u00e0 per la colazione<\/span><\/a>\n\t\t\t\t  \t<\/div><\/div><\/div><div class=\"clear\"><\/div>\n<div class=\"gap\" style=\"height: 30px;\"><\/div>\n<h3 class=\"title\"><span>Secteurs du march\u00e9<\/span><\/h3><div class=\"latest-portfolio negative-wrap\"><div class=\"portfolio-item four columns\"><div class=\"portfolio-it\">\n\t\t\t\t  \t\t<a href=\"https:\/\/www.iobevo.com\/online\/portfolio-item\/alberghi\/\" title=\"Alberghi\"><span class=\"portfolio-pic\"><img decoding=\"async\" src=\"https:\/\/www.iobevo.com\/online\/wp-content\/uploads\/2014\/02\/turismo-460x300.jpg\" \/><div class=\"portfolio-overlay\"><span class=\"overlay-link\"><\/span><\/div><\/span><\/a>\n\t\t\t\t  \t\t<a href=\"https:\/\/www.iobevo.com\/online\/portfolio-item\/alberghi\/\" title=\"Alberghi\" class=\"portfolio-title\"><h4>Alberghi<\/h4><span>Ristorazione per hotel e alberghi<\/span><\/a>\n\t\t\t\t  \t<\/div><\/div><div class=\"portfolio-item four columns\"><div class=\"portfolio-it\">\n\t\t\t\t  \t\t<a href=\"https:\/\/www.iobevo.com\/online\/portfolio-item\/villaggi-turistici\/\" title=\"Villaggi turistici\"><span class=\"portfolio-pic\"><img decoding=\"async\" src=\"https:\/\/www.iobevo.com\/online\/wp-content\/uploads\/2014\/04\/FOTO-54-villaggio-turistico-9213332-bellissima-spiaggia-con-le-palme-filippine-460x300.jpg\" \/><div class=\"portfolio-overlay\"><span class=\"overlay-link\"><\/span><\/div><\/span><\/a>\n\t\t\t\t  \t\t<a href=\"https:\/\/www.iobevo.com\/online\/portfolio-item\/villaggi-turistici\/\" title=\"Villaggi turistici\" class=\"portfolio-title\"><h4>Villaggi turistici<\/h4><span>Bevande per resort e camping<\/span><\/a>\n\t\t\t\t  \t<\/div><\/div><div class=\"portfolio-item four columns\"><div class=\"portfolio-it\">\n\t\t\t\t  \t\t<a href=\"https:\/\/www.iobevo.com\/online\/portfolio-item\/catering-navale\/\" title=\"Catering navale\"><span class=\"portfolio-pic\"><img decoding=\"async\" src=\"https:\/\/www.iobevo.com\/online\/wp-content\/uploads\/2014\/04\/FOTO-55-460x300.jpg\" \/><div class=\"portfolio-overlay\"><span class=\"overlay-link\"><\/span><\/div><\/span><\/a>\n\t\t\t\t  \t\t<a href=\"https:\/\/www.iobevo.com\/online\/portfolio-item\/catering-navale\/\" title=\"Catering navale\" class=\"portfolio-title\"><h4>Catering navale<\/h4><span>Ristorazione navi da crociera<\/span><\/a>\n\t\t\t\t  \t<\/div><\/div><\/div><div class=\"clear\"><\/div>\n","protected":false},"excerpt":{"rendered":"<p>Solubles pour boissons chaudes pour le petit d\u00e9jeuner io buono\u00ae Les solubles pour boissons pour le petit d\u00e9jeuner io buono\u00ae, r\u00e9alis\u00e9s avec des mati\u00e8res premi\u00e8res de qualit\u00e9, r\u00e9pondent \u00e0 des exigences diff\u00e9rentes et sont divis\u00e9s en une large gamme de boissons traditionnelles, boissons light et boissons innovatrices. Ils sont utilis\u00e9s [&hellip;]<\/p>\n","protected":false},"author":58,"featured_media":2831,"parent":6183,"menu_order":9,"comment_status":"open","ping_status":"closed","template":"","meta":{"footnotes":""},"class_list":["post-6209","page","type-page","status-publish","has-post-thumbnail","hentry"],"yoast_head":"<!-- This site is optimized with the Yoast SEO plugin v27.3 - https:\/\/yoast.com\/product\/yoast-seo-wordpress\/ -->\n<title>Boissons io buono\u00ae - io bevo\u00ae<\/title>\n<meta name=\"robots\" content=\"index, follow, max-snippet:-1, max-image-preview:large, max-video-preview:-1\" \/>\n<link rel=\"canonical\" href=\"https:\/\/www.iobevo.com\/online\/produits\/boissons-io-buono\/?lang=fr\" \/>\n<meta property=\"og:locale\" content=\"it_IT\" \/>\n<meta property=\"og:type\" content=\"article\" \/>\n<meta property=\"og:title\" content=\"Boissons io buono\u00ae - io bevo\u00ae\" \/>\n<meta property=\"og:description\" content=\"Solubles pour boissons chaudes pour le petit d\u00e9jeuner io buono\u00ae Les solubles pour boissons pour le petit d\u00e9jeuner io buono\u00ae, r\u00e9alis\u00e9s avec des mati\u00e8res premi\u00e8res de qualit\u00e9, r\u00e9pondent \u00e0 des exigences diff\u00e9rentes et sont divis\u00e9s en une large gamme de boissons traditionnelles, boissons light et boissons innovatrices. Ils sont utilis\u00e9s [&hellip;]\" \/>\n<meta property=\"og:url\" content=\"https:\/\/www.iobevo.com\/online\/produits\/boissons-io-buono\/?lang=fr\" \/>\n<meta property=\"og:site_name\" content=\"io bevo\u00ae\" \/>\n<meta property=\"article:modified_time\" content=\"2017-07-25T16:15:39+00:00\" \/>\n<meta property=\"og:image\" content=\"https:\/\/www.iobevo.com\/online\/wp-content\/uploads\/2014\/01\/slide-2-bg-e1400667726929.png\" \/>\n\t<meta property=\"og:image:width\" content=\"1512\" \/>\n\t<meta property=\"og:image:height\" content=\"400\" \/>\n\t<meta property=\"og:image:type\" content=\"image\/png\" \/>\n<meta name=\"twitter:card\" content=\"summary_large_image\" \/>\n<meta name=\"twitter:site\" content=\"@IoBevo\" \/>\n<meta name=\"twitter:label1\" content=\"Tempo di lettura stimato\" \/>\n\t<meta name=\"twitter:data1\" content=\"1 minuto\" \/>\n<script type=\"application\/ld+json\" class=\"yoast-schema-graph\">{\"@context\":\"https:\\\/\\\/schema.org\",\"@graph\":[{\"@type\":\"WebPage\",\"@id\":\"https:\\\/\\\/www.iobevo.com\\\/online\\\/produits\\\/boissons-io-buono\\\/?lang=fr\",\"url\":\"https:\\\/\\\/www.iobevo.com\\\/online\\\/produits\\\/boissons-io-buono\\\/?lang=fr\",\"name\":\"Boissons io buono\u00ae - io bevo\u00ae\",\"isPartOf\":{\"@id\":\"https:\\\/\\\/www.iobevo.com\\\/online\\\/#website\"},\"primaryImageOfPage\":{\"@id\":\"https:\\\/\\\/www.iobevo.com\\\/online\\\/produits\\\/boissons-io-buono\\\/?lang=fr#primaryimage\"},\"image\":{\"@id\":\"https:\\\/\\\/www.iobevo.com\\\/online\\\/produits\\\/boissons-io-buono\\\/?lang=fr#primaryimage\"},\"thumbnailUrl\":\"https:\\\/\\\/www.iobevo.com\\\/online\\\/wp-content\\\/uploads\\\/2014\\\/01\\\/slide-2-bg-e1400667726929.png\",\"datePublished\":\"2014-07-07T16:50:26+00:00\",\"dateModified\":\"2017-07-25T16:15:39+00:00\",\"breadcrumb\":{\"@id\":\"https:\\\/\\\/www.iobevo.com\\\/online\\\/produits\\\/boissons-io-buono\\\/?lang=fr#breadcrumb\"},\"inLanguage\":\"it-IT\",\"potentialAction\":[{\"@type\":\"ReadAction\",\"target\":[\"https:\\\/\\\/www.iobevo.com\\\/online\\\/produits\\\/boissons-io-buono\\\/?lang=fr\"]}]},{\"@type\":\"ImageObject\",\"inLanguage\":\"it-IT\",\"@id\":\"https:\\\/\\\/www.iobevo.com\\\/online\\\/produits\\\/boissons-io-buono\\\/?lang=fr#primaryimage\",\"url\":\"https:\\\/\\\/www.iobevo.com\\\/online\\\/wp-content\\\/uploads\\\/2014\\\/01\\\/slide-2-bg-e1400667726929.png\",\"contentUrl\":\"https:\\\/\\\/www.iobevo.com\\\/online\\\/wp-content\\\/uploads\\\/2014\\\/01\\\/slide-2-bg-e1400667726929.png\",\"width\":1512,\"height\":400},{\"@type\":\"BreadcrumbList\",\"@id\":\"https:\\\/\\\/www.iobevo.com\\\/online\\\/produits\\\/boissons-io-buono\\\/?lang=fr#breadcrumb\",\"itemListElement\":[{\"@type\":\"ListItem\",\"position\":1,\"name\":\"Produits\",\"item\":\"https:\\\/\\\/www.iobevo.com\\\/online\\\/produits\\\/?lang=fr\"},{\"@type\":\"ListItem\",\"position\":2,\"name\":\"Boissons io buono\u00ae\"}]},{\"@type\":\"WebSite\",\"@id\":\"https:\\\/\\\/www.iobevo.com\\\/online\\\/#website\",\"url\":\"https:\\\/\\\/www.iobevo.com\\\/online\\\/\",\"name\":\"io bevo\u00ae\",\"description\":\"Drink Plastic free\",\"publisher\":{\"@id\":\"https:\\\/\\\/www.iobevo.com\\\/online\\\/#organization\"},\"potentialAction\":[{\"@type\":\"SearchAction\",\"target\":{\"@type\":\"EntryPoint\",\"urlTemplate\":\"https:\\\/\\\/www.iobevo.com\\\/online\\\/?s={search_term_string}\"},\"query-input\":{\"@type\":\"PropertyValueSpecification\",\"valueRequired\":true,\"valueName\":\"search_term_string\"}}],\"inLanguage\":\"it-IT\"},{\"@type\":\"Organization\",\"@id\":\"https:\\\/\\\/www.iobevo.com\\\/online\\\/#organization\",\"name\":\"General Beverage\",\"url\":\"https:\\\/\\\/www.iobevo.com\\\/online\\\/\",\"logo\":{\"@type\":\"ImageObject\",\"inLanguage\":\"it-IT\",\"@id\":\"https:\\\/\\\/www.iobevo.com\\\/online\\\/#\\\/schema\\\/logo\\\/image\\\/\",\"url\":\"https:\\\/\\\/www.iobevo.com\\\/online\\\/wp-content\\\/uploads\\\/2014\\\/01\\\/logo_gb_horizontal_grey_160x47.png\",\"contentUrl\":\"https:\\\/\\\/www.iobevo.com\\\/online\\\/wp-content\\\/uploads\\\/2014\\\/01\\\/logo_gb_horizontal_grey_160x47.png\",\"width\":160,\"height\":47,\"caption\":\"General Beverage\"},\"image\":{\"@id\":\"https:\\\/\\\/www.iobevo.com\\\/online\\\/#\\\/schema\\\/logo\\\/image\\\/\"},\"sameAs\":[\"https:\\\/\\\/x.com\\\/IoBevo\"]}]}<\/script>\n<!-- \/ Yoast SEO plugin. -->","yoast_head_json":{"title":"Boissons io buono\u00ae - io bevo\u00ae","robots":{"index":"index","follow":"follow","max-snippet":"max-snippet:-1","max-image-preview":"max-image-preview:large","max-video-preview":"max-video-preview:-1"},"canonical":"https:\/\/www.iobevo.com\/online\/produits\/boissons-io-buono\/?lang=fr","og_locale":"it_IT","og_type":"article","og_title":"Boissons io buono\u00ae - io bevo\u00ae","og_description":"Solubles pour boissons chaudes pour le petit d\u00e9jeuner io buono\u00ae Les solubles pour boissons pour le petit d\u00e9jeuner io buono\u00ae, r\u00e9alis\u00e9s avec des mati\u00e8res premi\u00e8res de qualit\u00e9, r\u00e9pondent \u00e0 des exigences diff\u00e9rentes et sont divis\u00e9s en une large gamme de boissons traditionnelles, boissons light et boissons innovatrices. Ils sont utilis\u00e9s [&hellip;]","og_url":"https:\/\/www.iobevo.com\/online\/produits\/boissons-io-buono\/?lang=fr","og_site_name":"io bevo\u00ae","article_modified_time":"2017-07-25T16:15:39+00:00","og_image":[{"width":1512,"height":400,"url":"https:\/\/www.iobevo.com\/online\/wp-content\/uploads\/2014\/01\/slide-2-bg-e1400667726929.png","type":"image\/png"}],"twitter_card":"summary_large_image","twitter_site":"@IoBevo","twitter_misc":{"Tempo di lettura stimato":"1 minuto"},"schema":{"@context":"https:\/\/schema.org","@graph":[{"@type":"WebPage","@id":"https:\/\/www.iobevo.com\/online\/produits\/boissons-io-buono\/?lang=fr","url":"https:\/\/www.iobevo.com\/online\/produits\/boissons-io-buono\/?lang=fr","name":"Boissons io buono\u00ae - io bevo\u00ae","isPartOf":{"@id":"https:\/\/www.iobevo.com\/online\/#website"},"primaryImageOfPage":{"@id":"https:\/\/www.iobevo.com\/online\/produits\/boissons-io-buono\/?lang=fr#primaryimage"},"image":{"@id":"https:\/\/www.iobevo.com\/online\/produits\/boissons-io-buono\/?lang=fr#primaryimage"},"thumbnailUrl":"https:\/\/www.iobevo.com\/online\/wp-content\/uploads\/2014\/01\/slide-2-bg-e1400667726929.png","datePublished":"2014-07-07T16:50:26+00:00","dateModified":"2017-07-25T16:15:39+00:00","breadcrumb":{"@id":"https:\/\/www.iobevo.com\/online\/produits\/boissons-io-buono\/?lang=fr#breadcrumb"},"inLanguage":"it-IT","potentialAction":[{"@type":"ReadAction","target":["https:\/\/www.iobevo.com\/online\/produits\/boissons-io-buono\/?lang=fr"]}]},{"@type":"ImageObject","inLanguage":"it-IT","@id":"https:\/\/www.iobevo.com\/online\/produits\/boissons-io-buono\/?lang=fr#primaryimage","url":"https:\/\/www.iobevo.com\/online\/wp-content\/uploads\/2014\/01\/slide-2-bg-e1400667726929.png","contentUrl":"https:\/\/www.iobevo.com\/online\/wp-content\/uploads\/2014\/01\/slide-2-bg-e1400667726929.png","width":1512,"height":400},{"@type":"BreadcrumbList","@id":"https:\/\/www.iobevo.com\/online\/produits\/boissons-io-buono\/?lang=fr#breadcrumb","itemListElement":[{"@type":"ListItem","position":1,"name":"Produits","item":"https:\/\/www.iobevo.com\/online\/produits\/?lang=fr"},{"@type":"ListItem","position":2,"name":"Boissons io buono\u00ae"}]},{"@type":"WebSite","@id":"https:\/\/www.iobevo.com\/online\/#website","url":"https:\/\/www.iobevo.com\/online\/","name":"io bevo\u00ae","description":"Drink Plastic free","publisher":{"@id":"https:\/\/www.iobevo.com\/online\/#organization"},"potentialAction":[{"@type":"SearchAction","target":{"@type":"EntryPoint","urlTemplate":"https:\/\/www.iobevo.com\/online\/?s={search_term_string}"},"query-input":{"@type":"PropertyValueSpecification","valueRequired":true,"valueName":"search_term_string"}}],"inLanguage":"it-IT"},{"@type":"Organization","@id":"https:\/\/www.iobevo.com\/online\/#organization","name":"General Beverage","url":"https:\/\/www.iobevo.com\/online\/","logo":{"@type":"ImageObject","inLanguage":"it-IT","@id":"https:\/\/www.iobevo.com\/online\/#\/schema\/logo\/image\/","url":"https:\/\/www.iobevo.com\/online\/wp-content\/uploads\/2014\/01\/logo_gb_horizontal_grey_160x47.png","contentUrl":"https:\/\/www.iobevo.com\/online\/wp-content\/uploads\/2014\/01\/logo_gb_horizontal_grey_160x47.png","width":160,"height":47,"caption":"General Beverage"},"image":{"@id":"https:\/\/www.iobevo.com\/online\/#\/schema\/logo\/image\/"},"sameAs":["https:\/\/x.com\/IoBevo"]}]}},"_links":{"self":[{"href":"https:\/\/www.iobevo.com\/online\/wp-json\/wp\/v2\/pages\/6209","targetHints":{"allow":["GET"]}}],"collection":[{"href":"https:\/\/www.iobevo.com\/online\/wp-json\/wp\/v2\/pages"}],"about":[{"href":"https:\/\/www.iobevo.com\/online\/wp-json\/wp\/v2\/types\/page"}],"author":[{"embeddable":true,"href":"https:\/\/www.iobevo.com\/online\/wp-json\/wp\/v2\/users\/58"}],"replies":[{"embeddable":true,"href":"https:\/\/www.iobevo.com\/online\/wp-json\/wp\/v2\/comments?post=6209"}],"version-history":[{"count":0,"href":"https:\/\/www.iobevo.com\/online\/wp-json\/wp\/v2\/pages\/6209\/revisions"}],"up":[{"embeddable":true,"href":"https:\/\/www.iobevo.com\/online\/wp-json\/wp\/v2\/pages\/6183"}],"wp:featuredmedia":[{"embeddable":true,"href":"https:\/\/www.iobevo.com\/online\/wp-json\/wp\/v2\/media\/2831"}],"wp:attachment":[{"href":"https:\/\/www.iobevo.com\/online\/wp-json\/wp\/v2\/media?parent=6209"}],"curies":[{"name":"wp","href":"https:\/\/api.w.org\/{rel}","templated":true}]}}