{"id":6214,"date":"2014-07-07T16:54:27","date_gmt":"2014-07-07T16:54:27","guid":{"rendered":"http:\/\/www.iobevo.com\/online\/?page_id=6214"},"modified":"2017-07-25T10:27:17","modified_gmt":"2017-07-25T08:27:17","slug":"boissons-equitables-et-solidaires","status":"publish","type":"page","link":"https:\/\/www.iobevo.com\/online\/produits\/boissons-equitables-et-solidaires\/?lang=fr","title":{"rendered":"Concentr\u00e9s et solubles pour boissons Fairtrade"},"content":{"rendered":"<p>General Beverage est titulaire d&#8217;une licence Fairtrade, marque internationale de garantie du commerce \u00e9quitable et solidaire et membre du consortium <a href=\"http:\/\/www.fairtradeitalia.it\/\" target=\"_blank\" rel=\"noopener noreferrer\">Fairtrade Italie<\/a>.<\/p>\n<p>Une grande partie des boissons produites sont fabriqu\u00e9es \u00e0 partir de mati\u00e8res premi\u00e8res du commerce \u00e9quitable et solidaire et certifi\u00e9es Fairtrade:<\/p>\n<ul>\n<li><strong>concentr\u00e9s pour boissons sans alcool<\/strong>, y compris Equo Cola, Equo Orange, Equo gazzosa, Equo bitter, Equo th\u00e9 au citron, Equo th\u00e9 \u00e0 la p\u00eache<\/li>\n<li><strong>solubles pour boissons chaudes<\/strong>, y compris: Equociok, chocolat en tasse \u00e9quitable et solidaire<\/li>\n<li><strong>caf\u00e9 en grains Fairtrade<\/strong>.<\/li>\n<\/ul>\n<p>Les concentr\u00e9s sont conditionn\u00e9s sous-vide en bag de 10 et 20 litres<br \/>\nL\u2019\u00e9quo Ciok est conditionn\u00e9 en sachet de 500 g<br \/>\nLe caf\u00e9 en grains est conditionn\u00e9 en sachet de 1kg<\/p>\n<p><span class=\"responsive\"><img fetchpriority=\"high\" decoding=\"async\" class=\"aligncenter wp-image-3206\" src=\"http:\/\/iobevo.com\/online\/wp-content\/uploads\/2014\/04\/concentrati-per-bevande-fai.jpg\" alt=\"concentrati-per-bevande-fairtrade\" width=\"450\" height=\"244\" srcset=\"https:\/\/www.iobevo.com\/online\/wp-content\/uploads\/2014\/04\/concentrati-per-bevande-fai.jpg 700w, https:\/\/www.iobevo.com\/online\/wp-content\/uploads\/2014\/04\/concentrati-per-bevande-fai-300x162.jpg 300w, https:\/\/www.iobevo.com\/online\/wp-content\/uploads\/2014\/04\/concentrati-per-bevande-fai-460x250.jpg 460w\" sizes=\"(max-width: 450px) 100vw, 450px\" \/><\/span><\/p>\n\n<table id=\"tablepress-61\" class=\"tablepress tablepress-id-61\">\n<thead>\n<tr class=\"row-1\">\n\t<th class=\"column-1\">CONCENTRE\u0301S ET SOLUBLES POUR BOISSONS FAIRTRADE<\/th>\n<\/tr>\n<\/thead>\n<tbody class=\"row-striping row-hover\">\n<tr class=\"row-2\">\n\t<td class=\"column-1\"><\/td>\n<\/tr>\n<tr class=\"row-3\">\n\t<td class=\"column-1\">Equo Cola Fairtrade<\/td>\n<\/tr>\n<tr class=\"row-4\">\n\t<td class=\"column-1\">Equoth\u00e9 p\u00eache Fairtrade<\/td>\n<\/tr>\n<tr class=\"row-5\">\n\t<td class=\"column-1\">Equoth\u00e9 citron Fairtrade<\/td>\n<\/tr>\n<tr class=\"row-6\">\n\t<td class=\"column-1\">Equobitter Fairtrade<\/td>\n<\/tr>\n<tr class=\"row-7\">\n\t<td class=\"column-1\">Equochinotto Fairtrade<\/td>\n<\/tr>\n<tr class=\"row-8\">\n\t<td class=\"column-1\">Equo Ananas<\/td>\n<\/tr>\n<tr class=\"row-9\">\n\t<td class=\"column-1\">Equo Orange blonde <\/td>\n<\/tr>\n<tr class=\"row-10\">\n\t<td class=\"column-1\">Equo ACE orange-carotte-citron<\/td>\n<\/tr>\n<tr class=\"row-11\">\n\t<td class=\"column-1\">Equo caf\u00e9 <\/td>\n<\/tr>\n<tr class=\"row-12\">\n\t<td class=\"column-1\">Equo th\u00e9<\/td>\n<\/tr>\n<tr class=\"row-13\">\n\t<td class=\"column-1\">Equo Ciok - chocolat en tasse<\/td>\n<\/tr>\n<tr class=\"row-14\">\n\t<td class=\"column-1\">Caf\u00e9 grain equo et solidaire FAIRTRADE - Meseta Beneficio<\/td>\n<\/tr>\n<\/tbody>\n<\/table>\n\n<div class=\"gap\" style=\"height: 30px;\"><\/div>\n<h3 class=\"title\"><span>Services<\/span><\/h3><div class=\"latest-portfolio negative-wrap\"><div class=\"portfolio-item four columns\"><div class=\"portfolio-it\">\n\t\t\t\t  \t\t<a href=\"https:\/\/www.iobevo.com\/online\/portfolio-item\/freebeverage\/\" title=\"freebeverage\u00ae\"><span class=\"portfolio-pic\"><img decoding=\"async\" src=\"https:\/\/www.iobevo.com\/online\/wp-content\/uploads\/2014\/01\/freebeverage-460x300.jpg\" \/><div class=\"portfolio-overlay\"><span class=\"overlay-link\"><\/span><\/div><\/span><\/a>\n\t\t\t\t  \t\t<a href=\"https:\/\/www.iobevo.com\/online\/portfolio-item\/freebeverage\/\" title=\"freebeverage\u00ae\" class=\"portfolio-title\"><h4>freebeverage\u00ae<\/h4><span>Liberi di bere<\/span><\/a>\n\t\t\t\t  \t<\/div><\/div><div class=\"portfolio-item four columns\"><div class=\"portfolio-it\">\n\t\t\t\t  \t\t<a href=\"https:\/\/www.iobevo.com\/online\/portfolio-item\/io-breakfast\/\" title=\"io breakfast\u00ae\"><span class=\"portfolio-pic\"><img decoding=\"async\" src=\"https:\/\/www.iobevo.com\/online\/wp-content\/uploads\/2013\/01\/portfolio_io_breakfast-460x300.jpg\" \/><div class=\"portfolio-overlay\"><span class=\"overlay-link\"><\/span><\/div><\/span><\/a>\n\t\t\t\t  \t\t<a href=\"https:\/\/www.iobevo.com\/online\/portfolio-item\/io-breakfast\/\" title=\"io breakfast\u00ae\" class=\"portfolio-title\"><h4>io breakfast\u00ae<\/h4><span>Servizi di qualit\u00e0 per la colazione<\/span><\/a>\n\t\t\t\t  \t<\/div><\/div><div class=\"portfolio-item four columns\"><div class=\"portfolio-it\">\n\t\t\t\t  \t\t<a href=\"https:\/\/www.iobevo.com\/online\/portfolio-item\/office-bar\/\" title=\"office bar\"><span class=\"portfolio-pic\"><img decoding=\"async\" src=\"https:\/\/www.iobevo.com\/online\/wp-content\/uploads\/2014\/04\/office_bar-460x300.jpg\" \/><div class=\"portfolio-overlay\"><span class=\"overlay-link\"><\/span><\/div><\/span><\/a>\n\t\t\t\t  \t\t<a href=\"https:\/\/www.iobevo.com\/online\/portfolio-item\/office-bar\/\" title=\"office bar\" class=\"portfolio-title\"><h4>office bar<\/h4><span>Bevande sostenibili per l'ufficio<\/span><\/a>\n\t\t\t\t  \t<\/div><\/div><\/div><div class=\"clear\"><\/div>\n<div class=\"gap\" style=\"height: 30px;\"><\/div>\n<h3 class=\"title\"><span>Secteurs du march\u00e9<\/span><\/h3><div class=\"latest-portfolio negative-wrap\"><div class=\"portfolio-item four columns\"><div class=\"portfolio-it\">\n\t\t\t\t  \t\t<a href=\"https:\/\/www.iobevo.com\/online\/portfolio-item\/mense-aziendali\/\" title=\"Mense aziendali\"><span class=\"portfolio-pic\"><img decoding=\"async\" src=\"https:\/\/www.iobevo.com\/online\/wp-content\/uploads\/2014\/02\/FOTO-48-mense-aziendali-13687094_l-460x300.jpg\" \/><div class=\"portfolio-overlay\"><span class=\"overlay-link\"><\/span><\/div><\/span><\/a>\n\t\t\t\t  \t\t<a href=\"https:\/\/www.iobevo.com\/online\/portfolio-item\/mense-aziendali\/\" title=\"Mense aziendali\" class=\"portfolio-title\"><h4>Mense aziendali<\/h4><span>Ristorazione sostenibile<\/span><\/a>\n\t\t\t\t  \t<\/div><\/div><div class=\"portfolio-item four columns\"><div class=\"portfolio-it\">\n\t\t\t\t  \t\t<a href=\"https:\/\/www.iobevo.com\/online\/portfolio-item\/mense-universitarie\/\" title=\"Mense universitarie\"><span class=\"portfolio-pic\"><img decoding=\"async\" src=\"https:\/\/www.iobevo.com\/online\/wp-content\/uploads\/2014\/02\/FOTO-49-mense-universitarie-3481295-amico-a-mensa-o-di-caffetteria-460x300.jpg\" \/><div class=\"portfolio-overlay\"><span class=\"overlay-link\"><\/span><\/div><\/span><\/a>\n\t\t\t\t  \t\t<a href=\"https:\/\/www.iobevo.com\/online\/portfolio-item\/mense-universitarie\/\" title=\"Mense universitarie\" class=\"portfolio-title\"><h4>Mense universitarie<\/h4><span>Ristoranti di universit\u00e0 e campus<\/span><\/a>\n\t\t\t\t  \t<\/div><\/div><div class=\"portfolio-item four columns\"><div class=\"portfolio-it\">\n\t\t\t\t  \t\t<a href=\"https:\/\/www.iobevo.com\/online\/portfolio-item\/mense-scolastiche\/\" title=\"Mense scolastiche\"><span class=\"portfolio-pic\"><img decoding=\"async\" src=\"https:\/\/www.iobevo.com\/online\/wp-content\/uploads\/2014\/05\/mense_scolastiche-460x300.jpg\" \/><div class=\"portfolio-overlay\"><span class=\"overlay-link\"><\/span><\/div><\/span><\/a>\n\t\t\t\t  \t\t<a href=\"https:\/\/www.iobevo.com\/online\/portfolio-item\/mense-scolastiche\/\" title=\"Mense scolastiche\" class=\"portfolio-title\"><h4>Mense scolastiche<\/h4><span>Ristorazione sostenibile a scuola<\/span><\/a>\n\t\t\t\t  \t<\/div><\/div><div class=\"portfolio-item four columns\"><div class=\"portfolio-it\">\n\t\t\t\t  \t\t<a href=\"https:\/\/www.iobevo.com\/online\/portfolio-item\/alberghi\/\" title=\"Alberghi\"><span class=\"portfolio-pic\"><img decoding=\"async\" src=\"https:\/\/www.iobevo.com\/online\/wp-content\/uploads\/2014\/02\/turismo-460x300.jpg\" \/><div class=\"portfolio-overlay\"><span class=\"overlay-link\"><\/span><\/div><\/span><\/a>\n\t\t\t\t  \t\t<a href=\"https:\/\/www.iobevo.com\/online\/portfolio-item\/alberghi\/\" title=\"Alberghi\" class=\"portfolio-title\"><h4>Alberghi<\/h4><span>Ristorazione per hotel e alberghi<\/span><\/a>\n\t\t\t\t  \t<\/div><\/div><div class=\"portfolio-item four columns\"><div class=\"portfolio-it\">\n\t\t\t\t  \t\t<a href=\"https:\/\/www.iobevo.com\/online\/portfolio-item\/villaggi-turistici\/\" title=\"Villaggi turistici\"><span class=\"portfolio-pic\"><img decoding=\"async\" src=\"https:\/\/www.iobevo.com\/online\/wp-content\/uploads\/2014\/04\/FOTO-54-villaggio-turistico-9213332-bellissima-spiaggia-con-le-palme-filippine-460x300.jpg\" \/><div class=\"portfolio-overlay\"><span class=\"overlay-link\"><\/span><\/div><\/span><\/a>\n\t\t\t\t  \t\t<a href=\"https:\/\/www.iobevo.com\/online\/portfolio-item\/villaggi-turistici\/\" title=\"Villaggi turistici\" class=\"portfolio-title\"><h4>Villaggi turistici<\/h4><span>Bevande per resort e camping<\/span><\/a>\n\t\t\t\t  \t<\/div><\/div><div class=\"portfolio-item four columns\"><div class=\"portfolio-it\">\n\t\t\t\t  \t\t<a href=\"https:\/\/www.iobevo.com\/online\/portfolio-item\/negozi-dello-sfuso\/\" title=\"Negozi dello sfuso\"><span class=\"portfolio-pic\"><img decoding=\"async\" src=\"https:\/\/www.iobevo.com\/online\/wp-content\/uploads\/2014\/02\/FOTO-60-negozio-460x300.jpg\" \/><div class=\"portfolio-overlay\"><span class=\"overlay-link\"><\/span><\/div><\/span><\/a>\n\t\t\t\t  \t\t<a href=\"https:\/\/www.iobevo.com\/online\/portfolio-item\/negozi-dello-sfuso\/\" title=\"Negozi dello sfuso\" class=\"portfolio-title\"><h4>Negozi dello sfuso<\/h4><span>Bevande per consumo sostenibile<\/span><\/a>\n\t\t\t\t  \t<\/div><\/div><\/div><div class=\"clear\"><\/div>\n","protected":false},"excerpt":{"rendered":"<p>General Beverage est titulaire d&#8217;une licence Fairtrade, marque internationale de garantie du commerce \u00e9quitable et solidaire et membre du consortium Fairtrade Italie. Une grande partie des boissons produites sont fabriqu\u00e9es \u00e0 partir de mati\u00e8res premi\u00e8res du commerce \u00e9quitable et solidaire et certifi\u00e9es Fairtrade: concentr\u00e9s pour boissons sans alcool, y compris [&hellip;]<\/p>\n","protected":false},"author":58,"featured_media":2831,"parent":6183,"menu_order":11,"comment_status":"open","ping_status":"closed","template":"","meta":{"footnotes":""},"class_list":["post-6214","page","type-page","status-publish","has-post-thumbnail","hentry"],"yoast_head":"<!-- This site is optimized with the Yoast SEO plugin v27.3 - https:\/\/yoast.com\/product\/yoast-seo-wordpress\/ -->\n<title>Concentr\u00e9s et solubles pour boissons Fairtrade - io bevo\u00ae<\/title>\n<meta name=\"robots\" content=\"index, follow, max-snippet:-1, max-image-preview:large, max-video-preview:-1\" \/>\n<link rel=\"canonical\" href=\"https:\/\/www.iobevo.com\/online\/produits\/boissons-equitables-et-solidaires\/?lang=fr\" \/>\n<meta property=\"og:locale\" content=\"it_IT\" \/>\n<meta property=\"og:type\" content=\"article\" \/>\n<meta property=\"og:title\" content=\"Concentr\u00e9s et solubles pour boissons Fairtrade - io bevo\u00ae\" \/>\n<meta property=\"og:description\" content=\"General Beverage est titulaire d&#8217;une licence Fairtrade, marque internationale de garantie du commerce \u00e9quitable et solidaire et membre du consortium Fairtrade Italie. Une grande partie des boissons produites sont fabriqu\u00e9es \u00e0 partir de mati\u00e8res premi\u00e8res du commerce \u00e9quitable et solidaire et certifi\u00e9es Fairtrade: concentr\u00e9s pour boissons sans alcool, y compris [&hellip;]\" \/>\n<meta property=\"og:url\" content=\"https:\/\/www.iobevo.com\/online\/produits\/boissons-equitables-et-solidaires\/?lang=fr\" \/>\n<meta property=\"og:site_name\" content=\"io bevo\u00ae\" \/>\n<meta property=\"article:modified_time\" content=\"2017-07-25T08:27:17+00:00\" \/>\n<meta property=\"og:image\" content=\"https:\/\/www.iobevo.com\/online\/wp-content\/uploads\/2014\/01\/slide-2-bg-e1400667726929.png\" \/>\n\t<meta property=\"og:image:width\" content=\"1512\" \/>\n\t<meta property=\"og:image:height\" content=\"400\" \/>\n\t<meta property=\"og:image:type\" content=\"image\/png\" \/>\n<meta name=\"twitter:card\" content=\"summary_large_image\" \/>\n<meta name=\"twitter:site\" content=\"@IoBevo\" \/>\n<meta name=\"twitter:label1\" content=\"Tempo di lettura stimato\" \/>\n\t<meta name=\"twitter:data1\" content=\"1 minuto\" \/>\n<script type=\"application\/ld+json\" class=\"yoast-schema-graph\">{\"@context\":\"https:\\\/\\\/schema.org\",\"@graph\":[{\"@type\":\"WebPage\",\"@id\":\"https:\\\/\\\/www.iobevo.com\\\/online\\\/produits\\\/boissons-equitables-et-solidaires\\\/?lang=fr\",\"url\":\"https:\\\/\\\/www.iobevo.com\\\/online\\\/produits\\\/boissons-equitables-et-solidaires\\\/?lang=fr\",\"name\":\"Concentr\u00e9s et solubles pour boissons Fairtrade - io bevo\u00ae\",\"isPartOf\":{\"@id\":\"https:\\\/\\\/www.iobevo.com\\\/online\\\/#website\"},\"primaryImageOfPage\":{\"@id\":\"https:\\\/\\\/www.iobevo.com\\\/online\\\/produits\\\/boissons-equitables-et-solidaires\\\/?lang=fr#primaryimage\"},\"image\":{\"@id\":\"https:\\\/\\\/www.iobevo.com\\\/online\\\/produits\\\/boissons-equitables-et-solidaires\\\/?lang=fr#primaryimage\"},\"thumbnailUrl\":\"https:\\\/\\\/www.iobevo.com\\\/online\\\/wp-content\\\/uploads\\\/2014\\\/01\\\/slide-2-bg-e1400667726929.png\",\"datePublished\":\"2014-07-07T16:54:27+00:00\",\"dateModified\":\"2017-07-25T08:27:17+00:00\",\"breadcrumb\":{\"@id\":\"https:\\\/\\\/www.iobevo.com\\\/online\\\/produits\\\/boissons-equitables-et-solidaires\\\/?lang=fr#breadcrumb\"},\"inLanguage\":\"it-IT\",\"potentialAction\":[{\"@type\":\"ReadAction\",\"target\":[\"https:\\\/\\\/www.iobevo.com\\\/online\\\/produits\\\/boissons-equitables-et-solidaires\\\/?lang=fr\"]}]},{\"@type\":\"ImageObject\",\"inLanguage\":\"it-IT\",\"@id\":\"https:\\\/\\\/www.iobevo.com\\\/online\\\/produits\\\/boissons-equitables-et-solidaires\\\/?lang=fr#primaryimage\",\"url\":\"https:\\\/\\\/www.iobevo.com\\\/online\\\/wp-content\\\/uploads\\\/2014\\\/01\\\/slide-2-bg-e1400667726929.png\",\"contentUrl\":\"https:\\\/\\\/www.iobevo.com\\\/online\\\/wp-content\\\/uploads\\\/2014\\\/01\\\/slide-2-bg-e1400667726929.png\",\"width\":1512,\"height\":400},{\"@type\":\"BreadcrumbList\",\"@id\":\"https:\\\/\\\/www.iobevo.com\\\/online\\\/produits\\\/boissons-equitables-et-solidaires\\\/?lang=fr#breadcrumb\",\"itemListElement\":[{\"@type\":\"ListItem\",\"position\":1,\"name\":\"Produits\",\"item\":\"https:\\\/\\\/www.iobevo.com\\\/online\\\/produits\\\/?lang=fr\"},{\"@type\":\"ListItem\",\"position\":2,\"name\":\"Concentr\u00e9s et solubles pour boissons Fairtrade\"}]},{\"@type\":\"WebSite\",\"@id\":\"https:\\\/\\\/www.iobevo.com\\\/online\\\/#website\",\"url\":\"https:\\\/\\\/www.iobevo.com\\\/online\\\/\",\"name\":\"io bevo\u00ae\",\"description\":\"Drink Plastic free\",\"publisher\":{\"@id\":\"https:\\\/\\\/www.iobevo.com\\\/online\\\/#organization\"},\"potentialAction\":[{\"@type\":\"SearchAction\",\"target\":{\"@type\":\"EntryPoint\",\"urlTemplate\":\"https:\\\/\\\/www.iobevo.com\\\/online\\\/?s={search_term_string}\"},\"query-input\":{\"@type\":\"PropertyValueSpecification\",\"valueRequired\":true,\"valueName\":\"search_term_string\"}}],\"inLanguage\":\"it-IT\"},{\"@type\":\"Organization\",\"@id\":\"https:\\\/\\\/www.iobevo.com\\\/online\\\/#organization\",\"name\":\"General Beverage\",\"url\":\"https:\\\/\\\/www.iobevo.com\\\/online\\\/\",\"logo\":{\"@type\":\"ImageObject\",\"inLanguage\":\"it-IT\",\"@id\":\"https:\\\/\\\/www.iobevo.com\\\/online\\\/#\\\/schema\\\/logo\\\/image\\\/\",\"url\":\"https:\\\/\\\/www.iobevo.com\\\/online\\\/wp-content\\\/uploads\\\/2014\\\/01\\\/logo_gb_horizontal_grey_160x47.png\",\"contentUrl\":\"https:\\\/\\\/www.iobevo.com\\\/online\\\/wp-content\\\/uploads\\\/2014\\\/01\\\/logo_gb_horizontal_grey_160x47.png\",\"width\":160,\"height\":47,\"caption\":\"General Beverage\"},\"image\":{\"@id\":\"https:\\\/\\\/www.iobevo.com\\\/online\\\/#\\\/schema\\\/logo\\\/image\\\/\"},\"sameAs\":[\"https:\\\/\\\/x.com\\\/IoBevo\"]}]}<\/script>\n<!-- \/ Yoast SEO plugin. -->","yoast_head_json":{"title":"Concentr\u00e9s et solubles pour boissons Fairtrade - io bevo\u00ae","robots":{"index":"index","follow":"follow","max-snippet":"max-snippet:-1","max-image-preview":"max-image-preview:large","max-video-preview":"max-video-preview:-1"},"canonical":"https:\/\/www.iobevo.com\/online\/produits\/boissons-equitables-et-solidaires\/?lang=fr","og_locale":"it_IT","og_type":"article","og_title":"Concentr\u00e9s et solubles pour boissons Fairtrade - io bevo\u00ae","og_description":"General Beverage est titulaire d&#8217;une licence Fairtrade, marque internationale de garantie du commerce \u00e9quitable et solidaire et membre du consortium Fairtrade Italie. Une grande partie des boissons produites sont fabriqu\u00e9es \u00e0 partir de mati\u00e8res premi\u00e8res du commerce \u00e9quitable et solidaire et certifi\u00e9es Fairtrade: concentr\u00e9s pour boissons sans alcool, y compris [&hellip;]","og_url":"https:\/\/www.iobevo.com\/online\/produits\/boissons-equitables-et-solidaires\/?lang=fr","og_site_name":"io bevo\u00ae","article_modified_time":"2017-07-25T08:27:17+00:00","og_image":[{"width":1512,"height":400,"url":"https:\/\/www.iobevo.com\/online\/wp-content\/uploads\/2014\/01\/slide-2-bg-e1400667726929.png","type":"image\/png"}],"twitter_card":"summary_large_image","twitter_site":"@IoBevo","twitter_misc":{"Tempo di lettura stimato":"1 minuto"},"schema":{"@context":"https:\/\/schema.org","@graph":[{"@type":"WebPage","@id":"https:\/\/www.iobevo.com\/online\/produits\/boissons-equitables-et-solidaires\/?lang=fr","url":"https:\/\/www.iobevo.com\/online\/produits\/boissons-equitables-et-solidaires\/?lang=fr","name":"Concentr\u00e9s et solubles pour boissons Fairtrade - io bevo\u00ae","isPartOf":{"@id":"https:\/\/www.iobevo.com\/online\/#website"},"primaryImageOfPage":{"@id":"https:\/\/www.iobevo.com\/online\/produits\/boissons-equitables-et-solidaires\/?lang=fr#primaryimage"},"image":{"@id":"https:\/\/www.iobevo.com\/online\/produits\/boissons-equitables-et-solidaires\/?lang=fr#primaryimage"},"thumbnailUrl":"https:\/\/www.iobevo.com\/online\/wp-content\/uploads\/2014\/01\/slide-2-bg-e1400667726929.png","datePublished":"2014-07-07T16:54:27+00:00","dateModified":"2017-07-25T08:27:17+00:00","breadcrumb":{"@id":"https:\/\/www.iobevo.com\/online\/produits\/boissons-equitables-et-solidaires\/?lang=fr#breadcrumb"},"inLanguage":"it-IT","potentialAction":[{"@type":"ReadAction","target":["https:\/\/www.iobevo.com\/online\/produits\/boissons-equitables-et-solidaires\/?lang=fr"]}]},{"@type":"ImageObject","inLanguage":"it-IT","@id":"https:\/\/www.iobevo.com\/online\/produits\/boissons-equitables-et-solidaires\/?lang=fr#primaryimage","url":"https:\/\/www.iobevo.com\/online\/wp-content\/uploads\/2014\/01\/slide-2-bg-e1400667726929.png","contentUrl":"https:\/\/www.iobevo.com\/online\/wp-content\/uploads\/2014\/01\/slide-2-bg-e1400667726929.png","width":1512,"height":400},{"@type":"BreadcrumbList","@id":"https:\/\/www.iobevo.com\/online\/produits\/boissons-equitables-et-solidaires\/?lang=fr#breadcrumb","itemListElement":[{"@type":"ListItem","position":1,"name":"Produits","item":"https:\/\/www.iobevo.com\/online\/produits\/?lang=fr"},{"@type":"ListItem","position":2,"name":"Concentr\u00e9s et solubles pour boissons Fairtrade"}]},{"@type":"WebSite","@id":"https:\/\/www.iobevo.com\/online\/#website","url":"https:\/\/www.iobevo.com\/online\/","name":"io bevo\u00ae","description":"Drink Plastic free","publisher":{"@id":"https:\/\/www.iobevo.com\/online\/#organization"},"potentialAction":[{"@type":"SearchAction","target":{"@type":"EntryPoint","urlTemplate":"https:\/\/www.iobevo.com\/online\/?s={search_term_string}"},"query-input":{"@type":"PropertyValueSpecification","valueRequired":true,"valueName":"search_term_string"}}],"inLanguage":"it-IT"},{"@type":"Organization","@id":"https:\/\/www.iobevo.com\/online\/#organization","name":"General Beverage","url":"https:\/\/www.iobevo.com\/online\/","logo":{"@type":"ImageObject","inLanguage":"it-IT","@id":"https:\/\/www.iobevo.com\/online\/#\/schema\/logo\/image\/","url":"https:\/\/www.iobevo.com\/online\/wp-content\/uploads\/2014\/01\/logo_gb_horizontal_grey_160x47.png","contentUrl":"https:\/\/www.iobevo.com\/online\/wp-content\/uploads\/2014\/01\/logo_gb_horizontal_grey_160x47.png","width":160,"height":47,"caption":"General Beverage"},"image":{"@id":"https:\/\/www.iobevo.com\/online\/#\/schema\/logo\/image\/"},"sameAs":["https:\/\/x.com\/IoBevo"]}]}},"_links":{"self":[{"href":"https:\/\/www.iobevo.com\/online\/wp-json\/wp\/v2\/pages\/6214","targetHints":{"allow":["GET"]}}],"collection":[{"href":"https:\/\/www.iobevo.com\/online\/wp-json\/wp\/v2\/pages"}],"about":[{"href":"https:\/\/www.iobevo.com\/online\/wp-json\/wp\/v2\/types\/page"}],"author":[{"embeddable":true,"href":"https:\/\/www.iobevo.com\/online\/wp-json\/wp\/v2\/users\/58"}],"replies":[{"embeddable":true,"href":"https:\/\/www.iobevo.com\/online\/wp-json\/wp\/v2\/comments?post=6214"}],"version-history":[{"count":0,"href":"https:\/\/www.iobevo.com\/online\/wp-json\/wp\/v2\/pages\/6214\/revisions"}],"up":[{"embeddable":true,"href":"https:\/\/www.iobevo.com\/online\/wp-json\/wp\/v2\/pages\/6183"}],"wp:featuredmedia":[{"embeddable":true,"href":"https:\/\/www.iobevo.com\/online\/wp-json\/wp\/v2\/media\/2831"}],"wp:attachment":[{"href":"https:\/\/www.iobevo.com\/online\/wp-json\/wp\/v2\/media?parent=6214"}],"curies":[{"name":"wp","href":"https:\/\/api.w.org\/{rel}","templated":true}]}}