{"id":6221,"date":"2014-07-07T16:59:29","date_gmt":"2014-07-07T16:59:29","guid":{"rendered":"http:\/\/www.iobevo.com\/online\/?page_id=6221"},"modified":"2017-07-26T10:29:17","modified_gmt":"2017-07-26T08:29:17","slug":"aliments-homogeneises-sano","status":"publish","type":"page","link":"https:\/\/www.iobevo.com\/online\/produits\/aliments-homogeneises-sano\/?lang=fr","title":{"rendered":"Aliments homog\u00e9n\u00e9is\u00e9s io sano\u00ae"},"content":{"rendered":"<h4>Pr\u00e9parations pour aliments homog\u00e9n\u00e9is\u00e9s instantan\u00e9s<\/h4>\n<p>Cette gamme de produits est principalement utilis\u00e9e dans le cadre du service <span class=\"mark2\"><a href=\"https:\/\/www.iosano.com\/online\/fr\/services\/ristosano\/\">RistoSano<\/a><\/span><span class=\"mark3\">\u00ae<\/span>.<\/p>\n<p>Vous pouvez trouver de plus amples informations en acc\u00e9dant \u00e0 <span class=\"mark1\">io<\/span> <span class=\"mark2\"><a href=\"https:\/\/www.iosano.com\/online\/fr\/\">sano<\/a><\/span><span class=\"mark3\">\u00ae<\/span>.<\/p>\n<p><span class=\"responsive\"><\/p>\n<p><img fetchpriority=\"high\" decoding=\"async\" class=\"aligncenter wp-image-3214 size-full\" src=\"https:\/\/www.iobevo.com\/online\/wp-content\/uploads\/2014\/04\/preparati-per-alimenti-io-s.jpg\" alt=\"preparati-per-alimenti-io-sano\" width=\"700\" height=\"467\" srcset=\"https:\/\/www.iobevo.com\/online\/wp-content\/uploads\/2014\/04\/preparati-per-alimenti-io-s.jpg 700w, https:\/\/www.iobevo.com\/online\/wp-content\/uploads\/2014\/04\/preparati-per-alimenti-io-s-300x200.jpg 300w\" sizes=\"(max-width: 700px) 100vw, 700px\" \/><\/span><\/p>\n<div class=\"gap\" style=\"height: 30px;\"><\/div>\n<h3 class=\"title\"><span>Secteurs du march\u00e9<\/span><\/h3><div class=\"latest-portfolio negative-wrap\"><div class=\"portfolio-item four columns\"><div class=\"portfolio-it\">\n\t\t\t\t  \t\t<a href=\"https:\/\/www.iobevo.com\/online\/portfolio-item\/ospedali\/\" title=\"Ospedali\"><span class=\"portfolio-pic\"><img decoding=\"async\" src=\"https:\/\/www.iobevo.com\/online\/wp-content\/uploads\/2014\/02\/FOTO-52-settore-ospedali-460x300.jpg\" \/><div class=\"portfolio-overlay\"><span class=\"overlay-link\"><\/span><\/div><\/span><\/a>\n\t\t\t\t  \t\t<a href=\"https:\/\/www.iobevo.com\/online\/portfolio-item\/ospedali\/\" title=\"Ospedali\" class=\"portfolio-title\"><h4>Ospedali<\/h4><span>Ristorazione settore sanitario<\/span><\/a>\n\t\t\t\t  \t<\/div><\/div><div class=\"portfolio-item four columns\"><div class=\"portfolio-it\">\n\t\t\t\t  \t\t<a href=\"https:\/\/www.iobevo.com\/online\/portfolio-item\/case-di-riposo\/\" title=\"Case di Riposo\"><span class=\"portfolio-pic\"><img decoding=\"async\" src=\"https:\/\/www.iobevo.com\/online\/wp-content\/uploads\/2014\/04\/FOTO-51-settore-case-di-riposo-460x300.jpg\" \/><div class=\"portfolio-overlay\"><span class=\"overlay-link\"><\/span><\/div><\/span><\/a>\n\t\t\t\t  \t\t<a href=\"https:\/\/www.iobevo.com\/online\/portfolio-item\/case-di-riposo\/\" title=\"Case di Riposo\" class=\"portfolio-title\"><h4>Case di Riposo<\/h4><span>Ristorazione per la terza et\u00e0<\/span><\/a>\n\t\t\t\t  \t<\/div><\/div><\/div><div class=\"clear\"><\/div>\n","protected":false},"excerpt":{"rendered":"<p>Pr\u00e9parations pour aliments homog\u00e9n\u00e9is\u00e9s instantan\u00e9s Cette gamme de produits est principalement utilis\u00e9e dans le cadre du service RistoSano\u00ae. Vous pouvez trouver de plus amples informations en acc\u00e9dant \u00e0 io sano\u00ae.<\/p>\n","protected":false},"author":58,"featured_media":2831,"parent":6183,"menu_order":14,"comment_status":"open","ping_status":"closed","template":"","meta":{"footnotes":""},"class_list":["post-6221","page","type-page","status-publish","has-post-thumbnail","hentry"],"yoast_head":"<!-- This site is optimized with the Yoast SEO plugin v27.5 - https:\/\/yoast.com\/product\/yoast-seo-wordpress\/ -->\n<title>Aliments homog\u00e9n\u00e9is\u00e9s io sano\u00ae - io bevo\u00ae<\/title>\n<meta name=\"robots\" content=\"index, follow, max-snippet:-1, max-image-preview:large, max-video-preview:-1\" \/>\n<link rel=\"canonical\" href=\"https:\/\/www.iobevo.com\/online\/produits\/aliments-homogeneises-sano\/?lang=fr\" \/>\n<meta property=\"og:locale\" content=\"it_IT\" \/>\n<meta property=\"og:type\" content=\"article\" \/>\n<meta property=\"og:title\" content=\"Aliments homog\u00e9n\u00e9is\u00e9s io sano\u00ae - io bevo\u00ae\" \/>\n<meta property=\"og:description\" content=\"Pr\u00e9parations pour aliments homog\u00e9n\u00e9is\u00e9s instantan\u00e9s Cette gamme de produits est principalement utilis\u00e9e dans le cadre du service RistoSano\u00ae. Vous pouvez trouver de plus amples informations en acc\u00e9dant \u00e0 io sano\u00ae.\" \/>\n<meta property=\"og:url\" content=\"https:\/\/www.iobevo.com\/online\/produits\/aliments-homogeneises-sano\/?lang=fr\" \/>\n<meta property=\"og:site_name\" content=\"io bevo\u00ae\" \/>\n<meta property=\"article:modified_time\" content=\"2017-07-26T08:29:17+00:00\" \/>\n<meta property=\"og:image\" content=\"https:\/\/www.iobevo.com\/online\/wp-content\/uploads\/2014\/01\/slide-2-bg-e1400667726929.png\" \/>\n\t<meta property=\"og:image:width\" content=\"1512\" \/>\n\t<meta property=\"og:image:height\" content=\"400\" \/>\n\t<meta property=\"og:image:type\" content=\"image\/png\" \/>\n<meta name=\"twitter:card\" content=\"summary_large_image\" \/>\n<meta name=\"twitter:site\" content=\"@IoBevo\" \/>\n<script type=\"application\/ld+json\" class=\"yoast-schema-graph\">{\"@context\":\"https:\\\/\\\/schema.org\",\"@graph\":[{\"@type\":\"WebPage\",\"@id\":\"https:\\\/\\\/www.iobevo.com\\\/online\\\/produits\\\/aliments-homogeneises-sano\\\/?lang=fr\",\"url\":\"https:\\\/\\\/www.iobevo.com\\\/online\\\/produits\\\/aliments-homogeneises-sano\\\/?lang=fr\",\"name\":\"Aliments homog\u00e9n\u00e9is\u00e9s io sano\u00ae - io bevo\u00ae\",\"isPartOf\":{\"@id\":\"https:\\\/\\\/www.iobevo.com\\\/online\\\/#website\"},\"primaryImageOfPage\":{\"@id\":\"https:\\\/\\\/www.iobevo.com\\\/online\\\/produits\\\/aliments-homogeneises-sano\\\/?lang=fr#primaryimage\"},\"image\":{\"@id\":\"https:\\\/\\\/www.iobevo.com\\\/online\\\/produits\\\/aliments-homogeneises-sano\\\/?lang=fr#primaryimage\"},\"thumbnailUrl\":\"https:\\\/\\\/www.iobevo.com\\\/online\\\/wp-content\\\/uploads\\\/2014\\\/01\\\/slide-2-bg-e1400667726929.png\",\"datePublished\":\"2014-07-07T16:59:29+00:00\",\"dateModified\":\"2017-07-26T08:29:17+00:00\",\"breadcrumb\":{\"@id\":\"https:\\\/\\\/www.iobevo.com\\\/online\\\/produits\\\/aliments-homogeneises-sano\\\/?lang=fr#breadcrumb\"},\"inLanguage\":\"it-IT\",\"potentialAction\":[{\"@type\":\"ReadAction\",\"target\":[\"https:\\\/\\\/www.iobevo.com\\\/online\\\/produits\\\/aliments-homogeneises-sano\\\/?lang=fr\"]}]},{\"@type\":\"ImageObject\",\"inLanguage\":\"it-IT\",\"@id\":\"https:\\\/\\\/www.iobevo.com\\\/online\\\/produits\\\/aliments-homogeneises-sano\\\/?lang=fr#primaryimage\",\"url\":\"https:\\\/\\\/www.iobevo.com\\\/online\\\/wp-content\\\/uploads\\\/2014\\\/01\\\/slide-2-bg-e1400667726929.png\",\"contentUrl\":\"https:\\\/\\\/www.iobevo.com\\\/online\\\/wp-content\\\/uploads\\\/2014\\\/01\\\/slide-2-bg-e1400667726929.png\",\"width\":1512,\"height\":400},{\"@type\":\"BreadcrumbList\",\"@id\":\"https:\\\/\\\/www.iobevo.com\\\/online\\\/produits\\\/aliments-homogeneises-sano\\\/?lang=fr#breadcrumb\",\"itemListElement\":[{\"@type\":\"ListItem\",\"position\":1,\"name\":\"Produits\",\"item\":\"https:\\\/\\\/www.iobevo.com\\\/online\\\/produits\\\/?lang=fr\"},{\"@type\":\"ListItem\",\"position\":2,\"name\":\"Aliments homog\u00e9n\u00e9is\u00e9s io sano\u00ae\"}]},{\"@type\":\"WebSite\",\"@id\":\"https:\\\/\\\/www.iobevo.com\\\/online\\\/#website\",\"url\":\"https:\\\/\\\/www.iobevo.com\\\/online\\\/\",\"name\":\"io bevo\u00ae\",\"description\":\"Drink Plastic free\",\"publisher\":{\"@id\":\"https:\\\/\\\/www.iobevo.com\\\/online\\\/#organization\"},\"potentialAction\":[{\"@type\":\"SearchAction\",\"target\":{\"@type\":\"EntryPoint\",\"urlTemplate\":\"https:\\\/\\\/www.iobevo.com\\\/online\\\/?s={search_term_string}\"},\"query-input\":{\"@type\":\"PropertyValueSpecification\",\"valueRequired\":true,\"valueName\":\"search_term_string\"}}],\"inLanguage\":\"it-IT\"},{\"@type\":\"Organization\",\"@id\":\"https:\\\/\\\/www.iobevo.com\\\/online\\\/#organization\",\"name\":\"General Beverage\",\"url\":\"https:\\\/\\\/www.iobevo.com\\\/online\\\/\",\"logo\":{\"@type\":\"ImageObject\",\"inLanguage\":\"it-IT\",\"@id\":\"https:\\\/\\\/www.iobevo.com\\\/online\\\/#\\\/schema\\\/logo\\\/image\\\/\",\"url\":\"https:\\\/\\\/www.iobevo.com\\\/online\\\/wp-content\\\/uploads\\\/2014\\\/01\\\/logo_gb_horizontal_grey_160x47.png\",\"contentUrl\":\"https:\\\/\\\/www.iobevo.com\\\/online\\\/wp-content\\\/uploads\\\/2014\\\/01\\\/logo_gb_horizontal_grey_160x47.png\",\"width\":160,\"height\":47,\"caption\":\"General Beverage\"},\"image\":{\"@id\":\"https:\\\/\\\/www.iobevo.com\\\/online\\\/#\\\/schema\\\/logo\\\/image\\\/\"},\"sameAs\":[\"https:\\\/\\\/x.com\\\/IoBevo\"]}]}<\/script>\n<!-- \/ Yoast SEO plugin. -->","yoast_head_json":{"title":"Aliments homog\u00e9n\u00e9is\u00e9s io sano\u00ae - io bevo\u00ae","robots":{"index":"index","follow":"follow","max-snippet":"max-snippet:-1","max-image-preview":"max-image-preview:large","max-video-preview":"max-video-preview:-1"},"canonical":"https:\/\/www.iobevo.com\/online\/produits\/aliments-homogeneises-sano\/?lang=fr","og_locale":"it_IT","og_type":"article","og_title":"Aliments homog\u00e9n\u00e9is\u00e9s io sano\u00ae - io bevo\u00ae","og_description":"Pr\u00e9parations pour aliments homog\u00e9n\u00e9is\u00e9s instantan\u00e9s Cette gamme de produits est principalement utilis\u00e9e dans le cadre du service RistoSano\u00ae. Vous pouvez trouver de plus amples informations en acc\u00e9dant \u00e0 io sano\u00ae.","og_url":"https:\/\/www.iobevo.com\/online\/produits\/aliments-homogeneises-sano\/?lang=fr","og_site_name":"io bevo\u00ae","article_modified_time":"2017-07-26T08:29:17+00:00","og_image":[{"width":1512,"height":400,"url":"https:\/\/www.iobevo.com\/online\/wp-content\/uploads\/2014\/01\/slide-2-bg-e1400667726929.png","type":"image\/png"}],"twitter_card":"summary_large_image","twitter_site":"@IoBevo","schema":{"@context":"https:\/\/schema.org","@graph":[{"@type":"WebPage","@id":"https:\/\/www.iobevo.com\/online\/produits\/aliments-homogeneises-sano\/?lang=fr","url":"https:\/\/www.iobevo.com\/online\/produits\/aliments-homogeneises-sano\/?lang=fr","name":"Aliments homog\u00e9n\u00e9is\u00e9s io sano\u00ae - io bevo\u00ae","isPartOf":{"@id":"https:\/\/www.iobevo.com\/online\/#website"},"primaryImageOfPage":{"@id":"https:\/\/www.iobevo.com\/online\/produits\/aliments-homogeneises-sano\/?lang=fr#primaryimage"},"image":{"@id":"https:\/\/www.iobevo.com\/online\/produits\/aliments-homogeneises-sano\/?lang=fr#primaryimage"},"thumbnailUrl":"https:\/\/www.iobevo.com\/online\/wp-content\/uploads\/2014\/01\/slide-2-bg-e1400667726929.png","datePublished":"2014-07-07T16:59:29+00:00","dateModified":"2017-07-26T08:29:17+00:00","breadcrumb":{"@id":"https:\/\/www.iobevo.com\/online\/produits\/aliments-homogeneises-sano\/?lang=fr#breadcrumb"},"inLanguage":"it-IT","potentialAction":[{"@type":"ReadAction","target":["https:\/\/www.iobevo.com\/online\/produits\/aliments-homogeneises-sano\/?lang=fr"]}]},{"@type":"ImageObject","inLanguage":"it-IT","@id":"https:\/\/www.iobevo.com\/online\/produits\/aliments-homogeneises-sano\/?lang=fr#primaryimage","url":"https:\/\/www.iobevo.com\/online\/wp-content\/uploads\/2014\/01\/slide-2-bg-e1400667726929.png","contentUrl":"https:\/\/www.iobevo.com\/online\/wp-content\/uploads\/2014\/01\/slide-2-bg-e1400667726929.png","width":1512,"height":400},{"@type":"BreadcrumbList","@id":"https:\/\/www.iobevo.com\/online\/produits\/aliments-homogeneises-sano\/?lang=fr#breadcrumb","itemListElement":[{"@type":"ListItem","position":1,"name":"Produits","item":"https:\/\/www.iobevo.com\/online\/produits\/?lang=fr"},{"@type":"ListItem","position":2,"name":"Aliments homog\u00e9n\u00e9is\u00e9s io sano\u00ae"}]},{"@type":"WebSite","@id":"https:\/\/www.iobevo.com\/online\/#website","url":"https:\/\/www.iobevo.com\/online\/","name":"io bevo\u00ae","description":"Drink Plastic free","publisher":{"@id":"https:\/\/www.iobevo.com\/online\/#organization"},"potentialAction":[{"@type":"SearchAction","target":{"@type":"EntryPoint","urlTemplate":"https:\/\/www.iobevo.com\/online\/?s={search_term_string}"},"query-input":{"@type":"PropertyValueSpecification","valueRequired":true,"valueName":"search_term_string"}}],"inLanguage":"it-IT"},{"@type":"Organization","@id":"https:\/\/www.iobevo.com\/online\/#organization","name":"General Beverage","url":"https:\/\/www.iobevo.com\/online\/","logo":{"@type":"ImageObject","inLanguage":"it-IT","@id":"https:\/\/www.iobevo.com\/online\/#\/schema\/logo\/image\/","url":"https:\/\/www.iobevo.com\/online\/wp-content\/uploads\/2014\/01\/logo_gb_horizontal_grey_160x47.png","contentUrl":"https:\/\/www.iobevo.com\/online\/wp-content\/uploads\/2014\/01\/logo_gb_horizontal_grey_160x47.png","width":160,"height":47,"caption":"General Beverage"},"image":{"@id":"https:\/\/www.iobevo.com\/online\/#\/schema\/logo\/image\/"},"sameAs":["https:\/\/x.com\/IoBevo"]}]}},"_links":{"self":[{"href":"https:\/\/www.iobevo.com\/online\/wp-json\/wp\/v2\/pages\/6221","targetHints":{"allow":["GET"]}}],"collection":[{"href":"https:\/\/www.iobevo.com\/online\/wp-json\/wp\/v2\/pages"}],"about":[{"href":"https:\/\/www.iobevo.com\/online\/wp-json\/wp\/v2\/types\/page"}],"author":[{"embeddable":true,"href":"https:\/\/www.iobevo.com\/online\/wp-json\/wp\/v2\/users\/58"}],"replies":[{"embeddable":true,"href":"https:\/\/www.iobevo.com\/online\/wp-json\/wp\/v2\/comments?post=6221"}],"version-history":[{"count":0,"href":"https:\/\/www.iobevo.com\/online\/wp-json\/wp\/v2\/pages\/6221\/revisions"}],"up":[{"embeddable":true,"href":"https:\/\/www.iobevo.com\/online\/wp-json\/wp\/v2\/pages\/6183"}],"wp:featuredmedia":[{"embeddable":true,"href":"https:\/\/www.iobevo.com\/online\/wp-json\/wp\/v2\/media\/2831"}],"wp:attachment":[{"href":"https:\/\/www.iobevo.com\/online\/wp-json\/wp\/v2\/media?parent=6221"}],"curies":[{"name":"wp","href":"https:\/\/api.w.org\/{rel}","templated":true}]}}