{"id":6226,"date":"2014-07-07T17:05:13","date_gmt":"2014-07-07T17:05:13","guid":{"rendered":"http:\/\/www.iobevo.com\/online\/?page_id=6226"},"modified":"2018-01-29T20:19:08","modified_gmt":"2018-01-29T18:19:08","slug":"boissons-bevi-sano","status":"publish","type":"page","link":"https:\/\/www.iobevo.com\/online\/produits\/boissons-bevi-sano\/?lang=fr","title":{"rendered":"Concentr\u00e9s pour boissons de sant\u00e9"},"content":{"rendered":"<p>Les concentr\u00e9s Bevi Sano sont destin\u00e9s \u00e0 la distribution de boissons naturelles \u00e0 base de jus de fruits ou d&#8217;herbes, enrichies \u00e0<strong> l&#8217;aloe vera<\/strong> et<strong> extrait de Stevia Rebaudiana<\/strong>, \u00e9dulcorant d&#8217;origine naturelle.<\/p>\n<p>Elles peuvent \u00eatre ins\u00e9r\u00e9es dans le format <span class=\"mark2\">freebeverage<\/span><span class=\"mark3\">\u00ae<\/span> ou bien, \u00eatre utilis\u00e9es comme un produit sp\u00e9cifique dans diff\u00e9rents contextes: <a title=\"Centres de bien-\u00eatre\" href=\"http:\/\/www.iobevo.com\/online\/fr\/secteurs-du-marche\/centres-de-bien-etre\/\">centres de bien-\u00eatre<\/a>, <a title=\"Centres de fitness\" href=\"http:\/\/www.iobevo.com\/online\/fr\/secteurs-du-marche\/centres-de-fitness\/\">salles de sport<\/a>, SPA.<\/p>\n<p>Ces concentr\u00e9s sont confectionn\u00e9s sous-vide en bag de 5 et 10 litres.<\/p>\n<div class=\"gap\" style=\"height: 30px;\"><\/div>\n<p><span class=\"responsive\"><img fetchpriority=\"high\" decoding=\"async\" class=\"wp-image-14548 aligncenter\" title=\"Concentr\u00e9s pour boissons de sant\u00e9\" src=\"https:\/\/www.iobevo.com\/online\/wp-content\/uploads\/2018\/01\/BEVI_SANO.jpg\" alt=\"Concentr\u00e9s pour boissons de sant\u00e9\" width=\"800\" height=\"417\" srcset=\"https:\/\/www.iobevo.com\/online\/wp-content\/uploads\/2018\/01\/BEVI_SANO.jpg 1000w, https:\/\/www.iobevo.com\/online\/wp-content\/uploads\/2018\/01\/BEVI_SANO-300x156.jpg 300w, https:\/\/www.iobevo.com\/online\/wp-content\/uploads\/2018\/01\/BEVI_SANO-768x400.jpg 768w\" sizes=\"(max-width: 800px) 100vw, 800px\" \/><\/span><\/p>\n<div class=\"gap\" style=\"height: 30px;\"><\/div>\n\n<table id=\"tablepress-74\" class=\"tablepress tablepress-id-74\">\n<thead>\n<tr class=\"row-1\">\n\t<th class=\"column-1\">CONCENTRE\u0301S POUR BOISSONS DE SANTE\u0301<\/th>\n<\/tr>\n<\/thead>\n<tbody class=\"row-striping row-hover\">\n<tr class=\"row-2\">\n\t<td class=\"column-1\"><\/td>\n<\/tr>\n<tr class=\"row-3\">\n\t<td class=\"column-1\">Pomme avec aloe vera et stevia<\/td>\n<\/tr>\n<tr class=\"row-4\">\n\t<td class=\"column-1\">Th\u00e9 vert avec aloe vera et stevia<\/td>\n<\/tr>\n<tr class=\"row-5\">\n\t<td class=\"column-1\">Myrtille rouge avec aloe vera et stevia<\/td>\n<\/tr>\n<tr class=\"row-6\">\n\t<td class=\"column-1\">Agrumes avec aloe vera et stevia<\/td>\n<\/tr>\n<\/tbody>\n<\/table>\n\n<div class=\"gap\" style=\"height: 30px;\"><\/div>\n<h3 class=\"title\"><span>Servizi<\/span><\/h3><div class=\"latest-portfolio negative-wrap\"><div class=\"portfolio-item four columns\"><div class=\"portfolio-it\">\n\t\t\t\t  \t\t<a href=\"https:\/\/www.iobevo.com\/online\/portfolio-item\/freebeverage\/\" title=\"freebeverage\u00ae\"><span class=\"portfolio-pic\"><img decoding=\"async\" src=\"https:\/\/www.iobevo.com\/online\/wp-content\/uploads\/2014\/01\/freebeverage-460x300.jpg\" \/><div class=\"portfolio-overlay\"><span class=\"overlay-link\"><\/span><\/div><\/span><\/a>\n\t\t\t\t  \t\t<a href=\"https:\/\/www.iobevo.com\/online\/portfolio-item\/freebeverage\/\" title=\"freebeverage\u00ae\" class=\"portfolio-title\"><h4>freebeverage\u00ae<\/h4><span>Liberi di bere<\/span><\/a>\n\t\t\t\t  \t<\/div><\/div><\/div><div class=\"clear\"><\/div>\n<div class=\"gap\" style=\"height: 30px;\"><\/div>\n<h3 class=\"title\"><span>Settori di mercato<\/span><\/h3><div class=\"latest-portfolio negative-wrap\"><div class=\"portfolio-item four columns\"><div class=\"portfolio-it\">\n\t\t\t\t  \t\t<a href=\"https:\/\/www.iobevo.com\/online\/portfolio-item\/mense-aziendali\/\" title=\"Mense aziendali\"><span class=\"portfolio-pic\"><img decoding=\"async\" src=\"https:\/\/www.iobevo.com\/online\/wp-content\/uploads\/2014\/02\/FOTO-48-mense-aziendali-13687094_l-460x300.jpg\" \/><div class=\"portfolio-overlay\"><span class=\"overlay-link\"><\/span><\/div><\/span><\/a>\n\t\t\t\t  \t\t<a href=\"https:\/\/www.iobevo.com\/online\/portfolio-item\/mense-aziendali\/\" title=\"Mense aziendali\" class=\"portfolio-title\"><h4>Mense aziendali<\/h4><span>Ristorazione sostenibile<\/span><\/a>\n\t\t\t\t  \t<\/div><\/div><div class=\"portfolio-item four columns\"><div class=\"portfolio-it\">\n\t\t\t\t  \t\t<a href=\"https:\/\/www.iobevo.com\/online\/portfolio-item\/mense-universitarie\/\" title=\"Mense universitarie\"><span class=\"portfolio-pic\"><img decoding=\"async\" src=\"https:\/\/www.iobevo.com\/online\/wp-content\/uploads\/2014\/02\/FOTO-49-mense-universitarie-3481295-amico-a-mensa-o-di-caffetteria-460x300.jpg\" \/><div class=\"portfolio-overlay\"><span class=\"overlay-link\"><\/span><\/div><\/span><\/a>\n\t\t\t\t  \t\t<a href=\"https:\/\/www.iobevo.com\/online\/portfolio-item\/mense-universitarie\/\" title=\"Mense universitarie\" class=\"portfolio-title\"><h4>Mense universitarie<\/h4><span>Ristoranti di universit\u00e0 e campus<\/span><\/a>\n\t\t\t\t  \t<\/div><\/div><div class=\"portfolio-item four columns\"><div class=\"portfolio-it\">\n\t\t\t\t  \t\t<a href=\"https:\/\/www.iobevo.com\/online\/portfolio-item\/mense-militari\/\" title=\"Mense militari\"><span class=\"portfolio-pic\"><img decoding=\"async\" src=\"https:\/\/www.iobevo.com\/online\/wp-content\/uploads\/2014\/02\/FOTO-50-mense-militari-8488903-soldati-delle-forze-armate-in-marcia-460x300.jpg\" \/><div class=\"portfolio-overlay\"><span class=\"overlay-link\"><\/span><\/div><\/span><\/a>\n\t\t\t\t  \t\t<a href=\"https:\/\/www.iobevo.com\/online\/portfolio-item\/mense-militari\/\" title=\"Mense militari\" class=\"portfolio-title\"><h4>Mense militari<\/h4><span>Ristorazione per le caserme<\/span><\/a>\n\t\t\t\t  \t<\/div><\/div><div class=\"portfolio-item four columns\"><div class=\"portfolio-it\">\n\t\t\t\t  \t\t<a href=\"https:\/\/www.iobevo.com\/online\/portfolio-item\/villaggi-turistici\/\" title=\"Villaggi turistici\"><span class=\"portfolio-pic\"><img decoding=\"async\" src=\"https:\/\/www.iobevo.com\/online\/wp-content\/uploads\/2014\/04\/FOTO-54-villaggio-turistico-9213332-bellissima-spiaggia-con-le-palme-filippine-460x300.jpg\" \/><div class=\"portfolio-overlay\"><span class=\"overlay-link\"><\/span><\/div><\/span><\/a>\n\t\t\t\t  \t\t<a href=\"https:\/\/www.iobevo.com\/online\/portfolio-item\/villaggi-turistici\/\" title=\"Villaggi turistici\" class=\"portfolio-title\"><h4>Villaggi turistici<\/h4><span>Bevande per resort e camping<\/span><\/a>\n\t\t\t\t  \t<\/div><\/div><div class=\"portfolio-item four columns\"><div class=\"portfolio-it\">\n\t\t\t\t  \t\t<a href=\"https:\/\/www.iobevo.com\/online\/portfolio-item\/catering-navale\/\" title=\"Catering navale\"><span class=\"portfolio-pic\"><img decoding=\"async\" src=\"https:\/\/www.iobevo.com\/online\/wp-content\/uploads\/2014\/04\/FOTO-55-460x300.jpg\" \/><div class=\"portfolio-overlay\"><span class=\"overlay-link\"><\/span><\/div><\/span><\/a>\n\t\t\t\t  \t\t<a href=\"https:\/\/www.iobevo.com\/online\/portfolio-item\/catering-navale\/\" title=\"Catering navale\" class=\"portfolio-title\"><h4>Catering navale<\/h4><span>Ristorazione navi da crociera<\/span><\/a>\n\t\t\t\t  \t<\/div><\/div><div class=\"portfolio-item four columns\"><div class=\"portfolio-it\">\n\t\t\t\t  \t\t<a href=\"https:\/\/www.iobevo.com\/online\/portfolio-item\/centri-benessere\/\" title=\"Centri benessere\"><span class=\"portfolio-pic\"><img decoding=\"async\" src=\"https:\/\/www.iobevo.com\/online\/wp-content\/uploads\/2014\/04\/FOTO-63-460x300.jpg\" \/><div class=\"portfolio-overlay\"><span class=\"overlay-link\"><\/span><\/div><\/span><\/a>\n\t\t\t\t  \t\t<a href=\"https:\/\/www.iobevo.com\/online\/portfolio-item\/centri-benessere\/\" title=\"Centri benessere\" class=\"portfolio-title\"><h4>Centri benessere<\/h4><span>Servizi per spa e wellness center<\/span><\/a>\n\t\t\t\t  \t<\/div><\/div><div class=\"portfolio-item four columns\"><div class=\"portfolio-it\">\n\t\t\t\t  \t\t<a href=\"https:\/\/www.iobevo.com\/online\/portfolio-item\/fitness\/\" title=\"Fitness\"><span class=\"portfolio-pic\"><img decoding=\"async\" src=\"https:\/\/www.iobevo.com\/online\/wp-content\/uploads\/2014\/02\/FOTO-62-palestra-460x300.jpg\" \/><div class=\"portfolio-overlay\"><span class=\"overlay-link\"><\/span><\/div><\/span><\/a>\n\t\t\t\t  \t\t<a href=\"https:\/\/www.iobevo.com\/online\/portfolio-item\/fitness\/\" title=\"Fitness\" class=\"portfolio-title\"><h4>Fitness<\/h4><span>Bevande per palestre e sport club<\/span><\/a>\n\t\t\t\t  \t<\/div><\/div><\/div><div class=\"clear\"><\/div>\n","protected":false},"excerpt":{"rendered":"<p>Les concentr\u00e9s Bevi Sano sont destin\u00e9s \u00e0 la distribution de boissons naturelles \u00e0 base de jus de fruits ou d&#8217;herbes, enrichies \u00e0 l&#8217;aloe vera et extrait de Stevia Rebaudiana, \u00e9dulcorant d&#8217;origine naturelle. Elles peuvent \u00eatre ins\u00e9r\u00e9es dans le format freebeverage\u00ae ou bien, \u00eatre utilis\u00e9es comme un produit sp\u00e9cifique dans diff\u00e9rents [&hellip;]<\/p>\n","protected":false},"author":58,"featured_media":2831,"parent":6183,"menu_order":16,"comment_status":"open","ping_status":"closed","template":"","meta":{"footnotes":""},"class_list":["post-6226","page","type-page","status-publish","has-post-thumbnail","hentry"],"yoast_head":"<!-- This site is optimized with the Yoast SEO plugin v27.5 - https:\/\/yoast.com\/product\/yoast-seo-wordpress\/ -->\n<title>Concentr\u00e9s pour boissons de sant\u00e9 - io bevo\u00ae<\/title>\n<meta name=\"robots\" content=\"index, follow, max-snippet:-1, max-image-preview:large, max-video-preview:-1\" \/>\n<link rel=\"canonical\" href=\"https:\/\/www.iobevo.com\/online\/produits\/boissons-bevi-sano\/?lang=fr\" \/>\n<meta property=\"og:locale\" content=\"it_IT\" \/>\n<meta property=\"og:type\" content=\"article\" \/>\n<meta property=\"og:title\" content=\"Concentr\u00e9s pour boissons de sant\u00e9 - io bevo\u00ae\" \/>\n<meta property=\"og:description\" content=\"Les concentr\u00e9s Bevi Sano sont destin\u00e9s \u00e0 la distribution de boissons naturelles \u00e0 base de jus de fruits ou d&#8217;herbes, enrichies \u00e0 l&#8217;aloe vera et extrait de Stevia Rebaudiana, \u00e9dulcorant d&#8217;origine naturelle. Elles peuvent \u00eatre ins\u00e9r\u00e9es dans le format freebeverage\u00ae ou bien, \u00eatre utilis\u00e9es comme un produit sp\u00e9cifique dans diff\u00e9rents [&hellip;]\" \/>\n<meta property=\"og:url\" content=\"https:\/\/www.iobevo.com\/online\/produits\/boissons-bevi-sano\/?lang=fr\" \/>\n<meta property=\"og:site_name\" content=\"io bevo\u00ae\" \/>\n<meta property=\"article:modified_time\" content=\"2018-01-29T18:19:08+00:00\" \/>\n<meta property=\"og:image\" content=\"https:\/\/www.iobevo.com\/online\/wp-content\/uploads\/2014\/01\/slide-2-bg-e1400667726929.png\" \/>\n\t<meta property=\"og:image:width\" content=\"1512\" \/>\n\t<meta property=\"og:image:height\" content=\"400\" \/>\n\t<meta property=\"og:image:type\" content=\"image\/png\" \/>\n<meta name=\"twitter:card\" content=\"summary_large_image\" \/>\n<meta name=\"twitter:site\" content=\"@IoBevo\" \/>\n<meta name=\"twitter:label1\" content=\"Tempo di lettura stimato\" \/>\n\t<meta name=\"twitter:data1\" content=\"1 minuto\" \/>\n<script type=\"application\/ld+json\" class=\"yoast-schema-graph\">{\"@context\":\"https:\\\/\\\/schema.org\",\"@graph\":[{\"@type\":\"WebPage\",\"@id\":\"https:\\\/\\\/www.iobevo.com\\\/online\\\/produits\\\/boissons-bevi-sano\\\/?lang=fr\",\"url\":\"https:\\\/\\\/www.iobevo.com\\\/online\\\/produits\\\/boissons-bevi-sano\\\/?lang=fr\",\"name\":\"Concentr\u00e9s pour boissons de sant\u00e9 - io bevo\u00ae\",\"isPartOf\":{\"@id\":\"https:\\\/\\\/www.iobevo.com\\\/online\\\/#website\"},\"primaryImageOfPage\":{\"@id\":\"https:\\\/\\\/www.iobevo.com\\\/online\\\/produits\\\/boissons-bevi-sano\\\/?lang=fr#primaryimage\"},\"image\":{\"@id\":\"https:\\\/\\\/www.iobevo.com\\\/online\\\/produits\\\/boissons-bevi-sano\\\/?lang=fr#primaryimage\"},\"thumbnailUrl\":\"https:\\\/\\\/www.iobevo.com\\\/online\\\/wp-content\\\/uploads\\\/2014\\\/01\\\/slide-2-bg-e1400667726929.png\",\"datePublished\":\"2014-07-07T17:05:13+00:00\",\"dateModified\":\"2018-01-29T18:19:08+00:00\",\"breadcrumb\":{\"@id\":\"https:\\\/\\\/www.iobevo.com\\\/online\\\/produits\\\/boissons-bevi-sano\\\/?lang=fr#breadcrumb\"},\"inLanguage\":\"it-IT\",\"potentialAction\":[{\"@type\":\"ReadAction\",\"target\":[\"https:\\\/\\\/www.iobevo.com\\\/online\\\/produits\\\/boissons-bevi-sano\\\/?lang=fr\"]}]},{\"@type\":\"ImageObject\",\"inLanguage\":\"it-IT\",\"@id\":\"https:\\\/\\\/www.iobevo.com\\\/online\\\/produits\\\/boissons-bevi-sano\\\/?lang=fr#primaryimage\",\"url\":\"https:\\\/\\\/www.iobevo.com\\\/online\\\/wp-content\\\/uploads\\\/2014\\\/01\\\/slide-2-bg-e1400667726929.png\",\"contentUrl\":\"https:\\\/\\\/www.iobevo.com\\\/online\\\/wp-content\\\/uploads\\\/2014\\\/01\\\/slide-2-bg-e1400667726929.png\",\"width\":1512,\"height\":400},{\"@type\":\"BreadcrumbList\",\"@id\":\"https:\\\/\\\/www.iobevo.com\\\/online\\\/produits\\\/boissons-bevi-sano\\\/?lang=fr#breadcrumb\",\"itemListElement\":[{\"@type\":\"ListItem\",\"position\":1,\"name\":\"Produits\",\"item\":\"https:\\\/\\\/www.iobevo.com\\\/online\\\/produits\\\/?lang=fr\"},{\"@type\":\"ListItem\",\"position\":2,\"name\":\"Concentr\u00e9s pour boissons de sant\u00e9\"}]},{\"@type\":\"WebSite\",\"@id\":\"https:\\\/\\\/www.iobevo.com\\\/online\\\/#website\",\"url\":\"https:\\\/\\\/www.iobevo.com\\\/online\\\/\",\"name\":\"io bevo\u00ae\",\"description\":\"Drink Plastic free\",\"publisher\":{\"@id\":\"https:\\\/\\\/www.iobevo.com\\\/online\\\/#organization\"},\"potentialAction\":[{\"@type\":\"SearchAction\",\"target\":{\"@type\":\"EntryPoint\",\"urlTemplate\":\"https:\\\/\\\/www.iobevo.com\\\/online\\\/?s={search_term_string}\"},\"query-input\":{\"@type\":\"PropertyValueSpecification\",\"valueRequired\":true,\"valueName\":\"search_term_string\"}}],\"inLanguage\":\"it-IT\"},{\"@type\":\"Organization\",\"@id\":\"https:\\\/\\\/www.iobevo.com\\\/online\\\/#organization\",\"name\":\"General Beverage\",\"url\":\"https:\\\/\\\/www.iobevo.com\\\/online\\\/\",\"logo\":{\"@type\":\"ImageObject\",\"inLanguage\":\"it-IT\",\"@id\":\"https:\\\/\\\/www.iobevo.com\\\/online\\\/#\\\/schema\\\/logo\\\/image\\\/\",\"url\":\"https:\\\/\\\/www.iobevo.com\\\/online\\\/wp-content\\\/uploads\\\/2014\\\/01\\\/logo_gb_horizontal_grey_160x47.png\",\"contentUrl\":\"https:\\\/\\\/www.iobevo.com\\\/online\\\/wp-content\\\/uploads\\\/2014\\\/01\\\/logo_gb_horizontal_grey_160x47.png\",\"width\":160,\"height\":47,\"caption\":\"General Beverage\"},\"image\":{\"@id\":\"https:\\\/\\\/www.iobevo.com\\\/online\\\/#\\\/schema\\\/logo\\\/image\\\/\"},\"sameAs\":[\"https:\\\/\\\/x.com\\\/IoBevo\"]}]}<\/script>\n<!-- \/ Yoast SEO plugin. -->","yoast_head_json":{"title":"Concentr\u00e9s pour boissons de sant\u00e9 - io bevo\u00ae","robots":{"index":"index","follow":"follow","max-snippet":"max-snippet:-1","max-image-preview":"max-image-preview:large","max-video-preview":"max-video-preview:-1"},"canonical":"https:\/\/www.iobevo.com\/online\/produits\/boissons-bevi-sano\/?lang=fr","og_locale":"it_IT","og_type":"article","og_title":"Concentr\u00e9s pour boissons de sant\u00e9 - io bevo\u00ae","og_description":"Les concentr\u00e9s Bevi Sano sont destin\u00e9s \u00e0 la distribution de boissons naturelles \u00e0 base de jus de fruits ou d&#8217;herbes, enrichies \u00e0 l&#8217;aloe vera et extrait de Stevia Rebaudiana, \u00e9dulcorant d&#8217;origine naturelle. Elles peuvent \u00eatre ins\u00e9r\u00e9es dans le format freebeverage\u00ae ou bien, \u00eatre utilis\u00e9es comme un produit sp\u00e9cifique dans diff\u00e9rents [&hellip;]","og_url":"https:\/\/www.iobevo.com\/online\/produits\/boissons-bevi-sano\/?lang=fr","og_site_name":"io bevo\u00ae","article_modified_time":"2018-01-29T18:19:08+00:00","og_image":[{"width":1512,"height":400,"url":"https:\/\/www.iobevo.com\/online\/wp-content\/uploads\/2014\/01\/slide-2-bg-e1400667726929.png","type":"image\/png"}],"twitter_card":"summary_large_image","twitter_site":"@IoBevo","twitter_misc":{"Tempo di lettura stimato":"1 minuto"},"schema":{"@context":"https:\/\/schema.org","@graph":[{"@type":"WebPage","@id":"https:\/\/www.iobevo.com\/online\/produits\/boissons-bevi-sano\/?lang=fr","url":"https:\/\/www.iobevo.com\/online\/produits\/boissons-bevi-sano\/?lang=fr","name":"Concentr\u00e9s pour boissons de sant\u00e9 - io bevo\u00ae","isPartOf":{"@id":"https:\/\/www.iobevo.com\/online\/#website"},"primaryImageOfPage":{"@id":"https:\/\/www.iobevo.com\/online\/produits\/boissons-bevi-sano\/?lang=fr#primaryimage"},"image":{"@id":"https:\/\/www.iobevo.com\/online\/produits\/boissons-bevi-sano\/?lang=fr#primaryimage"},"thumbnailUrl":"https:\/\/www.iobevo.com\/online\/wp-content\/uploads\/2014\/01\/slide-2-bg-e1400667726929.png","datePublished":"2014-07-07T17:05:13+00:00","dateModified":"2018-01-29T18:19:08+00:00","breadcrumb":{"@id":"https:\/\/www.iobevo.com\/online\/produits\/boissons-bevi-sano\/?lang=fr#breadcrumb"},"inLanguage":"it-IT","potentialAction":[{"@type":"ReadAction","target":["https:\/\/www.iobevo.com\/online\/produits\/boissons-bevi-sano\/?lang=fr"]}]},{"@type":"ImageObject","inLanguage":"it-IT","@id":"https:\/\/www.iobevo.com\/online\/produits\/boissons-bevi-sano\/?lang=fr#primaryimage","url":"https:\/\/www.iobevo.com\/online\/wp-content\/uploads\/2014\/01\/slide-2-bg-e1400667726929.png","contentUrl":"https:\/\/www.iobevo.com\/online\/wp-content\/uploads\/2014\/01\/slide-2-bg-e1400667726929.png","width":1512,"height":400},{"@type":"BreadcrumbList","@id":"https:\/\/www.iobevo.com\/online\/produits\/boissons-bevi-sano\/?lang=fr#breadcrumb","itemListElement":[{"@type":"ListItem","position":1,"name":"Produits","item":"https:\/\/www.iobevo.com\/online\/produits\/?lang=fr"},{"@type":"ListItem","position":2,"name":"Concentr\u00e9s pour boissons de sant\u00e9"}]},{"@type":"WebSite","@id":"https:\/\/www.iobevo.com\/online\/#website","url":"https:\/\/www.iobevo.com\/online\/","name":"io bevo\u00ae","description":"Drink Plastic free","publisher":{"@id":"https:\/\/www.iobevo.com\/online\/#organization"},"potentialAction":[{"@type":"SearchAction","target":{"@type":"EntryPoint","urlTemplate":"https:\/\/www.iobevo.com\/online\/?s={search_term_string}"},"query-input":{"@type":"PropertyValueSpecification","valueRequired":true,"valueName":"search_term_string"}}],"inLanguage":"it-IT"},{"@type":"Organization","@id":"https:\/\/www.iobevo.com\/online\/#organization","name":"General Beverage","url":"https:\/\/www.iobevo.com\/online\/","logo":{"@type":"ImageObject","inLanguage":"it-IT","@id":"https:\/\/www.iobevo.com\/online\/#\/schema\/logo\/image\/","url":"https:\/\/www.iobevo.com\/online\/wp-content\/uploads\/2014\/01\/logo_gb_horizontal_grey_160x47.png","contentUrl":"https:\/\/www.iobevo.com\/online\/wp-content\/uploads\/2014\/01\/logo_gb_horizontal_grey_160x47.png","width":160,"height":47,"caption":"General Beverage"},"image":{"@id":"https:\/\/www.iobevo.com\/online\/#\/schema\/logo\/image\/"},"sameAs":["https:\/\/x.com\/IoBevo"]}]}},"_links":{"self":[{"href":"https:\/\/www.iobevo.com\/online\/wp-json\/wp\/v2\/pages\/6226","targetHints":{"allow":["GET"]}}],"collection":[{"href":"https:\/\/www.iobevo.com\/online\/wp-json\/wp\/v2\/pages"}],"about":[{"href":"https:\/\/www.iobevo.com\/online\/wp-json\/wp\/v2\/types\/page"}],"author":[{"embeddable":true,"href":"https:\/\/www.iobevo.com\/online\/wp-json\/wp\/v2\/users\/58"}],"replies":[{"embeddable":true,"href":"https:\/\/www.iobevo.com\/online\/wp-json\/wp\/v2\/comments?post=6226"}],"version-history":[{"count":0,"href":"https:\/\/www.iobevo.com\/online\/wp-json\/wp\/v2\/pages\/6226\/revisions"}],"up":[{"embeddable":true,"href":"https:\/\/www.iobevo.com\/online\/wp-json\/wp\/v2\/pages\/6183"}],"wp:featuredmedia":[{"embeddable":true,"href":"https:\/\/www.iobevo.com\/online\/wp-json\/wp\/v2\/media\/2831"}],"wp:attachment":[{"href":"https:\/\/www.iobevo.com\/online\/wp-json\/wp\/v2\/media?parent=6226"}],"curies":[{"name":"wp","href":"https:\/\/api.w.org\/{rel}","templated":true}]}}