{"id":6245,"date":"2014-07-07T17:18:05","date_gmt":"2014-07-07T17:18:05","guid":{"rendered":"http:\/\/www.iobevo.com\/online\/?page_id=6245"},"modified":"2017-07-31T12:29:52","modified_gmt":"2017-07-31T10:29:52","slug":"cafeteriaself-service","status":"publish","type":"page","link":"https:\/\/www.iobevo.com\/online\/secteurs-du-marche\/cafeteriaself-service\/?lang=fr","title":{"rendered":"Caf\u00e9t\u00e9ria\/self-service"},"content":{"rendered":"<p><span class=\"responsive\"><img fetchpriority=\"high\" decoding=\"async\" class=\"alignleft wp-image-3120 size-medium\" src=\"http:\/\/www.iobevo.com\/online\/wp-content\/uploads\/2014\/04\/self-service-300x199.jpg\" alt=\"self-service\" width=\"300\" height=\"199\" srcset=\"https:\/\/www.iobevo.com\/online\/wp-content\/uploads\/2014\/04\/self-service-300x199.jpg 300w, https:\/\/www.iobevo.com\/online\/wp-content\/uploads\/2014\/04\/self-service.jpg 700w\" sizes=\"(max-width: 300px) 100vw, 300px\" \/><\/span>En g\u00e9n\u00e9ral, la r\u00e9duction de l&#8217;impact environnemental et l&#8217;\u00e9volution des mod\u00e8les de consommation font que le syst\u00e8me <a href=\"https:\/\/www.iobevo.com\/online\/fr\/services\/freebeverage\/\"><span class=\"mark2\">freebeverage<\/span><\/a><span class=\"mark3\">\u00ae<\/span> repr\u00e9sente \u00e9galement dans les self-services ouverts au public, une solution \u00e0 grand potentiel et efficacit\u00e9 pour attirer de nouveaux segments de client\u00e8le.<\/p>\n<p>Selon le format global de la restauration, il sera possible de d\u00e9velopper des projets sp\u00e9cifiques, en utilisant la marque et le format des produits d\u00e9j\u00e0 pr\u00e9sents dans notre gamme (<a title=\"Boissons Slow Beverage\" href=\"http:\/\/www.iobevo.com\/online\/fr\/produits\/boissons-slow-beverage\/\"><span class=\"mark2\">Slow Beverage<\/span><\/a><span class=\"mark3\">\u00ae<\/span>, <a title=\"Boissons \u00e9quitables et solidaires\" href=\"http:\/\/www.iobevo.com\/online\/fr\/produits\/boissons-equitables-et-solidaires\/\">Fairtrade<\/a>, <a title=\"Boissons BeviSano\" href=\"http:\/\/www.iobevo.com\/online\/fr\/produits\/boissons-bevi-sano\/\">BeviSano<\/a>) ou bien une marque priv\u00e9e (private label).<\/p>\n<p>Outre le <span class=\"mark2\">freebeverage<\/span>, les services General Beverage int\u00e9ressants pour le self-service sont multiples et innovants, avec la possibilit\u00e9 de personnalisation en fonction des contextes et des exigences sp\u00e9cifiques.<\/p>\n<p>&nbsp;<\/p>\n<div class=\"gap\" style=\"height: 30px;\"><\/div>\n<h3 class=\"title\"><span>Produits<\/span><\/h3><div class=\"latest-portfolio negative-wrap\"><div class=\"portfolio-item four columns\"><div class=\"portfolio-it\">\n\t\t\t\t  \t\t<a href=\"https:\/\/www.iobevo.com\/online\/portfolio-item\/concentrati-per-bevande-io-bevo\/\" title=\"Bevande io bevo\u00ae\"><span class=\"portfolio-pic\"><img decoding=\"async\" src=\"https:\/\/www.iobevo.com\/online\/wp-content\/uploads\/2014\/04\/concentrati-per-bevande-io-2-350x300.jpg\" \/><div class=\"portfolio-overlay\"><span class=\"overlay-link\"><\/span><\/div><\/span><\/a>\n\t\t\t\t  \t\t<a href=\"https:\/\/www.iobevo.com\/online\/portfolio-item\/concentrati-per-bevande-io-bevo\/\" title=\"Bevande io bevo\u00ae\" class=\"portfolio-title\"><h4>Bevande io bevo\u00ae<\/h4><span>Concentrati per bevande standard<\/span><\/a>\n\t\t\t\t  \t<\/div><\/div><div class=\"portfolio-item four columns\"><div class=\"portfolio-it\">\n\t\t\t\t  \t\t<a href=\"https:\/\/www.iobevo.com\/online\/portfolio-item\/concentrati-per-bevande-slow-beverage\/\" title=\"Bevande Slow Beverage\u00ae\"><span class=\"portfolio-pic\"><img decoding=\"async\" src=\"https:\/\/www.iobevo.com\/online\/wp-content\/uploads\/2014\/04\/bevande-slow-beverage.jpg\" \/><div class=\"portfolio-overlay\"><span class=\"overlay-link\"><\/span><\/div><\/span><\/a>\n\t\t\t\t  \t\t<a href=\"https:\/\/www.iobevo.com\/online\/portfolio-item\/concentrati-per-bevande-slow-beverage\/\" title=\"Bevande Slow Beverage\u00ae\" class=\"portfolio-title\"><h4>Bevande Slow Beverage\u00ae<\/h4><span>Concentrati per bevande regionali<\/span><\/a>\n\t\t\t\t  \t<\/div><\/div><div class=\"portfolio-item four columns\"><div class=\"portfolio-it\">\n\t\t\t\t  \t\t<a href=\"https:\/\/www.iobevo.com\/online\/portfolio-item\/concentrati-per-succhi-di-frutta-io-fresco\/\" title=\"Succhi di frutta io fresco\u00ae\"><span class=\"portfolio-pic\"><img decoding=\"async\" src=\"https:\/\/www.iobevo.com\/online\/wp-content\/uploads\/2014\/04\/succhi-io-fresco-440x300.jpg\" \/><div class=\"portfolio-overlay\"><span class=\"overlay-link\"><\/span><\/div><\/span><\/a>\n\t\t\t\t  \t\t<a href=\"https:\/\/www.iobevo.com\/online\/portfolio-item\/concentrati-per-succhi-di-frutta-io-fresco\/\" title=\"Succhi di frutta io fresco\u00ae\" class=\"portfolio-title\"><h4>Succhi di frutta io fresco\u00ae<\/h4><span>Concentrati per bevande alla frutta<\/span><\/a>\n\t\t\t\t  \t<\/div><\/div><div class=\"portfolio-item four columns\"><div class=\"portfolio-it\">\n\t\t\t\t  \t\t<a href=\"https:\/\/www.iobevo.com\/online\/portfolio-item\/concentrati-e-solubili-per-bevande-fairtrade\/\" title=\"Bevande Equo e Solidali\"><span class=\"portfolio-pic\"><img decoding=\"async\" src=\"https:\/\/www.iobevo.com\/online\/wp-content\/uploads\/2014\/04\/bevande-fairtrade.jpg\" \/><div class=\"portfolio-overlay\"><span class=\"overlay-link\"><\/span><\/div><\/span><\/a>\n\t\t\t\t  \t\t<a href=\"https:\/\/www.iobevo.com\/online\/portfolio-item\/concentrati-e-solubili-per-bevande-fairtrade\/\" title=\"Bevande Equo e Solidali\" class=\"portfolio-title\"><h4>Bevande Equo e Solidali<\/h4><span>Concentrati e solubili Fairtrade<\/span><\/a>\n\t\t\t\t  \t<\/div><\/div><div class=\"portfolio-item four columns\"><div class=\"portfolio-it\">\n\t\t\t\t  \t\t<a href=\"https:\/\/www.iobevo.com\/online\/portfolio-item\/concentrati-per-bevande-salutistiche\/\" title=\"Bevande Bevi Sano\"><span class=\"portfolio-pic\"><img decoding=\"async\" src=\"https:\/\/www.iobevo.com\/online\/wp-content\/uploads\/2014\/04\/bevande-bevo-sano.jpg\" \/><div class=\"portfolio-overlay\"><span class=\"overlay-link\"><\/span><\/div><\/span><\/a>\n\t\t\t\t  \t\t<a href=\"https:\/\/www.iobevo.com\/online\/portfolio-item\/concentrati-per-bevande-salutistiche\/\" title=\"Bevande Bevi Sano\" class=\"portfolio-title\"><h4>Bevande Bevi Sano<\/h4><span>Concentrati con aloe vera e stevia<\/span><\/a>\n\t\t\t\t  \t<\/div><\/div><div class=\"portfolio-item four columns\"><div class=\"portfolio-it\">\n\t\t\t\t  \t\t<a href=\"https:\/\/www.iobevo.com\/online\/portfolio-item\/preparati-per-sorbetti-creme-fredde-e-gelati\/\" title=\"Preparati per sorbetti, creme fredde\"><span class=\"portfolio-pic\"><img decoding=\"async\" src=\"https:\/\/www.iobevo.com\/online\/wp-content\/uploads\/2014\/02\/FOTO-SORBETTI-E-CREME-FREDDE-1013-460x300.jpg\" \/><div class=\"portfolio-overlay\"><span class=\"overlay-link\"><\/span><\/div><\/span><\/a>\n\t\t\t\t  \t\t<a href=\"https:\/\/www.iobevo.com\/online\/portfolio-item\/preparati-per-sorbetti-creme-fredde-e-gelati\/\" title=\"Preparati per sorbetti, creme fredde\" class=\"portfolio-title\"><h4>Preparati per sorbetti, creme fredde<\/h4><span>Preparati per sorbetti e gelati<\/span><\/a>\n\t\t\t\t  \t<\/div><\/div><div class=\"portfolio-item four columns\"><div class=\"portfolio-it\">\n\t\t\t\t  \t\t<a href=\"https:\/\/www.iobevo.com\/online\/portfolio-item\/preparati-per-zuppe-istantanee\/\" title=\"Zuppe io zuppa\u00ae\"><span class=\"portfolio-pic\"><img decoding=\"async\" src=\"https:\/\/www.iobevo.com\/online\/wp-content\/uploads\/2014\/04\/preparati-per-passati-e-zup-460x300.jpg\" \/><div class=\"portfolio-overlay\"><span class=\"overlay-link\"><\/span><\/div><\/span><\/a>\n\t\t\t\t  \t\t<a href=\"https:\/\/www.iobevo.com\/online\/portfolio-item\/preparati-per-zuppe-istantanee\/\" title=\"Zuppe io zuppa\u00ae\" class=\"portfolio-title\"><h4>Zuppe io zuppa\u00ae<\/h4><span>Preparati per zuppe istantanee<\/span><\/a>\n\t\t\t\t  \t<\/div><\/div><\/div><div class=\"clear\"><\/div>\n<p>&nbsp;<\/p>\n<div class=\"gap\" style=\"height: 30px;\"><\/div>\n<h3 class=\"title\"><span>Distributeurs<\/span><\/h3><div class=\"latest-portfolio negative-wrap\"><div class=\"portfolio-item four columns\"><div class=\"portfolio-it\">\n\t\t\t\t  \t\t<a href=\"https:\/\/www.iobevo.com\/online\/portfolio-item\/mediterraneo\/\" title=\"Mediterraneo\"><span class=\"portfolio-pic\"><img decoding=\"async\" src=\"https:\/\/www.iobevo.com\/online\/wp-content\/uploads\/2014\/06\/mediterraneo_icon.jpg\" \/><div class=\"portfolio-overlay\"><span class=\"overlay-link\"><\/span><\/div><\/span><\/a>\n\t\t\t\t  \t\t<a href=\"https:\/\/www.iobevo.com\/online\/portfolio-item\/mediterraneo\/\" title=\"Mediterraneo\" class=\"portfolio-title\"><h4>Mediterraneo<\/h4><span>Per bevande e acqua microfilitrata<\/span><\/a>\n\t\t\t\t  \t<\/div><\/div><div class=\"portfolio-item four columns\"><div class=\"portfolio-it\">\n\t\t\t\t  \t\t<a href=\"https:\/\/www.iobevo.com\/online\/portfolio-item\/tirreno\/\" title=\"Tirreno\"><span class=\"portfolio-pic\"><img decoding=\"async\" src=\"https:\/\/www.iobevo.com\/online\/wp-content\/uploads\/2014\/04\/tirreno_macchina.jpg\" \/><div class=\"portfolio-overlay\"><span class=\"overlay-link\"><\/span><\/div><\/span><\/a>\n\t\t\t\t  \t\t<a href=\"https:\/\/www.iobevo.com\/online\/portfolio-item\/tirreno\/\" title=\"Tirreno\" class=\"portfolio-title\"><h4>Tirreno<\/h4><span>Per bevande e acqua microfilitrata<\/span><\/a>\n\t\t\t\t  \t<\/div><\/div><div class=\"portfolio-item four columns\"><div class=\"portfolio-it\">\n\t\t\t\t  \t\t<a href=\"https:\/\/www.iobevo.com\/online\/portfolio-item\/frozen-yogurt\/\" title=\"Frozen Yogurth\"><span class=\"portfolio-pic\"><img decoding=\"async\" src=\"https:\/\/www.iobevo.com\/online\/wp-content\/uploads\/2014\/04\/gelatiera_new.jpg\" \/><div class=\"portfolio-overlay\"><span class=\"overlay-link\"><\/span><\/div><\/span><\/a>\n\t\t\t\t  \t\t<a href=\"https:\/\/www.iobevo.com\/online\/portfolio-item\/frozen-yogurt\/\" title=\"Frozen Yogurth\" class=\"portfolio-title\"><h4>Frozen Yogurth<\/h4><span>Distributore frozen yogurt e gelato soft<\/span><\/a>\n\t\t\t\t  \t<\/div><\/div><\/div><div class=\"clear\"><\/div>\n","protected":false},"excerpt":{"rendered":"<p>En g\u00e9n\u00e9ral, la r\u00e9duction de l&#8217;impact environnemental et l&#8217;\u00e9volution des mod\u00e8les de consommation font que le syst\u00e8me freebeverage\u00ae repr\u00e9sente \u00e9galement dans les self-services ouverts au public, une solution \u00e0 grand potentiel et efficacit\u00e9 pour attirer de nouveaux segments de client\u00e8le. Selon le format global de la restauration, il sera possible [&hellip;]<\/p>\n","protected":false},"author":58,"featured_media":2831,"parent":6232,"menu_order":5,"comment_status":"open","ping_status":"open","template":"","meta":{"footnotes":""},"class_list":["post-6245","page","type-page","status-publish","has-post-thumbnail","hentry"],"yoast_head":"<!-- This site is optimized with the Yoast SEO plugin v27.3 - https:\/\/yoast.com\/product\/yoast-seo-wordpress\/ -->\n<title>Caf\u00e9t\u00e9ria\/self-service - io bevo\u00ae<\/title>\n<meta name=\"robots\" content=\"index, follow, max-snippet:-1, max-image-preview:large, max-video-preview:-1\" \/>\n<link rel=\"canonical\" href=\"https:\/\/www.iobevo.com\/online\/secteurs-du-marche\/cafeteriaself-service\/?lang=fr\" \/>\n<meta property=\"og:locale\" content=\"it_IT\" \/>\n<meta property=\"og:type\" content=\"article\" \/>\n<meta property=\"og:title\" content=\"Caf\u00e9t\u00e9ria\/self-service - io bevo\u00ae\" \/>\n<meta property=\"og:description\" content=\"En g\u00e9n\u00e9ral, la r\u00e9duction de l&#8217;impact environnemental et l&#8217;\u00e9volution des mod\u00e8les de consommation font que le syst\u00e8me freebeverage\u00ae repr\u00e9sente \u00e9galement dans les self-services ouverts au public, une solution \u00e0 grand potentiel et efficacit\u00e9 pour attirer de nouveaux segments de client\u00e8le. Selon le format global de la restauration, il sera possible [&hellip;]\" \/>\n<meta property=\"og:url\" content=\"https:\/\/www.iobevo.com\/online\/secteurs-du-marche\/cafeteriaself-service\/?lang=fr\" \/>\n<meta property=\"og:site_name\" content=\"io bevo\u00ae\" \/>\n<meta property=\"article:modified_time\" content=\"2017-07-31T10:29:52+00:00\" \/>\n<meta property=\"og:image\" content=\"https:\/\/www.iobevo.com\/online\/wp-content\/uploads\/2014\/01\/slide-2-bg-e1400667726929.png\" \/>\n\t<meta property=\"og:image:width\" content=\"1512\" \/>\n\t<meta property=\"og:image:height\" content=\"400\" \/>\n\t<meta property=\"og:image:type\" content=\"image\/png\" \/>\n<meta name=\"twitter:card\" content=\"summary_large_image\" \/>\n<meta name=\"twitter:site\" content=\"@IoBevo\" \/>\n<meta name=\"twitter:label1\" content=\"Tempo di lettura stimato\" \/>\n\t<meta name=\"twitter:data1\" content=\"1 minuto\" \/>\n<script type=\"application\/ld+json\" class=\"yoast-schema-graph\">{\"@context\":\"https:\\\/\\\/schema.org\",\"@graph\":[{\"@type\":\"WebPage\",\"@id\":\"https:\\\/\\\/www.iobevo.com\\\/online\\\/secteurs-du-marche\\\/cafeteriaself-service\\\/?lang=fr\",\"url\":\"https:\\\/\\\/www.iobevo.com\\\/online\\\/secteurs-du-marche\\\/cafeteriaself-service\\\/?lang=fr\",\"name\":\"Caf\u00e9t\u00e9ria\\\/self-service - io bevo\u00ae\",\"isPartOf\":{\"@id\":\"https:\\\/\\\/www.iobevo.com\\\/online\\\/#website\"},\"primaryImageOfPage\":{\"@id\":\"https:\\\/\\\/www.iobevo.com\\\/online\\\/secteurs-du-marche\\\/cafeteriaself-service\\\/?lang=fr#primaryimage\"},\"image\":{\"@id\":\"https:\\\/\\\/www.iobevo.com\\\/online\\\/secteurs-du-marche\\\/cafeteriaself-service\\\/?lang=fr#primaryimage\"},\"thumbnailUrl\":\"https:\\\/\\\/www.iobevo.com\\\/online\\\/wp-content\\\/uploads\\\/2014\\\/01\\\/slide-2-bg-e1400667726929.png\",\"datePublished\":\"2014-07-07T17:18:05+00:00\",\"dateModified\":\"2017-07-31T10:29:52+00:00\",\"breadcrumb\":{\"@id\":\"https:\\\/\\\/www.iobevo.com\\\/online\\\/secteurs-du-marche\\\/cafeteriaself-service\\\/?lang=fr#breadcrumb\"},\"inLanguage\":\"it-IT\",\"potentialAction\":[{\"@type\":\"ReadAction\",\"target\":[\"https:\\\/\\\/www.iobevo.com\\\/online\\\/secteurs-du-marche\\\/cafeteriaself-service\\\/?lang=fr\"]}]},{\"@type\":\"ImageObject\",\"inLanguage\":\"it-IT\",\"@id\":\"https:\\\/\\\/www.iobevo.com\\\/online\\\/secteurs-du-marche\\\/cafeteriaself-service\\\/?lang=fr#primaryimage\",\"url\":\"https:\\\/\\\/www.iobevo.com\\\/online\\\/wp-content\\\/uploads\\\/2014\\\/01\\\/slide-2-bg-e1400667726929.png\",\"contentUrl\":\"https:\\\/\\\/www.iobevo.com\\\/online\\\/wp-content\\\/uploads\\\/2014\\\/01\\\/slide-2-bg-e1400667726929.png\",\"width\":1512,\"height\":400},{\"@type\":\"BreadcrumbList\",\"@id\":\"https:\\\/\\\/www.iobevo.com\\\/online\\\/secteurs-du-marche\\\/cafeteriaself-service\\\/?lang=fr#breadcrumb\",\"itemListElement\":[{\"@type\":\"ListItem\",\"position\":1,\"name\":\"Secteurs du march\u00e9\",\"item\":\"https:\\\/\\\/www.iobevo.com\\\/online\\\/secteurs-du-marche\\\/?lang=fr\"},{\"@type\":\"ListItem\",\"position\":2,\"name\":\"Caf\u00e9t\u00e9ria\\\/self-service\"}]},{\"@type\":\"WebSite\",\"@id\":\"https:\\\/\\\/www.iobevo.com\\\/online\\\/#website\",\"url\":\"https:\\\/\\\/www.iobevo.com\\\/online\\\/\",\"name\":\"io bevo\u00ae\",\"description\":\"Drink Plastic free\",\"publisher\":{\"@id\":\"https:\\\/\\\/www.iobevo.com\\\/online\\\/#organization\"},\"potentialAction\":[{\"@type\":\"SearchAction\",\"target\":{\"@type\":\"EntryPoint\",\"urlTemplate\":\"https:\\\/\\\/www.iobevo.com\\\/online\\\/?s={search_term_string}\"},\"query-input\":{\"@type\":\"PropertyValueSpecification\",\"valueRequired\":true,\"valueName\":\"search_term_string\"}}],\"inLanguage\":\"it-IT\"},{\"@type\":\"Organization\",\"@id\":\"https:\\\/\\\/www.iobevo.com\\\/online\\\/#organization\",\"name\":\"General Beverage\",\"url\":\"https:\\\/\\\/www.iobevo.com\\\/online\\\/\",\"logo\":{\"@type\":\"ImageObject\",\"inLanguage\":\"it-IT\",\"@id\":\"https:\\\/\\\/www.iobevo.com\\\/online\\\/#\\\/schema\\\/logo\\\/image\\\/\",\"url\":\"https:\\\/\\\/www.iobevo.com\\\/online\\\/wp-content\\\/uploads\\\/2014\\\/01\\\/logo_gb_horizontal_grey_160x47.png\",\"contentUrl\":\"https:\\\/\\\/www.iobevo.com\\\/online\\\/wp-content\\\/uploads\\\/2014\\\/01\\\/logo_gb_horizontal_grey_160x47.png\",\"width\":160,\"height\":47,\"caption\":\"General Beverage\"},\"image\":{\"@id\":\"https:\\\/\\\/www.iobevo.com\\\/online\\\/#\\\/schema\\\/logo\\\/image\\\/\"},\"sameAs\":[\"https:\\\/\\\/x.com\\\/IoBevo\"]}]}<\/script>\n<!-- \/ Yoast SEO plugin. -->","yoast_head_json":{"title":"Caf\u00e9t\u00e9ria\/self-service - io bevo\u00ae","robots":{"index":"index","follow":"follow","max-snippet":"max-snippet:-1","max-image-preview":"max-image-preview:large","max-video-preview":"max-video-preview:-1"},"canonical":"https:\/\/www.iobevo.com\/online\/secteurs-du-marche\/cafeteriaself-service\/?lang=fr","og_locale":"it_IT","og_type":"article","og_title":"Caf\u00e9t\u00e9ria\/self-service - io bevo\u00ae","og_description":"En g\u00e9n\u00e9ral, la r\u00e9duction de l&#8217;impact environnemental et l&#8217;\u00e9volution des mod\u00e8les de consommation font que le syst\u00e8me freebeverage\u00ae repr\u00e9sente \u00e9galement dans les self-services ouverts au public, une solution \u00e0 grand potentiel et efficacit\u00e9 pour attirer de nouveaux segments de client\u00e8le. Selon le format global de la restauration, il sera possible [&hellip;]","og_url":"https:\/\/www.iobevo.com\/online\/secteurs-du-marche\/cafeteriaself-service\/?lang=fr","og_site_name":"io bevo\u00ae","article_modified_time":"2017-07-31T10:29:52+00:00","og_image":[{"width":1512,"height":400,"url":"https:\/\/www.iobevo.com\/online\/wp-content\/uploads\/2014\/01\/slide-2-bg-e1400667726929.png","type":"image\/png"}],"twitter_card":"summary_large_image","twitter_site":"@IoBevo","twitter_misc":{"Tempo di lettura stimato":"1 minuto"},"schema":{"@context":"https:\/\/schema.org","@graph":[{"@type":"WebPage","@id":"https:\/\/www.iobevo.com\/online\/secteurs-du-marche\/cafeteriaself-service\/?lang=fr","url":"https:\/\/www.iobevo.com\/online\/secteurs-du-marche\/cafeteriaself-service\/?lang=fr","name":"Caf\u00e9t\u00e9ria\/self-service - io bevo\u00ae","isPartOf":{"@id":"https:\/\/www.iobevo.com\/online\/#website"},"primaryImageOfPage":{"@id":"https:\/\/www.iobevo.com\/online\/secteurs-du-marche\/cafeteriaself-service\/?lang=fr#primaryimage"},"image":{"@id":"https:\/\/www.iobevo.com\/online\/secteurs-du-marche\/cafeteriaself-service\/?lang=fr#primaryimage"},"thumbnailUrl":"https:\/\/www.iobevo.com\/online\/wp-content\/uploads\/2014\/01\/slide-2-bg-e1400667726929.png","datePublished":"2014-07-07T17:18:05+00:00","dateModified":"2017-07-31T10:29:52+00:00","breadcrumb":{"@id":"https:\/\/www.iobevo.com\/online\/secteurs-du-marche\/cafeteriaself-service\/?lang=fr#breadcrumb"},"inLanguage":"it-IT","potentialAction":[{"@type":"ReadAction","target":["https:\/\/www.iobevo.com\/online\/secteurs-du-marche\/cafeteriaself-service\/?lang=fr"]}]},{"@type":"ImageObject","inLanguage":"it-IT","@id":"https:\/\/www.iobevo.com\/online\/secteurs-du-marche\/cafeteriaself-service\/?lang=fr#primaryimage","url":"https:\/\/www.iobevo.com\/online\/wp-content\/uploads\/2014\/01\/slide-2-bg-e1400667726929.png","contentUrl":"https:\/\/www.iobevo.com\/online\/wp-content\/uploads\/2014\/01\/slide-2-bg-e1400667726929.png","width":1512,"height":400},{"@type":"BreadcrumbList","@id":"https:\/\/www.iobevo.com\/online\/secteurs-du-marche\/cafeteriaself-service\/?lang=fr#breadcrumb","itemListElement":[{"@type":"ListItem","position":1,"name":"Secteurs du march\u00e9","item":"https:\/\/www.iobevo.com\/online\/secteurs-du-marche\/?lang=fr"},{"@type":"ListItem","position":2,"name":"Caf\u00e9t\u00e9ria\/self-service"}]},{"@type":"WebSite","@id":"https:\/\/www.iobevo.com\/online\/#website","url":"https:\/\/www.iobevo.com\/online\/","name":"io bevo\u00ae","description":"Drink Plastic free","publisher":{"@id":"https:\/\/www.iobevo.com\/online\/#organization"},"potentialAction":[{"@type":"SearchAction","target":{"@type":"EntryPoint","urlTemplate":"https:\/\/www.iobevo.com\/online\/?s={search_term_string}"},"query-input":{"@type":"PropertyValueSpecification","valueRequired":true,"valueName":"search_term_string"}}],"inLanguage":"it-IT"},{"@type":"Organization","@id":"https:\/\/www.iobevo.com\/online\/#organization","name":"General Beverage","url":"https:\/\/www.iobevo.com\/online\/","logo":{"@type":"ImageObject","inLanguage":"it-IT","@id":"https:\/\/www.iobevo.com\/online\/#\/schema\/logo\/image\/","url":"https:\/\/www.iobevo.com\/online\/wp-content\/uploads\/2014\/01\/logo_gb_horizontal_grey_160x47.png","contentUrl":"https:\/\/www.iobevo.com\/online\/wp-content\/uploads\/2014\/01\/logo_gb_horizontal_grey_160x47.png","width":160,"height":47,"caption":"General Beverage"},"image":{"@id":"https:\/\/www.iobevo.com\/online\/#\/schema\/logo\/image\/"},"sameAs":["https:\/\/x.com\/IoBevo"]}]}},"_links":{"self":[{"href":"https:\/\/www.iobevo.com\/online\/wp-json\/wp\/v2\/pages\/6245","targetHints":{"allow":["GET"]}}],"collection":[{"href":"https:\/\/www.iobevo.com\/online\/wp-json\/wp\/v2\/pages"}],"about":[{"href":"https:\/\/www.iobevo.com\/online\/wp-json\/wp\/v2\/types\/page"}],"author":[{"embeddable":true,"href":"https:\/\/www.iobevo.com\/online\/wp-json\/wp\/v2\/users\/58"}],"replies":[{"embeddable":true,"href":"https:\/\/www.iobevo.com\/online\/wp-json\/wp\/v2\/comments?post=6245"}],"version-history":[{"count":0,"href":"https:\/\/www.iobevo.com\/online\/wp-json\/wp\/v2\/pages\/6245\/revisions"}],"up":[{"embeddable":true,"href":"https:\/\/www.iobevo.com\/online\/wp-json\/wp\/v2\/pages\/6232"}],"wp:featuredmedia":[{"embeddable":true,"href":"https:\/\/www.iobevo.com\/online\/wp-json\/wp\/v2\/media\/2831"}],"wp:attachment":[{"href":"https:\/\/www.iobevo.com\/online\/wp-json\/wp\/v2\/media?parent=6245"}],"curies":[{"name":"wp","href":"https:\/\/api.w.org\/{rel}","templated":true}]}}