{"id":6252,"date":"2014-07-07T17:22:53","date_gmt":"2014-07-07T17:22:53","guid":{"rendered":"http:\/\/www.iobevo.com\/online\/?page_id=6252"},"modified":"2018-01-09T21:10:44","modified_gmt":"2018-01-09T19:10:44","slug":"cantines-dentreprise","status":"publish","type":"page","link":"https:\/\/www.iobevo.com\/online\/secteurs-du-marche\/cantines-dentreprise\/?lang=fr","title":{"rendered":"Cantines d\u2019entreprise"},"content":{"rendered":"<p><span class=\"responsive\"><img fetchpriority=\"high\" decoding=\"async\" class=\"alignleft wp-image-3114 size-medium\" src=\"http:\/\/www.iobevo.com\/online\/wp-content\/uploads\/2014\/04\/mense-aziendali-300x199.jpg\" alt=\"mense-aziendali\" width=\"300\" height=\"199\" srcset=\"https:\/\/www.iobevo.com\/online\/wp-content\/uploads\/2014\/04\/mense-aziendali-300x199.jpg 300w, https:\/\/www.iobevo.com\/online\/wp-content\/uploads\/2014\/04\/mense-aziendali.jpg 700w\" sizes=\"(max-width: 300px) 100vw, 300px\" \/><\/span>Les cantines d\u2019entreprise sont un des principaux secteurs de march\u00e9 dans lesquels les services et les solutions General Beverage sont utilis\u00e9s, y compris, en particulier, le service<br \/>\n<a title=\"freebeverage\" href=\"https:\/\/www.iobevo.com\/online\/fr\/services\/freebeverage\/\"><span class=\"mark2\">freebeverage<\/span><\/a><span class=\"mark3\">\u00ae<\/span> r\u00e9alis\u00e9 selon les diff\u00e9rents formats de boissons en fonction du contexte et des choix des consommateurs.<\/p>\n<p>Les services sont r\u00e9alis\u00e9s principalement \u00e0 travers les soci\u00e9t\u00e9s de restauration collective et particuli\u00e8rement demand\u00e9s par les entreprises avec certifications environnementales et sensibles \u00e0 la question de la durabilit\u00e9, ou bien par des entreprises publiques en conformit\u00e9 avec les <a href=\"http:\/\/iobevo.com\/online\/wp-content\/uploads\/2014\/05\/CAM-MINISTERO-AMBIENTE-CRITERI-AMBIENTALI-MINIMI-DELLA-RISTORAZIONE.pdf\">Crit\u00e8res Minimaux de l&#8217;Environnement du Minist\u00e8re de l&#8217;Environnement<\/a>.<\/p>\n<p>En plus du service <a href=\"https:\/\/www.iobevo.com\/online\/fr\/services\/freebeverage\/\"><span class=\"mark2\">freebeverage<\/span><\/a><span class=\"mark3\">\u00ae\u00a0<\/span>dans le secteur des cantines, nous offrons d\u2019autres services tels que:<\/p>\n<ul>\n<li><a title=\"freecoffee\" href=\"https:\/\/www.iobevo.com\/online\/fr\/services\/freecoffee\/\"><span class=\"mark2\">freecoffee<\/span><\/a><span class=\"mark3\">\u00ae<\/span><\/li>\n<li><a title=\"Tisana\" href=\"https:\/\/www.iobevo.com\/online\/fr\/services\/io-breakfast\/tisana\/\"><span class=\"mark2\">TiSana<\/span><\/a><\/li>\n<li><span class=\"mark2\"><a title=\"Cr\u00e8me glac\u00e9e et fruit\" href=\"https:\/\/www.iobevo.com\/online\/fr\/services\/io-soft\/\">Gelato &amp; Frutta<\/a><\/span> (Cr\u00e8me glac\u00e9e &amp; Fruits).<\/li>\n<\/ul>\n<div class=\"gap\" style=\"height: 30px;\"><\/div>\n<h3 class=\"title\"><span>Produits<\/span><\/h3><div class=\"latest-portfolio negative-wrap\"><div class=\"portfolio-item four columns\"><div class=\"portfolio-it\">\n\t\t\t\t  \t\t<a href=\"https:\/\/www.iobevo.com\/online\/portfolio-item\/concentrati-per-bevande-io-bevo\/\" title=\"Bevande io bevo\u00ae\"><span class=\"portfolio-pic\"><img decoding=\"async\" src=\"https:\/\/www.iobevo.com\/online\/wp-content\/uploads\/2014\/04\/concentrati-per-bevande-io-2-350x300.jpg\" \/><div class=\"portfolio-overlay\"><span class=\"overlay-link\"><\/span><\/div><\/span><\/a>\n\t\t\t\t  \t\t<a href=\"https:\/\/www.iobevo.com\/online\/portfolio-item\/concentrati-per-bevande-io-bevo\/\" title=\"Bevande io bevo\u00ae\" class=\"portfolio-title\"><h4>Bevande io bevo\u00ae<\/h4><span>Concentrati per bevande standard<\/span><\/a>\n\t\t\t\t  \t<\/div><\/div><div class=\"portfolio-item four columns\"><div class=\"portfolio-it\">\n\t\t\t\t  \t\t<a href=\"https:\/\/www.iobevo.com\/online\/portfolio-item\/concentrati-per-bevande-slow-beverage\/\" title=\"Bevande Slow Beverage\u00ae\"><span class=\"portfolio-pic\"><img decoding=\"async\" src=\"https:\/\/www.iobevo.com\/online\/wp-content\/uploads\/2014\/04\/bevande-slow-beverage.jpg\" \/><div class=\"portfolio-overlay\"><span class=\"overlay-link\"><\/span><\/div><\/span><\/a>\n\t\t\t\t  \t\t<a href=\"https:\/\/www.iobevo.com\/online\/portfolio-item\/concentrati-per-bevande-slow-beverage\/\" title=\"Bevande Slow Beverage\u00ae\" class=\"portfolio-title\"><h4>Bevande Slow Beverage\u00ae<\/h4><span>Concentrati per bevande regionali<\/span><\/a>\n\t\t\t\t  \t<\/div><\/div><div class=\"portfolio-item four columns\"><div class=\"portfolio-it\">\n\t\t\t\t  \t\t<a href=\"https:\/\/www.iobevo.com\/online\/portfolio-item\/concentrati-per-succhi-di-frutta-io-fresco\/\" title=\"Succhi di frutta io fresco\u00ae\"><span class=\"portfolio-pic\"><img decoding=\"async\" src=\"https:\/\/www.iobevo.com\/online\/wp-content\/uploads\/2014\/04\/succhi-io-fresco-440x300.jpg\" \/><div class=\"portfolio-overlay\"><span class=\"overlay-link\"><\/span><\/div><\/span><\/a>\n\t\t\t\t  \t\t<a href=\"https:\/\/www.iobevo.com\/online\/portfolio-item\/concentrati-per-succhi-di-frutta-io-fresco\/\" title=\"Succhi di frutta io fresco\u00ae\" class=\"portfolio-title\"><h4>Succhi di frutta io fresco\u00ae<\/h4><span>Concentrati per bevande alla frutta<\/span><\/a>\n\t\t\t\t  \t<\/div><\/div><div class=\"portfolio-item four columns\"><div class=\"portfolio-it\">\n\t\t\t\t  \t\t<a href=\"https:\/\/www.iobevo.com\/online\/portfolio-item\/concentrati-e-solubili-per-bevande-fairtrade\/\" title=\"Bevande Equo e Solidali\"><span class=\"portfolio-pic\"><img decoding=\"async\" src=\"https:\/\/www.iobevo.com\/online\/wp-content\/uploads\/2014\/04\/bevande-fairtrade.jpg\" \/><div class=\"portfolio-overlay\"><span class=\"overlay-link\"><\/span><\/div><\/span><\/a>\n\t\t\t\t  \t\t<a href=\"https:\/\/www.iobevo.com\/online\/portfolio-item\/concentrati-e-solubili-per-bevande-fairtrade\/\" title=\"Bevande Equo e Solidali\" class=\"portfolio-title\"><h4>Bevande Equo e Solidali<\/h4><span>Concentrati e solubili Fairtrade<\/span><\/a>\n\t\t\t\t  \t<\/div><\/div><div class=\"portfolio-item four columns\"><div class=\"portfolio-it\">\n\t\t\t\t  \t\t<a href=\"https:\/\/www.iobevo.com\/online\/portfolio-item\/concentrati-per-bevande-salutistiche\/\" title=\"Bevande Bevi Sano\"><span class=\"portfolio-pic\"><img decoding=\"async\" src=\"https:\/\/www.iobevo.com\/online\/wp-content\/uploads\/2014\/04\/bevande-bevo-sano.jpg\" \/><div class=\"portfolio-overlay\"><span class=\"overlay-link\"><\/span><\/div><\/span><\/a>\n\t\t\t\t  \t\t<a href=\"https:\/\/www.iobevo.com\/online\/portfolio-item\/concentrati-per-bevande-salutistiche\/\" title=\"Bevande Bevi Sano\" class=\"portfolio-title\"><h4>Bevande Bevi Sano<\/h4><span>Concentrati con aloe vera e stevia<\/span><\/a>\n\t\t\t\t  \t<\/div><\/div><div class=\"portfolio-item four columns\"><div class=\"portfolio-it\">\n\t\t\t\t  \t\t<a href=\"https:\/\/www.iobevo.com\/online\/portfolio-item\/tisane-ti-sana\/\" title=\"Tisane Ti Sana\"><span class=\"portfolio-pic\"><img decoding=\"async\" src=\"https:\/\/www.iobevo.com\/online\/wp-content\/uploads\/2014\/04\/tisana1-460x300.jpg\" \/><div class=\"portfolio-overlay\"><span class=\"overlay-link\"><\/span><\/div><\/span><\/a>\n\t\t\t\t  \t\t<a href=\"https:\/\/www.iobevo.com\/online\/portfolio-item\/tisane-ti-sana\/\" title=\"Tisane Ti Sana\" class=\"portfolio-title\"><h4>Tisane Ti Sana<\/h4><span>Solubili per tisane naturali<\/span><\/a>\n\t\t\t\t  \t<\/div><\/div><div class=\"portfolio-item four columns\"><div class=\"portfolio-it\">\n\t\t\t\t  \t\t<a href=\"https:\/\/www.iobevo.com\/online\/portfolio-item\/preparati-per-sorbetti-creme-fredde-e-gelati\/\" title=\"Preparati per sorbetti, creme fredde\"><span class=\"portfolio-pic\"><img decoding=\"async\" src=\"https:\/\/www.iobevo.com\/online\/wp-content\/uploads\/2014\/02\/FOTO-SORBETTI-E-CREME-FREDDE-1013-460x300.jpg\" \/><div class=\"portfolio-overlay\"><span class=\"overlay-link\"><\/span><\/div><\/span><\/a>\n\t\t\t\t  \t\t<a href=\"https:\/\/www.iobevo.com\/online\/portfolio-item\/preparati-per-sorbetti-creme-fredde-e-gelati\/\" title=\"Preparati per sorbetti, creme fredde\" class=\"portfolio-title\"><h4>Preparati per sorbetti, creme fredde<\/h4><span>Preparati per sorbetti e gelati<\/span><\/a>\n\t\t\t\t  \t<\/div><\/div><div class=\"portfolio-item four columns\"><div class=\"portfolio-it\">\n\t\t\t\t  \t\t<a href=\"https:\/\/www.iobevo.com\/online\/portfolio-item\/preparati-per-zuppe-istantanee\/\" title=\"Zuppe io zuppa\u00ae\"><span class=\"portfolio-pic\"><img decoding=\"async\" src=\"https:\/\/www.iobevo.com\/online\/wp-content\/uploads\/2014\/04\/preparati-per-passati-e-zup-460x300.jpg\" \/><div class=\"portfolio-overlay\"><span class=\"overlay-link\"><\/span><\/div><\/span><\/a>\n\t\t\t\t  \t\t<a href=\"https:\/\/www.iobevo.com\/online\/portfolio-item\/preparati-per-zuppe-istantanee\/\" title=\"Zuppe io zuppa\u00ae\" class=\"portfolio-title\"><h4>Zuppe io zuppa\u00ae<\/h4><span>Preparati per zuppe istantanee<\/span><\/a>\n\t\t\t\t  \t<\/div><\/div><div class=\"portfolio-item four columns\"><div class=\"portfolio-it\">\n\t\t\t\t  \t\t<a href=\"https:\/\/www.iobevo.com\/online\/portfolio-item\/preparato-per-crema-di-yogurt\/\" title=\"Preparato per crema di yogurt\"><span class=\"portfolio-pic\"><img decoding=\"async\" src=\"https:\/\/www.iobevo.com\/online\/wp-content\/uploads\/2017\/02\/yogurtcreme-460x300.jpg\" \/><div class=\"portfolio-overlay\"><span class=\"overlay-link\"><\/span><\/div><\/span><\/a>\n\t\t\t\t  \t\t<a href=\"https:\/\/www.iobevo.com\/online\/portfolio-item\/preparato-per-crema-di-yogurt\/\" title=\"Preparato per crema di yogurt\" class=\"portfolio-title\"><h4>Preparato per crema di yogurt<\/h4><span>Ottima crema di yogurt<\/span><\/a>\n\t\t\t\t  \t<\/div><\/div><div class=\"portfolio-item four columns\"><div class=\"portfolio-it\">\n\t\t\t\t  \t\t<a href=\"https:\/\/www.iobevo.com\/online\/portfolio-item\/dessert-io-sano\/\" title=\"Dessert io sano\u00ae\"><span class=\"portfolio-pic\"><img decoding=\"async\" src=\"https:\/\/www.iobevo.com\/online\/wp-content\/uploads\/2014\/04\/dessert-460x300.jpg\" \/><div class=\"portfolio-overlay\"><span class=\"overlay-link\"><\/span><\/div><\/span><\/a>\n\t\t\t\t  \t\t<a href=\"https:\/\/www.iobevo.com\/online\/portfolio-item\/dessert-io-sano\/\" title=\"Dessert io sano\u00ae\" class=\"portfolio-title\"><h4>Dessert io sano\u00ae<\/h4><span>Preparati per dessert<\/span><\/a>\n\t\t\t\t  \t<\/div><\/div><\/div><div class=\"clear\"><\/div>\n<div class=\"gap\" style=\"height: 30px;\"><\/div>\n<h3 class=\"title\"><span>Distributeurs<\/span><\/h3><div class=\"latest-portfolio negative-wrap\"><div class=\"portfolio-item four columns\"><div class=\"portfolio-it\">\n\t\t\t\t  \t\t<a href=\"https:\/\/www.iobevo.com\/online\/portfolio-item\/mediterraneo\/\" title=\"Mediterraneo\"><span class=\"portfolio-pic\"><img decoding=\"async\" src=\"https:\/\/www.iobevo.com\/online\/wp-content\/uploads\/2014\/06\/mediterraneo_icon.jpg\" \/><div class=\"portfolio-overlay\"><span class=\"overlay-link\"><\/span><\/div><\/span><\/a>\n\t\t\t\t  \t\t<a href=\"https:\/\/www.iobevo.com\/online\/portfolio-item\/mediterraneo\/\" title=\"Mediterraneo\" class=\"portfolio-title\"><h4>Mediterraneo<\/h4><span>Per bevande e acqua microfilitrata<\/span><\/a>\n\t\t\t\t  \t<\/div><\/div><div class=\"portfolio-item four columns\"><div class=\"portfolio-it\">\n\t\t\t\t  \t\t<a href=\"https:\/\/www.iobevo.com\/online\/portfolio-item\/tirreno\/\" title=\"Tirreno\"><span class=\"portfolio-pic\"><img decoding=\"async\" src=\"https:\/\/www.iobevo.com\/online\/wp-content\/uploads\/2014\/04\/tirreno_macchina.jpg\" \/><div class=\"portfolio-overlay\"><span class=\"overlay-link\"><\/span><\/div><\/span><\/a>\n\t\t\t\t  \t\t<a href=\"https:\/\/www.iobevo.com\/online\/portfolio-item\/tirreno\/\" title=\"Tirreno\" class=\"portfolio-title\"><h4>Tirreno<\/h4><span>Per bevande e acqua microfilitrata<\/span><\/a>\n\t\t\t\t  \t<\/div><\/div><div class=\"portfolio-item four columns\"><div class=\"portfolio-it\">\n\t\t\t\t  \t\t<a href=\"https:\/\/www.iobevo.com\/online\/portfolio-item\/asia-ti-sana\/\" title=\"Asia Ti Sana\"><span class=\"portfolio-pic\"><img decoding=\"async\" src=\"https:\/\/www.iobevo.com\/online\/wp-content\/uploads\/2014\/04\/asia-ti-sana.jpg\" \/><div class=\"portfolio-overlay\"><span class=\"overlay-link\"><\/span><\/div><\/span><\/a>\n\t\t\t\t  \t\t<a href=\"https:\/\/www.iobevo.com\/online\/portfolio-item\/asia-ti-sana\/\" title=\"Asia Ti Sana\" class=\"portfolio-title\"><h4>Asia Ti Sana<\/h4><span>Per tisane naturali<\/span><\/a>\n\t\t\t\t  \t<\/div><\/div><div class=\"portfolio-item four columns\"><div class=\"portfolio-it\">\n\t\t\t\t  \t\t<a href=\"https:\/\/www.iobevo.com\/online\/portfolio-item\/korinto-io-espresso\/\" title=\"Korinto io espresso\u00ae\"><span class=\"portfolio-pic\"><img decoding=\"async\" src=\"https:\/\/www.iobevo.com\/online\/wp-content\/uploads\/2014\/04\/Korinto-460x300.jpg\" \/><div class=\"portfolio-overlay\"><span class=\"overlay-link\"><\/span><\/div><\/span><\/a>\n\t\t\t\t  \t\t<a href=\"https:\/\/www.iobevo.com\/online\/portfolio-item\/korinto-io-espresso\/\" title=\"Korinto io espresso\u00ae\" class=\"portfolio-title\"><h4>Korinto io espresso\u00ae<\/h4><span>Per caff\u00e8 io espresso e 2 solubili <\/span><\/a>\n\t\t\t\t  \t<\/div><\/div><div class=\"portfolio-item four columns\"><div class=\"portfolio-it\">\n\t\t\t\t  \t\t<a href=\"https:\/\/www.iobevo.com\/online\/portfolio-item\/frozen-yogurt\/\" title=\"Frozen Yogurth\"><span class=\"portfolio-pic\"><img decoding=\"async\" src=\"https:\/\/www.iobevo.com\/online\/wp-content\/uploads\/2014\/04\/gelatiera_new.jpg\" \/><div class=\"portfolio-overlay\"><span class=\"overlay-link\"><\/span><\/div><\/span><\/a>\n\t\t\t\t  \t\t<a href=\"https:\/\/www.iobevo.com\/online\/portfolio-item\/frozen-yogurt\/\" title=\"Frozen Yogurth\" class=\"portfolio-title\"><h4>Frozen Yogurth<\/h4><span>Distributore frozen yogurt e gelato soft<\/span><\/a>\n\t\t\t\t  \t<\/div><\/div><\/div><div class=\"clear\"><\/div>\n","protected":false},"excerpt":{"rendered":"<p>Les cantines d\u2019entreprise sont un des principaux secteurs de march\u00e9 dans lesquels les services et les solutions General Beverage sont utilis\u00e9s, y compris, en particulier, le service freebeverage\u00ae r\u00e9alis\u00e9 selon les diff\u00e9rents formats de boissons en fonction du contexte et des choix des consommateurs. Les services sont r\u00e9alis\u00e9s principalement \u00e0 [&hellip;]<\/p>\n","protected":false},"author":58,"featured_media":2831,"parent":6232,"menu_order":8,"comment_status":"open","ping_status":"closed","template":"","meta":{"footnotes":""},"class_list":["post-6252","page","type-page","status-publish","has-post-thumbnail","hentry"],"yoast_head":"<!-- This site is optimized with the Yoast SEO plugin v27.4 - https:\/\/yoast.com\/product\/yoast-seo-wordpress\/ -->\n<title>Cantines d\u2019entreprise - io bevo\u00ae<\/title>\n<meta name=\"robots\" content=\"index, follow, max-snippet:-1, max-image-preview:large, max-video-preview:-1\" \/>\n<link rel=\"canonical\" href=\"https:\/\/www.iobevo.com\/online\/secteurs-du-marche\/cantines-dentreprise\/?lang=fr\" \/>\n<meta property=\"og:locale\" content=\"it_IT\" \/>\n<meta property=\"og:type\" content=\"article\" \/>\n<meta property=\"og:title\" content=\"Cantines d\u2019entreprise - io bevo\u00ae\" \/>\n<meta property=\"og:description\" content=\"Les cantines d\u2019entreprise sont un des principaux secteurs de march\u00e9 dans lesquels les services et les solutions General Beverage sont utilis\u00e9s, y compris, en particulier, le service freebeverage\u00ae r\u00e9alis\u00e9 selon les diff\u00e9rents formats de boissons en fonction du contexte et des choix des consommateurs. Les services sont r\u00e9alis\u00e9s principalement \u00e0 [&hellip;]\" \/>\n<meta property=\"og:url\" content=\"https:\/\/www.iobevo.com\/online\/secteurs-du-marche\/cantines-dentreprise\/?lang=fr\" \/>\n<meta property=\"og:site_name\" content=\"io bevo\u00ae\" \/>\n<meta property=\"article:modified_time\" content=\"2018-01-09T19:10:44+00:00\" \/>\n<meta property=\"og:image\" content=\"https:\/\/www.iobevo.com\/online\/wp-content\/uploads\/2014\/01\/slide-2-bg-e1400667726929.png\" \/>\n\t<meta property=\"og:image:width\" content=\"1512\" \/>\n\t<meta property=\"og:image:height\" content=\"400\" \/>\n\t<meta property=\"og:image:type\" content=\"image\/png\" \/>\n<meta name=\"twitter:card\" content=\"summary_large_image\" \/>\n<meta name=\"twitter:site\" content=\"@IoBevo\" \/>\n<meta name=\"twitter:label1\" content=\"Tempo di lettura stimato\" \/>\n\t<meta name=\"twitter:data1\" content=\"1 minuto\" \/>\n<script type=\"application\/ld+json\" class=\"yoast-schema-graph\">{\"@context\":\"https:\\\/\\\/schema.org\",\"@graph\":[{\"@type\":\"WebPage\",\"@id\":\"https:\\\/\\\/www.iobevo.com\\\/online\\\/secteurs-du-marche\\\/cantines-dentreprise\\\/?lang=fr\",\"url\":\"https:\\\/\\\/www.iobevo.com\\\/online\\\/secteurs-du-marche\\\/cantines-dentreprise\\\/?lang=fr\",\"name\":\"Cantines d\u2019entreprise - io bevo\u00ae\",\"isPartOf\":{\"@id\":\"https:\\\/\\\/www.iobevo.com\\\/online\\\/#website\"},\"primaryImageOfPage\":{\"@id\":\"https:\\\/\\\/www.iobevo.com\\\/online\\\/secteurs-du-marche\\\/cantines-dentreprise\\\/?lang=fr#primaryimage\"},\"image\":{\"@id\":\"https:\\\/\\\/www.iobevo.com\\\/online\\\/secteurs-du-marche\\\/cantines-dentreprise\\\/?lang=fr#primaryimage\"},\"thumbnailUrl\":\"https:\\\/\\\/www.iobevo.com\\\/online\\\/wp-content\\\/uploads\\\/2014\\\/01\\\/slide-2-bg-e1400667726929.png\",\"datePublished\":\"2014-07-07T17:22:53+00:00\",\"dateModified\":\"2018-01-09T19:10:44+00:00\",\"breadcrumb\":{\"@id\":\"https:\\\/\\\/www.iobevo.com\\\/online\\\/secteurs-du-marche\\\/cantines-dentreprise\\\/?lang=fr#breadcrumb\"},\"inLanguage\":\"it-IT\",\"potentialAction\":[{\"@type\":\"ReadAction\",\"target\":[\"https:\\\/\\\/www.iobevo.com\\\/online\\\/secteurs-du-marche\\\/cantines-dentreprise\\\/?lang=fr\"]}]},{\"@type\":\"ImageObject\",\"inLanguage\":\"it-IT\",\"@id\":\"https:\\\/\\\/www.iobevo.com\\\/online\\\/secteurs-du-marche\\\/cantines-dentreprise\\\/?lang=fr#primaryimage\",\"url\":\"https:\\\/\\\/www.iobevo.com\\\/online\\\/wp-content\\\/uploads\\\/2014\\\/01\\\/slide-2-bg-e1400667726929.png\",\"contentUrl\":\"https:\\\/\\\/www.iobevo.com\\\/online\\\/wp-content\\\/uploads\\\/2014\\\/01\\\/slide-2-bg-e1400667726929.png\",\"width\":1512,\"height\":400},{\"@type\":\"BreadcrumbList\",\"@id\":\"https:\\\/\\\/www.iobevo.com\\\/online\\\/secteurs-du-marche\\\/cantines-dentreprise\\\/?lang=fr#breadcrumb\",\"itemListElement\":[{\"@type\":\"ListItem\",\"position\":1,\"name\":\"Secteurs du march\u00e9\",\"item\":\"https:\\\/\\\/www.iobevo.com\\\/online\\\/secteurs-du-marche\\\/?lang=fr\"},{\"@type\":\"ListItem\",\"position\":2,\"name\":\"Cantines d\u2019entreprise\"}]},{\"@type\":\"WebSite\",\"@id\":\"https:\\\/\\\/www.iobevo.com\\\/online\\\/#website\",\"url\":\"https:\\\/\\\/www.iobevo.com\\\/online\\\/\",\"name\":\"io bevo\u00ae\",\"description\":\"Drink Plastic free\",\"publisher\":{\"@id\":\"https:\\\/\\\/www.iobevo.com\\\/online\\\/#organization\"},\"potentialAction\":[{\"@type\":\"SearchAction\",\"target\":{\"@type\":\"EntryPoint\",\"urlTemplate\":\"https:\\\/\\\/www.iobevo.com\\\/online\\\/?s={search_term_string}\"},\"query-input\":{\"@type\":\"PropertyValueSpecification\",\"valueRequired\":true,\"valueName\":\"search_term_string\"}}],\"inLanguage\":\"it-IT\"},{\"@type\":\"Organization\",\"@id\":\"https:\\\/\\\/www.iobevo.com\\\/online\\\/#organization\",\"name\":\"General Beverage\",\"url\":\"https:\\\/\\\/www.iobevo.com\\\/online\\\/\",\"logo\":{\"@type\":\"ImageObject\",\"inLanguage\":\"it-IT\",\"@id\":\"https:\\\/\\\/www.iobevo.com\\\/online\\\/#\\\/schema\\\/logo\\\/image\\\/\",\"url\":\"https:\\\/\\\/www.iobevo.com\\\/online\\\/wp-content\\\/uploads\\\/2014\\\/01\\\/logo_gb_horizontal_grey_160x47.png\",\"contentUrl\":\"https:\\\/\\\/www.iobevo.com\\\/online\\\/wp-content\\\/uploads\\\/2014\\\/01\\\/logo_gb_horizontal_grey_160x47.png\",\"width\":160,\"height\":47,\"caption\":\"General Beverage\"},\"image\":{\"@id\":\"https:\\\/\\\/www.iobevo.com\\\/online\\\/#\\\/schema\\\/logo\\\/image\\\/\"},\"sameAs\":[\"https:\\\/\\\/x.com\\\/IoBevo\"]}]}<\/script>\n<!-- \/ Yoast SEO plugin. -->","yoast_head_json":{"title":"Cantines d\u2019entreprise - io bevo\u00ae","robots":{"index":"index","follow":"follow","max-snippet":"max-snippet:-1","max-image-preview":"max-image-preview:large","max-video-preview":"max-video-preview:-1"},"canonical":"https:\/\/www.iobevo.com\/online\/secteurs-du-marche\/cantines-dentreprise\/?lang=fr","og_locale":"it_IT","og_type":"article","og_title":"Cantines d\u2019entreprise - io bevo\u00ae","og_description":"Les cantines d\u2019entreprise sont un des principaux secteurs de march\u00e9 dans lesquels les services et les solutions General Beverage sont utilis\u00e9s, y compris, en particulier, le service freebeverage\u00ae r\u00e9alis\u00e9 selon les diff\u00e9rents formats de boissons en fonction du contexte et des choix des consommateurs. Les services sont r\u00e9alis\u00e9s principalement \u00e0 [&hellip;]","og_url":"https:\/\/www.iobevo.com\/online\/secteurs-du-marche\/cantines-dentreprise\/?lang=fr","og_site_name":"io bevo\u00ae","article_modified_time":"2018-01-09T19:10:44+00:00","og_image":[{"width":1512,"height":400,"url":"https:\/\/www.iobevo.com\/online\/wp-content\/uploads\/2014\/01\/slide-2-bg-e1400667726929.png","type":"image\/png"}],"twitter_card":"summary_large_image","twitter_site":"@IoBevo","twitter_misc":{"Tempo di lettura stimato":"1 minuto"},"schema":{"@context":"https:\/\/schema.org","@graph":[{"@type":"WebPage","@id":"https:\/\/www.iobevo.com\/online\/secteurs-du-marche\/cantines-dentreprise\/?lang=fr","url":"https:\/\/www.iobevo.com\/online\/secteurs-du-marche\/cantines-dentreprise\/?lang=fr","name":"Cantines d\u2019entreprise - io bevo\u00ae","isPartOf":{"@id":"https:\/\/www.iobevo.com\/online\/#website"},"primaryImageOfPage":{"@id":"https:\/\/www.iobevo.com\/online\/secteurs-du-marche\/cantines-dentreprise\/?lang=fr#primaryimage"},"image":{"@id":"https:\/\/www.iobevo.com\/online\/secteurs-du-marche\/cantines-dentreprise\/?lang=fr#primaryimage"},"thumbnailUrl":"https:\/\/www.iobevo.com\/online\/wp-content\/uploads\/2014\/01\/slide-2-bg-e1400667726929.png","datePublished":"2014-07-07T17:22:53+00:00","dateModified":"2018-01-09T19:10:44+00:00","breadcrumb":{"@id":"https:\/\/www.iobevo.com\/online\/secteurs-du-marche\/cantines-dentreprise\/?lang=fr#breadcrumb"},"inLanguage":"it-IT","potentialAction":[{"@type":"ReadAction","target":["https:\/\/www.iobevo.com\/online\/secteurs-du-marche\/cantines-dentreprise\/?lang=fr"]}]},{"@type":"ImageObject","inLanguage":"it-IT","@id":"https:\/\/www.iobevo.com\/online\/secteurs-du-marche\/cantines-dentreprise\/?lang=fr#primaryimage","url":"https:\/\/www.iobevo.com\/online\/wp-content\/uploads\/2014\/01\/slide-2-bg-e1400667726929.png","contentUrl":"https:\/\/www.iobevo.com\/online\/wp-content\/uploads\/2014\/01\/slide-2-bg-e1400667726929.png","width":1512,"height":400},{"@type":"BreadcrumbList","@id":"https:\/\/www.iobevo.com\/online\/secteurs-du-marche\/cantines-dentreprise\/?lang=fr#breadcrumb","itemListElement":[{"@type":"ListItem","position":1,"name":"Secteurs du march\u00e9","item":"https:\/\/www.iobevo.com\/online\/secteurs-du-marche\/?lang=fr"},{"@type":"ListItem","position":2,"name":"Cantines d\u2019entreprise"}]},{"@type":"WebSite","@id":"https:\/\/www.iobevo.com\/online\/#website","url":"https:\/\/www.iobevo.com\/online\/","name":"io bevo\u00ae","description":"Drink Plastic free","publisher":{"@id":"https:\/\/www.iobevo.com\/online\/#organization"},"potentialAction":[{"@type":"SearchAction","target":{"@type":"EntryPoint","urlTemplate":"https:\/\/www.iobevo.com\/online\/?s={search_term_string}"},"query-input":{"@type":"PropertyValueSpecification","valueRequired":true,"valueName":"search_term_string"}}],"inLanguage":"it-IT"},{"@type":"Organization","@id":"https:\/\/www.iobevo.com\/online\/#organization","name":"General Beverage","url":"https:\/\/www.iobevo.com\/online\/","logo":{"@type":"ImageObject","inLanguage":"it-IT","@id":"https:\/\/www.iobevo.com\/online\/#\/schema\/logo\/image\/","url":"https:\/\/www.iobevo.com\/online\/wp-content\/uploads\/2014\/01\/logo_gb_horizontal_grey_160x47.png","contentUrl":"https:\/\/www.iobevo.com\/online\/wp-content\/uploads\/2014\/01\/logo_gb_horizontal_grey_160x47.png","width":160,"height":47,"caption":"General Beverage"},"image":{"@id":"https:\/\/www.iobevo.com\/online\/#\/schema\/logo\/image\/"},"sameAs":["https:\/\/x.com\/IoBevo"]}]}},"_links":{"self":[{"href":"https:\/\/www.iobevo.com\/online\/wp-json\/wp\/v2\/pages\/6252","targetHints":{"allow":["GET"]}}],"collection":[{"href":"https:\/\/www.iobevo.com\/online\/wp-json\/wp\/v2\/pages"}],"about":[{"href":"https:\/\/www.iobevo.com\/online\/wp-json\/wp\/v2\/types\/page"}],"author":[{"embeddable":true,"href":"https:\/\/www.iobevo.com\/online\/wp-json\/wp\/v2\/users\/58"}],"replies":[{"embeddable":true,"href":"https:\/\/www.iobevo.com\/online\/wp-json\/wp\/v2\/comments?post=6252"}],"version-history":[{"count":0,"href":"https:\/\/www.iobevo.com\/online\/wp-json\/wp\/v2\/pages\/6252\/revisions"}],"up":[{"embeddable":true,"href":"https:\/\/www.iobevo.com\/online\/wp-json\/wp\/v2\/pages\/6232"}],"wp:featuredmedia":[{"embeddable":true,"href":"https:\/\/www.iobevo.com\/online\/wp-json\/wp\/v2\/media\/2831"}],"wp:attachment":[{"href":"https:\/\/www.iobevo.com\/online\/wp-json\/wp\/v2\/media?parent=6252"}],"curies":[{"name":"wp","href":"https:\/\/api.w.org\/{rel}","templated":true}]}}