{"id":6256,"date":"2014-07-07T17:25:09","date_gmt":"2014-07-07T17:25:09","guid":{"rendered":"http:\/\/www.iobevo.com\/online\/?page_id=6256"},"modified":"2017-07-31T12:02:15","modified_gmt":"2017-07-31T10:02:15","slug":"hopitaux","status":"publish","type":"page","link":"https:\/\/www.iobevo.com\/online\/secteurs-du-marche\/hopitaux\/?lang=fr","title":{"rendered":"H\u00f4pitaux"},"content":{"rendered":"<p><span class=\"responsive\"><img fetchpriority=\"high\" decoding=\"async\" class=\"alignleft wp-image-3122 size-medium\" src=\"http:\/\/www.iobevo.com\/online\/wp-content\/uploads\/2014\/04\/settore-ospedali-300x200.jpg\" alt=\"settore-ospedali\" width=\"300\" height=\"200\" srcset=\"https:\/\/www.iobevo.com\/online\/wp-content\/uploads\/2014\/04\/settore-ospedali-300x200.jpg 300w, https:\/\/www.iobevo.com\/online\/wp-content\/uploads\/2014\/04\/settore-ospedali.jpg 700w\" sizes=\"(max-width: 300px) 100vw, 300px\" \/><\/span>Les h\u00f4pitaux publics et priv\u00e9s repr\u00e9sentent un secteur important de march\u00e9 pour notre entreprise.<\/p>\n<p>Quant \u00e0 la cantine du personnel, les services fournis sont exactement les m\u00eames de ceux qui sont propos\u00e9s dans les cantines d\u2019entreprise, et en particulier le service <a title=\"freebeverage\" href=\"https:\/\/www.iobevo.com\/online\/fr\/services\/freebeverage\/\"><span class=\"mark2\">freebeverage<\/span><\/a><span class=\"mark3\">\u00ae<\/span>.<\/p>\n<p>Dans le cadre du repas pour les patients, nous r\u00e9alisons la distribution d&#8217;eau micro filtr\u00e9e \u00e0 travers le service <a title=\"io pura\" href=\"https:\/\/www.iobevo.com\/online\/fr\/services\/io-breakfast\/io-pura\/\"><span class=\"mark1\">io<\/span> <span class=\"mark2\">pura<\/span><\/a><span class=\"mark3\">\u00ae<\/span> et l&#8217;utilisation de solutions sp\u00e9cifiques visant \u00e0 la pr\u00e9vention des d\u00e9chets li\u00e9s aux emballages de l\u2019eau min\u00e9rale.<\/p>\n<p>Pour ce qui concerne la restauration des patients, vous pouvez avoir plus d&#8217;informations en acc\u00e9dant \u00e0 <a title=\"io sano\" href=\"http:\/\/www.iosano.com\/\" target=\"_blank\" rel=\"noopener noreferrer\"><span class=\"mark1\">io<\/span> <span class=\"mark2\">sano<\/span><\/a><span class=\"mark3\">\u00ae<\/span>.<\/p>\n","protected":false},"excerpt":{"rendered":"<p>Les h\u00f4pitaux publics et priv\u00e9s repr\u00e9sentent un secteur important de march\u00e9 pour notre entreprise. Quant \u00e0 la cantine du personnel, les services fournis sont exactement les m\u00eames de ceux qui sont propos\u00e9s dans les cantines d\u2019entreprise, et en particulier le service freebeverage\u00ae. Dans le cadre du repas pour les patients, [&hellip;]<\/p>\n","protected":false},"author":58,"featured_media":2831,"parent":6232,"menu_order":10,"comment_status":"open","ping_status":"closed","template":"","meta":{"footnotes":""},"class_list":["post-6256","page","type-page","status-publish","has-post-thumbnail","hentry"],"yoast_head":"<!-- This site is optimized with the Yoast SEO plugin v27.5 - https:\/\/yoast.com\/product\/yoast-seo-wordpress\/ -->\n<title>H\u00f4pitaux - io bevo\u00ae<\/title>\n<meta name=\"robots\" content=\"index, follow, max-snippet:-1, max-image-preview:large, max-video-preview:-1\" \/>\n<link rel=\"canonical\" href=\"https:\/\/www.iobevo.com\/online\/secteurs-du-marche\/hopitaux\/?lang=fr\" \/>\n<meta property=\"og:locale\" content=\"it_IT\" \/>\n<meta property=\"og:type\" content=\"article\" \/>\n<meta property=\"og:title\" content=\"H\u00f4pitaux - io bevo\u00ae\" \/>\n<meta property=\"og:description\" content=\"Les h\u00f4pitaux publics et priv\u00e9s repr\u00e9sentent un secteur important de march\u00e9 pour notre entreprise. Quant \u00e0 la cantine du personnel, les services fournis sont exactement les m\u00eames de ceux qui sont propos\u00e9s dans les cantines d\u2019entreprise, et en particulier le service freebeverage\u00ae. Dans le cadre du repas pour les patients, [&hellip;]\" \/>\n<meta property=\"og:url\" content=\"https:\/\/www.iobevo.com\/online\/secteurs-du-marche\/hopitaux\/?lang=fr\" \/>\n<meta property=\"og:site_name\" content=\"io bevo\u00ae\" \/>\n<meta property=\"article:modified_time\" content=\"2017-07-31T10:02:15+00:00\" \/>\n<meta property=\"og:image\" content=\"https:\/\/www.iobevo.com\/online\/wp-content\/uploads\/2014\/01\/slide-2-bg-e1400667726929.png\" \/>\n\t<meta property=\"og:image:width\" content=\"1512\" \/>\n\t<meta property=\"og:image:height\" content=\"400\" \/>\n\t<meta property=\"og:image:type\" content=\"image\/png\" \/>\n<meta name=\"twitter:card\" content=\"summary_large_image\" \/>\n<meta name=\"twitter:site\" content=\"@IoBevo\" \/>\n<meta name=\"twitter:label1\" content=\"Tempo di lettura stimato\" \/>\n\t<meta name=\"twitter:data1\" content=\"1 minuto\" \/>\n<script type=\"application\/ld+json\" class=\"yoast-schema-graph\">{\"@context\":\"https:\\\/\\\/schema.org\",\"@graph\":[{\"@type\":\"WebPage\",\"@id\":\"https:\\\/\\\/www.iobevo.com\\\/online\\\/secteurs-du-marche\\\/hopitaux\\\/?lang=fr\",\"url\":\"https:\\\/\\\/www.iobevo.com\\\/online\\\/secteurs-du-marche\\\/hopitaux\\\/?lang=fr\",\"name\":\"H\u00f4pitaux - io bevo\u00ae\",\"isPartOf\":{\"@id\":\"https:\\\/\\\/www.iobevo.com\\\/online\\\/#website\"},\"primaryImageOfPage\":{\"@id\":\"https:\\\/\\\/www.iobevo.com\\\/online\\\/secteurs-du-marche\\\/hopitaux\\\/?lang=fr#primaryimage\"},\"image\":{\"@id\":\"https:\\\/\\\/www.iobevo.com\\\/online\\\/secteurs-du-marche\\\/hopitaux\\\/?lang=fr#primaryimage\"},\"thumbnailUrl\":\"https:\\\/\\\/www.iobevo.com\\\/online\\\/wp-content\\\/uploads\\\/2014\\\/01\\\/slide-2-bg-e1400667726929.png\",\"datePublished\":\"2014-07-07T17:25:09+00:00\",\"dateModified\":\"2017-07-31T10:02:15+00:00\",\"breadcrumb\":{\"@id\":\"https:\\\/\\\/www.iobevo.com\\\/online\\\/secteurs-du-marche\\\/hopitaux\\\/?lang=fr#breadcrumb\"},\"inLanguage\":\"it-IT\",\"potentialAction\":[{\"@type\":\"ReadAction\",\"target\":[\"https:\\\/\\\/www.iobevo.com\\\/online\\\/secteurs-du-marche\\\/hopitaux\\\/?lang=fr\"]}]},{\"@type\":\"ImageObject\",\"inLanguage\":\"it-IT\",\"@id\":\"https:\\\/\\\/www.iobevo.com\\\/online\\\/secteurs-du-marche\\\/hopitaux\\\/?lang=fr#primaryimage\",\"url\":\"https:\\\/\\\/www.iobevo.com\\\/online\\\/wp-content\\\/uploads\\\/2014\\\/01\\\/slide-2-bg-e1400667726929.png\",\"contentUrl\":\"https:\\\/\\\/www.iobevo.com\\\/online\\\/wp-content\\\/uploads\\\/2014\\\/01\\\/slide-2-bg-e1400667726929.png\",\"width\":1512,\"height\":400},{\"@type\":\"BreadcrumbList\",\"@id\":\"https:\\\/\\\/www.iobevo.com\\\/online\\\/secteurs-du-marche\\\/hopitaux\\\/?lang=fr#breadcrumb\",\"itemListElement\":[{\"@type\":\"ListItem\",\"position\":1,\"name\":\"Secteurs du march\u00e9\",\"item\":\"https:\\\/\\\/www.iobevo.com\\\/online\\\/secteurs-du-marche\\\/?lang=fr\"},{\"@type\":\"ListItem\",\"position\":2,\"name\":\"H\u00f4pitaux\"}]},{\"@type\":\"WebSite\",\"@id\":\"https:\\\/\\\/www.iobevo.com\\\/online\\\/#website\",\"url\":\"https:\\\/\\\/www.iobevo.com\\\/online\\\/\",\"name\":\"io bevo\u00ae\",\"description\":\"Drink Plastic free\",\"publisher\":{\"@id\":\"https:\\\/\\\/www.iobevo.com\\\/online\\\/#organization\"},\"potentialAction\":[{\"@type\":\"SearchAction\",\"target\":{\"@type\":\"EntryPoint\",\"urlTemplate\":\"https:\\\/\\\/www.iobevo.com\\\/online\\\/?s={search_term_string}\"},\"query-input\":{\"@type\":\"PropertyValueSpecification\",\"valueRequired\":true,\"valueName\":\"search_term_string\"}}],\"inLanguage\":\"it-IT\"},{\"@type\":\"Organization\",\"@id\":\"https:\\\/\\\/www.iobevo.com\\\/online\\\/#organization\",\"name\":\"General Beverage\",\"url\":\"https:\\\/\\\/www.iobevo.com\\\/online\\\/\",\"logo\":{\"@type\":\"ImageObject\",\"inLanguage\":\"it-IT\",\"@id\":\"https:\\\/\\\/www.iobevo.com\\\/online\\\/#\\\/schema\\\/logo\\\/image\\\/\",\"url\":\"https:\\\/\\\/www.iobevo.com\\\/online\\\/wp-content\\\/uploads\\\/2014\\\/01\\\/logo_gb_horizontal_grey_160x47.png\",\"contentUrl\":\"https:\\\/\\\/www.iobevo.com\\\/online\\\/wp-content\\\/uploads\\\/2014\\\/01\\\/logo_gb_horizontal_grey_160x47.png\",\"width\":160,\"height\":47,\"caption\":\"General Beverage\"},\"image\":{\"@id\":\"https:\\\/\\\/www.iobevo.com\\\/online\\\/#\\\/schema\\\/logo\\\/image\\\/\"},\"sameAs\":[\"https:\\\/\\\/x.com\\\/IoBevo\"]}]}<\/script>\n<!-- \/ Yoast SEO plugin. -->","yoast_head_json":{"title":"H\u00f4pitaux - io bevo\u00ae","robots":{"index":"index","follow":"follow","max-snippet":"max-snippet:-1","max-image-preview":"max-image-preview:large","max-video-preview":"max-video-preview:-1"},"canonical":"https:\/\/www.iobevo.com\/online\/secteurs-du-marche\/hopitaux\/?lang=fr","og_locale":"it_IT","og_type":"article","og_title":"H\u00f4pitaux - io bevo\u00ae","og_description":"Les h\u00f4pitaux publics et priv\u00e9s repr\u00e9sentent un secteur important de march\u00e9 pour notre entreprise. Quant \u00e0 la cantine du personnel, les services fournis sont exactement les m\u00eames de ceux qui sont propos\u00e9s dans les cantines d\u2019entreprise, et en particulier le service freebeverage\u00ae. Dans le cadre du repas pour les patients, [&hellip;]","og_url":"https:\/\/www.iobevo.com\/online\/secteurs-du-marche\/hopitaux\/?lang=fr","og_site_name":"io bevo\u00ae","article_modified_time":"2017-07-31T10:02:15+00:00","og_image":[{"width":1512,"height":400,"url":"https:\/\/www.iobevo.com\/online\/wp-content\/uploads\/2014\/01\/slide-2-bg-e1400667726929.png","type":"image\/png"}],"twitter_card":"summary_large_image","twitter_site":"@IoBevo","twitter_misc":{"Tempo di lettura stimato":"1 minuto"},"schema":{"@context":"https:\/\/schema.org","@graph":[{"@type":"WebPage","@id":"https:\/\/www.iobevo.com\/online\/secteurs-du-marche\/hopitaux\/?lang=fr","url":"https:\/\/www.iobevo.com\/online\/secteurs-du-marche\/hopitaux\/?lang=fr","name":"H\u00f4pitaux - io bevo\u00ae","isPartOf":{"@id":"https:\/\/www.iobevo.com\/online\/#website"},"primaryImageOfPage":{"@id":"https:\/\/www.iobevo.com\/online\/secteurs-du-marche\/hopitaux\/?lang=fr#primaryimage"},"image":{"@id":"https:\/\/www.iobevo.com\/online\/secteurs-du-marche\/hopitaux\/?lang=fr#primaryimage"},"thumbnailUrl":"https:\/\/www.iobevo.com\/online\/wp-content\/uploads\/2014\/01\/slide-2-bg-e1400667726929.png","datePublished":"2014-07-07T17:25:09+00:00","dateModified":"2017-07-31T10:02:15+00:00","breadcrumb":{"@id":"https:\/\/www.iobevo.com\/online\/secteurs-du-marche\/hopitaux\/?lang=fr#breadcrumb"},"inLanguage":"it-IT","potentialAction":[{"@type":"ReadAction","target":["https:\/\/www.iobevo.com\/online\/secteurs-du-marche\/hopitaux\/?lang=fr"]}]},{"@type":"ImageObject","inLanguage":"it-IT","@id":"https:\/\/www.iobevo.com\/online\/secteurs-du-marche\/hopitaux\/?lang=fr#primaryimage","url":"https:\/\/www.iobevo.com\/online\/wp-content\/uploads\/2014\/01\/slide-2-bg-e1400667726929.png","contentUrl":"https:\/\/www.iobevo.com\/online\/wp-content\/uploads\/2014\/01\/slide-2-bg-e1400667726929.png","width":1512,"height":400},{"@type":"BreadcrumbList","@id":"https:\/\/www.iobevo.com\/online\/secteurs-du-marche\/hopitaux\/?lang=fr#breadcrumb","itemListElement":[{"@type":"ListItem","position":1,"name":"Secteurs du march\u00e9","item":"https:\/\/www.iobevo.com\/online\/secteurs-du-marche\/?lang=fr"},{"@type":"ListItem","position":2,"name":"H\u00f4pitaux"}]},{"@type":"WebSite","@id":"https:\/\/www.iobevo.com\/online\/#website","url":"https:\/\/www.iobevo.com\/online\/","name":"io bevo\u00ae","description":"Drink Plastic free","publisher":{"@id":"https:\/\/www.iobevo.com\/online\/#organization"},"potentialAction":[{"@type":"SearchAction","target":{"@type":"EntryPoint","urlTemplate":"https:\/\/www.iobevo.com\/online\/?s={search_term_string}"},"query-input":{"@type":"PropertyValueSpecification","valueRequired":true,"valueName":"search_term_string"}}],"inLanguage":"it-IT"},{"@type":"Organization","@id":"https:\/\/www.iobevo.com\/online\/#organization","name":"General Beverage","url":"https:\/\/www.iobevo.com\/online\/","logo":{"@type":"ImageObject","inLanguage":"it-IT","@id":"https:\/\/www.iobevo.com\/online\/#\/schema\/logo\/image\/","url":"https:\/\/www.iobevo.com\/online\/wp-content\/uploads\/2014\/01\/logo_gb_horizontal_grey_160x47.png","contentUrl":"https:\/\/www.iobevo.com\/online\/wp-content\/uploads\/2014\/01\/logo_gb_horizontal_grey_160x47.png","width":160,"height":47,"caption":"General Beverage"},"image":{"@id":"https:\/\/www.iobevo.com\/online\/#\/schema\/logo\/image\/"},"sameAs":["https:\/\/x.com\/IoBevo"]}]}},"_links":{"self":[{"href":"https:\/\/www.iobevo.com\/online\/wp-json\/wp\/v2\/pages\/6256","targetHints":{"allow":["GET"]}}],"collection":[{"href":"https:\/\/www.iobevo.com\/online\/wp-json\/wp\/v2\/pages"}],"about":[{"href":"https:\/\/www.iobevo.com\/online\/wp-json\/wp\/v2\/types\/page"}],"author":[{"embeddable":true,"href":"https:\/\/www.iobevo.com\/online\/wp-json\/wp\/v2\/users\/58"}],"replies":[{"embeddable":true,"href":"https:\/\/www.iobevo.com\/online\/wp-json\/wp\/v2\/comments?post=6256"}],"version-history":[{"count":0,"href":"https:\/\/www.iobevo.com\/online\/wp-json\/wp\/v2\/pages\/6256\/revisions"}],"up":[{"embeddable":true,"href":"https:\/\/www.iobevo.com\/online\/wp-json\/wp\/v2\/pages\/6232"}],"wp:featuredmedia":[{"embeddable":true,"href":"https:\/\/www.iobevo.com\/online\/wp-json\/wp\/v2\/media\/2831"}],"wp:attachment":[{"href":"https:\/\/www.iobevo.com\/online\/wp-json\/wp\/v2\/media?parent=6256"}],"curies":[{"name":"wp","href":"https:\/\/api.w.org\/{rel}","templated":true}]}}