{"id":6288,"date":"2014-07-08T09:07:51","date_gmt":"2014-07-08T09:07:51","guid":{"rendered":"http:\/\/www.iobevo.com\/online\/?page_id=6288"},"modified":"2018-02-19T13:31:49","modified_gmt":"2018-02-19T11:31:49","slug":"mediterrane","status":"publish","type":"page","link":"https:\/\/www.iobevo.com\/online\/distributeurs\/mediterrane\/?lang=fr","title":{"rendered":"Mediterraneo"},"content":{"rendered":"<p><span class=\"responsive\"><img fetchpriority=\"high\" decoding=\"async\" class=\"alignnone size-full wp-image-3260\" src=\"http:\/\/iobevo.com\/online\/wp-content\/uploads\/2014\/04\/mediterraneo.jpg\" alt=\"mediterraneo\" width=\"700\" height=\"195\" srcset=\"https:\/\/www.iobevo.com\/online\/wp-content\/uploads\/2014\/04\/mediterraneo.jpg 700w, https:\/\/www.iobevo.com\/online\/wp-content\/uploads\/2014\/04\/mediterraneo-300x83.jpg 300w\" sizes=\"(max-width: 700px) 100vw, 700px\" \/><\/span><strong>Mediterraneo<\/strong> est un nouveau mod\u00e8le de distributeur que io bevo propose pour la distribution de boissons froides et, en particulier, pour le service <a href=\"https:\/\/www.iobevo.com\/online\/fr\/services\/freebeverage\/\">freebeverage<sup>\u00ae<\/sup><\/a>. Il peut distribuer jusqu&#8217;\u00e0 6 boissons diff\u00e9rents et 3 types d&#8217;eau micro filtr\u00e9es, gazeuses et naturelles.<\/p>\n<p>Il peut \u00eatre plac\u00e9 sur des comptoirs d\u00e9j\u00e0 install\u00e9s dans la structure\/entreprise ou sur un support sp\u00e9cifique dont les dimensions sont indiqu\u00e9es dans la fiche technique. Les bag in box des produits concentr\u00e9s et le syst\u00e8me de purification de l&#8217;eau sont plac\u00e9s dans des compartiments se trouvant \u00e0 proximit\u00e9, ou dans le meuble de support.<br \/>\nEsth\u00e9tiquement il se caract\u00e9rise par une large surface frontale lumineuse affichant des messages sur l&#8217;environnement, ou d&#8217;autres messages personnalis\u00e9s en fonction du format des boissons et du milieu.<\/p>\n<p>Le design int\u00e9rieur du distributeur, les mat\u00e9riaux utilis\u00e9s, les composants pour la r\u00e9frig\u00e9ration, sont con\u00e7us et pr\u00e9dispos\u00e9s de mani\u00e8re \u00e0 r\u00e9duire la consommation d&#8217;\u00e9nergie et l&#8217;impact environnemental global de l&#8217;\u00e9quipement par rapport \u00e0 d&#8217;autres types de distributeurs pr\u00e9sents sur le march\u00e9.<\/p>\n<h3 class=\"title\"><span>Caract\u00e9ristiques techniques<\/span><\/h3>\n<div class=\"one_half\">\n<div class=\"description clearfix style-1\">\n<p style=\"text-align: left;\">Largeur:\u00a0<strong>mm 500<\/strong><\/p>\n<p style=\"text-align: left;\">Profondeur:\u00a0<strong>mm 740<\/strong><\/p>\n<p style=\"text-align: left;\">Hauteur:\u00a0<strong>mm 780<\/strong><\/p>\n<p style=\"text-align: left;\">Dimensions d&#8217;un \u00e9ventuel meuble d&#8217;appui:<br \/>\n<strong>L mm 780 x P mm 830 + 300 x H mm 910<\/strong><\/p>\n<p style=\"text-align: left;\">Syst\u00e8me:\u00a0<strong>PostMix<\/strong><\/p>\n<p style=\"text-align: left;\">Tension-fr\u00e9quence:\u00a0<strong>230 V &#8211; 50 Hz<\/strong><\/p>\n<p style=\"text-align: left;\">Consommation d&#8217;\u00e9lectricit\u00e9:\u00a0<strong>1 KW<\/strong><\/p>\n<p style=\"text-align: left;\">Capacit\u00e9 de refroidissement:\u00a0<strong>500 Kcal\/h<\/strong><\/p>\n<p style=\"text-align: left;\">Temp\u00e9rature de sortie des boissons:\u00a0<strong>da +2 a +6\u00b0C\u00a0<\/strong><\/p>\n<p style=\"text-align: left;\">Compresseur:\u00a0<strong>Hp 1\/3 ASPERA<\/strong><\/p>\n<p style=\"text-align: left;\">Pompe volum\u00e9trique:\u00a0<strong>300 lt\/h<\/strong><\/p>\n<p style=\"text-align: left;\">Nombre de sorties:\u00a0<strong>7 boissonns et 3 eaux<\/strong><\/p>\n<p style=\"text-align: left;\">Compartiment \u00e0 glace:\u00a0<strong>Kg 20<\/strong><\/p>\n<p style=\"text-align: left;\">Mat\u00e9riel structure interne:\u00a0<strong>Acier\u00a0AISI 304<\/strong><\/p>\n<p style=\"text-align: left;\">Mat\u00e9riel panneaux:\u00a0<strong>Acier\u00a0AISI 304\u00a0<\/strong><\/p>\n<p style=\"text-align: left;\">Prise de courant:<br \/>\n<strong>Schuko\u00a0(40 cm du sol, centrale)<\/strong><\/p>\n<p style=\"text-align: left;\">Arriv\u00e9e d&#8217;eau:\u00a0<strong>\u00bd \u201c\u00a0(20 cm du sol, centrale)<\/strong><\/p>\n<p style=\"text-align: left;\"><\/div>\n<h3 class=\"title\"><span>Caract\u00e9ristiques techniques couvre bouteilles CO2<\/span><\/h3>\n<div class=\"description clearfix style-1\">\n<p style=\"text-align: left;\">Mat\u00e9riel:\u00a0<strong>dibond<\/strong><\/p>\n<p style=\"text-align: left;\">Dimensions:<br \/>\n<strong>L mm 330 x P mm 280 x H mm 1500<\/strong><\/p>\n<p style=\"text-align: center;\"><\/div>\n<\/div>\n<div class=\"one_half last\"><img decoding=\"async\" class=\"alignnone wp-image-3747\" src=\"http:\/\/iobevo.com\/online\/wp-content\/uploads\/2014\/04\/1.jpg\" alt=\"1\" width=\"239\" height=\"412\" srcset=\"https:\/\/www.iobevo.com\/online\/wp-content\/uploads\/2014\/04\/1.jpg 395w, https:\/\/www.iobevo.com\/online\/wp-content\/uploads\/2014\/04\/1-174x300.jpg 174w\" sizes=\"(max-width: 239px) 100vw, 239px\" \/><\/p>\n<p style=\"text-align: center;\"><img decoding=\"async\" class=\"alignnone size-full wp-image-3751\" src=\"http:\/\/iobevo.com\/online\/wp-content\/uploads\/2014\/04\/2.jpg\" alt=\"2\" width=\"106\" height=\"305\" srcset=\"https:\/\/www.iobevo.com\/online\/wp-content\/uploads\/2014\/04\/2.jpg 106w, https:\/\/www.iobevo.com\/online\/wp-content\/uploads\/2014\/04\/2-104x300.jpg 104w\" sizes=\"(max-width: 106px) 100vw, 106px\" \/><\/div>\n<div class=\"clear\"><\/div><\/p>\n","protected":false},"excerpt":{"rendered":"<p>Mediterraneo est un nouveau mod\u00e8le de distributeur que io bevo propose pour la distribution de boissons froides et, en particulier, pour le service freebeverage\u00ae. Il peut distribuer jusqu&#8217;\u00e0 6 boissons diff\u00e9rents et 3 types d&#8217;eau micro filtr\u00e9es, gazeuses et naturelles. Il peut \u00eatre plac\u00e9 sur des comptoirs d\u00e9j\u00e0 install\u00e9s dans [&hellip;]<\/p>\n","protected":false},"author":58,"featured_media":2831,"parent":6275,"menu_order":0,"comment_status":"open","ping_status":"closed","template":"","meta":{"footnotes":""},"class_list":["post-6288","page","type-page","status-publish","has-post-thumbnail","hentry"],"yoast_head":"<!-- This site is optimized with the Yoast SEO plugin v27.5 - https:\/\/yoast.com\/product\/yoast-seo-wordpress\/ -->\n<title>Mediterraneo - io bevo\u00ae<\/title>\n<meta name=\"robots\" content=\"index, follow, max-snippet:-1, max-image-preview:large, max-video-preview:-1\" \/>\n<link rel=\"canonical\" href=\"https:\/\/www.iobevo.com\/online\/distributeurs\/mediterrane\/?lang=fr\" \/>\n<meta property=\"og:locale\" content=\"it_IT\" \/>\n<meta property=\"og:type\" content=\"article\" \/>\n<meta property=\"og:title\" content=\"Mediterraneo - io bevo\u00ae\" \/>\n<meta property=\"og:description\" content=\"Mediterraneo est un nouveau mod\u00e8le de distributeur que io bevo propose pour la distribution de boissons froides et, en particulier, pour le service freebeverage\u00ae. Il peut distribuer jusqu&#8217;\u00e0 6 boissons diff\u00e9rents et 3 types d&#8217;eau micro filtr\u00e9es, gazeuses et naturelles. Il peut \u00eatre plac\u00e9 sur des comptoirs d\u00e9j\u00e0 install\u00e9s dans [&hellip;]\" \/>\n<meta property=\"og:url\" content=\"https:\/\/www.iobevo.com\/online\/distributeurs\/mediterrane\/?lang=fr\" \/>\n<meta property=\"og:site_name\" content=\"io bevo\u00ae\" \/>\n<meta property=\"article:modified_time\" content=\"2018-02-19T11:31:49+00:00\" \/>\n<meta property=\"og:image\" content=\"https:\/\/www.iobevo.com\/online\/wp-content\/uploads\/2014\/01\/slide-2-bg-e1400667726929.png\" \/>\n\t<meta property=\"og:image:width\" content=\"1512\" \/>\n\t<meta property=\"og:image:height\" content=\"400\" \/>\n\t<meta property=\"og:image:type\" content=\"image\/png\" \/>\n<meta name=\"twitter:card\" content=\"summary_large_image\" \/>\n<meta name=\"twitter:site\" content=\"@IoBevo\" \/>\n<meta name=\"twitter:label1\" content=\"Tempo di lettura stimato\" \/>\n\t<meta name=\"twitter:data1\" content=\"2 minuti\" \/>\n<script type=\"application\/ld+json\" class=\"yoast-schema-graph\">{\"@context\":\"https:\\\/\\\/schema.org\",\"@graph\":[{\"@type\":\"WebPage\",\"@id\":\"https:\\\/\\\/www.iobevo.com\\\/online\\\/distributeurs\\\/mediterrane\\\/?lang=fr\",\"url\":\"https:\\\/\\\/www.iobevo.com\\\/online\\\/distributeurs\\\/mediterrane\\\/?lang=fr\",\"name\":\"Mediterraneo - io bevo\u00ae\",\"isPartOf\":{\"@id\":\"https:\\\/\\\/www.iobevo.com\\\/online\\\/#website\"},\"primaryImageOfPage\":{\"@id\":\"https:\\\/\\\/www.iobevo.com\\\/online\\\/distributeurs\\\/mediterrane\\\/?lang=fr#primaryimage\"},\"image\":{\"@id\":\"https:\\\/\\\/www.iobevo.com\\\/online\\\/distributeurs\\\/mediterrane\\\/?lang=fr#primaryimage\"},\"thumbnailUrl\":\"https:\\\/\\\/www.iobevo.com\\\/online\\\/wp-content\\\/uploads\\\/2014\\\/01\\\/slide-2-bg-e1400667726929.png\",\"datePublished\":\"2014-07-08T09:07:51+00:00\",\"dateModified\":\"2018-02-19T11:31:49+00:00\",\"breadcrumb\":{\"@id\":\"https:\\\/\\\/www.iobevo.com\\\/online\\\/distributeurs\\\/mediterrane\\\/?lang=fr#breadcrumb\"},\"inLanguage\":\"it-IT\",\"potentialAction\":[{\"@type\":\"ReadAction\",\"target\":[\"https:\\\/\\\/www.iobevo.com\\\/online\\\/distributeurs\\\/mediterrane\\\/?lang=fr\"]}]},{\"@type\":\"ImageObject\",\"inLanguage\":\"it-IT\",\"@id\":\"https:\\\/\\\/www.iobevo.com\\\/online\\\/distributeurs\\\/mediterrane\\\/?lang=fr#primaryimage\",\"url\":\"https:\\\/\\\/www.iobevo.com\\\/online\\\/wp-content\\\/uploads\\\/2014\\\/01\\\/slide-2-bg-e1400667726929.png\",\"contentUrl\":\"https:\\\/\\\/www.iobevo.com\\\/online\\\/wp-content\\\/uploads\\\/2014\\\/01\\\/slide-2-bg-e1400667726929.png\",\"width\":1512,\"height\":400},{\"@type\":\"BreadcrumbList\",\"@id\":\"https:\\\/\\\/www.iobevo.com\\\/online\\\/distributeurs\\\/mediterrane\\\/?lang=fr#breadcrumb\",\"itemListElement\":[{\"@type\":\"ListItem\",\"position\":1,\"name\":\"Equipement\",\"item\":\"https:\\\/\\\/www.iobevo.com\\\/online\\\/distributeurs\\\/?lang=fr\"},{\"@type\":\"ListItem\",\"position\":2,\"name\":\"Mediterraneo\"}]},{\"@type\":\"WebSite\",\"@id\":\"https:\\\/\\\/www.iobevo.com\\\/online\\\/#website\",\"url\":\"https:\\\/\\\/www.iobevo.com\\\/online\\\/\",\"name\":\"io bevo\u00ae\",\"description\":\"Drink Plastic free\",\"publisher\":{\"@id\":\"https:\\\/\\\/www.iobevo.com\\\/online\\\/#organization\"},\"potentialAction\":[{\"@type\":\"SearchAction\",\"target\":{\"@type\":\"EntryPoint\",\"urlTemplate\":\"https:\\\/\\\/www.iobevo.com\\\/online\\\/?s={search_term_string}\"},\"query-input\":{\"@type\":\"PropertyValueSpecification\",\"valueRequired\":true,\"valueName\":\"search_term_string\"}}],\"inLanguage\":\"it-IT\"},{\"@type\":\"Organization\",\"@id\":\"https:\\\/\\\/www.iobevo.com\\\/online\\\/#organization\",\"name\":\"General Beverage\",\"url\":\"https:\\\/\\\/www.iobevo.com\\\/online\\\/\",\"logo\":{\"@type\":\"ImageObject\",\"inLanguage\":\"it-IT\",\"@id\":\"https:\\\/\\\/www.iobevo.com\\\/online\\\/#\\\/schema\\\/logo\\\/image\\\/\",\"url\":\"https:\\\/\\\/www.iobevo.com\\\/online\\\/wp-content\\\/uploads\\\/2014\\\/01\\\/logo_gb_horizontal_grey_160x47.png\",\"contentUrl\":\"https:\\\/\\\/www.iobevo.com\\\/online\\\/wp-content\\\/uploads\\\/2014\\\/01\\\/logo_gb_horizontal_grey_160x47.png\",\"width\":160,\"height\":47,\"caption\":\"General Beverage\"},\"image\":{\"@id\":\"https:\\\/\\\/www.iobevo.com\\\/online\\\/#\\\/schema\\\/logo\\\/image\\\/\"},\"sameAs\":[\"https:\\\/\\\/x.com\\\/IoBevo\"]}]}<\/script>\n<!-- \/ Yoast SEO plugin. -->","yoast_head_json":{"title":"Mediterraneo - io bevo\u00ae","robots":{"index":"index","follow":"follow","max-snippet":"max-snippet:-1","max-image-preview":"max-image-preview:large","max-video-preview":"max-video-preview:-1"},"canonical":"https:\/\/www.iobevo.com\/online\/distributeurs\/mediterrane\/?lang=fr","og_locale":"it_IT","og_type":"article","og_title":"Mediterraneo - io bevo\u00ae","og_description":"Mediterraneo est un nouveau mod\u00e8le de distributeur que io bevo propose pour la distribution de boissons froides et, en particulier, pour le service freebeverage\u00ae. Il peut distribuer jusqu&#8217;\u00e0 6 boissons diff\u00e9rents et 3 types d&#8217;eau micro filtr\u00e9es, gazeuses et naturelles. Il peut \u00eatre plac\u00e9 sur des comptoirs d\u00e9j\u00e0 install\u00e9s dans [&hellip;]","og_url":"https:\/\/www.iobevo.com\/online\/distributeurs\/mediterrane\/?lang=fr","og_site_name":"io bevo\u00ae","article_modified_time":"2018-02-19T11:31:49+00:00","og_image":[{"width":1512,"height":400,"url":"https:\/\/www.iobevo.com\/online\/wp-content\/uploads\/2014\/01\/slide-2-bg-e1400667726929.png","type":"image\/png"}],"twitter_card":"summary_large_image","twitter_site":"@IoBevo","twitter_misc":{"Tempo di lettura stimato":"2 minuti"},"schema":{"@context":"https:\/\/schema.org","@graph":[{"@type":"WebPage","@id":"https:\/\/www.iobevo.com\/online\/distributeurs\/mediterrane\/?lang=fr","url":"https:\/\/www.iobevo.com\/online\/distributeurs\/mediterrane\/?lang=fr","name":"Mediterraneo - io bevo\u00ae","isPartOf":{"@id":"https:\/\/www.iobevo.com\/online\/#website"},"primaryImageOfPage":{"@id":"https:\/\/www.iobevo.com\/online\/distributeurs\/mediterrane\/?lang=fr#primaryimage"},"image":{"@id":"https:\/\/www.iobevo.com\/online\/distributeurs\/mediterrane\/?lang=fr#primaryimage"},"thumbnailUrl":"https:\/\/www.iobevo.com\/online\/wp-content\/uploads\/2014\/01\/slide-2-bg-e1400667726929.png","datePublished":"2014-07-08T09:07:51+00:00","dateModified":"2018-02-19T11:31:49+00:00","breadcrumb":{"@id":"https:\/\/www.iobevo.com\/online\/distributeurs\/mediterrane\/?lang=fr#breadcrumb"},"inLanguage":"it-IT","potentialAction":[{"@type":"ReadAction","target":["https:\/\/www.iobevo.com\/online\/distributeurs\/mediterrane\/?lang=fr"]}]},{"@type":"ImageObject","inLanguage":"it-IT","@id":"https:\/\/www.iobevo.com\/online\/distributeurs\/mediterrane\/?lang=fr#primaryimage","url":"https:\/\/www.iobevo.com\/online\/wp-content\/uploads\/2014\/01\/slide-2-bg-e1400667726929.png","contentUrl":"https:\/\/www.iobevo.com\/online\/wp-content\/uploads\/2014\/01\/slide-2-bg-e1400667726929.png","width":1512,"height":400},{"@type":"BreadcrumbList","@id":"https:\/\/www.iobevo.com\/online\/distributeurs\/mediterrane\/?lang=fr#breadcrumb","itemListElement":[{"@type":"ListItem","position":1,"name":"Equipement","item":"https:\/\/www.iobevo.com\/online\/distributeurs\/?lang=fr"},{"@type":"ListItem","position":2,"name":"Mediterraneo"}]},{"@type":"WebSite","@id":"https:\/\/www.iobevo.com\/online\/#website","url":"https:\/\/www.iobevo.com\/online\/","name":"io bevo\u00ae","description":"Drink Plastic free","publisher":{"@id":"https:\/\/www.iobevo.com\/online\/#organization"},"potentialAction":[{"@type":"SearchAction","target":{"@type":"EntryPoint","urlTemplate":"https:\/\/www.iobevo.com\/online\/?s={search_term_string}"},"query-input":{"@type":"PropertyValueSpecification","valueRequired":true,"valueName":"search_term_string"}}],"inLanguage":"it-IT"},{"@type":"Organization","@id":"https:\/\/www.iobevo.com\/online\/#organization","name":"General Beverage","url":"https:\/\/www.iobevo.com\/online\/","logo":{"@type":"ImageObject","inLanguage":"it-IT","@id":"https:\/\/www.iobevo.com\/online\/#\/schema\/logo\/image\/","url":"https:\/\/www.iobevo.com\/online\/wp-content\/uploads\/2014\/01\/logo_gb_horizontal_grey_160x47.png","contentUrl":"https:\/\/www.iobevo.com\/online\/wp-content\/uploads\/2014\/01\/logo_gb_horizontal_grey_160x47.png","width":160,"height":47,"caption":"General Beverage"},"image":{"@id":"https:\/\/www.iobevo.com\/online\/#\/schema\/logo\/image\/"},"sameAs":["https:\/\/x.com\/IoBevo"]}]}},"_links":{"self":[{"href":"https:\/\/www.iobevo.com\/online\/wp-json\/wp\/v2\/pages\/6288","targetHints":{"allow":["GET"]}}],"collection":[{"href":"https:\/\/www.iobevo.com\/online\/wp-json\/wp\/v2\/pages"}],"about":[{"href":"https:\/\/www.iobevo.com\/online\/wp-json\/wp\/v2\/types\/page"}],"author":[{"embeddable":true,"href":"https:\/\/www.iobevo.com\/online\/wp-json\/wp\/v2\/users\/58"}],"replies":[{"embeddable":true,"href":"https:\/\/www.iobevo.com\/online\/wp-json\/wp\/v2\/comments?post=6288"}],"version-history":[{"count":0,"href":"https:\/\/www.iobevo.com\/online\/wp-json\/wp\/v2\/pages\/6288\/revisions"}],"up":[{"embeddable":true,"href":"https:\/\/www.iobevo.com\/online\/wp-json\/wp\/v2\/pages\/6275"}],"wp:featuredmedia":[{"embeddable":true,"href":"https:\/\/www.iobevo.com\/online\/wp-json\/wp\/v2\/media\/2831"}],"wp:attachment":[{"href":"https:\/\/www.iobevo.com\/online\/wp-json\/wp\/v2\/media?parent=6288"}],"curies":[{"name":"wp","href":"https:\/\/api.w.org\/{rel}","templated":true}]}}